{"id":923,"date":"2025-11-01T18:16:56","date_gmt":"2025-11-01T18:16:56","guid":{"rendered":"https:\/\/omewa.online\/?post_type=product&#038;p=923"},"modified":"2026-03-19T14:01:21","modified_gmt":"2026-03-19T14:01:21","slug":"serum-multi-aha-complex-30ml-ngua-mun-giam-sung-hoa-tai-tao-da","status":"publish","type":"product","link":"https:\/\/omewa.online\/index.php\/product\/serum-multi-aha-complex-30ml-ngua-mun-giam-sung-hoa-tai-tao-da\/","title":{"rendered":"Serum Multi AHA Complex 30ml (ng\u1eeba m\u1ee5n, gi\u1ea3m s\u1eebng h\u00f3a, t\u00e1i t\u1ea1o da)"},"content":{"rendered":"<div class=\"border-b border-secondary-light3 lg:border-0\" data-v-3a2e2332=\"\">\n<div data-v-36134904=\"\">\n<div id=\"96\" class=\"flex flex-col w-full h-full bg-opacity-25 lg:flex-row bg-secondary-light3\" data-v-475c5dca=\"\" data-v-3a2e2332=\"\">\n<div id=\"DepthDetail\" class=\"flex flex-col w-full px-2 py-3 lg:py-12 lg:w-1\/2 additional-information\" data-v-475c5dca=\"\">\n<div class=\"flex flex-col text-lg font-normal lg:text-3xl lg:leading-10 font-vollkorn text-primary-dark\" data-v-475c5dca=\"\">\n<div class=\"overflow-hidden overflow-ellipsis line-clamp-5 line-clamp-none\">\n<div class=\"contentinfotable2\">\n<p><strong>AHA<\/strong>\u00a0l\u00e0 Acid Alpha-Hydroxy &#8211; m\u1ed9t nh\u00f3m Acid c\u00f3 ngu\u1ed3n g\u1ed1c t\u1eeb tr\u00e1i c\u00e2y, th\u1ef1c v\u1eadt ho\u1eb7c \u0111\u01b0\u1eddng s\u1eefa. \u0110\u00e2y l\u00e0 m\u1ed9t d\u1ea1ng Acid g\u1ed1c n\u01b0\u1edbc c\u00f3 kh\u1ea3 n\u0103ng tan \u0111\u01b0\u1ee3c d\u1ec5 d\u00e0ng trong n\u01b0\u1edbc.<br \/>\n<img decoding=\"async\" src=\"https:\/\/file.hstatic.net\/200000834019\/file\/ce4db49f7f59998d50f92de9ebc714f6_f6ee633e4d7f4109a760d0f9913c49cf.jpg\" \/>AHA \u0111\u01b0\u1ee3c \u0111i\u1ec1u ch\u1ebf trong m\u1ef9 ph\u1ea9m ch\u1ee7 y\u1ebfu c\u00f3 ngu\u1ed3n g\u1ed1c t\u1eeb c\u00e1c lo\u1ea1i kh\u00e1c nhau nh\u01b0 Acid Glycolic (t\u1eeb \u0111\u01b0\u1eddng m\u00eda), Acid Citric (t\u1eeb tr\u00e1i c\u00e2y h\u1ecd cam, qu\u00fdt), Acid Madelic (t\u1eeb H\u1ea1nh Nh\u00e2n \u0111\u1eafng) hay Acid Lactic (t\u1eeb Lactose ho\u1eb7c c\u00e1c Carbohydrate kh\u00e1c), &#8230; Trong \u0111\u00f3, n\u1ed5i b\u1eadt v\u00e0 quen thu\u1ed9c nh\u1ea5t \u0111\u00f3 l\u00e0 Glycolic Acid v\u00e0 Lactic.<\/p>\n<p>AHA c\u00f3 kh\u1ea3 n\u0103ng th\u1ea9m th\u1ea5u s\u00e2u v\u00e0o da \u0111\u1ec3 gi\u00fap ph\u00e1 hu\u1ef7 c\u00e1c c\u1ea5u tr\u00fac l\u1edbp s\u1eebng d\u00e0y b\u00ean ngo\u00e0i, t\u1eeb \u0111\u00f3, l\u00e0m bong tr\u00f3c c\u00e1c t\u1ebf b\u00e0o da ch\u1ebft tr\u00ean da, h\u1ed7 tr\u1ee3 l\u00e0m s\u1ea1ch da, h\u1ea1n ch\u1ebf sinh nh\u00e2n m\u1ee5n. Ho\u1ea1t ch\u1ea5t c\u0169ng c\u00f3 kh\u1ea3 n\u0103ng ng\u1eadm n\u01b0\u1edbc r\u1ea5t t\u1ed1t, gi\u00fap gi\u1eef \u1ea9m cho da hi\u1ec7u qu\u1ea3. Ngo\u00e0i ra, AHA c\u00f2n h\u1ed7 tr\u1ee3 k\u00edch th\u00edch qu\u00e1 tr\u00ecnh s\u1ea3n sinh Elastin v\u00e0 Collagen t\u1ef1 nhi\u00ean c\u1ee7a da, t\u1eeb \u0111\u00f3, gi\u00fap l\u00e0m s\u00e1ng da v\u00e0 ch\u1ed1ng l\u00e3o ho\u00e1 hi\u1ec7u qu\u1ea3.<\/p>\n<\/div>\n<\/div>\n<\/div>\n<p><span class=\"seemoredetail2 text-sm font-bold leading-7 underline cursor-pointer lg:text-base see-more font-nunito text-typo-heading\" data-v-475c5dca=\"\">Xem th\u00eam<\/span><\/p>\n<hr class=\"my-2 lg:my-3\" data-v-475c5dca=\"\" \/>\n<div class=\"flex flex-col lg:flex-row lg:0 flexbrhand\" data-v-475c5dca=\"\">\n<div class=\"flex colinfo2cot1 flex-col flex-1 text-sm font-normal lg:text-base text-typo-body font-nunito\" data-v-475c5dca=\"\">\n<p>C\u00f4ng d\u1ee5ng<\/p>\n<p>&nbsp;<\/p>\n<p>\u2713 L\u00e0m da s\u00e1ng m\u1ecbn v\u00e0 t\u01b0\u01a1i t\u1eafn nh\u1edd l\u1edbp t\u1ebf b\u00e0o ch\u1ebft, l\u1edbp s\u1eebng tr\u00ean da \u0111\u01b0\u1ee3c l\u00e0m s\u1ea1ch t\u1ed1i \u01b0u.<\/p>\n<p>\u2713 L\u00e0m m\u1edd \u0111i nh\u1eefng n\u1ebfp nh\u0103n li ti b\u1eb1ng c\u00e1ch k\u00edch th\u00edch da t\u0103ng sinh collagen, h\u1ed7 tr\u1ee3 l\u00e0m \u0111\u1ed3ng \u0111\u1ec1u m\u00e0u da nh\u1edd kh\u1ea3 n\u0103ng gia t\u0103ng qu\u00e1 tr\u00ecnh thay m\u1edbi da \u0111\u1ecbnh k\u1ef3 (turn over).<\/p>\n<p>\u2713 Gi\u00fap c\u1ed5 nang l\u00f4ng th\u00f4ng tho\u00e1ng nh\u1edd \u0111\u00f3 ng\u0103n ng\u1eeba ho\u1ea1t \u0111\u00f4ng t\u1ee5 b\u00e3 nh\u1eddn v\u00e0 ng\u1eeba m\u1ee5n \u1ea9n hi\u1ec7u qu\u1ea3.<\/p>\n<\/div>\n<div class=\"flex colinfo2cot2 flex-col flex-1 text-sm font-normal lg:text-base text-typo-body font-nunito mt-2 lg:mt-0 lg:ml-3\" data-v-475c5dca=\"\">\n<p>D\u00e0nh cho<\/p>\n<p>&nbsp;<\/p>\n<p>\u2713 Ph\u00f9 h\u1ee3p v\u1edbi nhi\u1ec1u lo\u1ea1i da, \u0111\u1eb7c bi\u1ec7t l\u00e0 da d\u00e0y s\u1eebng, c\u00f3 v\u1ebft nh\u0103n &#8230;<\/p>\n<\/div>\n<\/div>\n<\/div>\n<\/div>\n<\/div>\n<\/div>\n<div id=\"product-components\" class=\"border-b border-secondary-light3 lg:border-0\" data-v-3a2e2332=\"\">\n<div data-v-36134904=\"\">\n<div id=\"96\" class=\"relative flex flex-col w-full lg:flex-row-reverse bg-primary-light\" data-v-23023fea=\"\" data-v-3a2e2332=\"\">\n<div class=\"w-full lg:w-1\/2 max-h-7221 imagecomponant\" data-v-23023fea=\"\"><img decoding=\"async\" class=\"object-cover w-full h-full transition-all duration-500 lazyLoad isLoaded\" src=\"https:\/\/file.hstatic.net\/200000834019\/file\/capture_one_catalog5538_39abe912995b4593b2a5a9c851ed24d2.jpeg\" data-v-23023fea=\"\" \/><\/div>\n<div class=\"flex flex-col w-full px-2 pt-3 pb-8 lg:relative lg:w-1\/2 product-components lg:pt-5 lg:pb-3 2xl:pt-14 2xl:pb-9 overflow-y-auto\" data-v-23023fea=\"\">\n<div class=\"product-components__details\" data-v-23023fea=\"\">\n<div class=\"descriptionthanhphan\">\n<div class=\"renderdata\">\n<p>B\u1ed5 sung d\u01b0\u1ee1ng ch\u1ea5t, t\u1ea9y t\u1ebf b\u00e0o da ch\u1ebft v\u00e0 l\u00e0m g\u1ecdn c\u1ea5u tr\u00fac da<\/p>\n<p>&nbsp;<\/p>\n<p><strong>Galactomyces Ferment Filtrate<\/strong><em><br \/>\n<\/em><\/p>\n<p>\u2022 Galactomyces l\u00e0 m\u1ed9t l\u1ecda men t\u1ef1 nhi\u00ean c\u00f3 th\u1ec3 gi\u00fap lo\u1ea1i b\u1ecf t\u1ebf b\u00e0o da ch\u1ebft tr\u00ean b\u1ec1 m\u1eb7t da, l\u00e0m cho l\u00e0n da tr\u1edf n\u00ean m\u1ec1m m\u1ea1i v\u00e0 s\u00e1ng h\u01a1n.<\/p>\n<p>\u2022 Ch\u1ee9a nhi\u1ec1u Protein, Peptide, Axit Amin, Enzyme v\u00e0 vitamin B1 v\u00e0 B2 gi\u00fap cung c\u1ea5p d\u01b0\u1ee1ng ch\u1ea5t quan tr\u1ecdng cho l\u00e0n da, ch\u1ed1ng l\u00e3o h\u00f3a v\u00e0 l\u00e0m s\u00e1ng da.<\/p>\n<p>\u2022 C\u00e1c huy\u1ec5n h\u00f3a \u0111\u01b0\u1ee3c t\u1ea1o ra t\u1eeb qu\u00e1 tr\u00ecnh l\u00ean men ch\u1ea5t c\u00f3 th\u1ec3 gi\u00fap c\u1ea3i thi\u1ec7n c\u1ea5u tr\u00fac da, l\u00e0m gi\u1ea3m k\u00edch th\u01b0\u1edbc l\u1ed7 ch\u00e2n l\u00f4ng v\u00e0 l\u00e0m m\u1edd n\u1ebfp nh\u0103n.<\/p>\n<p>&nbsp;<\/p>\n<p>T\u1ea9y t\u1ebf b\u00e0o ch\u1ebft da, l\u00e0m s\u1ea1ch s\u00e2u, th\u00f4ng tho\u00e1ng l\u1ed7 ch\u00e2n l\u00f4ng, c\u1ea3i thi\u1ec7n \u0111\u1ed9 \u0111\u00e0n h\u1ed3i<\/p>\n<p>&nbsp;<\/p>\n<p><strong>Lactic Acid, Mandelic Acid, Glycolic Acid<\/strong><\/p>\n<p>\u2022 \u0110\u1ec1u c\u00f3 kh\u1ea3 n\u0103ng t\u1ea9y t\u1ebf b\u00e0o ch\u1ebft tr\u00ean b\u1ec1 m\u1eb7t da. Vi\u1ec7c n\u00e0y gi\u00fap lo\u1ea1i b\u1ecf t\u1ebf b\u00e0o da gi\u00e0 c\u1ed7i, th\u00f4ng tho\u00e1ng l\u1ed7 ch\u00e2n l\u00f4ng v\u00e0 t\u0103ng c\u01b0\u1eddng qu\u00e1 tr\u00ecnh t\u00e1i t\u1ea1o t\u1ebf b\u00e0o m\u1edbi.<\/p>\n<p>\u2022 K\u00edch th\u00edch s\u1ea3n xu\u1ea5t Collagen, gi\u00fap c\u1ea3i thi\u1ec7n \u0111\u1ed9 \u0111\u00e0n h\u1ed3i c\u1ee7a da v\u00e0 gi\u1ea3m t\u00ecnh tr\u1ea1ng n\u1ebfp nh\u0103n.<\/p>\n<p>\u2022 Glycolic Acid, c\u00f3 t\u00ednh ch\u1ea5t ch\u1ed1ng oxy h\u00f3a, gi\u00fap b\u1ea3o v\u1ec7 da kh\u1ecfi t\u00e1c \u0111\u1ed9ng c\u1ee7a t\u00e1c nh\u00e2n m\u00f4i tr\u01b0\u1eddng v\u00e0 ng\u0103n ch\u1eb7n qu\u00e1 tr\u00ecnh l\u00e3o h\u00f3a.<\/p>\n<p>&nbsp;<\/p>\n<p>D\u01b0\u1ee1ng \u1ea9m v\u00e0 ch\u1ed1ng oxy h\u00f3a t\u1ef1 nhi\u00ean<\/p>\n<p>&nbsp;<\/p>\n<p><strong>Chi\u1ebft xu\u1ea5t hoa C\u00fac, chi\u1ebft xu\u1ea5t c\u00e2y Tr\u00e0, chi\u1ebft xu\u1ea5t hoa H\u1ed3ng<\/strong><\/p>\n<p>\u2022 C\u1ea3 ba ho\u1ea1t ch\u1ea5t \u0111\u1ec1u ch\u1ee9a c\u00e1c h\u1ee3p ch\u1ea5t ch\u1ed1ng oxi h\u00f3a nh\u01b0 Flavonoid, Polyphenol v\u00e0 c\u00e1c ch\u1ea5t kh\u00e1c, gi\u00fap b\u1ea3o v\u1ec7 da kh\u1ecfi t\u00e1c \u0111\u1ed9ng c\u1ee7a g\u1ed1c t\u1ef1 do v\u00e0 t\u00e1c nh\u00e2n \u00f4 nhi\u1ec5m m\u00f4i tr\u01b0\u1eddng.<\/p>\n<p>\u2022 \u0110\u1ec1u c\u00f3 kh\u1ea3 n\u0103ng d\u01b0\u1ee1ng \u1ea9m, gi\u00fap cung c\u1ea5p \u0111\u1ed9 \u1ea9m cho da v\u00e0 l\u00e0m d\u1ecbu l\u00e0n da k\u00edch \u1ee9ng.<\/p>\n<p>&nbsp;<\/p>\n<p>Serum s\u1eed d\u1ee5ng h\u1ec7 b\u1ea3o qu\u1ea3n t\u1ef1 nhi\u00ean<\/p>\n<p>&nbsp;<\/p>\n<p>\u2022 Phenethyl Alcohol \u2013 Chi\u1ebft xu\u1ea5t t\u1eeb Hoa h\u1ed3ng v\u00e0 Hoa C\u1ea9m Ch\u01b0\u1edbng.<\/p>\n<p>\u2022 Caprylhydroxamic Acid \u2013 Chi\u1ebft xu\u1ea5t t\u1eeb d\u1eeba.<\/p>\n<p>Hai h\u1ee3p ch\u1ea5t v\u1edbi ngu\u1ed3n g\u1ed1c t\u1eeb thi\u00ean nhi\u00ean c\u00f3 kh\u1ea3 n\u0103ng \u1ee9c ch\u1ebf s\u1ef1 ph\u00e1t tri\u1ec3n c\u1ee7a vi khu\u1ea9n v\u00e0 vi sinh v\u1eadt kh\u00e1c gi\u00fap b\u1ea3o qu\u1ea3n s\u1ea3n ph\u1ea9m hi\u1ec7u qu\u1ea3 m\u00e0 kh\u00f4ng g\u00e2y k\u00edch \u1ee9ng da, kh\u00f4ng \u1ea3nh h\u01b0\u1edfng \u0111\u1ebfn s\u1ee9c kh\u1ecfe c\u1ee7a ng\u01b0\u1eddi s\u1eed d\u1ee5ng.<\/p>\n<\/div>\n<\/div>\n<p><span class=\"items-center xemthanhphanchitiet n mt-1 text-sm font-bold cursor-pointer lg:flex\" data-v-23023fea=\"\">Xem th\u00e0nh ph\u1ea7n chi ti\u1ebft<\/span><\/p>\n<\/div>\n<\/div>\n<\/div>\n<\/div>\n<\/div>\n<div class=\"border-b border-secondary-light3 lg:border-0\" data-v-3a2e2332=\"\">\n<div class=\"hrvproduct-tabs\"><\/div>\n<div class=\"inforange\">\n<div data-v-36134904=\"\">\n<div id=\"113\" class=\"flex hasvideox flex-col w-full bg-opacity-25 lg:flex-row bg-secondary-light3\" data-v-6a3742cd=\"\" data-v-3a2e2332=\"\">\n<div class=\"w-full lg:w-1\/2 max-h-72\" data-v-6a3742cd=\"\"><img decoding=\"async\" src=\"https:\/\/file.hstatic.net\/200000834019\/file\/aha_2b7cda1b59d0485392ee9474247ec62e.png\" \/><\/div>\n<div class=\"flex flex-col w-full px-2 py-3 usage lg:w-1\/2 lg:py-5 2xl:py-12 lg:overflow-y-auto lg:max-h-72\" data-v-6a3742cd=\"\">\n<p>&nbsp;<\/p>\n<table border=\"1\">\n<tbody>\n<tr>\n<td>&nbsp;<\/p>\n<p>&nbsp;<\/p>\n<p>Ti\u00eau ch\u00ed &#8220;13 kh\u00f4ng&#8221; xuy\u00ean su\u1ed1t trong h\u1ec7 s\u1ea3n ph\u1ea9m<\/p>\n<p>&nbsp;<\/p>\n<p><strong>KH\u00d4NG CH\u1ee8A<\/strong><\/p>\n<p>\u2022 D\u1ea7u kho\u00e1ng H\u01b0\u01a1ng li\u1ec7u t\u1ed1ng h\u1ee3p Ch\u1ea5t t\u1ea1o m\u00e0u ho\u00e1 h\u1ecdc.<\/p>\n<p>\u2022 Nguy\u00ean li\u1ec7u c\u00f3 ngu\u1ed3n g\u1ed1c t\u1eeb \u0111\u1ed9ng v\u1eadt.<\/p>\n<p>\u2022 Ch\u1ea5t l\u00e0m s\u1ea1ch g\u1ed1c Sulfates: SLS, SLES.<\/p>\n<p>\u2022 MEA\/DEA\/TEA<\/p>\n<p>\u2022 Phthalates<\/p>\n<p>\u2022 Ch\u1ea5t b\u1ea3o qu\u1ea3n t\u1ed5ng h\u1ee3p (Paraben, Phenoxyethanol\u2026)<\/p>\n<p>\u2022 Kh\u00f4ng ch\u1ee9a c\u1ed3n.<\/p>\n<p>\u2022 Silicone<\/p>\n<p>\u2022 S\u1eed d\u1ee5ng c\u00e1c ch\u1ea5t t\u1ea1o \u0111\u1eb7c\/nh\u0169 ho\u00e1 t\u1ed5ng h\u1ee3p (Carbomer, Polymer, Glyceryl Stearate, Cetearyl Alcohol).<\/p>\n<p>\u2022 EDTA<\/td>\n<\/tr>\n<\/tbody>\n<\/table>\n<p>&nbsp;<\/p>\n<\/div>\n<\/div>\n<\/div>\n<\/div>\n<div class=\"inforange\">\n<div data-v-36134904=\"\">\n<div id=\"113\" class=\"flex hasvideox revever flex-col w-full bg-opacity-25 lg:flex-row bg-secondary-light3\" data-v-6a3742cd=\"\" data-v-3a2e2332=\"\">\n<div class=\"w-full lg:w-1\/2 max-h-72\" data-v-6a3742cd=\"\"><img decoding=\"async\" src=\"https:\/\/file.hstatic.net\/200000834019\/file\/hdsd_aha_d3386a0c66c04db8979b330f29323746.jpg\" \/><\/div>\n<div class=\"flex flex-col w-full px-2 py-3 usage lg:w-1\/2 lg:py-5 2xl:py-12 lg:overflow-y-auto lg:max-h-72\" data-v-6a3742cd=\"\">\n<p>&nbsp;<\/p>\n<table border=\"1\">\n<tbody>\n<tr>\n<td>H\u01b0\u1edbng d\u1eabn s\u1eed d\u1ee5ng<\/p>\n<p>&nbsp;<\/p>\n<p>\u00bb Sau khi s\u1eed d\u1ee5ng Toner, s\u1eed d\u1ee5ng m\u1ed9t l\u01b0\u1ee3ng nh\u1ecf v\u1eeba \u0111\u1ee7 cho to\u00e0n b\u1ed9 khu\u00f4n m\u1eb7t c\u1ee7a b\u1ea1n, c\u00f3 th\u1ec3 d\u00f9ng tay ho\u1eb7c b\u00f4ng lau. S\u1eed d\u1ee5ng qu\u00e1 m\u1ee9c kh\u00f4ng \u0111\u01b0\u1ee3c khuy\u1ebfn kh\u00edch.<\/p>\n<p>\u00bb T\u1ea7n su\u1ea5t s\u1eed d\u1ee5ng: th\u00edch h\u1ee3p s\u1eed d\u1ee5ng h\u00e0ng ng\u00e0y, t\u00f9y theo m\u1ee9c \u0111\u1ed9 c\u1ea7n thi\u1ebft. V\u1edbi l\u00e0n da nh\u1ea1y c\u1ea3m, c\u00f3 th\u1ec3 test tr\u00ean v\u00f9ng da nh\u1ecf \u0111\u1ec3 ki\u1ec3m tra t\u00ednh k\u00edch \u1ee9ng.<\/p>\n<p>\u00bb V\u00e0o ban ng\u00e0y, h\u00e3y \u0111\u1ea3m b\u1ea3o s\u1eed d\u1ee5ng Suncreen \/ b\u1ea3o v\u1ec7 da sau khi thoa s\u1ea3n ph\u1ea9m n\u00e0y.<\/p>\n<p>\u00bb Kh\u00f4ng s\u1eed d\u1ee5ng c\u00f9ng l\u00fac s\u1ea3n ph\u1ea9m n\u00e0y c\u00f9ng v\u1edbi c\u00e1c s\u1ea3n ph\u1ea9m t\u1ea9y t\u1ebf b\u00e0o ch\u1ebft ho\u1eb7c ch\u0103m s\u00f3c da kh\u00e1c c\u00f3 ch\u1ee9a th\u00e0nh ph\u1ea7n AHA, BHA v\u00e0 Vitamin C.<\/p>\n<p>&nbsp;<\/p>\n<hr \/>\n<p>&nbsp;<\/p>\n<p>Ch\u00fa \u00fd s\u1eed d\u1ee5ng<\/p>\n<p>\u2a2f Kh\u00f4ng b\u00f4i v\u00e0o v\u1ebft th\u01b0\u01a1ng h\u1edf, kh\u00f4ng s\u1eed d\u1ee5ng khi d\u1ecb \u1ee9ng\/ k\u00edch \u1ee9ng v\u1edbi c\u00e1c th\u00e0nh ph\u1ea7n c\u1ee7a s\u1ea3n ph\u1ea9m.<\/p>\n<p>&nbsp;<\/p>\n<hr \/>\n<p>&nbsp;<\/p>\n<p>H\u1ea1n s\u1eed d\u1ee5ng<\/p>\n<p>\u00bb 18 th\u00e1ng k\u1ec3 t\u1eeb ng\u00e0y s\u1ea3n xu\u1ea5t.<\/p>\n<p>\u00bb 08 th\u00e1ng k\u1ec3 t\u1eeb khi m\u1edf n\u1eafp.<\/td>\n<\/tr>\n<\/tbody>\n<\/table>\n<\/div>\n<\/div>\n<\/div>\n<\/div>\n<\/div>\n","protected":false},"excerpt":{"rendered":"<div class=\"desc0 text-sm lg:text-base mt-8px lg:mt-1.5 product-description text-typo-heading\">\n<p>S\u1ea3n ph\u1ea9m v\u1edbi s\u1ef1 k\u1ebft h\u1ee3p c\u1ee7a ba ho\u1ea1t ch\u1ea5t thu\u1ed9c nh\u00f3m AHA l\u00e0 Lactic Acid, Mandelic Acid, Glycolic Acid mang l\u1ea1i hi\u1ec7u qu\u1ea3 t\u1ed1i \u0111a trong vi\u1ec7c l\u00e0m s\u1ea1ch da ch\u1ebft gi\u00fap da m\u1ec1m m\u1ecbn v\u00e0 t\u01b0\u01a1i t\u1eafn, h\u1ea1n ch\u1ebf t\u00ecnh tr\u1ea1ng da d\u00e0y s\u1eebng, b\u00edt t\u1eafc. S\u1ea3n ph\u1ea9m c\u00f2n \u0111\u01b0\u1ee3c b\u1ed5 sung c\u00e1c ho\u1ea1t ch\u1ea5t c\u00f3 kh\u1ea3 n\u0103ng nu\u00f4i d\u01b0\u1ee1ng v\u00e0 b\u1ea3o v\u1ec7 da t\u1ed1t nh\u01b0 chi\u1ebft xu\u1ea5t M\u1eadt Ong l\u00ean men, chi\u1ebft xu\u1ea5t hoa C\u00fac, hoa H\u1ed3ng v\u00e0 c\u00e2y Tr\u00e0. T\u1eeb \u0111\u00f3 mang l\u1ea1i hi\u1ec7u qu\u1ea3 thanh l\u1ecdc b\u00ean ngo\u00e0i v\u00e0 nu\u00f4i d\u01b0\u1ee1ng b\u00ean trong gi\u00fap duy tr\u00ec tr\u1ea1ng th\u00e1i da t\u01b0\u01a1i m\u1edbi, s\u00e1ng kh\u1ecfe.<\/p>\n<p>&nbsp;<\/p>\n<\/div>\n<div class=\"desc2 flex flex-col\" data-v-95dfa95a=\"\">\n<div class=\"contentinfo3\">\n<p>&nbsp;<\/p>\n<p>&nbsp;<\/p>\n<hr \/>\n<p>&nbsp;<\/p>\n<p>\u0110\u1eb7c \u0111i\u1ec3m s\u1ea3n ph\u1ea9m<br \/>\n\u2713 An to\u00e0n cho l\u00e0n da nh\u1ea1y c\u1ea3m hay d\u1ec5 b\u1ecb k\u00edch \u1ee9ng.<br \/>\n\u2713 K\u1ebft c\u1ea5u l\u1ecfng nh\u1eb9 v\u1edbi c\u00f4ng th\u1ee9c nh\u1eb9 nh\u00e0ng, d\u1ec5 ch\u1ecbu v\u00e0 tho\u1ea3i m\u00e1i khi d\u00f9ng.<\/p>\n<\/div>\n<\/div>\n","protected":false},"featured_media":417,"comment_status":"open","ping_status":"closed","template":"","meta":{"site-sidebar-layout":"default","site-content-layout":"","ast-site-content-layout":"default","site-content-style":"default","site-sidebar-style":"default","ast-global-header-display":"","ast-banner-title-visibility":"","ast-main-header-display":"","ast-hfb-above-header-display":"","ast-hfb-below-header-display":"","ast-hfb-mobile-header-display":"","site-post-title":"","ast-breadcrumbs-content":"","ast-featured-img":"","footer-sml-layout":"","theme-transparent-header-meta":"default","adv-header-id-meta":"","stick-header-meta":"","header-above-stick-meta":"","header-main-stick-meta":"","header-below-stick-meta":"","astra-migrate-meta-layouts":"set","ast-page-background-enabled":"default","ast-page-background-meta":{"desktop":{"background-color":"var(--ast-global-color-5)","background-image":"","background-repeat":"repeat","background-position":"center center","background-size":"auto","background-attachment":"scroll","background-type":"","background-media":"","overlay-type":"","overlay-color":"","overlay-opacity":"","overlay-gradient":""},"tablet":{"background-color":"","background-image":"","background-repeat":"repeat","background-position":"center center","background-size":"auto","background-attachment":"scroll","background-type":"","background-media":"","overlay-type":"","overlay-color":"","overlay-opacity":"","overlay-gradient":""},"mobile":{"background-color":"","background-image":"","background-repeat":"repeat","background-position":"center center","background-size":"auto","background-attachment":"scroll","background-type":"","background-media":"","overlay-type":"","overlay-color":"","overlay-opacity":"","overlay-gradient":""}},"ast-content-background-meta":{"desktop":{"background-color":"var(--ast-global-color-4)","background-image":"","background-repeat":"repeat","background-position":"center center","background-size":"auto","background-attachment":"scroll","background-type":"","background-media":"","overlay-type":"","overlay-color":"","overlay-opacity":"","overlay-gradient":""},"tablet":{"background-color":"var(--ast-global-color-4)","background-image":"","background-repeat":"repeat","background-position":"center center","background-size":"auto","background-attachment":"scroll","background-type":"","background-media":"","overlay-type":"","overlay-color":"","overlay-opacity":"","overlay-gradient":""},"mobile":{"background-color":"var(--ast-global-color-4)","background-image":"","background-repeat":"repeat","background-position":"center center","background-size":"auto","background-attachment":"scroll","background-type":"","background-media":"","overlay-type":"","overlay-color":"","overlay-opacity":"","overlay-gradient":""}}},"product_brand":[23],"product_cat":[18,298,17,291,25,329,21,321],"product_tag":[],"class_list":{"0":"post-923","1":"product","2":"type-product","3":"status-publish","4":"has-post-thumbnail","6":"product_brand-skinsolve","7":"product_cat-cham-soc-da-mat","8":"product_cat-cham-soc-da-mat-sac-dep","9":"product_cat-my-pham","10":"product_cat-sac-dep","11":"product_cat-san-pham-tri-mun","12":"product_cat-san-pham-tri-mun-cham-soc-da-mat-sac-dep","13":"product_cat-skinsolve","14":"product_cat-tinh-chat-duong","15":"desktop-align-left","16":"tablet-align-left","17":"mobile-align-left","19":"first","20":"instock","21":"taxable","22":"shipping-taxable","23":"purchasable","24":"product-type-simple"},"_links":{"self":[{"href":"https:\/\/omewa.online\/index.php\/wp-json\/wp\/v2\/product\/923","targetHints":{"allow":["GET"]}}],"collection":[{"href":"https:\/\/omewa.online\/index.php\/wp-json\/wp\/v2\/product"}],"about":[{"href":"https:\/\/omewa.online\/index.php\/wp-json\/wp\/v2\/types\/product"}],"replies":[{"embeddable":true,"href":"https:\/\/omewa.online\/index.php\/wp-json\/wp\/v2\/comments?post=923"}],"wp:featuredmedia":[{"embeddable":true,"href":"https:\/\/omewa.online\/index.php\/wp-json\/wp\/v2\/media\/417"}],"wp:attachment":[{"href":"https:\/\/omewa.online\/index.php\/wp-json\/wp\/v2\/media?parent=923"}],"wp:term":[{"taxonomy":"product_brand","embeddable":true,"href":"https:\/\/omewa.online\/index.php\/wp-json\/wp\/v2\/product_brand?post=923"},{"taxonomy":"product_cat","embeddable":true,"href":"https:\/\/omewa.online\/index.php\/wp-json\/wp\/v2\/product_cat?post=923"},{"taxonomy":"product_tag","embeddable":true,"href":"https:\/\/omewa.online\/index.php\/wp-json\/wp\/v2\/product_tag?post=923"}],"curies":[{"name":"wp","href":"https:\/\/api.w.org\/{rel}","templated":true}]}}