{"id":922,"date":"2025-11-01T18:16:56","date_gmt":"2025-11-01T18:16:56","guid":{"rendered":"https:\/\/omewa.online\/?post_type=product&#038;p=922"},"modified":"2025-12-12T16:34:07","modified_gmt":"2025-12-12T16:34:07","slug":"thuc-pham-bao-ve-suc-khoe-multivit-daglig","status":"publish","type":"product","link":"https:\/\/omewa.online\/index.php\/product\/thuc-pham-bao-ve-suc-khoe-multivit-daglig\/","title":{"rendered":"Th\u1ef1c ph\u1ea9m b\u1ea3o v\u1ec7 s\u1ee9c kh\u1ecfe MULTIVIT DAGLIG"},"content":{"rendered":"<p><strong>Th\u1ef1c ph\u1ea9m b\u1ea3o v\u1ec7 s\u1ee9c kh\u1ecfe MULTIVIT DAGLIG l\u00e0 g\u00ec?\u00a0<\/strong><\/p>\n<p><em>1. Th\u00f4ng tin chung\u00a0<\/em><\/p>\n<ul>\n<li>Multivit Daglig \u0111\u01b0\u1ee3c s\u1ea3n xu\u1ea5t theo ti\u00eau chu\u1ea9n Ch\u00e2u \u00c2u v\u1edbi ch\u1ee9ng nh\u1eadn FDA Hoa K\u1ef3. S\u1ea3n ph\u1ea9m gi\u00fap c\u00e2n b\u1eb1ng ch\u1ea5t dinh d\u01b0\u1ee1ng c\u0169ng nh\u01b0 th\u00fac \u0111\u1ea9y qu\u00e1 tr\u00ecnh trao \u0111\u1ed5i ch\u1ea5t, mang \u0111\u1ebfn cho b\u1ea1n m\u1ed9t c\u01a1 th\u1ec3 kh\u1ecfe m\u1ea1nh. S\u1ea3n ph\u1ea9m \u0111\u01b0\u1ee3c chi\u1ebft xu\u1ea5t t\u1eeb rau c\u1ee7 qu\u1ea3 B\u1eafc \u00c2u, \u0111\u1ea1t ti\u00eau chu\u1ea9n organic, l\u00e0 gi\u1ea3i ph\u00e1p ho\u00e0n h\u1ea3o cho c\u1ea3 gia \u0111\u00ecnh mu\u1ed1n b\u1ed5 sung th\u00eam ch\u1ea5t dinh d\u01b0\u1ee1ng ngo\u00e0i kh\u1ea9u ph\u1ea7n \u0103n h\u1eb1ng ng\u00e0y. V\u1edbi quy tr\u00ecnh s\u1ea3n xu\u1ea5t nghi\u00eam ng\u1eb7t, \u0111\u1ed9i ng\u0169 chuy\u00ean gia h\u01a1n 30 n\u0103m kinh nghi\u1ec7m, gi\u1edd \u0111\u00e2y b\u1ea1n v\u00e0 gia \u0111\u00ecnh c\u00f3 th\u1ec3 an t\u00e2m s\u1eed d\u1ee5ng s\u1ea3n ph\u1ea9m vi\u00ean u\u1ed1ng Multivit Daglig.<\/li>\n<\/ul>\n<p><em>2. Xu\u1ea5t x\u1ee9 v\u00e0 s\u1ea3n xu\u1ea5t t\u1ea1i Pharmatech AS, Vallehellene 4, 1664 Rolvs\u00f8y, Na Uy.<\/em><\/p>\n<p><em>3. C\u00f4ng d\u1ee5ng ch\u00ednh<\/em><\/p>\n<ul>\n<li>Th\u1ef1c ph\u1ea9m ch\u1ee9c n\u0103ng b\u1ed5 sung 12 lo\u1ea1i vitamin v\u00e0 7 lo\u1ea1i kho\u00e1ng ch\u1ea5t.<\/li>\n<\/ul>\n<p><em>5. Th\u00e0nh ph\u1ea7n<\/em><\/p>\n<ul>\n<li>Vitamin C (L-ascorbic acid) 60mg<\/li>\n<li>Vitamin E (Dl-alpha-tocopherol) 12mg<\/li>\n<li>Vitamin B3 (nicotinamide) 9mg<\/li>\n<li>Vitamin B5 (D-pantothenate-canxi) 4,8 mg<\/li>\n<li>Vitamin B6 (Pyridoxine hydrochloride) 1,1 mg<\/li>\n<li>Vitamin B2 (Riboflavin) 1,4 mg<\/li>\n<li>Vitamin B1 (Thiamine hydrochloride) 1,1mg<\/li>\n<li>Vitamin K1 (Phylloquinone) 60 mcg<\/li>\n<li>Vitamin D3 (Cholecalciferol) 4mcg<\/li>\n<li>Vitamin B12 (Cyanocobalamin) 2mcg<\/li>\n<li>Vitamin B9 (Axit folic) 160 mcg<\/li>\n<li>Vitamin B7 (Biotin) 40 mcg<\/li>\n<li>K\u1ebdm (K\u1ebdm xitrat) 8 mg<\/li>\n<li>Mangan (Mangan sulfat) 1,6 mg<\/li>\n<li>\u0110\u1ed3ng (D\u1ed3ng sulfat) 1mg<\/li>\n<li>I \u1ed1t (Kali io\u0111ua) 120 mcg<\/li>\n<li>Selen (Natri selenit) 40 mcg<\/li>\n<li>Molybden (Natri molybdat) 35 mcg<\/li>\n<li>Crom (Crom clorid) 30 mcg<\/li>\n<li>Ph\u1ee5 li\u1ec7u: Maltodestrin, Ch\u1ea5t l\u00e0m \u0111\u1eb7c (cenllulose, mu\u1ed1i magnesium v\u00e0 axit b\u00e9o), Ch\u1ea5t ch\u1ed1ng v\u00f3n (silicon dioxide), Ch\u1ea5t bao ph\u1ee7 (hydroxypropylmethylcenolose).<\/li>\n<\/ul>\n<p><em>6. C\u00e1ch s\u1eed d\u1ee5ng<\/em><\/p>\n<ul>\n<li>\u0110\u1ed1i t\u01b0\u1ee3ng s\u1eed d\u1ee5ng: Ng\u01b0\u1eddi l\u1edbn c\u1ea7n b\u1ed5 sung vitamin v\u00e0 kho\u00e1ng ch\u1ea5t.<\/li>\n<li>M\u1ed7i ng\u00e0y 1 vi\u00ean<\/li>\n<\/ul>\n<p><em>7. L\u01b0u \u00fd<\/em><\/p>\n<ul>\n<li>Th\u1ef1c ph\u1ea9m n\u00e0y kh\u00f4ng ph\u1ea3i l\u00e0 thu\u1ed1c v\u00e0 kh\u00f4ng c\u00f3 t\u00e1c d\u1ee5ng thay th\u1ebf thu\u1ed1c ch\u1eefa b\u1ec7nh.<\/li>\n<li>Kh\u00f4ng s\u1eed d\u1ee5ng cho ng\u01b0\u1eddi m\u1eabn c\u1ea3m v\u1edbi b\u1ea5t c\u1ee9 th\u00e0nh ph\u1ea7n n\u00e0o c\u1ee7a s\u1ea3n ph\u1ea9m.<\/li>\n<li>Ph\u1ee5 n\u1eef c\u00f3 thai tham kh\u1ea3o \u00fd ki\u1ebfn chuy\u00ean gia y t\u1ebf tr\u01b0\u1edbc khi d\u00f9ng.<\/li>\n<li>Kh\u00f4ng s\u1eed d\u1ee5ng qu\u00e1 li\u1ec1u khuy\u1ebfn ngh\u1ecb.<\/li>\n<li>Kh\u00f4ng s\u1eed d\u1ee5ng s\u1ea3n ph\u1ea9m thay th\u1ebf b\u1eefa \u0103n \u0111a d\u1ea1ng v\u00e0 c\u00e2n b\u1eb1ng.<\/li>\n<li>B\u1ea3o qu\u1ea3n: B\u1ea3o qu\u1ea3n n\u01a1i kh\u00f4, m\u00e1t, tr\u00e1nh \u00e1nh n\u1eafng tr\u1ef1c ti\u1ebfp. \u0110\u1ec3 xa t\u1ea7m tay tr\u1ebb em.<\/li>\n<\/ul>\n","protected":false},"excerpt":{"rendered":"<div class=\"ant-descriptions-header\">\n<div class=\"ant-descriptions-title\"><span class=\"font-bold !text-[#016241]\">Th\u00f4ng tin chung<\/span><\/div>\n<\/div>\n<div class=\"ant-descriptions-view\">\n<table>\n<tbody>\n<tr class=\"ant-descriptions-row\">\n<td class=\"ant-descriptions-item\" colspan=\"3\">\n<div class=\"ant-descriptions-item-container\"><span class=\"ant-descriptions-item-label\">Xu\u1ea5t x\u1ee9: <\/span><span class=\"ant-descriptions-item-content\">Pharmatech AS, Vallehellene 4, 1664 Rolvs\u00f8y, Na Uy.<\/span><\/div>\n<\/td>\n<\/tr>\n<tr class=\"ant-descriptions-row\">\n<td class=\"ant-descriptions-item\" colspan=\"3\">\n<div class=\"ant-descriptions-item-container\">\n<div class=\"items-center flex h-[100%]\">Quy c\u00e1ch: <span style=\"font-family: inherit; font-size: inherit;\">180 vi\u00ean \/ l\u1ecd nh\u1ef1a<\/span><\/div>\n<\/div>\n<\/td>\n<\/tr>\n<tr class=\"ant-descriptions-row\">\n<td class=\"ant-descriptions-item\" colspan=\"3\">\n<div class=\"ant-descriptions-item-container\"><span class=\"ant-descriptions-item-label\">C\u00f4ng d\u1ee5ng ch\u00ednh: <\/span><span style=\"font-family: inherit; font-size: inherit;\">Th\u1ef1c ph\u1ea9m ch\u1ee9c n\u0103ng b\u1ed5 sung 12 lo\u1ea1i vitamin v\u00e0 7 lo\u1ea1i kho\u00e1ng ch\u1ea5t.<\/span><\/div>\n<\/td>\n<\/tr>\n<tr class=\"ant-descriptions-row\">\n<td class=\"ant-descriptions-item\" colspan=\"3\">\n<div class=\"ant-descriptions-item-container\"><span class=\"ant-descriptions-item-label\">\u0110\u1ed1i t\u01b0\u1ee3ng s\u1eed d\u1ee5ng: <\/span><span class=\"ant-descriptions-item-content\">Ng\u01b0\u1eddi l\u1edbn c\u1ea7n b\u1ed5 sung vitamin v\u00e0 kho\u00e1ng ch\u1ea5t.<\/span><\/div>\n<\/td>\n<\/tr>\n<\/tbody>\n<\/table>\n<\/div>\n","protected":false},"featured_media":1028,"comment_status":"open","ping_status":"closed","template":"","meta":{"site-sidebar-layout":"default","site-content-layout":"","ast-site-content-layout":"default","site-content-style":"default","site-sidebar-style":"default","ast-global-header-display":"","ast-banner-title-visibility":"","ast-main-header-display":"","ast-hfb-above-header-display":"","ast-hfb-below-header-display":"","ast-hfb-mobile-header-display":"","site-post-title":"","ast-breadcrumbs-content":"","ast-featured-img":"","footer-sml-layout":"","theme-transparent-header-meta":"","adv-header-id-meta":"","stick-header-meta":"","header-above-stick-meta":"","header-main-stick-meta":"","header-below-stick-meta":"","astra-migrate-meta-layouts":"default","ast-page-background-enabled":"default","ast-page-background-meta":{"desktop":{"background-color":"var(--ast-global-color-5)","background-image":"","background-repeat":"repeat","background-position":"center center","background-size":"auto","background-attachment":"scroll","background-type":"","background-media":"","overlay-type":"","overlay-color":"","overlay-opacity":"","overlay-gradient":""},"tablet":{"background-color":"","background-image":"","background-repeat":"repeat","background-position":"center center","background-size":"auto","background-attachment":"scroll","background-type":"","background-media":"","overlay-type":"","overlay-color":"","overlay-opacity":"","overlay-gradient":""},"mobile":{"background-color":"","background-image":"","background-repeat":"repeat","background-position":"center center","background-size":"auto","background-attachment":"scroll","background-type":"","background-media":"","overlay-type":"","overlay-color":"","overlay-opacity":"","overlay-gradient":""}},"ast-content-background-meta":{"desktop":{"background-color":"var(--ast-global-color-4)","background-image":"","background-repeat":"repeat","background-position":"center center","background-size":"auto","background-attachment":"scroll","background-type":"","background-media":"","overlay-type":"","overlay-color":"","overlay-opacity":"","overlay-gradient":""},"tablet":{"background-color":"var(--ast-global-color-4)","background-image":"","background-repeat":"repeat","background-position":"center center","background-size":"auto","background-attachment":"scroll","background-type":"","background-media":"","overlay-type":"","overlay-color":"","overlay-opacity":"","overlay-gradient":""},"mobile":{"background-color":"var(--ast-global-color-4)","background-image":"","background-repeat":"repeat","background-position":"center center","background-size":"auto","background-attachment":"scroll","background-type":"","background-media":"","overlay-type":"","overlay-color":"","overlay-opacity":"","overlay-gradient":""}}},"product_brand":[],"product_cat":[111,910,1839],"product_tag":[],"class_list":{"0":"post-922","1":"product","2":"type-product","3":"status-publish","4":"has-post-thumbnail","6":"product_cat-pharmatech","7":"product_cat-vitamin-thuc-pham-bo-sung","8":"product_cat-vitamin-khoang-chat","9":"desktop-align-left","10":"tablet-align-left","11":"mobile-align-left","13":"first","14":"instock","15":"taxable","16":"shipping-taxable","17":"purchasable","18":"product-type-simple"},"_links":{"self":[{"href":"https:\/\/omewa.online\/index.php\/wp-json\/wp\/v2\/product\/922","targetHints":{"allow":["GET"]}}],"collection":[{"href":"https:\/\/omewa.online\/index.php\/wp-json\/wp\/v2\/product"}],"about":[{"href":"https:\/\/omewa.online\/index.php\/wp-json\/wp\/v2\/types\/product"}],"replies":[{"embeddable":true,"href":"https:\/\/omewa.online\/index.php\/wp-json\/wp\/v2\/comments?post=922"}],"wp:featuredmedia":[{"embeddable":true,"href":"https:\/\/omewa.online\/index.php\/wp-json\/wp\/v2\/media\/1028"}],"wp:attachment":[{"href":"https:\/\/omewa.online\/index.php\/wp-json\/wp\/v2\/media?parent=922"}],"wp:term":[{"taxonomy":"product_brand","embeddable":true,"href":"https:\/\/omewa.online\/index.php\/wp-json\/wp\/v2\/product_brand?post=922"},{"taxonomy":"product_cat","embeddable":true,"href":"https:\/\/omewa.online\/index.php\/wp-json\/wp\/v2\/product_cat?post=922"},{"taxonomy":"product_tag","embeddable":true,"href":"https:\/\/omewa.online\/index.php\/wp-json\/wp\/v2\/product_tag?post=922"}],"curies":[{"name":"wp","href":"https:\/\/api.w.org\/{rel}","templated":true}]}}