{"id":921,"date":"2025-11-01T18:16:56","date_gmt":"2025-11-01T18:16:56","guid":{"rendered":"https:\/\/omewa.online\/?post_type=product&#038;p=921"},"modified":"2025-12-12T16:35:13","modified_gmt":"2025-12-12T16:35:13","slug":"thuc-pham-bao-ve-suc-khoe-ester-c","status":"publish","type":"product","link":"https:\/\/omewa.online\/index.php\/product\/thuc-pham-bao-ve-suc-khoe-ester-c\/","title":{"rendered":"Th\u1ef1c ph\u1ea9m b\u1ea3o v\u1ec7 s\u1ee9c kh\u1ecfe ESTER-C"},"content":{"rendered":"<p><strong>Th\u1ef1c ph\u1ea9m b\u1ea3o v\u1ec7 s\u1ee9c kh\u1ecfe ESTER-C l\u00e0 g\u00ec?\u00a0<\/strong><\/p>\n<p><em>1. Th\u00f4ng tin chung\u00a0<\/em><\/p>\n<ul>\n<li>Ester-C cung c\u1ea5p \u0111\u1ea7y \u0111\u1ee7 h\u00e0m l\u01b0\u1ee3ng vitamin C, canxi gi\u00fap t\u0103ng c\u01b0\u1eddng s\u1ee9c \u0111\u1ec1 kh\u00e1ng cho c\u01a1 th\u1ec3, t\u0103ng c\u01b0\u1eddng h\u1ec7 mi\u1ec5n d\u1ecbch, k\u00edch th\u00edch h\u1ea5p th\u1ee5 ch\u1ea5t s\u1eaft, c\u00f4ng d\u1ee5ng \u0111\u1eb7c bi\u1ec7t t\u1ed1t cho c\u00e1c v\u1ea5n \u0111\u1ec1 li\u00ean quan h\u00f4 h\u1ea5p v\u00e0 l\u00e0m s\u00e1ng da. Kh\u00f4ng c\u00f3 t\u00ednh axit n\u00ean kh\u00f4ng g\u00e2y k\u00edch th\u00edch d\u1ea1 d\u00e0y, an to\u00e0n v\u1edbi nh\u1eefng ng\u01b0\u1eddi s\u1ee3 vi\u00eam lo\u00e9t d\u1ea1 d\u00e0y n\u1ebfu d\u00f9ng v\u1edbi li\u1ec1u cao.<\/li>\n<\/ul>\n<p><em>2. Xu\u1ea5t x\u1ee9 v\u00e0 s\u1ea3n xu\u1ea5t t\u1ea1i Pharmatech AS, Vallehellene 4, 1664 Rolvs\u00f8y, Na Uy.<\/em><\/p>\n<p><em>3. C\u00f4ng d\u1ee5ng ch\u00ednh<\/em><\/p>\n<ul>\n<li>Th\u1ef1c ph\u1ea9m ch\u1ee9c n\u0103ng h\u1ed7 tr\u1ee3 h\u1ea1n ch\u1ebf qu\u00e1 tr\u00ecnh oxy h\u00f3a, t\u0103ng c\u01b0\u1eddng s\u1ee9c \u0111\u1ec1 kh\u00e1ng<\/li>\n<\/ul>\n<p><em>4. Quy c\u00e1ch: 108 vi\u00ean\/ l\u1ecd<\/em><\/p>\n<p><em>5. Th\u00e0nh ph\u1ea7n:<\/em><\/p>\n<ul>\n<li>\u00a0Ester-C 500mg<\/li>\n<li>Vitamin C (canxi-L-ascorbate) 400 mg.<\/li>\n<li>Th\u00e0nh ph\u1ea7n kh\u00e1c: V\u1ecf nang (cellulose), ch\u1ea5t l\u00e0m d\u00e0y (mu\u1ed1i magie c\u1ee7a axit b\u00e9o), ch\u1ea5t ch\u1ed1ng \u0111\u00f4ng v\u00f3n (canxi photphat, silicon dioxide).<\/li>\n<\/ul>\n<p>6. C\u00e1ch s\u1eed d\u1ee5ng:<\/p>\n<ul>\n<li>\u0110\u1ed1i t\u01b0\u1ee3ng s\u1eed d\u1ee5ng: Ng\u01b0\u1eddi tr\u01b0\u1edfng th\u00e0nh c\u00f3 s\u1ee9c \u0111\u1ec1 kh\u00e1ng k\u00e9m.<\/li>\n<li>M\u1ed7i ng\u00e0y 1 vi\u00ean<\/li>\n<\/ul>\n<p><em>7. L\u01b0u \u00fd<\/em><\/p>\n<ul>\n<li>Th\u1ef1c ph\u1ea9m n\u00e0y kh\u00f4ng ph\u1ea3i l\u00e0 thu\u1ed1c v\u00e0 kh\u00f4ng c\u00f3 t\u00e1c d\u1ee5ng thay th\u1ebf thu\u1ed1c ch\u1eefa b\u1ec7nh.<\/li>\n<li>Kh\u00f4ng s\u1eed d\u1ee5ng cho ng\u01b0\u1eddi m\u1eabn c\u1ea3m v\u1edbi b\u1ea5t c\u1ee9 th\u00e0nh ph\u1ea7n n\u00e0o c\u1ee7a s\u1ea3n ph\u1ea9m.<\/li>\n<li>Ph\u1ee5 n\u1eef c\u00f3 thai tham kh\u1ea3o \u00fd ki\u1ebfn chuy\u00ean gia y t\u1ebf tr\u01b0\u1edbc khi d\u00f9ng.<\/li>\n<li>Kh\u00f4ng s\u1eed d\u1ee5ng qu\u00e1 li\u1ec1u khuy\u1ebfn ngh\u1ecb.<\/li>\n<li>Kh\u00f4ng s\u1eed d\u1ee5ng s\u1ea3n ph\u1ea9m thay th\u1ebf b\u1eefa \u0103n \u0111a d\u1ea1ng v\u00e0 c\u00e2n b\u1eb1ng.<\/li>\n<li>B\u1ea3o qu\u1ea3n: B\u1ea3o qu\u1ea3n n\u01a1i kh\u00f4, m\u00e1t, tr\u00e1nh \u00e1nh n\u1eafng tr\u1ef1c ti\u1ebfp. \u0110\u1ec3 xa t\u1ea7m tay tr\u1ebb em.<\/li>\n<\/ul>\n","protected":false},"excerpt":{"rendered":"<div class=\"ant-descriptions-header\">\n<div class=\"ant-descriptions-title\"><span class=\"font-bold !text-[#016241]\">Th\u00f4ng tin chung<\/span><\/div>\n<\/div>\n<div class=\"ant-descriptions-view\">\n<table>\n<tbody>\n<tr class=\"ant-descriptions-row\">\n<td class=\"ant-descriptions-item\" colspan=\"3\">\n<div class=\"ant-descriptions-item-container\"><span class=\"ant-descriptions-item-label\">Xu\u1ea5t x\u1ee9 : <\/span><span class=\"ant-descriptions-item-content\">Pharmatech AS, Vallehellene 4, 1664 Rolvs\u00f8y, Na Uy.<\/span><\/div>\n<\/td>\n<\/tr>\n<tr class=\"ant-descriptions-row\">\n<td class=\"ant-descriptions-item\" colspan=\"3\">\n<div class=\"ant-descriptions-item-container\">\n<div class=\"items-center flex h-[100%]\">Quy c\u00e1ch: <span style=\"font-family: inherit; font-size: inherit;\">108 vi\u00ean\/l\u1ecd<\/span><\/div>\n<\/div>\n<\/td>\n<\/tr>\n<tr class=\"ant-descriptions-row\">\n<td class=\"ant-descriptions-item\" colspan=\"3\">\n<div class=\"ant-descriptions-item-container\"><span class=\"ant-descriptions-item-label\">C\u00f4ng d\u1ee5ng ch\u00ednh: <\/span><span style=\"font-family: inherit; font-size: inherit;\">Th\u1ef1c ph\u1ea9m ch\u1ee9c n\u0103ng h\u1ed7 tr\u1ee3 h\u1ea1n ch\u1ebf qu\u00e1 tr\u00ecnh oxy h\u00f3a, t\u0103ng c\u01b0\u1eddng s\u1ee9c \u0111\u1ec1 kh\u00e1ng<\/span><\/div>\n<\/td>\n<\/tr>\n<tr class=\"ant-descriptions-row\">\n<td class=\"ant-descriptions-item\" colspan=\"3\">\n<div class=\"ant-descriptions-item-container\"><span class=\"ant-descriptions-item-label\">\u0110\u1ed1i t\u01b0\u1ee3ng s\u1eed d\u1ee5ng: <\/span><span class=\"ant-descriptions-item-content\">Ng\u01b0\u1eddi tr\u01b0\u1edfng th\u00e0nh c\u00f3 s\u1ee9c \u0111\u1ec1 kh\u00e1ng k\u00e9m<\/span><\/div>\n<\/td>\n<\/tr>\n<\/tbody>\n<\/table>\n<\/div>\n","protected":false},"featured_media":1027,"comment_status":"open","ping_status":"closed","template":"","meta":{"site-sidebar-layout":"default","site-content-layout":"","ast-site-content-layout":"default","site-content-style":"default","site-sidebar-style":"default","ast-global-header-display":"","ast-banner-title-visibility":"","ast-main-header-display":"","ast-hfb-above-header-display":"","ast-hfb-below-header-display":"","ast-hfb-mobile-header-display":"","site-post-title":"","ast-breadcrumbs-content":"","ast-featured-img":"","footer-sml-layout":"","theme-transparent-header-meta":"default","adv-header-id-meta":"","stick-header-meta":"","header-above-stick-meta":"","header-main-stick-meta":"","header-below-stick-meta":"","astra-migrate-meta-layouts":"set","ast-page-background-enabled":"default","ast-page-background-meta":{"desktop":{"background-color":"var(--ast-global-color-5)","background-image":"","background-repeat":"repeat","background-position":"center center","background-size":"auto","background-attachment":"scroll","background-type":"","background-media":"","overlay-type":"","overlay-color":"","overlay-opacity":"","overlay-gradient":""},"tablet":{"background-color":"","background-image":"","background-repeat":"repeat","background-position":"center center","background-size":"auto","background-attachment":"scroll","background-type":"","background-media":"","overlay-type":"","overlay-color":"","overlay-opacity":"","overlay-gradient":""},"mobile":{"background-color":"","background-image":"","background-repeat":"repeat","background-position":"center center","background-size":"auto","background-attachment":"scroll","background-type":"","background-media":"","overlay-type":"","overlay-color":"","overlay-opacity":"","overlay-gradient":""}},"ast-content-background-meta":{"desktop":{"background-color":"var(--ast-global-color-4)","background-image":"","background-repeat":"repeat","background-position":"center center","background-size":"auto","background-attachment":"scroll","background-type":"","background-media":"","overlay-type":"","overlay-color":"","overlay-opacity":"","overlay-gradient":""},"tablet":{"background-color":"var(--ast-global-color-4)","background-image":"","background-repeat":"repeat","background-position":"center center","background-size":"auto","background-attachment":"scroll","background-type":"","background-media":"","overlay-type":"","overlay-color":"","overlay-opacity":"","overlay-gradient":""},"mobile":{"background-color":"var(--ast-global-color-4)","background-image":"","background-repeat":"repeat","background-position":"center center","background-size":"auto","background-attachment":"scroll","background-type":"","background-media":"","overlay-type":"","overlay-color":"","overlay-opacity":"","overlay-gradient":""}}},"product_brand":[],"product_cat":[111,910,1839],"product_tag":[],"class_list":{"0":"post-921","1":"product","2":"type-product","3":"status-publish","4":"has-post-thumbnail","6":"product_cat-pharmatech","7":"product_cat-vitamin-thuc-pham-bo-sung","8":"product_cat-vitamin-khoang-chat","9":"desktop-align-left","10":"tablet-align-left","11":"mobile-align-left","13":"first","14":"instock","15":"taxable","16":"shipping-taxable","17":"purchasable","18":"product-type-simple"},"_links":{"self":[{"href":"https:\/\/omewa.online\/index.php\/wp-json\/wp\/v2\/product\/921","targetHints":{"allow":["GET"]}}],"collection":[{"href":"https:\/\/omewa.online\/index.php\/wp-json\/wp\/v2\/product"}],"about":[{"href":"https:\/\/omewa.online\/index.php\/wp-json\/wp\/v2\/types\/product"}],"replies":[{"embeddable":true,"href":"https:\/\/omewa.online\/index.php\/wp-json\/wp\/v2\/comments?post=921"}],"wp:featuredmedia":[{"embeddable":true,"href":"https:\/\/omewa.online\/index.php\/wp-json\/wp\/v2\/media\/1027"}],"wp:attachment":[{"href":"https:\/\/omewa.online\/index.php\/wp-json\/wp\/v2\/media?parent=921"}],"wp:term":[{"taxonomy":"product_brand","embeddable":true,"href":"https:\/\/omewa.online\/index.php\/wp-json\/wp\/v2\/product_brand?post=921"},{"taxonomy":"product_cat","embeddable":true,"href":"https:\/\/omewa.online\/index.php\/wp-json\/wp\/v2\/product_cat?post=921"},{"taxonomy":"product_tag","embeddable":true,"href":"https:\/\/omewa.online\/index.php\/wp-json\/wp\/v2\/product_tag?post=921"}],"curies":[{"name":"wp","href":"https:\/\/api.w.org\/{rel}","templated":true}]}}