{"id":919,"date":"2025-11-01T18:16:56","date_gmt":"2025-11-01T18:16:56","guid":{"rendered":"https:\/\/omewa.online\/?post_type=product&#038;p=919"},"modified":"2025-12-12T16:34:07","modified_gmt":"2025-12-12T16:34:07","slug":"thuc-pham-bao-ve-suc-khoe-nordisk-lys-hud-vien-nang-trang-da-ngan-ngua-sam-da","status":"publish","type":"product","link":"https:\/\/omewa.online\/index.php\/product\/thuc-pham-bao-ve-suc-khoe-nordisk-lys-hud-vien-nang-trang-da-ngan-ngua-sam-da\/","title":{"rendered":"Th\u1ef1c ph\u1ea9m b\u1ea3o v\u1ec7 s\u1ee9c kh\u1ecfe NORDISK LYS HUD ( Vi\u00ean nang tr\u1eafng da, ng\u0103n ng\u1eeba s\u1ea1m da)"},"content":{"rendered":"<p><strong>Th\u1ef1c ph\u1ea9m b\u1ea3o v\u1ec7 s\u1ee9c kh\u1ecfe NORSDISK LYS HUD l\u00e0 g\u00ec?\u00a0<\/strong><\/p>\n<p><em>1. Th\u00f4ng tin chung\u00a0<\/em><\/p>\n<ul>\n<li>Th\u1ef1c ph\u1ea9m b\u1ea3o v\u1ec7 s\u1ee9c kho\u1ebb Nordisk Lys Hud &#8211; s\u1ef1 k\u1ebft h\u1ee3p gi\u1eefa ti\u1ec1n ch\u1ea5t \u0111\u01b0\u1ee3c \u0111i\u1ec1u ch\u1ebf \u0111\u1ed9c quy\u1ec1n b\u1edfi Pharmatech v\u00e0 nh\u00f3m ph\u1ee9c h\u1ee3p th\u1ef1c v\u1eadt sinh tr\u01b0\u1edfng t\u1ef1 nhi\u00ean l\u00e0 gi\u1ea3i ph\u00e1p to\u00e0n di\u1ec7n b\u1ea3o v\u1ec7 l\u00e0n da kh\u1ecfe m\u1ea1nh tr\u01b0\u1edbc t\u00e1c \u0111\u1ed9ng c\u1ee7a m\u00f4i tr\u01b0\u1eddng, h\u1ed7 tr\u1ee3 l\u00e0m ch\u1eadm qu\u00e1 tr\u00ecnh l\u00e3o h\u00f3a c\u1ee7a l\u00e0n da, ng\u0103n ng\u1eeba t\u00ecnh tr\u1ea1ng t\u0103ng sinh s\u1eafc t\u1ed1, gi\u1ea3i quy\u1ebft nhanh ch\u00f3ng c\u00e1c v\u1ea5n \u0111\u1ec1 v\u1ec1 l\u00e3o h\u00f3a v\u00e0 s\u1ea1m n\u00e1m tr\u00ean da.<\/li>\n<\/ul>\n<p><em>2.\u00a0Xu\u1ea5t x\u1ee9 v\u00e0 s\u1ea3n xu\u1ea5t t\u1ea1i Pharmatech AS, Vallehellene 4, 1664 Rolvs\u00f8y, Na Uy.<\/em><\/p>\n<p><em>3. C\u00f4ng d\u1ee5ng ch\u00ednh<\/em><\/p>\n<ul>\n<li>Th\u1ef1c ph\u1ea9m ch\u1ee9c n\u0103ng gi\u00fap l\u00e0m \u0111\u1eb9p da, gi\u00fap s\u00e1ng da.<\/li>\n<\/ul>\n<p><em>4. Quy c\u00e1ch: 68 vi\u00ean\/l\u1ecd v\u00e0 15 vi\u00ean\/l\u1ecd<\/em><\/p>\n<p><em>5. Th\u00e0nh ph\u1ea7n<\/em><\/p>\n<ul>\n<li>S-acetyl-glutation 500mg<\/li>\n<li>Chi\u1ebft xu\u1ea5t nam vi\u1ec7t qu\u1ea5t (Vaccinium vitis- idaea) 120mg<\/li>\n<li>Chi\u1ebft xu\u1ea5t t\u1eeb qu\u1ea3 l\u1ef1u (Punica granatum) 100mg<\/li>\n<li>Chi\u1ebft xu\u1ea5t nho (Vitis vinifera) v\u00e0 \u00f4 liu (Olea europea) 100mg<\/li>\n<li>Vitamin C (Axit L-ascorbic) 80 mg<\/li>\n<li>Chi\u1ebft xu\u1ea5t d\u01b0a h\u1ea5u 10mg.<\/li>\n<li>Ph\u1ee5 li\u1ec7u: V\u1ecf nang (cenllulose), ch\u1ea5t ch\u1ed1ng \u0111\u00f4ng v\u00f3n (monokali photphat, canxi photphat), ch\u1ea5t l\u00e0m \u0111\u1eb7c (mu\u1ed1i magi\u00ea c\u1ee7a axit b\u00e9o).<\/li>\n<\/ul>\n<p><em>6. C\u00e1ch s\u1eed d\u1ee5ng<\/em><\/p>\n<ul>\n<li>\u0110\u1ed1i t\u01b0\u1ee3ng s\u1eed d\u1ee5ng: Ph\u1ee5 n\u1eef c\u00f3 nhu c\u1ea7u l\u00e0m \u0111\u1eb9p da<\/li>\n<li>M\u1ed7i ng\u00e0y 2 vi\u00ean<\/li>\n<\/ul>\n<p><em>7. L\u01b0u \u00fd<\/em><\/p>\n<ul>\n<li>Th\u1ef1c ph\u1ea9m n\u00e0y kh\u00f4ng ph\u1ea3i l\u00e0 thu\u1ed1c v\u00e0 kh\u00f4ng c\u00f3 t\u00e1c d\u1ee5ng thay th\u1ebf thu\u1ed1c ch\u1eefa b\u1ec7nh.<\/li>\n<li>Kh\u00f4ng s\u1eed d\u1ee5ng cho ng\u01b0\u1eddi m\u1eabn c\u1ea3m v\u1edbi b\u1ea5t c\u1ee9 th\u00e0nh ph\u1ea7n n\u00e0o c\u1ee7a s\u1ea3n ph\u1ea9m.<\/li>\n<li>Ph\u1ee5 n\u1eef c\u00f3 thai tham kh\u1ea3o \u00fd ki\u1ebfn chuy\u00ean gia y t\u1ebf tr\u01b0\u1edbc khi d\u00f9ng.<\/li>\n<li>Kh\u00f4ng s\u1eed d\u1ee5ng qu\u00e1 li\u1ec1u khuy\u1ebfn ngh\u1ecb.<\/li>\n<li>Kh\u00f4ng s\u1eed d\u1ee5ng s\u1ea3n ph\u1ea9m thay th\u1ebf b\u1eefa \u0103n \u0111a d\u1ea1ng v\u00e0 c\u00e2n b\u1eb1ng.<\/li>\n<li>B\u1ea3o qu\u1ea3n: B\u1ea3o qu\u1ea3n n\u01a1i kh\u00f4, m\u00e1t, tr\u00e1nh \u00e1nh n\u1eafng tr\u1ef1c ti\u1ebfp. \u0110\u1ec3 xa t\u1ea7m tay tr\u1ebb em.<\/li>\n<\/ul>\n","protected":false},"excerpt":{"rendered":"<table>\n<tbody>\n<tr class=\"ant-descriptions-row\">\n<td class=\"ant-descriptions-item\" colspan=\"3\">\n<div class=\"ant-descriptions-item-container\"><span class=\"ant-descriptions-item-label\">Xu\u1ea5t x\u1ee9: <\/span><span class=\"ant-descriptions-item-content\">Pharmatech AS, Vallehellene 4, 1664 Rolvs\u00f8y, Na Uy.<\/span><\/div>\n<\/td>\n<\/tr>\n<tr class=\"ant-descriptions-row\">\n<td class=\"ant-descriptions-item\" colspan=\"3\">\n<div class=\"ant-descriptions-item-container\">\n<div class=\"items-center flex h-[100%]\">Quy c\u00e1ch: <span style=\"font-family: inherit; font-size: inherit;\">68 vi\u00ean\/ l\u1ecd<\/span><\/div>\n<\/div>\n<\/td>\n<\/tr>\n<tr class=\"ant-descriptions-row\">\n<td class=\"ant-descriptions-item\" colspan=\"3\">\n<div class=\"ant-descriptions-item-container\"><span class=\"ant-descriptions-item-label\">C\u00f4ng d\u1ee5ng ch\u00ednh: <\/span><span style=\"font-family: inherit; font-size: inherit;\">D\u01b0\u1ee1ng tr\u1eafng da t\u1eeb s\u00e2u b\u00ean trong ,\u1ee9c ch\u1ebf h\u1eafc t\u1ed1 melanin, ch\u1ed1ng g\u1ed1c t\u1ef1 do, ng\u0103n ng\u1eeba l\u00e3o h\u00f3a, s\u0103n ch\u1eafc da<\/span><\/div>\n<\/td>\n<\/tr>\n<tr class=\"ant-descriptions-row\">\n<td class=\"ant-descriptions-item\" colspan=\"3\">\n<div class=\"ant-descriptions-item-container\"><span class=\"ant-descriptions-item-label\">\u0110\u1ed1i t\u01b0\u1ee3ng s\u1eed d\u1ee5ng: <\/span><span class=\"ant-descriptions-item-content\">Ph\u1ee5 n\u1eef c\u00f3 nhu c\u1ea7u l\u00e0m \u0111\u1eb9p da<\/span><\/div>\n<\/td>\n<\/tr>\n<\/tbody>\n<\/table>\n","protected":false},"featured_media":1025,"comment_status":"open","ping_status":"closed","template":"","meta":{"site-sidebar-layout":"default","site-content-layout":"","ast-site-content-layout":"default","site-content-style":"default","site-sidebar-style":"default","ast-global-header-display":"","ast-banner-title-visibility":"","ast-main-header-display":"","ast-hfb-above-header-display":"","ast-hfb-below-header-display":"","ast-hfb-mobile-header-display":"","site-post-title":"","ast-breadcrumbs-content":"","ast-featured-img":"","footer-sml-layout":"","theme-transparent-header-meta":"","adv-header-id-meta":"","stick-header-meta":"","header-above-stick-meta":"","header-main-stick-meta":"","header-below-stick-meta":"","astra-migrate-meta-layouts":"default","ast-page-background-enabled":"default","ast-page-background-meta":{"desktop":{"background-color":"var(--ast-global-color-5)","background-image":"","background-repeat":"repeat","background-position":"center center","background-size":"auto","background-attachment":"scroll","background-type":"","background-media":"","overlay-type":"","overlay-color":"","overlay-opacity":"","overlay-gradient":""},"tablet":{"background-color":"","background-image":"","background-repeat":"repeat","background-position":"center center","background-size":"auto","background-attachment":"scroll","background-type":"","background-media":"","overlay-type":"","overlay-color":"","overlay-opacity":"","overlay-gradient":""},"mobile":{"background-color":"","background-image":"","background-repeat":"repeat","background-position":"center center","background-size":"auto","background-attachment":"scroll","background-type":"","background-media":"","overlay-type":"","overlay-color":"","overlay-opacity":"","overlay-gradient":""}},"ast-content-background-meta":{"desktop":{"background-color":"var(--ast-global-color-4)","background-image":"","background-repeat":"repeat","background-position":"center center","background-size":"auto","background-attachment":"scroll","background-type":"","background-media":"","overlay-type":"","overlay-color":"","overlay-opacity":"","overlay-gradient":""},"tablet":{"background-color":"var(--ast-global-color-4)","background-image":"","background-repeat":"repeat","background-position":"center center","background-size":"auto","background-attachment":"scroll","background-type":"","background-media":"","overlay-type":"","overlay-color":"","overlay-opacity":"","overlay-gradient":""},"mobile":{"background-color":"var(--ast-global-color-4)","background-image":"","background-repeat":"repeat","background-position":"center center","background-size":"auto","background-attachment":"scroll","background-type":"","background-media":"","overlay-type":"","overlay-color":"","overlay-opacity":"","overlay-gradient":""}}},"product_brand":[],"product_cat":[111,910,1839],"product_tag":[],"class_list":{"0":"post-919","1":"product","2":"type-product","3":"status-publish","4":"has-post-thumbnail","6":"product_cat-pharmatech","7":"product_cat-vitamin-thuc-pham-bo-sung","8":"product_cat-vitamin-khoang-chat","9":"desktop-align-left","10":"tablet-align-left","11":"mobile-align-left","13":"first","14":"instock","15":"taxable","16":"shipping-taxable","17":"purchasable","18":"product-type-simple"},"_links":{"self":[{"href":"https:\/\/omewa.online\/index.php\/wp-json\/wp\/v2\/product\/919","targetHints":{"allow":["GET"]}}],"collection":[{"href":"https:\/\/omewa.online\/index.php\/wp-json\/wp\/v2\/product"}],"about":[{"href":"https:\/\/omewa.online\/index.php\/wp-json\/wp\/v2\/types\/product"}],"replies":[{"embeddable":true,"href":"https:\/\/omewa.online\/index.php\/wp-json\/wp\/v2\/comments?post=919"}],"wp:featuredmedia":[{"embeddable":true,"href":"https:\/\/omewa.online\/index.php\/wp-json\/wp\/v2\/media\/1025"}],"wp:attachment":[{"href":"https:\/\/omewa.online\/index.php\/wp-json\/wp\/v2\/media?parent=919"}],"wp:term":[{"taxonomy":"product_brand","embeddable":true,"href":"https:\/\/omewa.online\/index.php\/wp-json\/wp\/v2\/product_brand?post=919"},{"taxonomy":"product_cat","embeddable":true,"href":"https:\/\/omewa.online\/index.php\/wp-json\/wp\/v2\/product_cat?post=919"},{"taxonomy":"product_tag","embeddable":true,"href":"https:\/\/omewa.online\/index.php\/wp-json\/wp\/v2\/product_tag?post=919"}],"curies":[{"name":"wp","href":"https:\/\/api.w.org\/{rel}","templated":true}]}}