{"id":856,"date":"2025-11-01T18:16:35","date_gmt":"2025-11-01T18:16:35","guid":{"rendered":"https:\/\/omewa.online\/?post_type=product&#038;p=856"},"modified":"2025-12-12T16:35:37","modified_gmt":"2025-12-12T16:35:37","slug":"thuc-pham-bao-ve-suc-khoe-omega3-70-dha","status":"publish","type":"product","link":"https:\/\/omewa.online\/index.php\/product\/thuc-pham-bao-ve-suc-khoe-omega3-70-dha\/","title":{"rendered":"Th\u1ef1c ph\u1ea9m b\u1ea3o v\u1ec7 s\u1ee9c kh\u1ecfe OMEGA3 70% DHA"},"content":{"rendered":"<p><strong>Th\u1ef1c ph\u1ea9m b\u1ea3o v\u1ec7 s\u1ee9c kh\u1ecfe OMEGA3 70% DHA l\u00e0 g\u00ec?\u00a0<\/strong><\/p>\n<p><em>1. Th\u00f4ng tin chung\u00a0<\/em><\/p>\n<ul>\n<li>Th\u1ef1c ph\u1ea9m b\u1ea3o v\u1ec7 s\u1ee9c kho\u1ebb PT Norsk Omega-3 70% DHA v\u1edbi b\u1ea3ng th\u00e0nh ph\u1ea7n to\u00e0n di\u1ec7n l\u00e0 l\u1ef1a ch\u1ecdn h\u00e0ng \u0111\u1ea7u gi\u00fap b\u1ea3o v\u1ec7 h\u1ec7 th\u1ed1ng tim m\u1ea1ch, n\u00e3o b\u1ed9, th\u1ecb l\u1ef1c v\u00e0 x\u01b0\u01a1ng kh\u1edbp. Omega-3 t\u1ea1i Na Uy \u0111\u01b0\u1ee3c chi\u1ebft xu\u1ea5t t\u1eeb c\u00e1c lo\u00e0i c\u00e1 s\u1ed1ng trong n\u01b0\u1edbc bi\u1ec3n l\u1ea1nh t\u1ef1 nhi\u00ean \u0111\u1ea1t chu\u1ea9n Organics c\u1ee7a th\u1ebf gi\u1edbi, \u0111\u1ea3m b\u1ea3o v\u1ec1 ch\u1ea5t l\u01b0\u1ee3ng, \u0111\u1ed9 tinh khi\u1ebft v\u00e0 ngu\u1ed3n g\u1ed1c \u0111\u00e1ng tin c\u1eady khi \u0111\u1ebfn tay ng\u01b0\u1eddi ti\u00eau d\u00f9ng.<\/li>\n<\/ul>\n<p><em>2. Xu\u1ea5t x\u1ee9 v\u00e0 s\u1ea3n xu\u1ea5t t\u1ea1i Pharmatech AS, Vallehellene 4, 1664 Rolvs\u00f8y, Na Uy.<\/em><\/p>\n<p><em>3. C\u00f4ng d\u1ee5ng ch\u00ednh<\/em><\/p>\n<ul>\n<li>Th\u1ef1c ph\u1ea9m ch\u1ee9c n\u0103ng b\u1ed5 sung DHA t\u1ed1t cho tr\u00ed n\u00e3o v\u00e0 th\u1ecb l\u1ef1c.<\/li>\n<\/ul>\n<p><em>4. Quy c\u00e1ch: 68 vi\u00ean\/ l\u1ecd<\/em><\/p>\n<p><em>5. Th\u00e0nh ph\u1ea7n:<\/em><\/p>\n<ul>\n<li>D\u1ea7u c\u00e1 c\u00f4 \u0111\u1eb7c (triglycerides) 500 mg (c\u00f3 ch\u1ee9a DHA docosahexaenoic acid 350 mg, EPA eicosapentaenoic acid 30 mg).<\/li>\n<li>Ph\u1ee5 li\u1ec7u: v\u1ecf nang (gelatin), ch\u1ea5t l\u00e0m d\u00e0y (glycerol) (422), ch\u1ea5t ch\u1ed1ng oxy h\u00f3a (tocopherols) (307b).<\/li>\n<\/ul>\n<p>6. C\u00e1ch s\u1eed d\u1ee5ng:<\/p>\n<ul>\n<li>\u0110\u1ed1i t\u01b0\u1ee3ng s\u1eed d\u1ee5ng: D\u00f9ng cho tr\u1ebb em, b\u00e0 m\u1eb9 mang thai (tr\u00ean 3 th\u00e1ng), ng\u01b0\u1eddi tr\u01b0\u1edfng th\u00e0nh<\/li>\n<li>M\u1ed7i ng\u00e0y 1 vi\u00ean<\/li>\n<\/ul>\n<p><em>7. L\u01b0u \u00fd<\/em><\/p>\n<ul>\n<li>Th\u1ef1c ph\u1ea9m n\u00e0y kh\u00f4ng ph\u1ea3i l\u00e0 thu\u1ed1c v\u00e0 kh\u00f4ng c\u00f3 t\u00e1c d\u1ee5ng thay th\u1ebf thu\u1ed1c ch\u1eefa b\u1ec7nh.<\/li>\n<li>Kh\u00f4ng s\u1eed d\u1ee5ng cho ng\u01b0\u1eddi m\u1eabn c\u1ea3m v\u1edbi b\u1ea5t c\u1ee9 th\u00e0nh ph\u1ea7n n\u00e0o c\u1ee7a s\u1ea3n ph\u1ea9m.<\/li>\n<li>Ph\u1ee5 n\u1eef c\u00f3 thai tham kh\u1ea3o \u00fd ki\u1ebfn chuy\u00ean gia y t\u1ebf tr\u01b0\u1edbc khi d\u00f9ng.<\/li>\n<li>Kh\u00f4ng s\u1eed d\u1ee5ng qu\u00e1 li\u1ec1u khuy\u1ebfn ngh\u1ecb.<\/li>\n<li>Kh\u00f4ng s\u1eed d\u1ee5ng s\u1ea3n ph\u1ea9m thay th\u1ebf b\u1eefa \u0103n \u0111a d\u1ea1ng v\u00e0 c\u00e2n b\u1eb1ng.<\/li>\n<li>B\u1ea3o qu\u1ea3n: B\u1ea3o qu\u1ea3n n\u01a1i kh\u00f4, m\u00e1t, tr\u00e1nh \u00e1nh n\u1eafng tr\u1ef1c ti\u1ebfp. \u0110\u1ec3 xa t\u1ea7m tay tr\u1ebb em.<\/li>\n<\/ul>\n","protected":false},"excerpt":{"rendered":"<table>\n<tbody>\n<tr class=\"ant-descriptions-row\">\n<td class=\"ant-descriptions-item\" colspan=\"3\">\n<div class=\"ant-descriptions-item-container\"><span class=\"ant-descriptions-item-label\">Xu\u1ea5t x\u1ee9: <\/span><span class=\"ant-descriptions-item-content\">Pharmatech AS, Vallehellene 4, 1664 Rolvs\u00f8y, Na Uy.<\/span><\/div>\n<\/td>\n<\/tr>\n<tr class=\"ant-descriptions-row\">\n<td class=\"ant-descriptions-item\" colspan=\"3\">\n<div class=\"ant-descriptions-item-container\">\n<div class=\"items-center flex h-[100%]\">Quy c\u00e1ch: <span style=\"font-family: inherit; font-size: inherit;\">68 vi\u00ean\/l\u1ecd<\/span><\/div>\n<\/div>\n<\/td>\n<\/tr>\n<tr class=\"ant-descriptions-row\">\n<td class=\"ant-descriptions-item\" colspan=\"3\">\n<div class=\"ant-descriptions-item-container\"><span class=\"ant-descriptions-item-label\">C\u00f4ng d\u1ee5ng ch\u00ednh: <\/span><span style=\"font-family: inherit; font-size: inherit;\">Th\u1ef1c ph\u1ea9m ch\u1ee9c n\u0103ng b\u1ed5 sung DHA t\u1ed1t cho tr\u00ed n\u00e3o v\u00e0 th\u1ecb l\u1ef1c.<\/span><\/div>\n<\/td>\n<\/tr>\n<tr class=\"ant-descriptions-row\">\n<td class=\"ant-descriptions-item\" colspan=\"3\">\n<div class=\"ant-descriptions-item-container\"><span class=\"ant-descriptions-item-label\">\u0110\u1ed1i t\u01b0\u1ee3ng s\u1eed d\u1ee5ng: <\/span><span class=\"ant-descriptions-item-content\">Tr\u1ebb em, B\u00e0 m\u1eb9 mang thai (tr\u00ean 3 th\u00e1ng), Ng\u01b0\u1eddi tr\u01b0\u1edfng th\u00e0nh<\/span><\/div>\n<\/td>\n<\/tr>\n<\/tbody>\n<\/table>\n","protected":false},"featured_media":1020,"comment_status":"open","ping_status":"closed","template":"","meta":{"site-sidebar-layout":"default","site-content-layout":"","ast-site-content-layout":"default","site-content-style":"default","site-sidebar-style":"default","ast-global-header-display":"","ast-banner-title-visibility":"","ast-main-header-display":"","ast-hfb-above-header-display":"","ast-hfb-below-header-display":"","ast-hfb-mobile-header-display":"","site-post-title":"","ast-breadcrumbs-content":"","ast-featured-img":"","footer-sml-layout":"","theme-transparent-header-meta":"default","adv-header-id-meta":"","stick-header-meta":"","header-above-stick-meta":"","header-main-stick-meta":"","header-below-stick-meta":"","astra-migrate-meta-layouts":"set","ast-page-background-enabled":"default","ast-page-background-meta":{"desktop":{"background-color":"var(--ast-global-color-5)","background-image":"","background-repeat":"repeat","background-position":"center center","background-size":"auto","background-attachment":"scroll","background-type":"","background-media":"","overlay-type":"","overlay-color":"","overlay-opacity":"","overlay-gradient":""},"tablet":{"background-color":"","background-image":"","background-repeat":"repeat","background-position":"center center","background-size":"auto","background-attachment":"scroll","background-type":"","background-media":"","overlay-type":"","overlay-color":"","overlay-opacity":"","overlay-gradient":""},"mobile":{"background-color":"","background-image":"","background-repeat":"repeat","background-position":"center center","background-size":"auto","background-attachment":"scroll","background-type":"","background-media":"","overlay-type":"","overlay-color":"","overlay-opacity":"","overlay-gradient":""}},"ast-content-background-meta":{"desktop":{"background-color":"var(--ast-global-color-4)","background-image":"","background-repeat":"repeat","background-position":"center center","background-size":"auto","background-attachment":"scroll","background-type":"","background-media":"","overlay-type":"","overlay-color":"","overlay-opacity":"","overlay-gradient":""},"tablet":{"background-color":"var(--ast-global-color-4)","background-image":"","background-repeat":"repeat","background-position":"center center","background-size":"auto","background-attachment":"scroll","background-type":"","background-media":"","overlay-type":"","overlay-color":"","overlay-opacity":"","overlay-gradient":""},"mobile":{"background-color":"var(--ast-global-color-4)","background-image":"","background-repeat":"repeat","background-position":"center center","background-size":"auto","background-attachment":"scroll","background-type":"","background-media":"","overlay-type":"","overlay-color":"","overlay-opacity":"","overlay-gradient":""}}},"product_brand":[],"product_cat":[111,910,1839],"product_tag":[],"class_list":{"0":"post-856","1":"product","2":"type-product","3":"status-publish","4":"has-post-thumbnail","6":"product_cat-pharmatech","7":"product_cat-vitamin-thuc-pham-bo-sung","8":"product_cat-vitamin-khoang-chat","9":"desktop-align-left","10":"tablet-align-left","11":"mobile-align-left","13":"first","14":"instock","15":"taxable","16":"shipping-taxable","17":"purchasable","18":"product-type-simple"},"_links":{"self":[{"href":"https:\/\/omewa.online\/index.php\/wp-json\/wp\/v2\/product\/856","targetHints":{"allow":["GET"]}}],"collection":[{"href":"https:\/\/omewa.online\/index.php\/wp-json\/wp\/v2\/product"}],"about":[{"href":"https:\/\/omewa.online\/index.php\/wp-json\/wp\/v2\/types\/product"}],"replies":[{"embeddable":true,"href":"https:\/\/omewa.online\/index.php\/wp-json\/wp\/v2\/comments?post=856"}],"wp:featuredmedia":[{"embeddable":true,"href":"https:\/\/omewa.online\/index.php\/wp-json\/wp\/v2\/media\/1020"}],"wp:attachment":[{"href":"https:\/\/omewa.online\/index.php\/wp-json\/wp\/v2\/media?parent=856"}],"wp:term":[{"taxonomy":"product_brand","embeddable":true,"href":"https:\/\/omewa.online\/index.php\/wp-json\/wp\/v2\/product_brand?post=856"},{"taxonomy":"product_cat","embeddable":true,"href":"https:\/\/omewa.online\/index.php\/wp-json\/wp\/v2\/product_cat?post=856"},{"taxonomy":"product_tag","embeddable":true,"href":"https:\/\/omewa.online\/index.php\/wp-json\/wp\/v2\/product_tag?post=856"}],"curies":[{"name":"wp","href":"https:\/\/api.w.org\/{rel}","templated":true}]}}