{"id":855,"date":"2025-11-01T18:16:35","date_gmt":"2025-11-01T18:16:35","guid":{"rendered":"https:\/\/omewa.online\/?post_type=product&#038;p=855"},"modified":"2025-12-12T07:19:04","modified_gmt":"2025-12-12T07:19:04","slug":"nhan-sam-nguyen-cu-baumann-tang-cuong-suc-khoe-tong-the","status":"publish","type":"product","link":"https:\/\/omewa.online\/index.php\/product\/nhan-sam-nguyen-cu-baumann-tang-cuong-suc-khoe-tong-the\/","title":{"rendered":"Nh\u00e2n S\u00e2m Nguy\u00ean C\u1ee7 Baumann \u2013 T\u0103ng C\u01b0\u1eddng S\u1ee9c Kh\u1ecfe T\u1ed5ng Th\u1ec3"},"content":{"rendered":"<p><strong>Nh\u00e2n S\u00e2m Nguy\u00ean C\u1ee7 Baumann Wisconsin<\/strong>\u00a0l\u00e0 d\u00f2ng\u00a0<a href=\"https:\/\/nhansambaumann.com\/nhan-sam-my-la-gi\/\" target=\"_blank\" rel=\"noopener\"><em>nh\u00e2n s\u00e2m M\u1ef9<\/em><\/a>\u00a0cao c\u1ea5p \u0111\u01b0\u1ee3c chi\u1ebft xu\u1ea5t t\u1eeb nh\u1eefng c\u1ee7 nh\u00e2n s\u00e2m Baumann c\u00f3 ch\u1ea5t l\u01b0\u1ee3ng cao. \u0110\u01b0\u1ee3c tr\u1ed3ng trong \u0111i\u1ec1u ki\u1ec7n t\u1ef1 nhi\u00ean l\u00fd t\u01b0\u1edfng t\u1ea1i Wisconsin Hoa K\u1ef3, nh\u00e2n s\u00e2m nguy\u00ean c\u1ee7 Baumann l\u00e0 l\u1ef1a ch\u1ecdn l\u00fd t\u01b0\u1edfng \u0111\u1ec3 c\u1ea3i thi\u1ec7n s\u1ee9c kh\u1ecfe to\u00e0n di\u1ec7n. T\u1eeb h\u1ed7 tr\u1ee3 h\u1ec7 th\u1ea7n kinh \u0111\u1ebfn t\u0103ng c\u01b0\u1eddng s\u1ee9c kh\u1ecfe tim m\u1ea1ch, m\u1ed7i c\u1ee7 s\u00e2m Baumann \u0111\u1ec1u mang \u0111\u1ebfn cho ng\u01b0\u1eddi s\u1eed d\u1ee5ng s\u1ef1 tinh khi\u1ebft v\u00e0 hi\u1ec7u qu\u1ea3. \u0110\u01b0\u1ee3c tr\u1ed3ng theo quy tr\u00ecnh ch\u1ec9\u00a0<strong>thu ho\u1ea1ch m\u1ed9t l\u1ea7n m\u1ed7i 50 n\u0103m<\/strong>, \u0111\u1ea3m b\u1ea3o t\u00ednh b\u1ec1n v\u1eefng v\u00e0 ch\u1ea5t l\u01b0\u1ee3ng v\u01b0\u1ee3t tr\u1ed9i.<\/p>\n<figure id=\"attachment_1170\" class=\"wp-caption aligncenter\" aria-describedby=\"caption-attachment-1170\"><img fetchpriority=\"high\" decoding=\"async\" class=\"wp-image-1170\" title=\"Nh\u00e2n s\u00e2m nguy\u00ean c\u1ee7 Baumann gi\u00fap t\u0103ng c\u01b0\u1eddng s\u1ee9c kh\u1ecfe to\u00e0n di\u1ec7n\" src=\"https:\/\/nhansambaumann.com\/wp-content\/uploads\/2024\/04\/nhan-sam-nguyen-cu-baumann-tang-cuong-suc-khoe-toan-dien.jpg\" alt=\"Nh\u00e2n s\u00e2m nguy\u00ean c\u1ee7 Baumann gi\u00fap t\u0103ng c\u01b0\u1eddng s\u1ee9c kh\u1ecfe to\u00e0n di\u1ec7n\" width=\"650\" height=\"650\" \/><figcaption id=\"caption-attachment-1170\" class=\"wp-caption-text\">Nh\u00e2n s\u00e2m nguy\u00ean c\u1ee7 Baumann gi\u00fap t\u0103ng c\u01b0\u1eddng s\u1ee9c kh\u1ecfe to\u00e0n di\u1ec7n<\/figcaption><\/figure>\n<h2><strong>M\u00f4 t\u1ea3 s\u1ea3n ph\u1ea9m<\/strong><\/h2>\n<hr \/>\n<h3><strong>Th\u00f4ng tin v\u00ea\u0300 sa\u0309n ph\u00e2\u0309m<\/strong><strong>\u00a0Nh\u00e2n S\u00e2m Nguy\u00ean C\u1ee7 Baumann Wisconsin<\/strong><\/h3>\n<ul>\n<li><strong>Th\u01b0\u01a1ng hi\u00ea\u0323u<\/strong>: Baumann Wisconsin Ginseng;<\/li>\n<li><strong>Xu\u00e2\u0301t x\u01b0\u0301<\/strong>: USA (Hoa K\u1ef3);<\/li>\n<li><strong>Nga\u0300y sa\u0309n xu\u00e2\u0301t<\/strong>\u00a0<em>(NSX)<\/em>: Xem tr\u00ean bao b\u00ec;<\/li>\n<li><strong>Ha\u0323n s\u01b0\u0309 du\u0323ng<\/strong>\u00a0<em>(HSD)<\/em>: 3 n\u0103m t\u01b0\u0300 nga\u0300y sa\u0309n xu\u00e2\u0301t;<\/li>\n<li><strong>Ki\u0301ch th\u01b0\u01a1\u0301c \u0111o\u0301ng go\u0301i<\/strong>: 11cm x 9cm x 14cm\u00a0<em>(Da\u0300i x R\u00f4\u0323ng x Cao)<\/em>;<\/li>\n<\/ul>\n<h3><strong>Th\u00e0nh ph\u1ea7n<\/strong><\/h3>\n<ul>\n<li>Th\u00e0nh ph\u1ea7n ch\u1ee9a 100% nh\u00e2n s\u00e2m Baumann t\u1eeb Wisconsin. Nh\u1eadp kh\u1ea9u tr\u1ef1c ti\u1ebfp t\u1eeb bang Wisconsin, Hoa K\u1ef3.<\/li>\n<li>Tr\u1ecdng l\u01b0\u1ee3ng: 100g<\/li>\n<li>C\u1ee7 s\u00e2m c\u00f3 kh\u1ed1i l\u01b0\u1ee3ng&lt;25g<\/li>\n<\/ul>\n<h3><strong>C\u00f4ng d\u1ee5ng c\u1ee7a\u00a0<\/strong><strong>sa\u0309n ph\u00e2\u0309m nh\u00e2n\u00a0<\/strong><strong>s\u00e2m nguy\u00ean c\u1ee7 Baumann<\/strong><\/h3>\n<ul>\n<li>Nh\u00e2n s\u00e2m c\u1ee7 Baumann gi\u00fap T\u0103ng c\u01b0\u1eddng th\u1ec3 tr\u1ea1ng, s\u1ee9c b\u1ec1n.<\/li>\n<li>T\u0103ng mi\u1ec5n d\u1ecbch.<\/li>\n<li>Gi\u1ea3m stress v\u00e0 m\u1ec7t m\u1ecfi.<\/li>\n<li>T\u0103ng c\u01b0\u1eddng s\u1ee9c kh\u1ecfe tim m\u1ea1ch v\u00e0 h\u1ec7 th\u1ea7n kinh.<\/li>\n<li>\u1ed4n \u0111\u1ecbnh \u0111\u01b0\u1eddng huy\u1ebft.<\/li>\n<li>Ng\u0103n ng\u1eeba l\u00e3o h\u00f3a hi\u1ec7u qu\u1ea3.<\/li>\n<li>L\u1ef1a ch\u1ecdn l\u00fd t\u01b0\u1edfng l\u00e0m qu\u00e0 t\u1eb7ng cao c\u1ea5p d\u00e0nh cho ng\u01b0\u1eddi th\u00e2n, \u0111\u1ed1i t\u00e1c, \u0111\u1ed3ng nghi\u1ec7p, ho\u1eb7c c\u1ea5p tr\u00ean, c\u0169ng nh\u01b0 qu\u00e0 th\u0103m ng\u01b0\u1eddi b\u1ec7nh.<\/li>\n<\/ul>\n<h3><strong>\u0110\u1ed1i t\u01b0\u1ee3ng s\u1eed d\u1ee5ng<\/strong><\/h3>\n<ul>\n<li>Nh\u00e2n s\u00e2m c\u1ee7 Baumann h\u1ed7 tr\u1ee3 Ng\u01b0\u1eddi cao tu\u1ed5i c\u1ea7n t\u0103ng c\u01b0\u1eddng s\u1ee9c kh\u1ecfe v\u00e0 \u0111\u1ec1 kh\u00e1ng\u00a0<em>(\u00edt g\u00e2y \u1ea3nh h\u01b0\u1edfng huy\u1ebft \u00e1p).<\/em><\/li>\n<li>Ng\u01b0\u1eddi b\u1ecb suy nh\u01b0\u1ee3c c\u01a1 th\u1ec3, t\u1ee5t n\u0103ng l\u01b0\u1ee3ng.<\/li>\n<li>Ng\u01b0\u1eddi lao \u0111\u1ed9ng tr\u00ed \u00f3c hay g\u1eb7p c\u0103ng th\u1eb3ng.<\/li>\n<li>Ng\u01b0\u1eddi mu\u1ed1n c\u1ea3i thi\u1ec7n s\u1ee9c kh\u1ecfe h\u1ec7 tim m\u1ea1ch, h\u1ec7 th\u1ea7n kinh.<\/li>\n<li>Ng\u01b0\u1eddi c\u1ea7n \u1ed5n \u0111\u1ecbnh \u0111\u01b0\u1eddng huy\u1ebft.<\/li>\n<li>Ph\u1ee5 n\u1eef sau sinh.<\/li>\n<li>Ng\u01b0\u1eddi m\u1edbi \u1ed1m d\u1eady.<\/li>\n<\/ul>\n<h3><strong>T\u00e1c d\u1ee5ng ph\u1ee5<\/strong><\/h3>\n<ul>\n<li>Nh\u00e2n s\u00e2m nguy\u00ean c\u1ee7 Baumann kh\u00f4ng ph\u1ea3i l\u00e0 thu\u1ed1c v\u00e0 kh\u00f4ng th\u1ec3 thay th\u1ebf \u0111i\u1ec1u tr\u1ecb y t\u1ebf.<\/li>\n<li>Ng\u01b0ng s\u1eed d\u1ee5ng ngay v\u00e0 tham kh\u1ea3o \u00fd ki\u1ebfn b\u00e1c s\u0129 n\u1ebfu b\u1ea1n c\u00f3 ph\u1ea3n \u1ee9ng d\u1ecb \u1ee9ng v\u1edbi b\u1ea5t k\u1ef3 th\u00e0nh ph\u1ea7n n\u00e0o.<\/li>\n<li>Hi\u1ec7u qu\u1ea3 c\u00f3 th\u1ec3 kh\u00e1c nhau t\u00f9y thu\u1ed9c v\u00e0o c\u01a1 \u0111\u1ecba t\u1eebng ng\u01b0\u1eddi.<\/li>\n<\/ul>\n<h3><strong>H\u01b0\u1edbng d\u1eabn s\u1eed d\u1ee5ng nh\u00e2n s\u00e2m nguy\u00ean c\u1ee7 Baumann Wisconsin<\/strong><\/h3>\n<ul>\n<li><strong>Ng\u00e2m r\u01b0\u1ee3u<\/strong>: R\u1eeda s\u1ea1ch c\u1ee7 s\u00e2m Baumann, ng\u00e2m v\u1edbi r\u01b0\u1ee3u trong kho\u1ea3ng 3\u20136 th\u00e1ng. U\u1ed1ng m\u1ed7i ng\u00e0y 20\u201330 ml.<\/li>\n<li><strong>S\u1eafc n\u01b0\u1edbc u\u1ed1ng<\/strong>: C\u1eaft l\u00e1t c\u1ee7 nh\u00e2n s\u00e2m Baumann, s\u1eafc v\u1edbi n\u01b0\u1edbc. U\u1ed1ng 2\u20133 l\u1ea7n m\u1ed7i ng\u00e0y \u0111\u1ec3 t\u0103ng c\u01b0\u1eddng s\u1ee9c kh\u1ecfe.<\/li>\n<li><strong>H\u1ea7m v\u1edbi th\u1ee9c \u0103n<\/strong>: Nh\u00e2n s\u00e2m Baumann th\u00e1i m\u1ecfng n\u1ea5u s\u00fap th\u1ecbt, h\u1ea7m nh\u00e2n s\u00e2m Baumann v\u1edbi g\u00e0, th\u1ecbt ho\u1eb7c c\u00e1c lo\u1ea1i thu\u1ed1c b\u1eafc \u0111\u1ec3 b\u1ed3i b\u1ed5 c\u01a1 th\u1ec3.<\/li>\n<li><strong>Ng\u1eadm tr\u1ef1c ti\u1ebfp<\/strong>: C\u1eaft l\u00e1t m\u1ecfng v\u00e0 ng\u1eadm trong mi\u1ec7ng \u0111\u1ec3 c\u01a1 th\u1ec3 h\u1ea5p thu d\u01b0\u1ee1ng ch\u1ea5t t\u1eeb t\u1eeb.<\/li>\n<li><strong>Pha tr\u00e0<\/strong>: C\u1ee7 nh\u00e2n s\u00e2m Baumann c\u00f3 th\u1ec3 \u0111\u01b0\u1ee3c th\u00e1i l\u00e1t m\u1ecfng, pha v\u1edbi n\u01b0\u1edbc n\u00f3ng \u0111\u1ec3 u\u1ed1ng nh\u01b0 tr\u00e0. R\u1ea5t t\u1ed1t cho vi\u1ec7c th\u01b0 gi\u00e3n v\u00e0 t\u0103ng c\u01b0\u1eddng sinh l\u1ef1c.<\/li>\n<li><strong>Ng\u1eadm<\/strong>: C\u1eaft m\u1ecfng th\u00e0nh l\u00e1t r\u1ed3i ng\u1eadm d\u01b0\u1edbi l\u01b0\u1ee1i cho t\u1edbi khi m\u1ec1m tan.<\/li>\n<li>N\u1ea5u trong \u1ea5m s\u00e0nh ho\u1eb7c th\u1ee7y tinh kho\u1ea3ng m\u1ed9t gi\u1edd r\u1ed3i u\u1ed1ng. C\u00f3 th\u1ec3 b\u1ea3o qu\u1ea3n n\u01b0\u1edbc u\u1ed1ng t\u1eeb nh\u00e2n s\u00e2m Baumann trong t\u1ee7 l\u1ea1nh \u0111\u1ec3 u\u1ed1ng d\u1ea7n.<\/li>\n<\/ul>\n<p><img decoding=\"async\" class=\"aligncenter wp-image-1171\" title=\"H\u01b0\u1edbng d\u1eabn s\u1eed d\u1ee5ng nh\u00e2n s\u00e2m nguy\u00ean c\u1ee7 Baumann M\u1ef9\" src=\"https:\/\/nhansambaumann.com\/wp-content\/uploads\/2024\/04\/huong-dan-su-dung-nhan-sam-nguyen-cu-baumann.jpg\" alt=\"H\u01b0\u1edbng d\u1eabn s\u1eed d\u1ee5ng nh\u00e2n s\u00e2m nguy\u00ean c\u1ee7 Baumann M\u1ef9\" width=\"650\" height=\"650\" \/><\/p>\n<div class=\"mceTemp\"><\/div>\n<h3><strong>B\u1ea3o qu\u1ea3n<\/strong><\/h3>\n<ul>\n<li>B\u1ea3o qu\u1ea3n nh\u00e2n s\u00e2m nguy\u00ean c\u1ee7 Baumann \u1edf n\u01a1i kh\u00f4 r\u00e1o v\u00e0 tho\u00e1ng m\u00e1t.<\/li>\n<li>Tr\u00e1nh ti\u1ebfp x\u00fac v\u1edbi \u00e1nh n\u1eafng tr\u1ef1c ti\u1ebfp c\u0169ng nh\u01b0 nh\u1eefng khu v\u1ef1c c\u00f3 nhi\u1ec7t \u0111\u1ed9 cao ho\u1eb7c \u0111\u1ed9 \u1ea9m cao.<\/li>\n<li>Sau khi m\u1edf n\u1eafp, n\u00ean b\u1ea3o qu\u1ea3n trong ng\u0103n m\u00e1t t\u1ee7 l\u1ea1nh v\u00e0 s\u1eed d\u1ee5ng trong v\u00f2ng 3 th\u00e1ng.<\/li>\n<li>\u0110\u1ea3m b\u1ea3o \u0111\u1ec3 s\u1ea3n ph\u1ea9m xa t\u1ea7m v\u1edbi c\u1ee7a tr\u1ebb em.<\/li>\n<\/ul>\n<h2><strong>V\u00ec sao n\u00ean ch\u1ecdn S\u00e2m Nguy\u00ean C\u1ee7 Baumann M\u1ef9? C\u00e1c \u01b0u \u0111i\u1ec3m v\u01b0\u1ee3t tr\u1ed9i s\u00e2m c\u1ee7?<\/strong><\/h2>\n<ul>\n<li>Nh\u00e2n s\u00e2m c\u1ee7 Baumann \u0111\u01b0\u1ee3c tr\u1ed3ng t\u1ea1i\u00a0<strong>v\u00f9ng \u0111\u1ea5t nguy\u00ean s\u01a1<\/strong>, ch\u1ec9 ti\u1ebfn h\u00e0nh canh t\u00e1c m\u1ed9t l\u1ea7n trong 50 n\u0103m.<\/li>\n<li>Di\u1ec7n t\u00edch \u0111\u1ea5t canh t\u00e1c h\u01a1n\u00a0<strong>700 hecta<\/strong>, x\u00e1c l\u1eadp \u0111\u00e2y l\u00e0 khu v\u1ef1c tr\u1ed3ng s\u00e2m Baumann l\u1edbn nh\u1ea5t t\u1ea1i Hoa K\u1ef3.<\/li>\n<li>Quy tr\u00ecnh canh t\u00e1c v\u00e0 thu ho\u1ea1ch r\u1ea5t kh\u1eaft khe, v\u1edbi nh\u00e2n s\u00e2m Baumann \u0111\u01b0\u1ee3c thu ho\u1ea1ch\u00a0<strong>sau 6-7 n\u0103m<\/strong>\u00a0\u0111\u1ec3 t\u1ed1i \u01b0u h\u00f3a h\u00e0m l\u01b0\u1ee3ng dinh d\u01b0\u1ee1ng.<\/li>\n<li>S\u1ea3n ph\u1ea9m ho\u00e0n to\u00e0n \u0111\u01b0\u1ee3c s\u1ea3n xu\u1ea5t t\u1eeb\u00a0<strong>100% nh\u00e2n s\u00e2m<\/strong>\u00a0Baumann, cam k\u1ebft kh\u00f4ng ch\u1ee9a t\u1ea1p ch\u1ea5t.<\/li>\n<li>\u0110\u1ea1t ti\u00eau chu\u1ea9n s\u1ea3n xu\u1ea5t\u00a0<strong>cGMP<\/strong>, quy tr\u00ecnh bao g\u1ed3m c\u00e1c y\u1ebfu t\u1ed1 t\u1eeb c\u01a1 s\u1edf v\u1eadt ch\u1ea5t, \u0111\u00e0o t\u1ea1o nh\u00e2n vi\u00ean \u0111\u1ebfn vi\u1ec7c ki\u1ec3m tra v\u00e0 gi\u00e1m s\u00e1t li\u00ean t\u1ee5c \u0111\u1ec3 \u0111\u1ea3m b\u1ea3o ch\u1ea5t l\u01b0\u1ee3ng.<\/li>\n<li>Nghi\u00ean c\u1ee9u\u00a0<strong>\u0111\u00e3 \u0111\u01b0\u1ee3c c\u00f4ng nh\u1eadn<\/strong>\u00a0tr\u00ean d\u01b0\u1ee3c th\u01b0 Hoa K\u1ef3, cho th\u1ea5y nh\u00e2n s\u00e2m Baumann \u00edt g\u00e2y \u1ea3nh h\u01b0\u1edfng huy\u1ebft \u00e1p.<\/li>\n<li>Ch\u1ee9a\u00a0<strong>16 lo\u1ea1i<\/strong>\u00a0kho\u00e1ng ch\u1ea5t,\u00a0<strong>17 lo\u1ea1i<\/strong>\u00a0axit amin c\u00f9ng nhi\u1ec1u polysaccharides v\u00e0 vitamin. Cung c\u1ea5p l\u1ee3i \u00edch s\u1ee9c kh\u1ecfe to\u00e0n di\u1ec7n.<\/li>\n<li>\u0110\u01b0\u1ee3c s\u1ea3n xu\u1ea5t b\u1eb1ng\u00a0<strong>c\u00f4ng ngh\u1ec7 hi\u1ec7n \u0111\u1ea1i<\/strong>, \u0111\u1ea3m b\u1ea3o ch\u1ea5t l\u01b0\u1ee3ng qua h\u1ec7 th\u1ed1ng \u0111\u1ed9c quy\u1ec1n\u00a0<strong>RootWise\u00ae<\/strong>.<\/li>\n<\/ul>\n<figure id=\"attachment_919\" class=\"wp-caption aligncenter\" aria-describedby=\"caption-attachment-919\"><\/figure>\n<h2><strong>C\u00e2u h\u1ecfi th\u01b0\u1eddng g\u1eb7p v\u1ec1 nh\u00e2n s\u00e2m Baumann d\u1ea1ng nguy\u00ean c\u1ee7\u00a0<\/strong>(FAQs)<\/h2>\n<p><strong>C\u00e2u h\u1ecfi<\/strong>: Nh\u00e2n s\u00e2m nguy\u00ean c\u1ee7 Baumann Wisconsin c\u00f3 g\u00ec kh\u00e1c bi\u1ec7t so v\u1edbi c\u00e1c lo\u1ea1i nh\u00e2n s\u00e2m kh\u00e1c?<br \/>\n<strong>Tr\u1ea3 l\u1eddi<\/strong>: Nh\u00e2n s\u00e2m Baumann Wisconsin \u0111\u01b0\u1ee3c tr\u1ed3ng t\u1ea1i v\u00f9ng \u0111\u1ea5t c\u00f3 th\u1ed5 nh\u01b0\u1ee1ng v\u00e0 kh\u00ed h\u1eadu l\u00fd t\u01b0\u1edfng t\u1ea1i Wisconsin. Gi\u00fap t\u1ea1o h\u00e0m l\u01b0\u1ee3ng ginsenoside cao v\u00e0 ch\u1ea5t l\u01b0\u1ee3ng v\u01b0\u1ee3t tr\u1ed9i. \u0110\u1eb7c bi\u1ec7t, s\u1ea3n ph\u1ea9m n\u00e0y \u0111\u01b0\u1ee3c tr\u1ed3ng theo quy tr\u00ecnh nghi\u00eam ng\u1eb7t, \u0111\u1ea3m b\u1ea3o t\u00ednh an to\u00e0n v\u00e0 hi\u1ec7u qu\u1ea3 cho ng\u01b0\u1eddi s\u1eed d\u1ee5ng.<\/p>\n<p><strong>C\u00e2u h\u1ecfi<\/strong>: Ai c\u00f3 th\u1ec3 s\u1eed d\u1ee5ng nh\u00e2n s\u00e2m nguy\u00ean c\u1ee7 Baumann Wisconsin?<br \/>\n<strong>Tr\u1ea3 l\u1eddi<\/strong>: Nh\u00e2n s\u00e2m nguy\u00ean c\u1ee7 Baumann ph\u00f9 h\u1ee3p cho ng\u01b0\u1eddi l\u1edbn tu\u1ed5i, ng\u01b0\u1eddi c\u1ea7n c\u1ea3i thi\u1ec7n sinh l\u1ef1c, nh\u1eefng ai th\u01b0\u1eddng xuy\u00ean c\u0103ng th\u1eb3ng, m\u1ec7t m\u1ecfi, ng\u01b0\u1eddi suy nh\u01b0\u1ee3c c\u01a1 th\u1ec3 v\u00e0 ph\u1ee5 n\u1eef sau sinh. Nh\u00e2n s\u00e2m c\u1ee7 Baumann c\u0169ng h\u1ed7 tr\u1ee3 t\u1ed1t cho ng\u01b0\u1eddi c\u1ea7n ki\u1ec3m so\u00e1t \u0111\u01b0\u1eddng huy\u1ebft v\u00e0 c\u1ea3i thi\u1ec7n s\u1ee9c kh\u1ecfe tim m\u1ea1ch.<\/p>\n<p><strong>C\u00e2u h\u1ecfi<\/strong>: C\u00e1ch s\u1eed d\u1ee5ng nh\u00e2n s\u00e2m nguy\u00ean c\u1ee7 Baumann nh\u01b0 th\u1ebf n\u00e0o l\u00e0 hi\u1ec7u qu\u1ea3 nh\u1ea5t?<br \/>\n<strong>Tr\u1ea3 l\u1eddi<\/strong>: Nh\u00e2n s\u00e2m nguy\u00ean c\u1ee7 Baumann c\u00f3 th\u1ec3 ng\u00e2m r\u01b0\u1ee3u, s\u1eafc n\u01b0\u1edbc u\u1ed1ng, h\u1ea7m v\u1edbi th\u1ef1c ph\u1ea9m, ng\u1eadm tr\u1ef1c ti\u1ebfp ho\u1eb7c pha tr\u00e0. S\u1eed d\u1ee5ng 2\u20133 g m\u1ed7i ng\u00e0y l\u00e0 li\u1ec1u l\u01b0\u1ee3ng ph\u00f9 h\u1ee3p \u0111\u1ec3 ph\u00e1t huy t\u1ed1i \u0111a c\u00f4ng d\u1ee5ng.<\/p>\n<p><strong>C\u00e2u h\u1ecfi<\/strong>: Nh\u00e2n s\u00e2m c\u1ee7 Baumann c\u00f3 g\u00e2y t\u00e1c d\u1ee5ng ph\u1ee5 kh\u00f4ng?<br \/>\n<strong>Tr\u1ea3 l\u1eddi<\/strong>: Nh\u00e2n s\u00e2m c\u1ee7 Baumann r\u1ea5t an to\u00e0n khi s\u1eed d\u1ee5ng \u0111\u00fang li\u1ec1u l\u01b0\u1ee3ng v\u00e0 h\u01b0\u1edbng d\u1eabn. Tuy nhi\u00ean, c\u1ea7n tr\u00e1nh d\u00f9ng qu\u00e1 li\u1ec1u v\u00e0 tham kh\u1ea3o \u00fd ki\u1ebfn b\u00e1c s\u0129 n\u1ebfu c\u00f3 b\u1ec7nh l\u00fd n\u1ec1n ho\u1eb7c \u0111ang d\u00f9ng thu\u1ed1c.<\/p>\n<p><strong>C\u00e2u h\u1ecfi<\/strong>: L\u00e0m th\u1ebf n\u00e0o \u0111\u1ec3 \u0111\u1ea3m b\u1ea3o c\u1ee7 nh\u00e2n s\u00e2m Baumann t\u00f4i mua l\u00e0 ch\u00ednh h\u00e3ng?<br \/>\n<strong>Tr\u1ea3 l\u1eddi<\/strong>: Nh\u00e2n s\u00e2m Baumann Wisconsin c\u00f3 h\u1ec7 th\u1ed1ng x\u00e1c th\u1ef1c \u0111\u1ed9c quy\u1ec1n RootWise\u00ae. Gi\u00fap b\u1ea1n d\u1ec5 d\u00e0ng ki\u1ec3m tra ngu\u1ed3n g\u1ed1c t\u1eeb trang tr\u1ea1i \u0111\u1ebfn tay ng\u01b0\u1eddi ti\u00eau d\u00f9ng, \u0111\u1ea3m b\u1ea3o s\u1ea3n ph\u1ea9m ch\u00ednh h\u00e3ng v\u00e0 ch\u1ea5t l\u01b0\u1ee3ng.<\/p>\n<p><strong>C\u00e2u h\u1ecfi<\/strong>: Nh\u00e2n s\u00e2m nguy\u00ean c\u1ee7 Baumann c\u00f3 d\u00f9ng \u0111\u01b0\u1ee3c cho ph\u1ee5 n\u1eef mang thai kh\u00f4ng?<br \/>\n<strong>Tr\u1ea3 l\u1eddi<\/strong>: Ph\u1ee5 n\u1eef mang thai c\u1ea7n h\u1ecfi \u00fd ki\u1ebfn b\u00e1c s\u0129 tr\u01b0\u1edbc khi d\u00f9ng nh\u00e2n s\u00e2m c\u1ee7 Baumann. V\u00ec c\u00f3 th\u1ec3 kh\u00f4ng ph\u00f9 h\u1ee3p trong m\u1ed9t s\u1ed1 tr\u01b0\u1eddng h\u1ee3p c\u1ee5 th\u1ec3.<\/p>\n<p><strong>C\u00e2u h\u1ecfi<\/strong>: C\u00f3 th\u1ec3 d\u00f9ng nh\u00e2n s\u00e2m nguy\u00ean c\u1ee7 Baumann \u0111\u1ec3 c\u1ea3i thi\u1ec7n gi\u1ea5c ng\u1ee7 kh\u00f4ng?<br \/>\n<strong>Tr\u1ea3 l\u1eddi<\/strong>: \u0110\u01b0\u1ee3c, nh\u00e2n s\u00e2m nguy\u00ean c\u1ee7 Baumann c\u00f3 t\u00e1c d\u1ee5ng tr\u1ea5n t\u0129nh v\u00e0 gi\u1ea3m c\u0103ng th\u1eb3ng, h\u1ed7 tr\u1ee3 gi\u1ea5c ng\u1ee7 s\u00e2u v\u00e0 ch\u1ea5t l\u01b0\u1ee3ng h\u01a1n. \u0110\u1eb7c bi\u1ec7t cho ng\u01b0\u1eddi hay b\u1ecb m\u1ea5t ng\u1ee7 do c\u0103ng th\u1eb3ng.<\/p>\n<p><strong>C\u00e2u h\u1ecfi<\/strong>: Quy tr\u00ecnh ph\u00e1t tri\u1ec3n c\u1ee7a s\u00e2m c\u1ee7 Baumann Wisconsin?<br \/>\n<strong>Tr\u1ea3 l\u1eddi<\/strong>: Quy tr\u00ecnh s\u1ea3n xu\u1ea5t c\u1ee7a S\u00e2m nguy\u00ean c\u1ee7 Baumann Wisconsin \u0111\u01b0\u1ee3c th\u1ef1c hi\u1ec7n qua 5 b\u01b0\u1edbc sau:<\/p>\n<ul>\n<li><strong>B\u01b0\u1edbc 1<\/strong>: Ch\u1ecdn gi\u1ed1ng v\u00e0 tr\u1ed3ng h\u1ea1t gi\u1ed1ng nh\u00e2n s\u00e2m Baumann<\/li>\n<li><strong>B\u01b0\u1edbc 2<\/strong>: Xu\u1ea5t hi\u1ec7n c\u00e2y gi\u1ed1ng<\/li>\n<li><strong>B\u01b0\u1edbc 3<\/strong>: Ch\u0103m s\u00f3c v\u00e0 b\u1ea3o v\u1ec7<\/li>\n<li><strong>B\u01b0\u1edbc 4<\/strong>: Ph\u00e1t tri\u1ec3n r\u1ec5 v\u00e0 c\u00e0nh<\/li>\n<li><strong>B\u01b0\u1edbc 5<\/strong>: Thu ho\u1ea1ch v\u00e0 \u0111\u00e1nh gi\u00e1<\/li>\n<\/ul>\n<p>Chi ti\u1ebft t\u1eebng b\u01b0\u1edbc v\u00e0 quy tr\u00ecnh ph\u00e1t tri\u1ec3n, quy tr\u00ecnh tr\u1ed3ng tr\u1ecdt v\u00e0 \u0111\u00f2ng g\u00f3i. M\u1eddi b\u1ea1n tham kh\u1ea3o t\u1ea1i b\u00e0i vi\u1ebft sau \u0111\u00e2y:\u00a0<a href=\"https:\/\/nhansambaumann.com\/nong-trai\/\" target=\"_blank\" rel=\"noopener\">Qu\u00e1 tr\u00ecnh ph\u00e1t tri\u1ec3n c\u1ee7a nh\u00e2n s\u00e2m Baumann<\/a><\/p>\n<p>&nbsp;<\/p>\n<figure id=\"attachment_917\" class=\"wp-caption aligncenter\" aria-describedby=\"caption-attachment-917\"><figcaption id=\"caption-attachment-917\" class=\"wp-caption-text\">Nh\u00e2n s\u00e2m Baumann Wisconsin nguy\u00ean cu\u0309<\/figcaption><\/figure>\n<hr \/>\n<h2><strong>HI\u0300NH A\u0309NH KHA\u0301CH HA\u0300NG S\u01af\u0309 DU\u0323NG<\/strong><br \/>\n<strong>NH\u00c2N S\u00c2M BAUMANN\u00a0WISCONSIN<\/strong><\/h2>\n<p><img decoding=\"async\" class=\"aligncenter wp-image-966\" title=\"Sampling nh\u00e2n s\u00e2m Baumann ta\u0323i nha\u0300 thu\u00f4\u0301c khu v\u01b0\u0323c C\u00e2\u0300n Th\u01a1\" src=\"https:\/\/nhansambaumann.com\/wp-content\/uploads\/2024\/04\/sampling-nhan-sam-baumann-tai-nha-thuoc-can-tho-3.jpg\" alt=\"Sampling nh\u00e2n s\u00e2m Baumann ta\u0323i nha\u0300 thu\u00f4\u0301c khu v\u01b0\u0323c C\u00e2\u0300n Th\u01a1\" width=\"650\" height=\"650\" \/><\/p>\n<p><img loading=\"lazy\" decoding=\"async\" class=\"aligncenter wp-image-964\" title=\"Hi\u0300nh a\u0309nh th\u01b0\u0323c t\u00ea\u0301 kha\u0301ch ha\u0300ng mua s\u00e2m Baumann Wisconsin My\u0303\" src=\"https:\/\/nhansambaumann.com\/wp-content\/uploads\/2024\/04\/Khach-hang-mua-sam-baumann.jpg\" alt=\"Hi\u0300nh a\u0309nh th\u01b0\u0323c t\u00ea\u0301 kha\u0301ch ha\u0300ng mua s\u00e2m Baumann Wisconsin My\u0303\" width=\"650\" height=\"650\" \/><\/p>\n<p><img loading=\"lazy\" decoding=\"async\" class=\"aligncenter wp-image-963\" title=\"Hi\u0300nh a\u0309nh th\u01b0\u0323c t\u00ea\u0301 kha\u0301ch ha\u0300ng mua s\u00e2m Baumann Wisconsin My\u0303\" src=\"https:\/\/nhansambaumann.com\/wp-content\/uploads\/2024\/04\/Khach-hang-mua-nhan-sam-baumann.jpg\" alt=\"Hi\u0300nh a\u0309nh th\u01b0\u0323c t\u00ea\u0301 kha\u0301ch ha\u0300ng mua s\u00e2m Baumann Wisconsin My\u0303\" width=\"650\" height=\"650\" \/><\/p>\n<p><img loading=\"lazy\" decoding=\"async\" class=\"aligncenter wp-image-962\" title=\"Hi\u0300nh a\u0309nh th\u01b0\u0323c t\u00ea\u0301 kha\u0301ch ha\u0300ng mua s\u00e2m Baumann Wisconsin My\u0303\" src=\"https:\/\/nhansambaumann.com\/wp-content\/uploads\/2024\/04\/Hinh-anh-thuc-te-su-kien-sam-baumann-USA.jpg\" sizes=\"auto, (max-width: 650px) 100vw, 650px\" srcset=\"https:\/\/nhansambaumann.com\/wp-content\/uploads\/2024\/04\/Hinh-anh-thuc-te-su-kien-sam-baumann-USA.jpg 800w, https:\/\/nhansambaumann.com\/wp-content\/uploads\/2024\/04\/Hinh-anh-thuc-te-su-kien-sam-baumann-USA-300x300.jpg 300w, https:\/\/nhansambaumann.com\/wp-content\/uploads\/2024\/04\/Hinh-anh-thuc-te-su-kien-sam-baumann-USA-150x150.jpg 150w, https:\/\/nhansambaumann.com\/wp-content\/uploads\/2024\/04\/Hinh-anh-thuc-te-su-kien-sam-baumann-USA-768x768.jpg 768w, https:\/\/nhansambaumann.com\/wp-content\/uploads\/2024\/04\/Hinh-anh-thuc-te-su-kien-sam-baumann-USA-100x100.jpg 100w, https:\/\/nhansambaumann.com\/wp-content\/uploads\/2024\/04\/Hinh-anh-thuc-te-su-kien-sam-baumann-USA-50x50.jpg 50w\" alt=\"Hi\u0300nh a\u0309nh th\u01b0\u0323c t\u00ea\u0301 kha\u0301ch ha\u0300ng mua s\u00e2m Baumann Wisconsin My\u0303\" width=\"650\" height=\"650\" \/><\/p>\n<p><img loading=\"lazy\" decoding=\"async\" class=\"aligncenter wp-image-950\" title=\"Hi\u0300nh a\u0309nh th\u01b0\u0323c t\u00ea\u0301 kha\u0301ch ha\u0300ng mua s\u00e2m Baumann Wisconsin My\u0303\" src=\"https:\/\/nhansambaumann.com\/wp-content\/uploads\/2024\/04\/Hinh-anh-thuc-te-khach-hang-mua-sam-baumann-my.jpg\" alt=\"Hi\u0300nh a\u0309nh th\u01b0\u0323c t\u00ea\u0301 kha\u0301ch ha\u0300ng mua s\u00e2m Baumann Wisconsin My\u0303\" width=\"650\" height=\"650\" \/><\/p>\n<p><strong>T\u00e0i li\u1ec7u &amp; H\u1ed3 s\u01a1 c\u00f4ng b\u1ed1: <\/strong><em>https:\/\/drive.google.com\/drive\/folders\/13VizcqVMcyltAVVHB-MK74DeahBF9dvP?usp=drive_link<\/em><\/p>\n","protected":false},"excerpt":{"rendered":"<ul>\n<li><strong>C\u00f4ng d\u1ee5ng:<\/strong>\u00a0Nh\u00e2n s\u00e2m nguy\u00ean c\u1ee7 Baumann gi\u00fap T\u0103ng c\u01b0\u1eddng th\u1ec3 tr\u1ea1ng, s\u1ee9c b\u1ec1n, T\u0103ng mi\u1ec5n d\u1ecbch, H\u1ed7 tr\u1ee3 s\u1ee9c kh\u1ecfe tim m\u1ea1ch v\u00e0 h\u1ec7 th\u1ea7n kinh, \u1ed4n \u0111\u1ecbnh m\u1ee9c \u0111\u01b0\u1eddng huy\u1ebft, Gi\u1ea3m c\u0103ng th\u1eb3ng v\u00e0 m\u1ec7t m\u1ecfi, Ng\u0103n ng\u1eeba l\u00e3o h\u00f3a hi\u1ec7u qu\u1ea3,\u2026<\/li>\n<li><strong>\u0110\u1ed1i t\u01b0\u1ee3ng s\u1eed d\u1ee5ng<\/strong>: Ng\u01b0\u1eddi cao tu\u1ed5i c\u1ea7n t\u0103ng \u0111\u1ec1 kh\u00e1ng\u00a0<em>(\u00edt l\u00e0m \u1ea3nh h\u01b0\u1edfng huy\u1ebft \u00e1p),\u00a0<\/em>Ng\u01b0\u1eddi suy nh\u01b0\u1ee3c c\u01a1 th\u1ec3, thi\u1ebfu n\u0103ng l\u01b0\u1ee3ng, Ng\u01b0\u1eddi lao \u0111\u1ed9ng tr\u00ed \u00f3c, c\u1ea3i thi\u1ec7n s\u1ee9c kh\u1ecfe h\u1ec7 tim m\u1ea1ch, h\u1ec7 th\u1ea7n kinh, \u1ed5n \u0111\u1ecbnh \u0111\u01b0\u1eddng huy\u1ebft.<\/li>\n<li><strong>D\u1ea1ng b\u00e0o ch\u1ebf<\/strong>: D\u1ea1ng nguy\u00ean c\u1ee7.<\/li>\n<li><strong>C\u00e1ch d\u00f9ng<\/strong>: D\u00f9ng ng\u00e2m r\u01b0\u1ee3u, ch\u1ebf bi\u1ebfn c\u00e1c m\u00f3n \u0103n, ng\u1eadm\u2026<\/li>\n<li><strong>Xu\u1ea5t x\u1ee9:\u00a0<\/strong>M\u1ef9<\/li>\n<\/ul>\n","protected":false},"featured_media":1012,"comment_status":"open","ping_status":"closed","template":"","meta":{"site-sidebar-layout":"default","site-content-layout":"","ast-site-content-layout":"default","site-content-style":"default","site-sidebar-style":"default","ast-global-header-display":"","ast-banner-title-visibility":"","ast-main-header-display":"","ast-hfb-above-header-display":"","ast-hfb-below-header-display":"","ast-hfb-mobile-header-display":"","site-post-title":"","ast-breadcrumbs-content":"","ast-featured-img":"","footer-sml-layout":"","theme-transparent-header-meta":"","adv-header-id-meta":"","stick-header-meta":"","header-above-stick-meta":"","header-main-stick-meta":"","header-below-stick-meta":"","astra-migrate-meta-layouts":"default","ast-page-background-enabled":"default","ast-page-background-meta":{"desktop":{"background-color":"var(--ast-global-color-5)","background-image":"","background-repeat":"repeat","background-position":"center center","background-size":"auto","background-attachment":"scroll","background-type":"","background-media":"","overlay-type":"","overlay-color":"","overlay-opacity":"","overlay-gradient":""},"tablet":{"background-color":"","background-image":"","background-repeat":"repeat","background-position":"center center","background-size":"auto","background-attachment":"scroll","background-type":"","background-media":"","overlay-type":"","overlay-color":"","overlay-opacity":"","overlay-gradient":""},"mobile":{"background-color":"","background-image":"","background-repeat":"repeat","background-position":"center center","background-size":"auto","background-attachment":"scroll","background-type":"","background-media":"","overlay-type":"","overlay-color":"","overlay-opacity":"","overlay-gradient":""}},"ast-content-background-meta":{"desktop":{"background-color":"var(--ast-global-color-4)","background-image":"","background-repeat":"repeat","background-position":"center center","background-size":"auto","background-attachment":"scroll","background-type":"","background-media":"","overlay-type":"","overlay-color":"","overlay-opacity":"","overlay-gradient":""},"tablet":{"background-color":"var(--ast-global-color-4)","background-image":"","background-repeat":"repeat","background-position":"center center","background-size":"auto","background-attachment":"scroll","background-type":"","background-media":"","overlay-type":"","overlay-color":"","overlay-opacity":"","overlay-gradient":""},"mobile":{"background-color":"var(--ast-global-color-4)","background-image":"","background-repeat":"repeat","background-position":"center center","background-size":"auto","background-attachment":"scroll","background-type":"","background-media":"","overlay-type":"","overlay-color":"","overlay-opacity":"","overlay-gradient":""}}},"product_brand":[110],"product_cat":[109,514,427,32,428],"product_tag":[],"class_list":{"0":"post-855","1":"product","2":"type-product","3":"status-publish","4":"has-post-thumbnail","6":"product_brand-baumann","7":"product_cat-baumann","8":"product_cat-ho-tro-suc-khoe","9":"product_cat-suc-khoe","10":"product_cat-thuc-pham-do-uong","11":"product_cat-thuc-pham-chuc-nang","12":"desktop-align-left","13":"tablet-align-left","14":"mobile-align-left","16":"first","17":"instock","18":"sale","19":"taxable","20":"shipping-taxable","21":"purchasable","22":"product-type-simple"},"_links":{"self":[{"href":"https:\/\/omewa.online\/index.php\/wp-json\/wp\/v2\/product\/855","targetHints":{"allow":["GET"]}}],"collection":[{"href":"https:\/\/omewa.online\/index.php\/wp-json\/wp\/v2\/product"}],"about":[{"href":"https:\/\/omewa.online\/index.php\/wp-json\/wp\/v2\/types\/product"}],"replies":[{"embeddable":true,"href":"https:\/\/omewa.online\/index.php\/wp-json\/wp\/v2\/comments?post=855"}],"wp:featuredmedia":[{"embeddable":true,"href":"https:\/\/omewa.online\/index.php\/wp-json\/wp\/v2\/media\/1012"}],"wp:attachment":[{"href":"https:\/\/omewa.online\/index.php\/wp-json\/wp\/v2\/media?parent=855"}],"wp:term":[{"taxonomy":"product_brand","embeddable":true,"href":"https:\/\/omewa.online\/index.php\/wp-json\/wp\/v2\/product_brand?post=855"},{"taxonomy":"product_cat","embeddable":true,"href":"https:\/\/omewa.online\/index.php\/wp-json\/wp\/v2\/product_cat?post=855"},{"taxonomy":"product_tag","embeddable":true,"href":"https:\/\/omewa.online\/index.php\/wp-json\/wp\/v2\/product_tag?post=855"}],"curies":[{"name":"wp","href":"https:\/\/api.w.org\/{rel}","templated":true}]}}