{"id":854,"date":"2025-11-01T18:16:35","date_gmt":"2025-11-01T18:16:35","guid":{"rendered":"https:\/\/omewa.online\/?post_type=product&#038;p=854"},"modified":"2025-12-12T07:19:04","modified_gmt":"2025-12-12T07:19:04","slug":"set-qua-mini-nhan-sam-baumann-wisconsin-set-a","status":"publish","type":"product","link":"https:\/\/omewa.online\/index.php\/product\/set-qua-mini-nhan-sam-baumann-wisconsin-set-a\/","title":{"rendered":"Set Qu\u00e0 Mini Nh\u00e2n s\u00e2m Baumann Wisconsin (Set A)"},"content":{"rendered":"<p>SET QU\u00c0 T\u1eb6NG NH\u00c2N S\u00c2M BAUMANN WISCONSIN &#8211; MO\u0301N QUA\u0300 SANG TRO\u0323NG &#8211; CAO C\u00c2\u0301P &#8211; BI\u00ca\u0301U T\u0102\u0323NG NG\u01af\u01a0\u0300I TH\u00c2N, BA ME\u0323, \u0110\u00d4\u0300NG NGHI\u00ca\u0323P,&#8230;<\/p>\n<p>\ud83c\udf1f Set qua\u0300 bao g\u00f4\u0300m 3 sa\u0309n ph\u00e2\u0309m:<br \/>\n\ud83d\udd34H\u00f4\u0323p \u0111o\u0309: S\u00e2m tu\u0301i lo\u0323c (h\u00f4\u0323p 3 tu\u0301i lo\u0323c)<br \/>\n\u26aa\ufe0fH\u00f4\u0323p tr\u0103\u0301ng: S\u00e2m tha\u0301i la\u0301t (h\u00f4\u0323p 10 g &#8211; S\u1eed d\u1ee5ng 1-2 la\u0301t m\u00f4\u0303i ng\u00e0y, \u0111\u1ee7 du\u0300ng t\u01a1\u0301i 3 th\u00e1ng )<br \/>\n\u26ab\ufe0f H\u1ed9p S\u00e2m vi\u00ean nh\u1ecf<br \/>\n\ud83c\udf1f Set qua\u0300 Nh\u00e2n s\u00e2m M\u1ef9 Baumann \u0111\u01b0\u01a1\u0323c thi\u00ea\u0301t k\u00ea\u0301 vo\u0309 h\u00f4\u0323p sang tro\u0323ng, th\u00ea\u0309 hi\u00ea\u0323n \u0111\u01b0\u01a1\u0323c gia\u0301 tri\u0323, v\u01b0\u0300a th\u00ea\u0309 hi\u00ea\u0323n \u0111\u01b0\u01a1\u0323c s\u01b0\u0323 quan t\u00e2m tinh t\u00ea\u0301 \u0111\u00ea\u0301n ba me\u0323, ng\u01b0\u1eddi th\u00e2n, gia \u0111\u00ecnh, \u0111\u00f4\u0300ng nghi\u00ea\u0323p, c\u1ea5p tr\u00ean&#8230;<br \/>\n____________<\/p>\n<p>\u2705 \u0110\u00d4\u0301I T\u01af\u01a0\u0323NG S\u01af\u0309 DU\u0323NG &#8211; C\u00d4NG D\u1ee4NG<br \/>\n&#8211; Doanh nh\u00e2n: Gia\u0309m c\u0103ng th\u0103\u0309ng m\u00ea\u0323t mo\u0309i, ca\u0309i thi\u00ea\u0323n t\u00e2\u0323p trung va\u0300 gi\u00e2\u0301c ngu\u0309, t\u0103ng \u0111\u00ea\u0300 kha\u0301ng.<br \/>\n&#8211; Ng\u01b0\u01a1\u0300i m\u01a1\u0301i \u00f4\u0301m d\u00e2\u0323y: T\u0103ng c\u01b0\u01a1\u0300ng mi\u00ea\u0303n di\u0323ch, cung c\u00e2\u0301p n\u0103ng l\u01b0\u01a1\u0323ng, ki\u0301ch thi\u0301ch tu\u00e2\u0300n hoa\u0300n ma\u0301u.<br \/>\n&#8211; Ng\u01b0\u01a1\u0300i cao tu\u00f4\u0309i: Ca\u0309i thi\u00ea\u0323n ti\u00eau ho\u0301a, h\u00e2\u0301p thu\u0323 d\u01b0\u01a1\u0303ng ch\u00e2\u0301t, gia\u0309m hoa m\u0103\u0301t cho\u0301ng m\u0103\u0323t, ch\u00e2\u0323m qua\u0301 tri\u0300nh la\u0303o ho\u0301a.<br \/>\n&#8211; Nam gi\u01a1\u0301i tr\u00ean 35 tu\u00f4\u0309i: T\u0103ng c\u01b0\u01a1\u0300ng sinh ly\u0301, gia\u0309m c\u0103ng th\u0103\u0309ng, duy tri\u0300 th\u00ea\u0309 l\u01b0\u0323c.<br \/>\n&#8211; Phu\u0323 n\u01b0\u0303 ti\u00ea\u0300n ma\u0303n kinh: C\u00e2n b\u0103\u0300ng Hormon, gia\u0309m kho\u0301 chi\u0323u th\u01a1\u0300i ky\u0300 ma\u0303n kinh.<br \/>\n&#8211; Phu\u0323 n\u01b0\u0303 sau sinh: Phu\u0323c h\u00f4\u0300i s\u01b0\u0301c kho\u0309e, t\u0103ng \u0111\u00ea\u0300 kha\u0301ng, gia\u0309m m\u00ea\u0323t mo\u0309i, c\u00e2n b\u0103\u0300ng n\u00f4\u0323i ti\u00ea\u0301t t\u00f4\u0301.<br \/>\n&#8211; B\u1ec7nh nh\u00e2n ung th\u01b0: Ch\u00f4\u0301ng Oxy ho\u0301a, gia\u0309m m\u00ea\u0323t mo\u0309i, h\u00f4\u0303 tr\u01a1\u0323 ho\u0301a tri\u0323 \u2013 xa\u0323 tri\u0323, ca\u0309i thi\u00ea\u0323n tinh th\u00e2\u0300n.<\/p>\n<p>\u2705 S\u1eafc \u0111\u1eb9p: L\u00e0m ch\u1eadm qu\u00e1 tr\u00ecnh l\u00e3o h\u00f3a, c\u1ea3i thi\u1ec7n l\u00e0n da, t\u0103ng c\u01b0\u1eddng s\u1ee9c s\u1ed1ng.<br \/>\n\u2705 Ch\u1ea5t l\u01b0\u1ee3ng: S\u1ea3n ph\u1ea9m c\u00f3 ngu\u1ed3n g\u1ed1c r\u00f5 r\u00e0ng, ch\u1ea5t l\u01b0\u1ee3ng cao, \u0111\u01b0\u1ee3c s\u1ea3n xu\u1ea5t theo ti\u00eau chu\u1ea9n qu\u1ed1c t\u1ebf.<br \/>\n\u2705 Uy t\u00edn: Th\u01b0\u01a1ng hi\u1ec7u c\u00f3 uy t\u00edn, \u0111\u01b0\u1ee3c nhi\u1ec1u ng\u01b0\u1eddi tin d\u00f9ng.<br \/>\n\u2705 Ti\u1ec7n l\u1ee3i: S\u1ea3n ph\u1ea9m d\u1ec5 s\u1eed d\u1ee5ng, c\u00f3 nhi\u1ec1u h\u00ecnh th\u1ee9c \u0111\u00f3ng g\u00f3i \u0111a d\u1ea1ng.<br \/>\n\u2705 T\u01b0 v\u1ea5n chuy\u00ean nghi\u1ec7p: \u0110\u01b0\u1ee3c t\u01b0 v\u1ea5n t\u1eadn t\u00ecnh v\u1ec1 s\u1ea3n ph\u1ea9m v\u00e0 c\u00e1ch s\u1eed d\u1ee5ng.<br \/>\n\u2705 S\u00e2m tr\u00f4\u0300ng t\u01b0\u0300 v\u00f9ng \u0111\u1ea5t Nguy\u00ean s\u01a1 ch\u1ec9 canh t\u00e1c duy nh\u1ea5t m\u1ed9t l\u1ea7n trong 50 n\u0103m.<\/p>\n<p>\u26aa\ufe0f Nh\u00e2n s\u00e2m Th\u00e1i L\u00e1t:<br \/>\n+ C\u00e1ch d\u00f9ng: D\u00f9ng l\u00e0m nguy\u00ean li\u1ec7u trong ch\u1ebf bi\u1ebfn th\u1ef1c ph\u1ea9m, th\u1ee9c u\u1ed1ng,&#8230;<br \/>\n+ C\u00f4ng d\u1ee5ng: C\u00f3 c\u00f4ng d\u1ee5ng T\u0103ng c\u01b0\u1eddng sinh l\u1ef1c, Gi\u1ea3m m\u1ec7t m\u1ecfi, C\u1ea3i thi\u1ec7n s\u1ef1 t\u1eadp trung,&#8230;<\/p>\n<p>\u26ab\ufe0f S\u00e2m vi\u00ean<br \/>\n+ C\u00e1ch d\u00f9ng: D\u00f9ng tr\u1ef1c ti\u1ebfp.<br \/>\n+ C\u00f4ng d\u1ee5ng: S\u00e2m l\u00ean men Baumann c\u00f3 c\u00f4ng d\u1ee5ng T\u0103ng c\u01b0\u1eddng sinh l\u1ef1c, Gi\u00fap t\u1ec9nh t\u00e1o, Gi\u1ea3m m\u1ec7t m\u1ecfi,&#8230;<\/p>\n<p>\ud83d\udd34 S\u00e2m T\u00fai L\u1ecdc:<br \/>\n+ H\u00e3m 1 t\u00fai 2g trong 180ml n\u01b0\u1edbc s\u00f4i, sau \u0111\u00f3 \u0111\u1ec3 ngu\u1ed9i v\u00e0 s\u1eed d\u1ee5ng.<br \/>\n+ C\u00f4ng d\u1ee5ng: T\u0103ng c\u01b0\u1eddng sinh l\u1ef1c, Gi\u00fap t\u1ec9nh t\u1ea3o, Gi\u1ea3m m\u1ec7t m\u1ecfi c\u0103ng th\u1eb3ng,&#8230;<\/p>\n<p><strong>T\u00e0i li\u1ec7u &amp; H\u1ed3 s\u01a1 c\u00f4ng b\u1ed1: <\/strong><em>https:\/\/drive.google.com\/drive\/folders\/13VizcqVMcyltAVVHB-MK74DeahBF9dvP?usp=drive_link<\/em><\/p>\n","protected":false},"excerpt":{"rendered":"<p>\ud83c\udf1f Set qua\u0300 bao g\u00f4\u0300m 3 sa\u0309n ph\u00e2\u0309m:<\/p>\n<p>\ud83d\udd34H\u00f4\u0323p \u0111o\u0309: S\u00e2m tu\u0301i lo\u0323c (h\u00f4\u0323p 5 tu\u0301i lo\u0323c)<\/p>\n<p>\u26aa\ufe0fH\u00f4\u0323p tr\u0103\u0301ng: S\u00e2m tha\u0301i la\u0301t (h\u00f4\u0323p 25g &#8211; S\u1eed d\u1ee5ng 1-2 la\u0301t m\u00f4\u0303i ng\u00e0y, \u0111\u1ee7 du\u0300ng t\u01a1\u0301i 3 th\u00e1ng )<\/p>\n<p>\u26ab\ufe0fH\u00f4\u0323p vi\u00ean s\u00e2m<\/p>\n<p>\ud83c\udf1f Set qua\u0300 Nh\u00e2n s\u00e2m M\u1ef9 Baumann \u0111\u01b0\u01a1\u0323c thi\u00ea\u0301t k\u00ea\u0301 vo\u0309 h\u00f4\u0323p sang tro\u0323ng, th\u00ea\u0309 hi\u00ea\u0323n \u0111\u01b0\u01a1\u0323c gia\u0301 tri\u0323, v\u01b0\u0300a th\u00ea\u0309 hi\u00ea\u0323n \u0111\u01b0\u01a1\u0323c s\u01b0\u0323 quan t\u00e2m tinh t\u00ea\u0301 \u0111\u00ea\u0301n ba me\u0323, ng\u01b0\u1eddi th\u00e2n, gia \u0111\u00ecnh, \u0111\u00f4\u0300ng nghi\u00ea\u0323p, c\u1ea5p tr\u00ean&#8230;<\/p>\n","protected":false},"featured_media":1009,"comment_status":"open","ping_status":"closed","template":"","meta":{"site-sidebar-layout":"default","site-content-layout":"","ast-site-content-layout":"default","site-content-style":"default","site-sidebar-style":"default","ast-global-header-display":"","ast-banner-title-visibility":"","ast-main-header-display":"","ast-hfb-above-header-display":"","ast-hfb-below-header-display":"","ast-hfb-mobile-header-display":"","site-post-title":"","ast-breadcrumbs-content":"","ast-featured-img":"","footer-sml-layout":"","theme-transparent-header-meta":"","adv-header-id-meta":"","stick-header-meta":"","header-above-stick-meta":"","header-main-stick-meta":"","header-below-stick-meta":"","astra-migrate-meta-layouts":"default","ast-page-background-enabled":"default","ast-page-background-meta":{"desktop":{"background-color":"var(--ast-global-color-5)","background-image":"","background-repeat":"repeat","background-position":"center center","background-size":"auto","background-attachment":"scroll","background-type":"","background-media":"","overlay-type":"","overlay-color":"","overlay-opacity":"","overlay-gradient":""},"tablet":{"background-color":"","background-image":"","background-repeat":"repeat","background-position":"center center","background-size":"auto","background-attachment":"scroll","background-type":"","background-media":"","overlay-type":"","overlay-color":"","overlay-opacity":"","overlay-gradient":""},"mobile":{"background-color":"","background-image":"","background-repeat":"repeat","background-position":"center center","background-size":"auto","background-attachment":"scroll","background-type":"","background-media":"","overlay-type":"","overlay-color":"","overlay-opacity":"","overlay-gradient":""}},"ast-content-background-meta":{"desktop":{"background-color":"var(--ast-global-color-4)","background-image":"","background-repeat":"repeat","background-position":"center center","background-size":"auto","background-attachment":"scroll","background-type":"","background-media":"","overlay-type":"","overlay-color":"","overlay-opacity":"","overlay-gradient":""},"tablet":{"background-color":"var(--ast-global-color-4)","background-image":"","background-repeat":"repeat","background-position":"center center","background-size":"auto","background-attachment":"scroll","background-type":"","background-media":"","overlay-type":"","overlay-color":"","overlay-opacity":"","overlay-gradient":""},"mobile":{"background-color":"var(--ast-global-color-4)","background-image":"","background-repeat":"repeat","background-position":"center center","background-size":"auto","background-attachment":"scroll","background-type":"","background-media":"","overlay-type":"","overlay-color":"","overlay-opacity":"","overlay-gradient":""}}},"product_brand":[110],"product_cat":[109,514,427,428],"product_tag":[],"class_list":{"0":"post-854","1":"product","2":"type-product","3":"status-publish","4":"has-post-thumbnail","6":"product_brand-baumann","7":"product_cat-baumann","8":"product_cat-ho-tro-suc-khoe","9":"product_cat-suc-khoe","10":"product_cat-thuc-pham-chuc-nang","11":"desktop-align-left","12":"tablet-align-left","13":"mobile-align-left","15":"first","16":"instock","17":"sale","18":"taxable","19":"shipping-taxable","20":"purchasable","21":"product-type-simple"},"_links":{"self":[{"href":"https:\/\/omewa.online\/index.php\/wp-json\/wp\/v2\/product\/854","targetHints":{"allow":["GET"]}}],"collection":[{"href":"https:\/\/omewa.online\/index.php\/wp-json\/wp\/v2\/product"}],"about":[{"href":"https:\/\/omewa.online\/index.php\/wp-json\/wp\/v2\/types\/product"}],"replies":[{"embeddable":true,"href":"https:\/\/omewa.online\/index.php\/wp-json\/wp\/v2\/comments?post=854"}],"wp:featuredmedia":[{"embeddable":true,"href":"https:\/\/omewa.online\/index.php\/wp-json\/wp\/v2\/media\/1009"}],"wp:attachment":[{"href":"https:\/\/omewa.online\/index.php\/wp-json\/wp\/v2\/media?parent=854"}],"wp:term":[{"taxonomy":"product_brand","embeddable":true,"href":"https:\/\/omewa.online\/index.php\/wp-json\/wp\/v2\/product_brand?post=854"},{"taxonomy":"product_cat","embeddable":true,"href":"https:\/\/omewa.online\/index.php\/wp-json\/wp\/v2\/product_cat?post=854"},{"taxonomy":"product_tag","embeddable":true,"href":"https:\/\/omewa.online\/index.php\/wp-json\/wp\/v2\/product_tag?post=854"}],"curies":[{"name":"wp","href":"https:\/\/api.w.org\/{rel}","templated":true}]}}