{"id":834,"date":"2025-11-01T18:16:14","date_gmt":"2025-11-01T18:16:14","guid":{"rendered":"https:\/\/omewa.online\/?post_type=product&#038;p=834"},"modified":"2025-11-01T18:17:24","modified_gmt":"2025-11-01T18:17:24","slug":"vien-uong-nhan-sam-baumann-tang-suc-khoe-toan-dien","status":"publish","type":"product","link":"https:\/\/omewa.online\/index.php\/product\/vien-uong-nhan-sam-baumann-tang-suc-khoe-toan-dien\/","title":{"rendered":"Vi\u00ean U\u1ed1ng Nh\u00e2n S\u00e2m Baumann \u2013 T\u0103ng S\u1ee9c Kh\u1ecfe To\u00e0n Di\u1ec7n"},"content":{"rendered":"<p><strong>Vi\u00ean U\u1ed1ng Nh\u00e2n S\u00e2m Baumann Wisconsin<\/strong>\u00a0l\u00e0 s\u1ea3n ph\u1ea9m\u00a0<a href=\"https:\/\/nhansambaumann.com\/nhan-sam-my-la-gi\/\" target=\"_blank\" rel=\"noopener\">nh\u00e2n s\u00e2m M\u1ef9<\/a>, \u0111\u01b0\u1ee3c ch\u1ebf t\u1ea1o ho\u00e0n to\u00e0n t\u1eeb r\u1ec5 nh\u00e2n s\u00e2m Baumann ch\u1ea5t l\u01b0\u1ee3ng cao, tr\u1ed3ng t\u1ea1i Wisconsin, M\u1ef9. \u0110\u00e2y l\u00e0 l\u1ef1a ch\u1ecdn tuy\u1ec7t v\u1eddi cho nh\u1eefng ai mu\u1ed1n tr\u1ea3i nghi\u1ec7m nhanh ch\u00f3ng v\u00e0 hi\u1ec7u qu\u1ea3 nh\u1eefng l\u1ee3i \u00edch tuy\u1ec7t di\u1ec7u c\u1ee7a nh\u00e2n s\u00e2m Baumann Wisconsin.<\/p>\n<figure id=\"attachment_892\" class=\"wp-caption aligncenter\" aria-describedby=\"caption-attachment-892\"><img fetchpriority=\"high\" decoding=\"async\" class=\"wp-image-892\" title=\"Nh\u00e2n s\u00e2m Baumann d\u1ea1ng vi\u00ean nang\" src=\"https:\/\/nhansambaumann.com\/wp-content\/uploads\/2024\/04\/nhan-sam-baumann-dang-vien-nang-8.jpg\" alt=\"Nh\u00e2n s\u00e2m Baumann d\u1ea1ng vi\u00ean nang\" width=\"650\" height=\"650\" \/><figcaption id=\"caption-attachment-892\" class=\"wp-caption-text\">Nh\u00e2n s\u00e2m Baumann d\u1ea1ng vi\u00ean nang<\/figcaption><\/figure>\n<h2><strong>M\u00f4 t\u1ea3 s\u1ea3n ph\u1ea9m<\/strong><\/h2>\n<hr \/>\n<h3><strong>Th\u00f4ng tin v\u00ea\u0300 sa\u0309n ph\u00e2\u0309m\u00a0<\/strong><strong>Vi\u00ean U\u1ed1ng Nh\u00e2n S\u00e2m Baumann Wisconsin<\/strong><\/h3>\n<ul>\n<li><strong>Th\u01b0\u01a1ng hi\u00ea\u0323u<\/strong>: Baumann Wisconsin Ginseng;<\/li>\n<li><strong>Xu\u00e2\u0301t x\u01b0\u0301<\/strong>: USA;<\/li>\n<li><strong>Nga\u0300y sa\u0309n xu\u00e2\u0301t<\/strong>\u00a0<em>(NSX)<\/em>: Xem tr\u00ean h\u00f4\u0323p;<\/li>\n<li><strong>Ha\u0323n s\u01b0\u0309 du\u0323ng<\/strong>\u00a0<em>(HSD)<\/em>: 36 tha\u0301ng k\u00ea\u0309 t\u01b0\u0300 nga\u0300y sa\u0309n xu\u00e2\u0301t;<\/li>\n<li><strong>Ki\u0301ch th\u01b0\u01a1\u0301c \u0111o\u0301ng go\u0301i<\/strong>: 11 x 9 x 14cm\u00a0<em>(Da\u0300i x R\u00f4\u0323ng x Cao)<\/em>;<\/li>\n<\/ul>\n<h3><strong>Th\u00e0nh Ph\u1ea7n\u00a0<\/strong><\/h3>\n<ul>\n<li>100% nh\u00e2n s\u00e2m Baumann Wisconsin<\/li>\n<\/ul>\n<h3><strong>Quy c\u00e1ch<\/strong><\/h3>\n<ul>\n<li>H\u1ed9p nh\u1ef1a 130 vi\u00ean (400mg\/vi\u00ean)<\/li>\n<\/ul>\n<figure id=\"attachment_891\" class=\"wp-caption aligncenter\" aria-describedby=\"caption-attachment-891\"><img decoding=\"async\" class=\"wp-image-891\" title=\"Nh\u00e2n s\u00e2m Baumann d\u1ea1ng vi\u00ean nang\" src=\"https:\/\/nhansambaumann.com\/wp-content\/uploads\/2024\/04\/nhan-sam-baumann-dang-vien-nang-7.jpg\" alt=\"Nh\u00e2n s\u00e2m Baumann d\u1ea1ng vi\u00ean nang\" width=\"650\" height=\"650\" \/><figcaption id=\"caption-attachment-891\" class=\"wp-caption-text\">Nh\u00e2n s\u00e2m Baumann d\u1ea1ng vi\u00ean nang<\/figcaption><\/figure>\n<h3><strong>C\u00f4ng d\u1ee5ng c\u1ee7a vi\u00ean u\u1ed1ng nh\u00e2n s\u00e2m Baumann<\/strong><\/h3>\n<ul>\n<li>Vi\u00ean u\u1ed1ng nh\u00e2n s\u00e2m Baumann h\u1ed7 tr\u1ee3 b\u1ed3i b\u1ed5 s\u1ee9c kh\u1ecfe, gi\u1ea3m c\u1ea3m gi\u00e1c m\u1ec7t m\u1ecfi.<\/li>\n<li>T\u0103ng c\u01b0\u1eddng n\u0103ng l\u01b0\u1ee3ng cho c\u01a1 th\u1ec3.<\/li>\n<li>H\u1ed7 tr\u1ee3 ph\u1ee5c h\u1ed3i s\u1ee9c kh\u1ecfe cho ng\u01b0\u1eddi v\u1eeba \u1ed1m d\u1eady ho\u1eb7c sau ph\u1eabu thu\u1eadt.<\/li>\n<li>K\u00edch th\u00edch s\u1ef1 th\u00e8m \u0103n.<\/li>\n<li>C\u1ea3i thi\u1ec7n ch\u1ee9c n\u0103ng ti\u00eau h\u00f3a.<\/li>\n<li>L\u00e0 m\u00f3n qu\u00e0 cao c\u1ea5p ph\u00f9 h\u1ee3p cho ng\u01b0\u1eddi th\u00e2n, \u0111\u1ed1i t\u00e1c, \u0111\u1ed3ng nghi\u1ec7p, c\u1ea5p tr\u00ean, ho\u1eb7c d\u00f9ng l\u00e0m qu\u00e0 th\u0103m ng\u01b0\u1eddi b\u1ec7nh.<\/li>\n<\/ul>\n<h3><strong>\u0110\u1ed1i t\u01b0\u1ee3ng s\u1eed d\u1ee5ng<\/strong><\/h3>\n<ul>\n<li>Vi\u00ean u\u1ed1ng nh\u00e2n s\u00e2m Baumann c\u00f3 th\u1ec3 d\u00f9ng cho ng\u01b0\u1eddi l\u00e0m vi\u1ec7c v\u0103n ph\u00f2ng th\u01b0\u1eddng g\u1eb7p c\u0103ng th\u1eb3ng v\u00e0 m\u1ec7t m\u1ecfi.<\/li>\n<li>Ng\u01b0\u1eddi v\u1eeba kh\u1ecfi b\u1ec7nh.<\/li>\n<li>Ng\u01b0\u1eddi l\u1edbn tu\u1ed5i (\u00edt g\u00e2y \u1ea3nh h\u01b0\u1edfng huy\u1ebft \u00e1p).<\/li>\n<li>Nam gi\u1edbi t\u1eeb 35 tu\u1ed5i tr\u1edf l\u00ean.<\/li>\n<li>Ph\u1ee5 n\u1eef trong giai \u0111o\u1ea1n ti\u1ec1n m\u00e3n kinh v\u00e0 sau khi sinh.<\/li>\n<li>B\u1ec7nh nh\u00e2n m\u1eafc ung th\u01b0.<\/li>\n<\/ul>\n<h3><strong>T\u00e1c d\u1ee5ng ph\u1ee5<\/strong><\/h3>\n<ul>\n<li>S\u1ea3n ph\u1ea9m vi\u00ean u\u1ed1ng nh\u00e2n s\u00e2m Baumann kh\u00f4ng ph\u1ea3i l\u00e0 thu\u1ed1c v\u00e0 kh\u00f4ng c\u00f3 ch\u1ee9c n\u0103ng thay th\u1ebf thu\u1ed1c \u0111i\u1ec1u tr\u1ecb b\u1ec7nh.<\/li>\n<li>Ng\u1eebng s\u1eed d\u1ee5ng v\u00e0 tham kh\u1ea3o \u00fd ki\u1ebfn b\u00e1c s\u0129 n\u1ebfu b\u1ea1n c\u00f3 d\u1ea5u hi\u1ec7u nh\u1ea1y c\u1ea3m v\u1edbi b\u1ea5t k\u1ef3 th\u00e0nh ph\u1ea7n n\u00e0o trong s\u1ea3n ph\u1ea9m.<\/li>\n<li>Hi\u1ec7u qu\u1ea3 c\u00f3 th\u1ec3 kh\u00e1c nhau t\u00f9y thu\u1ed9c v\u00e0o c\u01a1 \u0111\u1ecba c\u1ee7a t\u1eebng ng\u01b0\u1eddi.<\/li>\n<\/ul>\n<h3><strong>H\u01b0\u1edbng D\u1eabn S\u1eed D\u1ee5ng<\/strong><\/h3>\n<ul>\n<li>U\u1ed1ng 1 \u2013 2 vi\u00ean \/ 2 l\u1ea7n \/ ng\u00e0y<\/li>\n<li>U\u1ed1ng vi\u00ean nh\u00e2n s\u00e2m Baumann v\u1edbi n\u01b0\u1edbc<\/li>\n<\/ul>\n<h3><strong>B\u1ea3o qu\u1ea3n<\/strong><\/h3>\n<ul>\n<li>B\u1ea3o qu\u1ea3n h\u1ed9p vi\u00ean u\u1ed1ng nh\u00e2n s\u00e2m Baumann \u1edf n\u01a1i kh\u00f4 r\u00e1o v\u00e0 th\u00f4ng tho\u00e1ng.<\/li>\n<li>Tr\u00e1nh xa \u00e1nh n\u1eafng tr\u1ef1c ti\u1ebfp c\u0169ng nh\u01b0 nh\u1eefng khu v\u1ef1c c\u00f3 nhi\u1ec7t \u0111\u1ed9 cao ho\u1eb7c \u0111\u1ed9 \u1ea9m cao.<\/li>\n<li>Sau khi m\u1edf n\u1eafp, n\u00ean gi\u1eef s\u1ea3n ph\u1ea9m trong ng\u0103n m\u00e1t t\u1ee7 l\u1ea1nh (t\u1ed1t nh\u1ea5t s\u1eed d\u1ee5ng trong v\u00f2ng 3 th\u00e1ng).<\/li>\n<li>\u0110\u1ea3m b\u1ea3o \u0111\u1ec3 s\u1ea3n ph\u1ea9m xa t\u1ea7m tay tr\u1ebb nh\u1ecf.<\/li>\n<\/ul>\n<figure id=\"attachment_894\" class=\"wp-caption aligncenter\" aria-describedby=\"caption-attachment-894\"><img decoding=\"async\" class=\"wp-image-894\" title=\"Vi\u00ean u\u1ed1ng nh\u00e2n s\u00e2m Baumann\" src=\"https:\/\/nhansambaumann.com\/wp-content\/uploads\/2024\/04\/vien-nang-nhan-sam-baumann-2.jpg\" alt=\"Vi\u00ean u\u1ed1ng nh\u00e2n s\u00e2m Baumann\" width=\"650\" height=\"650\" \/><figcaption id=\"caption-attachment-894\" class=\"wp-caption-text\">Vi\u00ean u\u1ed1ng nh\u00e2n s\u00e2m Baumann<\/figcaption><\/figure>\n<h2><strong>T\u1ea1i sao n\u00ean l\u1ef1a ch\u1ecdn vi\u00ean u\u1ed1ng nh\u00e2n s\u00e2m Baumann? Nh\u1eefng l\u1ee3i \u00edch n\u1ed5i b\u1eadt so v\u1edbi c\u00e1c s\u1ea3n ph\u1ea9m nh\u00e2n s\u00e2m kh\u00e1c<\/strong><\/h2>\n<ul>\n<li>Nh\u00e2n s\u00e2m Baumann Wisconsin \u0111\u01b0\u1ee3c tr\u1ed3ng tr\u00ean\u00a0<strong>v\u00f9ng \u0111\u1ea5t nguy\u00ean s\u01a1<\/strong>, ch\u1ec9 canh t\u00e1c m\u1ed9t l\u1ea7n m\u1ed7i 50 n\u0103m, v\u1edbi di\u1ec7n t\u00edch l\u00ean t\u1edbi h\u01a1n 700 hecta, l\u00e0 v\u00f9ng tr\u1ed3ng s\u00e2m M\u1ef9 l\u1edbn nh\u1ea5t th\u1ebf gi\u1edbi.<\/li>\n<li>Th\u00e0nh ph\u1ea7n\u00a0<strong>ho\u00e0n to\u00e0n l\u00e0 nh\u00e2n s\u00e2m<\/strong>\u00a0Baumann Wisconsin, kh\u00f4ng ch\u1ee9a t\u1ea1p ch\u1ea5t.<\/li>\n<li>S\u1ea3n ph\u1ea9m \u0111\u1ea1t ti\u00eau chu\u1ea9n\u00a0<strong>cGMP<\/strong>, \u0111\u1ea3m b\u1ea3o quy tr\u00ecnh s\u1ea3n xu\u1ea5t v\u00e0 ki\u1ec3m so\u00e1t ch\u1ea5t l\u01b0\u1ee3ng, c\u01a1 s\u1edf v\u1eadt ch\u1ea5t, thi\u1ebft b\u1ecb, v\u00e0 \u0111\u00e0o t\u1ea1o nh\u00e2n vi\u00ean.<\/li>\n<li>Quy tr\u00ecnh canh t\u00e1c v\u00e0 thu ho\u1ea1ch nh\u00e2n s\u00e2m Baumann \u0111\u01b0\u1ee3c th\u1ef1c hi\u1ec7n theo ti\u00eau chu\u1ea9n nghi\u00eam ng\u1eb7t, v\u1edbi \u0111\u1ed9 tu\u1ed5i\u00a0<strong>thu ho\u1ea1ch t\u1eeb 6-7 n\u0103m<\/strong>.<\/li>\n<li>\u0110\u00e3 \u0111\u01b0\u1ee3c nghi\u00ean c\u1ee9u v\u00e0\u00a0<strong>c\u00f4ng nh\u1eadn trong d\u01b0\u1ee3c th\u01b0 Hoa K\u1ef3<\/strong>, ch\u1ee9ng minh r\u1eb1ng nh\u00e2n s\u00e2m Baumann \u00edt g\u00e2y \u1ea3nh h\u01b0\u1edfng \u0111\u1ebfn huy\u1ebft \u00e1p.<\/li>\n<li>Ch\u1ee9a\u00a0<strong>16 lo\u1ea1i<\/strong>\u00a0kho\u00e1ng ch\u1ea5t,\u00a0<strong>17 lo\u1ea1i<\/strong>\u00a0axit amin, polysaccharides v\u00e0 nhi\u1ec1u vitamin kh\u00e1c nhau.<\/li>\n<li>\u0110\u01b0\u1ee3c s\u1ea3n xu\u1ea5t b\u1eb1ng\u00a0<strong>c\u00f4ng ngh\u1ec7 hi\u1ec7n \u0111\u1ea1i<\/strong>\u00a0nh\u1ea5t trong ng\u00e0nh.<\/li>\n<li>Ch\u1ee9ng nh\u1eadn ch\u1ea5t l\u01b0\u1ee3ng v\u00e0 ngu\u1ed3n g\u1ed1c r\u00f5 r\u00e0ng qua h\u1ec7 th\u1ed1ng \u0111\u1ed9c quy\u1ec1n\u00a0<strong>RootWise\u00ae<\/strong>.<\/li>\n<li>Th\u01b0\u01a1ng hi\u1ec7u c\u00f3\u00a0<strong>b\u1ec1 d\u00e0y l\u1ecbch s\u1eed<\/strong>: Gia \u0111\u00ecnh Baumann \u0111\u00e3 tr\u1ed3ng nh\u00e2n s\u00e2m Baumann t\u1ea1i Wisconsin t\u1eeb n\u0103m 1978, tr\u1edf th\u00e0nh nh\u00e0 s\u1ea3n xu\u1ea5t l\u1edbn nh\u1ea5t trong khu v\u1ef1c.<\/li>\n<li>S\u1ea3n ph\u1ea9m \u0111\u01b0\u1ee3c ph\u00e2n ph\u1ed1i r\u1ed9ng r\u00e3i tr\u00ean\u00a0<strong>50 ti\u1ec3u bang<\/strong>\u00a0c\u1ee7a M\u1ef9.<\/li>\n<li>Bao b\u00ec\u00a0<strong>sang tr\u1ecdng v\u00e0 cao c\u1ea5p<\/strong>, r\u1ea5t ph\u00f9 h\u1ee3p l\u00e0m qu\u00e0 bi\u1ebfu.<\/li>\n<li>\u0110\u01b0\u1ee3c\u00a0<strong>ch\u1ee9ng nh\u1eadn b\u1edfi h\u1ed9i \u0111\u1ed3ng<\/strong>\u00a0nh\u00e2n s\u00e2m bang Wisconsin.<\/li>\n<\/ul>\n<p>&nbsp;<\/p>\n<figure id=\"attachment_1579\" class=\"wp-caption aligncenter\" aria-describedby=\"caption-attachment-1579\"><img loading=\"lazy\" decoding=\"async\" class=\"wp-image-1579 size-full\" title=\"S\u00e2m vi\u00ean Baumann Wisconsin\" src=\"https:\/\/nhansambaumann.com\/wp-content\/uploads\/2024\/04\/z6135122939036_a16ca47a00011b6b5763864df53c3db5.jpg\" alt=\"Vi\u00ean U\u1ed1ng Nh\u00e2n S\u00e2m Baumann\" width=\"960\" height=\"1280\" \/><figcaption id=\"caption-attachment-1579\" class=\"wp-caption-text\">Vi\u00ean U\u1ed1ng Nh\u00e2n S\u00e2m Baumann<\/figcaption><\/figure>\n<h2><strong>C\u00e2u h\u1ecfi th\u01b0\u1eddng g\u1eb7p v\u1ec1 nh\u00e2n s\u00e2m vi\u00ean Baumann\u00a0<\/strong>(FAQs)<\/h2>\n<p><strong>C\u00e2u h\u1ecfi<\/strong>:\u00a0<strong>vi\u00ean u\u1ed1ng nh\u00e2n s\u00e2m Baumann c\u00f3 ph\u1ea3i l\u00e0 nh\u00e2n s\u00e2m M\u1ef9 ch\u00ednh h\u00e3ng \u0111\u01b0\u1ee3c tr\u1ed3ng t\u1ea1i Wisconsin kh\u00f4ng?<\/strong><br \/>\n<strong>Tr\u1ea3 l\u1eddi<\/strong>: \u0110\u00fang v\u1eady. Vi\u00ean u\u1ed1ng nh\u00e2n s\u00e2m Baumann \u0111\u01b0\u1ee3c s\u1ea3n xu\u1ea5t 100% t\u1eeb nh\u00e2n s\u00e2m M\u1ef9 tr\u1ed3ng t\u1ea1i Wisconsin.<\/p>\n<p><strong>C\u00e2u h\u1ecfi<\/strong>:\u00a0<strong>B\u00ean trong chai nh\u00e2n s\u00e2m vi\u00ean Baumann c\u00f3 g\u00ec?<\/strong><br \/>\n<strong>Tr\u1ea3 l\u1eddi<\/strong>: Chai s\u00e2m vi\u00ean Baumann ch\u1ee9a 130 vi\u00ean nang, m\u1ed7i vi\u00ean ch\u1ee9a 400mg.<\/p>\n<p><strong>C\u00e2u h\u1ecfi<\/strong>:<strong>\u00a0Vi\u00ean nh\u00e2n s\u00e2m Baumann Wisconsin \u0111\u01b0\u1ee3c ch\u1ebf bi\u1ebfn \u1edf \u0111\u00e2u?<\/strong><br \/>\n<strong>Tr\u1ea3 l\u1eddi<\/strong>: Vi\u00ean nh\u00e2n s\u00e2m Baumann Wisconsin \u0111\u01b0\u1ee3c ch\u1ebf bi\u1ebfn t\u1ea1i c\u01a1 s\u1edf tu\u00e2n th\u1ee7 ti\u00eau chu\u1ea9n cGMP t\u1ea1i Hoa K\u1ef3, v\u00e0 nguy\u00ean li\u1ec7u g\u1ed1c \u0111\u01b0\u1ee3c tr\u1ed3ng t\u1ea1i qu\u1eadn Marathon, Wisconsin, Hoa K\u1ef3.<\/p>\n<p><strong>C\u00e2u h\u1ecfi<\/strong>:\u00a0<strong>Th\u00e0nh ph\u1ea7n c\u00f3 trong vi\u00ean nh\u00e2n s\u00e2m Baumann l\u00e0 g\u00ec?<\/strong><br \/>\n<strong>Tr\u1ea3 l\u1eddi<\/strong>: Vi\u00ean nh\u00e2n s\u00e2m Baumann c\u00f3 th\u00e0nh ph\u1ea7n s\u1ea3n xu\u1ea5t t\u1eeb b\u1ed9t r\u1ec5 nh\u00e2n s\u00e2m Wisconsin, vi\u00ean nang (gelatin, n\u01b0\u1edbc tinh khi\u1ebft, glycerin).<\/p>\n<p><strong>C\u00e2u h\u1ecfi<\/strong>:<strong>\u00a0S\u1eed d\u1ee5ng vi\u00ean u\u1ed1ng nh\u00e2n s\u00e2m Baumann nh\u01b0 th\u1ebf n\u00e0o?<\/strong><br \/>\n<strong>Tr\u1ea3 l\u1eddi<\/strong>: M\u1ed9t ng\u00e0y c\u00f3 th\u1ec3 u\u1ed1ng t\u1eeb 1-2 l\u1ea7n (M\u1ed7i l\u1ea7n 1-2 vi\u00ean k\u00e8m v\u1edbi n\u01b0\u1edbc).<\/p>\n<p><strong>C\u00e2u h\u1ecfi<\/strong>:\u00a0<strong>Ngu\u1ed3n g\u1ed1c, Qu\u00e1 tr\u00ecnh ph\u00e1t tri\u1ec3n nh\u00e2n s\u00e2m Baumann Wisconsin nh\u01b0 th\u1ebf n\u00e0o?<\/strong><br \/>\n<strong>Tr\u1ea3 l\u1eddi<\/strong>: B\u1ea1n c\u00f3 th\u1ec3 tham kh\u1ea3o t\u1ea1i b\u00e0i vi\u1ebft:\u00a0<a href=\"https:\/\/nhansambaumann.com\/nong-trai\/\" target=\"_blank\" rel=\"noopener\"><strong>N\u00f4ng tr\u1ea1i s\u00e2m Baumann<\/strong><\/a><\/p>\n<p>&nbsp;<\/p>\n<hr \/>\n<h2><strong>HI\u0300NH A\u0309NH KHA\u0301CH HA\u0300NG S\u01af\u0309 DU\u0323NG<\/strong><br \/>\n<strong>NH\u00c2N S\u00c2M BAUMANN\u00a0WISCONSIN<\/strong><\/h2>\n<p><img loading=\"lazy\" decoding=\"async\" class=\"aligncenter wp-image-966\" title=\"Sampling nh\u00e2n s\u00e2m Baumann ta\u0323i nha\u0300 thu\u00f4\u0301c khu v\u01b0\u0323c C\u00e2\u0300n Th\u01a1\" src=\"https:\/\/nhansambaumann.com\/wp-content\/uploads\/2024\/04\/sampling-nhan-sam-baumann-tai-nha-thuoc-can-tho-3.jpg\" alt=\"Sampling nh\u00e2n s\u00e2m Baumann ta\u0323i nha\u0300 thu\u00f4\u0301c khu v\u01b0\u0323c C\u00e2\u0300n Th\u01a1\" width=\"650\" height=\"650\" \/><\/p>\n<p><img loading=\"lazy\" decoding=\"async\" class=\"aligncenter wp-image-964\" title=\"Hi\u0300nh a\u0309nh th\u01b0\u0323c t\u00ea\u0301 kha\u0301ch ha\u0300ng mua s\u00e2m Baumann Wisconsin My\u0303\" src=\"https:\/\/nhansambaumann.com\/wp-content\/uploads\/2024\/04\/Khach-hang-mua-sam-baumann.jpg\" alt=\"Hi\u0300nh a\u0309nh th\u01b0\u0323c t\u00ea\u0301 kha\u0301ch ha\u0300ng mua s\u00e2m Baumann Wisconsin My\u0303\" width=\"650\" height=\"650\" \/><\/p>\n<p><img loading=\"lazy\" decoding=\"async\" class=\"aligncenter wp-image-963\" title=\"Hi\u0300nh a\u0309nh th\u01b0\u0323c t\u00ea\u0301 kha\u0301ch ha\u0300ng mua s\u00e2m Baumann Wisconsin My\u0303\" src=\"https:\/\/nhansambaumann.com\/wp-content\/uploads\/2024\/04\/Khach-hang-mua-nhan-sam-baumann.jpg\" alt=\"Hi\u0300nh a\u0309nh th\u01b0\u0323c t\u00ea\u0301 kha\u0301ch ha\u0300ng mua s\u00e2m Baumann Wisconsin My\u0303\" width=\"650\" height=\"650\" \/><\/p>\n<p><img loading=\"lazy\" decoding=\"async\" class=\"aligncenter wp-image-960\" title=\"Hi\u0300nh a\u0309nh th\u01b0\u0323c t\u00ea\u0301 kha\u0301ch ha\u0300ng mua s\u00e2m Baumann Wisconsin My\u0303\" src=\"https:\/\/nhansambaumann.com\/wp-content\/uploads\/2024\/04\/Hinh-anh-thuc-te-sampling-sam-baumann-USA-3.jpg\" alt=\"Hi\u0300nh a\u0309nh th\u01b0\u0323c t\u00ea\u0301 kha\u0301ch ha\u0300ng mua s\u00e2m Baumann Wisconsin My\u0303\" width=\"650\" height=\"650\" \/><\/p>\n<p><img loading=\"lazy\" decoding=\"async\" class=\"aligncenter wp-image-950\" title=\"Hi\u0300nh a\u0309nh th\u01b0\u0323c t\u00ea\u0301 kha\u0301ch ha\u0300ng mua s\u00e2m Baumann Wisconsin My\u0303\" src=\"https:\/\/nhansambaumann.com\/wp-content\/uploads\/2024\/04\/Hinh-anh-thuc-te-khach-hang-mua-sam-baumann-my.jpg\" alt=\"Hi\u0300nh a\u0309nh th\u01b0\u0323c t\u00ea\u0301 kha\u0301ch ha\u0300ng mua s\u00e2m Baumann Wisconsin My\u0303\" width=\"650\" height=\"650\" \/><\/p>\n","protected":false},"excerpt":{"rendered":"<ul>\n<li><strong>C\u00f4ng d\u1ee5ng<\/strong>: Vi\u00ean u\u1ed1ng nh\u00e2n s\u00e2m Baumann gi\u00fap K\u00edch th\u00edch ho\u1ea1t \u0111\u1ed9ng c\u1ee7a n\u00e3o, gi\u1ea3m c\u1ea3m gi\u00e1c m\u1ec7t m\u1ecfi, h\u1ed7 tr\u1ee3 ph\u1ee5c h\u1ed3i s\u1ee9c kh\u1ecfe cho ng\u01b0\u1eddi m\u1edbi \u1ed1m d\u1eady, gi\u00fap \u0103n u\u1ed1ng ngon mi\u1ec7ng.<\/li>\n<li><strong>\u0110\u1ed1i t\u01b0\u1ee3ng<\/strong>: Ng\u01b0\u1eddi c\u00f3 c\u01a1 th\u1ec3 suy nh\u01b0\u1ee3c, c\u1ea3m th\u1ea5y m\u1ec7t m\u1ecfi, ng\u01b0\u1eddi sau ph\u1eabu thu\u1eadt, v\u00e0 ng\u01b0\u1eddi m\u1edbi h\u1ed3i ph\u1ee5c s\u1ee9c kh\u1ecfe.<\/li>\n<li><strong>D\u1ea1ng b\u00e0o ch\u1ebf<\/strong>: D\u1ea1ng Vi\u00ean nang<\/li>\n<li><strong>C\u00e1ch d\u00f9ng<\/strong>: U\u1ed1ng Nh\u00e2n S\u00e2m Vi\u00ean Baumann c\u00f9ng v\u1edbi n\u01b0\u1edbc l\u1ecdc<\/li>\n<li><strong>Xu\u1ea5t x\u1ee9<\/strong>: M\u1ef9<\/li>\n<\/ul>\n","protected":false},"featured_media":987,"comment_status":"open","ping_status":"closed","template":"","meta":{"site-sidebar-layout":"default","site-content-layout":"","ast-site-content-layout":"default","site-content-style":"default","site-sidebar-style":"default","ast-global-header-display":"","ast-banner-title-visibility":"","ast-main-header-display":"","ast-hfb-above-header-display":"","ast-hfb-below-header-display":"","ast-hfb-mobile-header-display":"","site-post-title":"","ast-breadcrumbs-content":"","ast-featured-img":"","footer-sml-layout":"","theme-transparent-header-meta":"","adv-header-id-meta":"","stick-header-meta":"","header-above-stick-meta":"","header-main-stick-meta":"","header-below-stick-meta":"","astra-migrate-meta-layouts":"default","ast-page-background-enabled":"default","ast-page-background-meta":{"desktop":{"background-color":"var(--ast-global-color-5)","background-image":"","background-repeat":"repeat","background-position":"center center","background-size":"auto","background-attachment":"scroll","background-type":"","background-media":"","overlay-type":"","overlay-color":"","overlay-opacity":"","overlay-gradient":""},"tablet":{"background-color":"","background-image":"","background-repeat":"repeat","background-position":"center center","background-size":"auto","background-attachment":"scroll","background-type":"","background-media":"","overlay-type":"","overlay-color":"","overlay-opacity":"","overlay-gradient":""},"mobile":{"background-color":"","background-image":"","background-repeat":"repeat","background-position":"center center","background-size":"auto","background-attachment":"scroll","background-type":"","background-media":"","overlay-type":"","overlay-color":"","overlay-opacity":"","overlay-gradient":""}},"ast-content-background-meta":{"desktop":{"background-color":"var(--ast-global-color-4)","background-image":"","background-repeat":"repeat","background-position":"center center","background-size":"auto","background-attachment":"scroll","background-type":"","background-media":"","overlay-type":"","overlay-color":"","overlay-opacity":"","overlay-gradient":""},"tablet":{"background-color":"var(--ast-global-color-4)","background-image":"","background-repeat":"repeat","background-position":"center center","background-size":"auto","background-attachment":"scroll","background-type":"","background-media":"","overlay-type":"","overlay-color":"","overlay-opacity":"","overlay-gradient":""},"mobile":{"background-color":"var(--ast-global-color-4)","background-image":"","background-repeat":"repeat","background-position":"center center","background-size":"auto","background-attachment":"scroll","background-type":"","background-media":"","overlay-type":"","overlay-color":"","overlay-opacity":"","overlay-gradient":""}}},"product_brand":[],"product_cat":[149],"product_tag":[],"class_list":{"0":"post-834","1":"product","2":"type-product","3":"status-publish","4":"has-post-thumbnail","6":"product_cat-voucher","7":"desktop-align-left","8":"tablet-align-left","9":"mobile-align-left","11":"first","12":"instock","13":"taxable","14":"shipping-taxable","15":"purchasable","16":"product-type-simple"},"_links":{"self":[{"href":"https:\/\/omewa.online\/index.php\/wp-json\/wp\/v2\/product\/834","targetHints":{"allow":["GET"]}}],"collection":[{"href":"https:\/\/omewa.online\/index.php\/wp-json\/wp\/v2\/product"}],"about":[{"href":"https:\/\/omewa.online\/index.php\/wp-json\/wp\/v2\/types\/product"}],"replies":[{"embeddable":true,"href":"https:\/\/omewa.online\/index.php\/wp-json\/wp\/v2\/comments?post=834"}],"wp:featuredmedia":[{"embeddable":true,"href":"https:\/\/omewa.online\/index.php\/wp-json\/wp\/v2\/media\/987"}],"wp:attachment":[{"href":"https:\/\/omewa.online\/index.php\/wp-json\/wp\/v2\/media?parent=834"}],"wp:term":[{"taxonomy":"product_brand","embeddable":true,"href":"https:\/\/omewa.online\/index.php\/wp-json\/wp\/v2\/product_brand?post=834"},{"taxonomy":"product_cat","embeddable":true,"href":"https:\/\/omewa.online\/index.php\/wp-json\/wp\/v2\/product_cat?post=834"},{"taxonomy":"product_tag","embeddable":true,"href":"https:\/\/omewa.online\/index.php\/wp-json\/wp\/v2\/product_tag?post=834"}],"curies":[{"name":"wp","href":"https:\/\/api.w.org\/{rel}","templated":true}]}}