{"id":813,"date":"2025-11-01T18:15:52","date_gmt":"2025-11-01T18:15:52","guid":{"rendered":"https:\/\/omewa.online\/?post_type=product&#038;p=813"},"modified":"2025-11-26T02:10:39","modified_gmt":"2025-11-26T02:10:39","slug":"sua-non-tang-de-khang-lazu-golden-wellness-nhap-khau-tu-new-zealand","status":"publish","type":"product","link":"https:\/\/omewa.online\/index.php\/product\/sua-non-tang-de-khang-lazu-golden-wellness-nhap-khau-tu-new-zealand\/","title":{"rendered":"S\u1eefa non t\u0103ng \u0111\u1ec1 kh\u00e1ng Lazu Golden Wellness Nh\u1eadp Kh\u1ea9u T\u1eeb New Zealand"},"content":{"rendered":"<h2 data-start=\"139\" data-end=\"221\"><strong data-start=\"145\" data-end=\"221\">S\u1eeeA NON LAZU GOLDEN WELLNESS \u2013 T\u0102NG \u0110\u1ec0 KH\u00c1NG T\u1ef0 NHI\u00caN, KH\u1eceE T\u1eea B\u00caN TRONG<\/strong><\/h2>\n<p data-start=\"223\" data-end=\"461\">B\u1ea1n \u0111ang t\u00ecm ki\u1ebfm <strong data-start=\"241\" data-end=\"281\">s\u1eefa non t\u0103ng \u0111\u1ec1 kh\u00e1ng ch\u1ea5t l\u01b0\u1ee3ng cao<\/strong>, h\u1ed7 tr\u1ee3 ph\u1ee5c h\u1ed3i s\u1ee9c kh\u1ecfe, t\u1ed1t cho h\u1ec7 ti\u00eau h\u00f3a v\u00e0 tr\u00ed n\u00e3o?<br data-start=\"340\" data-end=\"343\" \/>\ud83d\udc49 <strong data-start=\"346\" data-end=\"370\">Lazu Golden Wellness<\/strong> \u2013 <em data-start=\"373\" data-end=\"415\">s\u1eefa non cao c\u1ea5p nh\u1eadp kh\u1ea9u t\u1eeb New Zealand<\/em> \u2013 ch\u00ednh l\u00e0 l\u1ef1a ch\u1ecdn ho\u00e0n h\u1ea3o cho c\u1ea3 gia \u0111\u00ecnh!<\/p>\n<hr data-start=\"463\" data-end=\"466\" \/>\n<h3 data-start=\"468\" data-end=\"529\">\ud83e\udd5b <strong data-start=\"475\" data-end=\"529\">\u01afu \u0111i\u1ec3m v\u01b0\u1ee3t tr\u1ed9i c\u1ee7a s\u1eefa non Lazu Golden Wellness<\/strong><\/h3>\n<p data-start=\"531\" data-end=\"673\">\u2705 <strong data-start=\"533\" data-end=\"572\">S\u1eefa non Bovine tinh khi\u1ebft \u2013 IGG 20%<\/strong><br data-start=\"572\" data-end=\"575\" \/>\ud83d\udc49 B\u1ed5 sung kh\u00e1ng th\u1ec3 t\u1ef1 nhi\u00ean, <strong data-start=\"606\" data-end=\"633\">t\u0103ng c\u01b0\u1eddng h\u1ec7 mi\u1ec5n d\u1ecbch<\/strong>, ph\u00f2ng ch\u1ed1ng vi khu\u1ea9n \u2013 virus hi\u1ec7u qu\u1ea3.<\/p>\n<p data-start=\"675\" data-end=\"823\">\u2705 <strong data-start=\"677\" data-end=\"707\">M\u1eadt ong Manuka New Zealand<\/strong><br data-start=\"707\" data-end=\"710\" \/>\ud83d\udc49 Kh\u00e1ng khu\u1ea9n, ch\u1ed1ng vi\u00eam, b\u1ea3o v\u1ec7 \u0111\u01b0\u1eddng ru\u1ed9t \u2013 <strong data-start=\"758\" data-end=\"822\">t\u0103ng c\u01b0\u1eddng s\u1ee9c kh\u1ecfe ti\u00eau h\u00f3a v\u00e0 ph\u1ee5c h\u1ed3i th\u1ec3 l\u1ef1c nhanh ch\u00f3ng<\/strong>.<\/p>\n<p data-start=\"825\" data-end=\"981\">\u2705 <strong data-start=\"827\" data-end=\"880\">150 t\u1ef7 l\u1ee3i khu\u1ea9n \u2013 17 ch\u1ee7ng Probiotic &amp; Prebiotic<\/strong><br data-start=\"880\" data-end=\"883\" \/>\ud83d\udc49 <strong data-start=\"886\" data-end=\"909\">C\u00e2n b\u1eb1ng h\u1ec7 vi sinh<\/strong>, c\u1ea3i thi\u1ec7n ti\u00eau h\u00f3a, h\u1ea5p thu dinh d\u01b0\u1ee1ng t\u1ed1i \u0111a, gi\u1ea3m t\u00e1o b\u00f3n \u2013 \u0111\u1ea7y h\u01a1i.<\/p>\n<p data-start=\"983\" data-end=\"1198\">\u2705 <strong data-start=\"985\" data-end=\"1026\">Omega 3 (DHA) + Vitamin &amp; Kho\u00e1ng ch\u1ea5t<\/strong><br data-start=\"1026\" data-end=\"1029\" \/>\ud83d\udc49 <strong data-start=\"1032\" data-end=\"1102\">H\u1ed7 tr\u1ee3 ph\u00e1t tri\u1ec3n tr\u00ed n\u00e3o, x\u01b0\u01a1ng ch\u1eafc kh\u1ecfe, \u0111\u1eb9p da, ch\u1ed1ng l\u00e3o h\u00f3a.<\/strong><br data-start=\"1102\" data-end=\"1105\" \/>Ch\u1ee9a: Vitamin A, B1, B2, B5, B6, B12, C, D, E, Niacin, Folic Acid, Biotin, Canxi, K\u1ebdm, Magie\u2026<\/p>\n<p data-start=\"1200\" data-end=\"1327\">\u2705 <strong data-start=\"1202\" data-end=\"1223\">\u00cdt b\u00e9o \u2013 \u00cdt \u0111\u01b0\u1eddng<\/strong><br data-start=\"1223\" data-end=\"1226\" \/>\ud83d\udc49 Ph\u00f9 h\u1ee3p cho <strong data-start=\"1241\" data-end=\"1282\">ng\u01b0\u1eddi l\u1edbn tu\u1ed5i, ng\u01b0\u1eddi b\u1ec7nh ti\u1ec3u \u0111\u01b0\u1eddng<\/strong>, ng\u01b0\u1eddi \u0103n ki\u00eang ho\u1eb7c \u0111ang ph\u1ee5c h\u1ed3i s\u1ee9c kh\u1ecfe.<\/p>\n<hr data-start=\"1329\" data-end=\"1332\" \/>\n<h3 data-start=\"1334\" data-end=\"1357\">\ud83d\udc6a <strong data-start=\"1341\" data-end=\"1357\">D\u00e0nh cho ai?<\/strong><\/h3>\n<ul data-start=\"1359\" data-end=\"1937\">\n<li data-start=\"1359\" data-end=\"1447\">\n<p data-start=\"1361\" data-end=\"1447\"><strong data-start=\"1361\" data-end=\"1379\">Ng\u01b0\u1eddi cao tu\u1ed5i<\/strong>: T\u0103ng s\u1ee9c \u0111\u1ec1 kh\u00e1ng, c\u1ea3i thi\u1ec7n h\u1ec7 x\u01b0\u01a1ng kh\u1edbp v\u00e0 ng\u0103n ng\u1eeba l\u00e3o h\u00f3a.<\/p>\n<\/li>\n<li data-start=\"1448\" data-end=\"1543\">\n<p data-start=\"1450\" data-end=\"1543\"><strong data-start=\"1450\" data-end=\"1475\">Ng\u01b0\u1eddi b\u1ec7nh \u2013 h\u1eadu ph\u1eabu<\/strong>: Ph\u1ee5c h\u1ed3i s\u1ee9c kh\u1ecfe nhanh, h\u1ed7 tr\u1ee3 ti\u00eau h\u00f3a v\u00e0 kh\u00e1ng vi\u00eam t\u1ef1 nhi\u00ean.<\/p>\n<\/li>\n<li data-start=\"1544\" data-end=\"1636\">\n<p data-start=\"1546\" data-end=\"1636\"><strong data-start=\"1546\" data-end=\"1567\">Ph\u1ee5 n\u1eef trung ni\u00ean<\/strong>: L\u00e0m \u0111\u1eb9p da, gi\u1eef d\u00e1ng, t\u0103ng c\u01b0\u1eddng n\u0103ng l\u01b0\u1ee3ng m\u00e0 kh\u00f4ng lo t\u0103ng c\u00e2n.<\/p>\n<\/li>\n<li data-start=\"1637\" data-end=\"1741\">\n<p data-start=\"1639\" data-end=\"1741\"><strong data-start=\"1639\" data-end=\"1667\">Ng\u01b0\u1eddi t\u1eadp luy\u1ec7n th\u1ec3 thao<\/strong>: B\u1ed5 sung n\u0103ng l\u01b0\u1ee3ng, h\u1ed7 tr\u1ee3 c\u01a1 b\u1eafp, ph\u1ee5c h\u1ed3i m\u00f4 t\u1ed5n th\u01b0\u01a1ng nhanh ch\u00f3ng.<\/p>\n<\/li>\n<li data-start=\"1742\" data-end=\"1848\">\n<p data-start=\"1744\" data-end=\"1848\"><strong data-start=\"1744\" data-end=\"1775\">Ph\u1ee5 n\u1eef mang thai &amp; sau sinh<\/strong>: Cung c\u1ea5p canxi \u2013 vitamin thi\u1ebft y\u1ebfu, gi\u00fap m\u1eb9 kh\u1ecfe \u2013 b\u00e9 ph\u00e1t tri\u1ec3n t\u1ed1t.<\/p>\n<\/li>\n<li data-start=\"1849\" data-end=\"1937\">\n<p data-start=\"1851\" data-end=\"1937\"><strong data-start=\"1851\" data-end=\"1871\">Tr\u1ebb em t\u1eeb 4 tu\u1ed5i<\/strong>: Ho\u00e0n thi\u1ec7n h\u1ec7 mi\u1ec5n d\u1ecbch, ph\u00e1t tri\u1ec3n tr\u00ed n\u00e3o, ti\u00eau h\u00f3a kh\u1ecfe m\u1ea1nh.<\/p>\n<\/li>\n<\/ul>\n<hr data-start=\"1939\" data-end=\"1942\" \/>\n<h3 data-start=\"1944\" data-end=\"1986\">\ud83d\udcdd <strong data-start=\"1951\" data-end=\"1986\">H\u01b0\u1edbng d\u1eabn s\u1eed d\u1ee5ng s\u1eefa non Lazu:<\/strong><\/h3>\n<p data-start=\"1988\" data-end=\"2090\">\ud83d\udd39 <strong data-start=\"1991\" data-end=\"2003\">C\u00e1ch pha<\/strong>: 2 mu\u1ed7ng s\u1eefa v\u1edbi 150ml n\u01b0\u1edbc \u1ea5m (30\u201340\u00b0C), khu\u1ea5y \u0111\u1ec1u v\u00e0 d\u00f9ng ngay.<br data-start=\"2069\" data-end=\"2072\" \/>\ud83d\udd39 <strong data-start=\"2075\" data-end=\"2089\">Li\u1ec1u l\u01b0\u1ee3ng<\/strong>:<\/p>\n<ul data-start=\"2091\" data-end=\"2234\">\n<li data-start=\"2091\" data-end=\"2122\">\n<p data-start=\"2093\" data-end=\"2122\">Ng\u01b0\u1eddi kh\u1ecfe m\u1ea1nh: 1 l\u1ea7n\/ng\u00e0y<\/p>\n<\/li>\n<li data-start=\"2123\" data-end=\"2234\">\n<p data-start=\"2125\" data-end=\"2234\">Ng\u01b0\u1eddi b\u1ec7nh, ng\u01b0\u1eddi c\u1ea7n h\u1ed3i ph\u1ee5c: 2 l\u1ea7n\/ng\u00e0y (s\u00e1ng v\u00e0 t\u1ed1i)<br data-start=\"2181\" data-end=\"2184\" \/>\u26a0\ufe0f Kh\u00f4ng pha v\u1edbi n\u01b0\u1edbc n\u00f3ng \u0111\u1ec3 b\u1ea3o to\u00e0n d\u01b0\u1ee1ng ch\u1ea5t.<\/p>\n<\/li>\n<\/ul>\n<hr data-start=\"2236\" data-end=\"2239\" \/>\n<h3 data-start=\"2241\" data-end=\"2285\">\ud83c\udf89 <strong data-start=\"2248\" data-end=\"2285\">\u01afU \u0110\u00c3I H\u1ea4P D\u1eaaN \u2013 QU\u00c0 T\u1eb6NG GI\u00c1 TR\u1eca<br \/>\n<\/strong>\ud83c\udf9f\ufe0f <strong data-start=\"2364\" data-end=\"2386\">GI\u1ea2M NGAY 140.000\u0111<\/strong> cho kh\u00e1ch h\u00e0ng m\u1edbi (\u00e1p d\u1ee5ng \u0111\u01a1n h\u00e0ng \u0111\u1ea7u ti\u00ean)<\/h3>\n<hr data-start=\"2435\" data-end=\"2438\" \/>\n<p data-start=\"2440\" data-end=\"2604\">\ud83d\udce6 <strong data-start=\"2443\" data-end=\"2503\">Nhanh tay \u0111\u1eb7t h\u00e0ng s\u1eefa Lazu Golden Wellness ngay h\u00f4m nay<\/strong> \u2013 S\u1ed1 l\u01b0\u1ee3ng qu\u00e0 t\u1eb7ng c\u00f3 h\u1ea1n!<br data-start=\"2531\" data-end=\"2534\" \/>\ud83d\udc9a B\u1ea3o v\u1ec7 s\u1ee9c kh\u1ecfe m\u1ed7i ng\u00e0y \u2013 T\u1eb7ng m\u00f3n qu\u00e0 \u00fd ngh\u0129a cho ng\u01b0\u1eddi th\u00e2n y\u00eau!<\/p>\n<p data-start=\"2611\" data-end=\"2745\"><strong>H\u1ed3 s\u01a1 c\u00f4ng b\u1ed1:\u00a0<\/strong>https:\/\/drive.google.com\/drive\/folders\/1Ylhte2AloKtAzI8pamwSkZS8i8sUH0yF?usp=drive_link<\/p>\n<p>#LazuGoldenWellness #SuaNonTangDeKhang #SuaNhapKhauNewZealand #QuaTangSucKhoe #SuaChoNguoiLonTuoi #Probiotic #DHA #Voucher<\/p>\n","protected":false},"excerpt":{"rendered":"<div class=\"flex-shrink-0 flex flex-col relative items-end\">\n<div class=\"pt-0\">\n<div class=\"gizmo-bot-avatar flex h-8 w-8 items-center justify-center overflow-hidden rounded-full\">\n<div class=\"relative p-1 rounded-sm flex items-center justify-center bg-token-main-surface-primary text-token-text-primary h-8 w-8\">\n<section id=\"section_1553691218\" class=\"section\">\n<div class=\"section-content relative\">\n<div id=\"row-1233209043\" class=\"row row-collapse row-full-width align-middle\">\n<div id=\"col-1323344294\" class=\"col medium-5 small-11 large-5\">\n<div class=\"col-inner text-left\">\n<h3 data-start=\"468\" data-end=\"529\">\ud83e\udd5b <strong data-start=\"475\" data-end=\"529\">\u01afu \u0111i\u1ec3m v\u01b0\u1ee3t tr\u1ed9i c\u1ee7a s\u1eefa non Lazu Golden Wellness<\/strong><\/h3>\n<p data-start=\"531\" data-end=\"673\">\u2705 <strong data-start=\"533\" data-end=\"572\">S\u1eefa non Bovine tinh khi\u1ebft \u2013 IGG 20%<\/strong><br data-start=\"572\" data-end=\"575\" \/>\ud83d\udc49 B\u1ed5 sung kh\u00e1ng th\u1ec3 t\u1ef1 nhi\u00ean, <strong data-start=\"606\" data-end=\"633\">t\u0103ng c\u01b0\u1eddng h\u1ec7 mi\u1ec5n d\u1ecbch<\/strong>, ph\u00f2ng ch\u1ed1ng vi khu\u1ea9n \u2013 virus hi\u1ec7u qu\u1ea3.<\/p>\n<p data-start=\"675\" data-end=\"823\">\u2705 <strong data-start=\"677\" data-end=\"707\">M\u1eadt ong Manuka New Zealand<\/strong><br data-start=\"707\" data-end=\"710\" \/>\ud83d\udc49 Kh\u00e1ng khu\u1ea9n, ch\u1ed1ng vi\u00eam, b\u1ea3o v\u1ec7 \u0111\u01b0\u1eddng ru\u1ed9t \u2013 <strong data-start=\"758\" data-end=\"822\">t\u0103ng c\u01b0\u1eddng s\u1ee9c kh\u1ecfe ti\u00eau h\u00f3a v\u00e0 ph\u1ee5c h\u1ed3i th\u1ec3 l\u1ef1c nhanh ch\u00f3ng<\/strong>.<\/p>\n<p data-start=\"825\" data-end=\"981\">\u2705 <strong data-start=\"827\" data-end=\"880\">150 t\u1ef7 l\u1ee3i khu\u1ea9n \u2013 17 ch\u1ee7ng Probiotic &amp; Prebiotic<\/strong><br data-start=\"880\" data-end=\"883\" \/>\ud83d\udc49 <strong data-start=\"886\" data-end=\"909\">C\u00e2n b\u1eb1ng h\u1ec7 vi sinh<\/strong>, c\u1ea3i thi\u1ec7n ti\u00eau h\u00f3a, h\u1ea5p thu dinh d\u01b0\u1ee1ng t\u1ed1i \u0111a, gi\u1ea3m t\u00e1o b\u00f3n \u2013 \u0111\u1ea7y h\u01a1i.<\/p>\n<p data-start=\"983\" data-end=\"1198\">\u2705 <strong data-start=\"985\" data-end=\"1026\">Omega 3 (DHA) + Vitamin &amp; Kho\u00e1ng ch\u1ea5t<\/strong><br data-start=\"1026\" data-end=\"1029\" \/>\ud83d\udc49 <strong data-start=\"1032\" data-end=\"1102\">H\u1ed7 tr\u1ee3 ph\u00e1t tri\u1ec3n tr\u00ed n\u00e3o, x\u01b0\u01a1ng ch\u1eafc kh\u1ecfe, \u0111\u1eb9p da, ch\u1ed1ng l\u00e3o h\u00f3a.<\/strong><br data-start=\"1102\" data-end=\"1105\" \/>Ch\u1ee9a: Vitamin A, B1, B2, B5, B6, B12, C, D, E, Niacin, Folic Acid, Biotin, Canxi, K\u1ebdm, Magie\u2026<\/p>\n<p data-start=\"1200\" data-end=\"1327\">\u2705 <strong data-start=\"1202\" data-end=\"1223\">\u00cdt b\u00e9o \u2013 \u00cdt \u0111\u01b0\u1eddng<\/strong><br data-start=\"1223\" data-end=\"1226\" \/>\ud83d\udc49 Ph\u00f9 h\u1ee3p cho <strong data-start=\"1241\" data-end=\"1282\">ng\u01b0\u1eddi l\u1edbn tu\u1ed5i, ng\u01b0\u1eddi b\u1ec7nh ti\u1ec3u \u0111\u01b0\u1eddng<\/strong>, ng\u01b0\u1eddi \u0103n ki\u00eang ho\u1eb7c \u0111ang ph\u1ee5c h\u1ed3i s\u1ee9c kh\u1ecfe.<\/p>\n<\/div>\n<\/div>\n<\/div>\n<\/div>\n<\/section>\n<\/div>\n<\/div>\n<\/div>\n<\/div>\n","protected":false},"featured_media":940,"comment_status":"open","ping_status":"closed","template":"","meta":{"site-sidebar-layout":"default","site-content-layout":"","ast-site-content-layout":"default","site-content-style":"default","site-sidebar-style":"default","ast-global-header-display":"","ast-banner-title-visibility":"","ast-main-header-display":"","ast-hfb-above-header-display":"","ast-hfb-below-header-display":"","ast-hfb-mobile-header-display":"","site-post-title":"","ast-breadcrumbs-content":"","ast-featured-img":"","footer-sml-layout":"","theme-transparent-header-meta":"default","adv-header-id-meta":"","stick-header-meta":"","header-above-stick-meta":"","header-main-stick-meta":"","header-below-stick-meta":"","astra-migrate-meta-layouts":"set","ast-page-background-enabled":"default","ast-page-background-meta":{"desktop":{"background-color":"var(--ast-global-color-5)","background-image":"","background-repeat":"repeat","background-position":"center center","background-size":"auto","background-attachment":"scroll","background-type":"","background-media":"","overlay-type":"","overlay-color":"","overlay-opacity":"","overlay-gradient":""},"tablet":{"background-color":"","background-image":"","background-repeat":"repeat","background-position":"center center","background-size":"auto","background-attachment":"scroll","background-type":"","background-media":"","overlay-type":"","overlay-color":"","overlay-opacity":"","overlay-gradient":""},"mobile":{"background-color":"","background-image":"","background-repeat":"repeat","background-position":"center center","background-size":"auto","background-attachment":"scroll","background-type":"","background-media":"","overlay-type":"","overlay-color":"","overlay-opacity":"","overlay-gradient":""}},"ast-content-background-meta":{"desktop":{"background-color":"var(--ast-global-color-4)","background-image":"","background-repeat":"repeat","background-position":"center center","background-size":"auto","background-attachment":"scroll","background-type":"","background-media":"","overlay-type":"","overlay-color":"","overlay-opacity":"","overlay-gradient":""},"tablet":{"background-color":"var(--ast-global-color-4)","background-image":"","background-repeat":"repeat","background-position":"center center","background-size":"auto","background-attachment":"scroll","background-type":"","background-media":"","overlay-type":"","overlay-color":"","overlay-opacity":"","overlay-gradient":""},"mobile":{"background-color":"var(--ast-global-color-4)","background-image":"","background-repeat":"repeat","background-position":"center center","background-size":"auto","background-attachment":"scroll","background-type":"","background-media":"","overlay-type":"","overlay-color":"","overlay-opacity":"","overlay-gradient":""}}},"product_brand":[108],"product_cat":[107,1593,1605,427,428],"product_tag":[],"class_list":{"0":"post-813","1":"product","2":"type-product","3":"status-publish","4":"has-post-thumbnail","6":"product_brand-lazu","7":"product_cat-lazu","8":"product_cat-sua","9":"product_cat-sua-bot","10":"product_cat-suc-khoe","11":"product_cat-thuc-pham-chuc-nang","12":"desktop-align-left","13":"tablet-align-left","14":"mobile-align-left","16":"first","17":"instock","18":"sale","19":"featured","20":"taxable","21":"shipping-taxable","22":"purchasable","23":"product-type-simple"},"_links":{"self":[{"href":"https:\/\/omewa.online\/index.php\/wp-json\/wp\/v2\/product\/813","targetHints":{"allow":["GET"]}}],"collection":[{"href":"https:\/\/omewa.online\/index.php\/wp-json\/wp\/v2\/product"}],"about":[{"href":"https:\/\/omewa.online\/index.php\/wp-json\/wp\/v2\/types\/product"}],"replies":[{"embeddable":true,"href":"https:\/\/omewa.online\/index.php\/wp-json\/wp\/v2\/comments?post=813"}],"wp:featuredmedia":[{"embeddable":true,"href":"https:\/\/omewa.online\/index.php\/wp-json\/wp\/v2\/media\/940"}],"wp:attachment":[{"href":"https:\/\/omewa.online\/index.php\/wp-json\/wp\/v2\/media?parent=813"}],"wp:term":[{"taxonomy":"product_brand","embeddable":true,"href":"https:\/\/omewa.online\/index.php\/wp-json\/wp\/v2\/product_brand?post=813"},{"taxonomy":"product_cat","embeddable":true,"href":"https:\/\/omewa.online\/index.php\/wp-json\/wp\/v2\/product_cat?post=813"},{"taxonomy":"product_tag","embeddable":true,"href":"https:\/\/omewa.online\/index.php\/wp-json\/wp\/v2\/product_tag?post=813"}],"curies":[{"name":"wp","href":"https:\/\/api.w.org\/{rel}","templated":true}]}}