{"id":775,"date":"2025-11-01T18:15:07","date_gmt":"2025-11-01T18:15:07","guid":{"rendered":"https:\/\/omewa.online\/?post_type=product&#038;p=775"},"modified":"2025-11-01T18:16:54","modified_gmt":"2025-11-01T18:16:54","slug":"combo-trai-nghiem-vi-sinh-lau-chui-dau-mo-kitchen-kleen-vi-sinh-lau-chui-da-nang-3e-kleen","status":"publish","type":"product","link":"https:\/\/omewa.online\/index.php\/product\/combo-trai-nghiem-vi-sinh-lau-chui-dau-mo-kitchen-kleen-vi-sinh-lau-chui-da-nang-3e-kleen\/","title":{"rendered":"Combo tr\u1ea3i nghi\u1ec7m vi sinh lau ch\u00f9i d\u1ea7u m\u1ee1 kitchen KLEEN &#8211; vi sinh lau ch\u00f9i \u0111a n\u0103ng 3E KLEEN"},"content":{"rendered":"<p>1. T\u00ean s\u1ea3n ph\u1ea9m: Combo tr\u1ea3i nghi\u1ec7m vi sinh lau ch\u00f9i d\u1ea7u m\u1ee1 kitchen KLEEN &#8211; vi sinh lau ch\u00f9i \u0111a n\u0103ng 3E KLEEN<\/p>\n<p>2. Th\u01b0\u01a1ng hi\u1ec7u: Kitchen KLEEN &amp; 3E KLEEN<\/p>\n<p>3. Xu\u1ea5t x\u1ee9 s\u1ea3n ph\u1ea9m: S\u1ea3n xu\u1ea5t t\u1ea1i Vi\u1ec7t Nam v\u1edbi nguy\u00ean li\u1ec7u nh\u1eadp kh\u1ea9u 100% t\u1eeb Canada<\/p>\n<p>4. Th\u00e0nh ph\u1ea7n: L\u1ee3i khu\u1ea9n, enzyme, ch\u1ea5t ho\u1ea1t \u0111\u1ed9ng b\u1ec1 m\u1eb7t xanh, m\u00e0u v\u00e0 h\u01b0\u01a1ng t\u1ef1 nhi\u00ean<\/p>\n<p>5. C\u00f4ng d\u1ee5ng:<\/p>\n<p>Kitchen KLEEN: Lau ch\u00f9i v\u1ebft d\u1ea7u m\u1ee1 khu v\u1ef1c b\u1ebfp nh\u01b0 m\u1eb7t b\u1ebfp, t\u01b0\u1eddng b\u1ebfp, s\u00e0n nh\u00e0, m\u00e1y h\u00fat m\u00f9i, n\u01a1i ch\u1ebf bi\u1ebfn th\u1ef1c ph\u1ea9m th\u01b0\u1eddng xuy\u00ean ti\u1ebfp x\u00fac d\u1ea7u m\u1ee1 &#8230;<br \/>\n3E KLEEN: Lau ch\u00f9i c\u00e1c v\u1ebft b\u1ea9n b\u00e1m tr\u00ean b\u1ec1 m\u1eb7t: g\u01b0\u01a1ng soi, m\u1eb7t b\u00e0n, b\u1ed3n v\u1ec7 sinh, s\u00e0n nh\u00e0, n\u1ec1n g\u1ed7\u2026 An to\u00e0n cho inox, s\u1ee9, nh\u1ef1a melamine, \u0111\u00e1 c\u00e1c lo\u1ea1i, th\u1ee7y tinh v\u00e0 b\u1ea5t k\u1ef3 b\u1ec1 m\u0103t kh\u00e1ng n\u01b0\u1edbc kh\u00e1c.<\/p>\n<p>6. \u0110\u1ed1i t\u01b0\u1ee3ng s\u1eed d\u1ee5ng:<\/p>\n<p>Kitchen KLEEN: gia \u0111\u00ecnh, v\u0103n ph\u00f2ng, b\u1ebfp nh\u00e0 h\u00e0ng, qu\u00e1n \u0103n&#8230;<br \/>\n3E KLEEN: Lau ch\u00f9i c\u00e1c v\u1ebft b\u1ea9n b\u00e1m tr\u00ean b\u1ec1 m\u1eb7t: g\u01b0\u01a1ng soi, m\u1eb7t b\u00e0n, b\u1ed3n v\u1ec7 sinh, s\u00e0n nh\u00e0, n\u1ec1n g\u1ed7\u2026 An to\u00e0n cho inox, s\u1ee9, nh\u1ef1a melamine, \u0111\u00e1 c\u00e1c lo\u1ea1i, th\u1ee7y tinh v\u00e0 b\u1ea5t k\u1ef3 b\u1ec1 m\u0103t kh\u00e1ng n\u01b0\u1edbc kh\u00e1c<\/p>\n<p>7. C\u00e1ch d\u00f9ng:<\/p>\n<p>B\u01b0\u1edbc 1: &#8220;\u0110\u00e1nh th\u1ee9c&#8221; l\u1ee3i khu\u1ea9n b\u1eb1ng c\u00e1ch pha 1 \u1ed1ng 5ml v\u1edbi 500ml n\u01b0\u1edbc s\u1ea1ch, l\u1eafc \u0111\u1ec1u tr\u01b0\u1edbc khi s\u1eed d\u1ee5ng<br \/>\nB\u01b0\u1edbc 2: Xoay \u0111\u1ea7u v\u00f2i sang ch\u1ebf \u0111\u1ed9 SPRAY \/ STREAM<br \/>\nB\u01b0\u1edbc 3: X\u1ecbt dung d\u1ecbch tr\u1ef1c ti\u1ebfp v\u00e0o khu v\u1ef1c c\u1ea7n lau, \u0111\u1ec3 10-15s sau \u0111\u00f3 d\u00f9ng kh\u0103n kh\u00f4 lau s\u1ea1ch. Kh\u00f4ng c\u1ea7n lau l\u1ea1i b\u1eb1ng n\u01b0\u1edbc.<\/p>\n<p>8. Quy c\u00e1ch: 2 b\u00ecnh x\u1ecbt r\u1ed7ng 500ml + 2 \u1ed1ng dung d\u1ecbch \u0111\u1eadm \u0111\u1eb7c 5ml<\/p>\n<p>9. NSX &amp; HSD: 2 n\u0103m k\u1ec3 t\u1eeb ng\u00e0y s\u1ea3n xu\u1ea5t<\/p>\n<p>10. B\u1ea3o qu\u1ea3n: B\u1ea3o qu\u1ea3n \u1edf \u0111i\u1ec1u ki\u1ec7n th\u00f4ng th\u01b0\u1eddng<\/p>\n<p>11. M\u00f4 t\u1ea3: Kitchen KLEEN v\u00e0 3E KLEEN &amp; pet KLEEN \u1ee9ng d\u1ee5ng c\u00f4ng ngh\u1ec7 sinh h\u1ecdc t\u1eeb Canada, v\u1edbi th\u00e0nh ph\u1ea7n ch\u1ee9a vi sinh \u0111\u1eb7c bi\u1ec7t chuy\u1ec3n h\u00f3a v\u1ebft d\u1ea7u m\u1ee1 trong nh\u00e0 b\u1ebfp th\u00e0nh n\u01b0\u1edbc gi\u00fap d\u1ec5 lau ch\u00f9i, h\u1ea1n ch\u1ebf m\u00f9i h\u00f4i v\u00e0 vi khu\u1ea9n g\u00e2y b\u1ec7nh. S\u1ea3n ph\u1ea9m ch\u1ee9a th\u00e0nh ph\u1ea7n t\u1ef1 nhi\u00ean d\u1ec5 ph\u00e2n h\u1ee7y sinh h\u1ecdc v\u00e0 \u0111\u1ea1t ti\u00eau chu\u1ea9n Ch\u00e2u \u00c2u, an to\u00e0n s\u1ee9c kh\u1ecfe v\u00e0 th\u00e2n thi\u1ec7n m\u00f4i tr\u01b0\u1eddng, an t\u00e2m s\u1eed d\u1ee5ng h\u00e0ng ng\u00e0y. pH = 7 kh\u00f4ng g\u00e2y k\u00edch \u1ee9ng da, kh\u00f4ng g\u00e2y \u0103n m\u00f2n thi\u1ebft b\u1ecb, kh\u00f4ng ch\u1ee9a h\u1ee3p ch\u1ea5t h\u1eefu c\u01a1 d\u1ec5 bay h\u01a1i (VOCs).<\/p>\n<p>12. L\u01b0u \u00fd:<\/p>\n<p>\u1ed0ng tinh ch\u1ea5t b\u1ea3o qu\u1ea3n \u1edf nhi\u1ec7t \u0111\u1ed9 th\u01b0\u1eddng c\u00f3 th\u1eddi gian s\u1eed d\u1ee5ng 2 n\u0103m. N\u00ean s\u1eed d\u1ee5ng t\u1ed1t nh\u1ea5t t\u1eeb 30-45 ng\u00e0y sau khi pha lo\u00e3ng v\u1edbi n\u01b0\u1edbc \u0111\u1ec3 \u0111\u1ea1t hi\u1ec7u qu\u1ea3 t\u1ed1i \u0111a, do th\u00e0nh ph\u1ea7n vi sinh s\u1ebd m\u1ea5t d\u1ea7n \u1edf \u0111i\u1ec1u ki\u1ec7n th\u00f4ng th\u01b0\u1eddng. L\u00fac n\u00e0y, s\u1ea3n ph\u1ea9m v\u1eabn \u0111\u1ea1t hi\u1ec7u qu\u1ea3 b\u1edfi th\u00e0nh ph\u1ea7n ch\u1ea5t ho\u1ea1t \u0111\u1ed9ng b\u1ec1 m\u1eb7t xanh v\u00e0 enzyme.<br \/>\nKh\u00f4ng x\u1ecbt v\u00e0o b\u1ec1 m\u1eb7t c\u00f3 nhi\u1ec7t \u0111\u1ed9 tr\u00ean 60 \u0111\u1ed9 C.<br \/>\nD\u00ednh v\u00e0o m\u1eaft r\u1eeda l\u1ea1i b\u1eb1ng n\u01b0\u1edbc s\u1ea1ch.<\/p>\n","protected":false},"excerpt":{"rendered":"<p>Kitchen KLEEN v\u00e0 3E KLEEN &amp; pet KLEEN \u1ee9ng d\u1ee5ng c\u00f4ng ngh\u1ec7 sinh h\u1ecdc t\u1eeb Canada,<\/p>\n<p>v\u1edbi th\u00e0nh ph\u1ea7n ch\u1ee9a vi sinh \u0111\u1eb7c bi\u1ec7t chuy\u1ec3n h\u00f3a v\u1ebft d\u1ea7u m\u1ee1 trong nh\u00e0 b\u1ebfp th\u00e0nh n\u01b0\u1edbc gi\u00fap d\u1ec5 lau ch\u00f9i, h\u1ea1n ch\u1ebf m\u00f9i h\u00f4i v\u00e0 vi khu\u1ea9n g\u00e2y b\u1ec7nh.<\/p>\n<p>S\u1ea3n ph\u1ea9m ch\u1ee9a th\u00e0nh ph\u1ea7n t\u1ef1 nhi\u00ean d\u1ec5 ph\u00e2n h\u1ee7y sinh h\u1ecdc v\u00e0 \u0111\u1ea1t ti\u00eau chu\u1ea9n Ch\u00e2u \u00c2u, an to\u00e0n s\u1ee9c kh\u1ecfe v\u00e0 th\u00e2n thi\u1ec7n m\u00f4i tr\u01b0\u1eddng, an t\u00e2m s\u1eed d\u1ee5ng h\u00e0ng ng\u00e0y. pH = 7 kh\u00f4ng g\u00e2y k\u00edch \u1ee9ng da, kh\u00f4ng g\u00e2y \u0103n m\u00f2n thi\u1ebft b\u1ecb, kh\u00f4ng ch\u1ee9a h\u1ee3p ch\u1ea5t h\u1eefu c\u01a1 d\u1ec5 bay h\u01a1i (VOCs).<\/p>\n","protected":false},"featured_media":910,"comment_status":"open","ping_status":"closed","template":"","meta":{"site-sidebar-layout":"default","site-content-layout":"","ast-site-content-layout":"default","site-content-style":"default","site-sidebar-style":"default","ast-global-header-display":"","ast-banner-title-visibility":"","ast-main-header-display":"","ast-hfb-above-header-display":"","ast-hfb-below-header-display":"","ast-hfb-mobile-header-display":"","site-post-title":"","ast-breadcrumbs-content":"","ast-featured-img":"","footer-sml-layout":"","theme-transparent-header-meta":"","adv-header-id-meta":"","stick-header-meta":"","header-above-stick-meta":"","header-main-stick-meta":"","header-below-stick-meta":"","astra-migrate-meta-layouts":"default","ast-page-background-enabled":"default","ast-page-background-meta":{"desktop":{"background-color":"var(--ast-global-color-5)","background-image":"","background-repeat":"repeat","background-position":"center center","background-size":"auto","background-attachment":"scroll","background-type":"","background-media":"","overlay-type":"","overlay-color":"","overlay-opacity":"","overlay-gradient":""},"tablet":{"background-color":"","background-image":"","background-repeat":"repeat","background-position":"center center","background-size":"auto","background-attachment":"scroll","background-type":"","background-media":"","overlay-type":"","overlay-color":"","overlay-opacity":"","overlay-gradient":""},"mobile":{"background-color":"","background-image":"","background-repeat":"repeat","background-position":"center center","background-size":"auto","background-attachment":"scroll","background-type":"","background-media":"","overlay-type":"","overlay-color":"","overlay-opacity":"","overlay-gradient":""}},"ast-content-background-meta":{"desktop":{"background-color":"var(--ast-global-color-4)","background-image":"","background-repeat":"repeat","background-position":"center center","background-size":"auto","background-attachment":"scroll","background-type":"","background-media":"","overlay-type":"","overlay-color":"","overlay-opacity":"","overlay-gradient":""},"tablet":{"background-color":"var(--ast-global-color-4)","background-image":"","background-repeat":"repeat","background-position":"center center","background-size":"auto","background-attachment":"scroll","background-type":"","background-media":"","overlay-type":"","overlay-color":"","overlay-opacity":"","overlay-gradient":""},"mobile":{"background-color":"var(--ast-global-color-4)","background-image":"","background-repeat":"repeat","background-position":"center center","background-size":"auto","background-attachment":"scroll","background-type":"","background-media":"","overlay-type":"","overlay-color":"","overlay-opacity":"","overlay-gradient":""}}},"product_brand":[],"product_cat":[75],"product_tag":[],"class_list":{"0":"post-775","1":"product","2":"type-product","3":"status-publish","4":"has-post-thumbnail","6":"product_cat-do-dung-nha-bep-va-phong-an","7":"desktop-align-left","8":"tablet-align-left","9":"mobile-align-left","11":"first","12":"instock","13":"taxable","14":"shipping-taxable","15":"purchasable","16":"product-type-simple"},"_links":{"self":[{"href":"https:\/\/omewa.online\/index.php\/wp-json\/wp\/v2\/product\/775","targetHints":{"allow":["GET"]}}],"collection":[{"href":"https:\/\/omewa.online\/index.php\/wp-json\/wp\/v2\/product"}],"about":[{"href":"https:\/\/omewa.online\/index.php\/wp-json\/wp\/v2\/types\/product"}],"replies":[{"embeddable":true,"href":"https:\/\/omewa.online\/index.php\/wp-json\/wp\/v2\/comments?post=775"}],"wp:featuredmedia":[{"embeddable":true,"href":"https:\/\/omewa.online\/index.php\/wp-json\/wp\/v2\/media\/910"}],"wp:attachment":[{"href":"https:\/\/omewa.online\/index.php\/wp-json\/wp\/v2\/media?parent=775"}],"wp:term":[{"taxonomy":"product_brand","embeddable":true,"href":"https:\/\/omewa.online\/index.php\/wp-json\/wp\/v2\/product_brand?post=775"},{"taxonomy":"product_cat","embeddable":true,"href":"https:\/\/omewa.online\/index.php\/wp-json\/wp\/v2\/product_cat?post=775"},{"taxonomy":"product_tag","embeddable":true,"href":"https:\/\/omewa.online\/index.php\/wp-json\/wp\/v2\/product_tag?post=775"}],"curies":[{"name":"wp","href":"https:\/\/api.w.org\/{rel}","templated":true}]}}