{"id":772,"date":"2025-11-01T18:15:07","date_gmt":"2025-11-01T18:15:07","guid":{"rendered":"https:\/\/omewa.online\/?post_type=product&#038;p=772"},"modified":"2025-11-01T18:16:49","modified_gmt":"2025-11-01T18:16:49","slug":"chai-xit-khu-mui-cool-100-ml","status":"publish","type":"product","link":"https:\/\/omewa.online\/index.php\/product\/chai-xit-khu-mui-cool-100-ml\/","title":{"rendered":"Chai X\u1ecbt Kh\u1eed M\u00f9i Cool (100 ml)"},"content":{"rendered":"<p>1. T\u00ean s\u1ea3n ph\u1ea9m Chai X\u1ecbt Kh\u1eed M\u00f9i Cool<br \/>\n2. Th\u01b0\u01a1ng hi\u1ec7u Cool<br \/>\n3. Xu\u1ea5t x\u1ee9 s\u1ea3n ph\u1ea9m S\u1ea3n xu\u1ea5t t\u1ea1i Vi\u1ec7t Nam v\u1edbi nguy\u00ean li\u1ec7u nh\u1eadp kh\u1ea9u t\u1eeb M\u1ef9<br \/>\n4. Th\u00e0nh ph\u1ea7n H\u1ed7n h\u1ee3p tinh d\u1ea7u th\u1ef1c v\u1eadt (tinh d\u1ea7u qu\u1ebf, th\u00f4ng, khuynh di\u1ec7p, chanh, b\u1ea1c h\u00e0) v\u00e0 n\u01b0\u1edbc<br \/>\n5. C\u00f4ng d\u1ee5ng Kh\u1eed c\u00e1c lo\u1ea1i m\u00f9i kh\u00f3 ch\u1ecbu trong kh\u00f4ng kh\u00ed nh\u01b0 m\u00f9i thu\u1ed1c l\u00e1, m\u00f9i th\u1ee9c \u0103n, m\u00f9i tr\u00e1i c\u00e2y, m\u00f9i gi\u00e0y v\u1edb&#8230;<br \/>\n6. \u0110\u1ed1i t\u01b0\u1ee3ng s\u1eed d\u1ee5ng T\u1ea5t c\u1ea3<br \/>\n7. C\u00e1ch d\u00f9ng X\u1ecbt tr\u1ef1c ti\u1ebfp v\u00e0o kh\u00f4ng gian, khu v\u1ef1c, ph\u00f2ng c\u00f3 m\u00f9i kh\u00f3 ch\u1ecbu v\u00e0 ch\u1edd 10-15s \u0111\u1ec3 ph\u00e1t huy t\u00e1c d\u1ee5ng<br \/>\n8. Quy c\u00e1ch<\/p>\n<p>Dung t\u00edch 100ml \/ chai &#8211; 80 chai \/ th\u00f9ng<\/p>\n<p>Dung t\u00edch 200ml \/ chai &#8211; 48 chai \/ th\u00f9ng<\/p>\n<p>9. NSX &amp; HSD 3 n\u0103m k\u1ec3 t\u1eeb ng\u00e0y s\u1ea3n xu\u1ea5t<br \/>\n10. B\u1ea3o qu\u1ea3n N\u01a1i kh\u00f4 r\u00e1o, tr\u00e1nh \u00e1nh n\u1eafng tr\u1ef1c ti\u1ebfp<br \/>\n(11.) M\u00f4 t\u1ea3 ng\u1eafn<\/p>\n<p>&#8211; Cool-classic l\u00e0 chai x\u1ecbt kh\u1eed m\u00f9i kh\u00f4ng gian c\u00f3 th\u00e0nh ph\u1ea7n h\u1ed7n h\u1ee3p nhi\u1ec1u lo\u1ea1i tinh d\u1ea7u thi\u00ean nhi\u00ean, \u0111\u01b0\u1ee3c bi\u1ebfn t\u00ednh theo c\u00f4ng th\u1ee9c \u0111\u1eb7c bi\u1ec7t v\u00e0 ph\u1ed1i tr\u1ed9n v\u1edbi t\u1ec9 l\u1ec7 t\u1ed1i \u01b0u. 100% nguy\u00ean li\u1ec7u nh\u1eadp kh\u1ea9u t\u1eeb M\u1ef9 ho\u00e0n to\u00e0n g\u1ed1c t\u1ef1 nhi\u00ean, v\u1edbi dung m\u00f4i h\u00f2a tan l\u00e0 n\u01b0\u1edbc c\u00f3 th\u1ec3 h\u1ea5p thu v\u00e0 tri\u1ec7t ti\u00eau m\u00f9i h\u00f4i t\u1ee9c th\u00ec, kh\u00f4ng t\u1ea1o m\u00f9i m\u1edbi, tr\u1ea3 l\u1ea1i kh\u00f4ng kh\u00ed trong l\u00e0nh.<\/p>\n<p>&#8211; Cool-classic an to\u00e0n cho kh\u00f4ng gian m\u1eb9 &amp; b\u00e9 \u0111\u1eb7c bi\u1ec7t v\u1edbi ng\u01b0\u1eddi m\u1eabn c\u1ea3m m\u00f9i h\u01b0\u01a1ng.<\/p>\n<p>&nbsp;<\/p>\n","protected":false},"excerpt":{"rendered":"<p>Th\u00e0nh ph\u1ea7n: H\u1ed7n h\u1ee3p tinh d\u1ea7u th\u1ef1c v\u1eadt (tinh d\u1ea7u qu\u1ebf, th\u00f4ng, khuynh di\u1ec7p, chanh, b\u1ea1c h\u00e0) v\u00e0 n\u01b0\u1edbc<br \/>\nC\u00f4ng d\u1ee5ng:\u00a0 Kh\u1eed c\u00e1c lo\u1ea1i m\u00f9i kh\u00f3 ch\u1ecbu trong kh\u00f4ng kh\u00ed nh\u01b0 m\u00f9i thu\u1ed1c l\u00e1, m\u00f9i th\u1ee9c \u0103n, m\u00f9i tr\u00e1i c\u00e2y, m\u00f9i gi\u00e0y v\u1edb&#8230;<br \/>\n\u0110\u1ed1i t\u01b0\u1ee3ng:\u00a0 s\u1eed d\u1ee5ng T\u1ea5t c\u1ea3<br \/>\nC\u00e1ch d\u00f9ng: X\u1ecbt tr\u1ef1c ti\u1ebfp v\u00e0o kh\u00f4ng gian, khu v\u1ef1c, ph\u00f2ng c\u00f3 m\u00f9i kh\u00f3 ch\u1ecbu v\u00e0 ch\u1edd 10-15s \u0111\u1ec3 ph\u00e1t huy t\u00e1c d\u1ee5ng<\/p>\n","protected":false},"featured_media":883,"comment_status":"open","ping_status":"closed","template":"","meta":{"site-sidebar-layout":"default","site-content-layout":"","ast-site-content-layout":"default","site-content-style":"default","site-sidebar-style":"default","ast-global-header-display":"","ast-banner-title-visibility":"","ast-main-header-display":"","ast-hfb-above-header-display":"","ast-hfb-below-header-display":"","ast-hfb-mobile-header-display":"","site-post-title":"","ast-breadcrumbs-content":"","ast-featured-img":"","footer-sml-layout":"","theme-transparent-header-meta":"","adv-header-id-meta":"","stick-header-meta":"","header-above-stick-meta":"","header-main-stick-meta":"","header-below-stick-meta":"","astra-migrate-meta-layouts":"default","ast-page-background-enabled":"default","ast-page-background-meta":{"desktop":{"background-color":"var(--ast-global-color-5)","background-image":"","background-repeat":"repeat","background-position":"center center","background-size":"auto","background-attachment":"scroll","background-type":"","background-media":"","overlay-type":"","overlay-color":"","overlay-opacity":"","overlay-gradient":""},"tablet":{"background-color":"","background-image":"","background-repeat":"repeat","background-position":"center center","background-size":"auto","background-attachment":"scroll","background-type":"","background-media":"","overlay-type":"","overlay-color":"","overlay-opacity":"","overlay-gradient":""},"mobile":{"background-color":"","background-image":"","background-repeat":"repeat","background-position":"center center","background-size":"auto","background-attachment":"scroll","background-type":"","background-media":"","overlay-type":"","overlay-color":"","overlay-opacity":"","overlay-gradient":""}},"ast-content-background-meta":{"desktop":{"background-color":"var(--ast-global-color-4)","background-image":"","background-repeat":"repeat","background-position":"center center","background-size":"auto","background-attachment":"scroll","background-type":"","background-media":"","overlay-type":"","overlay-color":"","overlay-opacity":"","overlay-gradient":""},"tablet":{"background-color":"var(--ast-global-color-4)","background-image":"","background-repeat":"repeat","background-position":"center center","background-size":"auto","background-attachment":"scroll","background-type":"","background-media":"","overlay-type":"","overlay-color":"","overlay-opacity":"","overlay-gradient":""},"mobile":{"background-color":"var(--ast-global-color-4)","background-image":"","background-repeat":"repeat","background-position":"center center","background-size":"auto","background-attachment":"scroll","background-type":"","background-media":"","overlay-type":"","overlay-color":"","overlay-opacity":"","overlay-gradient":""}}},"product_brand":[],"product_cat":[102,103],"product_tag":[],"class_list":{"0":"post-772","1":"product","2":"type-product","3":"status-publish","4":"has-post-thumbnail","6":"product_cat-do-dung-phong-khach","7":"product_cat-do-dung-phong-ngu","8":"desktop-align-left","9":"tablet-align-left","10":"mobile-align-left","12":"first","13":"instock","14":"taxable","15":"shipping-taxable","16":"purchasable","17":"product-type-simple"},"_links":{"self":[{"href":"https:\/\/omewa.online\/index.php\/wp-json\/wp\/v2\/product\/772","targetHints":{"allow":["GET"]}}],"collection":[{"href":"https:\/\/omewa.online\/index.php\/wp-json\/wp\/v2\/product"}],"about":[{"href":"https:\/\/omewa.online\/index.php\/wp-json\/wp\/v2\/types\/product"}],"replies":[{"embeddable":true,"href":"https:\/\/omewa.online\/index.php\/wp-json\/wp\/v2\/comments?post=772"}],"wp:featuredmedia":[{"embeddable":true,"href":"https:\/\/omewa.online\/index.php\/wp-json\/wp\/v2\/media\/883"}],"wp:attachment":[{"href":"https:\/\/omewa.online\/index.php\/wp-json\/wp\/v2\/media?parent=772"}],"wp:term":[{"taxonomy":"product_brand","embeddable":true,"href":"https:\/\/omewa.online\/index.php\/wp-json\/wp\/v2\/product_brand?post=772"},{"taxonomy":"product_cat","embeddable":true,"href":"https:\/\/omewa.online\/index.php\/wp-json\/wp\/v2\/product_cat?post=772"},{"taxonomy":"product_tag","embeddable":true,"href":"https:\/\/omewa.online\/index.php\/wp-json\/wp\/v2\/product_tag?post=772"}],"curies":[{"name":"wp","href":"https:\/\/api.w.org\/{rel}","templated":true}]}}