{"id":751,"date":"2025-11-01T18:14:43","date_gmt":"2025-11-01T18:14:43","guid":{"rendered":"https:\/\/omewa.online\/?post_type=product&#038;p=751"},"modified":"2025-11-01T18:16:46","modified_gmt":"2025-11-01T18:16:46","slug":"hyal-capsule-collagen-vien-nang-cap-am-va-phuc-hoi-lan-da","status":"publish","type":"product","link":"https:\/\/omewa.online\/index.php\/product\/hyal-capsule-collagen-vien-nang-cap-am-va-phuc-hoi-lan-da\/","title":{"rendered":"Hyal Capsule Collagen  vi\u00ean nang  c\u1ea5p \u1ea9m v\u00e0 ph\u1ee5c h\u1ed3i l\u00e0n da"},"content":{"rendered":"<p><strong>Hyal Collagen Vi\u00ean Nang<\/strong><\/p>\n<p>Kh\u00e1m ph\u00e1 c\u00f4ng th\u1ee9c ch\u0103m s\u00f3c da to\u00e0n di\u1ec7n v\u1edbi <strong>Hyal Collagen Vi\u00ean Nang<\/strong>, s\u1ea3n ph\u1ea9m \u0111\u1ed9t ph\u00e1 cung c\u1ea5p s\u1ef1 k\u1ebft h\u1ee3p ho\u00e0n h\u1ea3o c\u1ee7a <strong>axit hyaluronic nguy\u00ean ch\u1ea5t<\/strong> v\u00e0 <strong>marine collagen<\/strong> \u0111\u1ec3 mang l\u1ea1i hi\u1ec7u qu\u1ea3 d\u01b0\u1ee1ng \u1ea9m v\u00e0 c\u1ea3i thi\u1ec7n \u0111\u1ed9 \u0111\u00e0n h\u1ed3i v\u01b0\u1ee3t tr\u1ed9i cho l\u00e0n da c\u1ee7a b\u1ea1n.<\/p>\n<h3><strong>T\u00ednh n\u0103ng n\u1ed5i b\u1eadt:<\/strong><\/h3>\n<ul>\n<li><strong>1 tri\u1ec7u ppm axit hyaluronic nguy\u00ean ch\u1ea5t<\/strong>: Cung c\u1ea5p l\u01b0\u1ee3ng axit hyaluronic tinh khi\u1ebft v\u00e0 d\u1ed3i d\u00e0o, gi\u00fap da gi\u1eef \u1ea9m hi\u1ec7u qu\u1ea3, l\u00e0m gi\u1ea3m s\u1ef1 xu\u1ea5t hi\u1ec7n c\u1ee7a n\u1ebfp nh\u0103n v\u00e0 c\u1ea3i thi\u1ec7n \u0111\u1ed9 m\u1ec1m m\u1ea1i c\u1ee7a da t\u1eeb b\u00ean trong.<\/li>\n<li><strong>30% marine collagen<\/strong>: Collagen chi\u1ebft xu\u1ea5t t\u1eeb bi\u1ec3n, \u0111\u01b0\u1ee3c ch\u1ee9ng minh l\u00e0 th\u00e2n thi\u1ec7n v\u1edbi t\u1ebf b\u00e0o da, gi\u00fap t\u0103ng c\u01b0\u1eddng \u0111\u1ed9 \u0111\u00e0n h\u1ed3i v\u00e0 c\u1ea3i thi\u1ec7n c\u1ea5u tr\u00fac da. Marine collagen h\u1ed7 tr\u1ee3 l\u00e0m gi\u1ea3m n\u1ebfp nh\u0103n v\u00e0 gi\u1eef cho l\u00e0n da lu\u00f4n s\u0103n ch\u1eafc v\u00e0 t\u01b0\u01a1i tr\u1ebb.<\/li>\n<li><strong>D\u01b0\u1ee1ng \u1ea9m \u0111\u1eb7c bi\u1ec7t<\/strong>: C\u00f4ng th\u1ee9c t\u1ed1i \u01b0u gi\u00fap duy tr\u00ec \u0111\u1ed9 \u1ea9m c\u1ea7n thi\u1ebft cho da, ch\u1ed1ng l\u1ea1i s\u1ef1 kh\u00f4 r\u00e1p v\u00e0 c\u1ea3i thi\u1ec7n t\u00ecnh tr\u1ea1ng da kh\u00f4.<\/li>\n<\/ul>\n<h3><strong>H\u01b0\u1edbng d\u1eabn s\u1eed d\u1ee5ng:<\/strong><\/h3>\n<p>U\u1ed1ng <strong>1 vi\u00ean nang Hyal Collagen<\/strong> m\u1ed7i ng\u00e0y, t\u1ed1t nh\u1ea5t l\u00e0 v\u00e0o bu\u1ed5i s\u00e1ng gi\u00fap \u0111\u1ea1t hi\u1ec7u qu\u1ea3 t\u1ed1i \u01b0u, n\u00ean k\u1ebft h\u1ee3p v\u1edbi ch\u1ebf \u0111\u1ed9 \u0103n u\u1ed1ng c\u00e2n b\u1eb1ng v\u00e0 u\u1ed1ng \u0111\u1ee7 n\u01b0\u1edbc.<\/p>\n<h3><strong>L\u1ee3i \u00edch:<\/strong><\/h3>\n<ul>\n<li><strong>D\u01b0\u1ee1ng \u1ea9m hi\u1ec7u qu\u1ea3<\/strong>: Cung c\u1ea5p \u0111\u1ed9 \u1ea9m s\u00e2u v\u00e0 b\u1ec1n l\u00e2u, gi\u00fap da lu\u00f4n m\u1ec1m m\u1ecbn v\u00e0 t\u01b0\u01a1i tr\u1ebb.<\/li>\n<li><strong>C\u1ea3i thi\u1ec7n \u0111\u1ed9 \u0111\u00e0n h\u1ed3i<\/strong>: T\u0103ng c\u01b0\u1eddng s\u1ef1 \u0111\u00e0n h\u1ed3i c\u1ee7a da, gi\u1ea3m thi\u1ec3u n\u1ebfp nh\u0103n v\u00e0 gi\u1eef cho l\u00e0n da s\u0103n ch\u1eafc.<\/li>\n<li><strong>H\u1ed7 tr\u1ee3 l\u00e0m \u0111\u1eb9p t\u1eeb b\u00ean trong<\/strong>: Cung c\u1ea5p c\u00e1c d\u01b0\u1ee1ng ch\u1ea5t thi\u1ebft y\u1ebfu gi\u00fap c\u1ea3i thi\u1ec7n t\u1ed5ng th\u1ec3 s\u1ee9c kh\u1ecfe c\u1ee7a l\u00e0n da, mang l\u1ea1i v\u1ebb ngo\u00e0i r\u1ea1ng r\u1ee1 v\u00e0 tr\u1ebb trung.<\/li>\n<\/ul>\n<p><strong>Hyal Collagen Vi\u00ean Nang<\/strong> l\u00e0 s\u1ef1 l\u1ef1a ch\u1ecdn ho\u00e0n h\u1ea3o cho nh\u1eefng ai mu\u1ed1n ch\u0103m s\u00f3c da m\u1ed9t c\u00e1ch to\u00e0n di\u1ec7n v\u00e0 hi\u1ec7u qu\u1ea3. H\u00e3y tr\u1ea3i nghi\u1ec7m c\u00f4ng th\u1ee9c \u0111\u1eb7c bi\u1ec7t v\u00e0 c\u1ea3m nh\u1eadn s\u1ef1 kh\u00e1c bi\u1ec7t tr\u00ean l\u00e0n da c\u1ee7a b\u1ea1n!<\/p>\n","protected":false},"excerpt":{"rendered":"<p>Hyal Collagen Vi\u00ean Nang Kh\u00e1m ph\u00e1 c\u00f4ng th\u1ee9c ch\u0103m s\u00f3c da to\u00e0n di\u1ec7n v\u1edbi Hyal Collagen Vi\u00ean Nang, s\u1ea3n ph\u1ea9m [&hellip;]<\/p>\n","protected":false},"featured_media":878,"comment_status":"open","ping_status":"closed","template":"","meta":{"site-sidebar-layout":"default","site-content-layout":"","ast-site-content-layout":"default","site-content-style":"default","site-sidebar-style":"default","ast-global-header-display":"","ast-banner-title-visibility":"","ast-main-header-display":"","ast-hfb-above-header-display":"","ast-hfb-below-header-display":"","ast-hfb-mobile-header-display":"","site-post-title":"","ast-breadcrumbs-content":"","ast-featured-img":"","footer-sml-layout":"","theme-transparent-header-meta":"","adv-header-id-meta":"","stick-header-meta":"","header-above-stick-meta":"","header-main-stick-meta":"","header-below-stick-meta":"","astra-migrate-meta-layouts":"default","ast-page-background-enabled":"default","ast-page-background-meta":{"desktop":{"background-color":"var(--ast-global-color-5)","background-image":"","background-repeat":"repeat","background-position":"center center","background-size":"auto","background-attachment":"scroll","background-type":"","background-media":"","overlay-type":"","overlay-color":"","overlay-opacity":"","overlay-gradient":""},"tablet":{"background-color":"","background-image":"","background-repeat":"repeat","background-position":"center center","background-size":"auto","background-attachment":"scroll","background-type":"","background-media":"","overlay-type":"","overlay-color":"","overlay-opacity":"","overlay-gradient":""},"mobile":{"background-color":"","background-image":"","background-repeat":"repeat","background-position":"center center","background-size":"auto","background-attachment":"scroll","background-type":"","background-media":"","overlay-type":"","overlay-color":"","overlay-opacity":"","overlay-gradient":""}},"ast-content-background-meta":{"desktop":{"background-color":"var(--ast-global-color-4)","background-image":"","background-repeat":"repeat","background-position":"center center","background-size":"auto","background-attachment":"scroll","background-type":"","background-media":"","overlay-type":"","overlay-color":"","overlay-opacity":"","overlay-gradient":""},"tablet":{"background-color":"var(--ast-global-color-4)","background-image":"","background-repeat":"repeat","background-position":"center center","background-size":"auto","background-attachment":"scroll","background-type":"","background-media":"","overlay-type":"","overlay-color":"","overlay-opacity":"","overlay-gradient":""},"mobile":{"background-color":"var(--ast-global-color-4)","background-image":"","background-repeat":"repeat","background-position":"center center","background-size":"auto","background-attachment":"scroll","background-type":"","background-media":"","overlay-type":"","overlay-color":"","overlay-opacity":"","overlay-gradient":""}}},"product_brand":[],"product_cat":[96,29,18,24,17],"product_tag":[],"class_list":{"0":"post-751","1":"product","2":"type-product","3":"status-publish","4":"has-post-thumbnail","6":"product_cat-bloombyyoung","7":"product_cat-cap-am-cho-da","8":"product_cat-cham-soc-da-mat","9":"product_cat-chong-lao-hoa","10":"product_cat-my-pham","11":"desktop-align-left","12":"tablet-align-left","13":"mobile-align-left","15":"first","16":"instock","17":"taxable","18":"shipping-taxable","19":"purchasable","20":"product-type-simple"},"_links":{"self":[{"href":"https:\/\/omewa.online\/index.php\/wp-json\/wp\/v2\/product\/751","targetHints":{"allow":["GET"]}}],"collection":[{"href":"https:\/\/omewa.online\/index.php\/wp-json\/wp\/v2\/product"}],"about":[{"href":"https:\/\/omewa.online\/index.php\/wp-json\/wp\/v2\/types\/product"}],"replies":[{"embeddable":true,"href":"https:\/\/omewa.online\/index.php\/wp-json\/wp\/v2\/comments?post=751"}],"wp:featuredmedia":[{"embeddable":true,"href":"https:\/\/omewa.online\/index.php\/wp-json\/wp\/v2\/media\/878"}],"wp:attachment":[{"href":"https:\/\/omewa.online\/index.php\/wp-json\/wp\/v2\/media?parent=751"}],"wp:term":[{"taxonomy":"product_brand","embeddable":true,"href":"https:\/\/omewa.online\/index.php\/wp-json\/wp\/v2\/product_brand?post=751"},{"taxonomy":"product_cat","embeddable":true,"href":"https:\/\/omewa.online\/index.php\/wp-json\/wp\/v2\/product_cat?post=751"},{"taxonomy":"product_tag","embeddable":true,"href":"https:\/\/omewa.online\/index.php\/wp-json\/wp\/v2\/product_tag?post=751"}],"curies":[{"name":"wp","href":"https:\/\/api.w.org\/{rel}","templated":true}]}}