{"id":722,"date":"2025-11-01T18:13:31","date_gmt":"2025-11-01T18:13:31","guid":{"rendered":"https:\/\/omewa.online\/?post_type=product&#038;p=722"},"modified":"2026-04-15T21:48:07","modified_gmt":"2026-04-15T20:48:07","slug":"banh-thuyen-gao-lut-mix-hat-tui-zip-500gr","status":"publish","type":"product","link":"https:\/\/omewa.online\/index.php\/product\/banh-thuyen-gao-lut-mix-hat-tui-zip-500gr\/","title":{"rendered":"B\u00e1nh thuy\u1ec1n g\u1ea1o l\u1ee9t mix h\u1ea1t \u2013 T\u00fai Zip 500gr"},"content":{"rendered":"<p>B\u00e1nh thuy\u1ec1n Mix h\u1ea1t Dinh D\u01b0\u1ee1ng l\u00e0 s\u1ef1 l\u1ef1a ch\u1ecdn tuy\u1ec7t v\u1eddi \u0111\u1ec3 b\u1ed5 sung dinh d\u01b0\u1ee1ng cho c\u01a1 th\u1ec3. S\u1ea3n ph\u1ea9m n\u00e0y kh\u00f4ng ch\u1ec9 gi\u00e0u canxi, vitamin m\u00e0 c\u00f2n gi\u00fap c\u1ea3i thi\u1ec7n s\u1ee9c kh\u1ecfe x\u01b0\u01a1ng. b\u00e1nh thuy\u1ec1n mix h\u1ea1t dinh d\u01b0\u1ee1ng kh\u00f4ng qu\u00e1 ng\u1ecdt, \u0111\u01b0\u1ee3c l\u00e0m t\u1eeb nhi\u1ec1u lo\u1ea1i h\u1ea1t gi\u00fap mang l\u1ea1i c\u1ea3m gi\u00e1c th\u01a1m ngon m\u00e0 kh\u00f4ng g\u00e2y ng\u00e1n. \u0110\u1eb7c bi\u1ec7t, m\u00f3n b\u00e1nh n\u00e0y c\u00f2n h\u1ed7 tr\u1ee3 gi\u1ea3m c\u00e2n v\u00e0 th\u00edch h\u1ee3p cho nh\u1eefng ng\u01b0\u1eddi \u0103n ki\u00eang. C\u00f3 th\u1ec3 d\u00f9ng thay th\u1ebf cho b\u1eefa s\u00e1ng.<\/p>\n<p>Th\u00e0nh Ph\u1ea7n: H\u1ea1t B\u00ed Xanh, h\u1ea1t H\u1ea1nh Nh\u00e2n, h\u1ea1t \u0111i\u1ec1u, m\u00e8 tr\u1eafng, ch\u00fat \u0111\u01b0\u1eddng m\u1ea1ch nha\u2026<\/p>\n<p>B\u1ea3o Qu\u1ea3n: N\u01a1i kh\u00f4 r\u00e1o tho\u00e1ng m\u00e1t , tr\u00e1nh \u00e1nh n\u1eafng tr\u1ef1c ti\u1ebfp . \u0110\u1eady k\u00edn n\u1eafp sau m\u1ed7i l\u1ea7n s\u1eed d\u1ee5ng. tr\u00e1nh \u0111\u1ec3 s\u1ea3n ph\u1ea9m b\u1ecb h\u1edf gi\u00f3 s\u1ebd l\u00e0m m\u1ea5t \u0111\u1ed9 gi\u00f2n v\u00e0 l\u00e0m s\u1ea3n ph\u1ea9m b\u1ecb h\u00f4i d\u1ea7u .<\/p>\n<p>H\u1ea1n S\u1eed D\u1ee5ng: 8 th\u00e1ng k\u1ec3 t\u1eeb ng\u00e0y s\u1ea3n xu\u1ea5t \u0111\u01b0\u1ee3c in tr\u00ean bao b\u00ec .<\/p>\n","protected":false},"excerpt":{"rendered":"<ul>\n<li>Th\u00e0nh ph\u1ea7n: g\u1ea1o l\u1ee9t, c\u00e1c lo\u1ea1i h\u1ea1t<\/li>\n<li>Gi\u00e0u ch\u1ea5t x\u01a1 v\u00e0 protein, ph\u00f9 h\u1ee3p cho ch\u1ebf \u0111\u1ed9 \u0103n ki\u00eang.<\/li>\n<li>Gi\u00fap cung c\u1ea5p n\u0103ng l\u01b0\u1ee3ng v\u00e0 duy tr\u00ec c\u00e2n n\u1eb7ng<\/li>\n<\/ul>\n","protected":false},"featured_media":872,"comment_status":"open","ping_status":"closed","template":"","meta":{"site-sidebar-layout":"default","site-content-layout":"","ast-site-content-layout":"default","site-content-style":"default","site-sidebar-style":"default","ast-global-header-display":"","ast-banner-title-visibility":"","ast-main-header-display":"","ast-hfb-above-header-display":"","ast-hfb-below-header-display":"","ast-hfb-mobile-header-display":"","site-post-title":"","ast-breadcrumbs-content":"","ast-featured-img":"","footer-sml-layout":"","theme-transparent-header-meta":"default","adv-header-id-meta":"","stick-header-meta":"","header-above-stick-meta":"","header-main-stick-meta":"","header-below-stick-meta":"","astra-migrate-meta-layouts":"set","ast-page-background-enabled":"default","ast-page-background-meta":{"desktop":{"background-color":"var(--ast-global-color-5)","background-image":"","background-repeat":"repeat","background-position":"center center","background-size":"auto","background-attachment":"scroll","background-type":"","background-media":"","overlay-type":"","overlay-color":"","overlay-opacity":"","overlay-gradient":""},"tablet":{"background-color":"","background-image":"","background-repeat":"repeat","background-position":"center center","background-size":"auto","background-attachment":"scroll","background-type":"","background-media":"","overlay-type":"","overlay-color":"","overlay-opacity":"","overlay-gradient":""},"mobile":{"background-color":"","background-image":"","background-repeat":"repeat","background-position":"center center","background-size":"auto","background-attachment":"scroll","background-type":"","background-media":"","overlay-type":"","overlay-color":"","overlay-opacity":"","overlay-gradient":""}},"ast-content-background-meta":{"desktop":{"background-color":"var(--ast-global-color-4)","background-image":"","background-repeat":"repeat","background-position":"center center","background-size":"auto","background-attachment":"scroll","background-type":"","background-media":"","overlay-type":"","overlay-color":"","overlay-opacity":"","overlay-gradient":""},"tablet":{"background-color":"var(--ast-global-color-4)","background-image":"","background-repeat":"repeat","background-position":"center center","background-size":"auto","background-attachment":"scroll","background-type":"","background-media":"","overlay-type":"","overlay-color":"","overlay-opacity":"","overlay-gradient":""},"mobile":{"background-color":"var(--ast-global-color-4)","background-image":"","background-repeat":"repeat","background-position":"center center","background-size":"auto","background-attachment":"scroll","background-type":"","background-media":"","overlay-type":"","overlay-color":"","overlay-opacity":"","overlay-gradient":""}}},"product_brand":[37],"product_cat":[98,36,32],"product_tag":[],"class_list":{"0":"post-722","1":"product","2":"type-product","3":"status-publish","4":"has-post-thumbnail","6":"product_brand-thien-bao","7":"product_cat-banh-keo-snack-va-do-an-vat","8":"product_cat-thien-bao","9":"product_cat-thuc-pham-do-uong","10":"desktop-align-left","11":"tablet-align-left","12":"mobile-align-left","14":"first","15":"instock","16":"taxable","17":"shipping-taxable","18":"purchasable","19":"product-type-simple"},"_links":{"self":[{"href":"https:\/\/omewa.online\/index.php\/wp-json\/wp\/v2\/product\/722","targetHints":{"allow":["GET"]}}],"collection":[{"href":"https:\/\/omewa.online\/index.php\/wp-json\/wp\/v2\/product"}],"about":[{"href":"https:\/\/omewa.online\/index.php\/wp-json\/wp\/v2\/types\/product"}],"replies":[{"embeddable":true,"href":"https:\/\/omewa.online\/index.php\/wp-json\/wp\/v2\/comments?post=722"}],"wp:featuredmedia":[{"embeddable":true,"href":"https:\/\/omewa.online\/index.php\/wp-json\/wp\/v2\/media\/872"}],"wp:attachment":[{"href":"https:\/\/omewa.online\/index.php\/wp-json\/wp\/v2\/media?parent=722"}],"wp:term":[{"taxonomy":"product_brand","embeddable":true,"href":"https:\/\/omewa.online\/index.php\/wp-json\/wp\/v2\/product_brand?post=722"},{"taxonomy":"product_cat","embeddable":true,"href":"https:\/\/omewa.online\/index.php\/wp-json\/wp\/v2\/product_cat?post=722"},{"taxonomy":"product_tag","embeddable":true,"href":"https:\/\/omewa.online\/index.php\/wp-json\/wp\/v2\/product_tag?post=722"}],"curies":[{"name":"wp","href":"https:\/\/api.w.org\/{rel}","templated":true}]}}