{"id":699,"date":"2025-11-01T18:12:35","date_gmt":"2025-11-01T18:12:35","guid":{"rendered":"https:\/\/omewa.online\/?post_type=product&#038;p=699"},"modified":"2026-04-15T21:57:35","modified_gmt":"2026-04-15T20:57:35","slug":"tra-tam-sen-say-lanh-cao-cap-thien-bao-hu-125gram","status":"publish","type":"product","link":"https:\/\/omewa.online\/index.php\/product\/tra-tam-sen-say-lanh-cao-cap-thien-bao-hu-125gram\/","title":{"rendered":"Tr\u00e0 T\u00e2m Sen &#8211; S\u1ea5y L\u1ea1nh Cao C\u1ea5p &#8211; Thi\u1ec7n B\u1ea3o &#8211; H\u0169 125gram"},"content":{"rendered":"<p>T\u00c2M SEN s\u1ea5y l\u1ea1nh cao c\u1ea5p \u0110\u1ed1i t\u01b0\u1ee3ng s\u1eed d\u1ee5ng: M\u1ea5t ng\u1ee7, ng\u1ee7 \u00edt, kh\u00f3 ng\u1ee7, huy\u1ebft \u00e1p, \u0103n u\u1ed1ng kh\u00f3 ti\u00eau, hoa m\u1eaft, ch\u00f3ng m\u1eb7t&#8230;d\u00f9ng t\u00e2m sen theo li\u1ec7u tr\u00ecnh, 2 tu\u1ea7n sau s\u1ebd th\u1ea5y r\u00f5 t\u00e1c d\u1ee5ng. V\u1ecb th\u1ea7n d\u01b0\u1ee3c n\u1eb1m trong ngay ch\u00ednh \u201ctr\u00e1i tim\u201d c\u1ee7a m\u1ed7i h\u1ea1t sen nh\u1ecf. T\u00e2m sen ch\u1ec9 c\u1ea7m h\u00e3m v\u1edbi n\u01b0\u1edbc s\u00f4i trong b\u00ecnh k\u00edn, ch\u1eebng 15 ph\u00fat sau \u0111\u00e3 \u0111\u1ee7 ng\u1ea5m, u\u1ed1ng thay tr\u00e0 trong ng\u00e0y. Theo k\u1ebft qu\u1ea3 nghi\u00ean c\u1ee9u, t\u00e2m sen c\u00f3 t\u00e1c d\u1ee5ng h\u1ea1 huy\u1ebft \u00e1p, ph\u00f2ng ch\u1ed1ng r\u1ed1i lo\u1ea1i nh\u1ecbp tim, ch\u1ed1ng oxy h\u00f3a. Th\u01b0\u1edfng th\u1ee9c t\u00e1ch tr\u00e0 t\u00e2m sen m\u1ed7i t\u1ed1i tr\u01b0\u1edbc khi \u0111i ng\u1ee7 c\u00f3 t\u00e1c d\u1ee5ng an th\u00e2n, gi\u00fap b\u1ea1n c\u00f3 gi\u1ea5c ng\u1ee7 s\u00e2u v\u00e0 tr\u1ecdn v\u1eb9n h\u01a1n<\/p>\n","protected":false},"excerpt":{"rendered":"<p>T\u00c2M SEN s\u1ea5y l\u1ea1nh cao c\u1ea5p<\/p>\n<p>\u0110\u1ed1i t\u01b0\u1ee3ng s\u1eed d\u1ee5ng: M\u1ea5t ng\u1ee7, ng\u1ee7 \u00edt, kh\u00f3 ng\u1ee7, huy\u1ebft \u00e1p, \u0103n u\u1ed1ng kh\u00f3 ti\u00eau, hoa m\u1eaft, ch\u00f3ng m\u1eb7t&#8230;d\u00f9ng t\u00e2m sen theo li\u1ec7u tr\u00ecnh, 2 tu\u1ea7n sau s\u1ebd th\u1ea5y r\u00f5 t\u00e1c d\u1ee5ng.<\/p>\n","protected":false},"featured_media":861,"comment_status":"open","ping_status":"closed","template":"","meta":{"site-sidebar-layout":"default","site-content-layout":"","ast-site-content-layout":"default","site-content-style":"default","site-sidebar-style":"default","ast-global-header-display":"","ast-banner-title-visibility":"","ast-main-header-display":"","ast-hfb-above-header-display":"","ast-hfb-below-header-display":"","ast-hfb-mobile-header-display":"","site-post-title":"","ast-breadcrumbs-content":"","ast-featured-img":"","footer-sml-layout":"","theme-transparent-header-meta":"","adv-header-id-meta":"","stick-header-meta":"","header-above-stick-meta":"","header-main-stick-meta":"","header-below-stick-meta":"","astra-migrate-meta-layouts":"default","ast-page-background-enabled":"default","ast-page-background-meta":{"desktop":{"background-color":"var(--ast-global-color-5)","background-image":"","background-repeat":"repeat","background-position":"center center","background-size":"auto","background-attachment":"scroll","background-type":"","background-media":"","overlay-type":"","overlay-color":"","overlay-opacity":"","overlay-gradient":""},"tablet":{"background-color":"","background-image":"","background-repeat":"repeat","background-position":"center center","background-size":"auto","background-attachment":"scroll","background-type":"","background-media":"","overlay-type":"","overlay-color":"","overlay-opacity":"","overlay-gradient":""},"mobile":{"background-color":"","background-image":"","background-repeat":"repeat","background-position":"center center","background-size":"auto","background-attachment":"scroll","background-type":"","background-media":"","overlay-type":"","overlay-color":"","overlay-opacity":"","overlay-gradient":""}},"ast-content-background-meta":{"desktop":{"background-color":"var(--ast-global-color-4)","background-image":"","background-repeat":"repeat","background-position":"center center","background-size":"auto","background-attachment":"scroll","background-type":"","background-media":"","overlay-type":"","overlay-color":"","overlay-opacity":"","overlay-gradient":""},"tablet":{"background-color":"var(--ast-global-color-4)","background-image":"","background-repeat":"repeat","background-position":"center center","background-size":"auto","background-attachment":"scroll","background-type":"","background-media":"","overlay-type":"","overlay-color":"","overlay-opacity":"","overlay-gradient":""},"mobile":{"background-color":"var(--ast-global-color-4)","background-image":"","background-repeat":"repeat","background-position":"center center","background-size":"auto","background-attachment":"scroll","background-type":"","background-media":"","overlay-type":"","overlay-color":"","overlay-opacity":"","overlay-gradient":""}}},"product_brand":[37],"product_cat":[36,32,43],"product_tag":[],"class_list":{"0":"post-699","1":"product","2":"type-product","3":"status-publish","4":"has-post-thumbnail","6":"product_brand-thien-bao","7":"product_cat-thien-bao","8":"product_cat-thuc-pham-do-uong","9":"product_cat-thuc-uong-nuoc-giai-khat-tra-ca-phe-ruou","10":"desktop-align-left","11":"tablet-align-left","12":"mobile-align-left","14":"first","15":"instock","16":"taxable","17":"shipping-taxable","18":"purchasable","19":"product-type-simple"},"_links":{"self":[{"href":"https:\/\/omewa.online\/index.php\/wp-json\/wp\/v2\/product\/699","targetHints":{"allow":["GET"]}}],"collection":[{"href":"https:\/\/omewa.online\/index.php\/wp-json\/wp\/v2\/product"}],"about":[{"href":"https:\/\/omewa.online\/index.php\/wp-json\/wp\/v2\/types\/product"}],"replies":[{"embeddable":true,"href":"https:\/\/omewa.online\/index.php\/wp-json\/wp\/v2\/comments?post=699"}],"wp:featuredmedia":[{"embeddable":true,"href":"https:\/\/omewa.online\/index.php\/wp-json\/wp\/v2\/media\/861"}],"wp:attachment":[{"href":"https:\/\/omewa.online\/index.php\/wp-json\/wp\/v2\/media?parent=699"}],"wp:term":[{"taxonomy":"product_brand","embeddable":true,"href":"https:\/\/omewa.online\/index.php\/wp-json\/wp\/v2\/product_brand?post=699"},{"taxonomy":"product_cat","embeddable":true,"href":"https:\/\/omewa.online\/index.php\/wp-json\/wp\/v2\/product_cat?post=699"},{"taxonomy":"product_tag","embeddable":true,"href":"https:\/\/omewa.online\/index.php\/wp-json\/wp\/v2\/product_tag?post=699"}],"curies":[{"name":"wp","href":"https:\/\/api.w.org\/{rel}","templated":true}]}}