{"id":698,"date":"2025-11-01T18:12:35","date_gmt":"2025-11-01T18:12:35","guid":{"rendered":"https:\/\/omewa.online\/?post_type=product&#038;p=698"},"modified":"2026-04-15T21:48:42","modified_gmt":"2026-04-15T20:48:42","slug":"bot-gung-huu-co-nguyen-chat-thien-bao-chung-nhan-organic-mynhat-chau-au","status":"publish","type":"product","link":"https:\/\/omewa.online\/index.php\/product\/bot-gung-huu-co-nguyen-chat-thien-bao-chung-nhan-organic-mynhat-chau-au\/","title":{"rendered":"B\u1ed9t G\u1eebng H\u1eefu C\u01a1 nguy\u00ean ch\u1ea5t Thi\u1ec7n B\u1ea3o &#8211; Ch\u1ee9ng nh\u1eadn organic M\u1ef9,Nh\u1eadt, Ch\u00e2u \u00c2u."},"content":{"rendered":"<p>B\u1ed9t g\u1eebng h\u1eefu c\u01a1 \u0111\u01b0\u1ee3c l\u00e0m t\u1eeb g\u1eebng d\u00e9 t\u1ea1i mi\u1ec1n n\u00fai ph\u00eda B\u1eafc t\u1ea1i H\u00e0 Qu\u1ea3ng , Cao B\u1eb1ng.Tr\u1ed3ng v\u00e0 thu ho\u1ea1ch theo ph\u01b0\u01a1ng ph\u00e1p h\u1eefu c\u01a1, gi\u00fap s\u1ea3n ph\u1ea9m g\u1eebng l\u00e0nh t\u00ednh v\u00e0 an to\u00e0n nh\u1ea5t \u0111\u1ec3 qu\u00fd kh\u00e1ch cho th\u1ec3 an t\u00e2m s\u1eed d\u1ee5ng h\u1eb1ng ng\u00e0y.<br \/>\nG\u1eebng c\u00f3 h\u01b0\u01a1ng v\u1ecb th\u01a1m cay, n\u1ed3ng \u1ea5m ri\u00eang c\u1ee7a s\u1ea3n ph\u1ea9m, r\u1ea5t \u0111\u1eb7c bi\u1ec7t so v\u1edbi c\u00e1c s\u1ea3n ph\u1ea9m G\u1eebng tr\u00ean th\u1ecb tr\u01b0\u1eddng. \u0110\u1ea3m b\u1ea3o qu\u00fd kh\u00e1ch s\u1ebd h\u00e0i l\u00f2ng v\u1ec1 ch\u1ea5t l\u01b0\u1ee3ng.<\/p>\n<p>TH\u00c0NH PH\u1ea6N: 100% nguy\u00ean li\u1ec7u g\u1eebng \u0111\u01b0\u1ee3c ch\u1ebf bi\u1ebfn \u0111\u1eb7c bi\u1ec7t v\u00e0 s\u1ea5y v\u1edbi nhi\u1ec7t \u0111\u1ed9 th\u1ea5p, gi\u1eef l\u1ea1i t\u1ed1i \u0111a d\u01b0\u1ee1ng ch\u1ea5t v\u00e0 h\u01b0\u01a1ng v\u1ecb t\u1ef1 nhi\u00ean c\u1ee7a G\u1eebng<br \/>\nC\u00d4NG N\u0102NG, CH\u1ee6 TR\u1eca<br \/>\nG\u1eebng l\u00e0 m\u1ed9t trong nh\u1eefng lo\u1ea1i gia v\u1ecb l\u00e0nh m\u1ea1nh nh\u1ea5t tr\u00ean th\u1ebf gi\u1edbi. N\u00f3 c\u00f3 v\u00f4 s\u1ed1 ch\u1ea5t dinh d\u01b0\u1ee1ng v\u00e0 c\u00e1c h\u1ee3p ch\u1ea5t ho\u1ea1t t\u00ednh sinh h\u1ecdc c\u00f3 l\u1ee3i \u00edch m\u1ea1nh m\u1ebd cho c\u01a1 th\u1ec3 v\u00e0 n\u00e3o c\u1ee7a b\u1ea1n.<br \/>\n*Ch\u00fang t\u00f4i cam k\u1ebft \u0111\u1ea3m b\u1ea3o s\u1ef1 an to\u00e0n cho s\u1ee9c kh\u1ecfe c\u1ee7a b\u1ea1n b\u1eb1ng c\u00e1ch:Kh\u00f4ng s\u1eed d\u1ee5ng thu\u1ed1c tr\u1eeb s\u00e2u, h\u00f3a ch\u1ea5t, m\u00e0u th\u1ef1c ph\u1ea9m, v\u00e0 ch\u1ea5t b\u1ea3o qu\u1ea3n \u0111\u1ed9c h\u1ea1i trong qu\u00e1 tr\u00ecnh s\u1ea3n xu\u1ea5t.\u0110i\u1ec1u n\u00e0y gi\u00fap b\u1ea1n y\u00ean t\u00e2m s\u1eed d\u1ee5ng s\u1ea3n ph\u1ea9m h\u00e0ng ng\u00e0y m\u00e0 kh\u00f4ng lo l\u1eafng v\u1ec1 t\u00e1c \u0111\u1ed9ng ti\u00eau c\u1ef1c t\u1eeb h\u00f3a ch\u1ea5t.<br \/>\n*S\u1ea3n xu\u1ea5t v\u00e0 ch\u1ebf bi\u1ebfn d\u00e2y chuy\u1ec1n hi\u1ec7n \u0111\u1ea1i. G\u1eebng \u0111\u01b0\u1ee3c s\u1ea5y l\u1ea1nh \u1edf nhi\u1ec7t \u0111\u1ed9 th\u1ea5p trong 6 ti\u1ebfng, gi\u00fap g\u1eebng gi\u1eef nguy\u00ean d\u01b0\u1ee3c t\u00ednh, m\u00e0u s\u1eafc, h\u01b0\u01a1ng v\u1ecb t\u1ed1t nh\u1ea5t.<\/p>\n<p>&#8211; \u0110\u00f3ng g\u00f3i: 100g<br \/>\n&#8211; Xu\u1ea5t x\u1ee9: Vi\u1ec7t Nam<br \/>\n&#8211; Ch\u1ee9ng nh\u1eadn h\u1eefu c\u01a1: Eu, USDA, JAS<\/p>\n<p>H\u1ea1n s\u1eed d\u1ee5ng: 18 th\u00e1ng k\u1ec3 t\u1eeb ng\u00e0y s\u1ea3n xu\u1ea5t<\/p>\n<p>C\u00e1ch s\u1eed d\u1ee5ng:<br \/>\n&#8211; \u01af\u1edbp nguy\u00ean li\u1ec7u, n\u00eam c\u00e1c m\u00f3n \u0103n.<br \/>\n&#8211; D\u00f9ng \u0111\u1ec3 pha tr\u00e0 g\u1eebng.<br \/>\n&#8211; M\u1edf n\u1eafp b\u1ea3o qu\u1ea3n n\u01a1i kh\u00f4 r\u00e1o, tho\u00e1ng m\u00e1t.<\/p>\n","protected":false},"excerpt":{"rendered":"<p>B\u1ed9t g\u1eebng h\u1eefu c\u01a1 \u0111\u01b0\u1ee3c l\u00e0m t\u1eeb g\u1eebng d\u00e9 t\u1ea1i mi\u1ec1n n\u00fai ph\u00eda B\u1eafc t\u1ea1i H\u00e0 Qu\u1ea3ng , Cao B\u1eb1ng.Tr\u1ed3ng v\u00e0 thu ho\u1ea1ch theo ph\u01b0\u01a1ng ph\u00e1p h\u1eefu c\u01a1, gi\u00fap s\u1ea3n ph\u1ea9m g\u1eebng l\u00e0nh t\u00ednh v\u00e0 an to\u00e0n nh\u1ea5t \u0111\u1ec3 qu\u00fd kh\u00e1ch cho th\u1ec3 an t\u00e2m s\u1eed d\u1ee5ng h\u1eb1ng ng\u00e0y. G\u1eebng c\u00f3 h\u01b0\u01a1ng v\u1ecb th\u01a1m cay, n\u1ed3ng \u1ea5m ri\u00eang c\u1ee7a s\u1ea3n ph\u1ea9m, r\u1ea5t \u0111\u1eb7c bi\u1ec7t so v\u1edbi c\u00e1c s\u1ea3n ph\u1ea9m G\u1eebng tr\u00ean th\u1ecb tr\u01b0\u1eddng. \u0110\u1ea3m b\u1ea3o qu\u00fd kh\u00e1ch s\u1ebd h\u00e0i l\u00f2ng v\u1ec1 ch\u1ea5t l\u01b0\u1ee3ng<\/p>\n<p>. TH\u00c0NH PH\u1ea6N: 100% nguy\u00ean li\u1ec7u g\u1eebng \u0111\u01b0\u1ee3c ch\u1ebf bi\u1ebfn \u0111\u1eb7c bi\u1ec7t v\u00e0 s\u1ea5y v\u1edbi nhi\u1ec7t \u0111\u1ed9 th\u1ea5p, gi\u1eef l\u1ea1i t\u1ed1i \u0111a d\u01b0\u1ee1ng ch\u1ea5t v\u00e0 h\u01b0\u01a1ng v\u1ecb t\u1ef1 nhi\u00ean c\u1ee7a G\u1eebng<\/p>\n","protected":false},"featured_media":859,"comment_status":"open","ping_status":"closed","template":"","meta":{"site-sidebar-layout":"default","site-content-layout":"","ast-site-content-layout":"default","site-content-style":"default","site-sidebar-style":"default","ast-global-header-display":"","ast-banner-title-visibility":"","ast-main-header-display":"","ast-hfb-above-header-display":"","ast-hfb-below-header-display":"","ast-hfb-mobile-header-display":"","site-post-title":"","ast-breadcrumbs-content":"","ast-featured-img":"","footer-sml-layout":"","theme-transparent-header-meta":"default","adv-header-id-meta":"","stick-header-meta":"","header-above-stick-meta":"","header-main-stick-meta":"","header-below-stick-meta":"","astra-migrate-meta-layouts":"set","ast-page-background-enabled":"default","ast-page-background-meta":{"desktop":{"background-color":"var(--ast-global-color-5)","background-image":"","background-repeat":"repeat","background-position":"center center","background-size":"auto","background-attachment":"scroll","background-type":"","background-media":"","overlay-type":"","overlay-color":"","overlay-opacity":"","overlay-gradient":""},"tablet":{"background-color":"","background-image":"","background-repeat":"repeat","background-position":"center center","background-size":"auto","background-attachment":"scroll","background-type":"","background-media":"","overlay-type":"","overlay-color":"","overlay-opacity":"","overlay-gradient":""},"mobile":{"background-color":"","background-image":"","background-repeat":"repeat","background-position":"center center","background-size":"auto","background-attachment":"scroll","background-type":"","background-media":"","overlay-type":"","overlay-color":"","overlay-opacity":"","overlay-gradient":""}},"ast-content-background-meta":{"desktop":{"background-color":"var(--ast-global-color-4)","background-image":"","background-repeat":"repeat","background-position":"center center","background-size":"auto","background-attachment":"scroll","background-type":"","background-media":"","overlay-type":"","overlay-color":"","overlay-opacity":"","overlay-gradient":""},"tablet":{"background-color":"var(--ast-global-color-4)","background-image":"","background-repeat":"repeat","background-position":"center center","background-size":"auto","background-attachment":"scroll","background-type":"","background-media":"","overlay-type":"","overlay-color":"","overlay-opacity":"","overlay-gradient":""},"mobile":{"background-color":"var(--ast-global-color-4)","background-image":"","background-repeat":"repeat","background-position":"center center","background-size":"auto","background-attachment":"scroll","background-type":"","background-media":"","overlay-type":"","overlay-color":"","overlay-opacity":"","overlay-gradient":""}}},"product_brand":[37],"product_cat":[34,36,32],"product_tag":[],"class_list":{"0":"post-698","1":"product","2":"type-product","3":"status-publish","4":"has-post-thumbnail","6":"product_brand-thien-bao","7":"product_cat-nguyen-lieu-nau-an-va-gia-vi","8":"product_cat-thien-bao","9":"product_cat-thuc-pham-do-uong","10":"desktop-align-left","11":"tablet-align-left","12":"mobile-align-left","14":"first","15":"instock","16":"taxable","17":"shipping-taxable","18":"purchasable","19":"product-type-simple"},"_links":{"self":[{"href":"https:\/\/omewa.online\/index.php\/wp-json\/wp\/v2\/product\/698","targetHints":{"allow":["GET"]}}],"collection":[{"href":"https:\/\/omewa.online\/index.php\/wp-json\/wp\/v2\/product"}],"about":[{"href":"https:\/\/omewa.online\/index.php\/wp-json\/wp\/v2\/types\/product"}],"replies":[{"embeddable":true,"href":"https:\/\/omewa.online\/index.php\/wp-json\/wp\/v2\/comments?post=698"}],"wp:featuredmedia":[{"embeddable":true,"href":"https:\/\/omewa.online\/index.php\/wp-json\/wp\/v2\/media\/859"}],"wp:attachment":[{"href":"https:\/\/omewa.online\/index.php\/wp-json\/wp\/v2\/media?parent=698"}],"wp:term":[{"taxonomy":"product_brand","embeddable":true,"href":"https:\/\/omewa.online\/index.php\/wp-json\/wp\/v2\/product_brand?post=698"},{"taxonomy":"product_cat","embeddable":true,"href":"https:\/\/omewa.online\/index.php\/wp-json\/wp\/v2\/product_cat?post=698"},{"taxonomy":"product_tag","embeddable":true,"href":"https:\/\/omewa.online\/index.php\/wp-json\/wp\/v2\/product_tag?post=698"}],"curies":[{"name":"wp","href":"https:\/\/api.w.org\/{rel}","templated":true}]}}