{"id":697,"date":"2025-11-01T18:12:35","date_gmt":"2025-11-01T18:12:35","guid":{"rendered":"https:\/\/omewa.online\/?post_type=product&#038;p=697"},"modified":"2026-04-15T21:56:57","modified_gmt":"2026-04-15T20:56:57","slug":"tra-gung-huu-co-mat-ong-tuoi-2-trong-1","status":"publish","type":"product","link":"https:\/\/omewa.online\/index.php\/product\/tra-gung-huu-co-mat-ong-tuoi-2-trong-1\/","title":{"rendered":"Tr\u00e0 G\u1eebng M\u1eadt Ong Thi\u1ec7n B\u1ea3o &#8211; 1 g\u00f3i 2 ng\u0103n, kh\u00f4ng ch\u1ea5t b\u1ea3o qu\u1ea3n &#8211; Gi\u1ea3m ho hi\u1ec7u qu\u1ea3"},"content":{"rendered":"<p>\ud83c\udf3f Tr\u00e0 G\u1eebng M\u1eadt Ong H\u1eefu C\u01a1 2 Ng\u0103n \u2013 Ti\u1ec7n L\u1ee3i, Th\u01a1m Ngon, B\u1ed5 D\u01b0\u1ee1ng<br \/>\n\ud83c\udfc6 \u0110\u00f3ng g\u00f3i s\u00e1ng t\u1ea1o 2 ng\u0103n \u0111\u1ed9c \u0111\u00e1o<\/p>\n<p>M\u1ed7i g\u00f3i \u0111\u01b0\u1ee3c thi\u1ebft k\u1ebf th\u00f4ng minh:<\/p>\n<p>\ud83d\udd38 1 ng\u0103n ch\u1ee9a 500mg b\u1ed9t g\u1eebng h\u1eefu c\u01a1 si\u00eau m\u1ecbn<br \/>\n\ud83d\udd38 1 ng\u0103n ch\u1ee9a 10g m\u1eadt ong t\u01b0\u01a1i nguy\u00ean ch\u1ea5t<\/p>\n<p>Ch\u1ec9 c\u1ea7n x\u00e9 \u2013 pha \u2013 khu\u1ea5y, b\u1ea1n \u0111\u00e3 c\u00f3 ngay m\u1ed9t ly tr\u00e0 g\u1eebng m\u1eadt ong th\u01a1m ngon, \u1ea5m b\u1ee5ng v\u00e0 t\u1ed1t cho s\u1ee9c kh\u1ecfe.<\/p>\n<p>\ud83d\udce6 Th\u00f4ng tin s\u1ea3n ph\u1ea9m<\/p>\n<p>Quy c\u00e1ch: 1 h\u1ed9p g\u1ed3m 12 g\u00f3i ti\u1ec7n d\u1ee5ng<\/p>\n<p>Th\u00e0nh ph\u1ea7n m\u1ed7i g\u00f3i:<\/p>\n<p>500mg b\u1ed9t g\u1eebng h\u1eefu c\u01a1<\/p>\n<p>10g m\u1eadt ong t\u01b0\u01a1i nguy\u00ean ch\u1ea5t<\/p>\n<p>\ud83c\udf1f \u0110i\u1ec3m n\u1ed5i b\u1eadt c\u1ee7a Tr\u00e0 G\u1eebng M\u1eadt Ong<br \/>\n\u2705 Nguy\u00ean li\u1ec7u cao c\u1ea5p \u0111\u1ea1t ch\u1ee9ng nh\u1eadn qu\u1ed1c t\u1ebf<\/p>\n<p>G\u1eebng h\u1eefu c\u01a1 \u0111\u1ea1t ch\u1ee9ng nh\u1eadn USDA (M\u1ef9), JAS (Nh\u1eadt), EU Control Union (Ch\u00e2u \u00c2u)<\/p>\n<p>M\u1eadt ong t\u01b0\u01a1i \u0111\u1ea1t chu\u1ea9n OCOP 4 sao, ch\u1ee9ng nh\u1eadn HALAL<\/p>\n<p>\u2705 An to\u00e0n tuy\u1ec7t \u0111\u1ed1i<\/p>\n<p>Kh\u00f4ng thu\u1ed1c tr\u1eeb s\u00e2u<\/p>\n<p>Kh\u00f4ng h\u00f3a ch\u1ea5t \u0111\u1ed9c h\u1ea1i<\/p>\n<p>Kh\u00f4ng m\u00e0u th\u1ef1c ph\u1ea9m<\/p>\n<p>Kh\u00f4ng ch\u1ea5t b\u1ea3o qu\u1ea3n<\/p>\n<p>S\u1ea3n ph\u1ea9m thu\u1ea7n thi\u00ean nhi\u00ean, ph\u00f9 h\u1ee3p s\u1eed d\u1ee5ng h\u1eb1ng ng\u00e0y.<\/p>\n<p>\ud83e\uddea C\u00f4ng ngh\u1ec7 s\u1ea3n xu\u1ea5t hi\u1ec7n \u0111\u1ea1i<\/p>\n<p>S\u1ea5y l\u1ea1nh kh\u00e9p k\u00edn: Gi\u1eef nguy\u00ean m\u00e0u s\u1eafc, h\u01b0\u01a1ng v\u1ecb v\u00e0 d\u01b0\u1ee3c t\u00ednh c\u1ee7a g\u1eebng<\/p>\n<p>B\u1ed9t g\u1eebng si\u00eau m\u1ecbn: H\u00f2a tan t\u1ed1t trong n\u01b0\u1edbc \u1ea5m v\u00e0 n\u01b0\u1edbc l\u1ea1nh<\/p>\n<p>M\u1eadt ong thanh tr\u00f9ng: Gi\u1eef tr\u1ecdn d\u01b0\u1ee1ng ch\u1ea5t, v\u1ecb ng\u1ecdt t\u1ef1 nhi\u00ean<\/p>\n<p>\u2615 C\u00e1ch s\u1eed d\u1ee5ng<\/p>\n<p>1\ufe0f\u20e3 Pha b\u1ed9t g\u1eebng v\u1edbi 150\u2013200ml n\u01b0\u1edbc \u1ea5m (70\u201380\u00b0C)<br \/>\n2\ufe0f\u20e3 Khi n\u01b0\u1edbc c\u00f2n kho\u1ea3ng 60\u00b0C, th\u00eam m\u1eadt ong v\u00e0 khu\u1ea5y \u0111\u1ec1u<\/p>\n<p>\ud83d\udc49 C\u00f3 th\u1ec3 d\u00f9ng u\u1ed1ng tr\u1ef1c ti\u1ebfp, n\u1ea5u \u0103n, l\u00e0m \u0111\u1eb9p ho\u1eb7c pha c\u00f9ng tr\u00e0 th\u1ea3o m\u1ed9c kh\u00e1c.<\/p>\n<p>\ud83d\udc6a \u0110\u1ed1i t\u01b0\u1ee3ng s\u1eed d\u1ee5ng<\/p>\n<p>Tr\u1ebb em tr\u00ean 1 tu\u1ed5i<\/p>\n<p>Ng\u01b0\u1eddi \u0103n chay v\u00e0 \u0103n m\u1eb7n<\/p>\n<p>Ng\u01b0\u1eddi c\u1ea7n gi\u1eef \u1ea5m c\u01a1 th\u1ec3, h\u1ed7 tr\u1ee3 c\u1ed5 h\u1ecdng<\/p>\n<p>\ud83e\uddca B\u1ea3o qu\u1ea3n<\/p>\n<p>\u0110\u1ec3 n\u01a1i kh\u00f4 r\u00e1o, tho\u00e1ng m\u00e1t<\/p>\n<p>Tr\u00e1nh \u00e1nh n\u1eafng tr\u1ef1c ti\u1ebfp<\/p>\n<p>H\u1ea1n s\u1eed d\u1ee5ng: 18 th\u00e1ng k\u1ec3 t\u1eeb ng\u00e0y s\u1ea3n xu\u1ea5t<\/p>\n<p>\ud83d\udd14 L\u01b0u \u00fd: Kh\u00f4ng s\u1eed d\u1ee5ng khi s\u1ea3n ph\u1ea9m c\u00f3 d\u1ea5u hi\u1ec7u \u0111\u1ed5i m\u00e0u ho\u1eb7c m\u00f9i l\u1ea1.<\/p>\n","protected":false},"excerpt":{"rendered":"<p>Tr\u00e0 G\u1eebng M\u1eadt Ong H\u1eefu C\u01a1 2 Ng\u0103n \u2013 Thi\u1ebft k\u1ebf ti\u1ec7n l\u1ee3i ch\u1ec9 c\u1ea7n x\u00e9 \u2013 pha \u2013 khu\u1ea5y l\u00e0 c\u00f3 ngay ly tr\u00e0 th\u01a1m ngon, \u1ea5m b\u1ee5ng.<br \/>\nK\u1ebft h\u1ee3p 500mg b\u1ed9t g\u1eebng h\u1eefu c\u01a1 \u0111\u1ea1t chu\u1ea9n qu\u1ed1c t\u1ebf v\u00e0 10g m\u1eadt ong t\u01b0\u01a1i nguy\u00ean ch\u1ea5t, gi\u00fap l\u00e0m \u1ea5m c\u01a1 th\u1ec3, d\u1ecbu c\u1ed5 h\u1ecdng v\u00e0 b\u1ed5 d\u01b0\u1ee1ng m\u1ed7i ng\u00e0y.<br \/>\n\ud83c\udf3f Thu\u1ea7n thi\u00ean nhi\u00ean \u2013 Kh\u00f4ng ch\u1ea5t b\u1ea3o qu\u1ea3n \u2013 An to\u00e0n cho c\u1ea3 gia \u0111\u00ecnh.<\/p>\n","protected":false},"featured_media":2959,"comment_status":"open","ping_status":"closed","template":"","meta":{"site-sidebar-layout":"default","site-content-layout":"","ast-site-content-layout":"default","site-content-style":"default","site-sidebar-style":"default","ast-global-header-display":"","ast-banner-title-visibility":"","ast-main-header-display":"","ast-hfb-above-header-display":"","ast-hfb-below-header-display":"","ast-hfb-mobile-header-display":"","site-post-title":"","ast-breadcrumbs-content":"","ast-featured-img":"","footer-sml-layout":"","theme-transparent-header-meta":"default","adv-header-id-meta":"","stick-header-meta":"","header-above-stick-meta":"","header-main-stick-meta":"","header-below-stick-meta":"","astra-migrate-meta-layouts":"set","ast-page-background-enabled":"default","ast-page-background-meta":{"desktop":{"background-color":"var(--ast-global-color-5)","background-image":"","background-repeat":"repeat","background-position":"center center","background-size":"auto","background-attachment":"scroll","background-type":"","background-media":"","overlay-type":"","overlay-color":"","overlay-opacity":"","overlay-gradient":""},"tablet":{"background-color":"","background-image":"","background-repeat":"repeat","background-position":"center center","background-size":"auto","background-attachment":"scroll","background-type":"","background-media":"","overlay-type":"","overlay-color":"","overlay-opacity":"","overlay-gradient":""},"mobile":{"background-color":"","background-image":"","background-repeat":"repeat","background-position":"center center","background-size":"auto","background-attachment":"scroll","background-type":"","background-media":"","overlay-type":"","overlay-color":"","overlay-opacity":"","overlay-gradient":""}},"ast-content-background-meta":{"desktop":{"background-color":"var(--ast-global-color-4)","background-image":"","background-repeat":"repeat","background-position":"center center","background-size":"auto","background-attachment":"scroll","background-type":"","background-media":"","overlay-type":"","overlay-color":"","overlay-opacity":"","overlay-gradient":""},"tablet":{"background-color":"var(--ast-global-color-4)","background-image":"","background-repeat":"repeat","background-position":"center center","background-size":"auto","background-attachment":"scroll","background-type":"","background-media":"","overlay-type":"","overlay-color":"","overlay-opacity":"","overlay-gradient":""},"mobile":{"background-color":"var(--ast-global-color-4)","background-image":"","background-repeat":"repeat","background-position":"center center","background-size":"auto","background-attachment":"scroll","background-type":"","background-media":"","overlay-type":"","overlay-color":"","overlay-opacity":"","overlay-gradient":""}}},"product_brand":[37],"product_cat":[33,36,32,43],"product_tag":[],"class_list":{"0":"post-697","1":"product","2":"type-product","3":"status-publish","4":"has-post-thumbnail","6":"product_brand-thien-bao","7":"product_cat-mua-sam-tet","8":"product_cat-thien-bao","9":"product_cat-thuc-pham-do-uong","10":"product_cat-thuc-uong-nuoc-giai-khat-tra-ca-phe-ruou","11":"desktop-align-left","12":"tablet-align-left","13":"mobile-align-left","15":"first","16":"instock","17":"taxable","18":"shipping-taxable","19":"purchasable","20":"product-type-simple"},"_links":{"self":[{"href":"https:\/\/omewa.online\/index.php\/wp-json\/wp\/v2\/product\/697","targetHints":{"allow":["GET"]}}],"collection":[{"href":"https:\/\/omewa.online\/index.php\/wp-json\/wp\/v2\/product"}],"about":[{"href":"https:\/\/omewa.online\/index.php\/wp-json\/wp\/v2\/types\/product"}],"replies":[{"embeddable":true,"href":"https:\/\/omewa.online\/index.php\/wp-json\/wp\/v2\/comments?post=697"}],"wp:featuredmedia":[{"embeddable":true,"href":"https:\/\/omewa.online\/index.php\/wp-json\/wp\/v2\/media\/2959"}],"wp:attachment":[{"href":"https:\/\/omewa.online\/index.php\/wp-json\/wp\/v2\/media?parent=697"}],"wp:term":[{"taxonomy":"product_brand","embeddable":true,"href":"https:\/\/omewa.online\/index.php\/wp-json\/wp\/v2\/product_brand?post=697"},{"taxonomy":"product_cat","embeddable":true,"href":"https:\/\/omewa.online\/index.php\/wp-json\/wp\/v2\/product_cat?post=697"},{"taxonomy":"product_tag","embeddable":true,"href":"https:\/\/omewa.online\/index.php\/wp-json\/wp\/v2\/product_tag?post=697"}],"curies":[{"name":"wp","href":"https:\/\/api.w.org\/{rel}","templated":true}]}}