{"id":696,"date":"2025-11-01T18:12:35","date_gmt":"2025-11-01T18:12:35","guid":{"rendered":"https:\/\/omewa.online\/?post_type=product&#038;p=696"},"modified":"2026-03-19T14:02:45","modified_gmt":"2026-03-19T14:02:45","slug":"men-vi-sinh-bio-skin-probiotics-liquid-50ml","status":"publish","type":"product","link":"https:\/\/omewa.online\/index.php\/product\/men-vi-sinh-bio-skin-probiotics-liquid-50ml\/","title":{"rendered":"Men vi sinh Bio Skin Probiotics Liquid 50ml"},"content":{"rendered":"","protected":false},"excerpt":{"rendered":"<div class=\"desc0 text-sm lg:text-base mt-8px lg:mt-1.5 product-description text-typo-heading\">\n<p class=\"CxSpFirst\">S\u1ea3n ph\u1ea9m gi\u00fap b\u1ed5 sung 3 t\u1ec9 l\u1ee3i khu\u1ea9n nh\u01b0 Bacillus Clausii, Bacillus Subtilis, Bacillus Coagulans v\u00e0 n\u1ea5m Aspergillus Oryzae gi\u00fap nhanh ch\u00f3ng t\u00e1i thi\u1ebft l\u1eadp l\u1ea1i tr\u1ea1ng th\u00e1i c\u00e2n b\u1eb1ng, \u1ed5n \u0111\u1ecbnh h\u1ec7 vi sinh, ph\u1ee5c h\u1ed3i h\u00e0ng r\u00e0o b\u1ea3o v\u1ec7 cho nh\u1eefng tr\u01b0\u1eddng h\u1ee3p da nh\u1ea1y c\u1ea3m, vi\u00eam, nhi\u1ec5m Corticoid, \u2026<\/p>\n<\/div>\n<div class=\"desc2 flex flex-col\" data-v-95dfa95a=\"\">\n<div class=\"contentinfo3\">\n<hr \/>\n<p class=\"CxSpFirst\">\u0110\u1eb7c \u0111i\u1ec3m n\u1ed5i b\u1eadt<br \/>\nTh\u00e0nh ph\u1ea7n t\u1ef1 nhi\u00ean gi\u00fap gi\u1ea3m thi\u1ec3u nguy c\u01a1 k\u00edch \u1ee9ng da.<\/p>\n<\/div>\n<\/div>\n","protected":false},"featured_media":845,"comment_status":"open","ping_status":"closed","template":"","meta":{"site-sidebar-layout":"default","site-content-layout":"","ast-site-content-layout":"default","site-content-style":"default","site-sidebar-style":"default","ast-global-header-display":"","ast-banner-title-visibility":"","ast-main-header-display":"","ast-hfb-above-header-display":"","ast-hfb-below-header-display":"","ast-hfb-mobile-header-display":"","site-post-title":"","ast-breadcrumbs-content":"","ast-featured-img":"","footer-sml-layout":"","theme-transparent-header-meta":"","adv-header-id-meta":"","stick-header-meta":"","header-above-stick-meta":"","header-main-stick-meta":"","header-below-stick-meta":"","astra-migrate-meta-layouts":"default","ast-page-background-enabled":"default","ast-page-background-meta":{"desktop":{"background-color":"var(--ast-global-color-5)","background-image":"","background-repeat":"repeat","background-position":"center center","background-size":"auto","background-attachment":"scroll","background-type":"","background-media":"","overlay-type":"","overlay-color":"","overlay-opacity":"","overlay-gradient":""},"tablet":{"background-color":"","background-image":"","background-repeat":"repeat","background-position":"center center","background-size":"auto","background-attachment":"scroll","background-type":"","background-media":"","overlay-type":"","overlay-color":"","overlay-opacity":"","overlay-gradient":""},"mobile":{"background-color":"","background-image":"","background-repeat":"repeat","background-position":"center center","background-size":"auto","background-attachment":"scroll","background-type":"","background-media":"","overlay-type":"","overlay-color":"","overlay-opacity":"","overlay-gradient":""}},"ast-content-background-meta":{"desktop":{"background-color":"var(--ast-global-color-4)","background-image":"","background-repeat":"repeat","background-position":"center center","background-size":"auto","background-attachment":"scroll","background-type":"","background-media":"","overlay-type":"","overlay-color":"","overlay-opacity":"","overlay-gradient":""},"tablet":{"background-color":"var(--ast-global-color-4)","background-image":"","background-repeat":"repeat","background-position":"center center","background-size":"auto","background-attachment":"scroll","background-type":"","background-media":"","overlay-type":"","overlay-color":"","overlay-opacity":"","overlay-gradient":""},"mobile":{"background-color":"var(--ast-global-color-4)","background-image":"","background-repeat":"repeat","background-position":"center center","background-size":"auto","background-attachment":"scroll","background-type":"","background-media":"","overlay-type":"","overlay-color":"","overlay-opacity":"","overlay-gradient":""}}},"product_brand":[23],"product_cat":[18,17,21],"product_tag":[],"class_list":{"0":"post-696","1":"product","2":"type-product","3":"status-publish","4":"has-post-thumbnail","6":"product_brand-skinsolve","7":"product_cat-cham-soc-da-mat","8":"product_cat-my-pham","9":"product_cat-skinsolve","10":"desktop-align-left","11":"tablet-align-left","12":"mobile-align-left","14":"first","15":"instock","16":"taxable","17":"shipping-taxable","18":"purchasable","19":"product-type-simple"},"_links":{"self":[{"href":"https:\/\/omewa.online\/index.php\/wp-json\/wp\/v2\/product\/696","targetHints":{"allow":["GET"]}}],"collection":[{"href":"https:\/\/omewa.online\/index.php\/wp-json\/wp\/v2\/product"}],"about":[{"href":"https:\/\/omewa.online\/index.php\/wp-json\/wp\/v2\/types\/product"}],"replies":[{"embeddable":true,"href":"https:\/\/omewa.online\/index.php\/wp-json\/wp\/v2\/comments?post=696"}],"wp:featuredmedia":[{"embeddable":true,"href":"https:\/\/omewa.online\/index.php\/wp-json\/wp\/v2\/media\/845"}],"wp:attachment":[{"href":"https:\/\/omewa.online\/index.php\/wp-json\/wp\/v2\/media?parent=696"}],"wp:term":[{"taxonomy":"product_brand","embeddable":true,"href":"https:\/\/omewa.online\/index.php\/wp-json\/wp\/v2\/product_brand?post=696"},{"taxonomy":"product_cat","embeddable":true,"href":"https:\/\/omewa.online\/index.php\/wp-json\/wp\/v2\/product_cat?post=696"},{"taxonomy":"product_tag","embeddable":true,"href":"https:\/\/omewa.online\/index.php\/wp-json\/wp\/v2\/product_tag?post=696"}],"curies":[{"name":"wp","href":"https:\/\/api.w.org\/{rel}","templated":true}]}}