{"id":695,"date":"2025-11-01T18:12:35","date_gmt":"2025-11-01T18:12:35","guid":{"rendered":"https:\/\/omewa.online\/?post_type=product&#038;p=695"},"modified":"2026-03-19T14:16:59","modified_gmt":"2026-03-19T14:16:59","slug":"dung-dich-can-bang-do-am-giam-viem-ngan-ngua-mun-tu-diep-ca-ngai-cuu-120ml-acne-clearing-toner-houttuynia-cordata-extract","status":"publish","type":"product","link":"https:\/\/omewa.online\/index.php\/product\/dung-dich-can-bang-do-am-giam-viem-ngan-ngua-mun-tu-diep-ca-ngai-cuu-120ml-acne-clearing-toner-houttuynia-cordata-extract\/","title":{"rendered":"Dung d\u1ecbch c\u00e2n b\u1eb1ng \u0111\u1ed9 \u1ea9m gi\u1ea3m vi\u00eam, ng\u0103n ng\u1eeba m\u1ee5n t\u1eeb Di\u1ebfp C\u00e1 &#038; Ng\u1ea3i C\u1ee9u 120ml &#8211; Acne Clearing Toner (Houttuynia Cordata Extract)"},"content":{"rendered":"<div class=\"border-b border-secondary-light3 lg:border-0\" data-v-3a2e2332=\"\">\n<div data-v-36134904=\"\">\n<div id=\"96\" class=\"flex flex-col w-full h-full bg-opacity-25 lg:flex-row bg-secondary-light3\" data-v-475c5dca=\"\" data-v-3a2e2332=\"\">\n<div class=\"w-full lg:w-1\/2 theimageinfo1\"><img decoding=\"async\" class=\"object-cover object-center w-full transition-all duration-300 lazyLoad isLoaded\" src=\"https:\/\/file.hstatic.net\/200000834019\/file\/diep_ca_29d5ad2a73ee467a8dc9355c46e915c9.jpg\" data-v-475c5dca=\"\" \/><\/div>\n<div id=\"DepthDetail\" class=\"flex flex-col w-full px-2 py-3 lg:py-12 lg:w-1\/2 additional-information\" data-v-475c5dca=\"\">\n<div class=\"flex flex-col text-lg font-normal lg:text-3xl lg:leading-10 font-vollkorn text-primary-dark\" data-v-475c5dca=\"\">\n<div class=\"overflow-hidden overflow-ellipsis line-clamp-5 line-clamp-none\">\n<div class=\"contentinfotable2\">Rau Di\u1ebfp C\u00e1 l\u00e0 m\u1ed9t lo\u00e0i c\u00e2y th\u00e2n th\u1ea3o, m\u1ecdc hoang d\u00e3 ph\u1ed5 bi\u1ebfn \u1edf khu v\u1ef1c \u0110\u00f4ng Nam \u00c1. Trong y h\u1ecdc d\u00e2n gian, rau di\u1ebfp c\u00e1 \u0111\u01b0\u1ee3c s\u1eed d\u1ee5ng v\u1edbi nhi\u1ec1u m\u1ee5c \u0111\u00edch kh\u00e1c nhau \u0111\u1ec3 \u0111i\u1ec1u tr\u1ecb c\u00e1c v\u1ea5n \u0111\u1ec1 v\u1ec1 ti\u00eau h\u00f3a, c\u1ea3m l\u1ea1nh v\u00e0 d\u1ecb \u1ee9ng. Ngo\u00e0i ra, rau Di\u1ebfp C\u00e1 c\u00f2n \u0111\u01b0\u1ee3c s\u1eed d\u1ee5ng ph\u1ed5 bi\u1ebfn trong ch\u0103m s\u00f3c da v\u00e0 l\u00e0m \u0111\u1eb9p nh\u01b0 l\u00e0m m\u1eb7t n\u1ea1 d\u01b0\u1ee1ng da, t\u1eafm th\u1ea3o d\u01b0\u1ee3c, s\u1eed d\u1ee5ng l\u00e0m n\u01b0\u1edbc r\u1eeda m\u1eb7t tr\u1ecb m\u1ee5n, th\u01b0 gi\u00e3n da, \u2026<br \/>\nNg\u00e0y n\u00e0y, nh\u1eefng c\u00f4ng d\u1ee5ng v\u01b0\u1ee3t tr\u1ed9i c\u1ee7a Di\u1ebfp C\u00e1 trong vi\u1ec7c ch\u0103m s\u00f3c da, \u0111\u1eb7c bi\u1ec7t l\u00e0 \u0111i\u1ec1u tr\u1ecb m\u1ee5n ng\u00e0y c\u00e0ng \u0111\u01b0\u1ee3c nghi\u00ean c\u1ee9u v\u00e0 ch\u1ee9ng m\u00ecnh r\u00f5 h\u01a1n. Lo\u1ea1i d\u01b0\u1ee3c th\u1ea3o n\u00e0y c\u00f3 b\u1ea3ng th\u00e0nh ph\u1ea7n ho\u00e1 h\u1ecdc ph\u1ee9c t\u1ea1p v\u00e0 l\u1ea1 m\u1eaft \u0111\u01b0\u1ee3c g\u1ecdi l\u00e0 Flavonoid, trong \u0111\u00f3 ph\u1ed5 bi\u1ebfn l\u00e0 Quercetin, Quercitrin, Hyperoside v\u00e0 Rutin. Nh\u1eefng Flavonoid Polyphenolic n\u00e0y l\u00e0 nh\u1eefng ch\u1ea5t ch\u1ed1ng oxy h\u00f3a hi\u1ec7u qu\u1ea3 v\u00e0 c\u00f3 \u0111\u1eb7c t\u00ednh ch\u1ed1ng vi\u00eam v\u01b0\u1ee3t tr\u1ed9i. B\u00ean c\u1ea1nh \u0111\u00f3, Di\u1ebfp c\u00e1 c\u00f2n ch\u1ee9a Polysaccharide, c\u00e1c d\u1ea1ng Acid b\u00e9o Omega 3 v\u00e0 Omega 6 gi\u00fap d\u01b0\u1ee1ng \u1ea9m v\u00e0 b\u1ea3o v\u1ec7 m\u00e0n Lipid t\u1ef1 nhi\u00ean c\u1ee7a da. Nh\u1edd \u0111\u00f3, c\u00e1c s\u1ea3n ph\u1ea9m t\u1eeb Di\u1ebfp c\u00e1 tr\u1edf th\u00e0nh m\u1ed9t ph\u1ea7n kh\u00f4ng th\u1ec3 thi\u1ebfu trong ch\u0103m s\u00f3c da, nh\u1ea5t l\u00e0 \u0111i\u1ec1u tr\u1ecb c\u00e1c v\u1ea5n \u0111\u1ec1 li\u00ean quan \u0111\u1ebfn m\u1ee5n.<\/div>\n<\/div>\n<\/div>\n<p><span class=\"seemoredetail2 text-sm font-bold leading-7 underline cursor-pointer lg:text-base see-more font-nunito text-typo-heading\" data-v-475c5dca=\"\">Xem th\u00eam<\/span><\/p>\n<hr class=\"my-2 lg:my-3\" data-v-475c5dca=\"\" \/>\n<div class=\"flex flex-col lg:flex-row lg:0 flexbrhand\" data-v-475c5dca=\"\">\n<div class=\"flex colinfo2cot1 flex-col flex-1 text-sm font-normal lg:text-base text-typo-body font-nunito\" data-v-475c5dca=\"\">\n<p>C\u00f4ng d\u1ee5ng<\/p>\n<p>&nbsp;<\/p>\n<p>\u2713 Ph\u1ee5c h\u1ed3i v\u00e0 c\u00e2n b\u1eb1ng \u0111\u1ed9 \u1ea9m t\u1ef1 nhi\u00ean c\u1ee7a da sau khi l\u00e0m s\u1ea1ch. H\u1ed7 tr\u1ee3 kh\u00e1ng vi\u00eam, ng\u0103n ng\u1eeba m\u1ee5n vi\u00eam nhi\u1ec5m.<\/p>\n<p>\u2713 Gi\u00fap c\u00e2n b\u1eb1ng l\u01b0\u1ee3ng d\u1ea7u th\u1eeba tr\u00ean da, ng\u0103n ng\u1eeba t\u00ecnh tr\u1ea1ng b\u00f3ng d\u1ea7u.<\/p>\n<p>\u2713\u00a0Nu\u00f4i d\u01b0\u1ee1ng l\u00e0n da kh\u1ecfe m\u1ea1nh, m\u1ec1m m\u1ea1i.<\/p>\n<\/div>\n<div class=\"flex colinfo2cot2 flex-col flex-1 text-sm font-normal lg:text-base text-typo-body font-nunito mt-2 lg:mt-0 lg:ml-3\" data-v-475c5dca=\"\">\n<p>D\u00e0nh cho<\/p>\n<p>&nbsp;<\/p>\n<p>\u2713 L\u00e0n da nhi\u1ec1u d\u1ea7u th\u1eeba.<\/p>\n<p>\u2713 L\u00e0n da \u0111ang g\u1eb7p nh\u1eefng v\u1ea5n \u0111\u1ec1 nh\u01b0 m\u1ee5n tr\u1ee9ng c\u00e1, m\u1ee5n \u0111\u1ea7u \u0111en, m\u1ee5n vi\u00eam, &#8230;<\/p>\n<\/div>\n<\/div>\n<\/div>\n<\/div>\n<\/div>\n<\/div>\n<div id=\"product-components\" class=\"border-b border-secondary-light3 lg:border-0\" data-v-3a2e2332=\"\">\n<div data-v-36134904=\"\">\n<div id=\"96\" class=\"relative flex flex-col w-full lg:flex-row-reverse bg-primary-light\" data-v-23023fea=\"\" data-v-3a2e2332=\"\">\n<div class=\"w-full lg:w-1\/2 max-h-7221 imagecomponant\" data-v-23023fea=\"\"><img decoding=\"async\" class=\"object-cover w-full h-full transition-all duration-500 lazyLoad isLoaded\" src=\"https:\/\/file.hstatic.net\/200000834019\/file\/toner-diep-ca_ab8aba2dc4d940ee85c202c390b1ebc5.jpg\" data-v-23023fea=\"\" \/><\/div>\n<div class=\"flex flex-col w-full px-2 pt-3 pb-8 lg:relative lg:w-1\/2 product-components lg:pt-5 lg:pb-3 2xl:pt-14 2xl:pb-9 overflow-y-auto\" data-v-23023fea=\"\">\n<div class=\"product-components__details\" data-v-23023fea=\"\">\n<div class=\"descriptionthanhphan\">\n<div class=\"renderdata\">\n<p>Th\u00e0nh ph\u1ea7n ch\u00ednh<\/p>\n<p>&nbsp;<\/p>\n<p>Ki\u1ec3m so\u00e1t d\u1ea7u, gi\u1ea3m vi\u00eam, h\u1ed7 tr\u1ee3 \u0111i\u1ec1u tr\u1ecb m\u1ee5n<\/p>\n<p>&nbsp;<\/p>\n<p><strong>Chi\u1ebft xu\u1ea5t Di\u1ebfp C\u00e1<\/strong><\/p>\n<p>\u2022 Di\u1ebfp C\u00e1 ch\u1ee9a Quercetin, Quercitrin, Hyperside v\u00e0 Rutin. Nh\u1eefng ch\u1ea5t n\u00e0y l\u00e0 nh\u1eefng ch\u1ea5t c\u00f3 kh\u1ea3 n\u0103ng lo\u1ea1i b\u1ecf c\u00e1c g\u1ed1c t\u1ef1 do, gi\u00fap da ch\u1ed1ng oxy h\u00f3a hi\u1ec7u qu\u1ea3. Ch\u00fang c\u00f2n c\u00f3 kh\u1ea3 n\u0103ng gi\u1ea3m vi\u00eam, l\u00e0m d\u1ecbu da, c\u1ea3i thi\u1ec7n t\u00ecnh tr\u1ea1ng da m\u1ee5n.<\/p>\n<p>\u2022 Di\u1ebfp c\u00e1 c\u00f2n ch\u1ee9a c\u00e1c Polysaccharide c\u00f3 kh\u1ea3 n\u0103ng gi\u1eef \u1ea9m v\u00e0 h\u1ed7 tr\u1ee3 ph\u1ee5c h\u1ed3i da, duy tr\u00ec s\u1ef1 m\u1ec1m m\u1ea1i v\u00e0 \u0111\u00e0n h\u1ed3i cho l\u00e0n da.<\/p>\n<p>\u2022 Lo\u1ea1i b\u1ecf b\u1ee5i b\u1ea9n, b\u00e3 nh\u1eddn trong l\u1ed7 ch\u00e2n l\u00f4ng, h\u1ed7 tr\u1ee3 \u0111i\u1ec1u ti\u1ebft s\u1ea3n xu\u1ea5t d\u1ea7u t\u1ef1 nhi\u00ean tr\u00ean da gi\u00fap l\u1ed7 ch\u00e2n l\u00f4ng th\u00f4ng tho\u00e1ng gi\u1ea3m t\u00ecnh tr\u1ea1ng b\u00edt t\u1eafc sinh nh\u00e2n m\u1ee5n.<\/p>\n<p><strong>Panthenol (VITAMIN B5)<\/strong><\/p>\n<p>Panthenol gi\u00fap l\u00e0m gi\u1ea3m thi\u1ec3u c\u00e1c k\u00edch \u1ee9ng v\u00e0 l\u00e0m d\u1ecbu da th\u00f4ng qua vi\u1ec7c c\u1ee7ng c\u1ed1 v\u00e0 duy tr\u00ec h\u00e0ng r\u00e0o b\u1ea3o v\u1ec7 da gi\u00fap l\u00e0m d\u1ecbu da ngay c\u1ea3 khi ch\u01b0a d\u00f9ng \u0111\u1ebfn c\u00e1c s\u1ea3n ph\u1ea9m d\u01b0\u1ee1ng.<\/p>\n<p>&nbsp;<\/p>\n<p>Toner s\u1eed d\u1ee5ng h\u1ec7 b\u1ea3o qu\u1ea3n t\u1ef1 nhi\u00ean<\/p>\n<p>&nbsp;<\/p>\n<p>\u2022 Phenethyl Alcohol \u2013 Chi\u1ebft xu\u1ea5t t\u1eeb Hoa h\u1ed3ng v\u00e0 Hoa C\u1ea9m Ch\u01b0\u1edbng.<\/p>\n<p>\u2022 Caprylhydroxamic Acid \u2013 Chi\u1ebft xu\u1ea5t t\u1eeb d\u1eeba.<\/p>\n<p>Hai h\u1ee3p ch\u1ea5t v\u1edbi ngu\u1ed3n g\u1ed1c t\u1eeb thi\u00ean nhi\u00ean c\u00f3 kh\u1ea3 n\u0103ng \u1ee9c ch\u1ebf s\u1ef1 ph\u00e1t tri\u1ec3n c\u1ee7a vi khu\u1ea9n v\u00e0 vi sinh v\u1eadt kh\u00e1c gi\u00fap b\u1ea3o qu\u1ea3n s\u1ea3n ph\u1ea9m hi\u1ec7u qu\u1ea3 m\u00e0 kh\u00f4ng g\u00e2y k\u00edch \u1ee9ng da, kh\u00f4ng \u1ea3nh h\u01b0\u1edfng \u0111\u1ebfn s\u1ee9c kh\u1ecfe c\u1ee7a ng\u01b0\u1eddi s\u1eed d\u1ee5ng.<\/p>\n<p>&nbsp;<\/p>\n<p>Toner s\u1eed d\u1ee5ng m\u00f9i h\u01b0\u01a1ng t\u1ef1 nhi\u00ean t\u1eeb tinh d\u1ea7u<\/p>\n<p>&nbsp;<\/p>\n<p>Tinh d\u1ea7u Tr\u00e0m Tr\u00e0 v\u00e0 Ng\u1ea3i C\u1ee9u \u0111\u1ec1u mang l\u1ea1i c\u1ea3m gi\u00e1c th\u01b0 gi\u00e3n v\u00e0 nh\u1eb9 nh\u00e0ng khi s\u1eed d\u1ee5ng, t\u1ea1o n\u00ean tr\u1ea3i nghi\u1ec7m ch\u0103m s\u00f3c da t\u1ef1 nhi\u00ean v\u00e0 tinh t\u1ebf.<\/p>\n<\/div>\n<\/div>\n<p><span class=\"items-center xemthanhphanchitiet n mt-1 text-sm font-bold cursor-pointer lg:flex\" data-v-23023fea=\"\">Xem th\u00e0nh ph\u1ea7n chi ti\u1ebft<\/span><\/p>\n<\/div>\n<\/div>\n<\/div>\n<\/div>\n<\/div>\n<div class=\"border-b border-secondary-light3 lg:border-0\" data-v-3a2e2332=\"\">\n<div class=\"hrvproduct-tabs\"><\/div>\n<div class=\"inforange\">\n<div data-v-36134904=\"\">\n<div id=\"113\" class=\"flex hasvideox flex-col w-full bg-opacity-25 lg:flex-row bg-secondary-light3\" data-v-6a3742cd=\"\" data-v-3a2e2332=\"\">\n<div class=\"w-full lg:w-1\/2 max-h-72\" data-v-6a3742cd=\"\"><img decoding=\"async\" src=\"https:\/\/file.hstatic.net\/200000834019\/file\/toner-dc_3ea8eb3169bc422c93a398ee731ee202.jpg\" \/><\/div>\n<div class=\"flex flex-col w-full px-2 py-3 usage lg:w-1\/2 lg:py-5 2xl:py-12 lg:overflow-y-auto lg:max-h-72\" data-v-6a3742cd=\"\">\n<p>&nbsp;<\/p>\n<table border=\"1\">\n<tbody>\n<tr>\n<td>Ti\u00eau ch\u00ed &#8220;13 KH\u00d4NG&#8221; xuy\u00ean su\u1ed1t trong h\u1ec7 s\u1ea3n ph\u1ea9m<\/p>\n<p>&nbsp;<\/p>\n<p><strong>KH\u00d4NG CH\u1ee8A<\/strong><\/p>\n<p>&nbsp;<\/p>\n<p>\u2022 D\u1ea7u kho\u00e1ng H\u01b0\u01a1ng li\u1ec7u t\u1ed1ng h\u1ee3p Ch\u1ea5t t\u1ea1o m\u00e0u ho\u00e1 h\u1ecdc.<\/p>\n<p>\u2022 Nguy\u00ean li\u1ec7u c\u00f3 ngu\u1ed3n g\u1ed1c t\u1eeb \u0111\u1ed9ng v\u1eadt.<\/p>\n<p>\u2022 Ch\u1ea5t l\u00e0m s\u1ea1ch g\u1ed1c Sulfates: SLS, SLES.<\/p>\n<p>\u2022 MEA\/DEA\/TEA<\/p>\n<p>\u2022 Phthalates<\/p>\n<p>\u2022 Ch\u1ea5t b\u1ea3o qu\u1ea3n t\u1ed5ng h\u1ee3p (Paraben, Phenoxyethanol\u2026)<\/p>\n<p>\u2022 Kh\u00f4ng ch\u1ee9a c\u1ed3n.<\/p>\n<p>\u2022 Silicone<\/p>\n<p>\u2022 S\u1eed d\u1ee5ng c\u00e1c ch\u1ea5t t\u1ea1o \u0111\u1eb7c\/nh\u0169 ho\u00e1 t\u1ed5ng h\u1ee3p (Carbomer, Polymer, Glyceryl Stearate, Cetearyl Alcohol).<\/p>\n<p>\u2022 EDTA<\/td>\n<\/tr>\n<\/tbody>\n<\/table>\n<p>&nbsp;<\/p>\n<p>&nbsp;<\/p>\n<\/div>\n<\/div>\n<\/div>\n<\/div>\n<div class=\"inforange\">\n<div data-v-36134904=\"\">\n<div id=\"113\" class=\"flex hasvideox revever flex-col w-full bg-opacity-25 lg:flex-row bg-secondary-light3\" data-v-6a3742cd=\"\" data-v-3a2e2332=\"\">\n<div class=\"w-full lg:w-1\/2 max-h-72\" data-v-6a3742cd=\"\">\n<p>&nbsp;<\/p>\n<table border=\"1\">\n<tbody>\n<tr>\n<td><\/td>\n<\/tr>\n<\/tbody>\n<\/table>\n<p>&nbsp;<\/p>\n<\/div>\n<div class=\"flex flex-col w-full px-2 py-3 usage lg:w-1\/2 lg:py-5 2xl:py-12 lg:overflow-y-auto lg:max-h-72\" data-v-6a3742cd=\"\">\n<p>&nbsp;<\/p>\n<table border=\"1\">\n<tbody>\n<tr>\n<td>H\u01b0\u1edbng d\u1eabn s\u1eed d\u1ee5ng<\/p>\n<p>&nbsp;<\/p>\n<p>\u00bb \u0110\u1ed5 m\u1ed9t l\u01b0\u1ee3ng v\u1eeba \u0111\u1ee7 ra tay v\u00e0 v\u1ed7 l\u00ean da m\u1eb7t \u0111\u00e3 \u0111\u01b0\u1ee3c l\u00e0m s\u1ea1ch (ho\u1eb7c cho Toner ra b\u00f4ng v\u00e0 lau nh\u1eb9 nh\u00e0ng to\u00e0n m\u1eb7t).<\/p>\n<p>\u00bb C\u00f3 th\u1ec3 d\u00f9ng l\u00e0m lotion mask \u0111\u1ec3 c\u1ea5p \u1ea9m s\u00e2u cho da thay m\u1eb7t n\u1ea1 gi\u1ea5y.<\/p>\n<p>\u00bb\u00a0N\u00ean s\u1eed d\u1ee5ng t\u1ed1t nh\u1ea5t ngay sau khi v\u1eeba r\u1eeda m\u1eb7t \u0111\u1ec3 h\u1ed3i ph\u1ee5c \u0111\u1ed9 \u1ea9m m\u00e0ng b\u1ea3o v\u1ec7 da.<\/p>\n<p>&nbsp;<\/p>\n<hr \/>\n<p>&nbsp;<\/p>\n<p>Ch\u00fa \u00fd s\u1eed d\u1ee5ng<\/p>\n<p>&nbsp;<\/p>\n<p>\u2a2f\u00a0Kh\u00f4ng b\u00f4i v\u00e0o v\u1ebft th\u01b0\u01a1ng h\u1edf, kh\u00f4ng s\u1eed d\u1ee5ng khi d\u1ecb \u1ee9ng\/ k\u00edch \u1ee9ng v\u1edbi c\u00e1c th\u00e0nh ph\u1ea7n c\u1ee7a s\u1ea3n ph\u1ea9m.<\/p>\n<p>&nbsp;<\/p>\n<hr \/>\n<p>&nbsp;<\/p>\n<p>H\u1ea1n s\u1eed d\u1ee5ng<\/p>\n<p>\u00bb 18 th\u00e1ng k\u1ec3 t\u1eeb ng\u00e0y s\u1ea3n xu\u1ea5t.<\/p>\n<p>\u00bb 06 th\u00e1ng k\u1ec3 t\u1eeb khi m\u1edf n\u1eafp.<\/td>\n<\/tr>\n<\/tbody>\n<\/table>\n<\/div>\n<\/div>\n<\/div>\n<\/div>\n<\/div>\n","protected":false},"excerpt":{"rendered":"<div class=\"desc0 text-sm lg:text-base mt-8px lg:mt-1.5 product-description text-typo-heading\">\n<p>Dung d\u1ecbch c\u00e2n b\u1eb1ng \u0111\u1ed9 \u1ea9m d\u1ecbu nh\u1eb9, d\u1ec5 d\u00e0ng th\u1ea9m th\u1ea5u, ch\u1ee9a nhi\u1ec1u th\u00e0nh ph\u1ea7n c\u00f3 l\u1ee3i cho da d\u1ea7u m\u1ee5n chi\u1ebft xu\u1ea5t Di\u1ebfp C\u00e1, Panthenol, &#8230; gi\u00fap c\u1ea5p \u1ea9m t\u1ee9c th\u00ec, c\u00e2n b\u1eb1ng pH, l\u00e0m d\u1ecbu da, gi\u1ea3m vi\u00eam, h\u1ed7 tr\u1ee3 ki\u1ec3m so\u00e1t d\u1ea7u th\u1eeba, vi khu\u1ea9n g\u00e2y m\u1ee5n gi\u00fap h\u1ea1n ch\u1ebf c\u00e1c nguy\u00ean nh\u00e2n g\u00e2y ra m\u1ee5n.<\/p>\n<\/div>\n<div class=\"desc2 flex flex-col\" data-v-95dfa95a=\"\">\n<div class=\"contentinfo3\">\n<hr \/>\n<p>\u0110\u1eb7c \u0111i\u1ec3m n\u1ed5i b\u1eadt<br \/>\n\u2713 Ph\u00f9 h\u1ee3p v\u1edbi da d\u1ea7u, m\u1ee5n, vi\u00eam.<br \/>\n\u2713\u00a0An to\u00e0n cho l\u00e0n da nh\u1ea1y c\u1ea3m hay d\u1ec5 b\u1ecb k\u00edch \u1ee9ng.<br \/>\n\u2713\u00a0K\u1ebft c\u1ea5u l\u1ecfng v\u1edbi c\u00f4ng th\u1ee9c nh\u1eb9 nh\u00e0ng, t\u01b0\u01a1i m\u00e1t, d\u1ec5 ch\u1ecbu v\u00e0 tho\u1ea3i m\u00e1i khi d\u00f9ng.<br \/>\n\u2713\u00a0An to\u00e0n v\u1edbi m\u1eb9 b\u1ea7u, cho con b\u00fa v\u00e0 tr\u1ebb d\u1eady th\u00ec.<\/p>\n<\/div>\n<\/div>\n","protected":false},"featured_media":842,"comment_status":"open","ping_status":"closed","template":"","meta":{"site-sidebar-layout":"default","site-content-layout":"","ast-site-content-layout":"default","site-content-style":"default","site-sidebar-style":"default","ast-global-header-display":"","ast-banner-title-visibility":"","ast-main-header-display":"","ast-hfb-above-header-display":"","ast-hfb-below-header-display":"","ast-hfb-mobile-header-display":"","site-post-title":"","ast-breadcrumbs-content":"","ast-featured-img":"","footer-sml-layout":"","theme-transparent-header-meta":"default","adv-header-id-meta":"","stick-header-meta":"","header-above-stick-meta":"","header-main-stick-meta":"","header-below-stick-meta":"","astra-migrate-meta-layouts":"set","ast-page-background-enabled":"default","ast-page-background-meta":{"desktop":{"background-color":"var(--ast-global-color-5)","background-image":"","background-repeat":"repeat","background-position":"center center","background-size":"auto","background-attachment":"scroll","background-type":"","background-media":"","overlay-type":"","overlay-color":"","overlay-opacity":"","overlay-gradient":""},"tablet":{"background-color":"","background-image":"","background-repeat":"repeat","background-position":"center center","background-size":"auto","background-attachment":"scroll","background-type":"","background-media":"","overlay-type":"","overlay-color":"","overlay-opacity":"","overlay-gradient":""},"mobile":{"background-color":"","background-image":"","background-repeat":"repeat","background-position":"center center","background-size":"auto","background-attachment":"scroll","background-type":"","background-media":"","overlay-type":"","overlay-color":"","overlay-opacity":"","overlay-gradient":""}},"ast-content-background-meta":{"desktop":{"background-color":"var(--ast-global-color-4)","background-image":"","background-repeat":"repeat","background-position":"center center","background-size":"auto","background-attachment":"scroll","background-type":"","background-media":"","overlay-type":"","overlay-color":"","overlay-opacity":"","overlay-gradient":""},"tablet":{"background-color":"var(--ast-global-color-4)","background-image":"","background-repeat":"repeat","background-position":"center center","background-size":"auto","background-attachment":"scroll","background-type":"","background-media":"","overlay-type":"","overlay-color":"","overlay-opacity":"","overlay-gradient":""},"mobile":{"background-color":"var(--ast-global-color-4)","background-image":"","background-repeat":"repeat","background-position":"center center","background-size":"auto","background-attachment":"scroll","background-type":"","background-media":"","overlay-type":"","overlay-color":"","overlay-opacity":"","overlay-gradient":""}}},"product_brand":[23],"product_cat":[29,18,24,17,21],"product_tag":[],"class_list":{"0":"post-695","1":"product","2":"type-product","3":"status-publish","4":"has-post-thumbnail","6":"product_brand-skinsolve","7":"product_cat-cap-am-cho-da","8":"product_cat-cham-soc-da-mat","9":"product_cat-chong-lao-hoa","10":"product_cat-my-pham","11":"product_cat-skinsolve","12":"desktop-align-left","13":"tablet-align-left","14":"mobile-align-left","16":"first","17":"instock","18":"taxable","19":"shipping-taxable","20":"purchasable","21":"product-type-simple"},"_links":{"self":[{"href":"https:\/\/omewa.online\/index.php\/wp-json\/wp\/v2\/product\/695","targetHints":{"allow":["GET"]}}],"collection":[{"href":"https:\/\/omewa.online\/index.php\/wp-json\/wp\/v2\/product"}],"about":[{"href":"https:\/\/omewa.online\/index.php\/wp-json\/wp\/v2\/types\/product"}],"replies":[{"embeddable":true,"href":"https:\/\/omewa.online\/index.php\/wp-json\/wp\/v2\/comments?post=695"}],"wp:featuredmedia":[{"embeddable":true,"href":"https:\/\/omewa.online\/index.php\/wp-json\/wp\/v2\/media\/842"}],"wp:attachment":[{"href":"https:\/\/omewa.online\/index.php\/wp-json\/wp\/v2\/media?parent=695"}],"wp:term":[{"taxonomy":"product_brand","embeddable":true,"href":"https:\/\/omewa.online\/index.php\/wp-json\/wp\/v2\/product_brand?post=695"},{"taxonomy":"product_cat","embeddable":true,"href":"https:\/\/omewa.online\/index.php\/wp-json\/wp\/v2\/product_cat?post=695"},{"taxonomy":"product_tag","embeddable":true,"href":"https:\/\/omewa.online\/index.php\/wp-json\/wp\/v2\/product_tag?post=695"}],"curies":[{"name":"wp","href":"https:\/\/api.w.org\/{rel}","templated":true}]}}