{"id":694,"date":"2025-11-01T18:12:35","date_gmt":"2025-11-01T18:12:35","guid":{"rendered":"https:\/\/omewa.online\/?post_type=product&#038;p=694"},"modified":"2026-03-19T14:01:34","modified_gmt":"2026-03-19T14:01:34","slug":"nano-care-pure-nano-silver-100ml-thu-nho-lo-chan-long-giup-da-sang-khoe-kiem-dau-tri-mun","status":"publish","type":"product","link":"https:\/\/omewa.online\/index.php\/product\/nano-care-pure-nano-silver-100ml-thu-nho-lo-chan-long-giup-da-sang-khoe-kiem-dau-tri-mun\/","title":{"rendered":"Nano Care Pure Nano Silver 100ml thu nh\u1ecf l\u1ed7 ch\u00e2n l\u00f4ng, gi\u00fap da s\u00e1ng kh\u1ecfe, ki\u1ec1m d\u1ea7u, tr\u1ecb m\u1ee5n."},"content":{"rendered":"<p><strong>1. C\u00d4NG D\u1ee4NG<\/strong><\/p>\n<p>\u2022 \u0110\u1ed1i\u00a0v\u1edbi da: thu nh\u1ecf l\u1ed7 ch\u00e2n l\u00f4ng, gi\u00fap da s\u00e1ng kh\u1ecfe, ki\u1ec1m d\u1ea7u, tr\u1ecb m\u1ee5n. Gi\u00fap l\u00e0m l\u00e0nh c\u00e1c v\u1ebft th\u01b0\u01a1ng nhanh ch\u00f3ng (c\u00f4n tr\u00f9ng c\u1eafn, d\u1ecb \u1ee9ng, b\u1ecfng, ..). \u0110\u1eb7c bi\u1ec7t d\u00f9ng sau l\u0103n kim, b\u1eafn\u00a0slaser, gi\u00fap da ph\u1ee5c h\u1ed3i nhanh, gi\u1ea3m k\u00edch \u1ee9ng hi\u1ec7u qu\u1ea3.<br \/>\n\u2022 \u0110\u1ed1i v\u1edbi s\u1ee9c kh\u1ecfe: Kh\u00e1ng khu\u1ea9n, kh\u00e1ng vi\u00eam hi\u1ec7u qu\u1ea3, s\u1ea3n ph\u1ea9m gi\u00fap tr\u1ecb c\u00e1c ch\u1ee9ng vi\u00eam s\u01b0ng, \u0111au m\u1eaft, l\u1edf lo\u00e9t, kh\u1eed tr\u00f9ng kh\u1eed m\u00f9i, &#8230; v\u00e0 nh\u1eefng v\u1ea5n \u0111\u1ec1 c\u00f3 t\u00e1c nh\u00e2n do vi khu\u1ea9n, vi r\u00fat g\u00e2y ra.<\/p>\n<p><strong>2. \u0110\u1eb6C \u0110I\u1ec2M S\u1ea2N PH\u1ea8M<\/strong><\/p>\n<p>\u2022 Ph\u00f9 h\u1ee3p v\u1edbi nhi\u1ec1u lo\u1ea1i da, \u0111\u1eb7c bi\u1ec7t l\u00e0 da kh\u00f4, c\u00f3 d\u1ea5u hi\u1ec7u l\u00e3o h\u00f3a, xu\u1ea5t hi\u1ec7n n\u1ebfp nh\u0103n ho\u1eb7c x\u1ec9n m\u00e0u, &#8230;<br \/>\n\u2022 An to\u00e0n cho l\u00e0n da nh\u1ea1y c\u1ea3m hay d\u1ec5 b\u1ecb k\u00edch \u1ee9ng.<br \/>\n\u2022 K\u1ebft c\u1ea5u l\u1ecfng nh\u1eb9 v\u1edbi c\u00f4ng th\u1ee9c nh\u1eb9 nh\u00e0ng, d\u1ec5 ch\u1ecbu v\u00e0 tho\u1ea3i m\u00e1i khi d\u00f9ng.<br \/>\n\u2022 S\u1ea3n ph\u1ea9m kh\u00f4ng ph\u1ea3i l\u00e0 thu\u1ed1c, kh\u00f4ng mang \u0111\u1eb7c \u0111i\u1ec3m b\u1ecb l\u1eddn nh\u01b0 thu\u1ed1c<br \/>\n\u2022 T\u00e1c d\u1ee5ng nhanh, hi\u1ec7u qu\u1ea3 th\u1ea5y r\u00f5, \u0111\u1eb7c bi\u1ec7t khi ti\u1ebfp x\u00fac tr\u00ean v\u00f9ng c\u01a1 th\u1ec3 t\u1ed5n th\u01b0\u01a1ng<\/p>\n<p><strong>3. TH\u00c0NH PH\u1ea6N \u0110\u1ea6Y \u0110\u1ee6<\/strong><\/p>\n<p>Aqua, Silver, Colloidal Silver.<\/p>\n<p><strong>4. C\u00d4NG NGH\u1ec6 NANO<\/strong><\/p>\n<p>\u2022 C\u00e1c h\u1ea1t b\u1ea1c t\u01b0\u01a1i c\u00f3 k\u00edch th\u01b0\u1edbc si\u00eau nh\u1ecf kho\u1ea3ng t\u1eeb 5-100 nanom\u00e9t (nm) si\u00eau nh\u1ecf \u0111i s\u00e2u v\u00e0o xuy\u00ean qua v\u00f9ng ti\u1ebfp x\u00fac c\u1ee7a vi khu\u1ea9n. Do c\u00e1c h\u1ea1t nano b\u1ea1c c\u00f3 m\u1eb7t ti\u1ebfp x\u00fac l\u1edbn gi\u00fap gia t\u0103ng ti\u1ebfp x\u00fac v\u1edbi vi khu\u1ea9n, \u1ee9c ch\u1ebf quy tr\u00ecnh v\u1eadn chuy\u1ec3n oxy c\u1ee7a t\u1ebf b\u00e0o c\u1ee7a ch\u00fang, v\u00ec th\u1ebf di\u1ec7t \u0111\u1ebfn 99,99% c\u00e1c lo\u1ea1i vi khu\u1ea9n, n\u1ea5m, t\u1ea3o, virut\u2026 V\u00ec th\u1ebf, n\u00f3 \u0111\u01b0\u1ee3c v\u00ed nh\u01b0 m\u1ed9t lo\u1ea1i \u201ckh\u00e1ng sinh t\u1ef1 nhi\u00ean\u201d qu\u00fd gi\u00e1.<br \/>\n\u2022 Nh\u1eefng v\u00f9ng c\u01a1 th\u1ec3 \u0111ang b\u1ecb vi khu\u1ea9n t\u1ea5n c\u00f4ng g\u00e2y vi\u00eam, m\u01b0ng m\u1ee7 \u0111\u1ec1u ph\u00f9 h\u1ee3p v\u1edbi c\u00f4ng d\u1ee5ng c\u1ee7a Nano-Care Nano Silver. Ngo\u00e0i ra, d\u00f9ng h\u00e0ng ng\u00e0y gi\u00fap da m\u1eb7t s\u00e1ng h\u01a1n, se ch\u00e2n l\u00f4ng, s\u1ea1ch s\u00e2u h\u01a1n, t\u1eeb \u0111\u00f3 h\u1ea5p th\u1ee5 d\u01b0\u1ee1ng ch\u1ea5t t\u1ed1t h\u01a1n. C\u00e1c ion b\u1ea1c ph\u1ee7 nh\u01b0 l\u1edbp m\u00e0ng b\u1ea3o v\u1ec7 da kh\u1ecfi \u00f4 nhi\u1ec5m, tia UV, v\u00e0 c\u00e1c nh\u00e2n t\u1ed1 c\u00f3 h\u1ea1i kh\u00e1c.<\/p>\n<p><strong>5. B\u1ea2NG TH\u00c0NH PH\u1ea6N XANH<\/strong><\/p>\n<p>\u2022\u00a0Kh\u00f4ng ch\u1ee9a \u0111\u1ed9c t\u00ednh v\u00e0 th\u00e0nh ph\u1ea7n ho\u00e1 h\u1ecdc g\u00e2y h\u1ea1i, ho\u00e0n to\u00e0n t\u1ef1 nhi\u00ean.<br \/>\n\u2022 Kh\u00f4ng ch\u1ee9a t\u1ea1p ch\u1ea5t.<br \/>\n\u2022 Kh\u00f4ng k\u00edch \u1ee9ng, v\u00e0 kh\u00f4ng c\u00f3 t\u00e1c d\u1ee5ng ph\u1ee5.<br \/>\n\u2022 C\u00f3 t\u00ednh \u1ed5n \u0111\u1ecbnh, hi\u1ec7u qu\u1ea3 kh\u00e1ng khu\u1ea9n, kh\u00e1ng vi\u00eam k\u00e9o d\u00e0i<br \/>\n\u2022 C\u00f3 kh\u1ea3 n\u0103ng t\u1ef1 l\u00e0m s\u1ea1ch trong m\u00f4i tr\u01b0\u1eddng n\u01b0\u1edbc<\/p>\n<p><strong>6. H\u01af\u1edaNG D\u1eaaN S\u1eec D\u1ee4NG<\/strong><\/p>\n<p>\u2022 L\u1eafc \u0111\u1ec1u tr\u01b0\u1edbc khi d\u00f9ng.<br \/>\n\u2022 S\u1eed d\u1ee5ng h\u1eb1ng ng\u00e0y:\u00a0D\u00f9ng \u00edt nh\u1ea5t 2 l\u1ea7n\/ng\u00e0y sau khi r\u1eeda m\u1eb7t, tr\u01b0\u1edbc khi b\u00f4i kem d\u01b0\u1ee1ng, gi\u00fap gia t\u0103ng t\u00e1c d\u1ee5ng c\u1ee7a kem, l\u00e0m s\u1ea1ch s\u00e2u v\u00f9ng da, se l\u1ed7 ch\u00e2n l\u00f4ng, l\u00e0m s\u00e1ng da, h\u1ea1n ch\u1ebf c\u00e1c ph\u1ea3n \u1ee9ng nh\u1ea1y c\u1ea3m, k\u00edch \u1ee9ng, gi\u00fap t\u1ebf b\u00e0o da kho\u1ebb m\u1ea1nh t\u1eeb b\u00ean trong. X\u1ecbt trong ng\u00e0y gi\u00fap l\u00e0m s\u1ea1ch da, th\u00f4ng tho\u00e1ng l\u1ed7 ch\u00e2n l\u00f4ng, h\u1ea1n ch\u1ebf s\u1ef1 h\u00ecnh th\u00e0nh c\u1ee7a m\u1ee5n.<br \/>\n\u2022 X\u1ecbt\/ thoa\/ nh\u1ecf tr\u1ef1c ti\u1ebfp l\u00ean v\u00f9ng vi\u00eam nhi\u1ec5m, v\u1ebft th\u01b0\u01a1ng, v\u1ebft m\u1ee5n \u0111\u1ec3 ng\u0103n s\u1ef1 sinh s\u00f4i c\u1ee7a vi khu\u1ea9n t\u1ea1i \u0111\u00f3, t\u1eeb \u0111\u00f3 di\u1ec7t ch\u00fang ho\u00e0n to\u00e0n. D\u00f9ng \u00edt nh\u1ea5t 4-5 l\u1ea7n\/ng\u00e0y l\u00ean v\u00f9ng \u0111ang t\u1ed5n th\u01b0\u01a1ng do vi khu\u1ea9n g\u00e2y ra..<br \/>\n\u2022 S\u00e1t tr\u00f9ng v\u00e0 h\u1ed3i ph\u1ee5c v\u1ebft th\u01b0\u01a1ng: X\u1ecbt tr\u1ef1c ti\u1ebfp l\u00ean v\u1ebft th\u01b0\u01a1ng, v\u1ebft s\u01b0ng do d\u1ecb \u1ee9ng ho\u1eb7c c\u00f4n tr\u00f9ng c\u1eafn, v\u1ebft b\u1ecfng\u2026 gi\u00fap kh\u1eed tr\u00f9ng kh\u00f4ng \u0111au r\u00e1t, v\u00f9ng t\u1ed5n th\u01b0\u01a1ng nhanh h\u1ed3i ph\u1ee5c.<br \/>\n\u2022 \u0110\u1ed1i v\u1edbi c\u00e1c bi\u1ec3u hi\u1ec7n c\u1ee7a vi\u00eam (v\u00ed d\u1ee5 vi\u00eam gi\u00e1c m\u1ea1c, vi\u00eam h\u1ecdng, vi\u00eam l\u1ee3i\u2026): X\u1ecbt\/nh\u1ecf \u00edt nh\u1ea5t 5-6 l\u1ea7n\/ng\u00e0y tr\u1ef1c ti\u1ebfp l\u00ean v\u00f9ng b\u1ecb vi\u00eam, gi\u00fap di\u1ec7t khu\u1ea9n\/virut\/n\u1ea5m hi\u1ec7u qu\u1ea3, h\u1ed3i ph\u1ee5c kh\u1ecfi vi\u00eam nhanh h\u01a1n.<\/p>\n<p><strong>7. B\u1ea2O QU\u1ea2N<\/strong><\/p>\n<p>B\u1ea3o qu\u1ea3n n\u01a1i kh\u00f4 r\u00e1o, tho\u00e1ng m\u00e1t, tr\u00e1nh xa t\u1ea7m tay tr\u1ebb em.<\/p>\n<p><strong>8. H\u1ea0N S\u1eec D\u1ee4NG<\/strong><\/p>\n<p>\u2022 18 th\u00e1ng k\u1ec3 t\u1eeb ng\u00e0y s\u1ea3n xu\u1ea5t.<br \/>\n\u2022 08 th\u00e1ng k\u1ec3 t\u1eeb khi m\u1edf n\u1eafp.<\/p>\n","protected":false},"excerpt":{"rendered":"<p><strong>C\u00d4NG D\u1ee4NG<\/strong><\/p>\n<p>\u2022 \u0110\u1ed1i\u00a0v\u1edbi da: thu nh\u1ecf l\u1ed7 ch\u00e2n l\u00f4ng, gi\u00fap da s\u00e1ng kh\u1ecfe, ki\u1ec1m d\u1ea7u, tr\u1ecb m\u1ee5n. Gi\u00fap l\u00e0m l\u00e0nh c\u00e1c v\u1ebft th\u01b0\u01a1ng nhanh ch\u00f3ng (c\u00f4n tr\u00f9ng c\u1eafn, d\u1ecb \u1ee9ng, b\u1ecfng, ..). \u0110\u1eb7c bi\u1ec7t d\u00f9ng sau l\u0103n kim, b\u1eafn\u00a0slaser, gi\u00fap da ph\u1ee5c h\u1ed3i nhanh, gi\u1ea3m k\u00edch \u1ee9ng hi\u1ec7u qu\u1ea3.<br \/>\n\u2022 \u0110\u1ed1i v\u1edbi s\u1ee9c kh\u1ecfe: Kh\u00e1ng khu\u1ea9n, kh\u00e1ng vi\u00eam hi\u1ec7u qu\u1ea3, s\u1ea3n ph\u1ea9m gi\u00fap tr\u1ecb c\u00e1c ch\u1ee9ng vi\u00eam s\u01b0ng, \u0111au m\u1eaft, l\u1edf lo\u00e9t, kh\u1eed tr\u00f9ng kh\u1eed m\u00f9i, &#8230; v\u00e0 nh\u1eefng v\u1ea5n \u0111\u1ec1 c\u00f3 t\u00e1c nh\u00e2n do vi khu\u1ea9n, vi r\u00fat g\u00e2y ra.<\/p>\n<p><strong>\u0110\u1eb6C \u0110I\u1ec2M S\u1ea2N PH\u1ea8M<\/strong><\/p>\n<p>\u2022 Ph\u00f9 h\u1ee3p v\u1edbi nhi\u1ec1u lo\u1ea1i da, \u0111\u1eb7c bi\u1ec7t l\u00e0 da kh\u00f4, c\u00f3 d\u1ea5u hi\u1ec7u l\u00e3o h\u00f3a, xu\u1ea5t hi\u1ec7n n\u1ebfp nh\u0103n ho\u1eb7c x\u1ec9n m\u00e0u, &#8230;<br \/>\n\u2022 An to\u00e0n cho l\u00e0n da nh\u1ea1y c\u1ea3m hay d\u1ec5 b\u1ecb k\u00edch \u1ee9ng.<br \/>\n\u2022 K\u1ebft c\u1ea5u l\u1ecfng nh\u1eb9 v\u1edbi c\u00f4ng th\u1ee9c nh\u1eb9 nh\u00e0ng, d\u1ec5 ch\u1ecbu v\u00e0 tho\u1ea3i m\u00e1i khi d\u00f9ng.<br \/>\n\u2022 S\u1ea3n ph\u1ea9m kh\u00f4ng ph\u1ea3i l\u00e0 thu\u1ed1c, kh\u00f4ng mang \u0111\u1eb7c \u0111i\u1ec3m b\u1ecb l\u1eddn nh\u01b0 thu\u1ed1c<br \/>\n\u2022 T\u00e1c d\u1ee5ng nhanh, hi\u1ec7u qu\u1ea3 th\u1ea5y r\u00f5, \u0111\u1eb7c bi\u1ec7t khi ti\u1ebfp x\u00fac tr\u00ean v\u00f9ng c\u01a1 th\u1ec3 t\u1ed5n th\u01b0\u01a1ng<\/p>\n","protected":false},"featured_media":839,"comment_status":"open","ping_status":"closed","template":"","meta":{"site-sidebar-layout":"default","site-content-layout":"","ast-site-content-layout":"default","site-content-style":"default","site-sidebar-style":"default","ast-global-header-display":"","ast-banner-title-visibility":"","ast-main-header-display":"","ast-hfb-above-header-display":"","ast-hfb-below-header-display":"","ast-hfb-mobile-header-display":"","site-post-title":"","ast-breadcrumbs-content":"","ast-featured-img":"","footer-sml-layout":"","theme-transparent-header-meta":"","adv-header-id-meta":"","stick-header-meta":"","header-above-stick-meta":"","header-main-stick-meta":"","header-below-stick-meta":"","astra-migrate-meta-layouts":"default","ast-page-background-enabled":"default","ast-page-background-meta":{"desktop":{"background-color":"var(--ast-global-color-5)","background-image":"","background-repeat":"repeat","background-position":"center center","background-size":"auto","background-attachment":"scroll","background-type":"","background-media":"","overlay-type":"","overlay-color":"","overlay-opacity":"","overlay-gradient":""},"tablet":{"background-color":"","background-image":"","background-repeat":"repeat","background-position":"center center","background-size":"auto","background-attachment":"scroll","background-type":"","background-media":"","overlay-type":"","overlay-color":"","overlay-opacity":"","overlay-gradient":""},"mobile":{"background-color":"","background-image":"","background-repeat":"repeat","background-position":"center center","background-size":"auto","background-attachment":"scroll","background-type":"","background-media":"","overlay-type":"","overlay-color":"","overlay-opacity":"","overlay-gradient":""}},"ast-content-background-meta":{"desktop":{"background-color":"var(--ast-global-color-4)","background-image":"","background-repeat":"repeat","background-position":"center center","background-size":"auto","background-attachment":"scroll","background-type":"","background-media":"","overlay-type":"","overlay-color":"","overlay-opacity":"","overlay-gradient":""},"tablet":{"background-color":"var(--ast-global-color-4)","background-image":"","background-repeat":"repeat","background-position":"center center","background-size":"auto","background-attachment":"scroll","background-type":"","background-media":"","overlay-type":"","overlay-color":"","overlay-opacity":"","overlay-gradient":""},"mobile":{"background-color":"var(--ast-global-color-4)","background-image":"","background-repeat":"repeat","background-position":"center center","background-size":"auto","background-attachment":"scroll","background-type":"","background-media":"","overlay-type":"","overlay-color":"","overlay-opacity":"","overlay-gradient":""}}},"product_brand":[23],"product_cat":[18,17,21],"product_tag":[],"class_list":{"0":"post-694","1":"product","2":"type-product","3":"status-publish","4":"has-post-thumbnail","6":"product_brand-skinsolve","7":"product_cat-cham-soc-da-mat","8":"product_cat-my-pham","9":"product_cat-skinsolve","10":"desktop-align-left","11":"tablet-align-left","12":"mobile-align-left","14":"first","15":"instock","16":"taxable","17":"shipping-taxable","18":"purchasable","19":"product-type-simple"},"_links":{"self":[{"href":"https:\/\/omewa.online\/index.php\/wp-json\/wp\/v2\/product\/694","targetHints":{"allow":["GET"]}}],"collection":[{"href":"https:\/\/omewa.online\/index.php\/wp-json\/wp\/v2\/product"}],"about":[{"href":"https:\/\/omewa.online\/index.php\/wp-json\/wp\/v2\/types\/product"}],"replies":[{"embeddable":true,"href":"https:\/\/omewa.online\/index.php\/wp-json\/wp\/v2\/comments?post=694"}],"wp:featuredmedia":[{"embeddable":true,"href":"https:\/\/omewa.online\/index.php\/wp-json\/wp\/v2\/media\/839"}],"wp:attachment":[{"href":"https:\/\/omewa.online\/index.php\/wp-json\/wp\/v2\/media?parent=694"}],"wp:term":[{"taxonomy":"product_brand","embeddable":true,"href":"https:\/\/omewa.online\/index.php\/wp-json\/wp\/v2\/product_brand?post=694"},{"taxonomy":"product_cat","embeddable":true,"href":"https:\/\/omewa.online\/index.php\/wp-json\/wp\/v2\/product_cat?post=694"},{"taxonomy":"product_tag","embeddable":true,"href":"https:\/\/omewa.online\/index.php\/wp-json\/wp\/v2\/product_tag?post=694"}],"curies":[{"name":"wp","href":"https:\/\/api.w.org\/{rel}","templated":true}]}}