{"id":693,"date":"2025-11-01T18:12:35","date_gmt":"2025-11-01T18:12:35","guid":{"rendered":"https:\/\/omewa.online\/?post_type=product&#038;p=693"},"modified":"2026-03-19T14:23:59","modified_gmt":"2026-03-19T14:23:59","slug":"dung-dich-can-bang-do-am-thanh-loc-va-lam-sach-sau-da-tu-tao-lo-hoi-120ml-skin-renewing-toner-apple-aloe-vera","status":"publish","type":"product","link":"https:\/\/omewa.online\/index.php\/product\/dung-dich-can-bang-do-am-thanh-loc-va-lam-sach-sau-da-tu-tao-lo-hoi-120ml-skin-renewing-toner-apple-aloe-vera\/","title":{"rendered":"Dung d\u1ecbch c\u00e2n b\u1eb1ng \u0111\u1ed9 \u1ea9m thanh l\u1ecdc v\u00e0 l\u00e0m s\u1ea1ch s\u00e2u da t\u1eeb T\u00e1o &#038; L\u00f4 H\u1ed9i 120ml &#8211; Skin Renewing Toner (Apple &#038; Aloe Vera)"},"content":{"rendered":"<div class=\"border-b border-secondary-light3 lg:border-0\" data-v-3a2e2332=\"\">\n<div data-v-36134904=\"\">\n<div id=\"96\" class=\"flex flex-col w-full h-full bg-opacity-25  lg:flex-row bg-secondary-light3\" data-v-475c5dca=\"\" data-v-3a2e2332=\"\">\n<div class=\"w-full lg:w-1\/2 theimageinfo1\"><img decoding=\"async\" class=\"object-cover object-center w-full transition-all duration-300 lazyLoad isLoaded\" src=\"https:\/\/file.hstatic.net\/200000834019\/file\/tao_va_nha_dam_fc8519838b9e424caee6aa31b0fe8afc.jpg\" data-v-475c5dca=\"\" \/><\/div>\n<div id=\"DepthDetail\" class=\"flex flex-col w-full px-2 py-3  lg:py-12 lg:w-1\/2 additional-information\" data-v-475c5dca=\"\">\n<div class=\"flex flex-col text-lg font-normal  lg:text-3xl lg:leading-10 font-vollkorn text-primary-dark\" data-v-475c5dca=\"\">\n<div class=\"overflow-hidden overflow-ellipsis line-clamp-5 line-clamp-none\">\n<div class=\"contentinfotable2\">\n<p>T\u1eeb th\u1eddi xa x\u01b0a, T\u00e1o v\u00e0 L\u00f4 H\u1ed9i \u0111\u00e3 \u0111\u01b0\u1ee3c s\u1eed d\u1ee5ng r\u1ed9ng r\u00e3i v\u1ec1 c\u00e1c c\u00f4ng d\u1ee5ng c\u1ee7a ch\u00fang trong vi\u1ec7c l\u00e0m th\u1ef1c ph\u1ea9m, ch\u1eefa b\u1ec7nh c\u0169ng nh\u01b0 ch\u0103m s\u00f3c da. C\u00e2y L\u00f4 H\u1ed9i \u0111\u01b0\u1ee3c \u00e1p d\u1ee5ng r\u1ed9ng r\u00e3i g\u1ea7n nh\u01b0 to\u00e0n th\u1ebf gi\u1edbi v\u1edbi c\u00e1c c\u00f4ng d\u1ee5ng th\u1ea7n k\u00ec nh\u01b0 h\u1ed7 tr\u1ee3 ti\u00eau h\u00f3a, gi\u1ea3m vi\u00eam, l\u00e0m d\u1ecbu da, t\u0103ng c\u01b0\u1eddng h\u1ec7 mi\u1ec5n d\u1ecbch, \u2026 Trong d\u01b0\u1ee1ng da, L\u00f4 H\u1ed9i c\u00f3 ch\u1ee9a h\u00e0ng lo\u1ea1t c\u00e1c ch\u1ea5t c\u00f3 t\u00e1c d\u1ee5ng gi\u1ea3m l\u00e3o h\u00f3a, d\u01b0\u1ee1ng \u1ea9m, t\u00e1i t\u1ea1o da. T\u00e1o th\u01b0\u1eddng \u0111\u01b0\u1ee3c bi\u1ebft \u0111\u1ebfn v\u1edbi t\u00e1c d\u1ee5ng b\u1ed5 sung c\u00e1c Vitamin gi\u00fap t\u0103ng c\u01b0\u1eddng s\u1ee9c \u0111\u1ec1 kh\u00e1ng, h\u1ed7 tr\u1ee3 gi\u1ea3m huy\u1ebft \u00e1p, \u2026 Trong l\u00e0m \u0111\u1eb9p, T\u00e1o ch\u1ee9a \u00a0c\u00e1c ho\u1ea1t ch\u1ea5t c\u00f3 l\u1ee3i cho da nh\u01b0 Vitamin C, AHA, v\u00e0 c\u00e1c ch\u1ea5t ch\u1ed1ng oxy h\u00f3a kh\u00e1c, \u2026 gi\u00fap cung c\u1ea5p nhi\u1ec1u d\u01b0\u1ee1ng ch\u1ea5t c\u1ea7n thi\u1ebft cho da, h\u1ed7 tr\u1ee3 t\u00e1i t\u1ea1o gi\u00fap da m\u1ecbn m\u00e0ng v\u00e0 t\u01b0\u01a1i tr\u1ebb.<\/p>\n<p>&nbsp;<\/p>\n<p>&nbsp;<\/p>\n<\/div>\n<\/div>\n<\/div>\n<p><span class=\"seemoredetail2 text-sm font-bold leading-7 underline cursor-pointer  lg:text-base see-more font-nunito text-typo-heading\" data-v-475c5dca=\"\">Xem th\u00eam<\/span><\/p>\n<hr class=\"my-2 lg:my-3\" data-v-475c5dca=\"\" \/>\n<div class=\"flex flex-col lg:flex-row lg:0 flexbrhand\" data-v-475c5dca=\"\">\n<div class=\"flex colinfo2cot1 flex-col flex-1 text-sm font-normal  lg:text-base text-typo-body font-nunito\" data-v-475c5dca=\"\">\n<p>C\u00f4ng d\u1ee5ng<\/p>\n<p>&nbsp;<\/p>\n<p>\u2713 L\u00e0m d\u1ecbu da t\u1ee9c th\u1eddi, c\u00e2n b\u1eb1ng pH v\u00e0 vi sinh sau khi r\u1eeda m\u1eb7t.<\/p>\n<p>\u2713 T\u1ea9y t\u1ebf b\u00e0o ch\u1ebft nh\u1eb9 nh\u00e0ng, kh\u00f4ng g\u00e2y k\u00edch \u1ee9ng, c\u0103ng k\u00edch da.<\/p>\n<p>\u2713\u00a0D\u01b0\u1ee1ng \u1ea9m, l\u00e0m d\u1ecbu v\u00e0 cung c\u1ea5p d\u01b0\u1ee1ng ch\u1ea5t, nu\u00f4i d\u01b0\u1ee1ng l\u00e0n da kho\u1ebb m\u1ea1nh.<\/p>\n<\/div>\n<div class=\"flex colinfo2cot2 flex-col flex-1 text-sm font-normal  lg:text-base text-typo-body font-nunito  mt-2 lg:mt-0 lg:ml-3\" data-v-475c5dca=\"\">\n<p>D\u00e0nh cho<\/p>\n<p>&nbsp;<\/p>\n<p>\u2713 Da d\u00e0y s\u1eebng<\/p>\n<p>\u2713 Da c\u00f3 nhi\u1ec1u d\u1ea7u th\u1eeba<\/p>\n<p>\u2713 Da th\u01b0\u1eddng xuy\u00ean ti\u1ebfp x\u00fac v\u1edbi m\u00f4i tr\u01b0\u1eddng b\u1ee5i b\u1ea9n ho\u1eb7c trang \u0111i\u1ec3m \u0111\u1eadm, &#8230;<\/p>\n<p>&nbsp;<\/p>\n<\/div>\n<\/div>\n<\/div>\n<\/div>\n<\/div>\n<\/div>\n<div id=\"product-components\" class=\"border-b border-secondary-light3 lg:border-0\" data-v-3a2e2332=\"\">\n<div data-v-36134904=\"\">\n<div id=\"96\" class=\"relative flex flex-col w-full lg:flex-row-reverse bg-primary-light\" data-v-23023fea=\"\" data-v-3a2e2332=\"\">\n<div class=\"w-full lg:w-1\/2 max-h-7221 imagecomponant\" data-v-23023fea=\"\"><img decoding=\"async\" class=\"object-cover w-full h-full transition-all duration-500 lazyLoad isLoaded\" src=\"https:\/\/file.hstatic.net\/200000834019\/file\/dsc06967_3497941d055e47e9b8d3824e5d819ed9.jpeg\" data-v-23023fea=\"\" \/><\/div>\n<div class=\"flex flex-col w-full px-2 pt-3 pb-8  lg:relative lg:w-1\/2 product-components lg:pt-5 lg:pb-3 2xl:pt-14 2xl:pb-9 overflow-y-auto\" data-v-23023fea=\"\">\n<div class=\"product-components__details\" data-v-23023fea=\"\">\n<div class=\"descriptionthanhphan\">\n<div class=\"renderdata\">\n<p>Th\u00e0nh ph\u1ea7n ch\u00ednh<\/p>\n<p>&nbsp;<\/p>\n<p>T\u1ea9y t\u1ebf b\u00e0o ch\u1ebft d\u1ecbu nh\u1eb9<\/p>\n<p>&nbsp;<\/p>\n<p><strong>Mandelic Acid<\/p>\n<p><\/strong>L\u00e0 m\u1ed9t lo\u1ea1i Axit Alpha hydroxy (AHA) c\u00f3 kh\u1ea3 n\u0103ng l\u00e0m s\u1ea1ch s\u00e2u da b\u1eb1ng c\u00e1ch lo\u1ea1i b\u1ecf t\u1ebf b\u00e0o da ch\u1ebft, c\u1ea3i thi\u1ec7n k\u1ebft c\u1ea5u da, gi\u00fap da tr\u1edf n\u00ean m\u1ec1m m\u1ecbn.<\/p>\n<p><strong>Gluconolactone (PHA)<\/p>\n<p><\/strong>\u2022 Gluconolactone (PHA) gi\u00fap lo\u1ea1i b\u1ecf c\u00e1c t\u1ebf b\u00e0o da ch\u1ebft , l\u00e0m s\u1ea1ch da nh\u01b0ng kh\u00f4ng hi\u1ec7n t\u01b0\u1ee3ng k\u00edch \u1ee9ng n\u00ean c\u00f3 th\u1ec3 s\u1eed d\u1ee5ng cho nh\u1eefng l\u00e0n da nh\u1ea1y c\u1ea3m, vi\u00eam nhi\u1ec5m.<\/p>\n<p>\u2022 Tham gia v\u00e0o vi\u1ec7c thi\u1ebft l\u1eadp v\u00e0 th\u00fac \u0111\u1ea9y qu\u00e1 tr\u00ecnh ho\u1ea1t \u0111\u1ed9ng c\u1ee7a da, t\u1ea1o ti\u1ec1n \u0111\u1ec1 cho c\u00e1c ho\u1ea1t ch\u1ea5t nu\u00f4i d\u01b0\u1ee1ng kh\u00e1c th\u1ea9m th\u1ea5u t\u1ed1t h\u01a1n v\u00e0 hi\u1ec7u qu\u1ea3 h\u01a1n g\u1ea5p h\u00e0ng ch\u1ee5c l\u1ea7n.<\/p>\n<p>&nbsp;<\/p>\n<p>D\u01b0\u1ee1ng \u1ea9m, cung c\u1ea5p d\u01b0\u1ee1ng ch\u1ea5t v\u00e0 t\u00e1i t\u1ea1o da<\/p>\n<p>&nbsp;<\/p>\n<p><strong>Vitamin B5 (Panthenol)<\/p>\n<p><\/strong>\u2022 Panthenol c\u00f3 kh\u1ea3 n\u0103ng gi\u1ea3m thi\u1ec3u c\u00e1c k\u00edch \u1ee9ng v\u00e0 l\u00e0m d\u1ecbu da t\u1ee9c th\u00ec th\u00f4ng qua vi\u1ec7c gi\u1ea3m c\u00e1c tri\u1ec7u ch\u1ee9ng vi\u00eam.<\/p>\n<p><strong>Chi\u1ebft xu\u1ea5t L\u00f4 H\u1ed9i (Aloe Barbadensis Leaf Extract)<\/p>\n<p><\/strong>\u2022 Aloe vera c\u00f3 t\u00ednh ch\u1ea5t l\u00e0m d\u1ecbu v\u00e0 l\u00e0m m\u00e1t, gi\u00fap gi\u1ea3m k\u00edch \u1ee9ng v\u00e0 s\u01b0ng \u0111\u1ecf tr\u00ean da.<\/p>\n<p>\u2022 Chi\u1ebft xu\u1ea5t Aloe Vera cung c\u1ea5p \u0111\u1ed9 \u1ea9m cho da, gi\u00fap duy tr\u00ec \u0111\u1ed9 \u1ea9m t\u1ef1 nhi\u00ean c\u1ee7a da v\u00e0 l\u00e0m cho da tr\u1edf n\u00ean m\u1ec1m m\u1ecbn.<\/p>\n<p><strong>Chi\u1ebft xu\u1ea5t Tr\u00e1i T\u00e1o (Pyrus Malus Fruit Extract)<\/p>\n<p><\/strong>\u2022 Cung c\u1ea5p nhi\u1ec1u d\u01b0\u1ee1ng ch\u1ea5t c\u00f3 l\u1ee3i cho da, bao g\u1ed3m vitamin C v\u00e0 c\u00e1c lo\u1ea1i Acid t\u1ef1 nhi\u00ean.<\/p>\n<p>\u2022 T\u1ea1o c\u1ea3m gi\u00e1c t\u01b0\u01a1i m\u00e1t v\u00e0 s\u1ea3ng kho\u00e1i khi s\u1eed d\u1ee5ng s\u1ea3n ph\u1ea9m t\u1ea9y trang, l\u00e0m cho da tr\u1edf n\u00ean s\u00e1ng h\u01a1n v\u00e0 \u0111\u1ec1u m\u00e0u h\u01a1n.<\/p>\n<p><strong>N\u01b0\u1edbc \u00e9p tr\u00e1i \u0110\u00e0o (Prunus Persica Juice)<\/strong><\/p>\n<p>\u2022 Tr\u00e1i \u0111\u00e0o ch\u1ee9a nhi\u1ec1u n\u01b0\u1edbc v\u00e0 c\u00f3 kh\u1ea3 n\u0103ng cung c\u1ea5p \u0111\u1ed9 \u1ea9m cho da, gi\u00fap duy tr\u00ec \u0111\u1ed9 \u1ea9m t\u1ef1 nhi\u00ean c\u1ee7a da v\u00e0 l\u00e0m cho da m\u1ec1m m\u1ecbn.<\/p>\n<p>\u2022 T\u1ea1o c\u1ea3m gi\u00e1c t\u01b0\u01a1i m\u00e1t v\u00e0 s\u1ea3ng kho\u00e1i khi s\u1eed d\u1ee5ng.<\/p>\n<p>&nbsp;<\/p>\n<p>Dung d\u1ecbch s\u1eed d\u1ee5ng h\u1ec7 b\u1ea3o qu\u1ea3n t\u1ef1 nhi\u00ean<\/p>\n<p>&nbsp;<\/p>\n<p>\u2022 Phenethyl Alcohol \u2013 Chi\u1ebft xu\u1ea5t t\u1eeb Hoa h\u1ed3ng v\u00e0 Hoa C\u1ea9m Ch\u01b0\u1edbng.<\/p>\n<p>\u2022 Caprylhydroxamic Acid \u2013 Chi\u1ebft xu\u1ea5t t\u1eeb d\u1eeba.<\/p>\n<p>Hai h\u1ee3p ch\u1ea5t v\u1edbi ngu\u1ed3n g\u1ed1c t\u1eeb thi\u00ean nhi\u00ean c\u00f3 kh\u1ea3 n\u0103ng \u1ee9c ch\u1ebf s\u1ef1 ph\u00e1t tri\u1ec3n c\u1ee7a vi khu\u1ea9n v\u00e0 vi sinh v\u1eadt kh\u00e1c gi\u00fap b\u1ea3o qu\u1ea3n s\u1ea3n ph\u1ea9m hi\u1ec7u qu\u1ea3 m\u00e0 kh\u00f4ng g\u00e2y k\u00edch \u1ee9ng da, kh\u00f4ng \u1ea3nh h\u01b0\u1edfng \u0111\u1ebfn s\u1ee9c kh\u1ecfe c\u1ee7a ng\u01b0\u1eddi s\u1eed d\u1ee5ng.<\/p>\n<\/div>\n<\/div>\n<p><span class=\"items-center xemthanhphanchitiet n mt-1 text-sm font-bold cursor-pointer  lg:flex\" data-v-23023fea=\"\">Xem th\u00e0nh ph\u1ea7n chi ti\u1ebft<\/span><\/div>\n<\/div>\n<\/div>\n<\/div>\n<\/div>\n<div class=\"border-b border-secondary-light3 lg:border-0\" data-v-3a2e2332=\"\">\n<div class=\"hrvproduct-tabs\"><\/div>\n<div class=\"inforange\">\n<div data-v-36134904=\"\">\n<div id=\"113\" class=\"flex hasvideox\t flex-col w-full bg-opacity-25 lg:flex-row bg-secondary-light3\" data-v-6a3742cd=\"\" data-v-3a2e2332=\"\">\n<div class=\"w-full lg:w-1\/2 max-h-72\" data-v-6a3742cd=\"\"><img decoding=\"async\" src=\"https:\/\/file.hstatic.net\/200000834019\/file\/toner_tao_d361cb4de5b140b0a6e4eb1e0bd7ca6e.jpg\" \/><\/div>\n<div class=\"flex flex-col w-full px-2 py-3  usage lg:w-1\/2 lg:py-5 2xl:py-12 lg:overflow-y-auto lg:max-h-72\" data-v-6a3742cd=\"\">\n<p>&nbsp;<\/p>\n<table border=\"1\">\n<tbody>\n<tr>\n<td>&nbsp;<\/p>\n<p>Ti\u00eau ch\u00ed &#8220;13 kh\u00f4ng&#8221; xuy\u00ean su\u1ed1t trong h\u1ec7 s\u1ea3n ph\u1ea9m<\/p>\n<p>&nbsp;<\/p>\n<p><strong>KH\u00d4NG CH\u1ee8A<\/strong><\/p>\n<p>\u2022 D\u1ea7u kho\u00e1ng H\u01b0\u01a1ng li\u1ec7u t\u1ed1ng h\u1ee3p Ch\u1ea5t t\u1ea1o m\u00e0u ho\u00e1 h\u1ecdc.<\/p>\n<p>\u2022 Nguy\u00ean li\u1ec7u c\u00f3 ngu\u1ed3n g\u1ed1c t\u1eeb \u0111\u1ed9ng v\u1eadt.<\/p>\n<p>\u2022 Ch\u1ea5t l\u00e0m s\u1ea1ch g\u1ed1c Sulfates: SLS, SLES.<\/p>\n<p>\u2022 MEA\/DEA\/TEA<\/p>\n<p>\u2022 Phthalates<\/p>\n<p>\u2022 Ch\u1ea5t b\u1ea3o qu\u1ea3n t\u1ed5ng h\u1ee3p (Paraben, Phenoxyethanol\u2026)<\/p>\n<p>\u2022 Kh\u00f4ng ch\u1ee9a c\u1ed3n.<\/p>\n<p>\u2022 Silicone<\/p>\n<p>\u2022 S\u1eed d\u1ee5ng c\u00e1c ch\u1ea5t t\u1ea1o \u0111\u1eb7c\/nh\u0169 ho\u00e1 t\u1ed5ng h\u1ee3p (Carbomer, Polymer, Glyceryl Stearate, Cetearyl Alcohol).<\/p>\n<p>\u2022 EDTA<\/td>\n<\/tr>\n<\/tbody>\n<\/table>\n<p>&nbsp;<\/p>\n<\/div>\n<\/div>\n<\/div>\n<\/div>\n<div class=\"inforange\">\n<div data-v-36134904=\"\">\n<div id=\"113\" class=\"flex hasvideox\trevever flex-col w-full bg-opacity-25 lg:flex-row bg-secondary-light3\" data-v-6a3742cd=\"\" data-v-3a2e2332=\"\">\n<div class=\"w-full lg:w-1\/2 max-h-72\" data-v-6a3742cd=\"\">\n<p>&nbsp;<\/p>\n<table border=\"1\">\n<tbody>\n<tr>\n<td><\/td>\n<\/tr>\n<\/tbody>\n<\/table>\n<p>&nbsp;<\/p>\n<\/div>\n<div class=\"flex flex-col w-full px-2 py-3  usage lg:w-1\/2 lg:py-5 2xl:py-12 lg:overflow-y-auto lg:max-h-72\" data-v-6a3742cd=\"\">\n<p>&nbsp;<\/p>\n<table border=\"1\">\n<tbody>\n<tr>\n<td>H\u01b0\u1edbng d\u1eabn s\u1eed d\u1ee5ng<\/p>\n<p>\u2022 \u0110\u1ed5 m\u1ed9t l\u01b0\u1ee3ng v\u1eeba \u0111\u1ee7 ra tay v\u00e0 v\u1ed7 l\u00ean da m\u1eb7t \u0111\u00e3 \u0111\u01b0\u1ee3c l\u00e0m s\u1ea1ch (ho\u1eb7c cho Toner ra b\u00f4ng v\u00e0 lau nh\u1eb9 nh\u00e0ng to\u00e0n m\u1eb7t).<\/p>\n<p>\u2022 C\u00f3 th\u1ec3 d\u00f9ng l\u00e0m lotion mask \u0111\u1ec3 c\u1ea5p \u1ea9m s\u00e2u cho da thay m\u1eb7t n\u1ea1 gi\u1ea5y.<\/p>\n<p>\u2022 N\u00ean s\u1eed d\u1ee5ng t\u1ed1t nh\u1ea5t ngay sau khi v\u1eeba r\u1eeda m\u1eb7t \u0111\u1ec3 h\u1ed3i ph\u1ee5c \u0111\u1ed9 \u1ea9m m\u00e0ng b\u1ea3o v\u1ec7 da.<\/p>\n<p>\u2022 D\u00f9ng hai l\u1ea7n m\u1ed7i ng\u00e0y s\u00e1ng v\u00e0 t\u1ed1i \u0111\u1ec3 \u0111\u1ea1t hi\u1ec7u qu\u1ea3 t\u1ed1t nh\u1ea5t.<\/p>\n<p>&nbsp;<\/p>\n<hr \/>\n<p>&nbsp;<\/p>\n<p>Ch\u00fa \u00fd s\u1eed d\u1ee5ng<\/p>\n<p>\u2a2f Tr\u00e1nh s\u1eed d\u1ee5ng tr\u1ef1c ti\u1ebfp v\u00e0o v\u1ebft th\u01b0\u01a1ng h\u1edf.<\/p>\n<p>\u2a2f Kh\u00f4ng s\u1eed d\u1ee5ng khi d\u1ecb \u1ee9ng\/k\u00edch \u1ee9ng v\u1edbi b\u1ea5t k\u00ec th\u00e0nh ph\u1ea7n n\u00e0o c\u1ee7a s\u1ea3n ph\u1ea9m.<\/p>\n<p>&nbsp;<\/p>\n<hr \/>\n<p>&nbsp;<\/p>\n<p>H\u1ea1n s\u1eed d\u1ee5ng<\/p>\n<p>\u00bb 18 th\u00e1ng k\u1ec3 t\u1eeb ng\u00e0y s\u1ea3n xu\u1ea5t.<\/p>\n<p>\u00bb 08 th\u00e1ng k\u1ec3 t\u1eeb khi m\u1edf n\u1eafp.<\/td>\n<\/tr>\n<\/tbody>\n<\/table>\n<\/div>\n<\/div>\n<\/div>\n<\/div>\n<\/div>\n","protected":false},"excerpt":{"rendered":"<div class=\"desc0 text-sm lg:text-base  mt-8px  lg:mt-1.5 product-description text-typo-heading\">\n<div class=\"desc0 text-sm lg:text-base  mt-8px  lg:mt-1.5 product-description text-typo-heading\">\n<p>Dung d\u1ecbch c\u00e2n b\u1eb1ng \u0111\u1ed9 \u1ea9m d\u1ea1ng n\u01b0\u1edbc nh\u1eb9, d\u1ec5 d\u00e0ng th\u1ea9m th\u1ea5u, ch\u1ee9a nhi\u1ec1u th\u00e0nh ph\u1ea7n c\u00f3 l\u1ee3i cho da nh\u01b0 AHA, PHA, Panthenol, chi\u1ebft xu\u1ea5t T\u00e1o, \u0110\u00e0o v\u00e0 L\u00f4 H\u1ed9i, \u2026 gi\u00fap da cung c\u1ea5p \u0111\u1ed9 \u1ea9m t\u1ee9c th\u00ec, h\u1ee1 tr\u1ee3 ki\u1ec3m so\u00e1t d\u1ea7u, t\u00e1i t\u1ea1o v\u00e0 ph\u1ee5c h\u1ed3i t\u1eeb b\u00ean trong. Ngo\u00e0i ra, c\u00f2n gi\u00fap da b\u1ea3o v\u1ec7 da kh\u1ecfi c\u00e1c t\u00e1c nh\u00e2n g\u00e2y h\u1ea1i, t\u1ea1o c\u1ea3m gi\u00e1c t\u01b0\u01a1i m\u00e1t ngay sau khi s\u1eed d\u1ee5ng.<\/p>\n<p>&nbsp;<\/p>\n<\/div>\n<div class=\"desc2 flex flex-col\" data-v-95dfa95a=\"\">\n<div class=\"contentinfo3\">\n<p>&nbsp;<\/p>\n<p>&nbsp;<\/p>\n<hr \/>\n<p>&nbsp;<\/p>\n<p>\u0110\u1eb7c \u0111i\u1ec3m s\u1ea3n ph\u1ea9m<\/p>\n<p>\u2713\u00a0Th\u1ec3 ch\u1ea5t toner m\u1ecfng nh\u1eb9, d\u1ec5 d\u00e0ng th\u1ea9m th\u1ea5u, kh\u00f4ng nh\u1eddn r\u00edt sau khi b\u00f4i.<\/p>\n<p>\u2713\u00a0D\u1ec5 th\u1ea5m v\u00e0o da, l\u00e0m \u0111\u01b0\u1eddng d\u1eabn cho c\u00e1c ho\u1ea1t ch\u1ea5t kh\u00e1c d\u1ec5 th\u1ea5m v\u00e0o da.<\/p>\n<p>\u2713\u00a0Nguy\u00ean li\u1ec7u thi\u00ean nhi\u00ean an to\u00e0n, th\u00e2n thi\u1ec7n v\u1edbi da, kh\u00f4ng g\u00e2y b\u00edt t\u1eafc l\u1ed7 ch\u00e2n l\u00f4ng.<\/p>\n<p>\u2713\u00a0An to\u00e0n cho m\u1eb9 b\u1ea7u, cho con b\u00fa v\u00e0 tr\u1ebb d\u1eady th\u00ec.<\/p>\n<\/div>\n<\/div>\n<\/div>\n","protected":false},"featured_media":836,"comment_status":"open","ping_status":"closed","template":"","meta":{"site-sidebar-layout":"default","site-content-layout":"","ast-site-content-layout":"default","site-content-style":"default","site-sidebar-style":"default","ast-global-header-display":"","ast-banner-title-visibility":"","ast-main-header-display":"","ast-hfb-above-header-display":"","ast-hfb-below-header-display":"","ast-hfb-mobile-header-display":"","site-post-title":"","ast-breadcrumbs-content":"","ast-featured-img":"","footer-sml-layout":"","theme-transparent-header-meta":"default","adv-header-id-meta":"","stick-header-meta":"","header-above-stick-meta":"","header-main-stick-meta":"","header-below-stick-meta":"","astra-migrate-meta-layouts":"set","ast-page-background-enabled":"default","ast-page-background-meta":{"desktop":{"background-color":"var(--ast-global-color-5)","background-image":"","background-repeat":"repeat","background-position":"center center","background-size":"auto","background-attachment":"scroll","background-type":"","background-media":"","overlay-type":"","overlay-color":"","overlay-opacity":"","overlay-gradient":""},"tablet":{"background-color":"","background-image":"","background-repeat":"repeat","background-position":"center center","background-size":"auto","background-attachment":"scroll","background-type":"","background-media":"","overlay-type":"","overlay-color":"","overlay-opacity":"","overlay-gradient":""},"mobile":{"background-color":"","background-image":"","background-repeat":"repeat","background-position":"center center","background-size":"auto","background-attachment":"scroll","background-type":"","background-media":"","overlay-type":"","overlay-color":"","overlay-opacity":"","overlay-gradient":""}},"ast-content-background-meta":{"desktop":{"background-color":"var(--ast-global-color-4)","background-image":"","background-repeat":"repeat","background-position":"center center","background-size":"auto","background-attachment":"scroll","background-type":"","background-media":"","overlay-type":"","overlay-color":"","overlay-opacity":"","overlay-gradient":""},"tablet":{"background-color":"var(--ast-global-color-4)","background-image":"","background-repeat":"repeat","background-position":"center center","background-size":"auto","background-attachment":"scroll","background-type":"","background-media":"","overlay-type":"","overlay-color":"","overlay-opacity":"","overlay-gradient":""},"mobile":{"background-color":"var(--ast-global-color-4)","background-image":"","background-repeat":"repeat","background-position":"center center","background-size":"auto","background-attachment":"scroll","background-type":"","background-media":"","overlay-type":"","overlay-color":"","overlay-opacity":"","overlay-gradient":""}}},"product_brand":[],"product_cat":[18,17],"product_tag":[],"class_list":{"0":"post-693","1":"product","2":"type-product","3":"status-publish","4":"has-post-thumbnail","6":"product_cat-cham-soc-da-mat","7":"product_cat-my-pham","8":"desktop-align-left","9":"tablet-align-left","10":"mobile-align-left","12":"first","13":"instock","14":"taxable","15":"shipping-taxable","16":"purchasable","17":"product-type-simple"},"_links":{"self":[{"href":"https:\/\/omewa.online\/index.php\/wp-json\/wp\/v2\/product\/693","targetHints":{"allow":["GET"]}}],"collection":[{"href":"https:\/\/omewa.online\/index.php\/wp-json\/wp\/v2\/product"}],"about":[{"href":"https:\/\/omewa.online\/index.php\/wp-json\/wp\/v2\/types\/product"}],"replies":[{"embeddable":true,"href":"https:\/\/omewa.online\/index.php\/wp-json\/wp\/v2\/comments?post=693"}],"wp:featuredmedia":[{"embeddable":true,"href":"https:\/\/omewa.online\/index.php\/wp-json\/wp\/v2\/media\/836"}],"wp:attachment":[{"href":"https:\/\/omewa.online\/index.php\/wp-json\/wp\/v2\/media?parent=693"}],"wp:term":[{"taxonomy":"product_brand","embeddable":true,"href":"https:\/\/omewa.online\/index.php\/wp-json\/wp\/v2\/product_brand?post=693"},{"taxonomy":"product_cat","embeddable":true,"href":"https:\/\/omewa.online\/index.php\/wp-json\/wp\/v2\/product_cat?post=693"},{"taxonomy":"product_tag","embeddable":true,"href":"https:\/\/omewa.online\/index.php\/wp-json\/wp\/v2\/product_tag?post=693"}],"curies":[{"name":"wp","href":"https:\/\/api.w.org\/{rel}","templated":true}]}}