{"id":690,"date":"2025-11-01T18:12:35","date_gmt":"2025-11-01T18:12:35","guid":{"rendered":"https:\/\/omewa.online\/?post_type=product&#038;p=690"},"modified":"2026-03-19T14:21:51","modified_gmt":"2026-03-19T14:21:51","slug":"nuoc-tay-trang-cuc-la-ma-lam-sach-diu-nhe-300ml-skin-calming-cleansing-water-chamomile","status":"publish","type":"product","link":"https:\/\/omewa.online\/index.php\/product\/nuoc-tay-trang-cuc-la-ma-lam-sach-diu-nhe-300ml-skin-calming-cleansing-water-chamomile\/","title":{"rendered":"N\u01b0\u1edbc t\u1ea9y trang C\u00fac La M\u00e3 l\u00e0m s\u1ea1ch d\u1ecbu nh\u1eb9 300ml &#8211; Skin Calming Cleansing Water (Chamomile)"},"content":{"rendered":"<div class=\"border-b border-secondary-light3 lg:border-0\" data-v-3a2e2332=\"\">\n<div data-v-36134904=\"\">\n<div id=\"96\" class=\"flex flex-col w-full h-full bg-opacity-25 lg:flex-row bg-secondary-light3\" data-v-475c5dca=\"\" data-v-3a2e2332=\"\">\n<div class=\"w-full lg:w-1\/2 theimageinfo1\"><img decoding=\"async\" class=\"object-cover object-center w-full transition-all duration-300 lazyLoad isLoaded\" src=\"https:\/\/file.hstatic.net\/200000834019\/file\/cuc_e8c074d9870b43699cb854f04d0d1675.jpg\" data-v-475c5dca=\"\" \/><\/div>\n<div id=\"DepthDetail\" class=\"flex flex-col w-full px-2 py-3 lg:py-12 lg:w-1\/2 additional-information\" data-v-475c5dca=\"\">\n<div class=\"flex flex-col text-lg font-normal lg:text-3xl lg:leading-10 font-vollkorn text-primary-dark\" data-v-475c5dca=\"\">\n<div class=\"overflow-hidden overflow-ellipsis line-clamp-5 line-clamp-none\">\n<div class=\"contentinfotable2\">\n<p>T\u1eeb h\u00e0ng ng\u00e0n n\u0103m tr\u01b0\u1edbc, hoa c\u00fac La M\u00e3 \u0111\u00e3 \u0111\u01b0\u1ee3c s\u1eed d\u1ee5ng ph\u1ed5 bi\u1ebfn trong y h\u1ecdc, h\u01b0\u01a1ng th\u01a1m v\u00e0 \u0111\u1ed3 u\u1ed1ng, \u2026. V\u1ec1 ph\u01b0\u01a1ng di\u1ec7n l\u00e0m \u0111\u1eb9p, hoa C\u00fac La M\u00e3 tr\u1edf th\u00e0nh m\u1ed9t ph\u01b0\u01a1ng ph\u00e1p quan tr\u1ecdng trong \u0111i\u1ec1u tr\u1ecb c\u00e1c b\u1ec7nh ngo\u00e0i da nh\u01b0 vi\u00eam da, d\u1ecb \u1ee9ng, ch\u00e0m, &#8230;<\/p>\n<p>Hi\u1ec7n nay, nh\u1edd v\u00e0o c\u00e1c nghi\u00ean c\u1ee9u \u0111\u00e3 ch\u1ee9ng minh r\u1eb1ng chi\u1ebft xu\u1ea5t hoa c\u00fac La M\u00e3, ch\u1ee9a nhi\u1ec1u th\u00e0nh ph\u1ea7n ch\u1ed1ng vi\u00eam nh\u01b0 Bisabolol v\u00e0 Chamazulene c\u00f9ng Vitamin B, &#8230; v\u1edbi kh\u1ea3 n\u0103ng l\u00e0m d\u1ecbu da hi\u1ec7u qu\u1ea3, gi\u00fap da nhanh ch\u00f3ng ph\u1ee5c h\u1ed3i, c\u00e2n b\u1eb1ng v\u00e0 gi\u1ea3m thi\u1ec3u c\u00e1c v\u1ea5n \u0111\u1ec1 v\u1ec1 vi\u00eam \u0111\u1ecf, nh\u1ea1y c\u1ea3m, k\u00edch \u1ee9ng. Ngo\u00e0i ra, Polyphenol v\u00e0 Phytochemical trong chi\u1ebft xu\u1ea5t c\u00f2n gi\u00fap t\u0103ng c\u01b0\u1eddng t\u1ed1c \u0111\u1ed9 t\u00e1i t\u1ea1o t\u1ebf b\u00e0o, l\u00e0m l\u00e0nh t\u1ed5n th\u01b0\u01a1ng v\u00e0 b\u1ea3o v\u1ec7 da kh\u1ecfi c\u00e1c t\u00e1c nh\u00e2n g\u00e2y h\u1ea1i m\u1ed9t c\u00e1ch hi\u1ec7u qu\u1ea3. Nh\u1edd \u0111\u00f3, chi\u1ebft xu\u1ea5t hoa C\u00fac La M\u00e3 l\u00e0 m\u1ed9t ngu\u1ed3n d\u01b0\u1ee1ng ch\u1ea5t qu\u00fd gi\u00e1 cho l\u00e0n da, l\u00e0 m\u1ed9t gi\u1ea3i ph\u00e1p t\u1ef1 nhi\u00ean v\u00e0 hi\u1ec7u qu\u1ea3 trong vi\u1ec7c nu\u00f4i d\u01b0\u1ee1ng v\u00e0 b\u1ea3o v\u1ec7 nh\u1eefng l\u00e0n da nh\u1ea1y c\u1ea3m, k\u00edch \u1ee9ng.<\/p>\n<p>&nbsp;<\/p>\n<\/div>\n<\/div>\n<\/div>\n<p><span class=\"seemoredetail2 text-sm font-bold leading-7 underline cursor-pointer lg:text-base see-more font-nunito text-typo-heading\" data-v-475c5dca=\"\">Xem th\u00eam<\/span><\/p>\n<hr class=\"my-2 lg:my-3\" data-v-475c5dca=\"\" \/>\n<div class=\"flex flex-col lg:flex-row lg:0 flexbrhand\" data-v-475c5dca=\"\">\n<div class=\"flex colinfo2cot1 flex-col flex-1 text-sm font-normal lg:text-base text-typo-body font-nunito\" data-v-475c5dca=\"\">\n<p>C\u00f4ng d\u1ee5ng<\/p>\n<p>&nbsp;<\/p>\n<p>\u2713 L\u00e0m s\u1ea1ch s\u00e2u hi\u1ec7u qu\u1ea3 b\u1ee5i b\u1ea9n, b\u00e3 nh\u1eddn m\u00e0 v\u1eabn d\u1ecbu nh\u1eb9 cho da.<\/p>\n<p>\u2713 Kh\u00f4ng g\u00e2y kh\u00f4 r\u00e1t, \u0111\u1eb7c bi\u1ec7t d\u00e0nh cho da kh\u00f4, nh\u1ea1y c\u1ea3m.<\/p>\n<p>\u2713 L\u00e0m d\u1ecbu v\u00e0 ch\u1ed1ng vi\u00eam hi\u1ec7u qu\u1ea3, b\u1ea3o v\u1ec7 l\u1edbp m\u00e0ng b\u1ea3o v\u1ec7 t\u1ef1 nhi\u00ean, ch\u1ed1ng l\u1ea1i c\u00e1c t\u00e1c nh\u00e2n g\u00e2y h\u1ea1i.<\/p>\n<p>\u2713 H\u1ed7 tr\u1ee3 v\u00e0 t\u0103ng h\u1ea5p thu s\u1ea3n ph\u1ea9m \u1edf b\u01b0\u1edbc ti\u1ebfp theo.<\/p>\n<\/div>\n<div class=\"flex colinfo2cot2 flex-col flex-1 text-sm font-normal lg:text-base text-typo-body font-nunito mt-2 lg:mt-0 lg:ml-3\" data-v-475c5dca=\"\">\n<p>D\u00e0nh cho<\/p>\n<p>&nbsp;<\/p>\n<p>\u2713 Da m\u1ecfng, y\u1ebfu, nh\u1ea1y c\u1ea3m.<\/p>\n<p>\u2713 Da k\u00edch \u1ee9ng ho\u1eb7c s\u1eed d\u1ee5ng treatment qu\u00e1 li\u1ec1u.<\/p>\n<p>&nbsp;<\/p>\n<\/div>\n<\/div>\n<\/div>\n<\/div>\n<\/div>\n<\/div>\n<div id=\"product-components\" class=\"border-b border-secondary-light3 lg:border-0\" data-v-3a2e2332=\"\">\n<div data-v-36134904=\"\">\n<div id=\"96\" class=\"relative flex flex-col w-full lg:flex-row-reverse bg-primary-light\" data-v-23023fea=\"\" data-v-3a2e2332=\"\">\n<div class=\"w-full lg:w-1\/2 max-h-7221 imagecomponant\" data-v-23023fea=\"\"><img decoding=\"async\" class=\"object-cover w-full h-full transition-all duration-500 lazyLoad isLoaded\" src=\"https:\/\/file.hstatic.net\/200000834019\/file\/cleansing-water_9b245a0de6b14591b38ae1db85216b53.png\" data-v-23023fea=\"\" \/><\/div>\n<div class=\"flex flex-col w-full px-2 pt-3 pb-8 lg:relative lg:w-1\/2 product-components lg:pt-5 lg:pb-3 2xl:pt-14 2xl:pb-9 overflow-y-auto\" data-v-23023fea=\"\">\n<div class=\"product-components__details\" data-v-23023fea=\"\">\n<div class=\"descriptionthanhphan\">\n<div class=\"renderdata\">\n<p>Th\u00e0nh ph\u1ea7n ch\u00ednh<\/p>\n<p>Ch\u1ea5t l\u00e0m s\u1ea1ch<\/p>\n<p><strong>Cocamidopropyl Betaine<\/strong><\/p>\n<p>Cocamidopropyl Betaine c\u00f3 ngu\u1ed3n g\u1ed1c t\u1eeb d\u1eeba, gi\u00fap lo\u1ea1i s\u1ea1ch c\u00e1c ch\u1ea5t b\u1ea9n tr\u00ean da m\u1ed9t c\u00e1ch nh\u1eb9 nh\u00e0ng v\u00e0 kh\u00f4ng g\u00e2y kh\u00f4 da, kh\u00f4ng t\u1ed5n th\u01b0\u01a1ng m\u00e0ng Lipid c\u1ee7a da.<\/p>\n<p><strong>Decyl Glucoside<\/strong><\/p>\n<p>L\u00e0 ch\u1ea5t l\u00e0m s\u1ea1ch d\u1ecbu nh\u1eb9, c\u00f3 ngu\u1ed3n g\u1ed1c t\u1eeb c\u00e1c th\u00e0nh ph\u1ea7n thi\u00ean nhi\u00ean \u0111\u00f3 l\u00e0 tinh b\u1ed9t ng\u00f4 v\u00e0 d\u1ea7u d\u1eeba. Decyl Glucoside c\u00f3 kh\u1ea3 n\u0103ng ph\u00e2n hu\u1ef7 sinh h\u1ecdc v\u00e0 th\u00e2n thi\u1ec7n v\u1edbi m\u00f4i tr\u01b0\u1eddng.<\/p>\n<p>&nbsp;<\/p>\n<p>Cung c\u1ea5p \u0111\u1ed9 \u1ea9m v\u00e0 l\u00e0m d\u1ecbu da<\/p>\n<p>&nbsp;<\/p>\n<p><strong>Propanediol<\/strong><\/p>\n<p>\u2022 Cung c\u1ea5p \u0111\u1ed9 \u1ea9m, l\u00e0m d\u1ecbu da kh\u00f4 v\u00e0 gi\u00fap da m\u1ec1m m\u1ecbn.<\/p>\n<p>\u2022 H\u1ed7 tr\u1ee3 th\u1ea9m th\u1ea5u c\u00e1c th\u00e0nh ph\u1ea7n kh\u00e1c trong s\u1ea3n ph\u1ea9m.<\/p>\n<p><strong>D\u1ea7u hoa c\u00fac La M\u00e3 (Anthemis Nobilis Flower Oil), Chi\u1ebft xu\u1ea5t c\u00e2y Centella Asiatica<\/strong><\/p>\n<p>L\u00e0m d\u1ecbu, l\u00e0m m\u1ec1m da, gi\u1ea3m vi\u00eam nhi\u1ec5m g\u00fap gi\u1ea3m t\u00ecnh tr\u1ea1ng k\u00edch \u1ee9ng, vi\u00eam \u0111\u1ecf.<\/p>\n<p>Ch\u1ed1ng oxy h\u00f3a<\/p>\n<p><strong><br \/>\nChi\u1ebft xu\u1ea5t t\u1eeb c\u00e2y Thi\u00eam h\u1ea1t (Peucedanum Graveolens Extract), Chi\u1ebft xu\u1ea5t t\u1eeb l\u00e1 c\u00e2y r\u00fac \u0111\u1ea5t (Eruca Sativa Leaf Extract)<\/strong><\/p>\n<p>C\u00f3 kh\u1ea3 n\u0103ng ch\u1ed1ng oxy h\u00f3a, b\u1ea3o v\u1ec7 da kh\u1ecfi t\u00e1c \u0111\u1ed9ng c\u1ee7a c\u00e1c g\u1ed1c t\u1ef1 do v\u00e0 c\u00e1c t\u00e1c nh\u00e2n g\u00e2y h\u1ea1i kh\u00e1c.<\/p>\n<p>&nbsp;<\/p>\n<p>N\u01b0\u1edbc t\u1ea9y trang s\u1eed d\u1ee5ng h\u1ec7 b\u1ea3o qu\u1ea3n t\u1ef1 nhi\u00ean<\/p>\n<p>&nbsp;<\/p>\n<p>\u2022 Phenethyl Alcohol \u2013 Chi\u1ebft xu\u1ea5t t\u1eeb Hoa h\u1ed3ng v\u00e0 Hoa C\u1ea9m Ch\u01b0\u1edbng.<\/p>\n<p>\u2022 Caprylhydroxamic Acid \u2013 Chi\u1ebft xu\u1ea5t t\u1eeb d\u1eeba.<\/p>\n<p>Hai h\u1ee3p ch\u1ea5t v\u1edbi ngu\u1ed3n g\u1ed1c t\u1eeb thi\u00ean nhi\u00ean c\u00f3 kh\u1ea3 n\u0103ng \u1ee9c ch\u1ebf s\u1ef1 ph\u00e1t tri\u1ec3n c\u1ee7a vi khu\u1ea9n v\u00e0 vi sinh v\u1eadt kh\u00e1c gi\u00fap b\u1ea3o qu\u1ea3n s\u1ea3n ph\u1ea9m hi\u1ec7u qu\u1ea3 m\u00e0 kh\u00f4ng g\u00e2y k\u00edch \u1ee9ng da, kh\u00f4ng \u1ea3nh h\u01b0\u1edfng \u0111\u1ebfn s\u1ee9c kh\u1ecfe c\u1ee7a ng\u01b0\u1eddi s\u1eed d\u1ee5ng.<\/p>\n<p>&nbsp;<\/p>\n<p>&nbsp;<\/p>\n<p>N\u01b0\u1edbc t\u1ea9y trang s\u1eed d\u1ee5ng m\u00f9i h\u01b0\u01a1ng t\u1ef1 nhi\u00ean t\u1eeb tinh d\u1ea7u C\u00fac La M\u00e3<\/p>\n<p>&nbsp;<\/p>\n<p>M\u00f9i h\u01b0\u01a1ng t\u1eeb C\u00fac La M\u00e3 mang l\u1ea1i m\u1ed9t lo\u1ea1i h\u01b0\u01a1ng th\u01a1m nh\u1eb9 nh\u00e0ng, d\u1ecbu d\u00e0ng v\u00e0 tinh t\u1ebf gi\u00fap th\u01b0 gi\u00e3n v\u00e0 l\u00e0m d\u1ecbu tinh th\u1ea7n, t\u1ea1o c\u1ea3m gi\u00e1c tho\u1ea3i m\u00e1i v\u00e0 d\u1ec5 ch\u1ecbu khi s\u1eed d\u1ee5ng s\u1ea3n ph\u1ea9m.<\/p>\n<p>&nbsp;<\/p>\n<\/div>\n<\/div>\n<p><span class=\"items-center xemthanhphanchitiet n mt-1 text-sm font-bold cursor-pointer lg:flex\" data-v-23023fea=\"\">Xem th\u00e0nh ph\u1ea7n chi ti\u1ebft<\/span><\/p>\n<\/div>\n<\/div>\n<\/div>\n<\/div>\n<\/div>\n<div class=\"border-b border-secondary-light3 lg:border-0\" data-v-3a2e2332=\"\">\n<div class=\"hrvproduct-tabs\"><\/div>\n<div class=\"inforange\">\n<div data-v-36134904=\"\">\n<div id=\"113\" class=\"flex hasvideox flex-col w-full bg-opacity-25 lg:flex-row bg-secondary-light3\" data-v-6a3742cd=\"\" data-v-3a2e2332=\"\">\n<div class=\"w-full lg:w-1\/2 max-h-72\" data-v-6a3742cd=\"\"><img decoding=\"async\" src=\"https:\/\/file.hstatic.net\/200000834019\/file\/nuoc-tay-trang_c00a85eeae91406d959b6d6e1910bae7.jpg\" \/><\/div>\n<div class=\"flex flex-col w-full px-2 py-3 usage lg:w-1\/2 lg:py-5 2xl:py-12 lg:overflow-y-auto lg:max-h-72\" data-v-6a3742cd=\"\">\n<p>&nbsp;<\/p>\n<table border=\"1\">\n<tbody>\n<tr>\n<td>&nbsp;<\/p>\n<p>&nbsp;<\/p>\n<p>Ti\u00eau ch\u00ed &#8220;13 kh\u00f4ng&#8221; xuy\u00ean su\u1ed1t trong h\u1ec7 s\u1ea3n ph\u1ea9m<\/p>\n<p>&nbsp;<\/p>\n<p><strong>KH\u00d4NG CH\u1ee8A<\/strong><\/p>\n<p>\u2022 D\u1ea7u kho\u00e1ng H\u01b0\u01a1ng li\u1ec7u t\u1ed1ng h\u1ee3p Ch\u1ea5t t\u1ea1o m\u00e0u ho\u00e1 h\u1ecdc.<\/p>\n<p>\u2022 Nguy\u00ean li\u1ec7u c\u00f3 ngu\u1ed3n g\u1ed1c t\u1eeb \u0111\u1ed9ng v\u1eadt.<\/p>\n<p>\u2022 Ch\u1ea5t l\u00e0m s\u1ea1ch g\u1ed1c Sulfates: SLS, SLES.<\/p>\n<p>\u2022 MEA\/DEA\/TEA<\/p>\n<p>\u2022 Phthalates<\/p>\n<p>\u2022 Ch\u1ea5t b\u1ea3o qu\u1ea3n t\u1ed5ng h\u1ee3p (Paraben, Phenoxyethanol\u2026)<\/p>\n<p>\u2022 Kh\u00f4ng ch\u1ee9a c\u1ed3n.<\/p>\n<p>\u2022 Silicone<\/p>\n<p>\u2022 S\u1eed d\u1ee5ng c\u00e1c ch\u1ea5t t\u1ea1o \u0111\u1eb7c\/nh\u0169 ho\u00e1 t\u1ed5ng h\u1ee3p (Carbomer, Polymer, Glyceryl Stearate, Cetearyl Alcohol).<\/p>\n<p>\u2022 EDTA<\/td>\n<\/tr>\n<\/tbody>\n<\/table>\n<p>&nbsp;<\/p>\n<\/div>\n<\/div>\n<\/div>\n<\/div>\n<div class=\"inforange\">\n<div data-v-36134904=\"\">\n<div id=\"113\" class=\"flex hasvideox revever flex-col w-full bg-opacity-25 lg:flex-row bg-secondary-light3\" data-v-6a3742cd=\"\" data-v-3a2e2332=\"\">\n<div class=\"w-full lg:w-1\/2 max-h-72\" data-v-6a3742cd=\"\">\n<p>&nbsp;<\/p>\n<p>&nbsp;<\/p>\n<table border=\"1\">\n<tbody>\n<tr>\n<td><\/td>\n<\/tr>\n<\/tbody>\n<\/table>\n<p>&nbsp;<\/p>\n<\/div>\n<div class=\"flex flex-col w-full px-2 py-3 usage lg:w-1\/2 lg:py-5 2xl:py-12 lg:overflow-y-auto lg:max-h-72\" data-v-6a3742cd=\"\">\n<p>&nbsp;<\/p>\n<p>&nbsp;<\/p>\n<p>&nbsp;<\/p>\n<p>&nbsp;<\/p>\n<table border=\"1\">\n<tbody>\n<tr>\n<td>H\u01b0\u1edbng d\u1eabn s\u1eed d\u1ee5ng<\/p>\n<p>\u00bb Th\u1ea5m \u0111\u1eabm b\u00f4ng t\u1ea9y trang chuy\u00ean d\u1ee5ng b\u1eb1ng N\u01b0\u1edbc T\u1ea9y Trang L\u00e0m D\u1ecbu Da.<\/p>\n<p>\u00bb Ch\u1eadm mi\u1ebfng b\u00f4ng \u0111\u00e3 \u0111\u1eabm \u01b0\u1edbt l\u00ean da v\u00e0 b\u1eaft \u0111\u1ea7u lau nh\u1eb9 nh\u00e0ng theo chi\u1ec1u c\u1ea5u t\u1ea1o da (v\u00f9ng tr\u00e1n lau ngang, v\u00f9ng m\u00e1 lau theo chi\u1ec1u h\u01b0\u1edbng l\u00ean).<\/p>\n<p>\u00bb Tr\u00e1nh ch\u00e0 x\u00e1t m\u1ea1nh, co k\u00e9o g\u00e2y t\u1ed5n th\u01b0\u01a1ng v\u00e0 ch\u1ea3y s\u1ec7 da.<\/p>\n<p>\u00bb R\u1eeda l\u1ea1i b\u1eb1ng n\u01b0\u1edbc s\u1ea1ch r\u1ed3i th\u1ea5m kh\u00f4 nh\u1eb9 nh\u00e0ng.<\/p>\n<p>&nbsp;<\/p>\n<hr \/>\n<p>&nbsp;<\/p>\n<p>Ch\u00fa \u00fd s\u1eed d\u1ee5ng<\/p>\n<p>\u2a2f Tr\u00e1nh s\u1eed d\u1ee5ng tr\u1ef1c ti\u1ebfp v\u00e0o v\u1ebft th\u01b0\u01a1ng h\u1edf.<\/p>\n<p>\u2a2f N\u00ean s\u1eed d\u1ee5ng s\u1ea3n ph\u1ea9m v\u1edbi tu\u1ea7n su\u1ea5t 2 l\u1ea7n m\u1ed9t ng\u00e0y v\u00e0o s\u00e1ng v\u00e0 t\u1ed1i.<\/p>\n<p>\u2a2f S\u1eed d\u1ee5ng th\u00eam s\u1eefa r\u1eeda m\u1eb7t d\u1ee5 nh\u1eb9 \u0111\u1ec3 \u0111\u1ea1t \u0111\u01b0\u1ee3c hi\u1ec7u qu\u1ea3 l\u00e0m s\u1ea1ch t\u1ed1t nh\u1ea5t.<\/p>\n<p>&nbsp;<\/p>\n<hr \/>\n<p>&nbsp;<\/p>\n<p>H\u1ea1n s\u1eed d\u1ee5ng<\/p>\n<p>\u00bb 18 th\u00e1ng k\u1ec3 t\u1eeb ng\u00e0y s\u1ea3n xu\u1ea5t.<\/p>\n<p>\u00bb 06 th\u00e1ng k\u1ec3 t\u1eeb khi m\u1edf n\u1eafp.<\/td>\n<\/tr>\n<\/tbody>\n<\/table>\n<\/div>\n<\/div>\n<\/div>\n<\/div>\n<\/div>\n","protected":false},"excerpt":{"rendered":"<div class=\"desc0 text-sm lg:text-base mt-8px lg:mt-1.5 product-description text-typo-heading\">\n<p class=\"CxSpFirst\">N\u01b0\u1edbc t\u1ea9y trang d\u1ecbu nh\u1eb9 v\u1edbi h\u1ec7 ch\u1ea5t l\u00e0m s\u1ea1ch an to\u00e0n t\u1eeb g\u1ed1c D\u1eeba, tinh b\u1ed9t Ng\u00f4 k\u1ebft h\u1ee3p v\u1edbi c\u00e1c ho\u1ea1t ch\u1ea5t c\u00f3 kh\u1ea3 n\u0103ng gi\u1ea3m vi\u00eam v\u00e0 l\u00e0m d\u1ecbu da nh\u01b0 d\u1ea7u hoa C\u00fac La M\u00e3, chi\u1ebft xu\u1ea5t c\u00e2y Thi\u00eam H\u1ea1t, \u2026 gi\u00fap l\u00e0m s\u1ea1ch c\u00e1c l\u1edbp\u00a0trang \u0111i\u1ec3m, d\u1ea7u th\u1eeba, b\u1ee5i b\u1ea9n\u00a0c\u1ee9ng \u0111\u1ea7u, &#8230; m\u1ed9t c\u00e1ch\u00a0hi\u1ec7u\u00a0qu\u1ea3 nh\u01b0ng v\u1eabn \u0111\u1ea3m b\u1ea3o v\u1ec1 t\u00ednh d\u1ecbu nh\u1eb9, an to\u00e0n chuy\u00ean d\u00e0nh cho da nh\u1ea1y c\u1ea3m, k\u00edch \u1ee9ng, \u2026<\/p>\n<p>&nbsp;<\/p>\n<\/div>\n<div class=\"desc2 flex flex-col\" data-v-95dfa95a=\"\">\n<div class=\"contentinfo3\">\n<p>&nbsp;<\/p>\n<p>&nbsp;<\/p>\n<hr \/>\n<p>&nbsp;<\/p>\n<p>\u0110\u1eb7c \u0111i\u1ec3m n\u1ed5i b\u1eadt<\/p>\n<p>\u2713\u00a0D\u1ea1ng n\u01b0\u1edbc l\u1ecfng nh\u1eb9, l\u00e0m s\u1ea1ch hi\u1ec7u qu\u1ea3<\/p>\n<p>\u2713\u00a0H\u1ec7 ho\u1ea1t ch\u1ea5t s\u1ea1ch, l\u00e0nh t\u00ednh, an to\u00e0n<\/p>\n<p>\u2713\u00a0An to\u00e0n cho m\u1eb9 b\u1ea7u v\u00e0 cho con b\u00fa, tr\u1ebb d\u1eady th\u00ec.<\/p>\n<\/div>\n<\/div>\n","protected":false},"featured_media":820,"comment_status":"open","ping_status":"closed","template":"","meta":{"site-sidebar-layout":"default","site-content-layout":"","ast-site-content-layout":"default","site-content-style":"default","site-sidebar-style":"default","ast-global-header-display":"","ast-banner-title-visibility":"","ast-main-header-display":"","ast-hfb-above-header-display":"","ast-hfb-below-header-display":"","ast-hfb-mobile-header-display":"","site-post-title":"","ast-breadcrumbs-content":"","ast-featured-img":"","footer-sml-layout":"","theme-transparent-header-meta":"default","adv-header-id-meta":"","stick-header-meta":"","header-above-stick-meta":"","header-main-stick-meta":"","header-below-stick-meta":"","astra-migrate-meta-layouts":"set","ast-page-background-enabled":"default","ast-page-background-meta":{"desktop":{"background-color":"var(--ast-global-color-5)","background-image":"","background-repeat":"repeat","background-position":"center center","background-size":"auto","background-attachment":"scroll","background-type":"","background-media":"","overlay-type":"","overlay-color":"","overlay-opacity":"","overlay-gradient":""},"tablet":{"background-color":"","background-image":"","background-repeat":"repeat","background-position":"center center","background-size":"auto","background-attachment":"scroll","background-type":"","background-media":"","overlay-type":"","overlay-color":"","overlay-opacity":"","overlay-gradient":""},"mobile":{"background-color":"","background-image":"","background-repeat":"repeat","background-position":"center center","background-size":"auto","background-attachment":"scroll","background-type":"","background-media":"","overlay-type":"","overlay-color":"","overlay-opacity":"","overlay-gradient":""}},"ast-content-background-meta":{"desktop":{"background-color":"var(--ast-global-color-4)","background-image":"","background-repeat":"repeat","background-position":"center center","background-size":"auto","background-attachment":"scroll","background-type":"","background-media":"","overlay-type":"","overlay-color":"","overlay-opacity":"","overlay-gradient":""},"tablet":{"background-color":"var(--ast-global-color-4)","background-image":"","background-repeat":"repeat","background-position":"center center","background-size":"auto","background-attachment":"scroll","background-type":"","background-media":"","overlay-type":"","overlay-color":"","overlay-opacity":"","overlay-gradient":""},"mobile":{"background-color":"var(--ast-global-color-4)","background-image":"","background-repeat":"repeat","background-position":"center center","background-size":"auto","background-attachment":"scroll","background-type":"","background-media":"","overlay-type":"","overlay-color":"","overlay-opacity":"","overlay-gradient":""}}},"product_brand":[23],"product_cat":[18,17,21],"product_tag":[],"class_list":{"0":"post-690","1":"product","2":"type-product","3":"status-publish","4":"has-post-thumbnail","6":"product_brand-skinsolve","7":"product_cat-cham-soc-da-mat","8":"product_cat-my-pham","9":"product_cat-skinsolve","10":"desktop-align-left","11":"tablet-align-left","12":"mobile-align-left","14":"first","15":"instock","16":"taxable","17":"shipping-taxable","18":"purchasable","19":"product-type-simple"},"_links":{"self":[{"href":"https:\/\/omewa.online\/index.php\/wp-json\/wp\/v2\/product\/690","targetHints":{"allow":["GET"]}}],"collection":[{"href":"https:\/\/omewa.online\/index.php\/wp-json\/wp\/v2\/product"}],"about":[{"href":"https:\/\/omewa.online\/index.php\/wp-json\/wp\/v2\/types\/product"}],"replies":[{"embeddable":true,"href":"https:\/\/omewa.online\/index.php\/wp-json\/wp\/v2\/comments?post=690"}],"wp:featuredmedia":[{"embeddable":true,"href":"https:\/\/omewa.online\/index.php\/wp-json\/wp\/v2\/media\/820"}],"wp:attachment":[{"href":"https:\/\/omewa.online\/index.php\/wp-json\/wp\/v2\/media?parent=690"}],"wp:term":[{"taxonomy":"product_brand","embeddable":true,"href":"https:\/\/omewa.online\/index.php\/wp-json\/wp\/v2\/product_brand?post=690"},{"taxonomy":"product_cat","embeddable":true,"href":"https:\/\/omewa.online\/index.php\/wp-json\/wp\/v2\/product_cat?post=690"},{"taxonomy":"product_tag","embeddable":true,"href":"https:\/\/omewa.online\/index.php\/wp-json\/wp\/v2\/product_tag?post=690"}],"curies":[{"name":"wp","href":"https:\/\/api.w.org\/{rel}","templated":true}]}}