{"id":642,"date":"2025-11-01T18:12:12","date_gmt":"2025-11-01T18:12:12","guid":{"rendered":"https:\/\/omewa.online\/?post_type=product&#038;p=642"},"modified":"2026-03-19T14:25:44","modified_gmt":"2026-03-19T14:25:44","slug":"retinol-vegan-sea-samphire-booster-20ml-san-sinh-collagen-giam-nep-nhan-cai-thien-cau-truc-da","status":"publish","type":"product","link":"https:\/\/omewa.online\/index.php\/product\/retinol-vegan-sea-samphire-booster-20ml-san-sinh-collagen-giam-nep-nhan-cai-thien-cau-truc-da\/","title":{"rendered":"Retinol Vegan Sea Samphire Booster 20ml s\u1ea3n sinh Collagen, gi\u1ea3m n\u1ebfp nh\u0103n, c\u1ea3i thi\u1ec7n c\u1ea5u tr\u00fac da"},"content":{"rendered":"<div class=\"border-b border-secondary-light3 lg:border-0\" data-v-3a2e2332=\"\">\n<div data-v-36134904=\"\">\n<div id=\"96\" class=\"flex flex-col w-full h-full bg-opacity-25  lg:flex-row bg-secondary-light3\" data-v-475c5dca=\"\" data-v-3a2e2332=\"\">\n<div class=\"w-full lg:w-1\/2 theimageinfo1\"><img decoding=\"async\" class=\"object-cover object-center w-full transition-all duration-300 lazyLoad isLoaded\" src=\"https:\/\/file.hstatic.net\/200000834019\/file\/dalton-meereskosmetik-wirkstoffe_seefenchel_964f0a8e10d64c82916b887bf981e2b8.jpg\" data-v-475c5dca=\"\" \/><\/div>\n<div id=\"DepthDetail\" class=\"flex flex-col w-full px-2 py-3  lg:py-12 lg:w-1\/2 additional-information\" data-v-475c5dca=\"\">\n<div class=\"flex flex-col text-lg font-normal  lg:text-3xl lg:leading-10 font-vollkorn text-primary-dark\" data-v-475c5dca=\"\">\n<div class=\"overflow-hidden overflow-ellipsis line-clamp-5 line-clamp-none\">\n<div class=\"contentinfotable2\">\n<p><strong>Samphira Extract<\/strong>\u00a0\u0111\u01b0\u1ee3c chi\u1ebft xu\u1ea5t t\u1eeb c\u00e2y Th\u00ec L\u00e0 bi\u1ec3n &#8211; lo\u00e0i c\u00e2y m\u1ecdc tr\u00ean c\u00e1c \u0111\u00e1 d\u1ed1c \u1edf b\u1edd bi\u1ec3n nh\u1edd b\u00e1m r\u1ec5 v\u00e0o c\u00e1c r\u00e3nh, khe \u0111\u00e1. Ch\u00fang \u0111\u01b0\u1ee3c nu\u00f4i tr\u1ed3ng v\u00e0 thu ho\u1ea1ch t\u1ea1i b\u1edd bi\u1ec3n \u0110\u1ea1i T\u00e2y D\u01b0\u01a1ng &#8211; Ph\u00e1p. Quy tr\u00ecnh thu ho\u1ea1ch \u0111\u01b0\u1ee3c ch\u1ee9ng nh\u1eadn \u0111\u1ea3m b\u1ea3o b\u1edfi Cosmos.<\/p>\n<p>Chi\u1ebft xu\u1ea5t Samphira c\u00f3 \u0111\u01b0\u1ee3c th\u00f4ng qua qu\u00e1 tr\u00ecnh chuy\u1ec3n h\u00f3a chi\u1ebft xu\u1ea5t CO2 si\u00eau t\u1edbi h\u1ea1n \u0111\u1ec3 gi\u1eef tr\u1ecdn ho\u1ea1t t\u00ednh, mang \u0111\u1ebfn nh\u1eefng t\u00ednh n\u0103ng v\u01b0\u1ee3t tr\u1ed9i t\u01b0\u01a1ng t\u1ef1 nh\u01b0 Retinol gi\u00fap t\u00e1i t\u1ea1o l\u1edbp bi\u1ec3u b\u00ec, t\u0103ng c\u01b0\u1eddng t\u1ed5ng h\u1ee3p Collagen m\u00e0 KH\u00d4NG g\u00e2y ra ph\u1ea3n \u1ee9ng vi\u00eam.<\/p>\n<p>Chi\u1ebft xu\u1ea5t Samphira c\u00f3 ho\u1ea1t t\u00ednh gi\u1ed1ng nh\u01b0 Retinoic. B\u1eb1ng c\u00e1ch k\u00edch th\u00edch bi\u1ec3u hi\u1ec7n CRABP-II &#8211; th\u1ee5 th\u1ec3 \u0111\u1eb7c hi\u1ec7u cho Acid A-trans-retinoic, gi\u00fap t\u00e1i t\u1ea1o v\u00e0 t\u0103ng \u0111\u1ed9 d\u00e0y c\u1ee7a da nh\u1edd k\u00edch th\u00edch qu\u00e1 tr\u00ecnh ph\u00e2n chia v\u00e0 bi\u1ec7t ho\u00e1 t\u1ebf b\u00e0o, qu\u00e1 tr\u00ecnh n\u00e0y th\u01b0\u1eddng b\u1ecb gi\u1ea3m \u0111i do tu\u1ed5i t\u00e1c. Samphira c\u00f2n ch\u1ee9a nhi\u1ec1u ch\u1ea5t ch\u1ed1ng oxy h\u00f3a nh\u01b0 Vitamin C, Vitamin A, Flavonoids, &#8230; gi\u00fap b\u1ea3o v\u1ec7 da kh\u1ecfi t\u00e1c \u0111\u1ed9ng c\u1ee7a g\u1ed1c t\u1ef1 do v\u00e0 t\u00e1c nh\u00e2n g\u00e2y h\u1ea1i t\u1eeb m\u00f4i tr\u01b0\u1eddng, gi\u00fap da gi\u1eef \u0111\u01b0\u1ee3c \u0111\u1ed9 \u0111\u00e0n h\u1ed3i v\u00e0 tr\u1ebb trung.<\/p>\n<\/div>\n<\/div>\n<\/div>\n<p><span class=\"seemoredetail2 text-sm font-bold leading-7 underline cursor-pointer  lg:text-base see-more font-nunito text-typo-heading\" data-v-475c5dca=\"\">Xem th\u00eam<\/span><\/p>\n<hr class=\"my-2 lg:my-3\" data-v-475c5dca=\"\" \/>\n<div class=\"flex flex-col lg:flex-row lg:0 flexbrhand\" data-v-475c5dca=\"\">\n<div class=\"flex colinfo2cot1 flex-col flex-1 text-sm font-normal  lg:text-base text-typo-body font-nunito\" data-v-475c5dca=\"\">\n<p>C\u00f4ng d\u1ee5ng<\/p>\n<p>&nbsp;<\/p>\n<p>\u2713 K\u00edch th\u00edch qu\u00e1 tr\u00ecnh s\u1ea3n sinh Collagen gi\u00fap l\u00e0m gi\u1ea3m bi\u1ec3u hi\u1ec7n c\u1ee7a l\u00e3o h\u00f3a da, l\u00e0m m\u1edd n\u1ebfp nh\u0103n mang l\u1ea1i cho b\u1ea1n l\u00e0n da s\u0103n ch\u1eafc, kh\u1ecfe m\u1ea1nh.<\/p>\n<p>\u2713 H\u1ed7 tr\u1ee3 l\u00e0m gi\u1ea3m s\u1ef1 xu\u1ea5t hi\u1ec7n c\u00e1c \u0111\u1ed1m s\u1eafc t\u1ed1, gi\u00fap l\u00e0m \u0111\u1ed3ng \u0111\u1ec1u m\u00e0u da v\u00e0 mang l\u1ea1i l\u00e0n da t\u01b0\u01a1i s\u00e1ng h\u01a1n.<\/p>\n<p>\u2713 H\u1ed7 tr\u1ee3 thu nh\u1ecf l\u1ed7 ch\u00e2n l\u00f4ng v\u00e0 l\u00e0m m\u1ecbn b\u1ec1 m\u1eb7t da, gi\u1ea3m b\u00e0i ti\u1ebft d\u1ea7u gi\u00fap da th\u00f4ng tho\u00e1ng v\u00e0 ng\u0103n ng\u1eeba m\u1ee5n hi\u1ec7u qu\u1ea3.<\/p>\n<\/div>\n<div class=\"flex colinfo2cot2 flex-col flex-1 text-sm font-normal  lg:text-base text-typo-body font-nunito  mt-2 lg:mt-0 lg:ml-3\" data-v-475c5dca=\"\">\n<p>D\u00e0nh cho<\/p>\n<p>&nbsp;<\/p>\n<p>\u2713 Ph\u00f9 h\u1ee3p v\u1edbi nhi\u1ec1u lo\u1ea1i da, \u0111\u1eb7c bi\u1ec7t l\u00e0 c\u1ea7n ph\u1ee5c h\u1ed3i, da m\u1ecfng, da kh\u00f4ng \u0111\u1ec1u m\u00e0u, nh\u0103n nheo, m\u1ee5n, &#8230;<\/p>\n<p>\u2713 D\u00e0nh cho da nh\u1ea1y c\u1ea3m ho\u1eb7c da mong mu\u1ed1n s\u1eed d\u1ee5ng Retinol nh\u01b0ng \u0111ang trong qu\u00e1 tr\u00ecnh mang thai, b\u1ea7u v\u00e0 cho con b\u00fa.<\/p>\n<\/div>\n<\/div>\n<\/div>\n<\/div>\n<\/div>\n<\/div>\n<div id=\"product-components\" class=\"border-b border-secondary-light3 lg:border-0\" data-v-3a2e2332=\"\">\n<div data-v-36134904=\"\">\n<div id=\"96\" class=\"relative flex flex-col w-full lg:flex-row-reverse bg-primary-light\" data-v-23023fea=\"\" data-v-3a2e2332=\"\">\n<div class=\"w-full lg:w-1\/2 max-h-7221 imagecomponant\" data-v-23023fea=\"\"><img decoding=\"async\" class=\"object-cover w-full h-full transition-all duration-500 lazyLoad isLoaded\" src=\"https:\/\/skinsolve.com.vn\/products\/%C2%A0\" data-v-23023fea=\"\" \/><\/div>\n<div class=\"flex flex-col w-full px-2 pt-3 pb-8  lg:relative lg:w-1\/2 product-components lg:pt-5 lg:pb-3 2xl:pt-14 2xl:pb-9 overflow-y-auto\" data-v-23023fea=\"\">\n<div class=\"product-components__details\" data-v-23023fea=\"\">\n<div class=\"descriptionthanhphan\">\n<div class=\"renderdata\">\n<p>B\u1ea3o v\u1ec7 v\u00e0 k\u00edch th\u00edch s\u1ea3n sinh Collagen<\/p>\n<p>&nbsp;<\/p>\n<p><strong>Retinol t\u1ef1 nhi\u00ean &#8211; Chi\u1ebft xu\u1ea5t Samphira<\/p>\n<p><\/strong>\u2022 \u0110\u01b0\u1ee3c t\u00e1ch chi\u1ebft b\u1eb1ng quy tr\u00ecnh chuy\u1ec3n h\u00f3a CO2 si\u00eau gi\u1edbi h\u1ea1n nh\u1edd \u0111\u00f3 gi\u1eef l\u1ea1i nh\u1eefng t\u00ednh n\u0103ng v\u01b0\u1ee3 tr\u1ed9i t\u01b0\u01a1ng t\u1ef1 nh\u01b0 Retinol m\u00e0 kh\u00f4ng g\u00e2y ra ph\u1ea3n \u1ee9ng vi\u00eam.<\/p>\n<p>\u2022 Samphira ch\u1ee9a nhi\u1ec1u ch\u1ea5t ch\u1ed1ng oxy h\u00f3a nh\u01b0 Vitamin C, Vitamin A, Flavonoids, &#8230; gi\u00fap b\u1ea3o v\u1ec7 da kh\u1ecfi t\u00e1c \u0111\u1ed9ng c\u1ee7a g\u1ed1c t\u1ef1 do v\u00e0 t\u00e1c nh\u00e2n g\u00e2y h\u1ea1i t\u1eeb m\u00f4i tr\u01b0\u1eddng, gi\u00fap da gi\u1eef \u0111\u01b0\u1ee3c \u0111\u1ed9 \u0111\u00e0n h\u1ed3i v\u00e0 tr\u1ebb trung.<\/p>\n<p>\u2022 Samphira c\u00f3 t\u00e1c d\u1ee5ng ch\u1ed1ng vi khu\u1ea9n v\u00e0 ch\u1ed1ng vi\u00eam, gi\u00fap ki\u1ec3m so\u00e1t m\u1ee5n v\u00e0 c\u00e1c v\u1ea5n \u0111\u1ec1 da li\u1ec5u kh\u00e1c.<\/p>\n<p>\u2022 Samphira c\u00f3 kh\u1ea3 n\u0103ng gi\u1eef n\u01b0\u1edbc cho da, gi\u00fap l\u00e0m d\u1ecbu v\u00e0 d\u01b0\u1ee1ng \u1ea9m cho l\u00e0n da kh\u00f4, mang l\u1ea1i c\u1ea3m gi\u00e1c m\u1ec1m m\u1ea1i v\u00e0 m\u1ecbn m\u00e0ng.<\/p>\n<p>\u2022 C\u00f3 th\u1ec3 gi\u00fap k\u00edch th\u00edch qu\u00e1 tr\u00ecnh t\u00e1i t\u1ea1o t\u1ebf b\u00e0o da, \u0111\u1ed3ng th\u1eddi h\u1ed7 tr\u1ee3 qu\u00e1 tr\u00ecnh t\u00e1i t\u1ea1o Collagen v\u00e0 Elastin, gi\u00fap da tr\u1edf n\u00ean s\u0103n ch\u1eafc h\u01a1n, gi\u1ea3m thi\u1ec3u t\u00ecnh tr\u1ea1ng n\u1ebfp nh\u0103n.<\/p>\n<p><strong>T\u1ebf b\u00e0o g\u1ed1c sinh h\u1ecdc &#8211; Bio Placenta\u00a0<\/strong><\/p>\n<p>Bio Placenta &#8211; T\u1ebf b\u00e0o g\u1ed1c sinh h\u1ecdc \u0111\u01b0\u1ee3c h\u00ecnh th\u00e0nh d\u1ef1a tr\u00ean nh\u00e2n t\u1ed1 t\u0103ng tr\u01b0\u1edfng nhau thai. Qu\u00e1 tr\u00ecnh s\u1ea3n xu\u1ea5t ng\u01b0\u1eddi ta \u0111\u00e3 d\u00f9ng c\u00e1c \u0111o\u1ea1n DNA t\u1ed5ng h\u1ee3p c\u00f9ng vi khu\u1ea9n l\u00ean men \u0111\u1ec3 t\u0103ng c\u01b0\u1eddng nh\u00e2n t\u1ed1 n\u00e0y, nhau thai sinh h\u1ecdc ch\u1ee9a 5 nh\u00e2n t\u1ed1 sinh tr\u01b0\u1edfng, Amino Acid v\u00e0 Vitamin nh\u01b0 trong nhau thai ng\u01b0\u1eddi.<\/p>\n<p>Water, Lecithin, Acetyl Glutamine, sh-Oligopeptide-1, sh-Oligopeptide-2, sh-Polypeptide-1, sh-Polypeptide-9, sh-Polypeptide-11, Bacillus\/Folic Acid\/Soybean Ferment Extract, Sodium Hyaluronate, Caprylyl Glycol, Butylene Glycol, 1,2-Hexanediol.\u00a0<em><\/p>\n<p><\/em>\u2022 C\u00f3 ch\u1ee9c n\u0103ng x\u00e2y d\u1ef1ng n\u1ec1n t\u1ea3ng c\u1ea5u tr\u00fac da v\u00e0 c\u00e1c li\u00ean k\u1ebft Collagen nh\u1eb1m t\u0103ng c\u01b0\u1eddng t\u00e1i t\u1ea1o t\u1ebf b\u00e0o da, t\u0103ng \u0111\u1ed9 \u0111\u00e0n h\u1ed3i, gi\u1ea3m v\u1ebft nh\u0103n gi\u00fap da nhanh ph\u1ee5c h\u1ed3i v\u00e0 h\u1ea1n ch\u1ebf l\u00e3o h\u00f3a da.<\/p>\n<p>\u2022 C\u1ea5p \u1ea9m, b\u1ed5 sung d\u01b0\u1ee1ng ch\u1ea5t nh\u01b0 Vitamin v\u00e0 kho\u00e1ng ch\u1ea5t cho da gi\u00fap da kh\u1ecfe m\u1ea1nh.<\/p>\n<p>\u2022 Ch\u1ee9a c\u00e1c ho\u1ea1t ch\u1ea5t ch\u1ed1ng oxy h\u00f3a gi\u00fap b\u1ea3o v\u1ec7 da kh\u1ecfi c\u00e1c t\u00e1c \u0111\u1ed9ng c\u1ee7a m\u00f4i tr\u01b0\u1eddng.<\/p>\n<p>&nbsp;<\/p>\n<p>Cung c\u1ea5p \u0111\u1ed9 \u1ea9m, ki\u1ec3m so\u00e1t d\u1ea7u<\/p>\n<p><strong>Chi\u1ebft xu\u1ea5t T\u1ea3o Bi\u1ec3n<\/p>\n<p><\/strong>\u2022 Gi\u00e0u kho\u00e1ng ch\u1ea5t, Vitamin v\u00e0 ch\u1ea5t ch\u1ed1ng oxy h\u00f3a, t\u1ea5t c\u1ea3 \u0111\u1ec1u c\u00f3 t\u00e1c d\u1ee5ng quan tr\u1ecdng trong vi\u1ec7c duy tr\u00ec v\u00e0 c\u1ea3i thi\u1ec7n s\u1ee9c kh\u00e1ng c\u1ee7a da tr\u01b0\u1edbc c\u00e1c t\u00e1c nh\u00e2n m\u00f4i tr\u01b0\u1eddng c\u00f3 h\u1ea1i.<\/p>\n<p>\u2022 Kh\u1ea3 n\u0103ng d\u01b0\u1ee1ng \u1ea9m t\u1ef1 nhi\u00ean, gi\u00fap duy tr\u00ec \u0111\u1ed9 \u1ea9m cho da, ng\u0103n ng\u1eeba t\u00ecnh tr\u1ea1ng da kh\u00f4 v\u00e0 bong tr\u00f3c.<\/p>\n<p><strong>Niacinamide<\/strong><\/p>\n<p>\u2022 Niacinamide gi\u00fap gi\u1ea3m v\u1ebft th\u00e2m, n\u00e1m, t\u00e0n nhang v\u00e0 c\u00e1c v\u1ea5n \u0111\u1ec1 t\u0103ng s\u1eafc t\u1ed1 da kh\u00e1c b\u1eb1ng c\u00e1ch t\u00e1c \u0111\u1ed9ng \u0111\u1ebfn q\u00faa tr\u00ecnh h\u00ecnh th\u00e0nh v\u00e0 v\u1eadn chuy\u1ec3n s\u1eafc t\u1ed1 trong da.<\/p>\n<p>\u2022 H\u1ed7 tr\u1ee3 \u0111i\u1ec1u ti\u1ebft, ki\u1ec3m so\u00e1t d\u1ea7u t\u1ef1 nhi\u00ean c\u1ee7a da t\u1eeb \u0111\u00f3 gi\u1ea3m m\u1ee5n tr\u1ee9ng c\u00e1, m\u1ee5n vi\u00eam, &#8230;<\/p>\n<p>\u2022 K\u00edch th\u00edch s\u1ea3n xu\u1ea5t Collagen, gi\u00fap da tr\u1edf n\u00ean s\u0103n ch\u1eafc v\u00e0 gi\u1ea3m thi\u1ec3u n\u1ebfp nh\u0103n.<\/p>\n<p>\u2022 Niacinamide c\u1ea5p \u1ea9m cho da, b\u1ea3o v\u1ec7 da kh\u1ecfi t\u00e1c \u0111\u1ed9ng c\u1ee7a m\u00f4i tr\u01b0\u1eddng, gi\u00fap gi\u1ea3m vi\u00eam v\u00e0 k\u00edch \u1ee9ng da.<\/p>\n<p>&nbsp;<\/p>\n<p>Serum s\u1eed d\u1ee5ng h\u1ec7 b\u1ea3o qu\u1ea3n t\u1ef1 nhi\u00ean<\/p>\n<p>&nbsp;<\/p>\n<p>\u2022 Phenethyl Alcohol \u2013 Chi\u1ebft xu\u1ea5t t\u1eeb Hoa h\u1ed3ng v\u00e0 Hoa C\u1ea9m Ch\u01b0\u1edbng.<\/p>\n<p>\u2022 Caprylhydroxamic Acid \u2013 Chi\u1ebft xu\u1ea5t t\u1eeb D\u1eeba.<\/p>\n<p>Hai h\u1ee3p ch\u1ea5t v\u1edbi ngu\u1ed3n g\u1ed1c t\u1eeb thi\u00ean nhi\u00ean c\u00f3 kh\u1ea3 n\u0103ng \u1ee9c ch\u1ebf s\u1ef1 ph\u00e1t tri\u1ec3n c\u1ee7a vi khu\u1ea9n v\u00e0 vi sinh v\u1eadt kh\u00e1c gi\u00fap b\u1ea3o qu\u1ea3n s\u1ea3n ph\u1ea9m hi\u1ec7u qu\u1ea3 m\u00e0 kh\u00f4ng g\u00e2y k\u00edch \u1ee9ng da, kh\u00f4ng \u1ea3nh h\u01b0\u1edfng \u0111\u1ebfn s\u1ee9c kh\u1ecfe c\u1ee7a ng\u01b0\u1eddi s\u1eed d\u1ee5ng.<\/p>\n<\/div>\n<\/div>\n<p><span class=\"items-center xemthanhphanchitiet n mt-1 text-sm font-bold cursor-pointer  lg:flex\" data-v-23023fea=\"\">Xem th\u00e0nh ph\u1ea7n chi ti\u1ebft<\/span><\/div>\n<\/div>\n<\/div>\n<\/div>\n<\/div>\n<div class=\"border-b border-secondary-light3 lg:border-0\" data-v-3a2e2332=\"\">\n<div class=\"hrvproduct-tabs\"><\/div>\n<div class=\"inforange\">\n<div data-v-36134904=\"\">\n<div id=\"113\" class=\"flex hasvideox\t flex-col w-full bg-opacity-25 lg:flex-row bg-secondary-light3\" data-v-6a3742cd=\"\" data-v-3a2e2332=\"\">\n<div class=\"w-full lg:w-1\/2 max-h-72\" data-v-6a3742cd=\"\"><img decoding=\"async\" src=\"https:\/\/file.hstatic.net\/200000834019\/file\/retinol_samphira_747c0d2dfb544810859e76fffdfc6ffc.png\" \/><\/div>\n<div class=\"flex flex-col w-full px-2 py-3  usage lg:w-1\/2 lg:py-5 2xl:py-12 lg:overflow-y-auto lg:max-h-72\" data-v-6a3742cd=\"\">\n<p>&nbsp;<\/p>\n<table border=\"1\">\n<tbody>\n<tr>\n<td>Ti\u00eau ch\u00ed &#8220;13 kh\u00f4ng&#8221; xuy\u00ean su\u1ed1t trong h\u1ec7 s\u1ea3n ph\u1ea9m<\/p>\n<p>&nbsp;<\/p>\n<p><strong>KH\u00d4NG CH\u1ee8A<\/strong><\/p>\n<p>\u2022 D\u1ea7u kho\u00e1ng H\u01b0\u01a1ng li\u1ec7u t\u1ed1ng h\u1ee3p Ch\u1ea5t t\u1ea1o m\u00e0u ho\u00e1 h\u1ecdc.<\/p>\n<p>\u2022 Nguy\u00ean li\u1ec7u c\u00f3 ngu\u1ed3n g\u1ed1c t\u1eeb \u0111\u1ed9ng v\u1eadt.<\/p>\n<p>\u2022 Ch\u1ea5t l\u00e0m s\u1ea1ch g\u1ed1c Sulfates: SLS, SLES.<\/p>\n<p>\u2022 MEA\/DEA\/TEA<\/p>\n<p>\u2022 Phthalates<\/p>\n<p>\u2022 Ch\u1ea5t b\u1ea3o qu\u1ea3n t\u1ed5ng h\u1ee3p (Paraben, Phenoxyethanol\u2026)<\/p>\n<p>\u2022 Kh\u00f4ng ch\u1ee9a c\u1ed3n.<\/p>\n<p>\u2022 Silicone<\/p>\n<p>\u2022 S\u1eed d\u1ee5ng c\u00e1c ch\u1ea5t t\u1ea1o \u0111\u1eb7c\/nh\u0169 ho\u00e1 t\u1ed5ng h\u1ee3p (Carbomer, Polymer, Glyceryl Stearate, Cetearyl Alcohol).<\/p>\n<p>\u2022 EDTA<\/td>\n<\/tr>\n<\/tbody>\n<\/table>\n<p>&nbsp;<\/p>\n<\/div>\n<\/div>\n<\/div>\n<\/div>\n<div class=\"inforange\">\n<div data-v-36134904=\"\">\n<div id=\"113\" class=\"flex hasvideox\trevever flex-col w-full bg-opacity-25 lg:flex-row bg-secondary-light3\" data-v-6a3742cd=\"\" data-v-3a2e2332=\"\">\n<div class=\"w-full lg:w-1\/2 max-h-72\" data-v-6a3742cd=\"\"><img decoding=\"async\" src=\"https:\/\/file.hstatic.net\/200000834019\/file\/hdsd_chai_treatment_09939909c93846558de3c26f2814e24d.jpg\" \/><\/div>\n<div class=\"flex flex-col w-full px-2 py-3  usage lg:w-1\/2 lg:py-5 2xl:py-12 lg:overflow-y-auto lg:max-h-72\" data-v-6a3742cd=\"\">\n<p>&nbsp;<\/p>\n<table border=\"1\">\n<tbody>\n<tr>\n<td>H\u01b0\u1edbng d\u1eabn s\u1eed d\u1ee5ng<\/p>\n<p>&nbsp;<\/p>\n<p>\u00bb R\u1eeda m\u1eb7t th\u1eadt s\u1ea1ch b\u1eb1ng s\u1eefa r\u1eeda m\u1eb7t d\u1ecbu nh\u1eb9, ph\u00f9 h\u1ee3p v\u1edbi lo\u1ea1i da c\u1ee7a b\u1ea1n. Lau kh\u00f4 m\u1eb7t.<\/p>\n<p>\u00bb Thoa m\u1ed9t l\u01b0\u1ee3ng nh\u1ecf tinh ch\u1ea5t l\u00ean m\u1eb7t, thoa \u0111\u1ec1u kh\u1eafp m\u1eb7t, sau \u0111\u00f3 v\u1ed7 nh\u1eb9 l\u00ean da cho \u0111\u1ebfn khi tinh ch\u1ea5t \u0111\u01b0\u1ee3c h\u1ea5p th\u1ee5 t\u1ed1t.<\/p>\n<p>\u00bb\u00a0S\u1eed d\u1ee5ng c\u00f9ng c\u00e1c lo\u1ea1i d\u01b0\u1ee1ng \u1ea9m Skinsolve kh\u00e1c \u0111\u1ec3 \u0111\u1ea1t k\u1ebft qu\u1ea3 d\u01b0\u1ee1ng da t\u1ed1t nh\u1ea5t.<\/p>\n<p>&nbsp;<\/p>\n<hr \/>\n<p>&nbsp;<\/p>\n<p>Ch\u00fa \u00fd s\u1eed d\u1ee5ng<\/p>\n<p>\u2a2f Kh\u00f4ng b\u00f4i v\u00e0o v\u1ebft th\u01b0\u01a1ng h\u1edf, kh\u00f4ng s\u1eed d\u1ee5ng khi d\u1ecb \u1ee9ng\/ k\u00edch \u1ee9ng v\u1edbi c\u00e1c th\u00e0nh ph\u1ea7n c\u1ee7a s\u1ea3n ph\u1ea9m.<\/p>\n<p>&nbsp;<\/p>\n<hr \/>\n<p>&nbsp;<\/p>\n<p>H\u1ea1n s\u1eed d\u1ee5ng<\/p>\n<p>\u00bb 18 th\u00e1ng k\u1ec3 t\u1eeb ng\u00e0y s\u1ea3n xu\u1ea5t.<\/p>\n<p>\u00bb 08 th\u00e1ng k\u1ec3 t\u1eeb khi m\u1edf n\u1eafp.<\/td>\n<\/tr>\n<\/tbody>\n<\/table>\n<\/div>\n<\/div>\n<\/div>\n<\/div>\n<\/div>\n","protected":false},"excerpt":{"rendered":"<p>Samphira Extract\u00a0\u0111\u01b0\u1ee3c chi\u1ebft xu\u1ea5t t\u1eeb c\u00e2y Th\u00ec L\u00e0 bi\u1ec3n &#8211; lo\u00e0i c\u00e2y m\u1ecdc tr\u00ean c\u00e1c \u0111\u00e1 d\u1ed1c \u1edf b\u1edd bi\u1ec3n [&hellip;]<\/p>\n","protected":false},"featured_media":804,"comment_status":"open","ping_status":"closed","template":"","meta":{"site-sidebar-layout":"default","site-content-layout":"","ast-site-content-layout":"default","site-content-style":"default","site-sidebar-style":"default","ast-global-header-display":"","ast-banner-title-visibility":"","ast-main-header-display":"","ast-hfb-above-header-display":"","ast-hfb-below-header-display":"","ast-hfb-mobile-header-display":"","site-post-title":"","ast-breadcrumbs-content":"","ast-featured-img":"","footer-sml-layout":"","theme-transparent-header-meta":"default","adv-header-id-meta":"","stick-header-meta":"","header-above-stick-meta":"","header-main-stick-meta":"","header-below-stick-meta":"","astra-migrate-meta-layouts":"set","ast-page-background-enabled":"default","ast-page-background-meta":{"desktop":{"background-color":"var(--ast-global-color-5)","background-image":"","background-repeat":"repeat","background-position":"center center","background-size":"auto","background-attachment":"scroll","background-type":"","background-media":"","overlay-type":"","overlay-color":"","overlay-opacity":"","overlay-gradient":""},"tablet":{"background-color":"","background-image":"","background-repeat":"repeat","background-position":"center center","background-size":"auto","background-attachment":"scroll","background-type":"","background-media":"","overlay-type":"","overlay-color":"","overlay-opacity":"","overlay-gradient":""},"mobile":{"background-color":"","background-image":"","background-repeat":"repeat","background-position":"center center","background-size":"auto","background-attachment":"scroll","background-type":"","background-media":"","overlay-type":"","overlay-color":"","overlay-opacity":"","overlay-gradient":""}},"ast-content-background-meta":{"desktop":{"background-color":"var(--ast-global-color-4)","background-image":"","background-repeat":"repeat","background-position":"center center","background-size":"auto","background-attachment":"scroll","background-type":"","background-media":"","overlay-type":"","overlay-color":"","overlay-opacity":"","overlay-gradient":""},"tablet":{"background-color":"var(--ast-global-color-4)","background-image":"","background-repeat":"repeat","background-position":"center center","background-size":"auto","background-attachment":"scroll","background-type":"","background-media":"","overlay-type":"","overlay-color":"","overlay-opacity":"","overlay-gradient":""},"mobile":{"background-color":"var(--ast-global-color-4)","background-image":"","background-repeat":"repeat","background-position":"center center","background-size":"auto","background-attachment":"scroll","background-type":"","background-media":"","overlay-type":"","overlay-color":"","overlay-opacity":"","overlay-gradient":""}}},"product_brand":[],"product_cat":[18,17],"product_tag":[],"class_list":{"0":"post-642","1":"product","2":"type-product","3":"status-publish","4":"has-post-thumbnail","6":"product_cat-cham-soc-da-mat","7":"product_cat-my-pham","8":"desktop-align-left","9":"tablet-align-left","10":"mobile-align-left","12":"first","13":"instock","14":"taxable","15":"shipping-taxable","16":"purchasable","17":"product-type-simple"},"_links":{"self":[{"href":"https:\/\/omewa.online\/index.php\/wp-json\/wp\/v2\/product\/642","targetHints":{"allow":["GET"]}}],"collection":[{"href":"https:\/\/omewa.online\/index.php\/wp-json\/wp\/v2\/product"}],"about":[{"href":"https:\/\/omewa.online\/index.php\/wp-json\/wp\/v2\/types\/product"}],"replies":[{"embeddable":true,"href":"https:\/\/omewa.online\/index.php\/wp-json\/wp\/v2\/comments?post=642"}],"wp:featuredmedia":[{"embeddable":true,"href":"https:\/\/omewa.online\/index.php\/wp-json\/wp\/v2\/media\/804"}],"wp:attachment":[{"href":"https:\/\/omewa.online\/index.php\/wp-json\/wp\/v2\/media?parent=642"}],"wp:term":[{"taxonomy":"product_brand","embeddable":true,"href":"https:\/\/omewa.online\/index.php\/wp-json\/wp\/v2\/product_brand?post=642"},{"taxonomy":"product_cat","embeddable":true,"href":"https:\/\/omewa.online\/index.php\/wp-json\/wp\/v2\/product_cat?post=642"},{"taxonomy":"product_tag","embeddable":true,"href":"https:\/\/omewa.online\/index.php\/wp-json\/wp\/v2\/product_tag?post=642"}],"curies":[{"name":"wp","href":"https:\/\/api.w.org\/{rel}","templated":true}]}}