{"id":641,"date":"2025-11-01T18:12:12","date_gmt":"2025-11-01T18:12:12","guid":{"rendered":"https:\/\/omewa.online\/?post_type=product&#038;p=641"},"modified":"2026-03-19T14:02:38","modified_gmt":"2026-03-19T14:02:38","slug":"sua-duong-tram-tra-nghe-duong-am-lam-sang-ngan-ngua-mun","status":"publish","type":"product","link":"https:\/\/omewa.online\/index.php\/product\/sua-duong-tram-tra-nghe-duong-am-lam-sang-ngan-ngua-mun\/","title":{"rendered":"S\u1eefa D\u01b0\u1ee1ng Tr\u00e0m Tr\u00e0 &#038; Ngh\u1ec7 \u2013 D\u01b0\u1ee1ng \u1ea8m, L\u00e0m S\u00e1ng, Ng\u0103n Ng\u1eeba M\u1ee5n"},"content":{"rendered":"<h2 data-start=\"164\" data-end=\"231\">\ud83c\udf3f S\u1eeeA D\u01af\u1ee0NG TR\u00c0M TR\u00c0 &amp; NGH\u1ec6 \u2013 D\u01af\u1ee0NG \u1ea8M, L\u00c0M S\u00c1NG, NG\u0102N NG\u1eeaA M\u1ee4N<\/h2>\n<p data-start=\"233\" data-end=\"466\">T\u1eeb xa x\u01b0a, <strong data-start=\"244\" data-end=\"263\">Tr\u00e0m Tr\u00e0 &amp; Ngh\u1ec7<\/strong> \u0111\u00e3 \u0111\u01b0\u1ee3c s\u1eed d\u1ee5ng r\u1ed9ng r\u00e3i nh\u1edd \u0111\u1eb7c t\u00ednh ch\u0103m s\u00f3c da v\u01b0\u1ee3t tr\u1ed9i. Nay k\u1ebft h\u1ee3p trong c\u00f4ng th\u1ee9c hi\u1ec7n \u0111\u1ea1i, mang \u0111\u1ebfn gi\u1ea3i ph\u00e1p t\u1ed1i \u01b0u gi\u00fap <strong data-start=\"394\" data-end=\"466\">l\u00e0n da kh\u1ecfe m\u1ea1nh, s\u00e1ng m\u1ecbn, gi\u1ea3m b\u00f3ng d\u1ea7u &amp; d\u1ecbu nh\u1eb9 cho da nh\u1ea1y c\u1ea3m.<\/strong><\/p>\n<hr data-start=\"468\" data-end=\"471\" \/>\n<h3 data-start=\"473\" data-end=\"494\">\u2728 L\u1ee3i \u00edch n\u1ed5i b\u1eadt<\/h3>\n<p data-start=\"495\" data-end=\"740\">\u2705 D\u01b0\u1ee1ng \u1ea9m l\u00e2u d\u00e0i, gi\u00fap da m\u1ec1m m\u1ea1i &amp; m\u1ecbn m\u00e0ng<br data-start=\"541\" data-end=\"544\" \/>\u2705 H\u1ed7 tr\u1ee3 gi\u1ea3m m\u1ea9n \u0111\u1ecf, l\u00e0m d\u1ecbu da, gi\u1ea3m t\u00ecnh tr\u1ea1ng da kh\u00f4ng \u0111\u1ec1u m\u00e0u<br data-start=\"610\" data-end=\"613\" \/>\u2705 L\u00e0m s\u00e1ng &amp; b\u1ea3o v\u1ec7 da tr\u01b0\u1edbc t\u00e1c \u0111\u1ed9ng c\u1ee7a m\u00f4i tr\u01b0\u1eddng<br data-start=\"665\" data-end=\"668\" \/>\u2705 Gi\u00fap l\u00e0m s\u1ea1ch l\u1ed7 ch\u00e2n l\u00f4ng, c\u00e2n b\u1eb1ng l\u01b0\u1ee3ng d\u1ea7u, h\u1ea1n ch\u1ebf h\u00ecnh th\u00e0nh m\u1ee5n<\/p>\n<hr data-start=\"742\" data-end=\"745\" \/>\n<h3 data-start=\"747\" data-end=\"770\">\ud83d\udca7 Th\u00e0nh ph\u1ea7n ch\u00ednh<\/h3>\n<ul data-start=\"771\" data-end=\"1148\">\n<li data-start=\"771\" data-end=\"854\">\n<p data-start=\"773\" data-end=\"854\"><strong data-start=\"773\" data-end=\"789\">Niacinamide:<\/strong> L\u00e0m s\u00e1ng, c\u1ea3i thi\u1ec7n v\u00f9ng da kh\u00f4ng \u0111\u1ec1u m\u00e0u, h\u1ed7 tr\u1ee3 ki\u1ec3m so\u00e1t d\u1ea7u.<\/p>\n<\/li>\n<li data-start=\"855\" data-end=\"942\">\n<p data-start=\"857\" data-end=\"942\"><strong data-start=\"857\" data-end=\"890\">Chi\u1ebft xu\u1ea5t Ngh\u1ec7 b\u1ecdc Liposome:<\/strong> Ch\u1ed1ng oxy h\u00f3a m\u1ea1nh m\u1ebd, h\u1ed7 tr\u1ee3 l\u00e0m s\u00e1ng &amp; b\u1ea3o v\u1ec7 da.<\/p>\n<\/li>\n<li data-start=\"943\" data-end=\"1024\">\n<p data-start=\"945\" data-end=\"1024\"><strong data-start=\"945\" data-end=\"968\">Chi\u1ebft xu\u1ea5t T\u1ea7m b\u00f3p:<\/strong> Gi\u00fap gi\u1ea3m c\u1ea3m gi\u00e1c ng\u1ee9a, \u0111\u1ecf &amp; b\u1ea3o v\u1ec7 da kh\u1ecfi g\u1ed1c t\u1ef1 do.<\/p>\n<\/li>\n<li data-start=\"1025\" data-end=\"1103\">\n<p data-start=\"1027\" data-end=\"1103\"><strong data-start=\"1027\" data-end=\"1056\">Saccharide Isomerate, HA:<\/strong> C\u1ea5p \u1ea9m s\u00e2u, duy tr\u00ec l\u00e0n da c\u0103ng m\u1ecdng, m\u1ec1m m\u1ea1i.<\/p>\n<\/li>\n<li data-start=\"1104\" data-end=\"1148\">\n<p data-start=\"1106\" data-end=\"1148\"><strong data-start=\"1106\" data-end=\"1121\">Vitamin B5:<\/strong> L\u00e0m d\u1ecbu, gi\u1ea3m k\u00edch \u1ee9ng da.<\/p>\n<\/li>\n<\/ul>\n<hr data-start=\"1150\" data-end=\"1153\" \/>\n<h3 data-start=\"1155\" data-end=\"1182\">\ud83c\udf31 Tinh d\u1ea7u thi\u00ean nhi\u00ean<\/h3>\n<ul data-start=\"1183\" data-end=\"1326\">\n<li data-start=\"1183\" data-end=\"1326\">\n<p data-start=\"1185\" data-end=\"1326\"><strong data-start=\"1185\" data-end=\"1214\">Tinh d\u1ea7u Tr\u00e0m Tr\u00e0 &amp; Ngh\u1ec7:<\/strong> L\u00e0m s\u1ea1ch da, gi\u00fap gi\u1ea3m t\u00ecnh tr\u1ea1ng b\u00f3ng d\u1ea7u, duy tr\u00ec l\u1ed7 ch\u00e2n l\u00f4ng th\u00f4ng tho\u00e1ng, t\u1ea1o h\u01b0\u01a1ng th\u01a1m d\u1ec5 ch\u1ecbu t\u1ef1 nhi\u00ean.<\/p>\n<\/li>\n<\/ul>\n<hr data-start=\"1328\" data-end=\"1331\" \/>\n<h3 data-start=\"1333\" data-end=\"1357\">\ud83d\udcdd H\u01b0\u1edbng d\u1eabn s\u1eed d\u1ee5ng<\/h3>\n<p data-start=\"1358\" data-end=\"1531\">1\ufe0f\u20e3 R\u1eeda m\u1eb7t s\u1ea1ch &amp; lau kh\u00f4.<br data-start=\"1385\" data-end=\"1388\" \/>2\ufe0f\u20e3 L\u1ea5y l\u01b0\u1ee3ng v\u1eeba \u0111\u1ee7 s\u1eefa d\u01b0\u1ee1ng, thoa nh\u1eb9 nh\u00e0ng, v\u1ed7 \u0111\u1ec1u cho th\u1ea5m.<br data-start=\"1452\" data-end=\"1455\" \/>\ud83d\udc49 D\u00f9ng h\u00e0ng ng\u00e0y s\u00e1ng &amp; t\u1ed1i. K\u1ebft h\u1ee3p c\u00f9ng serum Skinsoule \u0111\u1ec3 t\u0103ng hi\u1ec7u qu\u1ea3.<\/p>\n<hr data-start=\"1533\" data-end=\"1536\" \/>\n<h3 data-start=\"1538\" data-end=\"1563\">\ud83d\udeab Cam k\u1ebft \u201c13 kh\u00f4ng\u201d<\/h3>\n<p data-start=\"1564\" data-end=\"1734\">\u274c Kh\u00f4ng c\u1ed3n, d\u1ea7u kho\u00e1ng, silicone<br data-start=\"1597\" data-end=\"1600\" \/>\u274c Kh\u00f4ng parabens, sulfates, phthalates<br data-start=\"1638\" data-end=\"1641\" \/>\u274c Kh\u00f4ng h\u01b0\u01a1ng li\u1ec7u t\u1ed5ng h\u1ee3p, ch\u1ea5t t\u1ea1o m\u00e0u, ch\u1ea5t nh\u0169 h\u00f3a t\u1ed5ng h\u1ee3p<br data-start=\"1705\" data-end=\"1708\" \/>\u2714\ufe0f An to\u00e0n cho da nh\u1ea1y c\u1ea3m<\/p>\n<hr data-start=\"1736\" data-end=\"1739\" \/>\n<h3 data-start=\"1741\" data-end=\"1755\">\u23f0 H\u1ea1n d\u00f9ng<\/h3>\n<p data-start=\"1756\" data-end=\"1802\">\u2022 18 th\u00e1ng k\u1ec3 t\u1eeb NSX | 06 th\u00e1ng sau khi m\u1edf n\u1eafp<\/p>\n<hr data-start=\"1804\" data-end=\"1807\" \/>\n<h3 data-start=\"1809\" data-end=\"1829\">\ud83d\udd16 Hashtag g\u1ee3i \u00fd<\/h3>\n<p data-start=\"1830\" data-end=\"1954\">#emulsion #chamsocda #tramtra #nghe #lan_dong #skinsoule #duongam #lamdep #skincareroutine #daxinh #danhchomoi #noisilanhdan<\/p>\n<div class=\"border-b border-secondary-light3 lg:border-0\" data-v-3a2e2332=\"\">\n<div data-v-36134904=\"\">\n<div id=\"96\" class=\"flex flex-col w-full h-full bg-opacity-25 lg:flex-row bg-secondary-light3\" data-v-475c5dca=\"\" data-v-3a2e2332=\"\">\n<div id=\"DepthDetail\" class=\"flex flex-col w-full px-2 py-3 lg:py-12 lg:w-1\/2 additional-information\" data-v-475c5dca=\"\">\n<div class=\"flex flex-col text-lg font-normal lg:text-3xl lg:leading-10 font-vollkorn text-primary-dark\" data-v-475c5dca=\"\">\n<div class=\"overflow-hidden overflow-ellipsis line-clamp-5 line-clamp-none\">\n<div class=\"contentinfotable2\">\n<p>&nbsp;<\/p>\n<\/div>\n<\/div>\n<\/div>\n<\/div>\n<\/div>\n<\/div>\n<\/div>\n<div class=\"border-b border-secondary-light3 lg:border-0\" data-v-3a2e2332=\"\">\n<div class=\"inforange\">\n<div data-v-36134904=\"\">\n<div id=\"113\" class=\"flex hasvideox revever flex-col w-full bg-opacity-25 lg:flex-row bg-secondary-light3\" data-v-6a3742cd=\"\" data-v-3a2e2332=\"\"><\/div>\n<\/div>\n<\/div>\n<\/div>\n","protected":false},"excerpt":{"rendered":"<div class=\"desc0 text-sm lg:text-base mt-8px lg:mt-1.5 product-description text-typo-heading\">\n<p>S\u1eefa d\u01b0\u1ee1ng c\u00f3 k\u1ebft c\u1ea5u s\u1ec7t nh\u1eb9, d\u1ec5 d\u00e0ng th\u1ea9m th\u1ea5u v\u00e0o da gi\u00fap cung c\u1ea5p \u0111\u1ed9 \u1ea9m d\u1ed3i d\u00e0o t\u1eeb d\u1ea7u h\u1ea1t H\u01b0\u1edbng D\u01b0\u01a1ng. \u0110\u1eb7c bi\u1ec7t, s\u1ea3n ph\u1ea9m c\u00f2n c\u00f3 chi\u1ebft xu\u1ea5t Ngh\u1ec7 v\u1edbi c\u00f4ng ngh\u1ec7 b\u1ecdc Liposome gi\u00fap t\u0103ng \u0111\u1ed9 \u1ed5n \u0111\u1ecbnh v\u00e0 kh\u1ea3 n\u0103ng h\u1ea5p th\u1ee5 v\u00e0o da t\u1eeb \u0111\u00f3 gi\u00fap hi\u1ec7u qu\u1ea3 kh\u00e1ng khu\u1ea9n, ch\u1ed1ng Oxy h\u00f3a v\u00e0 l\u00e0m s\u00e1ng da c\u1ee7a ho\u1ea1t ch\u1ea5t \u0111\u01b0\u1ee3c ph\u00e1t huy t\u1ed1t nh\u1ea5t. S\u1eefa d\u01b0\u1ee1ng c\u00f2n \u0111\u01b0\u1ee3c b\u1ed5 sung th\u00eam c\u00e1c th\u00e0nh ph\u1ea7n gi\u00fap t\u0103ng c\u01b0\u1eddng hi\u1ec7u qu\u1ea3 l\u00e0m s\u00e1ng, gi\u1ea3m vi\u00eam cho da nh\u01b0 Niacinamide, Panthenol t\u1eeb \u0111\u00f3 mang l\u1ea1i hi\u1ec7u qu\u1ea3 d\u01b0\u1ee1ng v\u00e0 b\u1ea3o v\u1ec7 to\u00e0n di\u1ec7n cho da.<\/p>\n<p>&nbsp;<\/p>\n<\/div>\n<div class=\"desc2 flex flex-col\" data-v-95dfa95a=\"\">\n<div class=\"contentinfo3\">\n<p>&nbsp;<\/p>\n<p>&nbsp;<\/p>\n<hr \/>\n<p>&nbsp;<\/p>\n<p>\u0110\u1eb7c \u0111i\u1ec3m s\u1ea3n ph\u1ea9m<br \/>\n\u2713\u00a0Emulsion d\u1ea1ng l\u1ecfng, s\u1ec7t nh\u1eb9, d\u1ec5 th\u1ea9m th\u1ea5u, kh\u00f4ng g\u00e2y nh\u1eddn, r\u00edt da.<br \/>\n\u2713\u00a0Nguy\u00ean li\u1ec7u thi\u00ean nhi\u00ean an to\u00e0n, th\u00e2n thi\u1ec7n v\u1edbi da, kh\u00f4ng g\u00e2y b\u00edt t\u1eafc l\u1ed7 ch\u00e2n l\u00f4ng.<br \/>\n\u2713\u00a0An to\u00e0n cho m\u1eb9 b\u1ea7u, cho con b\u00fa v\u00e0 tr\u1ebb d\u1eady th\u00ec.<\/p>\n<\/div>\n<\/div>\n","protected":false},"featured_media":800,"comment_status":"open","ping_status":"closed","template":"","meta":{"site-sidebar-layout":"default","site-content-layout":"","ast-site-content-layout":"default","site-content-style":"default","site-sidebar-style":"default","ast-global-header-display":"","ast-banner-title-visibility":"","ast-main-header-display":"","ast-hfb-above-header-display":"","ast-hfb-below-header-display":"","ast-hfb-mobile-header-display":"","site-post-title":"","ast-breadcrumbs-content":"","ast-featured-img":"","footer-sml-layout":"","theme-transparent-header-meta":"","adv-header-id-meta":"","stick-header-meta":"","header-above-stick-meta":"","header-main-stick-meta":"","header-below-stick-meta":"","astra-migrate-meta-layouts":"default","ast-page-background-enabled":"default","ast-page-background-meta":{"desktop":{"background-color":"var(--ast-global-color-5)","background-image":"","background-repeat":"repeat","background-position":"center center","background-size":"auto","background-attachment":"scroll","background-type":"","background-media":"","overlay-type":"","overlay-color":"","overlay-opacity":"","overlay-gradient":""},"tablet":{"background-color":"","background-image":"","background-repeat":"repeat","background-position":"center center","background-size":"auto","background-attachment":"scroll","background-type":"","background-media":"","overlay-type":"","overlay-color":"","overlay-opacity":"","overlay-gradient":""},"mobile":{"background-color":"","background-image":"","background-repeat":"repeat","background-position":"center center","background-size":"auto","background-attachment":"scroll","background-type":"","background-media":"","overlay-type":"","overlay-color":"","overlay-opacity":"","overlay-gradient":""}},"ast-content-background-meta":{"desktop":{"background-color":"var(--ast-global-color-4)","background-image":"","background-repeat":"repeat","background-position":"center center","background-size":"auto","background-attachment":"scroll","background-type":"","background-media":"","overlay-type":"","overlay-color":"","overlay-opacity":"","overlay-gradient":""},"tablet":{"background-color":"var(--ast-global-color-4)","background-image":"","background-repeat":"repeat","background-position":"center center","background-size":"auto","background-attachment":"scroll","background-type":"","background-media":"","overlay-type":"","overlay-color":"","overlay-opacity":"","overlay-gradient":""},"mobile":{"background-color":"var(--ast-global-color-4)","background-image":"","background-repeat":"repeat","background-position":"center center","background-size":"auto","background-attachment":"scroll","background-type":"","background-media":"","overlay-type":"","overlay-color":"","overlay-opacity":"","overlay-gradient":""}}},"product_brand":[23],"product_cat":[29,18,19,17,21],"product_tag":[],"class_list":{"0":"post-641","1":"product","2":"type-product","3":"status-publish","4":"has-post-thumbnail","6":"product_brand-skinsolve","7":"product_cat-cap-am-cho-da","8":"product_cat-cham-soc-da-mat","9":"product_cat-duong-da","10":"product_cat-my-pham","11":"product_cat-skinsolve","12":"desktop-align-left","13":"tablet-align-left","14":"mobile-align-left","16":"first","17":"instock","18":"taxable","19":"shipping-taxable","20":"purchasable","21":"product-type-simple"},"_links":{"self":[{"href":"https:\/\/omewa.online\/index.php\/wp-json\/wp\/v2\/product\/641","targetHints":{"allow":["GET"]}}],"collection":[{"href":"https:\/\/omewa.online\/index.php\/wp-json\/wp\/v2\/product"}],"about":[{"href":"https:\/\/omewa.online\/index.php\/wp-json\/wp\/v2\/types\/product"}],"replies":[{"embeddable":true,"href":"https:\/\/omewa.online\/index.php\/wp-json\/wp\/v2\/comments?post=641"}],"wp:featuredmedia":[{"embeddable":true,"href":"https:\/\/omewa.online\/index.php\/wp-json\/wp\/v2\/media\/800"}],"wp:attachment":[{"href":"https:\/\/omewa.online\/index.php\/wp-json\/wp\/v2\/media?parent=641"}],"wp:term":[{"taxonomy":"product_brand","embeddable":true,"href":"https:\/\/omewa.online\/index.php\/wp-json\/wp\/v2\/product_brand?post=641"},{"taxonomy":"product_cat","embeddable":true,"href":"https:\/\/omewa.online\/index.php\/wp-json\/wp\/v2\/product_cat?post=641"},{"taxonomy":"product_tag","embeddable":true,"href":"https:\/\/omewa.online\/index.php\/wp-json\/wp\/v2\/product_tag?post=641"}],"curies":[{"name":"wp","href":"https:\/\/api.w.org\/{rel}","templated":true}]}}