{"id":639,"date":"2025-11-01T18:12:12","date_gmt":"2025-11-01T18:12:12","guid":{"rendered":"https:\/\/omewa.online\/?post_type=product&#038;p=639"},"modified":"2026-03-19T14:01:40","modified_gmt":"2026-03-19T14:01:40","slug":"kem-chong-nang-vat-ly-bao-ve-toan-dien-khong-bit-tac-50ml","status":"publish","type":"product","link":"https:\/\/omewa.online\/index.php\/product\/kem-chong-nang-vat-ly-bao-ve-toan-dien-khong-bit-tac-50ml\/","title":{"rendered":"Kem Ch\u1ed1ng N\u1eafng V\u1eadt L\u00fd \u2013 B\u1ea3o V\u1ec7 To\u00e0n Di\u1ec7n, Kh\u00f4ng B\u00edt T\u1eafc (50ML)"},"content":{"rendered":"<div class=\"border-b border-secondary-light3 lg:border-0\" data-v-3a2e2332=\"\">\n<div data-v-36134904=\"\">\n<div id=\"96\" class=\"flex flex-col w-full h-full bg-opacity-25 lg:flex-row bg-secondary-light3\" data-v-475c5dca=\"\" data-v-3a2e2332=\"\">\n<div class=\"w-full lg:w-1\/2 theimageinfo1\">\n<div class=\"border-b border-secondary-light3 lg:border-0\" data-v-3a2e2332=\"\">\n<div data-v-36134904=\"\">\n<div id=\"96\" class=\"flex flex-col w-full h-full bg-opacity-25 lg:flex-row bg-secondary-light3\" data-v-475c5dca=\"\" data-v-3a2e2332=\"\">\n<div class=\"w-full lg:w-1\/2 theimageinfo1\">\n<p data-start=\"177\" data-end=\"328\"><strong data-start=\"177\" data-end=\"210\">Titanium Dioxide &amp; Zinc Oxide<\/strong> \u2013 hai kho\u00e1ng ch\u1ea5t ch\u1ed1ng n\u1eafng t\u1ef1 nhi\u00ean gi\u00fap b\u1ea3o v\u1ec7 da tr\u01b0\u1edbc tia UVA\/UVB hi\u1ec7u qu\u1ea3, an to\u00e0n cho c\u1ea3 da nh\u1ea1y c\u1ea3m, d\u1ea7u m\u1ee5n.<\/p>\n<ul data-start=\"330\" data-end=\"493\">\n<li data-start=\"330\" data-end=\"398\">\n<p data-start=\"332\" data-end=\"398\">Zinc Oxide c\u00f2n gi\u00fap kh\u00e1ng khu\u1ea9n, l\u00e0m d\u1ecbu &amp; t\u0103ng t\u1ed1c ph\u1ee5c h\u1ed3i da.<\/p>\n<\/li>\n<li data-start=\"399\" data-end=\"493\">\n<p data-start=\"401\" data-end=\"493\">L\u1edbp m\u00e0ng b\u1ea3o v\u1ec7 r\u00e1o tho\u00e1ng, kh\u00f4ng b\u00f3ng nh\u1eddn, kh\u00f4ng silicone, kh\u00f4ng g\u00e2y b\u00edt t\u1eafc l\u1ed7 ch\u00e2n l\u00f4ng.<\/p>\n<\/li>\n<\/ul>\n<hr data-start=\"495\" data-end=\"498\" \/>\n<h3 data-start=\"500\" data-end=\"522\">\ud83c\udfaf C\u00f4ng d\u1ee5ng ch\u00ednh<\/h3>\n<p data-start=\"523\" data-end=\"719\">\u2705 B\u1ea3o v\u1ec7 da kh\u1ecfi tia UVA\/UVB, gi\u1ea3m th\u00e2m n\u00e1m, \u0111\u1ed1m n\u00e2u<br data-start=\"575\" data-end=\"578\" \/>\u2705 Gi\u1ea3m b\u00f3ng d\u1ea7u, ng\u1eeba m\u1ee5n, kh\u00f4ng g\u00e2y b\u00ed da<br data-start=\"620\" data-end=\"623\" \/>\u2705 N\u00e2ng nh\u1eb9 t\u00f4ng da, m\u1ecbn tho\u00e1ng t\u1ef1 nhi\u00ean<br data-start=\"662\" data-end=\"665\" \/>\u2705 Gi\u00fap da kho\u1ebb h\u01a1n, ch\u1ed1ng oxy ho\u00e1, h\u1ea1n ch\u1ebf l\u00e3o ho\u00e1 s\u1edbm<\/p>\n<hr data-start=\"721\" data-end=\"724\" \/>\n<h3 data-start=\"726\" data-end=\"751\">\ud83c\udf38 Th\u00e0nh ph\u1ea7n n\u1ed5i b\u1eadt<\/h3>\n<ul data-start=\"752\" data-end=\"1037\">\n<li data-start=\"752\" data-end=\"826\">\n<p data-start=\"754\" data-end=\"826\"><strong data-start=\"754\" data-end=\"788\">Titanium Dioxide &amp; Zinc Oxide:<\/strong> Ch\u1ed1ng n\u1eafng, b\u1ea3o v\u1ec7 da ngay l\u1eadp t\u1ee9c.<\/p>\n<\/li>\n<li data-start=\"827\" data-end=\"877\">\n<p data-start=\"829\" data-end=\"877\"><strong data-start=\"829\" data-end=\"841\">Arbutin:<\/strong> H\u1ed7 tr\u1ee3 l\u00e0m s\u00e1ng da, gi\u1ea3m \u0111\u1ed1m n\u00e2u.<\/p>\n<\/li>\n<li data-start=\"878\" data-end=\"958\">\n<p data-start=\"880\" data-end=\"958\"><strong data-start=\"880\" data-end=\"923\">Chi\u1ebft xu\u1ea5t Di\u1ebfp C\u00e1, H\u00e0nh T\u00e2y, Nh\u00e2n S\u00e2m:<\/strong> L\u00e0m d\u1ecbu, kh\u00e1ng vi\u00eam, t\u00e1i t\u1ea1o da.<\/p>\n<\/li>\n<li data-start=\"959\" data-end=\"1037\">\n<p data-start=\"961\" data-end=\"1037\"><strong data-start=\"961\" data-end=\"1007\">Phenethyl Alcohol &amp; Caprylhydroxamic Acid:<\/strong> H\u1ec7 b\u1ea3o qu\u1ea3n t\u1ef1 nhi\u00ean an to\u00e0n.<\/p>\n<\/li>\n<\/ul>\n<hr data-start=\"1039\" data-end=\"1042\" \/>\n<h3 data-start=\"1044\" data-end=\"1069\">\ud83c\udf3f Cam k\u1ebft \u201c13 kh\u00f4ng\u201d<\/h3>\n<p data-start=\"1070\" data-end=\"1202\">\u274c Kh\u00f4ng c\u1ed3n, parabens, d\u1ea7u kho\u00e1ng, silicone, m\u00e0u &amp; h\u01b0\u01a1ng t\u1ed5ng h\u1ee3p<br data-start=\"1135\" data-end=\"1138\" \/>\u2714\ufe0f D\u1ecbu nh\u1eb9, ph\u00f9 h\u1ee3p cho m\u1ecdi lo\u1ea1i da, \u0111\u1eb7c bi\u1ec7t da nh\u1ea1y c\u1ea3m &amp; d\u1ea7u.<\/p>\n<hr data-start=\"1204\" data-end=\"1207\" \/>\n<h3 data-start=\"1209\" data-end=\"1225\">\ud83d\udcdd C\u00e1ch d\u00f9ng<\/h3>\n<p data-start=\"1226\" data-end=\"1439\">\ud83d\udc49 Thoa l\u01b0\u1ee3ng v\u1eeba \u0111\u1ee7 l\u00ean m\u1eb7t &amp; v\u00f9ng da c\u1ea7n b\u1ea3o v\u1ec7 15-20 ph\u00fat tr\u01b0\u1edbc khi ra n\u1eafng.<br data-start=\"1305\" data-end=\"1308\" \/>\ud83d\udc49 Thoa l\u1ea1i sau m\u1ed7i 2-3 gi\u1edd ho\u1eb7c khi \u0111\u1ed5 m\u1ed3 h\u00f4i, b\u01a1i l\u1ed9i \u0111\u1ec3 duy tr\u00ec hi\u1ec7u qu\u1ea3.<br data-start=\"1384\" data-end=\"1387\" \/>\ud83d\udc49 D\u00f9ng h\u1eb1ng ng\u00e0y, ngay c\u1ea3 khi ch\u1ec9 \u1edf nh\u00e0 g\u1ea7n c\u1eeda s\u1ed5.<\/p>\n<hr data-start=\"1441\" data-end=\"1444\" \/>\n<h3 data-start=\"1446\" data-end=\"1455\">\u23f0 HSD<\/h3>\n<p data-start=\"1456\" data-end=\"1501\">\u2022 18 th\u00e1ng k\u1ec3 t\u1eeb NSX | 8 th\u00e1ng sau khi m\u1edf n\u1eafp<\/p>\n<p data-start=\"1529\" data-end=\"1662\">#chongnang #kemchongnang #skinsoule #zincoxide #titaniumdioxide #skincare #sunscreen #baoveda #duongda #lan_dong #da_nhay_cam #da_dau<\/p>\n<\/div>\n<\/div>\n<\/div>\n<\/div>\n<div class=\"border-b border-secondary-light3 lg:border-0\" data-v-3a2e2332=\"\">\n<div class=\"inforange\">\n<div data-v-36134904=\"\">\n<div id=\"113\" class=\"flex hasvideox revever flex-col w-full bg-opacity-25 lg:flex-row bg-secondary-light3\" data-v-6a3742cd=\"\" data-v-3a2e2332=\"\"><\/div>\n<\/div>\n<\/div>\n<\/div>\n<\/div>\n<\/div>\n<\/div>\n<\/div>\n","protected":false},"excerpt":{"rendered":"<div class=\"desc0 text-sm lg:text-base mt-8px lg:mt-1.5 product-description text-typo-heading\">\n<p>Kem ch\u1ed1ng n\u1eafng v\u1eadt l\u00ed v\u1edbi 2 th\u00e0nh ph\u1ea7n ch\u00ednh Titanium Dioxide v\u00e0 Zinc Oxide t\u1ea1o ra l\u1edbp m\u00e0ng ch\u1eafn ph\u1ea3n x\u1ea1 l\u1ea1i tia t\u1eed ngo\u1ea1i, gi\u00fap t\u1ea1o n\u00ean s\u1ea3n ph\u1ea9m c\u00f3 quang ph\u1ed5 r\u1ed9ng gi\u00fap b\u1ea3o v\u1ec7 da kh\u1ecfi t\u00e1c \u0111\u1ed9ng c\u1ee7a tia UVA v\u00e0 UVB m\u1ed9t c\u00e1ch hi\u1ec7u qu\u1ea3. Kem ch\u1ed1ng n\u1eafng c\u00f2n b\u1ed5 sung th\u00eam c\u00e1c chi\u1ebft xu\u1ea5t Di\u1ebfp C\u00e1, r\u1ec5 Nh\u00e2n S\u00e2m, \u2026 v\u00e0 Arbutin gi\u00fap h\u1ea1n ch\u1ebf t\u00ecnh tr\u1eb7ng t\u0103ng s\u1eafc t\u1ed1, cung c\u1ea5p c\u00e1c d\u01b0\u1ee1ng ch\u1ea5t gi\u00fap d\u01b0\u1ee1ng \u1ea9m nh\u1eb9 nh\u00e0ng, kh\u00f4ng b\u00edt t\u1eafc.<\/p>\n<\/div>\n<div class=\"desc2 flex flex-col\" data-v-95dfa95a=\"\">\n<div class=\"contentinfo3\">\n<hr \/>\n<p>\u0110\u1eb7c \u0111i\u1ec3m s\u1ea3n ph\u1ea9m<br \/>\n\u2713\u00a0Kh\u1ea3 n\u0103ng ch\u1ed1ng n\u1eafng cao: SPF 32, PA +++ v\u00e0 \u0111\u00e1p \u1ee9ng hi\u1ec7u qu\u1ea3 ngay l\u1eadp t\u1ee9c.<br \/>\n\u2713\u00a0K\u1ebft c\u1ea5u d\u1ea1ng kem m\u1ecfng nh\u1eb9, kh\u00f4ng t\u1ea1o m\u00e0ng tr\u1eafng.<br \/>\n\u2713\u00a0An to\u00e0n v\u1edbi m\u1eb9 b\u1ea7u, cho con b\u00fa v\u00e0 tr\u1ebb d\u1eady th\u00ec.<\/p>\n<\/div>\n<\/div>\n","protected":false},"featured_media":788,"comment_status":"open","ping_status":"closed","template":"","meta":{"site-sidebar-layout":"default","site-content-layout":"","ast-site-content-layout":"default","site-content-style":"default","site-sidebar-style":"default","ast-global-header-display":"","ast-banner-title-visibility":"","ast-main-header-display":"","ast-hfb-above-header-display":"","ast-hfb-below-header-display":"","ast-hfb-mobile-header-display":"","site-post-title":"","ast-breadcrumbs-content":"","ast-featured-img":"","footer-sml-layout":"","theme-transparent-header-meta":"","adv-header-id-meta":"","stick-header-meta":"","header-above-stick-meta":"","header-main-stick-meta":"","header-below-stick-meta":"","astra-migrate-meta-layouts":"default","ast-page-background-enabled":"default","ast-page-background-meta":{"desktop":{"background-color":"var(--ast-global-color-5)","background-image":"","background-repeat":"repeat","background-position":"center center","background-size":"auto","background-attachment":"scroll","background-type":"","background-media":"","overlay-type":"","overlay-color":"","overlay-opacity":"","overlay-gradient":""},"tablet":{"background-color":"","background-image":"","background-repeat":"repeat","background-position":"center center","background-size":"auto","background-attachment":"scroll","background-type":"","background-media":"","overlay-type":"","overlay-color":"","overlay-opacity":"","overlay-gradient":""},"mobile":{"background-color":"","background-image":"","background-repeat":"repeat","background-position":"center center","background-size":"auto","background-attachment":"scroll","background-type":"","background-media":"","overlay-type":"","overlay-color":"","overlay-opacity":"","overlay-gradient":""}},"ast-content-background-meta":{"desktop":{"background-color":"var(--ast-global-color-4)","background-image":"","background-repeat":"repeat","background-position":"center center","background-size":"auto","background-attachment":"scroll","background-type":"","background-media":"","overlay-type":"","overlay-color":"","overlay-opacity":"","overlay-gradient":""},"tablet":{"background-color":"var(--ast-global-color-4)","background-image":"","background-repeat":"repeat","background-position":"center center","background-size":"auto","background-attachment":"scroll","background-type":"","background-media":"","overlay-type":"","overlay-color":"","overlay-opacity":"","overlay-gradient":""},"mobile":{"background-color":"var(--ast-global-color-4)","background-image":"","background-repeat":"repeat","background-position":"center center","background-size":"auto","background-attachment":"scroll","background-type":"","background-media":"","overlay-type":"","overlay-color":"","overlay-opacity":"","overlay-gradient":""}}},"product_brand":[23],"product_cat":[18,17,21],"product_tag":[],"class_list":{"0":"post-639","1":"product","2":"type-product","3":"status-publish","4":"has-post-thumbnail","6":"product_brand-skinsolve","7":"product_cat-cham-soc-da-mat","8":"product_cat-my-pham","9":"product_cat-skinsolve","10":"desktop-align-left","11":"tablet-align-left","12":"mobile-align-left","14":"first","15":"instock","16":"taxable","17":"shipping-taxable","18":"purchasable","19":"product-type-simple"},"_links":{"self":[{"href":"https:\/\/omewa.online\/index.php\/wp-json\/wp\/v2\/product\/639","targetHints":{"allow":["GET"]}}],"collection":[{"href":"https:\/\/omewa.online\/index.php\/wp-json\/wp\/v2\/product"}],"about":[{"href":"https:\/\/omewa.online\/index.php\/wp-json\/wp\/v2\/types\/product"}],"replies":[{"embeddable":true,"href":"https:\/\/omewa.online\/index.php\/wp-json\/wp\/v2\/comments?post=639"}],"wp:featuredmedia":[{"embeddable":true,"href":"https:\/\/omewa.online\/index.php\/wp-json\/wp\/v2\/media\/788"}],"wp:attachment":[{"href":"https:\/\/omewa.online\/index.php\/wp-json\/wp\/v2\/media?parent=639"}],"wp:term":[{"taxonomy":"product_brand","embeddable":true,"href":"https:\/\/omewa.online\/index.php\/wp-json\/wp\/v2\/product_brand?post=639"},{"taxonomy":"product_cat","embeddable":true,"href":"https:\/\/omewa.online\/index.php\/wp-json\/wp\/v2\/product_cat?post=639"},{"taxonomy":"product_tag","embeddable":true,"href":"https:\/\/omewa.online\/index.php\/wp-json\/wp\/v2\/product_tag?post=639"}],"curies":[{"name":"wp","href":"https:\/\/api.w.org\/{rel}","templated":true}]}}