{"id":638,"date":"2025-11-01T18:12:12","date_gmt":"2025-11-01T18:12:12","guid":{"rendered":"https:\/\/omewa.online\/?post_type=product&#038;p=638"},"modified":"2026-03-19T14:21:22","modified_gmt":"2026-03-19T14:21:22","slug":"tay-da-chet-skin-renewing-enzym-mask-45g","status":"publish","type":"product","link":"https:\/\/omewa.online\/index.php\/product\/tay-da-chet-skin-renewing-enzym-mask-45g\/","title":{"rendered":"T\u1ea9y da ch\u1ebft &#8211; Skin Renewing Enzym Mask 45g"},"content":{"rendered":"<p><strong>1. C\u00d4NG D\u1ee4NG<\/strong><\/p>\n<p>\u2022\u00a0Lo\u1ea1i b\u1ecf l\u1edbp da ch\u1ebft th\u00f4 r\u00e1p m\u1ed9t c\u00e1ch nh\u1eb9 nh\u00e0ng m\u00e0 kh\u00f4ng c\u1ea7n ch\u00e0 x\u00e1t g\u00e2y t\u1ed5n th\u01b0\u01a1ng da.<br \/>\n\u2022 Th\u00fac \u0111\u1ea9y t\u00e1i t\u1ea1o b\u1ec1 m\u1eb7t da t\u01b0\u01a1i m\u1edbi, s\u00e1ng m\u1ecbn v\u00e0 m\u1ec1m m\u1ea1i.<br \/>\n\u2022 L\u00e0m s\u1ea1ch s\u00e2u l\u1ed7 ch\u00e2n l\u00f4ng gi\u00fap gi\u1ea3m b\u00edt t\u1eafc v\u00e0 ng\u0103n ng\u1eeba m\u1ee5n.<\/p>\n<p><strong>2. \u0110\u1eb6C \u0110I\u1ec2M S\u1ea2N PH\u1ea8M<\/strong><\/p>\n<p>\u2022 Nguy\u00ean li\u1ec7u thi\u00ean nhi\u00ean an to\u00e0n, th\u00e2n thi\u1ec7n v\u1edbi da, kh\u00f4ng g\u00e2y b\u00edt t\u1eafc l\u1ed7 ch\u00e2n l\u00f4ng.<br \/>\n\u2022 An to\u00e0n cho m\u1eb9 b\u1ea7u, cho con b\u00fa v\u00e0 tr\u1ebb d\u1eady th\u00ec.<\/p>\n<p><strong>3. TH\u00c0NH PH\u1ea6N \u0110\u1ea6Y \u0110\u1ee6<\/strong><\/p>\n<p>Aqua, Palm oil, Stearins, Cetearyl Alcohol, \u00a0Propanediol, Citric Acid, Lactic Acid, Malic Acid, Gluconic Acid, Ascorbic Acid, Glycolic Acid, Salicylic Acid, Tartaric Acid,\u00a0Butyrospermum Parkii oil, Sesamum Indicum (Sesame) Seed Oil, Glycerin, Phenethyl Alcohol, Caprylhydroxamic Acid, Bromelain, Psidium Guajava Fruit Extract, Camellia Sinensis Leaf Extract, Rose Extract, Nelumbo Nucifera Leaf Extract, Citrus sinensis (Sweet Orange) Oil, Acacia Senegal Gum, Xanthan Gum, Prunus Amygdalus Dulcis (Sweet Almond) Shell, Menthol, Sodium Phytate.<\/p>\n<p><strong>4. TH\u00c0NH PH\u1ea6N CH\u00cdNH<\/strong><\/p>\n<p><strong>Ch\u1ea5t l\u00e0m s\u1ea1ch<\/strong><\/p>\n<p>\ud83c\udf3f\u00a0<em>Citric Acid, Lactic Acid, Malic Acid, Gluconic Acid, Ascorbic Acid, Glycolic Acid, Salicylic Acid, Tartaric Acid<\/em><\/p>\n<p>C\u00e1c lo\u1ea1i axit c\u00f3 kh\u1ea3 n\u0103ng tan h\u00f3a ch\u1ea5t li\u00ean k\u1ebft gi\u1eefa c\u00e1c t\u1ebf b\u00e0o da ch\u1ebft \u1edf l\u1edbp bi\u1ec3u b\u00ec, gi\u00fap ch\u00fang bong tr\u00f3c d\u1ec5 d\u00e0ng v\u00e0 lo\u1ea1i b\u1ecf c\u00e1c l\u1edbp da s\u1ea7n s\u00f9i, th\u00f4 r\u00e1p ph\u00eda ngo\u00e0i<\/p>\n<p>\ud83c\udf3f\u00a0<em>Bromelain<\/em><\/p>\n<p>\u2022 L\u00e0 m\u1ed9t Enzym c\u00f3 kh\u1ea3 n\u0103ng h\u00f2a tan v\u00e0 ti\u00eau h\u00f3a c\u00e1c protein th\u00e0nh c\u00e1c th\u00e0nh ph\u1ea7n nh\u1ecf h\u01a1n, v\u00e0 n\u1edbi l\u1ecfng li\u00ean k\u1ebft gi\u1eef c\u00e1c t\u1ebf b\u00e0o ch\u1ebft v\u00e0 b\u1ec1 m\u1eb7t da \u0111\u1ec3 ch\u00fang c\u00f3 th\u1ec3 d\u1ec5 d\u00e0ng \u0111\u01b0\u1ee3c l\u1ea5y kh\u1ecfi b\u1ec1 m\u1eb7t da khi r\u1eeda m\u1eb7t gi\u00fap\u00a0lo\u1ea1i b\u1ecf l\u1edbp da ch\u1ebft m\u1ed9t c\u00e1ch nh\u1eb9 nh\u00e0ng m\u00e0 v\u1eabn v\u00f4 c\u00f9ng hi\u1ec7u qu\u1ea3.<br \/>\n\u2022 Enzym Bromelain c\u00f3 th\u1ec3 gi\u00fap c\u1ea3i thi\u1ec7n \u0111\u1ed9 \u0111\u00e0n h\u1ed3i c\u1ee7a da b\u1eb1ng c\u00e1ch t\u00e1c \u0111\u1ed9ng l\u00ean c\u00e1c li\u00ean k\u1ebft protein trong da, gi\u00fap da tr\u1edf n\u00ean \u0111\u00e0n h\u1ed3i v\u00e0 m\u1ecbn m\u00e0ng h\u01a1n.<\/p>\n<p><strong>Cung c\u1ea5p d\u01b0\u1ee1ng \u1ea9m v\u00e0 d\u01b0\u1ee1ng ch\u1ea5t<\/strong><\/p>\n<p>\ud83c\udf3f\u00a0<em>D\u1ea7u c\u1ecd (Palm oil), D\u1ea7u H\u1ea1nh Nh\u00e2n (Butyrospermum Parkii oil), D\u1ea7u M\u00e8 (Sesamum Indicum (Sesame) Seed Oil)<\/em><\/p>\n<p>\u2022 Gi\u00fap duy tr\u00ec \u0111\u1ed9 \u1ea9m t\u1ef1 nhi\u00ean cho da, l\u00e0m m\u1ec1m m\u1ea1i v\u00e0 m\u1ecbn m\u00e0ng.<br \/>\n\u2022 Cung c\u1ea5p c\u00e1c d\u01b0\u1ee1ng ch\u1ea5t nh\u01b0 vitamin v\u00e0 axit b\u00e9o, h\u1ed7 tr\u1ee3 qu\u00e1 tr\u00ecnh t\u00e1i t\u1ea1o t\u1ebf b\u00e0o v\u00e0 t\u00e1i t\u1ea1o da.<br \/>\n\u2022 C\u00e1c ch\u1ea5t ch\u1ed1ng \u00f4 nhi\u1ec5m v\u00e0 ch\u1ed1ng oxy h\u00f3a trong c\u00e1c d\u1ea7u c\u00f3 th\u1ec3 gi\u00fap b\u1ea3o v\u1ec7 da kh\u1ecfi t\u00e1c \u0111\u1ed9ng c\u1ee7a m\u00f4i tr\u01b0\u1eddng b\u00ean ngo\u00e0i.<\/p>\n<p>\ud83c\udf3f\u00a0<em>Chi\u1ebft xu\u1ea5t \u1ed4i (Psidium Guajava Fruit Extract), Chi\u1ebft xu\u1ea5t l\u00e1\u00a0Tr\u00e0 (Camellia Sinensis Leaf Extract), chi\u1ebft xu\u1ea5t hoa H\u1ed3ng (Rose Extract), chi\u1ebft xu\u1ea5t l\u00e1 Sen (Nelumbo Nucifera Leaf Extract)<\/em><\/p>\n<p>Cung c\u1ea5p c\u00e1c d\u01b0\u1ee1ng ch\u1ea5t gi\u00fap\u00a0da ki\u1ec3m so\u00e1t d\u1ea7u,\u00a0d\u01b0\u1ee1ng \u1ea9m, b\u1ea3o v\u1ec7 da kh\u1ecfi t\u00e1c \u0111\u1ed9ng c\u1ee7a vi khu\u1ea9n, t\u00e1c nh\u00e2n oxy h\u00f3a gi\u00fap b\u1ea3o v\u1ec7 da to\u00e0n di\u1ec7n.<\/p>\n<p><strong>S\u1ea3n ph\u1ea9m\u00a0s\u1eed d\u1ee5ng h\u1ec7 b\u1ea3o qu\u1ea3n t\u1ef1 nhi\u00ean\u00a0<\/strong><\/p>\n<p>\u2022 Phenethyl Alcohol \u2013 Chi\u1ebft xu\u1ea5t t\u1eeb Hoa h\u1ed3ng v\u00e0 Hoa C\u1ea9m Ch\u01b0\u1edbng.<br \/>\n\u2022 Caprylhydroxamic Acid \u2013 Chi\u1ebft xu\u1ea5t t\u1eeb d\u1eeba.<br \/>\n\u2022 Gi\u00fap b\u1ea3o qu\u1ea3n s\u1ea3n ph\u1ea9m hi\u1ec7u qu\u1ea3 m\u00e0 kh\u00f4ng g\u00e2y k\u00edch \u1ee9ng da, kh\u00f4ng \u1ea3nh h\u01b0\u1edfng \u0111\u1ebfn s\u1ee9c kho\u1ebb.<\/p>\n<p><strong>5. CAM K\u1ebeT C\u1ee6A NH\u00c3N H\u00c0NG<\/strong><\/p>\n<p>B\u1ea3ng th\u00e0nh ph\u1ea7n \u201cXanh\u201d l\u00e0nh t\u00ednh theo ti\u00eau chu\u1ea9n EWG<\/p>\n<p><img decoding=\"async\" src=\"https:\/\/file.hstatic.net\/200000834019\/file\/screenshot__115__bce71cd7a4b14debb88805173f024345_grande.png\" \/><\/p>\n<p><strong>B\u1ea2NG TH\u00c0NH PH\u1ea6N XANH<\/strong><\/p>\n<p><strong>KH\u00d4NG CH\u1ee8A<\/strong><\/p>\n<p>\u2022 D\u1ea7u kho\u00e1ng H\u01b0\u01a1ng li\u1ec7u t\u1ed1ng h\u1ee3p Ch\u1ea5t t\u1ea1o m\u00e0u ho\u00e1 h\u1ecdc.<br \/>\n\u2022 Nguy\u00ean li\u1ec7u c\u00f3 ngu\u1ed3n g\u1ed1c t\u1eeb \u0111\u1ed9ng v\u1eadt.<br \/>\n\u2022 Ch\u1ea5t l\u00e0m s\u1ea1ch g\u1ed1c Sulfates: SLS, SLES.<br \/>\n\u2022 MEA\/DEA\/TEA<br \/>\n\u2022 Phthalates<br \/>\n\u2022 Ch\u1ea5t b\u1ea3o qu\u1ea3n t\u1ed5ng h\u1ee3p (Paraben, Phenoxyethanol\u2026)<br \/>\n\u2022 Kh\u00f4ng ch\u1ee9a c\u1ed3n<br \/>\n\u2022 Silicone<br \/>\n\u2022 S\u1eed d\u1ee5ng c\u00e1c ch\u1ea5t t\u1ea1o \u0111\u1eb7c\/nh\u0169 ho\u00e1 t\u1ed5ng h\u1ee3p (Carbomer, Polymer, Glyceryl Stearate, Cetearyl Alcohol)<br \/>\n\u2022 EDTA<\/p>\n<p><strong>6. H\u01af\u1edaNG D\u1eaaN S\u1eec D\u1ee4NG<\/strong><\/p>\n<p>\u2022 Thoa m\u1ed9t l\u1edbp m\u1ecfng l\u00ean da s\u1ea1ch. Nh\u1eb9 nh\u00e0ng xoa b\u00f3p theo chuy\u1ec3n \u0111\u1ed9ng tr\u00f2n b\u1eb1ng \u0111\u1ea7u ng\u00f3n tay \u01b0\u1edbt \u0111\u1ec3 lo\u1ea1i b\u1ecf t\u1ebf b\u00e0o ch\u1ebft v\u00e0 l\u00e0m s\u1ea1ch da.<br \/>\n\u2022 \u0110\u1ec3 y\u00ean trong 10 -20 ph\u00fat t\u00f9y thu\u1ed9c v\u00e0o \u0111\u1ed9 nh\u1ea1y c\u1ea3m c\u1ee7a da \u0111\u1ec3 th\u1eddi gian n\u00e0y AHAs v\u00e0 Enzym ho\u1ea1t \u0111\u1ed9ng.<br \/>\n\u2022 R\u1eeda s\u1ea1ch l\u1ea1i b\u1eb1ng n\u01b0\u1edbc. N\u00ean s\u1eed d\u1ee5ng m\u1ed9t \u0111\u1ebfn ba l\u1ea7n m\u1ed7i tu\u1ea7n \u0111\u1ec3 \u0111\u1ea1t hi\u1ec7u qu\u1ea3 t\u1ed1t nh\u1ea5t.<\/p>\n<p><strong>7. B\u1ea2O QU\u1ea2N<\/strong><\/p>\n<p>B\u1ea3o qu\u1ea3n n\u01a1i kh\u00f4 r\u00e1o, tho\u00e1ng m\u00e1t, tr\u00e1nh xa t\u1ea7m tay tr\u1ebb em.<\/p>\n<p><strong>8. H\u1ea0N S\u1eec D\u1ee4NG<\/strong><\/p>\n<p>\u2022 18 th\u00e1ng k\u1ec3 t\u1eeb ng\u00e0y s\u1ea3n xu\u1ea5t.<br \/>\n\u2022 06 th\u00e1ng k\u1ec3 t\u1eeb khi m\u1edf n\u1eafp.<\/p>\n","protected":false},"excerpt":{"rendered":"<p><strong>\u00a0C\u00d4NG D\u1ee4NG<\/strong><\/p>\n<p>\u2022\u00a0Lo\u1ea1i b\u1ecf l\u1edbp da ch\u1ebft th\u00f4 r\u00e1p m\u1ed9t c\u00e1ch nh\u1eb9 nh\u00e0ng m\u00e0 kh\u00f4ng c\u1ea7n ch\u00e0 x\u00e1t g\u00e2y t\u1ed5n th\u01b0\u01a1ng da.<br \/>\n\u2022 Th\u00fac \u0111\u1ea9y t\u00e1i t\u1ea1o b\u1ec1 m\u1eb7t da t\u01b0\u01a1i m\u1edbi, s\u00e1ng m\u1ecbn v\u00e0 m\u1ec1m m\u1ea1i.<br \/>\n\u2022 L\u00e0m s\u1ea1ch s\u00e2u l\u1ed7 ch\u00e2n l\u00f4ng gi\u00fap gi\u1ea3m b\u00edt t\u1eafc v\u00e0 ng\u0103n ng\u1eeba m\u1ee5n.<\/p>\n<p><strong>\u0110\u1eb6C \u0110I\u1ec2M S\u1ea2N PH\u1ea8M<\/strong><\/p>\n<p>\u2022 Nguy\u00ean li\u1ec7u thi\u00ean nhi\u00ean an to\u00e0n, th\u00e2n thi\u1ec7n v\u1edbi da, kh\u00f4ng g\u00e2y b\u00edt t\u1eafc l\u1ed7 ch\u00e2n l\u00f4ng.<br \/>\n\u2022 An to\u00e0n cho m\u1eb9 b\u1ea7u, cho con b\u00fa v\u00e0 tr\u1ebb d\u1eady th\u00ec.<\/p>\n","protected":false},"featured_media":785,"comment_status":"open","ping_status":"closed","template":"","meta":{"site-sidebar-layout":"default","site-content-layout":"","ast-site-content-layout":"default","site-content-style":"default","site-sidebar-style":"default","ast-global-header-display":"","ast-banner-title-visibility":"","ast-main-header-display":"","ast-hfb-above-header-display":"","ast-hfb-below-header-display":"","ast-hfb-mobile-header-display":"","site-post-title":"","ast-breadcrumbs-content":"","ast-featured-img":"","footer-sml-layout":"","theme-transparent-header-meta":"default","adv-header-id-meta":"","stick-header-meta":"","header-above-stick-meta":"","header-main-stick-meta":"","header-below-stick-meta":"","astra-migrate-meta-layouts":"set","ast-page-background-enabled":"default","ast-page-background-meta":{"desktop":{"background-color":"var(--ast-global-color-5)","background-image":"","background-repeat":"repeat","background-position":"center center","background-size":"auto","background-attachment":"scroll","background-type":"","background-media":"","overlay-type":"","overlay-color":"","overlay-opacity":"","overlay-gradient":""},"tablet":{"background-color":"","background-image":"","background-repeat":"repeat","background-position":"center center","background-size":"auto","background-attachment":"scroll","background-type":"","background-media":"","overlay-type":"","overlay-color":"","overlay-opacity":"","overlay-gradient":""},"mobile":{"background-color":"","background-image":"","background-repeat":"repeat","background-position":"center center","background-size":"auto","background-attachment":"scroll","background-type":"","background-media":"","overlay-type":"","overlay-color":"","overlay-opacity":"","overlay-gradient":""}},"ast-content-background-meta":{"desktop":{"background-color":"var(--ast-global-color-4)","background-image":"","background-repeat":"repeat","background-position":"center center","background-size":"auto","background-attachment":"scroll","background-type":"","background-media":"","overlay-type":"","overlay-color":"","overlay-opacity":"","overlay-gradient":""},"tablet":{"background-color":"var(--ast-global-color-4)","background-image":"","background-repeat":"repeat","background-position":"center center","background-size":"auto","background-attachment":"scroll","background-type":"","background-media":"","overlay-type":"","overlay-color":"","overlay-opacity":"","overlay-gradient":""},"mobile":{"background-color":"var(--ast-global-color-4)","background-image":"","background-repeat":"repeat","background-position":"center center","background-size":"auto","background-attachment":"scroll","background-type":"","background-media":"","overlay-type":"","overlay-color":"","overlay-opacity":"","overlay-gradient":""}}},"product_brand":[23],"product_cat":[18,17,21],"product_tag":[],"class_list":{"0":"post-638","1":"product","2":"type-product","3":"status-publish","4":"has-post-thumbnail","6":"product_brand-skinsolve","7":"product_cat-cham-soc-da-mat","8":"product_cat-my-pham","9":"product_cat-skinsolve","10":"desktop-align-left","11":"tablet-align-left","12":"mobile-align-left","14":"first","15":"instock","16":"taxable","17":"shipping-taxable","18":"purchasable","19":"product-type-simple"},"_links":{"self":[{"href":"https:\/\/omewa.online\/index.php\/wp-json\/wp\/v2\/product\/638","targetHints":{"allow":["GET"]}}],"collection":[{"href":"https:\/\/omewa.online\/index.php\/wp-json\/wp\/v2\/product"}],"about":[{"href":"https:\/\/omewa.online\/index.php\/wp-json\/wp\/v2\/types\/product"}],"replies":[{"embeddable":true,"href":"https:\/\/omewa.online\/index.php\/wp-json\/wp\/v2\/comments?post=638"}],"wp:featuredmedia":[{"embeddable":true,"href":"https:\/\/omewa.online\/index.php\/wp-json\/wp\/v2\/media\/785"}],"wp:attachment":[{"href":"https:\/\/omewa.online\/index.php\/wp-json\/wp\/v2\/media?parent=638"}],"wp:term":[{"taxonomy":"product_brand","embeddable":true,"href":"https:\/\/omewa.online\/index.php\/wp-json\/wp\/v2\/product_brand?post=638"},{"taxonomy":"product_cat","embeddable":true,"href":"https:\/\/omewa.online\/index.php\/wp-json\/wp\/v2\/product_cat?post=638"},{"taxonomy":"product_tag","embeddable":true,"href":"https:\/\/omewa.online\/index.php\/wp-json\/wp\/v2\/product_tag?post=638"}],"curies":[{"name":"wp","href":"https:\/\/api.w.org\/{rel}","templated":true}]}}