{"id":636,"date":"2025-11-01T18:12:12","date_gmt":"2025-11-01T18:12:12","guid":{"rendered":"https:\/\/omewa.online\/?post_type=product&#038;p=636"},"modified":"2026-03-19T14:17:50","modified_gmt":"2026-03-19T14:17:50","slug":"tinh-chat-duong-the-lam-sang-deu-mau-da-100ml-melazero-whitening-body-serum","status":"publish","type":"product","link":"https:\/\/omewa.online\/index.php\/product\/tinh-chat-duong-the-lam-sang-deu-mau-da-100ml-melazero-whitening-body-serum\/","title":{"rendered":"Tinh ch\u1ea5t d\u01b0\u1ee1ng th\u1ec3 l\u00e0m s\u00e1ng \u0111\u1ec1u m\u00e0u da 100ml &#8211; Melazero Whitening Body Serum"},"content":{"rendered":"<p>Tinh ch\u1ea5t d\u01b0\u1ee1ng th\u1ec3 l\u00e0m s\u00e1ng \u0111\u1ec1u m\u00e0u da 100ml &#8211; Melazero Whitening Body Serum<\/p>\n<p><strong>1. C\u00d4NG D\u1ee4NG:<\/strong><\/p>\n<p>\u2022 L\u00e0m s\u00e1ng da hi\u1ec7u qu\u1ea3 trong 14 ng\u00e0y v\u1edbi b\u1ed9 5 ho\u1ea1t ch\u1ea5t s\u00e1ng da \u0111a c\u01a1 ch\u1ebf.<br \/>\n\u2022 Kh\u00f4ng g\u00e2y bong tr\u00f3c, m\u1ecfng da, kh\u00f4ng t\u1ed5n th\u01b0\u01a1ng h\u00e0ng r\u00e0o b\u1ea3o v\u1ec7 da.<br \/>\n\u2022 D\u01b0\u1ee1ng \u1ea9m, l\u00e0m d\u1ecbu v\u00e0 nu\u00f4i d\u01b0\u1ee1ng l\u00e0n da kho\u1ebb m\u1ea1nh.<\/p>\n<p><strong>2<\/strong>.\u00a0<strong>\u0110\u1eb6C \u0110I\u1ec2M S\u1ea2N PH\u1ea8M<\/strong><\/p>\n<p>\u2022 Th\u00edch h\u1ee3p v\u1edbi m\u1ecdi lo\u1ea1i da, \u0111\u1eb7c bi\u1ec7t v\u1edbi l\u00e0n da kh\u00f4ng \u0111\u1ec1u m\u00e0u, th\u00e2m, n\u00e1m ho\u1eb7c l\u00e0n da s\u1eadm m\u00e0u.<br \/>\n\u2022 Th\u1ec3 ch\u1ea5t serum m\u1ecfng nh\u1eb9, d\u1ec5 d\u00e0ng th\u1ea9m th\u1ea5u, kh\u00f4ng nh\u1eddn r\u00edt sau khi b\u00f4i.<br \/>\n\u2022 Nguy\u00ean li\u1ec7u thi\u00ean nhi\u00ean an to\u00e0n, th\u00e2n thi\u1ec7n v\u1edbi da, kh\u00f4ng g\u00e2y b\u00edt t\u1eafc l\u1ed7 ch\u00e2n l\u00f4ng.<br \/>\n\u2022 An to\u00e0n cho m\u1eb9 b\u1ea7u, cho con b\u00fa v\u00e0 tr\u1ebb d\u1eady th\u00ec.<\/p>\n<p><strong>3. TH\u00c0NH PH\u1ea6N \u0110\u1ea6Y \u0110\u1ee6<\/strong><\/p>\n<p>Aqua, Glycerin, Oryza Sativa (Rice) Bran Oil, Passiflora Edulis (Passion fruit) Seed Oil, Sesamum Indicum (Sesame) Seed Oil, Niacinamide, Inositol, Glycyrrhiza Glabra (Licorice) Root Extract, Tranexamic Acid, Arisaema Amurense Extract (MELAZERO), Lysolecithin, Sclerotium Gum, Xanthan Gum, Pullulan, Decyl Glucoside, 1,2-Hexanediol, Phenethyl Alcohol, Caprylhydroxamic Acid, Vanilla Planifolia Fruit Extract, Nelumbo Nucifera Flower Extract, Tocopherol.<\/p>\n<p><strong>4. TH\u00c0NH PH\u1ea6N CH\u00cdNH<\/strong><\/p>\n<p><strong>T\u1ea1o \u0111\u1ed9 \u1ea9m m\u01b0\u1ee3t m\u00e0 cho l\u00e0n da<\/strong><\/p>\n<p>\ud83c\udf40\u00a0<em>D\u1ea7u c\u00e1m g\u1ea1o Nh\u1eadt B\u1ea3n (<\/em><em>Oryza Sativa (Rice) Bran Oil)<\/em><\/p>\n<p>\u2022 Ch\u1ee9a nhi\u1ec1u axit b\u00e9o v\u00e0 vitamin E, gi\u00fap d\u01b0\u1ee1ng \u1ea9m \u00a0v\u00e0 ph\u1ee5c h\u1ed3i t\u1ed5n t\u01b0\u01a1ng, m\u1edd v\u1ebft th\u00e2m, ng\u0103n c\u1ea3n qu\u00e1 tr\u00ecnh l\u00e3o h\u00f3a.<br \/>\n\u2022 Ch\u1ee9a vitamin E, B2, B6 v\u00e0 c\u00e1c kho\u00e1ng ch\u1ea5t kh\u00e1c gi\u00fap t\u1ebf b\u00e0o da ch\u1ed1ng l\u1ea1i s\u1ef1 t\u1ea5n c\u00f4ng c\u1ee7a c\u00e1c g\u1ed1c t\u1ef1 do, b\u1ea3o v\u1ec7 da kh\u1ecfi t\u00e1c h\u1ea1i c\u1ee7a \u00e1nh n\u1eafng m\u1eb7t tr\u1eddi, tia c\u1ef1c t\u00edm (UV)\u2026<br \/>\n\u2022 C\u00f3 kh\u1ea3 n\u0103ng l\u00e0m s\u1ea1ch l\u1ed7 ch\u00e2n l\u00f4ng v\u00e0 ng\u0103n t\u1eafc ngh\u1ebdn l\u1ed7 ch\u00e2n l\u00f4ng, gi\u00fap da m\u1eb7t tr\u1edf n\u00ean s\u00e1ng h\u01a1n.<\/p>\n<p>\ud83c\udf40<em>\u00a0<\/em><em>D\u1ea7u\u00a0<\/em><em>h\u1ea1t chanh d\u00e2y (<\/em><em>Passiflora Edulis Seed Oil)<\/em><\/p>\n<p>\u2022\u00a0Ch\u1ee9a nhi\u1ec1u axit b\u00e9o v\u00e0 vitamin E, gi\u00fap d\u01b0\u1ee1ng \u1ea9m, l\u00e0m d\u1ecbu da, gi\u1eef cho da m\u1ec1m m\u1ea1i, gi\u1ea3m t\u00ecnh tr\u1ea1ng da s\u01b0ng v\u00e0 k\u00edch \u1ee9ng.<br \/>\n\u2022 Ch\u1ee9a vitamin E v\u00e0 c\u00e1c ch\u1ea5t kh\u00e1c gi\u00fap b\u1ea3o v\u1ec7 da kh\u1ecfi c\u00e1c t\u00e1c nh\u00e2n g\u00e2y h\u1ea1i nh\u01b0 vi khu\u1ea9n g\u00e2y m\u1ee5n, tia UV, &#8230;<br \/>\n\u2022 D\u1ea7u h\u1ea1t chanh d\u00e2y c\u00f3 ch\u1ee9a vitamin C, gi\u00fap gi\u1ea3m t\u00ecnh tr\u1ea1ng t\u00e0n nhang v\u00e0 v\u1ebft th\u00e2m tr\u00ean da.<\/p>\n<p>\ud83c\udf40<em>\u00a0<\/em><em>D\u1ea7u h\u1ea1t m\u00e8\u00a0<\/em><em>(Sesamum Indicum Seed Oil)<\/em><\/p>\n<p>\u2022 C\u00f3 kh\u1ea3 n\u0103ng d\u01b0\u1ee1ng \u1ea9m cho da gi\u00fap duy tr\u00ec \u0111\u1ed9 \u1ea9m t\u1ef1 nhi\u00ean c\u1ee7a da v\u00e0 ng\u0103n ng\u1eeba t\u00ecnh tr\u1ea1ng da kh\u00f4, s\u1ea7n s\u00f9i.<br \/>\n\u2022 Ch\u1ee9a Vitamin E v\u00e0 Phytosterol, gi\u00fap b\u1ea3o v\u1ec7 da kh\u1ecfi t\u00e1c \u0111\u1ed9ng c\u1ee7a tia UV v\u00e0 c\u00e1c t\u00e1c nh\u00e2n g\u00e2y h\u1ea1i t\u1eeb m\u00f4i tr\u01b0\u1eddng.<br \/>\n\u2022 C\u00f3 t\u00ednh kh\u00e1ng khu\u1ea9n v\u00e0 kh\u00e1ng vi\u00eam, gi\u00fap gi\u1ea3m k\u00edch \u1ee9ng, s\u01b0ng \u0111\u1ecf.<\/p>\n<p><strong>L\u00e0m s\u00e1ng da \u0111a c\u01a1 ch\u1ebf v\u1edbi 5 ho\u1ea1t ch\u1ea5t l\u00e0m s\u00e1ng da<\/strong><\/p>\n<p>\ud83c\udf40<em><strong>\u00a0<\/strong>Melazero<\/em><\/p>\n<p>\u2022 C\u01a1 ch\u1ebf g\u1ecdng k\u00ecm t\u1ef1 &#8220;th\u1ef1c b\u00e0o&#8221; h\u1eafc s\u1eafc t\u1ed1 Melanin s\u1ea3n sinh giai \u0111o\u1ea1n cu\u1ed1i \u1edf t\u1ebf b\u00e0o da gi\u00fap gi\u1ea3m thi\u1ec3u t\u00ecnh tr\u1ea1ng t\u0103ng s\u1eafc t\u1ed1.<br \/>\n\u2022 C\u01a1 ch\u1ebf \u1ee9c ch\u1ebf qu\u00e1 tr\u00ecnh t\u1ed5ng h\u1ee3p men Tyrosinaise s\u1ea3n sinh Melanin ngay \u1edf giai \u0111o\u1ea1n \u0111\u1ea7u gi\u00fap ph\u00e1 v\u1ee1 vi\u1ec7c h\u00ecnh th\u00e0nh s\u1eafc t\u1ed1 t\u1ed1i m\u00e0u, duy tr\u00ec l\u00e0n da r\u1ea1ng r\u1ee1 \u0111\u1ec1u m\u00e0u v\u00e0 ng\u0103n ng\u1eeba th\u00e2m s\u1ea1m hi\u1ec7u qu\u1ea3.<br \/>\n\u2022 H\u1ed7 tr\u1ee3 l\u00e0m s\u00e1ng da hi\u1ec7u qu\u1ea3 trong 14 ng\u00e0y<\/p>\n<p><em><strong>\ud83c\udf40\u00a0<\/strong><\/em><strong><em>Niacinamide<\/em><\/strong><\/p>\n<p>\u2022 Niacinamide (B3) ng\u0103n ch\u1eb7n s\u1ef1 di chuy\u1ec3n c\u1ee7a Melanosome v\u00e0o trong t\u1ebf b\u00e0o s\u1eebng.<br \/>\n\u2022 Vitamin B3 c\u00f3 t\u00e1c \u0111\u1ed9ng l\u00e0m s\u00e1ng da, ng\u0103n ng\u1eeba s\u1eafc t\u1ed1 l\u00e0m \u0111en s\u1ea1m da ph\u00e1t tri\u1ec3n.<br \/>\n\u2022 H\u1ed7 tr\u1ee3 tr\u1ecb m\u1ee5n, ki\u1ec3m so\u00e1t b\u00e3 nh\u1eddn, l\u00e0m d\u1ecbu da v\u00e0 ch\u1ed1ng oxy ho\u00e1.<\/p>\n<p>\ud83c\udf40\u00a0<em>Traneximic Acid<\/em><\/p>\n<p>T\u0103ng kh\u1ea3 n\u0103ng \u1ee9c ch\u1ebf s\u1ef1 t\u1ed5ng h\u1ee3p h\u1eafc s\u1eafc t\u1ed1 Melanin, gi\u00fap l\u00e0m m\u1edd v\u00e0 gi\u1ea3m c\u00e1c v\u1ebft t\u1ed1i m\u00e0u, th\u00e2m m\u1ee5n tr\u00ean da, l\u1ea5y l\u1ea1i m\u00e0u s\u1eafc t\u1ef1 nhi\u00ean tr\u00ean da.<\/p>\n<p>\ud83c\udf40<em>\u00a0<\/em><em>Inositol (Vitamin B8)<\/em><\/p>\n<p>\u2022 \u0110\u01b0\u1ee3c ghi nh\u1eadn c\u00f3 kh\u1ea3 n\u0103ng l\u00e0m tr\u1eafng da g\u1ea5p 10 l\u1ea7n so v\u1edbi Vitamin B3.<br \/>\n\u2022 Inositol c\u00f2n cung c\u1ea5p n\u0103ng l\u01b0\u1ee3ng gi\u00fap t\u0103ng ho\u1ea1t \u0111\u1ed9ng v\u00e0 t\u1ed1c \u0111\u1ed9 ph\u00e2n chia c\u1ee7a t\u1ebf b\u00e0o, th\u00fac \u0111\u1ea9y qu\u00e1 tr\u00ecnh t\u00e1i t\u1ea1o da, h\u1ed7 tr\u1ee3 b\u1ea3o v\u1ec7 da kh\u1ecfi t\u00e1c h\u1ea1i c\u1ee7a \u00e1nh n\u1eafng m\u1eb7t tr\u1eddi.<br \/>\n\u2022 T\u0103ng kh\u1ea3 n\u0103ng gi\u1eef \u1ea9m cho da, t\u0103ng \u0111\u1ed9 s\u0103n ch\u1eafc, kh\u1ecfe m\u1ea1nh cho l\u00e0n da.<\/p>\n<p>\ud83c\udf40<em>\u00a0Chi\u1ebft xu\u1ea5t r\u1ec5 Cam Th\u1ea3o<\/em><\/p>\n<p>\u1ee8c ch\u1ebf qu\u00e1 tr\u00ecnh s\u1ea3n sinh h\u1eafc t\u1ed1 Melanin, gi\u00fap l\u00e0n da kh\u00f4i ph\u1ee5c l\u1ea1i s\u1ef1 tr\u1eafng tr\u1ebbo v\u00e0 h\u1ed3ng h\u00e0o. \u0110\u1ed3ng th\u1eddi ho\u1ea1t ch\u1ea5t c\u00f2n c\u00f3 t\u00e1c d\u1ee5ng gi\u1ea3i \u0111\u1ed9c v\u00e0 ch\u1ed1ng vi\u00eam c\u1ef1c t\u1ed1t gi\u00fap ng\u1eeba m\u1ee5n hi\u1ec7u qu\u1ea3.<\/p>\n<p><strong>Tinh ch\u1ea5t s\u1eed d\u1ee5ng h\u1ec7 b\u1ea3o qu\u1ea3n t\u1ef1 nhi\u00ean \u00a0<\/strong><\/p>\n<p>\u2022 Phenethyl Alcohol \u2013 Chi\u1ebft xu\u1ea5t t\u1eeb Hoa h\u1ed3ng v\u00e0 Hoa C\u1ea9m Ch\u01b0\u1edbng.<br \/>\n\u2022 Caprylhydroxamic Acid \u2013 Chi\u1ebft xu\u1ea5t t\u1eeb d\u1eeba.<br \/>\n\u2022 Gi\u00fap b\u1ea3o qu\u1ea3n s\u1ea3n ph\u1ea9m hi\u1ec7u qu\u1ea3 m\u00e0 kh\u00f4ng g\u00e2y k\u00edch \u1ee9ng da, kh\u00f4ng \u1ea3nh h\u01b0\u1edfng \u0111\u1ebfn s\u1ee9c kho\u1ebb.<\/p>\n<p><strong>Serum s\u1eed d\u1ee5ng m\u00f9i h\u01b0\u01a1ng t\u1ef1 nhi\u00ean t\u1eeb tinh d\u1ea7u<\/strong><\/p>\n<p>Tinh d\u1ea7u Vani v\u00e0 Hoa sen tr\u1eafng c\u00f3 h\u01b0\u01a1ng th\u01a1m th\u01b0 gi\u00e3n, d\u1ecbu d\u00e0ng v\u1edbi da.<\/p>\n<p><strong>5. CAM K\u1ebeT C\u1ee6A NH\u00c3N H\u00c0NG<\/strong><\/p>\n<p><em>B\u1ea3ng th\u00e0nh ph\u1ea7n \u201cXanh\u201d l\u00e0nh t\u00ednh theo ti\u00eau chu\u1ea9n EWG<\/em><\/p>\n<p><em><img decoding=\"async\" src=\"https:\/\/d3bpb7mvrje809.cloudfront.net\/1697176527604.jpg\" \/><\/em><\/p>\n<p><strong>B\u1ea2NG TH\u00c0NH PH\u1ea6N XANH<\/strong><\/p>\n<p><img decoding=\"async\" src=\"https:\/\/d3bpb7mvrje809.cloudfront.net\/1698219303890.jpg\" \/><\/p>\n<p><strong>KH\u00d4NG CH\u1ee8A<\/strong><\/p>\n<p>\u2022 D\u1ea7u kho\u00e1ng H\u01b0\u01a1ng li\u1ec7u t\u1ed1ng h\u1ee3p Ch\u1ea5t t\u1ea1o m\u00e0u ho\u00e1 h\u1ecdc<br \/>\n\u2022 Nguy\u00ean li\u1ec7u c\u00f3 ngu\u1ed3n g\u1ed1c t\u1eeb \u0111\u1ed9ng v\u1eadt<br \/>\n\u2022 Ch\u1ea5t l\u00e0m s\u1ea1ch g\u1ed1c Sulfates: SLS, SLES<br \/>\n\u2022 MEA\/DEA\/TEA<br \/>\n\u2022 Phthalates<br \/>\n\u2022 Ch\u1ea5t b\u1ea3o qu\u1ea3n t\u1ed5ng h\u1ee3p (Paraben, Phenoxyethanol\u2026)<br \/>\n\u2022 Kh\u00f4ng ch\u1ee9a c\u1ed3n<br \/>\n\u2022 Silicone<br \/>\n\u2022 S\u1eed d\u1ee5ng c\u00e1c ch\u1ea5t t\u1ea1o \u0111\u1eb7c\/nh\u0169 ho\u00e1 t\u1ed5ng h\u1ee3p (Carbomer, Polymer, Glyceryl Stearate, Cetearyl Alcohol)<br \/>\n\u2022 EDTA<\/p>\n<p><strong>6. H\u01af\u1edaNG D\u1eaaN S\u1eec D\u1ee4NG<\/strong><\/p>\n<p>\u2022 L\u00e0m s\u1ea1ch c\u01a1 th\u1ec3 b\u1eb1ng c\u00e1c s\u1ea3n ph\u1ea9m ph\u00f9 h\u1ee3p.<br \/>\n\u2022 L\u1ea5y m\u1ed9t l\u01b0\u1ee3ng Tinh Ch\u1ea5t D\u01b0\u1ee1ng Da C\u01a1 Th\u1ec3 L\u00e0m S\u00e1ng \u0110\u1ec1u M\u00e0u Da v\u1eeba \u0111\u1ee7 thoa \u0111\u1ec1u, v\u1ed7 nh\u1eb9 cho \u0111\u1ebfn khi th\u1ea5m ho\u00e0n to\u00e0n.<br \/>\n\u2022 N\u00ean s\u1eed d\u1ee5ng th\u00eam Kem D\u01b0\u1ee1ng N\u00e2ng T\u00f4ng L\u00e0m S\u00e1ng \u0110\u1ec1u M\u00e0u Da sau khi s\u1eed d\u1ee5ng Tinh Ch\u1ea5t D\u01b0\u1ee1ng Da C\u01a1 Th\u1ec3 L\u00e0m S\u00e1ng \u0110\u1ec1u M\u00e0u Da \u0111\u1ec3 \u0111\u1ea1t hi\u1ec7u qu\u1ea3 l\u00e0m s\u00e1ng da t\u1ed1t nh\u1ea5t.<\/p>\n<p><strong>7. B\u1ea2O QU\u1ea2N<\/strong><\/p>\n<p>B\u1ea3o qu\u1ea3n n\u01a1i kh\u00f4 r\u00e1o, tho\u00e1ng m\u00e1t, tr\u00e1nh xa t\u1ea7m tay tr\u1ebb em.<\/p>\n<p><strong>8<\/strong><strong>. H\u1ea0N S\u1eec D\u1ee4NG<\/strong><\/p>\n<p>\u2022 18 th\u00e1ng k\u1ec3 t\u1eeb ng\u00e0y s\u1ea3n xu\u1ea5t.<br \/>\n\u2022 08 th\u00e1ng k\u1ec3 t\u1eeb khi m\u1edf n\u1eafp.<\/p>\n","protected":false},"excerpt":{"rendered":"<p><strong>C\u00d4NG D\u1ee4NG:<\/strong><\/p>\n<p>\u2022 L\u00e0m s\u00e1ng da hi\u1ec7u qu\u1ea3 trong 14 ng\u00e0y v\u1edbi b\u1ed9 5 ho\u1ea1t ch\u1ea5t s\u00e1ng da \u0111a c\u01a1 ch\u1ebf.<br \/>\n\u2022 Kh\u00f4ng g\u00e2y bong tr\u00f3c, m\u1ecfng da, kh\u00f4ng t\u1ed5n th\u01b0\u01a1ng h\u00e0ng r\u00e0o b\u1ea3o v\u1ec7 da.<br \/>\n\u2022 D\u01b0\u1ee1ng \u1ea9m, l\u00e0m d\u1ecbu v\u00e0 nu\u00f4i d\u01b0\u1ee1ng l\u00e0n da kho\u1ebb m\u1ea1nh.<\/p>\n<p><strong>\u0110\u1eb6C \u0110I\u1ec2M S\u1ea2N PH\u1ea8M<\/strong><\/p>\n<p>\u2022 Th\u00edch h\u1ee3p v\u1edbi m\u1ecdi lo\u1ea1i da, \u0111\u1eb7c bi\u1ec7t v\u1edbi l\u00e0n da kh\u00f4ng \u0111\u1ec1u m\u00e0u, th\u00e2m, n\u00e1m ho\u1eb7c l\u00e0n da s\u1eadm m\u00e0u.<br \/>\n\u2022 Th\u1ec3 ch\u1ea5t serum m\u1ecfng nh\u1eb9, d\u1ec5 d\u00e0ng th\u1ea9m th\u1ea5u, kh\u00f4ng nh\u1eddn r\u00edt sau khi b\u00f4i.<br \/>\n\u2022 Nguy\u00ean li\u1ec7u thi\u00ean nhi\u00ean an to\u00e0n, th\u00e2n thi\u1ec7n v\u1edbi da, kh\u00f4ng g\u00e2y b\u00edt t\u1eafc l\u1ed7 ch\u00e2n l\u00f4ng.<br \/>\n\u2022 An to\u00e0n cho m\u1eb9 b\u1ea7u, cho con b\u00fa v\u00e0 tr\u1ebb d\u1eady th\u00ec.<\/p>\n","protected":false},"featured_media":776,"comment_status":"open","ping_status":"closed","template":"","meta":{"site-sidebar-layout":"default","site-content-layout":"","ast-site-content-layout":"default","site-content-style":"default","site-sidebar-style":"default","ast-global-header-display":"","ast-banner-title-visibility":"","ast-main-header-display":"","ast-hfb-above-header-display":"","ast-hfb-below-header-display":"","ast-hfb-mobile-header-display":"","site-post-title":"","ast-breadcrumbs-content":"","ast-featured-img":"","footer-sml-layout":"","theme-transparent-header-meta":"default","adv-header-id-meta":"","stick-header-meta":"","header-above-stick-meta":"","header-main-stick-meta":"","header-below-stick-meta":"","astra-migrate-meta-layouts":"set","ast-page-background-enabled":"default","ast-page-background-meta":{"desktop":{"background-color":"var(--ast-global-color-5)","background-image":"","background-repeat":"repeat","background-position":"center center","background-size":"auto","background-attachment":"scroll","background-type":"","background-media":"","overlay-type":"","overlay-color":"","overlay-opacity":"","overlay-gradient":""},"tablet":{"background-color":"","background-image":"","background-repeat":"repeat","background-position":"center center","background-size":"auto","background-attachment":"scroll","background-type":"","background-media":"","overlay-type":"","overlay-color":"","overlay-opacity":"","overlay-gradient":""},"mobile":{"background-color":"","background-image":"","background-repeat":"repeat","background-position":"center center","background-size":"auto","background-attachment":"scroll","background-type":"","background-media":"","overlay-type":"","overlay-color":"","overlay-opacity":"","overlay-gradient":""}},"ast-content-background-meta":{"desktop":{"background-color":"var(--ast-global-color-4)","background-image":"","background-repeat":"repeat","background-position":"center center","background-size":"auto","background-attachment":"scroll","background-type":"","background-media":"","overlay-type":"","overlay-color":"","overlay-opacity":"","overlay-gradient":""},"tablet":{"background-color":"var(--ast-global-color-4)","background-image":"","background-repeat":"repeat","background-position":"center center","background-size":"auto","background-attachment":"scroll","background-type":"","background-media":"","overlay-type":"","overlay-color":"","overlay-opacity":"","overlay-gradient":""},"mobile":{"background-color":"var(--ast-global-color-4)","background-image":"","background-repeat":"repeat","background-position":"center center","background-size":"auto","background-attachment":"scroll","background-type":"","background-media":"","overlay-type":"","overlay-color":"","overlay-opacity":"","overlay-gradient":""}}},"product_brand":[23],"product_cat":[18,17,21],"product_tag":[],"class_list":{"0":"post-636","1":"product","2":"type-product","3":"status-publish","4":"has-post-thumbnail","6":"product_brand-skinsolve","7":"product_cat-cham-soc-da-mat","8":"product_cat-my-pham","9":"product_cat-skinsolve","10":"desktop-align-left","11":"tablet-align-left","12":"mobile-align-left","14":"first","15":"instock","16":"taxable","17":"shipping-taxable","18":"purchasable","19":"product-type-simple"},"_links":{"self":[{"href":"https:\/\/omewa.online\/index.php\/wp-json\/wp\/v2\/product\/636","targetHints":{"allow":["GET"]}}],"collection":[{"href":"https:\/\/omewa.online\/index.php\/wp-json\/wp\/v2\/product"}],"about":[{"href":"https:\/\/omewa.online\/index.php\/wp-json\/wp\/v2\/types\/product"}],"replies":[{"embeddable":true,"href":"https:\/\/omewa.online\/index.php\/wp-json\/wp\/v2\/comments?post=636"}],"wp:featuredmedia":[{"embeddable":true,"href":"https:\/\/omewa.online\/index.php\/wp-json\/wp\/v2\/media\/776"}],"wp:attachment":[{"href":"https:\/\/omewa.online\/index.php\/wp-json\/wp\/v2\/media?parent=636"}],"wp:term":[{"taxonomy":"product_brand","embeddable":true,"href":"https:\/\/omewa.online\/index.php\/wp-json\/wp\/v2\/product_brand?post=636"},{"taxonomy":"product_cat","embeddable":true,"href":"https:\/\/omewa.online\/index.php\/wp-json\/wp\/v2\/product_cat?post=636"},{"taxonomy":"product_tag","embeddable":true,"href":"https:\/\/omewa.online\/index.php\/wp-json\/wp\/v2\/product_tag?post=636"}],"curies":[{"name":"wp","href":"https:\/\/api.w.org\/{rel}","templated":true}]}}