{"id":635,"date":"2025-11-01T18:12:12","date_gmt":"2025-11-01T18:12:12","guid":{"rendered":"https:\/\/omewa.online\/?post_type=product&#038;p=635"},"modified":"2026-03-19T14:18:17","modified_gmt":"2026-03-19T14:18:17","slug":"sua-tam-giam-viem-tu-tram-tra-nghe-300ml-multi-purpore-caring-body-shower","status":"publish","type":"product","link":"https:\/\/omewa.online\/index.php\/product\/sua-tam-giam-viem-tu-tram-tra-nghe-300ml-multi-purpore-caring-body-shower\/","title":{"rendered":"S\u1eefa t\u1eafm gi\u1ea3m vi\u00eam t\u1eeb Tr\u00e0m Tr\u00e0 &#038; Ngh\u1ec7 300ml \/ Multi &#8211; Purpore Caring Body Shower"},"content":{"rendered":"<p>Multi &#8211; Purpore Caring Body Shower 300ml<\/p>\n<p><strong>1. C\u00d4NG D\u1ee4NG<\/strong><\/p>\n<p>\u2022\u00a0L\u00e0m s\u1ea1ch c\u01a1 th\u1ec3 hi\u1ec7u qu\u1ea3 m\u00e0 v\u1eabn d\u1ecbu nh\u1eb9 cho da.<br \/>\n\u2022 H\u1ed7 tr\u1ee3 kh\u00e1ng vi\u00eam, ng\u1eeba m\u1ee5n l\u01b0ng &amp; c\u01a1 th\u1ec3, h\u1ea1n ch\u1ebf t\u00ecnh tr\u1ea1ng vi\u00eam nang l\u00f4ng &amp; ch\u00e2m ng\u1ee9a.<br \/>\n\u2022 H\u1ed7 tr\u1ee3 l\u00e0m gi\u1ea3m c\u00e1c v\u1ebft th\u00e2m tr\u00ean c\u01a1 th\u1ec3.<br \/>\n\u2022 L\u00e0m \u1ea5m c\u01a1 th\u1ec3 cho m\u1eb9 &amp; b\u00e9 trong l\u00fac t\u1eafm, h\u1ea1n ch\u1ebf c\u1ea3m l\u1ea1nh.<\/p>\n<p><strong>2. \u0110\u1eb6C \u0110I\u1ec2M S\u1ea2N PH\u1ea8M<\/strong><\/p>\n<p>\u2022\u00a0Ph\u00f9 h\u1ee3p cho m\u1ecdi lo\u1ea1i da, ngay c\u1ea3 l\u00e0n da nh\u1ea1y c\u00e1m.<br \/>\n\u2022 N\u00ean d\u00f9ng cho ng\u01b0\u1eddi t\u1eeb 6 th\u00e1ng tu\u1ed5i tr\u1edf l\u00ean.<br \/>\n\u2022 Nguy\u00ean li\u1ec7u thi\u00ean nhi\u00ean an to\u00e0n, th\u00e2n thi\u1ec7n v\u1edbi da, kh\u00f4ng g\u00e2y b\u00edt t\u1eafc l\u1ed7 ch\u00e2n l\u00f4ng.<br \/>\n\u2022 An to\u00e0n cho m\u1eb9 b\u1ea7u, cho con b\u00fa v\u00e0 tr\u1ebb d\u1eady th\u00ec.<\/p>\n<p><strong>3. TH\u00c0NH PH\u1ea6N \u0110\u1ea6Y \u0110\u1ee6<\/strong><\/p>\n<p>Aqua,\u00a0<strong>Cocamidopropyl Betaine, Sodium Methyl Cocoyl Taurate<\/strong>, Decyl Gluco- side, Glycerin, Xanthan Gum,\u00a0<strong>Melaleuca Alternifolia (Tea Tree) Leaf Oil, Melaleuca Leucadendron Cajaput Oil, Eucalyptus Globulus Leaf Oil<\/strong>, Caprylic\/Capric Triglyceride, Hydroge- nated Lecithin,\u00a0<strong>Curcuma Longa (Turmer- ic) Root Extract<\/strong>, Phenethyl Alcohol, Caprylhydroxamic Acid, Citric<\/p>\n<p><strong>4. TH\u00c0NH PH\u1ea6N CH\u00cdNH<\/strong><\/p>\n<p><strong>Ch\u1ea5t l\u00e0m s\u1ea1ch<\/strong><\/p>\n<p>\ud83c\udf3f\u00a0<em>Disodium Cocoamphodiacetate<\/em><\/p>\n<p>Cocamidopropyl Betaine c\u00f3 ngu\u1ed3n g\u1ed1c t\u1eeb d\u1eeba, gi\u00fap lo\u1ea1i s\u1ea1ch c\u00e1c ch\u1ea5t b\u1ea9n tr\u00ean da m\u1ed9t c\u00e1ch nh\u1eb9 nh\u00e0ng v\u00e0 kh\u00f4ng g\u00e2y kh\u00f4 da, kh\u00f4ng t\u1ed5n th\u01b0\u01a1ng m\u00e0ng Lipid c\u1ee7a da.<\/p>\n<p>\ud83c\udf3f\u00a0<em>Lauryl Glucoside<\/em><\/p>\n<p>Lauryl Glucoside l\u00e0 ch\u1ea5t ho\u1ea1t \u0111\u1ed9ng b\u1ec1 m\u1eb7t c\u00f3 ngu\u1ed3n g\u1ed1c t\u1eeb b\u1eafp ho\u1eb7c d\u1eeba, l\u00e0 ch\u1ea5t t\u1ea1o b\u1ecdt d\u1ecbu nh\u1eb9 n\u00ean th\u01b0\u1eddng \u0111\u01b0\u1ee3c d\u00f9ng cho c\u00e1c s\u1ea3n ph\u1ea9m d\u00e0nh cho tr\u1ebb em ho\u1eb7c da nh\u1ea1y c\u1ea3m.<\/p>\n<p><strong>Ch\u1ed1ng khu\u1ea9n, gi\u1ea3m\u00a0vi\u00eam, ch\u1ed1ng n\u1ea5m<\/strong><\/p>\n<p>\ud83c\udf3f\u00a0<em>Chi\u1ebft xu\u1ea5t Ngh\u1ec7\u00a0(Curcuma Longa (Turmeric) Root Extract)<\/em><\/p>\n<p>\u2022 Curcumin\u00a0trong ngh\u1ec7\u00a0t\u00ednh ch\u1ea5t ch\u1ed1ng \u00f4 nhi\u1ec5m v\u00e0 ch\u1ed1ng t\u00e1c \u0111\u1ed9ng c\u1ee7a c\u00e1c g\u1ed1c t\u1ef1 do, gi\u00fap b\u1ea3o v\u1ec7 da kh\u1ecfi t\u00e1c \u0111\u1ed9ng ti\u00eau c\u1ef1c t\u1eeb m\u00f4i tr\u01b0\u1eddng.<br \/>\n\u2022 T\u00ednh ch\u1ea5t ch\u1ed1ng vi\u00eam c\u1ee7a ngh\u1ec7 c\u00f3 th\u1ec3 gi\u00fap gi\u1ea3m s\u01b0ng, \u0111au v\u00e0 k\u00edch \u1ee9ng tr\u00ean da, l\u00e0m d\u1ecbu da v\u00e0 gi\u00fap da tr\u1edf n\u00ean d\u1ec5 ch\u1ecbu h\u01a1n.<br \/>\n\u2022 Ngh\u1ec7 c\u00f3 kh\u1ea3 n\u0103ng l\u00e0m s\u00e1ng da v\u00e0 gi\u00fap \u0111\u1ec1u m\u00e0u l\u00e0n da. \u0110i\u1ec1u n\u00e0y c\u00f3 th\u1ec3 gi\u00fap gi\u1ea3m t\u00ecnh tr\u1ea1ng da t\u1ed1i m\u00e0u v\u00e0 n\u00e1m da.<\/p>\n<p>\ud83c\udf3f\u00a0<em>Chi\u1ebft xu\u1ea5t Tr\u00e0m tr\u00e0 (Melaleuca Leucadendron Cajaput Oil)<\/em><\/p>\n<p>\u2022 Tr\u00e0m tr\u00e0 l\u00e0m s\u1ea1ch s\u00e2u l\u1ed7 ch\u00e2n l\u00f4ng, ki\u1ec3m so\u00e1t s\u1ef1 s\u1ea3n xu\u1ea5t d\u1ea7u tr\u00ean da gi\u00fap h\u1ea1n ch\u1ebf\u00a0vi khu\u1ea9n, b\u1ee5i b\u1ea9n\u00a0t\u00edch t\u1ee5 tr\u00ean da.<br \/>\n\u2022 Tr\u00e0m tr\u00e0\u00a0c\u00f3 kh\u1ea3 n\u0103ng ch\u1ed1ng khu\u1ea9n v\u00e0 ch\u1ed1ng vi\u00eam, ch\u1ed1ng n\u1ea5m;\u00a0ng\u0103n ch\u1eb7n s\u1ef1 ph\u00e1t tri\u1ec3n c\u1ee7a vi khu\u1ea9n tr\u00ean da gi\u00fap ki\u1ec3m so\u00e1t m\u1ee5n v\u00e0 c\u00e1c v\u1ea5n \u0111\u1ec1 da li\u1ec5u kh\u00e1c.<\/p>\n<p>\ud83c\udf3f\u00a0<em>Chi\u1ebft xu\u1ea5t Tr\u00e0 v\u00e0 B\u1ea1ch \u0111\u00e0n\u00a0<\/em><\/p>\n<p>\u2022 Gi\u00fap l\u00e0m s\u1ea1ch v\u00e0 b\u1ea3o v\u1ec7 da kh\u1ecfi c\u00e1c t\u00e1c nh\u00e2n g\u00e2y nhi\u1ec5m tr\u00f9ng nh\u1edd kh\u1ea3 n\u0103ng\u00a0ch\u1eb7n s\u1ef1 ph\u00e1t tri\u1ec3n c\u1ee7a vi khu\u1ea9n v\u00e0 vi\u00eam nhi\u1ec5m, n\u1ea5m.<br \/>\n\u2022\u00a0<em>Tea Tree Oil c\u00f3 t\u00ednh ch\u1ea5t l\u00e0m d\u1ecbu, gi\u00fap gi\u1ea3m ng\u1ee9a v\u00e0 k\u00edch \u1ee9ng tr\u00ean da,\u00a0th\u00edch h\u1ee3p cho nh\u1eefng ng\u01b0\u1eddi c\u00f3 l\u00e0n da nh\u1ea1y c\u1ea3m ho\u1eb7c b\u1ecb k\u00edch \u1ee9ng<\/em><\/p>\n<p><strong>S\u1eefa t\u1eafm\u00a0s\u1eed d\u1ee5ng h\u1ec7 b\u1ea3o qu\u1ea3n t\u1ef1 nhi\u00ean\u00a0<\/strong><\/p>\n<p>\u2022 Phenethyl Alcohol \u2013 Chi\u1ebft xu\u1ea5t t\u1eeb Hoa h\u1ed3ng v\u00e0 Hoa C\u1ea9m Ch\u01b0\u1edbng.<br \/>\n\u2022 Caprylhydroxamic Acid \u2013 Chi\u1ebft xu\u1ea5t t\u1eeb d\u1eeba.<br \/>\n\u2022 Gi\u00fap b\u1ea3o qu\u1ea3n s\u1ea3n ph\u1ea9m hi\u1ec7u qu\u1ea3 m\u00e0 kh\u00f4ng g\u00e2y k\u00edch \u1ee9ng da, kh\u00f4ng \u1ea3nh h\u01b0\u1edfng \u0111\u1ebfn s\u1ee9c kho\u1ebb.<\/p>\n<p><strong>S\u1eefa t\u1eafm\u00a0s\u1eed d\u1ee5ng m\u00f9i h\u01b0\u01a1ng t\u1ef1 nhi\u00ean t\u1eeb tinh d\u1ea7u<\/strong><\/p>\n<p>Tea Tree Oil mang l\u1ea1i m\u00f9i th\u01a1m t\u1ef1 nhi\u00ean, tinh t\u1ebf v\u00e0 th\u01b0\u1eddng \u0111\u01b0\u1ee3c \u0111\u00e1nh gi\u00e1 cao trong vi\u1ec7c t\u1ea1o m\u00f9i h\u01b0\u01a1ng d\u1ec5 ch\u1ecbu cho s\u1ea3n ph\u1ea9m ch\u0103m s\u00f3c da.<\/p>\n<p>5. CAM K\u1ebeT C\u1ee6A NH\u00c3N H\u00c0NG<\/p>\n<p>B\u1ea3ng th\u00e0nh ph\u1ea7n \u201cXanh\u201d l\u00e0nh t\u00ednh theo ti\u00eau chu\u1ea9n EWG<\/p>\n<p><img decoding=\"async\" src=\"https:\/\/file.hstatic.net\/200000834019\/file\/screenshot__108__5aff596279a64b178eb49c75292e7a25_grande.png\" \/><\/p>\n<p><strong>B\u1ea2NG TH\u00c0NH PH\u1ea6N XANH<\/strong><\/p>\n<p><strong>KH\u00d4NG CH\u1ee8A<\/strong><\/p>\n<p>\u2022 D\u1ea7u kho\u00e1ng H\u01b0\u01a1ng li\u1ec7u t\u1ed1ng h\u1ee3p Ch\u1ea5t t\u1ea1o m\u00e0u ho\u00e1 h\u1ecdc.<br \/>\n\u2022 Nguy\u00ean li\u1ec7u c\u00f3 ngu\u1ed3n g\u1ed1c t\u1eeb \u0111\u1ed9ng v\u1eadt.<br \/>\n\u2022 Ch\u1ea5t l\u00e0m s\u1ea1ch g\u1ed1c Sulfates: SLS, SLES.<br \/>\n\u2022 MEA\/DEA\/TEA<br \/>\n\u2022 Phthalates<br \/>\n\u2022 Ch\u1ea5t b\u1ea3o qu\u1ea3n t\u1ed5ng h\u1ee3p (Paraben, Phenoxyethanol\u2026)<br \/>\n\u2022 Kh\u00f4ng ch\u1ee9a c\u1ed3n<br \/>\n\u2022 Silicone<br \/>\n\u2022 S\u1eed d\u1ee5ng c\u00e1c ch\u1ea5t t\u1ea1o \u0111\u1eb7c\/nh\u0169 ho\u00e1 t\u1ed5ng h\u1ee3p (Carbomer, Polymer, Glyceryl Stearate, Cetearyl Alcohol)<br \/>\n\u2022 EDTA<\/p>\n<p><strong>6. H\u01af\u1edaNG D\u1eaaN S\u1eec D\u1ee4NG<\/strong><\/p>\n<p>\u2022 L\u00e0m \u01b0\u1edbt c\u01a1 th\u1ec3 v\u1edbi n\u01b0\u1edbc.<br \/>\n\u2022 D\u00f9ng l\u01b0\u1ee3ng s\u1eefa t\u1eafm v\u1eeba \u0111\u1ee7 v\u00e0o b\u00f4ng t\u1eafm, v\u1eadt hay x\u01a1 m\u01b0\u1edbp \u0111ang \u01b0\u1edbt v\u00e0 nh\u1eb9 nh\u00e0ng t\u1ea1o b\u1ecdt.<br \/>\n\u2022 Ch\u00e0 x\u00e1t l\u00e0m s\u1ea1ch c\u01a1 th\u1ec3 v\u1edbi \u0111\u1ed9ng t\u00e1c xoay v\u00f2ng.<br \/>\n\u2022 L\u00e0m s\u1ea1ch v\u1edbi n\u01b0\u1edbc v\u00e0 lau kh\u00f4 c\u01a1 th\u1ec3.<br \/>\n\u2022 N\u00ean d\u01b0\u1ee1ng da sau t\u1eafm c\u00f9ng Skinsolve Body Serum \u0111\u1ec3 duy tr\u00ec l\u00e0n da kh\u1ecfe m\u1ea1nh, m\u1ec1m m\u1ea1i v\u00e0 s\u00e1ng \u0111\u1eb9p.<\/p>\n<p><strong>7. B\u1ea2O QU\u1ea2N<\/strong><\/p>\n<p>B\u1ea3o qu\u1ea3n n\u01a1i kh\u00f4 r\u00e1o, tho\u00e1ng m\u00e1t, tr\u00e1nh xa t\u1ea7m tay tr\u1ebb em.<\/p>\n<p><strong>8. H\u1ea0N S\u1eec D\u1ee4NG<\/strong><\/p>\n<p>\u2022 18 th\u00e1ng k\u1ec3 t\u1eeb ng\u00e0y s\u1ea3n xu\u1ea5t.<br \/>\n\u2022 06 th\u00e1ng k\u1ec3 t\u1eeb khi m\u1edf n\u1eafp.<\/p>\n","protected":false},"excerpt":{"rendered":"<p><strong>1. C\u00d4NG D\u1ee4NG<\/strong><\/p>\n<p>\u2022\u00a0L\u00e0m s\u1ea1ch c\u01a1 th\u1ec3 hi\u1ec7u qu\u1ea3 m\u00e0 v\u1eabn d\u1ecbu nh\u1eb9 cho da.<br \/>\n\u2022 H\u1ed7 tr\u1ee3 kh\u00e1ng vi\u00eam, ng\u1eeba m\u1ee5n l\u01b0ng &amp; c\u01a1 th\u1ec3, h\u1ea1n ch\u1ebf t\u00ecnh tr\u1ea1ng vi\u00eam nang l\u00f4ng &amp; ch\u00e2m ng\u1ee9a.<br \/>\n\u2022 H\u1ed7 tr\u1ee3 l\u00e0m gi\u1ea3m c\u00e1c v\u1ebft th\u00e2m tr\u00ean c\u01a1 th\u1ec3.<br \/>\n\u2022 L\u00e0m \u1ea5m c\u01a1 th\u1ec3 cho m\u1eb9 &amp; b\u00e9 trong l\u00fac t\u1eafm, h\u1ea1n ch\u1ebf c\u1ea3m l\u1ea1nh.<\/p>\n<p><strong>2. \u0110\u1eb6C \u0110I\u1ec2M S\u1ea2N PH\u1ea8M<\/strong><\/p>\n<p>\u2022\u00a0Ph\u00f9 h\u1ee3p cho m\u1ecdi lo\u1ea1i da, ngay c\u1ea3 l\u00e0n da nh\u1ea1y c\u00e1m.<br \/>\n\u2022 N\u00ean d\u00f9ng cho ng\u01b0\u1eddi t\u1eeb 6 th\u00e1ng tu\u1ed5i tr\u1edf l\u00ean.<br \/>\n\u2022 Nguy\u00ean li\u1ec7u thi\u00ean nhi\u00ean an to\u00e0n, th\u00e2n thi\u1ec7n v\u1edbi da, kh\u00f4ng g\u00e2y b\u00edt t\u1eafc l\u1ed7 ch\u00e2n l\u00f4ng.<br \/>\n\u2022 An to\u00e0n cho m\u1eb9 b\u1ea7u, cho con b\u00fa v\u00e0 tr\u1ebb d\u1eady th\u00ec.<\/p>\n","protected":false},"featured_media":767,"comment_status":"open","ping_status":"closed","template":"","meta":{"site-sidebar-layout":"default","site-content-layout":"","ast-site-content-layout":"default","site-content-style":"default","site-sidebar-style":"default","ast-global-header-display":"","ast-banner-title-visibility":"","ast-main-header-display":"","ast-hfb-above-header-display":"","ast-hfb-below-header-display":"","ast-hfb-mobile-header-display":"","site-post-title":"","ast-breadcrumbs-content":"","ast-featured-img":"","footer-sml-layout":"","theme-transparent-header-meta":"default","adv-header-id-meta":"","stick-header-meta":"","header-above-stick-meta":"","header-main-stick-meta":"","header-below-stick-meta":"","astra-migrate-meta-layouts":"set","ast-page-background-enabled":"default","ast-page-background-meta":{"desktop":{"background-color":"var(--ast-global-color-5)","background-image":"","background-repeat":"repeat","background-position":"center center","background-size":"auto","background-attachment":"scroll","background-type":"","background-media":"","overlay-type":"","overlay-color":"","overlay-opacity":"","overlay-gradient":""},"tablet":{"background-color":"","background-image":"","background-repeat":"repeat","background-position":"center center","background-size":"auto","background-attachment":"scroll","background-type":"","background-media":"","overlay-type":"","overlay-color":"","overlay-opacity":"","overlay-gradient":""},"mobile":{"background-color":"","background-image":"","background-repeat":"repeat","background-position":"center center","background-size":"auto","background-attachment":"scroll","background-type":"","background-media":"","overlay-type":"","overlay-color":"","overlay-opacity":"","overlay-gradient":""}},"ast-content-background-meta":{"desktop":{"background-color":"var(--ast-global-color-4)","background-image":"","background-repeat":"repeat","background-position":"center center","background-size":"auto","background-attachment":"scroll","background-type":"","background-media":"","overlay-type":"","overlay-color":"","overlay-opacity":"","overlay-gradient":""},"tablet":{"background-color":"var(--ast-global-color-4)","background-image":"","background-repeat":"repeat","background-position":"center center","background-size":"auto","background-attachment":"scroll","background-type":"","background-media":"","overlay-type":"","overlay-color":"","overlay-opacity":"","overlay-gradient":""},"mobile":{"background-color":"var(--ast-global-color-4)","background-image":"","background-repeat":"repeat","background-position":"center center","background-size":"auto","background-attachment":"scroll","background-type":"","background-media":"","overlay-type":"","overlay-color":"","overlay-opacity":"","overlay-gradient":""}}},"product_brand":[23],"product_cat":[18,17,21],"product_tag":[],"class_list":{"0":"post-635","1":"product","2":"type-product","3":"status-publish","4":"has-post-thumbnail","6":"product_brand-skinsolve","7":"product_cat-cham-soc-da-mat","8":"product_cat-my-pham","9":"product_cat-skinsolve","10":"desktop-align-left","11":"tablet-align-left","12":"mobile-align-left","14":"first","15":"instock","16":"taxable","17":"shipping-taxable","18":"purchasable","19":"product-type-simple"},"_links":{"self":[{"href":"https:\/\/omewa.online\/index.php\/wp-json\/wp\/v2\/product\/635","targetHints":{"allow":["GET"]}}],"collection":[{"href":"https:\/\/omewa.online\/index.php\/wp-json\/wp\/v2\/product"}],"about":[{"href":"https:\/\/omewa.online\/index.php\/wp-json\/wp\/v2\/types\/product"}],"replies":[{"embeddable":true,"href":"https:\/\/omewa.online\/index.php\/wp-json\/wp\/v2\/comments?post=635"}],"wp:featuredmedia":[{"embeddable":true,"href":"https:\/\/omewa.online\/index.php\/wp-json\/wp\/v2\/media\/767"}],"wp:attachment":[{"href":"https:\/\/omewa.online\/index.php\/wp-json\/wp\/v2\/media?parent=635"}],"wp:term":[{"taxonomy":"product_brand","embeddable":true,"href":"https:\/\/omewa.online\/index.php\/wp-json\/wp\/v2\/product_brand?post=635"},{"taxonomy":"product_cat","embeddable":true,"href":"https:\/\/omewa.online\/index.php\/wp-json\/wp\/v2\/product_cat?post=635"},{"taxonomy":"product_tag","embeddable":true,"href":"https:\/\/omewa.online\/index.php\/wp-json\/wp\/v2\/product_tag?post=635"}],"curies":[{"name":"wp","href":"https:\/\/api.w.org\/{rel}","templated":true}]}}