{"id":634,"date":"2025-11-01T18:12:12","date_gmt":"2025-11-01T18:12:12","guid":{"rendered":"https:\/\/omewa.online\/?post_type=product&#038;p=634"},"modified":"2026-03-19T14:19:50","modified_gmt":"2026-03-19T14:19:50","slug":"muoi-tam-lam-sang-dieu-mau-da-250gr-melazero-shower-salt","status":"publish","type":"product","link":"https:\/\/omewa.online\/index.php\/product\/muoi-tam-lam-sang-dieu-mau-da-250gr-melazero-shower-salt\/","title":{"rendered":"Mu\u1ed1i t\u1eafm l\u00e0m s\u00e1ng \u0111i\u1ec1u m\u00e0u da 250gr &#8211; Melazero Shower Salt"},"content":{"rendered":"<p>Melazero Shower Salt<\/p>\n<p><strong>1. C\u00d4NG D\u1ee4NG<\/strong><\/p>\n<p>\u2022 L\u00e0m s\u1ea1ch s\u00e2u, t\u1ea9y t\u1ebf b\u00e0o ch\u1ebft gi\u00fap da th\u00f4ng tho\u00e1ng.<br \/>\n\u2022 Gi\u1ea3m t\u00ecnh tr\u1ea1ng b\u00edt t\u1eafc, vi\u00eam nang l\u00f4ng.<br \/>\n\u2022 D\u01b0\u1ee1ng \u1ea9m v\u00e0 l\u00e0m s\u00e1ng da.<br \/>\n\u2022 Gi\u00fap th\u1ea9m th\u1ea5u c\u00e1c s\u1ea3n ph\u1ea9m d\u01b0\u1ee1ng da t\u1ed1t h\u01a1n.<br \/>\n\u2022 L\u00e0m d\u1ecbu c\u01a1 b\u1eafp, gi\u1ea3m m\u1ec7t m\u1ecfi, gi\u00fap c\u01a1 th\u1ec3 th\u01b0 gi\u00e3n.<br \/>\n\u2022 K\u00edch th\u00edch tu\u1ea7n ho\u00e0n m\u00e1u, cung c\u1ea5p d\u01b0\u1ee1ng ch\u1ea5t cho c\u00e1c m\u00f4 v\u00e0 t\u0103ng c\u01b0\u1eddng qu\u00e1 tr\u00ecnh t\u00e1i t\u1ea1o t\u1ebf b\u00e0o.<\/p>\n<p><strong>2. \u0110\u1eb6C \u0110I\u1ec2M S\u1ea2N PH\u1ea8M<\/strong><\/p>\n<p>\u2022 Th\u00edch h\u1ee3p v\u1edbi m\u1ecdi lo\u1ea1i da, \u0111\u1eb7c bi\u1ec7t v\u1edbi l\u00e0n da s\u1ea7n s\u00f9i k\u00e9m m\u1ecbn m\u00e0ng.<br \/>\n\u2022 Ti\u1ec7n l\u1ee3i d\u1ec5 s\u1eed d\u1ee5ng, d\u1ec5 r\u1eeda s\u1ea1ch kh\u1ecfi da, kh\u00f4ng nh\u1eddn r\u00edt.<br \/>\n\u2022 Nguy\u00ean li\u1ec7u thi\u00ean nhi\u00ean an to\u00e0n, th\u00e2n thi\u1ec7n v\u1edbi da.<\/p>\n<p><strong>3. TH\u00c0NH PH\u1ea6N \u0110\u1ea6Y \u0110\u1ee6<\/strong><\/p>\n<p>Glycerin, Aqua, Cocamidopropyl Betaine, Himalayan Pink Salt, Glycyrrhiza Glabra (Licorice) Root Powder, Oryza Sativa (Rice) Bran Powder, Phenethyl Alcohol, Caprylhydroxamic Acid, Arisaema Amurense Extract (MELAZERO), Decyl Glucoside, 1,2-Hexanediol, Vanilla Planifolia Fruit Oil, Nelumbo Nucifera Flower Extract.<\/p>\n<p><strong>4. TH\u00c0NH PH\u1ea6N CH\u00cdNH<\/strong><\/p>\n<p><strong>L\u00e0m s\u1ea1ch da<\/strong><\/p>\n<p>\ud83d\udca7<em>\u00a0<\/em><em>Cocamidopropyl Betaine\u00a0<\/em><\/p>\n<p>\u2022 Cocamidopropyl Betaine c\u00f3 ngu\u1ed3n g\u1ed1c t\u1eeb d\u1eeba, nh\u1eb9 nh\u00e0ng lo\u1ea1i s\u1ea1ch c\u00e1c ch\u1ea5t b\u1ea9n, d\u1ea7u, b\u00e3 nh\u1eddn tr\u00ean da m\u00e0 kh\u00f4ng g\u00e2y kh\u00f4 da, kh\u00f4ng t\u1ed5n th\u01b0\u01a1ng m\u00e0ng lipid c\u1ee7a da.<br \/>\n\u2022 Cocamidopropyl Bentaine c\u00f3 c\u00f3 kh\u1ea3 n\u0103ng gi\u1ea3m k\u00edch \u1ee9ng, th\u00edch h\u1ee3p cho c\u1ea3 l\u00e0n da nh\u1ea1y c\u1ea3m, k\u00edch \u1ee9ng.<\/p>\n<p>\ud83d\udca7\u00a0<em>Mu\u1ed1i h\u1ed3ng Himalaya\u00a0<\/em><\/p>\n<p>\u2022 Mu\u1ed1i h\u1ed3ng Himalaya c\u00f3 kh\u1ea3 n\u0103ng l\u00e0m s\u1ea1ch da b\u1eb1ng c\u00e1ch lo\u1ea1i b\u1ecf d\u1ea7u, b\u00e3 nh\u1eddn, v\u00e0 t\u1ebf b\u00e0o da ch\u1ebft.<br \/>\n\u2022 Mu\u1ed1i h\u1ed3ng c\u00f3 ch\u1ee9a \u0111\u1ebfn 84\/92 lo\u1ea1i kho\u00e1ng ch\u1ea5t c\u1ea7n thi\u1ebft c\u00f3 trong c\u01a1 th\u1ec3 nh\u01b0 natri, k\u1ebdm, s\u1eaft, canxi, c\u00e1c lo\u1ea1i vitamin gi\u00fap thanh t\u1ea9y, l\u00e0m s\u1ea1ch s\u00e2u cho to\u00e0n c\u01a1 th\u1ec3.<br \/>\n\u2022 Mu\u1ed1i h\u1ed3ng c\u00f2n c\u00f3 t\u00e1c d\u1ee5ng kh\u00e1ng khu\u1ea9n, kh\u00e1ng vi\u00eam gi\u00fap h\u1ea1n ch\u1ebf b\u00edt t\u1eafc l\u1ed7 ch\u00e2n l\u00f4ng, h\u1ed7 tr\u1ee3 \u0111i\u1ec1u tr\u1ecb vi\u00eam nang l\u00f4ng, m\u1ee5n l\u01b0ng, m\u1ee5n c\u01a1 th\u1ec3 hi\u1ec7u qu\u1ea3.<br \/>\n\u2022 Mu\u1ed1i h\u1ed3ng Himalaya c\u00f3 th\u1ec3 k\u00edch th\u00edch qu\u00e1 tr\u00ecnh t\u00e1i t\u1ea1o t\u1ebf b\u00e0o, gi\u00fap da tr\u1edf n\u00ean tr\u1ebb trung v\u00e0 t\u01b0\u01a1i m\u1edbi h\u01a1n.<\/p>\n<p><strong>Th\u00e0nh ph\u1ea7n d\u01b0\u1ee1ng \u1ea9m, l\u00e0m s\u00e1ng da<\/strong><\/p>\n<p>\ud83d\udca7 Glycerin<\/p>\n<p>Glycerin l\u00e0 m\u1ed9t ch\u1ea5t d\u01b0\u1ee1ng \u1ea9m m\u1ea1nh m\u1ebd, c\u00f3 kh\u1ea3 n\u0103ng gi\u1eef n\u01b0\u1edbc cho da v\u00e0 ng\u0103n ch\u1eb7n s\u1ef1 m\u1ea5t n\u01b0\u1edbc, gi\u00fap da tr\u1edf n\u00ean m\u1ec1m m\u1ea1i v\u00e0 \u0111\u00e0n h\u1ed3i, l\u00e0m d\u1ecbu, gi\u00fap gi\u1ea3m k\u00edch \u1ee9ng v\u00e0 c\u0103ng tr\u01b0\u1edbc c\u00e1c \u0111i\u1ec1u ki\u1ec7n da kh\u1eafc nghi\u1ec7t.<\/p>\n<p>\ud83d\udca7\u00a0Chi\u1ebft xu\u1ea5t r\u1ec5 Cam th\u1ea3o (Glycyrrhiza Glabra (Licorice) Root Powder)<\/p>\n<p>\u2022 R\u1ec5 Cam th\u1ea3o c\u00f3 t\u00ednh ch\u1ea5t l\u00e0m d\u1ecbu v\u00e0 ch\u1ed1ng vi\u00eam, gi\u00fap gi\u1ea3m k\u00edch \u1ee9ng v\u00e0 \u0111\u1ecf da.<br \/>\n\u2022 Ngo\u00e0i ra, r\u1ec5 Cam th\u1ea3o c\u00f2n c\u00f3 kh\u1ea3 n\u0103ng l\u00e0m tr\u1eafng da v\u00e0 l\u00e0m gi\u1ea3m s\u1ef1 xu\u1ea5t hi\u1ec7n c\u1ee7a c\u00e1c \u0111\u1ed1m n\u00e2u hay v\u1ebft t\u00e0n nhang tr\u00ean da.<br \/>\n\u2022 N\u00f3 c\u00f3 kh\u1ea3 n\u0103ng ch\u1ed1ng vi khu\u1ea9n v\u00e0 ch\u1ed1ng vi\u00eam, gi\u00fap l\u00e0m s\u1ea1ch da v\u00e0 h\u1ed7 tr\u1ee3 trong vi\u1ec7c ki\u1ec3m so\u00e1t m\u1ee5n.<\/p>\n<p>\ud83d\udca7 Chi\u1ebft xu\u1ea5t C\u00e1m g\u1ea1o (Oryza Sativa (Rice) Bran Powder)<\/p>\n<p>\u2022 C\u00e1m g\u1ea1o ch\u1ee9a nhi\u1ec1u ch\u1ea5t ch\u1ed1ng oxy h\u00f3a, gi\u00fap b\u1ea3o v\u1ec7 da kh\u1ecfi t\u1ed5n th\u01b0\u01a1ng do t\u00e1c \u0111\u1ed9ng c\u1ee7a g\u1ed1c t\u1ef1 do.<br \/>\n\u2022 Ngo\u00e0i ra C\u00e1m g\u1ea1o c\u00f2n c\u00f3 kh\u1ea3 n\u0103ng gi\u1eef n\u01b0\u1edbc, gi\u00fap d\u01b0\u1ee1ng \u1ea9m cho da v\u00e0 l\u00e0m m\u1ec1m m\u1ea1i da, c\u00f3 th\u1ec3 gi\u00fap t\u00e1i t\u1ea1o t\u1ebf b\u00e0o, gi\u00fap da tr\u1edf n\u00ean tr\u1ebb trung v\u00e0 t\u01b0\u01a1i m\u1edbi.<\/p>\n<p><strong>Mu\u1ed1i t\u1eafm s\u1eed d\u1ee5ng h\u1ec7 b\u1ea3o qu\u1ea3n t\u1ef1 nhi\u00ean\u00a0<\/strong><\/p>\n<p>\u2022 Phenethyl Alcohol \u2013 Chi\u1ebft xu\u1ea5t t\u1eeb Hoa h\u1ed3ng v\u00e0 Hoa C\u1ea9m Ch\u01b0\u1edbng.<br \/>\n\u2022 Caprylhydroxamic Acid \u2013 Chi\u1ebft xu\u1ea5t t\u1eeb d\u1eeba.<br \/>\n\u2022 Gi\u00fap b\u1ea3o qu\u1ea3n s\u1ea3n ph\u1ea9m hi\u1ec7u qu\u1ea3 m\u00e0 kh\u00f4ng g\u00e2y k\u00edch \u1ee9ng da, kh\u00f4ng \u1ea3nh h\u01b0\u1edfng \u0111\u1ebfn s\u1ee9c kho\u1ebb.<\/p>\n<p><strong>5. CAM K\u1ebeT C\u1ee6A NH\u00c3N H\u00c0NG<\/strong><\/p>\n<p>B\u1ea3ng th\u00e0nh ph\u1ea7n \u201cXanh\u201d l\u00e0nh t\u00ednh theo ti\u00eau chu\u1ea9n EWG<\/p>\n<p>B\u1ea2NG TH\u00c0NH PH\u1ea6N XANH<\/p>\n<p><img decoding=\"async\" src=\"https:\/\/d3bpb7mvrje809.cloudfront.net\/1702731683142.jpg\" \/><\/p>\n<p><strong>KH\u00d4NG CH\u1ee8A<\/strong><\/p>\n<p>\u2022 D\u1ea7u kho\u00e1ng H\u01b0\u01a1ng li\u1ec7u t\u1ed1ng h\u1ee3p Ch\u1ea5t t\u1ea1o m\u00e0u ho\u00e1 h\u1ecdc<br \/>\n\u2022 Nguy\u00ean li\u1ec7u c\u00f3 ngu\u1ed3n g\u1ed1c t\u1eeb \u0111\u1ed9ng v\u1eadt<br \/>\n\u2022 Ch\u1ea5t l\u00e0m s\u1ea1ch g\u1ed1c Sulfates: SLS, SLES<br \/>\n\u2022 MEA\/DEA\/TEA<br \/>\n\u2022 Phthalates<br \/>\n\u2022 Ch\u1ea5t b\u1ea3o qu\u1ea3n t\u1ed5ng h\u1ee3p (Paraben, Phenoxyethanol\u2026)<br \/>\n\u2022 Kh\u00f4ng ch\u1ee9a c\u1ed3n<br \/>\n\u2022 Silicone<br \/>\n\u2022 S\u1eed d\u1ee5ng c\u00e1c ch\u1ea5t t\u1ea1o \u0111\u1eb7c\/nh\u0169 ho\u00e1 t\u1ed5ng h\u1ee3p (Carbomer, Polymer, Glyceryl Stearate, Cetearyl Alcohol)<br \/>\n\u2022 EDTA<\/p>\n<p><strong>6. H\u01af\u1edaNG D\u1eaaN S\u1eec D\u1ee4NG<\/strong><\/p>\n<p>\u2022 L\u00e0m \u01b0\u1edbt c\u01a1 th\u1ec3 v\u1edbi n\u01b0\u1edbc.<br \/>\n\u2022 L\u1ea5y m\u1ed9t l\u01b0\u1ee3ng v\u1eeba \u0111\u1ee7 massage nh\u1eb9 nh\u00e0ng 5-10 ph\u00fat r\u1ed3i r\u1eeda s\u1ea1ch l\u1ea1i v\u1edbi n\u01b0\u1edbc.<br \/>\n\u2022 Kh\u00f4ng c\u1ea7n t\u1eafm l\u1ea1i b\u1eb1ng s\u1eefa t\u1eafm.<br \/>\n\u2022 S\u1eed d\u1ee5ng 1 tu\u1ea7n 2-3 l\u1ea7n \u0111\u1ec3 \u0111\u1ea1t hi\u1ec7u qu\u1ea3 t\u1ed1t nh\u1ea5t.<\/p>\n<p><strong>7. CH\u00da \u00dd S\u1eec D\u1ee4NG<\/strong><\/p>\n<p>Tr\u00e1nh massage v\u00e0o nh\u1eefng v\u00f9ng da b\u1ecb tr\u1ea7y x\u01b0\u1edbc.<\/p>\n<p><strong>8. B\u1ea2O QU\u1ea2N<\/strong><\/p>\n<p>B\u1ea3o qu\u1ea3n n\u01a1i kh\u00f4 r\u00e1o, tho\u00e1ng m\u00e1t, tr\u00e1nh xa t\u1ea7m tay tr\u1ebb em.<\/p>\n<p><strong>9. H\u1ea0N S\u1eec D\u1ee4NG<\/strong><\/p>\n<p>\u2022 18 th\u00e1ng k\u1ec3 t\u1eeb ng\u00e0y s\u1ea3n xu\u1ea5t.<br \/>\n\u2022 08 th\u00e1ng k\u1ec3 t\u1eeb khi m\u1edf n\u1eafp.<\/p>\n","protected":false},"excerpt":{"rendered":"<p><strong>C\u00d4NG D\u1ee4NG<\/strong><\/p>\n<p>\u2022 L\u00e0m s\u1ea1ch s\u00e2u, t\u1ea9y t\u1ebf b\u00e0o ch\u1ebft gi\u00fap da th\u00f4ng tho\u00e1ng.<br \/>\n\u2022 Gi\u1ea3m t\u00ecnh tr\u1ea1ng b\u00edt t\u1eafc, vi\u00eam nang l\u00f4ng.<br \/>\n\u2022 D\u01b0\u1ee1ng \u1ea9m v\u00e0 l\u00e0m s\u00e1ng da.<br \/>\n\u2022 Gi\u00fap th\u1ea9m th\u1ea5u c\u00e1c s\u1ea3n ph\u1ea9m d\u01b0\u1ee1ng da t\u1ed1t h\u01a1n.<br \/>\n\u2022 L\u00e0m d\u1ecbu c\u01a1 b\u1eafp, gi\u1ea3m m\u1ec7t m\u1ecfi, gi\u00fap c\u01a1 th\u1ec3 th\u01b0 gi\u00e3n.<br \/>\n\u2022 K\u00edch th\u00edch tu\u1ea7n ho\u00e0n m\u00e1u, cung c\u1ea5p d\u01b0\u1ee1ng ch\u1ea5t cho c\u00e1c m\u00f4 v\u00e0 t\u0103ng c\u01b0\u1eddng qu\u00e1 tr\u00ecnh t\u00e1i t\u1ea1o t\u1ebf b\u00e0o.<\/p>\n<p><strong>\u0110\u1eb6C \u0110I\u1ec2M S\u1ea2N PH\u1ea8M<\/strong><\/p>\n<p>\u2022 Th\u00edch h\u1ee3p v\u1edbi m\u1ecdi lo\u1ea1i da, \u0111\u1eb7c bi\u1ec7t v\u1edbi l\u00e0n da s\u1ea7n s\u00f9i k\u00e9m m\u1ecbn m\u00e0ng.<br \/>\n\u2022 Ti\u1ec7n l\u1ee3i d\u1ec5 s\u1eed d\u1ee5ng, d\u1ec5 r\u1eeda s\u1ea1ch kh\u1ecfi da, kh\u00f4ng nh\u1eddn r\u00edt.<br \/>\n\u2022 Nguy\u00ean li\u1ec7u thi\u00ean nhi\u00ean an to\u00e0n, th\u00e2n thi\u1ec7n v\u1edbi da.<\/p>\n","protected":false},"featured_media":763,"comment_status":"open","ping_status":"closed","template":"","meta":{"site-sidebar-layout":"default","site-content-layout":"","ast-site-content-layout":"default","site-content-style":"default","site-sidebar-style":"default","ast-global-header-display":"","ast-banner-title-visibility":"","ast-main-header-display":"","ast-hfb-above-header-display":"","ast-hfb-below-header-display":"","ast-hfb-mobile-header-display":"","site-post-title":"","ast-breadcrumbs-content":"","ast-featured-img":"","footer-sml-layout":"","theme-transparent-header-meta":"default","adv-header-id-meta":"","stick-header-meta":"","header-above-stick-meta":"","header-main-stick-meta":"","header-below-stick-meta":"","astra-migrate-meta-layouts":"set","ast-page-background-enabled":"default","ast-page-background-meta":{"desktop":{"background-color":"var(--ast-global-color-5)","background-image":"","background-repeat":"repeat","background-position":"center center","background-size":"auto","background-attachment":"scroll","background-type":"","background-media":"","overlay-type":"","overlay-color":"","overlay-opacity":"","overlay-gradient":""},"tablet":{"background-color":"","background-image":"","background-repeat":"repeat","background-position":"center center","background-size":"auto","background-attachment":"scroll","background-type":"","background-media":"","overlay-type":"","overlay-color":"","overlay-opacity":"","overlay-gradient":""},"mobile":{"background-color":"","background-image":"","background-repeat":"repeat","background-position":"center center","background-size":"auto","background-attachment":"scroll","background-type":"","background-media":"","overlay-type":"","overlay-color":"","overlay-opacity":"","overlay-gradient":""}},"ast-content-background-meta":{"desktop":{"background-color":"var(--ast-global-color-4)","background-image":"","background-repeat":"repeat","background-position":"center center","background-size":"auto","background-attachment":"scroll","background-type":"","background-media":"","overlay-type":"","overlay-color":"","overlay-opacity":"","overlay-gradient":""},"tablet":{"background-color":"var(--ast-global-color-4)","background-image":"","background-repeat":"repeat","background-position":"center center","background-size":"auto","background-attachment":"scroll","background-type":"","background-media":"","overlay-type":"","overlay-color":"","overlay-opacity":"","overlay-gradient":""},"mobile":{"background-color":"var(--ast-global-color-4)","background-image":"","background-repeat":"repeat","background-position":"center center","background-size":"auto","background-attachment":"scroll","background-type":"","background-media":"","overlay-type":"","overlay-color":"","overlay-opacity":"","overlay-gradient":""}}},"product_brand":[23],"product_cat":[78,17,21],"product_tag":[],"class_list":{"0":"post-634","1":"product","2":"type-product","3":"status-publish","4":"has-post-thumbnail","6":"product_brand-skinsolve","7":"product_cat-cham-soc-da-toan-than","8":"product_cat-my-pham","9":"product_cat-skinsolve","10":"desktop-align-left","11":"tablet-align-left","12":"mobile-align-left","14":"first","15":"instock","16":"taxable","17":"shipping-taxable","18":"purchasable","19":"product-type-simple"},"_links":{"self":[{"href":"https:\/\/omewa.online\/index.php\/wp-json\/wp\/v2\/product\/634","targetHints":{"allow":["GET"]}}],"collection":[{"href":"https:\/\/omewa.online\/index.php\/wp-json\/wp\/v2\/product"}],"about":[{"href":"https:\/\/omewa.online\/index.php\/wp-json\/wp\/v2\/types\/product"}],"replies":[{"embeddable":true,"href":"https:\/\/omewa.online\/index.php\/wp-json\/wp\/v2\/comments?post=634"}],"wp:featuredmedia":[{"embeddable":true,"href":"https:\/\/omewa.online\/index.php\/wp-json\/wp\/v2\/media\/763"}],"wp:attachment":[{"href":"https:\/\/omewa.online\/index.php\/wp-json\/wp\/v2\/media?parent=634"}],"wp:term":[{"taxonomy":"product_brand","embeddable":true,"href":"https:\/\/omewa.online\/index.php\/wp-json\/wp\/v2\/product_brand?post=634"},{"taxonomy":"product_cat","embeddable":true,"href":"https:\/\/omewa.online\/index.php\/wp-json\/wp\/v2\/product_cat?post=634"},{"taxonomy":"product_tag","embeddable":true,"href":"https:\/\/omewa.online\/index.php\/wp-json\/wp\/v2\/product_tag?post=634"}],"curies":[{"name":"wp","href":"https:\/\/api.w.org\/{rel}","templated":true}]}}