{"id":575,"date":"2025-11-01T18:11:51","date_gmt":"2025-11-01T18:11:51","guid":{"rendered":"https:\/\/omewa.online\/?post_type=product&#038;p=575"},"modified":"2026-03-19T14:02:01","modified_gmt":"2026-03-19T14:02:01","slug":"tinh-chat-thanh-loc-va-tai-tao-da-tu-tao-lo-hoi-30ml-skin-renewing-serum-apple-aloe-vera","status":"publish","type":"product","link":"https:\/\/omewa.online\/index.php\/product\/tinh-chat-thanh-loc-va-tai-tao-da-tu-tao-lo-hoi-30ml-skin-renewing-serum-apple-aloe-vera\/","title":{"rendered":"Tinh ch\u1ea5t thanh l\u1ecdc v\u00e0 t\u00e1i t\u1ea1o da t\u1eeb T\u00e1o &#038; L\u00f4 H\u1ed9i 30ml &#8211; Skin Renewing Serum (Apple &#038; Aloe Vera)"},"content":{"rendered":"<div class=\"border-b border-secondary-light3 lg:border-0\" data-v-3a2e2332=\"\">\n<div data-v-36134904=\"\">\n<div id=\"96\" class=\"flex flex-col w-full h-full bg-opacity-25 lg:flex-row bg-secondary-light3\" data-v-475c5dca=\"\" data-v-3a2e2332=\"\">\n<div id=\"DepthDetail\" class=\"flex flex-col w-full px-2 py-3 lg:py-12 lg:w-1\/2 additional-information\" data-v-475c5dca=\"\">\n<div class=\"flex flex-col text-lg font-normal lg:text-3xl lg:leading-10 font-vollkorn text-primary-dark\" data-v-475c5dca=\"\">\n<div class=\"overflow-hidden overflow-ellipsis line-clamp-5 line-clamp-none\">\n<div><img decoding=\"async\" src=\"https:\/\/file.hstatic.net\/200000834019\/file\/tao_va_nha_dam_fc8519838b9e424caee6aa31b0fe8afc.jpg\" \/><\/div>\n<div class=\"contentinfotable2\">T\u1eeb th\u1eddi xa x\u01b0a, T\u00e1o v\u00e0 L\u00f4 H\u1ed9i \u0111\u00e3 \u0111\u01b0\u1ee3c s\u1eed d\u1ee5ng r\u1ed9ng r\u00e3i v\u1ec1 c\u00e1c c\u00f4ng d\u1ee5ng c\u1ee7a ch\u00fang trong vi\u1ec7c l\u00e0m th\u1ef1c ph\u1ea9m, ch\u1eefa b\u1ec7nh c\u0169ng nh\u01b0 ch\u0103m s\u00f3c da. C\u00e2y L\u00f4 H\u1ed9i \u0111\u01b0\u1ee3c \u00e1p d\u1ee5ng r\u1ed9ng r\u00e3i g\u1ea7n nh\u01b0 to\u00e0n th\u1ebf gi\u1edbi v\u1edbi c\u00e1c c\u00f4ng d\u1ee5ng th\u1ea7n k\u00ec nh\u01b0 h\u1ed7 tr\u1ee3 ti\u00eau h\u00f3a, gi\u1ea3m vi\u00eam, l\u00e0m d\u1ecbu da, t\u0103ng c\u01b0\u1eddng h\u1ec7 mi\u1ec5n d\u1ecbch, \u2026 Trong d\u01b0\u1ee1ng da, L\u00f4 H\u1ed9i c\u00f3 ch\u1ee9a h\u00e0ng lo\u1ea1t c\u00e1c ch\u1ea5t c\u00f3 t\u00e1c d\u1ee5ng gi\u1ea3m l\u00e3o h\u00f3a, d\u01b0\u1ee1ng \u1ea9m, t\u00e1i t\u1ea1o da. T\u00e1o th\u01b0\u1eddng \u0111\u01b0\u1ee3c bi\u1ebft \u0111\u1ebfn v\u1edbi t\u00e1c d\u1ee5ng b\u1ed5 sung c\u00e1c Vitamin gi\u00fap t\u0103ng c\u01b0\u1eddng s\u1ee9c \u0111\u1ec1 kh\u00e1ng, h\u1ed7 tr\u1ee3 gi\u1ea3m huy\u1ebft \u00e1p, \u2026 Trong l\u00e0m \u0111\u1eb9p, T\u00e1o ch\u1ee9a c\u00e1c ho\u1ea1t ch\u1ea5t c\u00f3 l\u1ee3i cho da nh\u01b0 Vitamin C, AHA, v\u00e0 c\u00e1c ch\u1ea5t ch\u1ed1ng oxy h\u00f3a kh\u00e1c, \u2026 gi\u00fap cung c\u1ea5p nhi\u1ec1u d\u01b0\u1ee1ng ch\u1ea5t c\u1ea7n thi\u1ebft cho da, h\u1ed7 tr\u1ee3 t\u00e1i t\u1ea1o gi\u00fap da m\u1ecbn m\u00e0ng v\u00e0 t\u01b0\u01a1i tr\u1ebb.<\/div>\n<\/div>\n<\/div>\n<p><span class=\"seemoredetail2 text-sm font-bold leading-7 underline cursor-pointer lg:text-base see-more font-nunito text-typo-heading\" data-v-475c5dca=\"\">Xem th\u00eam<\/span><\/p>\n<hr class=\"my-2 lg:my-3\" data-v-475c5dca=\"\" \/>\n<div class=\"flex flex-col lg:flex-row lg:0 flexbrhand\" data-v-475c5dca=\"\">\n<div class=\"flex colinfo2cot1 flex-col flex-1 text-sm font-normal lg:text-base text-typo-body font-nunito\" data-v-475c5dca=\"\">\n<p>C\u00f4ng d\u1ee5ng<\/p>\n<p>&nbsp;<\/p>\n<p>\u2713 Cung c\u1ea5p \u0111\u1ed9 \u1ea9m, gi\u1eef cho l\u1ed7 ch\u00e2n l\u00f4ng lu\u00f4n s\u1ea1ch tho\u00e1ng, h\u1ea1n ch\u1ebf sinh nh\u00e2n m\u1ee5n.<\/p>\n<p>\u2713\u00a0Lo\u1ea1i b\u1ecf l\u1edbp s\u1eebng gi\u00e0 c\u1ed7i, cung c\u1ea5p d\u01b0\u1ee1ng ch\u1ea5t \u0111\u1ec3 t\u00e1i t\u1ea1o l\u00e0n da t\u01b0\u01a1i m\u1edbi, kh\u1ecfe m\u1ea1nh.<\/p>\n<p>\u2713\u00a0B\u1ea3o v\u1ec7 l\u1edbp m\u00e0ng b\u1ea3o v\u1ec7 t\u1ef1 nhi\u00ean, ch\u1ed1ng l\u1ea1i c\u00e1c t\u00e1c nh\u00e2n oxy h\u00f3a, t\u00e1c nh\u00e2n g\u00e2y h\u1ea1i.<\/p>\n<p>\u2713\u00a0H\u1ed7 tr\u1ee3 duy tr\u00ec \u0111\u1ed9 \u0111\u00e0n h\u1ed3i v\u00e0 tr\u1ebb h\u00f3a da.<\/p>\n<\/div>\n<div class=\"flex colinfo2cot2 flex-col flex-1 text-sm font-normal lg:text-base text-typo-body font-nunito mt-2 lg:mt-0 lg:ml-3\" data-v-475c5dca=\"\">\n<p>D\u00e0nh cho<\/p>\n<p>&nbsp;<\/p>\n<p>\u2713 Da d\u00e0y s\u1eebng<\/p>\n<p>\u2713 Da c\u00f3 nhi\u1ec1u d\u1ea7u th\u1eeba<\/p>\n<p>\u2713 Da th\u01b0\u1eddng xuy\u00ean ti\u1ebfp x\u00fac v\u1edbi m\u00f4i tr\u01b0\u1eddng b\u1ee5i b\u1ea9n ho\u1eb7c trang \u0111i\u1ec3m \u0111\u1eadm, &#8230;<\/p>\n<\/div>\n<\/div>\n<\/div>\n<\/div>\n<\/div>\n<\/div>\n<div id=\"product-components\" class=\"border-b border-secondary-light3 lg:border-0\" data-v-3a2e2332=\"\">\n<div data-v-36134904=\"\">\n<div id=\"96\" class=\"relative flex flex-col w-full lg:flex-row-reverse bg-primary-light\" data-v-23023fea=\"\" data-v-3a2e2332=\"\">\n<div class=\"w-full lg:w-1\/2 max-h-7221 imagecomponant\" data-v-23023fea=\"\"><img decoding=\"async\" class=\"object-cover w-full h-full transition-all duration-500 lazyLoad isLoaded\" src=\"https:\/\/file.hstatic.net\/200000834019\/file\/serum-tao_4da9c9e51398469886484eb146ce2ac5.jpg\" data-v-23023fea=\"\" \/><\/div>\n<div class=\"flex flex-col w-full px-2 pt-3 pb-8 lg:relative lg:w-1\/2 product-components lg:pt-5 lg:pb-3 2xl:pt-14 2xl:pb-9 overflow-y-auto\" data-v-23023fea=\"\">\n<div class=\"product-components__details\" data-v-23023fea=\"\">\n<div class=\"descriptionthanhphan\">\n<div class=\"renderdata\">\n<p>Th\u00e0nh ph\u1ea7n ch\u00ednh<\/p>\n<p>Gi\u1eef \u1ea9m, ch\u1ed1ng oxy h\u00f3a, l\u00e3o h\u00f3a<\/p>\n<p>&nbsp;<\/p>\n<p><strong>Acetyl Glucosamine<\/strong><\/p>\n<p>Acetyl Glucosamine (NAG) l\u00e0 ti\u1ec1n ch\u1ea5t c\u1ee7a HA, nh\u1edd v\u00e0o c\u1ea5u tr\u00fac nh\u1ecf n\u00ean d\u1ec5 d\u00e0ng th\u1ea9m th\u1ea5u v\u00e0o da, k\u00edch th\u00edch t\u1ed5ng h\u1ee3p HA, gi\u00fap s\u1eefa ch\u1eefa c\u00e1c t\u1ed5n th\u01b0\u01a1ng, gi\u00fap da h\u1ed3i ph\u1ee5c, kho\u1ebb m\u1ea1nh.<\/p>\n<p><strong>Chi\u1ebft xu\u1ea5t L\u00f4 H\u1ed9i (Aloe Barbadensis Leaf Extract)<\/strong><\/p>\n<p>\u2022 L\u00f4 H\u1ed9i c\u00f3 t\u00ednh ch\u1ea5t l\u00e0m d\u1ecbu v\u00e0 l\u00e0m m\u00e1t, gi\u00fap gi\u1ea3m k\u00edch \u1ee9ng v\u00e0 s\u01b0ng \u0111\u1ecf tr\u00ean da.<\/p>\n<p>\u2022 Chi\u1ebft xu\u1ea5t L\u00f4 H\u1ed9i cung c\u1ea5p \u0111\u1ed9 \u1ea9m cho da, gi\u00fap duy tr\u00ec \u0111\u1ed9 \u1ea9m t\u1ef1 nhi\u00ean c\u1ee7a da v\u00e0 l\u00e0m cho da tr\u1edf n\u00ean m\u1ec1m m\u1ecbn.<\/p>\n<p>\u2022 Chi\u1ebft xu\u1ea5t l\u00e1 L\u00f4 H\u1ed9i ch\u1ee9a nhi\u1ec1u d\u01b0\u1ee1ng ch\u1ea5t c\u00f3 l\u1ee3i cho da, bao g\u1ed3m c\u00e1c lo\u1ea1i Vitamin, Enzym v\u00e0 Axit Amin, gi\u00fap cung c\u1ea5p d\u01b0\u1ee1ng ch\u1ea5t cho da.<\/p>\n<p>&nbsp;<\/p>\n<p>Lo\u1ea1i b\u1ecf l\u1edbp s\u1eebng, cung c\u1ea5p d\u01b0\u1ee1ng ch\u1ea5t, t\u00e1i t\u1ea1o l\u00e0n da<\/p>\n<p>&nbsp;<\/p>\n<p><strong>Chi\u1ebft xu\u1ea5t T\u00e1o (Pyrus Malus Fruit Extract)<\/strong><\/p>\n<p>\u2022 Cung c\u1ea5p nhi\u1ec1u d\u01b0\u1ee1ng ch\u1ea5t c\u00f3 l\u1ee3i cho da, bao g\u1ed3m vitamin C v\u00e0 c\u00e1c lo\u1ea1i Acid t\u1ef1 nhi\u00ean.<\/p>\n<p>\u2022 T\u1ea1o c\u1ea3m gi\u00e1c t\u01b0\u01a1i m\u00e1t v\u00e0 s\u1ea3ng kho\u00e1i khi s\u1eed d\u1ee5ng s\u1ea3n ph\u1ea9m t\u1ea9y trang, l\u00e0m cho da tr\u1edf n\u00ean s\u00e1ng h\u01a1n v\u00e0 \u0111\u1ec1u m\u00e0u h\u01a1n.<\/p>\n<p><strong>Mandelic Acid<\/strong><\/p>\n<p>\u2022 L\u00e0 m\u1ed9t lo\u1ea1i Axit Alpha hydroxy (AHA), c\u00f3 kh\u1ea3 n\u0103ng l\u00e0m s\u1ea1ch s\u00e2u da b\u1eb1ng c\u00e1ch lo\u1ea1i b\u1ecf t\u1ebf b\u00e0o da ch\u1ebft, c\u1ea3i thi\u1ec7n k\u1ebft c\u1ea5u da v\u00e0 gi\u00fap da tr\u1edf n\u00ean m\u1ec1m m\u1ecbn.<\/p>\n<p>\u2022 C\u00f3 kh\u1ea3 n\u0103ng ki\u1ec3m so\u00e1t s\u1ef1 s\u1ea3n xu\u1ea5t d\u1ea7u tr\u00ean da v\u00e0 gi\u1ea3m vi khu\u1ea9n, gi\u00fap gi\u1ea3m m\u1ee5n \u0111\u1ed1m, m\u1ee5n m\u1ee7, v\u00e0 m\u1ee5n \u0111\u1ecf. N\u00f3 c\u0169ng c\u00f3 t\u00e1c d\u1ee5ng l\u00e0m m\u1edd v\u1ebft th\u00e2m do m\u1ee5n \u0111\u1ec3 l\u1ea1i.<\/p>\n<p><strong>Vitamin B5 (Panthenol)<\/strong><\/p>\n<p>\u2022 Panthenol gi\u00fap l\u00e0m gi\u1ea3m thi\u1ec3u c\u00e1c k\u00edch \u1ee9ng v\u00e0 l\u00e0m d\u1ecbu da th\u00f4ng qua vi\u1ec7c c\u1ee7ng c\u1ed1 v\u00e0 duy tr\u00ec h\u00e0ng r\u00e0o b\u1ea3o v\u1ec7 da c\u0169ng nh\u01b0 gi\u1ea3m c\u00e1c tri\u1ec7u ch\u1ee9ng vi\u00eam.<\/p>\n<p>\u2022 Ngo\u00e0i ra Panthenol \u0111\u00e3 \u0111\u01b0\u1ee3c ch\u1ee9ng minh gi\u00fap th\u00fac \u0111\u1ea9y s\u1ef1 t\u0103ng sinh c\u00e1c nguy\u00ean b\u00e0o s\u1ee3i trong l\u1edbp trung b\u00ec, gi\u00fap ch\u1ed1ng l\u00e3o ho\u00e1, ng\u0103n ng\u1eeba n\u1ebfp nh\u0103n.<\/p>\n<p><strong>N\u01b0\u1edbc \u00e9p tr\u00e1i \u0110\u00e0o (Prunus Persica Juice)<\/strong><\/p>\n<p>\u2022 Tr\u00e1i \u0111\u00e0o ch\u1ee9a nhi\u1ec1u n\u01b0\u1edbc v\u00e0 c\u00f3 kh\u1ea3 n\u0103ng cung c\u1ea5p \u0111\u1ed9 \u1ea9m cho da, gi\u00fap duy tr\u00ec \u0111\u1ed9 \u1ea9m t\u1ef1 nhi\u00ean c\u1ee7a da v\u00e0 l\u00e0m cho da m\u1ec1m m\u1ecbn.<\/p>\n<p>\u2022 Cung c\u1ea5p nhi\u1ec1u d\u01b0\u1ee1ng ch\u1ea5t c\u00f3 l\u1ee3i cho da, bao g\u1ed3m vitamin C, A, E, Acid t\u1ef1 nhi\u00ean v\u00e0 c\u00e1c ch\u1ea5t ch\u1ed1ng oxy h\u00f3a.<\/p>\n<p>\u2022 T\u1ea1o c\u1ea3m gi\u00e1c t\u01b0\u01a1i m\u00e1t v\u00e0 s\u1ea3ng kho\u00e1i khi s\u1eed d\u1ee5ng.<\/p>\n<p>&nbsp;<\/p>\n<p>Tinh ch\u1ea5t s\u1eed d\u1ee5ng h\u1ec7 b\u1ea3o qu\u1ea3n t\u1ef1 nhi\u00ean<\/p>\n<p>\u2022 Phenethyl Alcohol \u2013 Chi\u1ebft xu\u1ea5t t\u1eeb Hoa h\u1ed3ng v\u00e0 Hoa C\u1ea9m Ch\u01b0\u1edbng.<\/p>\n<p>\u2022 Caprylhydroxamic Acid \u2013 Chi\u1ebft xu\u1ea5t t\u1eeb d\u1eeba.<\/p>\n<p>Hai h\u1ee3p ch\u1ea5t v\u1edbi ngu\u1ed3n g\u1ed1c t\u1eeb thi\u00ean nhi\u00ean c\u00f3 kh\u1ea3 n\u0103ng \u1ee9c ch\u1ebf s\u1ef1 ph\u00e1t tri\u1ec3n c\u1ee7a vi khu\u1ea9n v\u00e0 vi sinh v\u1eadt kh\u00e1c gi\u00fap b\u1ea3o qu\u1ea3n s\u1ea3n ph\u1ea9m hi\u1ec7u qu\u1ea3 m\u00e0 kh\u00f4ng g\u00e2y k\u00edch \u1ee9ng da, kh\u00f4ng \u1ea3nh h\u01b0\u1edfng \u0111\u1ebfn s\u1ee9c kh\u1ecfe c\u1ee7a ng\u01b0\u1eddi s\u1eed d\u1ee5ng.<\/p>\n<p>&nbsp;<\/p>\n<\/div>\n<\/div>\n<\/div>\n<\/div>\n<\/div>\n<\/div>\n<\/div>\n","protected":false},"excerpt":{"rendered":"<div class=\"desc0 text-sm lg:text-base mt-8px lg:mt-1.5 product-description text-typo-heading\">\n<p>Tinh ch\u1ea5t t\u00e1i t\u1ea1o v\u00e0 thanh l\u1ecdc da l\u00e0 s\u1ef1 k\u1ebft h\u1ee3p gi\u1eefa c\u00e1c ho\u1ea1t ch\u1ea5t chuy\u00ean v\u1ec1 ph\u00e2n h\u1ee7y c\u00e1c t\u1ebf b\u00e0o da ch\u1ebft, c\u00e1i thi\u1ec7n k\u1ebft c\u1ea5u da nh\u01b0 NAG, AHA, \u2026 v\u00e0 c\u00e1c ho\u1ea1t ch\u1ea5t c\u00f3 kh\u1ea3 n\u0103ng nu\u00f4i d\u01b0\u1ee1ng v\u00e0 t\u00e1i t\u1ea1o da t\u1eeb b\u00ean trong nh\u01b0 chi\u1ebft xu\u1ea5t L\u00f4 H\u1ed9i, T\u00e1o, \u0110\u00e0o, \u2026 Nh\u1edd \u0111\u00f3, s\u1ea3n ph\u1ea9m gi\u00fap thanh l\u1ecdc, t\u1ea9y da ch\u1ebft, c\u1ea3i thi\u1ec7n k\u1ebft c\u1ea5u da v\u00e0 b\u1ed5 sung nh\u1eefng d\u01b0\u1ee1ng ch\u1ea5t c\u1ea7n thi\u1ebft \u0111\u1ec3 ph\u1ee5c h\u1ed3i, t\u00e1i t\u1ea1o da, nu\u00f4i d\u01b0\u1ee1ng l\u00e0n da t\u01b0\u01a1i m\u1edbi, r\u1ea1ng ng\u1eddi, m\u1ea1nh kh\u1ecfe.<\/p>\n<\/div>\n<div class=\"desc2 flex flex-col\" data-v-95dfa95a=\"\">\n<div class=\"contentinfo3\">\n<hr \/>\n<p>\u0110\u1eb7c \u0111i\u1ec3m n\u1ed5i b\u1eadt<br \/>\n\u2713\u00a0Th\u00edch h\u1ee3p v\u1edbi m\u1ecdi lo\u1ea1i da, \u0111\u1eb7c bi\u1ec7t v\u1edbi l\u00e0n da d\u00e0y s\u1eebng.<br \/>\n\u2713\u00a0Th\u1ec3 ch\u1ea5t serum m\u1ecfng nh\u1eb9, d\u1ec5 d\u00e0ng th\u1ea9m th\u1ea5u, kh\u00f4ng nh\u1eddn r\u00edt sau khi b\u00f4i.<br \/>\n\u2713\u00a0Nguy\u00ean li\u1ec7u thi\u00ean nhi\u00ean an to\u00e0n, th\u00e2n thi\u1ec7n v\u1edbi da, kh\u00f4ng g\u00e2y b\u00edt t\u1eafc l\u1ed7 ch\u00e2n l\u00f4ng.<br \/>\n\u2713\u00a0An to\u00e0n cho m\u1eb9 b\u1ea7u, cho con b\u00fa v\u00e0 tr\u1ebb d\u1eady th\u00ec.<\/p>\n<\/div>\n<\/div>\n","protected":false},"featured_media":755,"comment_status":"open","ping_status":"closed","template":"","meta":{"site-sidebar-layout":"default","site-content-layout":"","ast-site-content-layout":"default","site-content-style":"default","site-sidebar-style":"default","ast-global-header-display":"","ast-banner-title-visibility":"","ast-main-header-display":"","ast-hfb-above-header-display":"","ast-hfb-below-header-display":"","ast-hfb-mobile-header-display":"","site-post-title":"","ast-breadcrumbs-content":"","ast-featured-img":"","footer-sml-layout":"","theme-transparent-header-meta":"","adv-header-id-meta":"","stick-header-meta":"","header-above-stick-meta":"","header-main-stick-meta":"","header-below-stick-meta":"","astra-migrate-meta-layouts":"default","ast-page-background-enabled":"default","ast-page-background-meta":{"desktop":{"background-color":"var(--ast-global-color-5)","background-image":"","background-repeat":"repeat","background-position":"center center","background-size":"auto","background-attachment":"scroll","background-type":"","background-media":"","overlay-type":"","overlay-color":"","overlay-opacity":"","overlay-gradient":""},"tablet":{"background-color":"","background-image":"","background-repeat":"repeat","background-position":"center center","background-size":"auto","background-attachment":"scroll","background-type":"","background-media":"","overlay-type":"","overlay-color":"","overlay-opacity":"","overlay-gradient":""},"mobile":{"background-color":"","background-image":"","background-repeat":"repeat","background-position":"center center","background-size":"auto","background-attachment":"scroll","background-type":"","background-media":"","overlay-type":"","overlay-color":"","overlay-opacity":"","overlay-gradient":""}},"ast-content-background-meta":{"desktop":{"background-color":"var(--ast-global-color-4)","background-image":"","background-repeat":"repeat","background-position":"center center","background-size":"auto","background-attachment":"scroll","background-type":"","background-media":"","overlay-type":"","overlay-color":"","overlay-opacity":"","overlay-gradient":""},"tablet":{"background-color":"var(--ast-global-color-4)","background-image":"","background-repeat":"repeat","background-position":"center center","background-size":"auto","background-attachment":"scroll","background-type":"","background-media":"","overlay-type":"","overlay-color":"","overlay-opacity":"","overlay-gradient":""},"mobile":{"background-color":"var(--ast-global-color-4)","background-image":"","background-repeat":"repeat","background-position":"center center","background-size":"auto","background-attachment":"scroll","background-type":"","background-media":"","overlay-type":"","overlay-color":"","overlay-opacity":"","overlay-gradient":""}}},"product_brand":[23],"product_cat":[18,19,17,21],"product_tag":[],"class_list":{"0":"post-575","1":"product","2":"type-product","3":"status-publish","4":"has-post-thumbnail","6":"product_brand-skinsolve","7":"product_cat-cham-soc-da-mat","8":"product_cat-duong-da","9":"product_cat-my-pham","10":"product_cat-skinsolve","11":"desktop-align-left","12":"tablet-align-left","13":"mobile-align-left","15":"first","16":"instock","17":"taxable","18":"shipping-taxable","19":"purchasable","20":"product-type-simple"},"_links":{"self":[{"href":"https:\/\/omewa.online\/index.php\/wp-json\/wp\/v2\/product\/575","targetHints":{"allow":["GET"]}}],"collection":[{"href":"https:\/\/omewa.online\/index.php\/wp-json\/wp\/v2\/product"}],"about":[{"href":"https:\/\/omewa.online\/index.php\/wp-json\/wp\/v2\/types\/product"}],"replies":[{"embeddable":true,"href":"https:\/\/omewa.online\/index.php\/wp-json\/wp\/v2\/comments?post=575"}],"wp:featuredmedia":[{"embeddable":true,"href":"https:\/\/omewa.online\/index.php\/wp-json\/wp\/v2\/media\/755"}],"wp:attachment":[{"href":"https:\/\/omewa.online\/index.php\/wp-json\/wp\/v2\/media?parent=575"}],"wp:term":[{"taxonomy":"product_brand","embeddable":true,"href":"https:\/\/omewa.online\/index.php\/wp-json\/wp\/v2\/product_brand?post=575"},{"taxonomy":"product_cat","embeddable":true,"href":"https:\/\/omewa.online\/index.php\/wp-json\/wp\/v2\/product_cat?post=575"},{"taxonomy":"product_tag","embeddable":true,"href":"https:\/\/omewa.online\/index.php\/wp-json\/wp\/v2\/product_tag?post=575"}],"curies":[{"name":"wp","href":"https:\/\/api.w.org\/{rel}","templated":true}]}}