{"id":572,"date":"2025-11-01T18:11:51","date_gmt":"2025-11-01T18:11:51","guid":{"rendered":"https:\/\/omewa.online\/?post_type=product&#038;p=572"},"modified":"2025-11-01T18:14:04","modified_gmt":"2025-11-01T18:14:04","slug":"trang-da-giam-nep-nhan-ecm-rebuilding-ampoule-toner","status":"publish","type":"product","link":"https:\/\/omewa.online\/index.php\/product\/trang-da-giam-nep-nhan-ecm-rebuilding-ampoule-toner\/","title":{"rendered":"Tr\u1eafng Da Gi\u1ea3m N\u1ebfp Nh\u0103n, ECM Rebuilding Ampoule toner"},"content":{"rendered":"<p>Toner v\u1edbi PEPTAL-V COMPLEX\u2122 ch\u1ed1ng l\u00e3o h\u00f3a, \u0111i\u1ec1u ch\u1ec9nh axit hyaluronic, collagen v\u00e0 \u0111\u1ed9 \u0111\u00e0n h\u1ed3i \u0111\u1ec3 c\u1ea3i thi\u1ec7n l\u00e3o h\u00f3a v\u00e0 v\u1ea5n \u0111\u1ec1 da. C\u00f4ng th\u1ee9c bao g\u1ed3m 12 peptide, 11 kho\u00e1ng ch\u1ea5t, 10 vitamin v\u00e0 c\u00e1c th\u00e0nh ph\u1ea7n \u0111\u1ed9c quy\u1ec1n, t\u1ed1i \u01b0u h\u00f3a hi\u1ec7u qu\u1ea3 ch\u1ed1ng vi\u00eam v\u00e0 s\u1ee9c kh\u1ecfe da v\u1edbi nguy\u00ean li\u1ec7u t\u1ef1 nhi\u00ean.<\/p>\n<p>&nbsp;<\/p>\n<p>&nbsp;<\/p>\n<p>&nbsp;<\/p>\n","protected":false},"excerpt":{"rendered":"<p>Toner v\u1edbi PEPTAL-V COMPLEX\u2122 ch\u1ed1ng l\u00e3o h\u00f3a, \u0111i\u1ec1u ch\u1ec9nh axit hyaluronic, collagen v\u00e0 \u0111\u1ed9 \u0111\u00e0n h\u1ed3i \u0111\u1ec3 c\u1ea3i thi\u1ec7n l\u00e3o h\u00f3a v\u00e0 v\u1ea5n \u0111\u1ec1 da. C\u00f4ng th\u1ee9c bao g\u1ed3m 12 peptide, 11 kho\u00e1ng ch\u1ea5t, 10 vitamin v\u00e0 c\u00e1c th\u00e0nh ph\u1ea7n \u0111\u1ed9c quy\u1ec1n, t\u1ed1i \u01b0u h\u00f3a hi\u1ec7u qu\u1ea3 ch\u1ed1ng vi\u00eam v\u00e0 s\u1ee9c kh\u1ecfe da v\u1edbi nguy\u00ean li\u1ec7u t\u1ef1 nhi\u00ean.<\/p>\n","protected":false},"featured_media":723,"comment_status":"open","ping_status":"closed","template":"","meta":{"site-sidebar-layout":"default","site-content-layout":"","ast-site-content-layout":"default","site-content-style":"default","site-sidebar-style":"default","ast-global-header-display":"","ast-banner-title-visibility":"","ast-main-header-display":"","ast-hfb-above-header-display":"","ast-hfb-below-header-display":"","ast-hfb-mobile-header-display":"","site-post-title":"","ast-breadcrumbs-content":"","ast-featured-img":"","footer-sml-layout":"","theme-transparent-header-meta":"","adv-header-id-meta":"","stick-header-meta":"","header-above-stick-meta":"","header-main-stick-meta":"","header-below-stick-meta":"","astra-migrate-meta-layouts":"default","ast-page-background-enabled":"default","ast-page-background-meta":{"desktop":{"background-color":"var(--ast-global-color-5)","background-image":"","background-repeat":"repeat","background-position":"center center","background-size":"auto","background-attachment":"scroll","background-type":"","background-media":"","overlay-type":"","overlay-color":"","overlay-opacity":"","overlay-gradient":""},"tablet":{"background-color":"","background-image":"","background-repeat":"repeat","background-position":"center center","background-size":"auto","background-attachment":"scroll","background-type":"","background-media":"","overlay-type":"","overlay-color":"","overlay-opacity":"","overlay-gradient":""},"mobile":{"background-color":"","background-image":"","background-repeat":"repeat","background-position":"center center","background-size":"auto","background-attachment":"scroll","background-type":"","background-media":"","overlay-type":"","overlay-color":"","overlay-opacity":"","overlay-gradient":""}},"ast-content-background-meta":{"desktop":{"background-color":"var(--ast-global-color-4)","background-image":"","background-repeat":"repeat","background-position":"center center","background-size":"auto","background-attachment":"scroll","background-type":"","background-media":"","overlay-type":"","overlay-color":"","overlay-opacity":"","overlay-gradient":""},"tablet":{"background-color":"var(--ast-global-color-4)","background-image":"","background-repeat":"repeat","background-position":"center center","background-size":"auto","background-attachment":"scroll","background-type":"","background-media":"","overlay-type":"","overlay-color":"","overlay-opacity":"","overlay-gradient":""},"mobile":{"background-color":"var(--ast-global-color-4)","background-image":"","background-repeat":"repeat","background-position":"center center","background-size":"auto","background-attachment":"scroll","background-type":"","background-media":"","overlay-type":"","overlay-color":"","overlay-opacity":"","overlay-gradient":""}}},"product_brand":[],"product_cat":[96,18,17],"product_tag":[],"class_list":{"0":"post-572","1":"product","2":"type-product","3":"status-publish","4":"has-post-thumbnail","6":"product_cat-bloombyyoung","7":"product_cat-cham-soc-da-mat","8":"product_cat-my-pham","9":"desktop-align-left","10":"tablet-align-left","11":"mobile-align-left","13":"first","14":"instock","15":"taxable","16":"shipping-taxable","17":"purchasable","18":"product-type-simple"},"_links":{"self":[{"href":"https:\/\/omewa.online\/index.php\/wp-json\/wp\/v2\/product\/572","targetHints":{"allow":["GET"]}}],"collection":[{"href":"https:\/\/omewa.online\/index.php\/wp-json\/wp\/v2\/product"}],"about":[{"href":"https:\/\/omewa.online\/index.php\/wp-json\/wp\/v2\/types\/product"}],"replies":[{"embeddable":true,"href":"https:\/\/omewa.online\/index.php\/wp-json\/wp\/v2\/comments?post=572"}],"wp:featuredmedia":[{"embeddable":true,"href":"https:\/\/omewa.online\/index.php\/wp-json\/wp\/v2\/media\/723"}],"wp:attachment":[{"href":"https:\/\/omewa.online\/index.php\/wp-json\/wp\/v2\/media?parent=572"}],"wp:term":[{"taxonomy":"product_brand","embeddable":true,"href":"https:\/\/omewa.online\/index.php\/wp-json\/wp\/v2\/product_brand?post=572"},{"taxonomy":"product_cat","embeddable":true,"href":"https:\/\/omewa.online\/index.php\/wp-json\/wp\/v2\/product_cat?post=572"},{"taxonomy":"product_tag","embeddable":true,"href":"https:\/\/omewa.online\/index.php\/wp-json\/wp\/v2\/product_tag?post=572"}],"curies":[{"name":"wp","href":"https:\/\/api.w.org\/{rel}","templated":true}]}}