{"id":568,"date":"2025-11-01T18:11:51","date_gmt":"2025-11-01T18:11:51","guid":{"rendered":"https:\/\/omewa.online\/?post_type=product&#038;p=568"},"modified":"2025-11-01T18:12:31","modified_gmt":"2025-11-01T18:12:31","slug":"kem-phuc-hoi-tai-tao-va-tre-hoa-lan-da-curaim","status":"publish","type":"product","link":"https:\/\/omewa.online\/index.php\/product\/kem-phuc-hoi-tai-tao-va-tre-hoa-lan-da-curaim\/","title":{"rendered":"Kem Ph\u1ee5c H\u1ed3i T\u00e1i T\u1ea1o V\u00e0 Tr\u1ebb Ho\u00e1 L\u00e0n Da \u2013 CURAIM"},"content":{"rendered":"<p><img fetchpriority=\"high\" decoding=\"async\" class=\"alignnone size-full wp-image-21689\" src=\"https:\/\/omewa.online\/wp-content\/uploads\/2024\/04\/omewa-z5735405032392_0194a698cfd276dcc6efd1e570ab8e7a.jpg\" alt=\"\" width=\"1280\" height=\"1280\" \/> \u0110\u00e2y l\u00e0 m\u1ed9t lo\u1ea1i kem s\u1eed d\u1ee5ng chi\u1ebft xu\u1ea5t ph\u1ee9c h\u1ee3p nh\u01b0 v\u00e0ng v\u00e0 b\u1ea1c, sen, v\u00e0ng, \u0111inh h\u01b0\u01a1ng v\u00e0 hoa h\u1ed3ng m\u00e0u v\u00e0ng ch\u00edn. Kem t\u00e1i ch\u1ebf c\u00f3 th\u1ec3 \u0111\u01b0\u1ee3c s\u1eed d\u1ee5ng cho vi\u1ec7c ch\u0103m s\u00f3c da c\u00f3 v\u1ea5n \u0111\u1ec1.<\/p>\n<p><img decoding=\"async\" class=\"alignnone size-full wp-image-21700\" src=\"https:\/\/omewa.online\/wp-content\/uploads\/2024\/04\/omewa-08-5.png\" alt=\"\" width=\"900\" height=\"18901\" \/><\/p>\n<p>&nbsp;<\/p>\n","protected":false},"excerpt":{"rendered":"<p>\u0110\u00e2y l\u00e0 m\u1ed9t lo\u1ea1i kem s\u1eed d\u1ee5ng chi\u1ebft xu\u1ea5t ph\u1ee9c h\u1ee3p nh\u01b0 v\u00e0ng v\u00e0 b\u1ea1c, sen, v\u00e0ng, \u0111inh h\u01b0\u01a1ng v\u00e0 hoa h\u1ed3ng m\u00e0u v\u00e0ng ch\u00edn. Kem t\u00e1i ch\u1ebf c\u00f3 th\u1ec3 \u0111\u01b0\u1ee3c s\u1eed d\u1ee5ng cho vi\u1ec7c ch\u0103m s\u00f3c da c\u00f3 v\u1ea5n \u0111\u1ec1.<\/p>\n","protected":false},"featured_media":681,"comment_status":"open","ping_status":"closed","template":"","meta":{"site-sidebar-layout":"default","site-content-layout":"","ast-site-content-layout":"default","site-content-style":"default","site-sidebar-style":"default","ast-global-header-display":"","ast-banner-title-visibility":"","ast-main-header-display":"","ast-hfb-above-header-display":"","ast-hfb-below-header-display":"","ast-hfb-mobile-header-display":"","site-post-title":"","ast-breadcrumbs-content":"","ast-featured-img":"","footer-sml-layout":"","theme-transparent-header-meta":"","adv-header-id-meta":"","stick-header-meta":"","header-above-stick-meta":"","header-main-stick-meta":"","header-below-stick-meta":"","astra-migrate-meta-layouts":"default","ast-page-background-enabled":"default","ast-page-background-meta":{"desktop":{"background-color":"var(--ast-global-color-5)","background-image":"","background-repeat":"repeat","background-position":"center center","background-size":"auto","background-attachment":"scroll","background-type":"","background-media":"","overlay-type":"","overlay-color":"","overlay-opacity":"","overlay-gradient":""},"tablet":{"background-color":"","background-image":"","background-repeat":"repeat","background-position":"center center","background-size":"auto","background-attachment":"scroll","background-type":"","background-media":"","overlay-type":"","overlay-color":"","overlay-opacity":"","overlay-gradient":""},"mobile":{"background-color":"","background-image":"","background-repeat":"repeat","background-position":"center center","background-size":"auto","background-attachment":"scroll","background-type":"","background-media":"","overlay-type":"","overlay-color":"","overlay-opacity":"","overlay-gradient":""}},"ast-content-background-meta":{"desktop":{"background-color":"var(--ast-global-color-4)","background-image":"","background-repeat":"repeat","background-position":"center center","background-size":"auto","background-attachment":"scroll","background-type":"","background-media":"","overlay-type":"","overlay-color":"","overlay-opacity":"","overlay-gradient":""},"tablet":{"background-color":"var(--ast-global-color-4)","background-image":"","background-repeat":"repeat","background-position":"center center","background-size":"auto","background-attachment":"scroll","background-type":"","background-media":"","overlay-type":"","overlay-color":"","overlay-opacity":"","overlay-gradient":""},"mobile":{"background-color":"var(--ast-global-color-4)","background-image":"","background-repeat":"repeat","background-position":"center center","background-size":"auto","background-attachment":"scroll","background-type":"","background-media":"","overlay-type":"","overlay-color":"","overlay-opacity":"","overlay-gradient":""}}},"product_brand":[],"product_cat":[96,18,17],"product_tag":[],"class_list":{"0":"post-568","1":"product","2":"type-product","3":"status-publish","4":"has-post-thumbnail","6":"product_cat-bloombyyoung","7":"product_cat-cham-soc-da-mat","8":"product_cat-my-pham","9":"desktop-align-left","10":"tablet-align-left","11":"mobile-align-left","13":"first","14":"instock","15":"taxable","16":"shipping-taxable","17":"purchasable","18":"product-type-simple"},"_links":{"self":[{"href":"https:\/\/omewa.online\/index.php\/wp-json\/wp\/v2\/product\/568","targetHints":{"allow":["GET"]}}],"collection":[{"href":"https:\/\/omewa.online\/index.php\/wp-json\/wp\/v2\/product"}],"about":[{"href":"https:\/\/omewa.online\/index.php\/wp-json\/wp\/v2\/types\/product"}],"replies":[{"embeddable":true,"href":"https:\/\/omewa.online\/index.php\/wp-json\/wp\/v2\/comments?post=568"}],"wp:featuredmedia":[{"embeddable":true,"href":"https:\/\/omewa.online\/index.php\/wp-json\/wp\/v2\/media\/681"}],"wp:attachment":[{"href":"https:\/\/omewa.online\/index.php\/wp-json\/wp\/v2\/media?parent=568"}],"wp:term":[{"taxonomy":"product_brand","embeddable":true,"href":"https:\/\/omewa.online\/index.php\/wp-json\/wp\/v2\/product_brand?post=568"},{"taxonomy":"product_cat","embeddable":true,"href":"https:\/\/omewa.online\/index.php\/wp-json\/wp\/v2\/product_cat?post=568"},{"taxonomy":"product_tag","embeddable":true,"href":"https:\/\/omewa.online\/index.php\/wp-json\/wp\/v2\/product_tag?post=568"}],"curies":[{"name":"wp","href":"https:\/\/api.w.org\/{rel}","templated":true}]}}