{"id":567,"date":"2025-11-01T18:11:50","date_gmt":"2025-11-01T18:11:50","guid":{"rendered":"https:\/\/omewa.online\/?post_type=product&#038;p=567"},"modified":"2025-11-01T18:12:30","modified_gmt":"2025-11-01T18:12:30","slug":"tinh-chat-duong-da-hayyim-cell-grow","status":"publish","type":"product","link":"https:\/\/omewa.online\/index.php\/product\/tinh-chat-duong-da-hayyim-cell-grow\/","title":{"rendered":"Tinh Ch\u1ea5t D\u01b0\u1ee1ng Da \u2013 HAYYIM CELL GROW"},"content":{"rendered":"<p><strong>Serum Collagen &amp; Axit Hyaluronic Tinh Ch\u1ea5t Cao<\/strong><\/p>\n<p>Kh\u00e1m ph\u00e1 s\u1ef1 k\u1ebft h\u1ee3p ho\u00e0n h\u1ea3o gi\u1eefa <strong>collagen ph\u1ea7n t\u1eed th\u1ea5p<\/strong> v\u00e0 <strong>axit hyaluronic si\u00eau ph\u00e2n t\u1eed th\u1ea5p<\/strong> v\u1edbi <strong>Serum Collagen &amp; Axit Hyaluronic Tinh Ch\u1ea5t Cao<\/strong>. S\u1ea3n ph\u1ea9m n\u00e0y \u0111\u01b0\u1ee3c thi\u1ebft k\u1ebf \u0111\u1ec3 mang l\u1ea1i hi\u1ec7u qu\u1ea3 n\u00e2ng c\u01a1 \u0111\u00e1ng kinh ng\u1ea1c, \u0111\u1ed3ng th\u1eddi cung c\u1ea5p \u0111\u1ed9 \u1ea9m tuy\u1ec7t v\u1eddi cho l\u00e0n da c\u1ee7a b\u1ea1n.<\/p>\n<h3><strong>T\u00ednh n\u0103ng n\u1ed5i b\u1eadt:<\/strong><\/h3>\n<ul>\n<li><strong>Collagen ph\u1ea7n t\u1eed th\u1ea5p 500Da (Dalton)<\/strong>: V\u1edbi k\u00edch th\u01b0\u1edbc ph\u00e2n t\u1eed nh\u1ecf, collagen n\u00e0y d\u1ec5 d\u00e0ng th\u1ea9m th\u1ea5u s\u00e2u v\u00e0o l\u1edbp da, gi\u00fap c\u1ea3i thi\u1ec7n \u0111\u1ed9 \u0111\u00e0n h\u1ed3i v\u00e0 l\u00e0m gi\u1ea3m n\u1ebfp nh\u0103n m\u1ed9t c\u00e1ch hi\u1ec7u qu\u1ea3. Collagen gi\u00fap duy tr\u00ec s\u1ef1 s\u0103n ch\u1eafc v\u00e0 tr\u1ebb trung c\u1ee7a l\u00e0n da t\u1eeb b\u00ean trong.<\/li>\n<li><strong>Axit hyaluronic si\u00eau ph\u00e2n t\u1eed th\u1ea5p 10000Da (Dalton)<\/strong>: V\u1edbi k\u00edch th\u01b0\u1edbc ph\u00e2n t\u1eed si\u00eau nh\u1ecf, axit hyaluronic n\u00e0y cung c\u1ea5p \u0111\u1ed9 \u1ea9m v\u01b0\u1ee3t tr\u1ed9i, gi\u00fap da gi\u1eef n\u01b0\u1edbc l\u00e2u d\u00e0i v\u00e0 duy tr\u00ec s\u1ef1 m\u1ec1m m\u1ecbn. S\u1ea3n ph\u1ea9m n\u00e0y h\u1ed7 tr\u1ee3 l\u00e0m \u0111\u1ea7y v\u00e0 l\u00e0m c\u0103ng da, mang l\u1ea1i v\u1ebb ngo\u00e0i t\u01b0\u01a1i tr\u1ebb v\u00e0 r\u1ea1ng r\u1ee1.<\/li>\n<\/ul>\n<h3><strong>H\u01b0\u1edbng d\u1eabn s\u1eed d\u1ee5ng:<\/strong><\/h3>\n<p>Sau khi l\u00e0m s\u1ea1ch v\u00e0 c\u00e2n b\u1eb1ng da, thoa m\u1ed9t l\u01b0\u1ee3ng nh\u1ecf <strong>Serum Collagen &amp; Axit Hyaluronic Tinh Ch\u1ea5t Cao<\/strong>\u00a0l\u00ean m\u1eb7t v\u00e0 c\u1ed5. Massage nh\u1eb9 nh\u00e0ng \u0111\u1ec3 tinh ch\u1ea5t th\u1ea9m th\u1ea5u ho\u00e0n to\u00e0n v\u00e0o da. S\u1eed d\u1ee5ng v\u00e0o bu\u1ed5i s\u00e1ng v\u00e0 t\u1ed1i \u0111\u1ec3 \u0111\u1ea1t \u0111\u01b0\u1ee3c hi\u1ec7u qu\u1ea3 t\u1ed1t nh\u1ea5t.<\/p>\n<h3><strong>L\u1ee3i \u00edch:<\/strong><\/h3>\n<ul>\n<li><strong>N\u00e2ng c\u01a1 hi\u1ec7u qu\u1ea3<\/strong>: C\u1ea3i thi\u1ec7n \u0111\u1ed9 \u0111\u00e0n h\u1ed3i v\u00e0 l\u00e0m gi\u1ea3m n\u1ebfp nh\u0103n, mang l\u1ea1i l\u00e0n da s\u0103n ch\u1eafc v\u00e0 c\u0103ng m\u1ecbn.<\/li>\n<li><strong>Cung c\u1ea5p \u0111\u1ed9 \u1ea9m v\u01b0\u1ee3t tr\u1ed9i<\/strong>: D\u01b0\u1ee1ng \u1ea9m s\u00e2u v\u00e0 l\u00e2u d\u00e0i, gi\u00fap da m\u1ec1m m\u1ecbn v\u00e0 t\u01b0\u01a1i tr\u1ebb.<\/li>\n<li><strong>Th\u1ea9m th\u1ea5u nhanh ch\u00f3ng<\/strong>: C\u00f4ng th\u1ee9c ph\u00e2n t\u1eed nh\u1ecf gi\u00fap tinh ch\u1ea5t d\u1ec5 d\u00e0ng th\u1ea9m th\u1ea5u v\u00e0o da, ph\u00e1t huy t\u1ed1i \u0111a hi\u1ec7u qu\u1ea3 d\u01b0\u1ee1ng da.<\/li>\n<\/ul>\n<p><strong>Serum Collagen &amp; Axit Hyaluronic Tinh Ch\u1ea5t Cao<\/strong> l\u00e0 s\u1ef1 l\u1ef1a ch\u1ecdn l\u00fd t\u01b0\u1edfng cho nh\u1eefng ai t\u00ecm ki\u1ebfm m\u1ed9t gi\u1ea3i ph\u00e1p hi\u1ec7u qu\u1ea3 \u0111\u1ec3 n\u00e2ng c\u01a1, l\u00e0m gi\u1ea3m n\u1ebfp nh\u0103n v\u00e0 cung c\u1ea5p \u0111\u1ed9 \u1ea9m c\u1ea7n thi\u1ebft cho l\u00e0n da. H\u00e3y tr\u1ea3i nghi\u1ec7m c\u00f4ng th\u1ee9c \u0111\u1ed9t ph\u00e1 v\u00e0 c\u1ea3m nh\u1eadn s\u1ef1 kh\u00e1c bi\u1ec7t ngay h\u00f4m nay!<\/p>\n<p>&nbsp;<\/p>\n","protected":false},"excerpt":{"rendered":"<p>K\u1ebft h\u1ee3p gi\u1eefa collagen ph\u1ea7n t\u1eed th\u1ea5p 500Da (Dalton) t\u00f4i \u01b0u h\u00f3a cho vi\u1ec7c th\u1ea9m th\u1ea5u v\u00e0o da v\u00e0 th\u00e0nh ph\u1ea7n axit hya luronic si\u00eau ph\u00e2n t\u1eed th\u1ea5p 10000Da (Dalton) gi\u00fap d\u1ec5 h\u1ea5p th\u1ee5 v\u00e0o da, mang l\u1ea1i hi\u1ec7u qu\u1ea3 n\u00e2ng c\u01a1 \u0111\u00e1ng kinh ng\u1ea1c v\u00e0 \u0111\u1ed3ng th\u1eddi cung c\u1ea5p \u0111\u1ed9 \u1ea9m tuy\u1ec7t v\u1eddi cho da.<\/p>\n","protected":false},"featured_media":669,"comment_status":"open","ping_status":"closed","template":"","meta":{"site-sidebar-layout":"default","site-content-layout":"","ast-site-content-layout":"default","site-content-style":"default","site-sidebar-style":"default","ast-global-header-display":"","ast-banner-title-visibility":"","ast-main-header-display":"","ast-hfb-above-header-display":"","ast-hfb-below-header-display":"","ast-hfb-mobile-header-display":"","site-post-title":"","ast-breadcrumbs-content":"","ast-featured-img":"","footer-sml-layout":"","theme-transparent-header-meta":"","adv-header-id-meta":"","stick-header-meta":"","header-above-stick-meta":"","header-main-stick-meta":"","header-below-stick-meta":"","astra-migrate-meta-layouts":"default","ast-page-background-enabled":"default","ast-page-background-meta":{"desktop":{"background-color":"var(--ast-global-color-5)","background-image":"","background-repeat":"repeat","background-position":"center center","background-size":"auto","background-attachment":"scroll","background-type":"","background-media":"","overlay-type":"","overlay-color":"","overlay-opacity":"","overlay-gradient":""},"tablet":{"background-color":"","background-image":"","background-repeat":"repeat","background-position":"center center","background-size":"auto","background-attachment":"scroll","background-type":"","background-media":"","overlay-type":"","overlay-color":"","overlay-opacity":"","overlay-gradient":""},"mobile":{"background-color":"","background-image":"","background-repeat":"repeat","background-position":"center center","background-size":"auto","background-attachment":"scroll","background-type":"","background-media":"","overlay-type":"","overlay-color":"","overlay-opacity":"","overlay-gradient":""}},"ast-content-background-meta":{"desktop":{"background-color":"var(--ast-global-color-4)","background-image":"","background-repeat":"repeat","background-position":"center center","background-size":"auto","background-attachment":"scroll","background-type":"","background-media":"","overlay-type":"","overlay-color":"","overlay-opacity":"","overlay-gradient":""},"tablet":{"background-color":"var(--ast-global-color-4)","background-image":"","background-repeat":"repeat","background-position":"center center","background-size":"auto","background-attachment":"scroll","background-type":"","background-media":"","overlay-type":"","overlay-color":"","overlay-opacity":"","overlay-gradient":""},"mobile":{"background-color":"var(--ast-global-color-4)","background-image":"","background-repeat":"repeat","background-position":"center center","background-size":"auto","background-attachment":"scroll","background-type":"","background-media":"","overlay-type":"","overlay-color":"","overlay-opacity":"","overlay-gradient":""}}},"product_brand":[],"product_cat":[96],"product_tag":[],"class_list":{"0":"post-567","1":"product","2":"type-product","3":"status-publish","4":"has-post-thumbnail","6":"product_cat-bloombyyoung","7":"desktop-align-left","8":"tablet-align-left","9":"mobile-align-left","11":"first","12":"instock","13":"taxable","14":"shipping-taxable","15":"purchasable","16":"product-type-simple"},"_links":{"self":[{"href":"https:\/\/omewa.online\/index.php\/wp-json\/wp\/v2\/product\/567","targetHints":{"allow":["GET"]}}],"collection":[{"href":"https:\/\/omewa.online\/index.php\/wp-json\/wp\/v2\/product"}],"about":[{"href":"https:\/\/omewa.online\/index.php\/wp-json\/wp\/v2\/types\/product"}],"replies":[{"embeddable":true,"href":"https:\/\/omewa.online\/index.php\/wp-json\/wp\/v2\/comments?post=567"}],"wp:featuredmedia":[{"embeddable":true,"href":"https:\/\/omewa.online\/index.php\/wp-json\/wp\/v2\/media\/669"}],"wp:attachment":[{"href":"https:\/\/omewa.online\/index.php\/wp-json\/wp\/v2\/media?parent=567"}],"wp:term":[{"taxonomy":"product_brand","embeddable":true,"href":"https:\/\/omewa.online\/index.php\/wp-json\/wp\/v2\/product_brand?post=567"},{"taxonomy":"product_cat","embeddable":true,"href":"https:\/\/omewa.online\/index.php\/wp-json\/wp\/v2\/product_cat?post=567"},{"taxonomy":"product_tag","embeddable":true,"href":"https:\/\/omewa.online\/index.php\/wp-json\/wp\/v2\/product_tag?post=567"}],"curies":[{"name":"wp","href":"https:\/\/api.w.org\/{rel}","templated":true}]}}