{"id":566,"date":"2025-11-01T18:11:50","date_gmt":"2025-11-01T18:11:50","guid":{"rendered":"https:\/\/omewa.online\/?post_type=product&#038;p=566"},"modified":"2025-11-01T18:12:24","modified_gmt":"2025-11-01T18:12:24","slug":"cham-soc-da-prestige-activator-ampoule","status":"publish","type":"product","link":"https:\/\/omewa.online\/index.php\/product\/cham-soc-da-prestige-activator-ampoule\/","title":{"rendered":"Ch\u0103m S\u00f3c Da PRESTIGE ACTIVATOR AMPOULE"},"content":{"rendered":"<p><strong>Ampoule Ch\u0103m S\u00f3c Da GAMMA-PLUS<\/strong><\/p>\n<p>Kh\u00e1m ph\u00e1 s\u1ef1 ch\u0103m s\u00f3c da chuy\u00ean s\u00e2u v\u1edbi <strong>Ampoule Ch\u0103m S\u00f3c Da GAMMA-PLUS<\/strong>, s\u1ea3n ph\u1ea9m \u0111\u1ed9t ph\u00e1 \u0111\u01b0\u1ee3c thi\u1ebft k\u1ebf \u0111\u1ec3 gi\u1ea3i quy\u1ebft to\u00e0n di\u1ec7n c\u00e1c v\u1ea5n \u0111\u1ec1 v\u1ec1 l\u00e0n da. V\u1edbi th\u00e0nh ph\u1ea7n \u0111\u1ed9c quy\u1ec1n <strong>GAMMA-PLUS<\/strong>, k\u1ebft h\u1ee3p c\u00e1c d\u01b0\u1ee1ng ch\u1ea5t qu\u00fd gi\u00e1 nh\u01b0 n\u01b0\u1edbc kho\u00e1ng, n\u01b0\u1edbc nh\u00e2n s\u00e2m, n\u01b0\u1edbc r\u1ec5 hoa m\u1eabu \u0111\u01a1n, v\u00e0 nhi\u1ec1u th\u00e0nh ph\u1ea7n kh\u00e1c, s\u1ea3n ph\u1ea9m n\u00e0y mang \u0111\u1ebfn gi\u1ea3i ph\u00e1p t\u1ed1i \u01b0u cho l\u00e0n da b\u1ea1n.<\/p>\n<h3><strong>T\u00ednh n\u0103ng n\u1ed5i b\u1eadt:<\/strong><\/h3>\n<ul>\n<li><strong>Th\u00e0nh ph\u1ea7n GAMMA-PLUS \u0111\u1ed9c quy\u1ec1n<\/strong>: M\u1ed9t c\u00f4ng th\u1ee9c ti\u00ean ti\u1ebfn t\u00edch h\u1ee3p nhi\u1ec1u d\u01b0\u1ee1ng ch\u1ea5t m\u1ea1nh m\u1ebd, gi\u00fap l\u00e0m d\u1ecbu, c\u1ea5p \u1ea9m v\u00e0 ph\u1ee5c h\u1ed3i da hi\u1ec7u qu\u1ea3.<\/li>\n<li><strong>N\u01b0\u1edbc kho\u00e1ng<\/strong>: Cung c\u1ea5p \u0111\u1ed9 \u1ea9m s\u00e2u v\u00e0 l\u00e0m d\u1ecbu da, c\u1ea3i thi\u1ec7n t\u00ecnh tr\u1ea1ng da kh\u00f4 v\u00e0 k\u00edch \u1ee9ng.<\/li>\n<li><strong>N\u01b0\u1edbc nh\u00e2n s\u00e2m<\/strong>: T\u0103ng c\u01b0\u1eddng s\u1ee9c s\u1ed1ng cho da, gi\u00fap l\u00e0m s\u00e1ng v\u00e0 c\u1ea3i thi\u1ec7n s\u1ef1 \u0111\u1ec1u m\u00e0u c\u1ee7a da.<\/li>\n<li><strong>N\u01b0\u1edbc r\u1ec5 hoa m\u1eabu \u0111\u01a1n<\/strong>: Ch\u1ee9a c\u00e1c ho\u1ea1t ch\u1ea5t ch\u1ed1ng vi\u00eam, gi\u00fap l\u00e0m gi\u1ea3m t\u00ecnh tr\u1ea1ng \u0111\u1ecf da v\u00e0 k\u00edch \u1ee9ng.<\/li>\n<li><strong>N\u01b0\u1edbc m\u1ee5c<\/strong>: H\u1ed7 tr\u1ee3 l\u00e0m m\u1ec1m v\u00e0 c\u1ea3i thi\u1ec7n k\u1ebft c\u1ea5u da, mang l\u1ea1i l\u00e0n da m\u1ecbn m\u00e0ng v\u00e0 t\u01b0\u01a1i s\u00e1ng.<\/li>\n<li><strong>Thiamine (Vitamin B1)<\/strong>: C\u1ea3i thi\u1ec7n s\u1ef1 \u0111\u1ec1u m\u00e0u da v\u00e0 h\u1ed7 tr\u1ee3 l\u00e0m s\u00e1ng da.<\/li>\n<li><strong>Niacinamide (Vitamin B3)<\/strong>: Gi\u00fap l\u00e0m gi\u1ea3m v\u1ebft th\u00e2m, ng\u0103n ng\u1eeba s\u1ef1 h\u00ecnh th\u00e0nh melanin, v\u00e0 l\u00e0m s\u00e1ng da.<\/li>\n<li><strong>Panthenol (Vitamin B5)<\/strong>: Cung c\u1ea5p \u0111\u1ed9 \u1ea9m, l\u00e0m m\u1ec1m da v\u00e0 h\u1ed7 tr\u1ee3 qu\u00e1 tr\u00ecnh ph\u1ee5c h\u1ed3i da.<\/li>\n<\/ul>\n<h3><strong>H\u01b0\u1edbng d\u1eabn s\u1eed d\u1ee5ng:<\/strong><\/h3>\n<p>Sau khi l\u00e0m s\u1ea1ch v\u00e0 c\u00e2n b\u1eb1ng da, thoa m\u1ed9t l\u01b0\u1ee3ng nh\u1ecf <strong>Ampoule Ch\u0103m S\u00f3c Da GAMMA-PLUS<\/strong> l\u00ean m\u1eb7t v\u00e0 c\u1ed5. Nh\u1eb9 nh\u00e0ng v\u1ed7 \u0111\u1ec1u \u0111\u1ec3 tinh ch\u1ea5t th\u1ea9m th\u1ea5u ho\u00e0n to\u00e0n v\u00e0o da. S\u1eed d\u1ee5ng v\u00e0o bu\u1ed5i s\u00e1ng v\u00e0 bu\u1ed5i t\u1ed1i \u0111\u1ec3 \u0111\u1ea1t hi\u1ec7u qu\u1ea3 t\u1ed1i \u01b0u.<\/p>\n<h3><strong>L\u1ee3i \u00edch:<\/strong><\/h3>\n<ul>\n<li><strong>Gi\u1ea3i quy\u1ebft to\u00e0n di\u1ec7n v\u1ea5n \u0111\u1ec1 da<\/strong>: Cung c\u1ea5p \u0111\u1ed9 \u1ea9m, l\u00e0m s\u00e1ng v\u00e0 c\u1ea3i thi\u1ec7n s\u1ef1 \u0111\u1ec1u m\u00e0u c\u1ee7a da.<\/li>\n<li><strong>Ph\u1ee5c h\u1ed3i v\u00e0 l\u00e0m d\u1ecbu da<\/strong>: Gi\u00fap l\u00e0m gi\u1ea3m k\u00edch \u1ee9ng v\u00e0 \u0111\u1ecf da, \u0111\u1ed3ng th\u1eddi c\u1ea3i thi\u1ec7n k\u1ebft c\u1ea5u da.<\/li>\n<li><strong>Cung c\u1ea5p d\u01b0\u1ee1ng ch\u1ea5t thi\u1ebft y\u1ebfu<\/strong>: Mang l\u1ea1i l\u00e0n da m\u1ecbn m\u00e0ng, t\u01b0\u01a1i s\u00e1ng v\u00e0 tr\u00e0n \u0111\u1ea7y s\u1ee9c s\u1ed1ng.<\/li>\n<\/ul>\n<p><strong>Ampoule Ch\u0103m S\u00f3c Da GAMMA-PLUS<\/strong> l\u00e0 s\u1ef1 l\u1ef1a ch\u1ecdn l\u00fd t\u01b0\u1edfng cho nh\u1eefng ai t\u00ecm ki\u1ebfm m\u1ed9t gi\u1ea3i ph\u00e1p to\u00e0n di\u1ec7n v\u00e0 hi\u1ec7u qu\u1ea3 \u0111\u1ec3 ch\u0103m s\u00f3c l\u00e0n da. H\u00e3y tr\u1ea3i nghi\u1ec7m s\u1ef1 kh\u00e1c bi\u1ec7t v\u00e0 t\u1eadn h\u01b0\u1edfng l\u00e0n da kh\u1ecfe m\u1ea1nh, r\u1ea1ng r\u1ee1 m\u1ed7i ng\u00e0y!<\/p>\n<p>&nbsp;<\/p>\n","protected":false},"excerpt":{"rendered":"<p>\u0110\u00e2y l\u00e0 m\u1ed9t lo\u1ea1i ampoule ch\u0103m s\u00f3c da s\u1eed d\u1ee5ng th\u00e0nh ph\u1ea7n GAMMA-PLUS \u0111\u1ed9c quy\u1ec1n, bao g\u1ed3m n\u01b0\u1edbc kho\u00e1ng, n\u01b0\u1edbc nh\u00e2n s\u00e2m, n\u01b0\u1edbc r\u1ec5 hoa m\u1eabu \u0111\u01a1n, n\u01b0\u1edbc m\u1ee5c, thiamine, niacinamide, panthenol, v\u00e0 nhi\u1ec1u th\u00e0nh ph\u1ea7n kh\u00e1c. \u0110\u01b0\u1ee3c thi\u1ebft k\u1ebf \u0111\u1ec3 t\u1eadp trung gi\u1ea3i quy\u1ebft c\u00e1c v\u1ea5n \u0111\u1ec1 c\u1ee7a l\u00e0n da.<\/p>\n","protected":false},"featured_media":666,"comment_status":"open","ping_status":"closed","template":"","meta":{"site-sidebar-layout":"default","site-content-layout":"","ast-site-content-layout":"default","site-content-style":"default","site-sidebar-style":"default","ast-global-header-display":"","ast-banner-title-visibility":"","ast-main-header-display":"","ast-hfb-above-header-display":"","ast-hfb-below-header-display":"","ast-hfb-mobile-header-display":"","site-post-title":"","ast-breadcrumbs-content":"","ast-featured-img":"","footer-sml-layout":"","theme-transparent-header-meta":"","adv-header-id-meta":"","stick-header-meta":"","header-above-stick-meta":"","header-main-stick-meta":"","header-below-stick-meta":"","astra-migrate-meta-layouts":"default","ast-page-background-enabled":"default","ast-page-background-meta":{"desktop":{"background-color":"var(--ast-global-color-5)","background-image":"","background-repeat":"repeat","background-position":"center center","background-size":"auto","background-attachment":"scroll","background-type":"","background-media":"","overlay-type":"","overlay-color":"","overlay-opacity":"","overlay-gradient":""},"tablet":{"background-color":"","background-image":"","background-repeat":"repeat","background-position":"center center","background-size":"auto","background-attachment":"scroll","background-type":"","background-media":"","overlay-type":"","overlay-color":"","overlay-opacity":"","overlay-gradient":""},"mobile":{"background-color":"","background-image":"","background-repeat":"repeat","background-position":"center center","background-size":"auto","background-attachment":"scroll","background-type":"","background-media":"","overlay-type":"","overlay-color":"","overlay-opacity":"","overlay-gradient":""}},"ast-content-background-meta":{"desktop":{"background-color":"var(--ast-global-color-4)","background-image":"","background-repeat":"repeat","background-position":"center center","background-size":"auto","background-attachment":"scroll","background-type":"","background-media":"","overlay-type":"","overlay-color":"","overlay-opacity":"","overlay-gradient":""},"tablet":{"background-color":"var(--ast-global-color-4)","background-image":"","background-repeat":"repeat","background-position":"center center","background-size":"auto","background-attachment":"scroll","background-type":"","background-media":"","overlay-type":"","overlay-color":"","overlay-opacity":"","overlay-gradient":""},"mobile":{"background-color":"var(--ast-global-color-4)","background-image":"","background-repeat":"repeat","background-position":"center center","background-size":"auto","background-attachment":"scroll","background-type":"","background-media":"","overlay-type":"","overlay-color":"","overlay-opacity":"","overlay-gradient":""}}},"product_brand":[],"product_cat":[96,18,17],"product_tag":[],"class_list":{"0":"post-566","1":"product","2":"type-product","3":"status-publish","4":"has-post-thumbnail","6":"product_cat-bloombyyoung","7":"product_cat-cham-soc-da-mat","8":"product_cat-my-pham","9":"desktop-align-left","10":"tablet-align-left","11":"mobile-align-left","13":"first","14":"instock","15":"taxable","16":"shipping-taxable","17":"purchasable","18":"product-type-simple"},"_links":{"self":[{"href":"https:\/\/omewa.online\/index.php\/wp-json\/wp\/v2\/product\/566","targetHints":{"allow":["GET"]}}],"collection":[{"href":"https:\/\/omewa.online\/index.php\/wp-json\/wp\/v2\/product"}],"about":[{"href":"https:\/\/omewa.online\/index.php\/wp-json\/wp\/v2\/types\/product"}],"replies":[{"embeddable":true,"href":"https:\/\/omewa.online\/index.php\/wp-json\/wp\/v2\/comments?post=566"}],"wp:featuredmedia":[{"embeddable":true,"href":"https:\/\/omewa.online\/index.php\/wp-json\/wp\/v2\/media\/666"}],"wp:attachment":[{"href":"https:\/\/omewa.online\/index.php\/wp-json\/wp\/v2\/media?parent=566"}],"wp:term":[{"taxonomy":"product_brand","embeddable":true,"href":"https:\/\/omewa.online\/index.php\/wp-json\/wp\/v2\/product_brand?post=566"},{"taxonomy":"product_cat","embeddable":true,"href":"https:\/\/omewa.online\/index.php\/wp-json\/wp\/v2\/product_cat?post=566"},{"taxonomy":"product_tag","embeddable":true,"href":"https:\/\/omewa.online\/index.php\/wp-json\/wp\/v2\/product_tag?post=566"}],"curies":[{"name":"wp","href":"https:\/\/api.w.org\/{rel}","templated":true}]}}