{"id":565,"date":"2025-11-01T18:11:50","date_gmt":"2025-11-01T18:11:50","guid":{"rendered":"https:\/\/omewa.online\/?post_type=product&#038;p=565"},"modified":"2025-11-01T18:12:23","modified_gmt":"2025-11-01T18:12:23","slug":"boosting-ampoule-hyal-fantastick-collagen","status":"publish","type":"product","link":"https:\/\/omewa.online\/index.php\/product\/boosting-ampoule-hyal-fantastick-collagen\/","title":{"rendered":"Boosting Ampoule HYAL FANTASTICK COLLAGEN"},"content":{"rendered":"<p><img fetchpriority=\"high\" decoding=\"async\" class=\"alignnone size-full wp-image-21685\" src=\"https:\/\/omewa.online\/wp-content\/uploads\/2024\/04\/omewa-01.jpg\" alt=\"\" width=\"750\" height=\"750\" \/>D\u00f9ng hyaluronic acid v\u00e0 collagen \u0111\u00f4ng l\u1ea1nh \u0111\u1ec3 l\u1ea5p \u0111\u1ea7y ch\u1eb7t ch\u1ebd l\u1edbp m\u00e0ng b\u1ea3o v\u1ec7 da \u0111\u00e3 suy y\u1ebfu, t\u1ea1o ra l\u00e0n da s\u0103n ch\u1eafc v\u00e0 m\u1ecbn m\u00e0ng. Collagen l\u00e0 m\u1ed9t lo\u1ea1i protein \u0111\u00e0n h\u1ed3i, gi\u00fap t\u1ebf b\u00e0o da h\u1ed7 tr\u1ee3 nhau v\u00e0 ch\u1ee9a c\u00e1c th\u00e0nh ph\u1ea7n t\u0103ng c\u01b0\u1eddng da.<\/p>\n<p>&nbsp;<\/p>\n","protected":false},"excerpt":{"rendered":"<p>D\u00f9ng hyaluronic acid v\u00e0 collagen \u0111\u00f4ng l\u1ea1nh \u0111\u1ec3 l\u1ea5p \u0111\u1ea7y ch\u1eb7t ch\u1ebd l\u1edbp m\u00e0ng b\u1ea3o v\u1ec7 da \u0111\u00e3 suy y\u1ebfu, t\u1ea1o ra l\u00e0n da s\u0103n ch\u1eafc v\u00e0 m\u1ecbn m\u00e0ng. Collagen l\u00e0 m\u1ed9t lo\u1ea1i protein \u0111\u00e0n h\u1ed3i, gi\u00fap t\u1ebf b\u00e0o da h\u1ed7 tr\u1ee3 nhau v\u00e0 ch\u1ee9a c\u00e1c th\u00e0nh ph\u1ea7n t\u0103ng c\u01b0\u1eddng da.<\/p>\n<p>&nbsp;<\/p>\n","protected":false},"featured_media":663,"comment_status":"open","ping_status":"closed","template":"","meta":{"site-sidebar-layout":"default","site-content-layout":"","ast-site-content-layout":"default","site-content-style":"default","site-sidebar-style":"default","ast-global-header-display":"","ast-banner-title-visibility":"","ast-main-header-display":"","ast-hfb-above-header-display":"","ast-hfb-below-header-display":"","ast-hfb-mobile-header-display":"","site-post-title":"","ast-breadcrumbs-content":"","ast-featured-img":"","footer-sml-layout":"","theme-transparent-header-meta":"","adv-header-id-meta":"","stick-header-meta":"","header-above-stick-meta":"","header-main-stick-meta":"","header-below-stick-meta":"","astra-migrate-meta-layouts":"default","ast-page-background-enabled":"default","ast-page-background-meta":{"desktop":{"background-color":"var(--ast-global-color-5)","background-image":"","background-repeat":"repeat","background-position":"center center","background-size":"auto","background-attachment":"scroll","background-type":"","background-media":"","overlay-type":"","overlay-color":"","overlay-opacity":"","overlay-gradient":""},"tablet":{"background-color":"","background-image":"","background-repeat":"repeat","background-position":"center center","background-size":"auto","background-attachment":"scroll","background-type":"","background-media":"","overlay-type":"","overlay-color":"","overlay-opacity":"","overlay-gradient":""},"mobile":{"background-color":"","background-image":"","background-repeat":"repeat","background-position":"center center","background-size":"auto","background-attachment":"scroll","background-type":"","background-media":"","overlay-type":"","overlay-color":"","overlay-opacity":"","overlay-gradient":""}},"ast-content-background-meta":{"desktop":{"background-color":"var(--ast-global-color-4)","background-image":"","background-repeat":"repeat","background-position":"center center","background-size":"auto","background-attachment":"scroll","background-type":"","background-media":"","overlay-type":"","overlay-color":"","overlay-opacity":"","overlay-gradient":""},"tablet":{"background-color":"var(--ast-global-color-4)","background-image":"","background-repeat":"repeat","background-position":"center center","background-size":"auto","background-attachment":"scroll","background-type":"","background-media":"","overlay-type":"","overlay-color":"","overlay-opacity":"","overlay-gradient":""},"mobile":{"background-color":"var(--ast-global-color-4)","background-image":"","background-repeat":"repeat","background-position":"center center","background-size":"auto","background-attachment":"scroll","background-type":"","background-media":"","overlay-type":"","overlay-color":"","overlay-opacity":"","overlay-gradient":""}}},"product_brand":[],"product_cat":[96,18,17],"product_tag":[],"class_list":{"0":"post-565","1":"product","2":"type-product","3":"status-publish","4":"has-post-thumbnail","6":"product_cat-bloombyyoung","7":"product_cat-cham-soc-da-mat","8":"product_cat-my-pham","9":"desktop-align-left","10":"tablet-align-left","11":"mobile-align-left","13":"first","14":"instock","15":"taxable","16":"shipping-taxable","17":"purchasable","18":"product-type-simple"},"_links":{"self":[{"href":"https:\/\/omewa.online\/index.php\/wp-json\/wp\/v2\/product\/565","targetHints":{"allow":["GET"]}}],"collection":[{"href":"https:\/\/omewa.online\/index.php\/wp-json\/wp\/v2\/product"}],"about":[{"href":"https:\/\/omewa.online\/index.php\/wp-json\/wp\/v2\/types\/product"}],"replies":[{"embeddable":true,"href":"https:\/\/omewa.online\/index.php\/wp-json\/wp\/v2\/comments?post=565"}],"wp:featuredmedia":[{"embeddable":true,"href":"https:\/\/omewa.online\/index.php\/wp-json\/wp\/v2\/media\/663"}],"wp:attachment":[{"href":"https:\/\/omewa.online\/index.php\/wp-json\/wp\/v2\/media?parent=565"}],"wp:term":[{"taxonomy":"product_brand","embeddable":true,"href":"https:\/\/omewa.online\/index.php\/wp-json\/wp\/v2\/product_brand?post=565"},{"taxonomy":"product_cat","embeddable":true,"href":"https:\/\/omewa.online\/index.php\/wp-json\/wp\/v2\/product_cat?post=565"},{"taxonomy":"product_tag","embeddable":true,"href":"https:\/\/omewa.online\/index.php\/wp-json\/wp\/v2\/product_tag?post=565"}],"curies":[{"name":"wp","href":"https:\/\/api.w.org\/{rel}","templated":true}]}}