{"id":563,"date":"2025-11-01T18:11:50","date_gmt":"2025-11-01T18:11:50","guid":{"rendered":"https:\/\/omewa.online\/?post_type=product&#038;p=563"},"modified":"2025-11-01T18:12:21","modified_gmt":"2025-11-01T18:12:21","slug":"tinh-dau-thong-do-sam-ngoc-linh-green-health-tang-tri-nho-phat-trien-tri-nao","status":"publish","type":"product","link":"https:\/\/omewa.online\/index.php\/product\/tinh-dau-thong-do-sam-ngoc-linh-green-health-tang-tri-nho-phat-trien-tri-nao\/","title":{"rendered":"Tinh D\u1ea7u Th\u00f4ng \u0110\u1ecf S\u00e2m Ng\u1ecdc Linh &#8211; Green Health: T\u0103ng tr\u00ed nh\u1edb ph\u00e1t tri\u1ec3n tr\u00ed n\u00e3o"},"content":{"rendered":"<p><strong>Tinh D\u1ea7u Th\u00f4ng \u0110\u1ecf S\u00e2m Ng\u1ecdc Linh &#8211; Green Health: t\u0103ng tr\u00ed nh\u1edb ph\u00e1t tri\u1ec3n tr\u00ed n\u00e3o<\/strong><\/p>\n<p><strong>Th\u00e0nh Ph\u1ea7n N\u1ed5i B\u1eadt<\/strong><\/p>\n<ul>\n<li><strong>Tinh D\u1ea7u Th\u00f4ng \u0110\u1ecf<\/strong>: M\u1ed9t lo\u1ea1i d\u01b0\u1ee3c li\u1ec7u cao c\u1ea5p t\u1eeb H\u00e0n Qu\u1ed1c, n\u1ed5i ti\u1ebfng v\u1edbi kh\u1ea3 n\u0103ng h\u1ed7 tr\u1ee3 gi\u1ea3m s\u1ef1 t\u00edch t\u1ee5 m\u1ee1, c\u1ea3i thi\u1ec7n l\u01b0u th\u00f4ng m\u00e1u, gi\u1ea3m cholesterol v\u00e0 ng\u0103n ch\u1eb7n c\u00e1c v\u1ea5n \u0111\u1ec1 v\u1ec1 tim m\u1ea1ch nh\u01b0 huy\u1ebft \u00e1p cao, thi\u1ebfu m\u00e1u c\u01a1 tim v\u00e0 nh\u1ed3i m\u00e1u c\u01a1 tim. Tinh d\u1ea7u th\u00f4ng \u0111\u1ecf c\u00f2n gi\u00fap ph\u00f2ng ch\u1ed1ng \u0111\u1ed9t qu\u1ef5 m\u1ed9t c\u00e1ch hi\u1ec7u qu\u1ea3.<\/li>\n<li><strong>Chi\u1ebft Xu\u1ea5t S\u00e2m Ng\u1ecdc Linh<\/strong>: \u0110\u01b0\u1ee3c m\u1ec7nh danh l\u00e0 b\u00e1u v\u1eadt c\u1ee7a Vi\u1ec7t Nam, s\u00e2m Ng\u1ecdc Linh t\u0103ng c\u01b0\u1eddng ch\u1ee9c n\u0103ng n\u00e3o b\u1ed9, c\u1ea3i thi\u1ec7n tr\u00ed nh\u1edb, \u0111\u1ed3ng th\u1eddi ch\u1ed1ng l\u1ea1i qu\u00e1 tr\u00ecnh suy gi\u1ea3m nh\u1eadn th\u1ee9c \u1edf ng\u01b0\u1eddi cao tu\u1ed5i v\u00e0 ng\u0103n ng\u1eeba Alzheimer. N\u00f3 c\u00f2n h\u1ed7 tr\u1ee3 t\u1ed1t trong vi\u1ec7c gi\u1ea3m stress v\u00e0 c\u00e1c v\u1ea5n \u0111\u1ec1 v\u1ec1 t\u00e2m tr\u1ea1ng nh\u01b0 tr\u1ea7m c\u1ea3m, lo \u00e2u.<\/li>\n<li><strong>D\u1ea7u Hoa Anh Th\u1ea3o<\/strong>: V\u1edbi kh\u1ea3 n\u0103ng l\u00e0m \u0111\u1eb9p da t\u1eeb s\u00e2u b\u00ean trong, d\u1ea7u hoa anh th\u1ea3o gi\u00fap gi\u1ea3m m\u1ee5n do n\u1ed9i ti\u1ebft, ch\u1ed1ng vi\u00eam nhi\u1ec5m v\u00e0 ng\u0103n ch\u1eb7n l\u00e3o h\u00f3a da, mang l\u1ea1i l\u00e0n da m\u1ecbn m\u00e0ng, tr\u1ebb trung.<\/li>\n<\/ul>\n<figure id=\"attachment_20379\" aria-describedby=\"caption-attachment-20379\" style=\"width: 300px\" class=\"wp-caption aligncenter\"><img fetchpriority=\"high\" decoding=\"async\" class=\"wp-image-20379 size-medium\" src=\"https:\/\/omewa.vn\/uploads\/2024\/02\/omewa-tinh-dau-thong-do-green-health-1-300x300.jpg\" alt=\"Tinh d\u1ea7u th\u00f4ng \u0111\u1ecf s\u00e2m ng\u1ecdc linh Green Health\" width=\"300\" height=\"300\" \/><figcaption id=\"caption-attachment-20379\" class=\"wp-caption-text\">Tinh d\u1ea7u th\u00f4ng \u0111\u1ecf s\u00e2m ng\u1ecdc linh Green Health<\/figcaption><\/figure>\n<p><strong>L\u1ee3i \u00cdch Khi S\u1eed D\u1ee5ng<\/strong><\/p>\n<ul>\n<li>B\u1ed5 sung c\u00e1c ch\u1ea5t ch\u1ed1ng oxy h\u00f3a m\u1ea1nh m\u1ebd, h\u1ed7 tr\u1ee3 gi\u1ea3m cholesterol m\u00e1u, gi\u1ea3m nguy c\u01a1 m\u1eafc b\u1ec7nh x\u01a1 v\u1eefa \u0111\u1ed9ng m\u1ea1ch.<\/li>\n<li>T\u0103ng c\u01b0\u1eddng s\u1ee9c kh\u1ecfe th\u1ec3 ch\u1ea5t, gi\u00fap c\u01a1 th\u1ec3 kh\u1eafc ph\u1ee5c t\u00ecnh tr\u1ea1ng suy nh\u01b0\u1ee3c, suy dinh d\u01b0\u1ee1ng v\u00e0 c\u1ea3i thi\u1ec7n t\u00ecnh tr\u1ea1ng c\u00f2i x\u01b0\u01a1ng.<\/li>\n<li>N\u00e2ng cao ch\u1ee9c n\u0103ng n\u00e3o, t\u0103ng c\u01b0\u1eddng tr\u00ed nh\u1edb, c\u1ea3i thi\u1ec7n s\u1ee9c kh\u1ecfe tim m\u1ea1ch v\u00e0 \u1ed5n \u0111\u1ecbnh huy\u1ebft \u00e1p, mang l\u1ea1i s\u1ef1 c\u00e2n b\u1eb1ng v\u00e0 s\u1ee9c kh\u1ecfe to\u00e0n di\u1ec7n cho c\u01a1 th\u1ec3.<\/li>\n<\/ul>\n<p><strong>H\u01b0\u1edbng D\u1eabn S\u1eed D\u1ee5ng<\/strong><\/p>\n<ul>\n<li>Li\u1ec1u l\u01b0\u1ee3ng khuy\u1ebfn ngh\u1ecb: U\u1ed1ng 1 vi\u00ean m\u1ed7i l\u1ea7n, 1-2 l\u1ea7n m\u1ed7i ng\u00e0y.<\/li>\n<li>N\u00ean u\u1ed1ng sau b\u1eefa \u0103n \u0111\u1ec3 t\u1ed1i \u01b0u h\u00f3a hi\u1ec7u qu\u1ea3 c\u1ee7a s\u1ea3n ph\u1ea9m.<\/li>\n<li>Tu\u00e2n theo h\u01b0\u1edbng d\u1eabn c\u1ee7a b\u00e1c s\u0129 ho\u1eb7c chuy\u00ean gia y t\u1ebf \u0111\u1ec3 \u0111\u1ea1t \u0111\u01b0\u1ee3c k\u1ebft qu\u1ea3 t\u1ed1t nh\u1ea5t.<\/li>\n<\/ul>\n<p>Tinh D\u1ea7u Th\u00f4ng \u0110\u1ecf S\u00e2m Ng\u1ecdc Linh t\u1eeb Green Health l\u00e0 s\u1ef1 l\u1ef1a ch\u1ecdn ho\u00e0n h\u1ea3o cho nh\u1eefng ai t\u00ecm ki\u1ebfm m\u1ed9t gi\u1ea3i ph\u00e1p t\u1ef1 nhi\u00ean \u0111\u1ec3 c\u1ea3i thi\u1ec7n s\u1ee9c kh\u1ecfe v\u00e0 n\u00e2ng cao ch\u1ea5t l\u01b0\u1ee3ng cu\u1ed9c s\u1ed1ng. \u0110\u1ea7u t\u01b0 v\u00e0o s\u1ee9c kh\u1ecfe c\u1ee7a b\u1ea1n h\u00f4m nay \u0111\u1ec3 t\u1eadn h\u01b0\u1edfng m\u1ed9t t\u01b0\u01a1ng lai kh\u1ecfe m\u1ea1nh v\u00e0 h\u1ea1nh ph\u00fac.<\/p>\n","protected":false},"excerpt":{"rendered":"<p><strong>Tinh D\u1ea7u Th\u00f4ng \u0110\u1ecf S\u00e2m Ng\u1ecdc Linh &#8211; Green Health , <\/strong><\/p>\n<p><strong>T\u0103ng C\u01b0\u1eddng S\u1ee9c Kh\u1ecfe, t\u0103ng Tr\u00ed Nh\u1edb ph\u00e1t tri\u1ec3n Tr\u00ed N\u00e3o v\u1edbi Tinh D\u1ea7u Th\u00f4ng \u0110\u1ecf S\u00e2m Ng\u1ecdc Linh<\/strong><\/p>\n<p>Kh\u00e1m ph\u00e1 l\u1ee3i \u00edch to\u00e0n di\u1ec7n t\u1eeb Tinh D\u1ea7u Th\u00f4ng \u0110\u1ecf S\u00e2m Ng\u1ecdc Linh: t\u1eeb vi\u1ec7c t\u0103ng c\u01b0\u1eddng s\u1ee9c kh\u1ecfe tim m\u1ea1ch, c\u1ea3i thi\u1ec7n ch\u1ee9c n\u0103ng n\u00e3o b\u1ed9 \u0111\u1ebfn vi\u1ec7c h\u1ed7 tr\u1ee3 gi\u1ea3m cholesterol v\u00e0 nguy c\u01a1 x\u01a1 v\u1eefa \u0111\u1ed9ng m\u1ea1ch. S\u1ea3n ph\u1ea9m n\u00e0y kh\u00f4ng ch\u1ec9 gi\u00fap b\u1ed3i b\u1ed5 c\u01a1 th\u1ec3, ch\u1ed1ng l\u1ea1i t\u00ecnh tr\u1ea1ng suy nh\u01b0\u1ee3c v\u00e0 suy dinh d\u01b0\u1ee1ng m\u00e0 c\u00f2n l\u00e0 ch\u00eca kh\u00f3a \u0111\u1ec3 b\u1ea1n duy tr\u00ec m\u1ed9t tr\u00ed nh\u1edb s\u1eafc b\u00e9n v\u00e0 huy\u1ebft \u00e1p \u1ed5n \u0111\u1ecbnh. T\u1eadn h\u01b0\u1edfng cu\u1ed9c s\u1ed1ng kh\u1ecfe m\u1ea1nh v\u1edbi s\u1ef1 h\u1ed7 tr\u1ee3 t\u1eeb thi\u00ean nhi\u00ean.<\/p>\n","protected":false},"featured_media":661,"comment_status":"open","ping_status":"closed","template":"","meta":{"site-sidebar-layout":"default","site-content-layout":"","ast-site-content-layout":"default","site-content-style":"default","site-sidebar-style":"default","ast-global-header-display":"","ast-banner-title-visibility":"","ast-main-header-display":"","ast-hfb-above-header-display":"","ast-hfb-below-header-display":"","ast-hfb-mobile-header-display":"","site-post-title":"","ast-breadcrumbs-content":"","ast-featured-img":"","footer-sml-layout":"","theme-transparent-header-meta":"","adv-header-id-meta":"","stick-header-meta":"","header-above-stick-meta":"","header-main-stick-meta":"","header-below-stick-meta":"","astra-migrate-meta-layouts":"default","ast-page-background-enabled":"default","ast-page-background-meta":{"desktop":{"background-color":"var(--ast-global-color-5)","background-image":"","background-repeat":"repeat","background-position":"center center","background-size":"auto","background-attachment":"scroll","background-type":"","background-media":"","overlay-type":"","overlay-color":"","overlay-opacity":"","overlay-gradient":""},"tablet":{"background-color":"","background-image":"","background-repeat":"repeat","background-position":"center center","background-size":"auto","background-attachment":"scroll","background-type":"","background-media":"","overlay-type":"","overlay-color":"","overlay-opacity":"","overlay-gradient":""},"mobile":{"background-color":"","background-image":"","background-repeat":"repeat","background-position":"center center","background-size":"auto","background-attachment":"scroll","background-type":"","background-media":"","overlay-type":"","overlay-color":"","overlay-opacity":"","overlay-gradient":""}},"ast-content-background-meta":{"desktop":{"background-color":"var(--ast-global-color-4)","background-image":"","background-repeat":"repeat","background-position":"center center","background-size":"auto","background-attachment":"scroll","background-type":"","background-media":"","overlay-type":"","overlay-color":"","overlay-opacity":"","overlay-gradient":""},"tablet":{"background-color":"var(--ast-global-color-4)","background-image":"","background-repeat":"repeat","background-position":"center center","background-size":"auto","background-attachment":"scroll","background-type":"","background-media":"","overlay-type":"","overlay-color":"","overlay-opacity":"","overlay-gradient":""},"mobile":{"background-color":"var(--ast-global-color-4)","background-image":"","background-repeat":"repeat","background-position":"center center","background-size":"auto","background-attachment":"scroll","background-type":"","background-media":"","overlay-type":"","overlay-color":"","overlay-opacity":"","overlay-gradient":""}}},"product_brand":[],"product_cat":[149],"product_tag":[85,86,87,88,89],"class_list":{"0":"post-563","1":"product","2":"type-product","3":"status-publish","4":"has-post-thumbnail","6":"product_cat-voucher","7":"product_tag-sam-ngoc-linh","8":"product_tag-tang-tri-nho","9":"product_tag-tinh-dau-thong-do","10":"product_tag-tinh-dau-thong-do-sam-ngoc-linh","11":"product_tag-tinh-dau-thong-do-sam-ngoc-linh-green-health","12":"desktop-align-left","13":"tablet-align-left","14":"mobile-align-left","16":"first","17":"instock","18":"taxable","19":"shipping-taxable","20":"purchasable","21":"product-type-simple"},"_links":{"self":[{"href":"https:\/\/omewa.online\/index.php\/wp-json\/wp\/v2\/product\/563","targetHints":{"allow":["GET"]}}],"collection":[{"href":"https:\/\/omewa.online\/index.php\/wp-json\/wp\/v2\/product"}],"about":[{"href":"https:\/\/omewa.online\/index.php\/wp-json\/wp\/v2\/types\/product"}],"replies":[{"embeddable":true,"href":"https:\/\/omewa.online\/index.php\/wp-json\/wp\/v2\/comments?post=563"}],"wp:featuredmedia":[{"embeddable":true,"href":"https:\/\/omewa.online\/index.php\/wp-json\/wp\/v2\/media\/661"}],"wp:attachment":[{"href":"https:\/\/omewa.online\/index.php\/wp-json\/wp\/v2\/media?parent=563"}],"wp:term":[{"taxonomy":"product_brand","embeddable":true,"href":"https:\/\/omewa.online\/index.php\/wp-json\/wp\/v2\/product_brand?post=563"},{"taxonomy":"product_cat","embeddable":true,"href":"https:\/\/omewa.online\/index.php\/wp-json\/wp\/v2\/product_cat?post=563"},{"taxonomy":"product_tag","embeddable":true,"href":"https:\/\/omewa.online\/index.php\/wp-json\/wp\/v2\/product_tag?post=563"}],"curies":[{"name":"wp","href":"https:\/\/api.w.org\/{rel}","templated":true}]}}