{"id":496,"date":"2025-11-01T18:11:28","date_gmt":"2025-11-01T18:11:28","guid":{"rendered":"https:\/\/omewa.online\/?post_type=product&#038;p=496"},"modified":"2025-11-01T18:12:20","modified_gmt":"2025-11-01T18:12:20","slug":"gel-nha-dam-duong-am-da-body-flora-300ml","status":"publish","type":"product","link":"https:\/\/omewa.online\/index.php\/product\/gel-nha-dam-duong-am-da-body-flora-300ml\/","title":{"rendered":"Gel nha \u0111am d\u01b0\u1ee1ng \u1ea9m da body Flora 300ml"},"content":{"rendered":"<div class=\"product-detail page-product__detail\">\n<section class=\"U9rGd1\">\n<div class=\"MCCLkq\">\n<div class=\"f7AU53\">\n<p class=\"irIKAp\">Gel Nha \u0110am D\u01b0\u1ee1ng \u1ea8m Da Body FLORA BEAUTY ALOE VERA SOOTHING GEL 300ml<\/p>\n<p class=\"irIKAp\">Gel Nha \u0110am D\u01b0\u1ee1ng \u1ea8m Da Body FLORA BEAUTY ALOE VERA SOOTHING GEL \u0111\u01b0\u1ee3c chi\u1ebft xu\u1ea5t t\u1eeb l\u00f4 h\u1ed9i h\u1eefu c\u01a1 d\u1ec5 d\u00e0ng th\u1ea9m th\u1ea5u gi\u00fap c\u1ea5p n\u01b0\u1edbc cho da h\u1ed7n h\u1ee3p, da kh\u00f4, gi\u00fap l\u00e0m d\u1ecbu v\u00e0 b\u1ea3o v\u1ec7 l\u00e0n da nh\u1ea1y c\u1ea3m, d\u1ec5 b\u1ecb k\u00edch \u1ee9ng nu\u00f4i d\u01b0\u1ee1ng cho l\u00e0n da m\u1ec1m m\u01b0\u1ee3t m\u1ecbn m\u00e0ng v\u1edbi \u0111\u1ea7y \u0111\u1ee7 \u0111\u1ed9 \u1ea9m m\u00e0 kh\u00f4ng h\u1ec1 nh\u1eddn d\u00ednh.<\/p>\n<p class=\"irIKAp\">L\u00e0m t\u0103ng \u0111\u1ed9 \u1ea9m, t\u1ea1o \u0111\u1ed9 c\u0103ng cho da, t\u00e1i t\u1ea1o t\u1ebf b\u00e0o m\u1edbi gi\u00fap l\u00e0m gi\u1ea3m qu\u00e1 tr\u00ecnh l\u00e3o h\u00f3a c\u1ee7a l\u00e0n da. Gi\u00fap se kh\u00edt l\u1ed7 ch\u00e2n l\u00f4ng, gi\u1ea3m m\u1ee5n hi\u1ec7u qu\u1ea3.<\/p>\n<p class=\"irIKAp\">TH\u00d4NG TIN S\u1ea2N PH\u1ea8M<\/p>\n<p class=\"irIKAp\">&#8211; Xu\u1ea5t x\u1ee9: H\u00e0n Qu\u1ed1c.<\/p>\n<p class=\"irIKAp\">&#8211; Th\u01b0\u01a1ng hi\u1ec7u: Flora Beauty.<\/p>\n<p class=\"irIKAp\">&#8211; Quy c\u00e1ch \u0111\u00f3ng g\u00f3i: H\u1ed9p 300ml.<\/p>\n<p class=\"irIKAp\">TH\u00c0NH PH\u1ea6N<\/p>\n<p class=\"irIKAp\">&#8211; Chi\u1ebft xu\u1ea5t t\u1eeb l\u00e1 nha \u0111am: gi\u00fap l\u00e0m d\u1ecbu v\u00e0 b\u1ea3o v\u1ec7 l\u00e0n da nh\u1ea1y c\u1ea3m, d\u1ec5 b\u1ecb k\u00edch \u1ee9ng, gi\u00fap cung c\u1ea5p \u1ea9m v\u00e0 n\u01b0\u1edbc gi\u00fap da lu\u00f4n m\u1ec1m m\u1ecbn, m\u01b0\u1ee3t m\u00e0 gi\u00fap da d\u1ec5 \u0111\u00e0n h\u1ed3i, gi\u1ea3m b\u1edbt n\u1ebfp nh\u0103n.<\/p>\n<p class=\"irIKAp\">&#8211; Allantoin: v\u1eeba gi\u00fap da gi\u1eef n\u01b0\u1edbc nhi\u1ec1u h\u01a1n, da m\u01b0\u1ee3t m\u00e0 v\u00e0 t\u00e1i t\u1ea1o da, c\u1ea3i thi\u1ec7n tr\u00ean b\u1ec1 m\u1eb7t da. Allantoin c\u0169ng gi\u00fap l\u00e0m d\u1ecbu da k\u00edch \u1ee9ng, gi\u1ea3m m\u1eabn \u0111\u1ecf v\u00e0 gi\u1ea3m c\u1ea3m gi\u00e1c kh\u00f3 ch\u1ecbu.<\/p>\n<p class=\"irIKAp\">&#8211; Chi\u1ebft xu\u1ea5t t\u1eeb rau Sam: ch\u1ee9a nhi\u1ec1u c\u00e1c lo\u1ea1i vitamin A, B1, B2, C, Omega 3 v\u00e0 \u0111\u1ea7y \u0111\u1ee7 kho\u00e1ng ch\u1ea5t, \u0111\u1eb7c bi\u1ec7t l\u00e0 ch\u1ea5t ch\u1ed1ng oxy ho\u00e1 s\u1ebd l\u00e0m cho qu\u00e1 tr\u00ecnh l\u00e3o ho\u00e1 di\u1ec5n ra ch\u1eadm h\u01a1n<\/p>\n<p class=\"irIKAp\">. &#8211; Chi\u1ebft xu\u1ea5t t\u1eeb rau m\u00e1: d\u01b0\u1ee1ng \u1ea9m v\u00e0 d\u1ecbu nh\u1eb9, l\u00e0nh t\u00ednh ngay c\u1ea3 v\u1edbi nh\u1eefng l\u00e0n da m\u1eabn c\u1ea3m nh\u1ea5t. Ngo\u00e0i ra chi\u1ebft xu\u1ea5t rau m\u00e1 c\u00f2n gi\u00fap ch\u1ed1ng oxy h\u00f3a, l\u00e0m ch\u1eadm qu\u00e1 tr\u00ecnh l\u00e3o h\u00f3a da.<\/p>\n<p class=\"irIKAp\">&#8211; Chi\u1ebft xu\u1ea5t t\u1eeb D\u01b0a Leo: c\u00f3 ch\u1ee9a ch\u1ea5t l\u00e0m tr\u1eafng t\u1ef1 nhi\u00ean gi\u00fap c\u1ea3i thi\u1ec7n m\u00e0u da hi\u1ec7u qu\u1ea3, d\u1ed3ng th\u1eddi c\u00e2n b\u1eb1ng \u0111\u1ed9 \u1ea9m cho da.<\/p>\n<p class=\"irIKAp\">\u0110I\u1ec2M N\u1ed4I B\u1eacT Gel Nha \u0110am D\u01b0\u1ee1ng \u1ea8m Da Body FLORA BEAUTY l\u00e0 s\u1ea3n ph\u1ea9m r\u1ea5t l\u00e0nh t\u00ednh c\u00f3 t\u00e1c d\u1ee5ng th\u1ea5m s\u00e2u v\u00e0o c\u00e1c t\u1ebf b\u00e0o da, nu\u00f4i d\u01b0\u1ee1ng l\u00e0n da v\u00e0 \u0111\u1eb7c bi\u1ec7t kh\u00f4ng g\u00e2y nh\u1eddn d\u00ednh, mang l\u1ea1i c\u1ea3m gi\u00e1c th\u01b0 gi\u00e3n v\u00e0 m\u00e1t l\u1ea1nh cho da.<\/p>\n<p class=\"irIKAp\">H\u01af\u1edaNG D\u1eaaN S\u1eec D\u1ee4NG<\/p>\n<p class=\"irIKAp\">&#8211; L\u1ea5y 1 l\u01b0\u1ee3ng th\u00edch h\u1ee3p, massage nh\u1eb9 nh\u00e0ng \u0111\u1ec3 cho gel th\u1ea5m \u0111\u1ec1u v\u00e0o da.<\/p>\n<p class=\"irIKAp\">&#8211; D\u00f9ng th\u01b0\u1eddng xuy\u00ean cho c\u00e1c v\u00f9ng da kh\u00f4 tr\u00ean m\u1eb7t v\u00e0 c\u01a1 th\u1ec3.<\/p>\n<p class=\"irIKAp\">H\u01af\u1edaNG D\u1eaaN B\u1ea2O QU\u1ea2N Gel Nha \u0110am D\u01b0\u1ee1ng \u1ea8m Da Body FLORA BEAUTY<\/p>\n<p class=\"irIKAp\">&#8211; Ch\u1ec9 d\u00f9ng ngo\u00e0i da.<\/p>\n<p class=\"irIKAp\">&#8211; Tr\u00e1nh ti\u1ebfp x\u00fac g\u1ea7n m\u1eaft<\/p>\n<p class=\"irIKAp\">. &#8211; \u0110\u1ec3 xa t\u1ea7m tay c\u1ee7a tr\u1ebb em.<\/p>\n<p class=\"irIKAp\">&#8211; B\u1ea3o qu\u1ea3n s\u1ea3n ph\u1ea9m n\u01a1i kh\u00f4 r\u00e1o tho\u00e1ng m\u00e1t.<\/p>\n<p class=\"irIKAp\">&#8211; Tr\u00e1nh \u00e1nh n\u1eafng tr\u1ef1c ti\u1ebfp, n\u01a1i c\u00f3 nhi\u1ec7t \u0111\u1ed9 cao ho\u1eb7c \u1ea9m \u01b0\u1edbt.<\/p>\n<p class=\"irIKAp\">&#8211; \u0110\u1eady n\u1eafp k\u00edn sau khi s\u1eed d\u1ee5ng.<\/p>\n<p class=\"irIKAp\">CH\u00cdNH S\u00c1CH MUA H\u00c0NG<\/p>\n<p class=\"irIKAp\">&#8211; Cam k\u1ebft 100% ch\u00ednh h\u00e3ng, s\u1ea3n ph\u1ea9m th\u1eadt gi\u1ed1ng nh\u01b0 h\u00ecnh \u1ea3nh m\u00f4 t\u1ea3.<\/p>\n<p class=\"irIKAp\">&#8211; \u0110\u1ed5i\/tr\u1ea3 s\u1ea3n ph\u1ea9m trong v\u00f2ng 03 ng\u00e0y theo \u0111\u00fang quy \u0111\u1ecbnh .<\/p>\n<p class=\"irIKAp\">&#8211; Nhi\u1ec1u \u01b0u \u0111\u00e3i h\u1ea5p d\u1eabn d\u00e0nh cho kh\u00e1ch h\u00e0ng.<\/p>\n<p class=\"irIKAp\">&#8211; Kh\u00e1ch h\u00e0ng vui l\u00f2ng quay video qu\u00e1 tr\u00ecnh m\u1edf h\u00e0ng v\u00e0 ph\u1ea3n h\u1ed3i ngay v\u1edbi Shop khi c\u00f3 v\u1ea5n \u0111\u1ec1 ph\u00e1t sinh \u0111\u1ec3 \u0111\u01b0\u1ee3c gi\u1ea3i quy\u1ebft nhanh ch\u00f3ng.<\/p>\n<p class=\"irIKAp\">#florabeauty #flora #gelnhadam #skincare<\/p>\n<\/div>\n<\/div>\n<\/section>\n<\/div>\n<div>\n<div>\n<div class=\"product-ratings\" data-nosnippet=\"true\">\n<div class=\"product-ratings__header\"><\/div>\n<div class=\"product-rating-overview\">\n<div class=\"product-rating-overview__filters\">\n<div class=\"product-rating-overview__filter\"><\/div>\n<\/div>\n<\/div>\n<div class=\"product-ratings-comments-view__no-data\"><\/div>\n<\/div>\n<\/div>\n<\/div>\n","protected":false},"excerpt":{"rendered":"<p>&nbsp;<\/p>\n<p class=\"irIKAp\">Chi\u1ebft xu\u1ea5t t\u1eeb l\u00f4 h\u1ed9i h\u1eefu c\u01a1 d\u1ec5 d\u00e0ng th\u1ea9m th\u1ea5u gi\u00fap c\u1ea5p n\u01b0\u1edbc cho da h\u1ed7n h\u1ee3p, da kh\u00f4, gi\u00fap l\u00e0m d\u1ecbu v\u00e0 b\u1ea3o v\u1ec7 l\u00e0n da nh\u1ea1y c\u1ea3m, d\u1ec5 b\u1ecb k\u00edch \u1ee9ng nu\u00f4i d\u01b0\u1ee1ng cho l\u00e0n da m\u1ec1m m\u01b0\u1ee3t m\u1ecbn m\u00e0ng v\u1edbi \u0111\u1ea7y \u0111\u1ee7 \u0111\u1ed9 \u1ea9m m\u00e0 kh\u00f4ng h\u1ec1 nh\u1eddn d\u00ednh.<\/p>\n<p class=\"irIKAp\">L\u00e0m t\u0103ng \u0111\u1ed9 \u1ea9m, t\u1ea1o \u0111\u1ed9 c\u0103ng cho da, t\u00e1i t\u1ea1o t\u1ebf b\u00e0o m\u1edbi gi\u00fap l\u00e0m gi\u1ea3m qu\u00e1 tr\u00ecnh l\u00e3o h\u00f3a c\u1ee7a l\u00e0n da. Gi\u00fap se kh\u00edt l\u1ed7 ch\u00e2n l\u00f4ng, gi\u1ea3m m\u1ee5n hi\u1ec7u qu\u1ea3.<\/p>\n","protected":false},"featured_media":659,"comment_status":"open","ping_status":"closed","template":"","meta":{"site-sidebar-layout":"default","site-content-layout":"","ast-site-content-layout":"default","site-content-style":"default","site-sidebar-style":"default","ast-global-header-display":"","ast-banner-title-visibility":"","ast-main-header-display":"","ast-hfb-above-header-display":"","ast-hfb-below-header-display":"","ast-hfb-mobile-header-display":"","site-post-title":"","ast-breadcrumbs-content":"","ast-featured-img":"","footer-sml-layout":"","theme-transparent-header-meta":"","adv-header-id-meta":"","stick-header-meta":"","header-above-stick-meta":"","header-main-stick-meta":"","header-below-stick-meta":"","astra-migrate-meta-layouts":"default","ast-page-background-enabled":"default","ast-page-background-meta":{"desktop":{"background-color":"var(--ast-global-color-5)","background-image":"","background-repeat":"repeat","background-position":"center center","background-size":"auto","background-attachment":"scroll","background-type":"","background-media":"","overlay-type":"","overlay-color":"","overlay-opacity":"","overlay-gradient":""},"tablet":{"background-color":"","background-image":"","background-repeat":"repeat","background-position":"center center","background-size":"auto","background-attachment":"scroll","background-type":"","background-media":"","overlay-type":"","overlay-color":"","overlay-opacity":"","overlay-gradient":""},"mobile":{"background-color":"","background-image":"","background-repeat":"repeat","background-position":"center center","background-size":"auto","background-attachment":"scroll","background-type":"","background-media":"","overlay-type":"","overlay-color":"","overlay-opacity":"","overlay-gradient":""}},"ast-content-background-meta":{"desktop":{"background-color":"var(--ast-global-color-4)","background-image":"","background-repeat":"repeat","background-position":"center center","background-size":"auto","background-attachment":"scroll","background-type":"","background-media":"","overlay-type":"","overlay-color":"","overlay-opacity":"","overlay-gradient":""},"tablet":{"background-color":"var(--ast-global-color-4)","background-image":"","background-repeat":"repeat","background-position":"center center","background-size":"auto","background-attachment":"scroll","background-type":"","background-media":"","overlay-type":"","overlay-color":"","overlay-opacity":"","overlay-gradient":""},"mobile":{"background-color":"var(--ast-global-color-4)","background-image":"","background-repeat":"repeat","background-position":"center center","background-size":"auto","background-attachment":"scroll","background-type":"","background-media":"","overlay-type":"","overlay-color":"","overlay-opacity":"","overlay-gradient":""}}},"product_brand":[],"product_cat":[78,49,17,35],"product_tag":[],"class_list":{"0":"post-496","1":"product","2":"type-product","3":"status-publish","4":"has-post-thumbnail","6":"product_cat-cham-soc-da-toan-than","7":"product_cat-flora","8":"product_cat-my-pham","9":"product_cat-noi-bat","10":"desktop-align-left","11":"tablet-align-left","12":"mobile-align-left","14":"first","15":"instock","16":"sale","17":"taxable","18":"shipping-taxable","19":"purchasable","20":"product-type-simple"},"_links":{"self":[{"href":"https:\/\/omewa.online\/index.php\/wp-json\/wp\/v2\/product\/496","targetHints":{"allow":["GET"]}}],"collection":[{"href":"https:\/\/omewa.online\/index.php\/wp-json\/wp\/v2\/product"}],"about":[{"href":"https:\/\/omewa.online\/index.php\/wp-json\/wp\/v2\/types\/product"}],"replies":[{"embeddable":true,"href":"https:\/\/omewa.online\/index.php\/wp-json\/wp\/v2\/comments?post=496"}],"wp:featuredmedia":[{"embeddable":true,"href":"https:\/\/omewa.online\/index.php\/wp-json\/wp\/v2\/media\/659"}],"wp:attachment":[{"href":"https:\/\/omewa.online\/index.php\/wp-json\/wp\/v2\/media?parent=496"}],"wp:term":[{"taxonomy":"product_brand","embeddable":true,"href":"https:\/\/omewa.online\/index.php\/wp-json\/wp\/v2\/product_brand?post=496"},{"taxonomy":"product_cat","embeddable":true,"href":"https:\/\/omewa.online\/index.php\/wp-json\/wp\/v2\/product_cat?post=496"},{"taxonomy":"product_tag","embeddable":true,"href":"https:\/\/omewa.online\/index.php\/wp-json\/wp\/v2\/product_tag?post=496"}],"curies":[{"name":"wp","href":"https:\/\/api.w.org\/{rel}","templated":true}]}}