{"id":495,"date":"2025-11-01T18:11:28","date_gmt":"2025-11-01T18:11:28","guid":{"rendered":"https:\/\/omewa.online\/?post_type=product&#038;p=495"},"modified":"2025-11-01T18:12:20","modified_gmt":"2025-11-01T18:12:20","slug":"dau-dua-thao-duoc-ket-hop-cung-vitamin-e-va-tinh-dau-tra-xanh","status":"publish","type":"product","link":"https:\/\/omewa.online\/index.php\/product\/dau-dua-thao-duoc-ket-hop-cung-vitamin-e-va-tinh-dau-tra-xanh\/","title":{"rendered":"D\u1ea7u d\u1eeba th\u1ea3o d\u01b0\u1ee3c k\u1ebft h\u1ee3p c\u00f9ng vitamin E v\u00e0 tinh d\u1ea7u tr\u00e0 xanh"},"content":{"rendered":"<p>D\u1ea7u D\u1eeba FLORA BEAUTY COCONUT OIL 150ml<\/p>\n<p>TH\u00d4NG TIN S\u1ea2N PH\u1ea8M &#8211;<\/p>\n<p>Xu\u1ea5t x\u1ee9: H\u00e0n Qu\u1ed1c.<\/p>\n<p>&#8211; Th\u01b0\u01a1ng hi\u1ec7u: Flora Beauty.<\/p>\n<p>&#8211; Quy c\u00e1ch \u0111\u00f3ng g\u00f3i: Chai 150ml.<\/p>\n<p>TH\u00c0NH PH\u1ea6N<\/p>\n<p>&#8211; 100% D\u1ea6U D\u1eeaA NGUY\u00caN CH\u1ea4T.<\/p>\n<p>&#8211; VITAMIN E. &#8211;<\/p>\n<p>TINH D\u1ea6U TR\u00c0 XANH. \u0110\u1eb6C \u0110I\u1ec2M N\u1ed4I TR\u1ed8I<\/p>\n<p>D\u1ea7u D\u1eeba FLORA BEAUTY COCONUT OIL<\/p>\n<p>&#8211; M\u1ed9t s\u1ea3n ph\u1ea9m thi\u00ean nhi\u00ean v\u00f4 c\u0169ng b\u1ed5 &#8211; r\u1ebb &#8211; \u0111a n\u0103ng.<\/p>\n<p>\u2600\ufe0fTrong d\u1ea7u d\u1eeba FLORA BEAUTY c\u00f3 axit lauric v\u00e0 axit capic, khi thoa l\u00ean da s\u1ebd b\u1ea3o v\u1ec7 kh\u1ecfi nhi\u1ec5m tr\u00f9ng \u0111\u1ed3ng th\u1eddi chuy\u1ec3n ho\u00e1 sang kh\u00e1ng sinh t\u1ef1 nhi\u00ean gi\u00fap t\u0103ng c\u01b0\u1eddng \u0111\u1ec1 kh\u00e1ng cho da.<\/p>\n<p>L\u00e0m s\u1ea1ch l\u1edbp d\u1ea7u th\u1eeba v\u00e0 ho\u00e0 tan l\u1edbp kem trang \u0111i\u1ec3m, n\u00ean khi d\u00f9ng d\u1ea7u d\u1eeba v\u1eeba l\u00e0m t\u1ea9y trang v\u1eeba massage m\u1eb7t th\u01b0 gi\u00e3n l\u00e0m m\u1ec1m da.<\/p>\n<p>\u2600\ufe0fKh\u1ea3 n\u0103ng c\u00e2n b\u1eb1ng \u0111\u1ed9 pH tr\u00ean da gi\u00fap da b\u00e0i ti\u1ebft \u0111\u1ec1u h\u01a1n, ph\u00e1t huy t\u0103ng c\u01b0\u1eddng trao \u0111\u1ed5i ch\u1ea5t d\u1ec5 d\u00e0ng.<\/p>\n<p>\u2600\ufe0fD\u1ea7u d\u1eeba gi\u00fap l\u00e0nh v\u1ebft th\u01b0\u01a1ng do m\u1ee5n g\u00e2y ra v\u00e0 l\u00e0m m\u1edd v\u1ebft th\u00e2m.<\/p>\n<p>\u2600\ufe0fGi\u1ea3m qu\u1ea7ng th\u00e2m quanh m\u1eaft.<\/p>\n<p>\u2600\ufe0fKh\u1eed m\u00f9i t\u1ef1 nhi\u00ean cho c\u01a1 th\u1ec3.<\/p>\n<p>\u2600\ufe0fGi\u1ea3m ng\u1ee9a, s\u01b0ng t\u1ea5y v\u00e0 mau l\u00e0nh v\u00f9ng da b\u1ecb t\u1ed5n th\u01b0\u01a1ng.<\/p>\n<p>\u2600\ufe0fD\u01b0\u1ee1ng m\u00f4i, tr\u1ecb kh\u00f4 n\u1ee9t v\u00e0 l\u00e0m h\u1ed3ng m\u00f4i.<\/p>\n<p>\u2600\ufe0fNg\u0103n ng\u1eeba v\u1ebft r\u1ea1n.<\/p>\n<p>\u2600\ufe0fCh\u0103m s\u00f3c r\u0103ng mi\u1ec7ng.<\/p>\n<p>\u2600\ufe0fL\u00e0m m\u1ec1m v\u00e0 s\u00e1ng nh\u1eefng v\u00f9ng da kh\u00f4 nh\u01b0 khu\u1ef7u tay, \u0111\u1ea7u g\u1ed1i, g\u00f3t ch\u00e2n.<\/p>\n<p>\u2600\ufe0fL\u00e0m d\u1ecbu da b\u1ecb ch\u00e1y n\u1eafng.<\/p>\n<p>\u2600\ufe0fD\u00f9ng t\u1ea9y trang tr\u01b0\u1edbc khi r\u1eeda m\u1eb7t.<\/p>\n<p>H\u01af\u1edaNG D\u1eaaN S\u1eec D\u1ee4NG D\u1ea7u D\u1eeba FLORA BEAUTY COCONUT OIL<\/p>\n<p>&#8211; T\u1ea9y trang: \u0110\u1ec3 m\u1eb7t kh\u00f4, l\u1ea5y 1 l\u01b0\u1ee3ng v\u1eeba \u0111\u1ee7 ra tay, thoa \u0111\u1ec1u kh\u1eafp m\u1eb7t, massage nh\u1eb9 nh\u00e0ng kho\u1ea3ng 1 ph\u00fat, ti\u1ebfp theo d\u00f9ng b\u00f4ng cotton lau s\u1ea1ch v\u00e0 r\u1eeda m\u1eb7t l\u1ea1i v\u1edbi s\u1eefa r\u1eeda m\u1eb7t.<\/p>\n<p>&#8211; D\u01b0\u1ee1ng th\u1ec3: cho v\u00e0i gi\u1ecdt tinh d\u1ea7u d\u1eeba h\u00f2a v\u00e0o s\u1eefa t\u1eafm v\u00e0 t\u1eafm nh\u01b0 b\u00ecnh th\u01b0\u1eddng, sau khi t\u1eafm xong thoa \u0111\u1ec1u tinh d\u1ea7u d\u1eeba v\u00e0 massage nh\u1eb9 nh\u00e0ng to\u00e0n th\u00e2n \u0111\u1ec3 d\u01b0\u1ee1ng \u1ea9m cho da v\u00e0 gi\u00fap kh\u1eed m\u00f9i t\u1ef1 nhi\u00ean cho c\u01a1 th\u1ec3.<\/p>\n<p>&#8211; D\u01b0\u1ee1ng m\u1eaft: Sau khi r\u1eeda s\u1ea1ch m\u1eb7t, l\u1ea5y d\u1ea7u d\u1eeba cho ra \u0111\u1ea7u ng\u00f3n tay \u00e1p \u00fat thoa \u0111\u1ec1u xung quanh m\u1eaft s\u00e1t ch\u00e2n l\u00f4ng mi v\u00e0 \u0111\u1ec3 qua \u0111\u00eam.<\/p>\n<p>&#8211; \u0110\u1ed1i v\u1edbi b\u00e0 b\u1ea7u: thoa d\u1ea7u d\u1eeba l\u00ean c\u00e1c v\u00f9ng da d\u1ec5 r\u1ea1n n\u1ee9t v\u00e0o m\u1ed7i t\u1ed1i tr\u01b0\u1edbc khi \u0111i ng\u1ee7, thoa nh\u1eb9 v\u00f9ng v\u1ee5ng \u0111\u1ec3 tr\u00e1nh k\u00edch th\u00edch t \u1eed c ung.<\/p>\n<p>&#8211; \u0110\u1ed1i v\u1edbi r\u0103ng: Ng\u1ecf v\u00e0i gi\u1ecdt tinh d\u1ea7u d\u1ea7u v\u00e0o kem \u0111\u00e1nh r\u0103ng v\u00e0 \u0111\u00e1nh r\u0103ng b\u00ecnh th\u01b0\u1eddng.<\/p>\n<p>&#8211; Tr\u1ecb n\u1ee9t g\u00f3t ch\u00e2n: tr\u01b0\u1edbc khi \u0111i ng\u1ee7 thoa tinh d\u1ea7u d\u1eeba l\u00ean b\u00e0n ch\u00e2n v\u00e0 g\u00f3t ch\u00e2n \u0111eo v\u1edb v\u00e0o \u0111\u1ec3 \u0111\u1ebfn s\u00e1ng.<\/p>\n<p>CH\u00cdNH S\u00c1CH MUA H\u00c0NG T\u1ea0I FLORA BEAUTY<\/p>\n<p>&#8211; Cam k\u1ebft 100% ch\u00ednh h\u00e3ng, s\u1ea3n ph\u1ea9m th\u1eadt gi\u1ed1ng nh\u01b0 h\u00ecnh \u1ea3nh m\u00f4 t\u1ea3.<\/p>\n<p>&#8211; \u0110\u1ed5i\/tr\u1ea3 s\u1ea3n ph\u1ea9m trong v\u00f2ng 03 ng\u00e0y theo \u0111\u00fang quy \u0111\u1ecbnh<\/p>\n<p>&#8211; Nhi\u1ec1u \u01b0u \u0111\u00e3i h\u1ea5p d\u1eabn d\u00e0nh cho kh\u00e1ch h\u00e0ng.<\/p>\n<p>&#8211; Kh\u00e1ch h\u00e0ng vui l\u00f2ng quay video qu\u00e1 tr\u00ecnh m\u1edf h\u00e0ng v\u00e0 ph\u1ea3n h\u1ed3i ngay v\u1edbi Shop khi c\u00f3 v\u1ea5n \u0111\u1ec1 ph\u00e1t sinh \u0111\u1ec3 \u0111\u01b0\u1ee3c gi\u1ea3i quy\u1ebft nhanh ch\u00f3ng.<\/p>\n","protected":false},"excerpt":{"rendered":"<p>\u2600\ufe0fD\u1ea7u d\u1eeba gi\u00fap l\u00e0nh v\u1ebft th\u01b0\u01a1ng do m\u1ee5n g\u00e2y ra v\u00e0 l\u00e0m m\u1edd v\u1ebft th\u00e2m.<\/p>\n<p>\u2600\ufe0fGi\u1ea3m qu\u1ea7ng th\u00e2m quanh m\u1eaft.<\/p>\n<p>\u2600\ufe0fKh\u1eed m\u00f9i t\u1ef1 nhi\u00ean cho c\u01a1 th\u1ec3.<\/p>\n<p>\u2600\ufe0fGi\u1ea3m ng\u1ee9a, s\u01b0ng t\u1ea5y v\u00e0 mau l\u00e0nh v\u00f9ng da b\u1ecb t\u1ed5n th\u01b0\u01a1ng.<\/p>\n<p>\u2600\ufe0fD\u01b0\u1ee1ng m\u00f4i, tr\u1ecb kh\u00f4 n\u1ee9t v\u00e0 l\u00e0m h\u1ed3ng m\u00f4i.<\/p>\n<p>\u2600\ufe0fNg\u0103n ng\u1eeba v\u1ebft r\u1ea1n.<\/p>\n<p>\u2600\ufe0fCh\u0103m s\u00f3c r\u0103ng mi\u1ec7ng.<\/p>\n<p>\u2600\ufe0fL\u00e0m m\u1ec1m v\u00e0 s\u00e1ng nh\u1eefng v\u00f9ng da kh\u00f4 nh\u01b0 khu\u1ef7u tay, \u0111\u1ea7u g\u1ed1i, g\u00f3t ch\u00e2n.<\/p>\n<p>\u2600\ufe0fL\u00e0m d\u1ecbu da b\u1ecb ch\u00e1y n\u1eafng.<\/p>\n<p>\u2600\ufe0fD\u00f9ng t\u1ea9y trang tr\u01b0\u1edbc khi r\u1eeda m\u1eb7t.<\/p>\n","protected":false},"featured_media":655,"comment_status":"open","ping_status":"closed","template":"","meta":{"site-sidebar-layout":"default","site-content-layout":"","ast-site-content-layout":"default","site-content-style":"default","site-sidebar-style":"default","ast-global-header-display":"","ast-banner-title-visibility":"","ast-main-header-display":"","ast-hfb-above-header-display":"","ast-hfb-below-header-display":"","ast-hfb-mobile-header-display":"","site-post-title":"","ast-breadcrumbs-content":"","ast-featured-img":"","footer-sml-layout":"","theme-transparent-header-meta":"","adv-header-id-meta":"","stick-header-meta":"","header-above-stick-meta":"","header-main-stick-meta":"","header-below-stick-meta":"","astra-migrate-meta-layouts":"default","ast-page-background-enabled":"default","ast-page-background-meta":{"desktop":{"background-color":"var(--ast-global-color-5)","background-image":"","background-repeat":"repeat","background-position":"center center","background-size":"auto","background-attachment":"scroll","background-type":"","background-media":"","overlay-type":"","overlay-color":"","overlay-opacity":"","overlay-gradient":""},"tablet":{"background-color":"","background-image":"","background-repeat":"repeat","background-position":"center center","background-size":"auto","background-attachment":"scroll","background-type":"","background-media":"","overlay-type":"","overlay-color":"","overlay-opacity":"","overlay-gradient":""},"mobile":{"background-color":"","background-image":"","background-repeat":"repeat","background-position":"center center","background-size":"auto","background-attachment":"scroll","background-type":"","background-media":"","overlay-type":"","overlay-color":"","overlay-opacity":"","overlay-gradient":""}},"ast-content-background-meta":{"desktop":{"background-color":"var(--ast-global-color-4)","background-image":"","background-repeat":"repeat","background-position":"center center","background-size":"auto","background-attachment":"scroll","background-type":"","background-media":"","overlay-type":"","overlay-color":"","overlay-opacity":"","overlay-gradient":""},"tablet":{"background-color":"var(--ast-global-color-4)","background-image":"","background-repeat":"repeat","background-position":"center center","background-size":"auto","background-attachment":"scroll","background-type":"","background-media":"","overlay-type":"","overlay-color":"","overlay-opacity":"","overlay-gradient":""},"mobile":{"background-color":"var(--ast-global-color-4)","background-image":"","background-repeat":"repeat","background-position":"center center","background-size":"auto","background-attachment":"scroll","background-type":"","background-media":"","overlay-type":"","overlay-color":"","overlay-opacity":"","overlay-gradient":""}}},"product_brand":[],"product_cat":[18,78,19,49,17],"product_tag":[],"class_list":{"0":"post-495","1":"product","2":"type-product","3":"status-publish","4":"has-post-thumbnail","6":"product_cat-cham-soc-da-mat","7":"product_cat-cham-soc-da-toan-than","8":"product_cat-duong-da","9":"product_cat-flora","10":"product_cat-my-pham","11":"desktop-align-left","12":"tablet-align-left","13":"mobile-align-left","15":"first","16":"instock","17":"taxable","18":"shipping-taxable","19":"purchasable","20":"product-type-simple"},"_links":{"self":[{"href":"https:\/\/omewa.online\/index.php\/wp-json\/wp\/v2\/product\/495","targetHints":{"allow":["GET"]}}],"collection":[{"href":"https:\/\/omewa.online\/index.php\/wp-json\/wp\/v2\/product"}],"about":[{"href":"https:\/\/omewa.online\/index.php\/wp-json\/wp\/v2\/types\/product"}],"replies":[{"embeddable":true,"href":"https:\/\/omewa.online\/index.php\/wp-json\/wp\/v2\/comments?post=495"}],"wp:featuredmedia":[{"embeddable":true,"href":"https:\/\/omewa.online\/index.php\/wp-json\/wp\/v2\/media\/655"}],"wp:attachment":[{"href":"https:\/\/omewa.online\/index.php\/wp-json\/wp\/v2\/media?parent=495"}],"wp:term":[{"taxonomy":"product_brand","embeddable":true,"href":"https:\/\/omewa.online\/index.php\/wp-json\/wp\/v2\/product_brand?post=495"},{"taxonomy":"product_cat","embeddable":true,"href":"https:\/\/omewa.online\/index.php\/wp-json\/wp\/v2\/product_cat?post=495"},{"taxonomy":"product_tag","embeddable":true,"href":"https:\/\/omewa.online\/index.php\/wp-json\/wp\/v2\/product_tag?post=495"}],"curies":[{"name":"wp","href":"https:\/\/api.w.org\/{rel}","templated":true}]}}