{"id":494,"date":"2025-11-01T18:11:28","date_gmt":"2025-11-01T18:11:28","guid":{"rendered":"https:\/\/omewa.online\/?post_type=product&#038;p=494"},"modified":"2025-11-01T18:12:16","modified_gmt":"2025-11-01T18:12:16","slug":"tra-duoc-lieu-hoa-tan-day-thia-canh-khac-tinh-cua-benh-tieu-duong","status":"publish","type":"product","link":"https:\/\/omewa.online\/index.php\/product\/tra-duoc-lieu-hoa-tan-day-thia-canh-khac-tinh-cua-benh-tieu-duong\/","title":{"rendered":"Tr\u00e0 d\u01b0\u1ee3c li\u1ec7u ho\u00e0 tan D\u00e2y Th\u00eca Canh kh\u1eafc tinh c\u1ee7a b\u1ec7nh ti\u1ec3u \u0111\u01b0\u1eddng"},"content":{"rendered":"<p>Tr\u00e0 ho\u00e0 tan d\u00e2y th\u00eca canh l\u00e1 to P\u00f9 M\u00e1t \u2013 H\u1ed9p 20 g\u00f3i<\/p>\n<p>Th\u00e0nh ph\u1ea7n: 80% d\u00e2y th\u00eca canh l\u00e1 to + 10 % gi\u1ea3o c\u1ed5 lam + 10% m\u01b0\u1edbp \u0111\u1eafng r\u1eebng.<\/p>\n<h3><strong>C\u00d4NG D\u1ee4NG:<\/strong><\/h3>\n<p>T\u00e1c d\u1ee5ng h\u1ea1, \u1ed5n \u0111\u1ecbnh \u0111\u01b0\u1eddng huy\u1ebft cho ng\u01b0\u1eddi ti\u1ec3u \u0111\u01b0\u1eddng tuyp 1, tuyp 2, ng\u0103n ng\u1eeba c\u00e1c bi\u1ebfn ch\u1ee9ng nguy hi\u1ec3m c\u1ee7a b\u1ec7nh ti\u1ec3u \u0111\u01b0\u1eddng.<\/p>\n<p>Ho\u1ea1t ch\u1ea5t ch\u00ednh trong d\u00e2y th\u00eca canh l\u00e0 gymnemic acid, v\u1edbi c\u01a1 ch\u1ebf t\u00e1c d\u1ee5ng c\u1ee7a d\u00e2y th\u00eca canh \u0111\u00e3 \u0111\u01b0\u1ee3c x\u00e1c \u0111\u1ecbnh l\u00e0 t\u0103ng ti\u1ebft insulin c\u1ee7a tuy\u1ebfn tu\u1ef5, t\u0103ng c\u01b0\u1eddng ho\u1ea1t l\u1ef1c c\u1ee7a insulin, \u1ee9c ch\u1ebf h\u1ea5p thu glucose \u1edf ru\u1ed9t, l\u00e0m t\u0103ng ho\u1ea1t t\u00ednh c\u1ee7a men h\u1ea5p thu v\u00e0 s\u1eed d\u1ee5ng \u0111\u01b0\u1eddng, gi\u1ea3m cholesterol v\u00e0 lipid m\u00e1u.<\/p>\n<h3><strong>H\u01af\u1edaNG D\u1eaaN S\u1eec D\u1ee4NG:<\/strong><\/h3>\n<ul>\n<li>C\u00e1ch 1: Nh\u00fang t\u00fai l\u1ecdc v\u00e0o c\u1ed1c 100-120ml n\u01b0\u1edbc s\u00f4i v\u00e0 \u0111\u1eady n\u1eafp k\u00edn l\u1ea1i, ch\u1edd 7-10 ph\u00fat, m\u1ed7i l\u1ea7n d\u00f9ng 2 t\u00fai (t\u1ed1t nh\u1ea5t b\u1ecf v\u00e0o b\u00ecnh gi\u1eef nhi\u1ec7t \u0111\u1ec3 c\u00f3 hi\u1ec7u qu\u1ea3 h\u01a1n). Ng\u00e0y d\u00f9ng 3 l\u1ea7n, sau khi \u0103n 15-30 ph\u00fat<\/li>\n<li>C\u00e1ch 2: D\u00f9ng 6 t\u00fai l\u1ecdc b\u1ecf v\u00e0o ph\u00edch gi\u1eef nhi\u1ec7t ho\u1eb7c ph\u00edch R\u1ea1ng \u0111\u00f4ng, cho t\u1eeb 1,2 \u0111\u1ebfn 1,5 l\u00edt n\u01b0\u1edbc \u0111un s\u00f4i v\u00e0 u\u1ed1ng c\u1ea3 ng\u00e0y thay n\u01b0\u1edbc<\/li>\n<\/ul>\n<h3><strong>C\u00d4NG D\u1ee4NG:<\/strong><\/h3>\n<p>T\u00e1c d\u1ee5ng h\u1ea1, \u1ed5n \u0111\u1ecbnh \u0111\u01b0\u1eddng huy\u1ebft cho ng\u01b0\u1eddi ti\u1ec3u \u0111\u01b0\u1eddng tuyp 1, tuyp 2, ng\u0103n ng\u1eeba c\u00e1c bi\u1ebfn ch\u1ee9ng nguy hi\u1ec3m c\u1ee7a b\u1ec7nh ti\u1ec3u \u0111\u01b0\u1eddng.<\/p>\n<p>Ho\u1ea1t ch\u1ea5t ch\u00ednh trong d\u00e2y th\u00eca canh l\u00e0 gymnemic acid, v\u1edbi c\u01a1 ch\u1ebf t\u00e1c d\u1ee5ng c<\/p>\n<p>\u1ee7a d\u00e2y th\u00eca canh \u0111\u00e3 \u0111\u01b0\u1ee3c x\u00e1c \u0111\u1ecbnh l\u00e0 t\u0103ng ti\u1ebft insulin c\u1ee7a tuy\u1ebfn tu\u1ef5, t\u0103ng c\u01b0\u1eddng ho\u1ea1t l\u1ef1c c\u1ee7a insulin, \u1ee9c ch\u1ebf h\u1ea5p thu glucose \u1edf ru\u1ed9t, l\u00e0m t\u0103ng ho\u1ea1t t\u00ednh c\u1ee7a men h\u1ea5p thu v\u00e0 s\u1eed d\u1ee5ng \u0111\u01b0\u1eddng, gi\u1ea3m cholesterol v\u00e0 lipid m\u00e1u.<\/p>\n<h3><strong>H\u01af\u1edaNG D\u1eaaN S\u1eec D\u1ee4NG:<\/strong><\/h3>\n<ul>\n<li>C\u00e1ch 1: Nh\u00fang t\u00fai l\u1ecdc v\u00e0o c\u1ed1c 100-120ml n\u01b0\u1edbc s\u00f4i v\u00e0 \u0111\u1eady n\u1eafp k\u00edn l\u1ea1i, ch\u1edd 7-10 ph\u00fat, m\u1ed7i l\u1ea7n d\u00f9ng 2 t\u00fai (t\u1ed1t nh\u1ea5t b\u1ecf v\u00e0o b\u00ecnh gi\u1eef nhi\u1ec7t \u0111\u1ec3 c\u00f3 hi\u1ec7u qu\u1ea3 h\u01a1n). Ng\u00e0y d\u00f9ng 3 l\u1ea7n, sau khi \u0103n 15-30 ph\u00fat<\/li>\n<li>C\u00e1ch 2: D\u00f9ng 4-5 t\u00fai l\u1ecdc b\u1ecf v\u00e0o ph\u00edch gi\u1eef nhi\u1ec7t ho\u1eb7c ph\u00edch, cho t\u1eeb 1,2 \u0111\u1ebfn 1,5 l\u00edt n\u01b0\u1edbc \u0111un s\u00f4i v\u00e0 u\u1ed1ng c\u1ea3 ng\u00e0y thay n\u01b0\u1edbc<\/li>\n<\/ul>\n<figure id=\"attachment_2816\" class=\"wp-caption aligncenter\" aria-describedby=\"caption-attachment-2816\"><img fetchpriority=\"high\" decoding=\"async\" class=\"size-full wp-image-2816\" src=\"https:\/\/duoclieupumat.com\/wp-content\/uploads\/2020\/04\/324077647_1475100306349419_8190073940032930176_n.jpg\" sizes=\"(max-width: 857px) 100vw, 857px\" srcset=\"https:\/\/duoclieupumat.com\/wp-content\/uploads\/2020\/04\/324077647_1475100306349419_8190073940032930176_n.jpg 857w, https:\/\/duoclieupumat.com\/wp-content\/uploads\/2020\/04\/324077647_1475100306349419_8190073940032930176_n-300x299.jpg 300w, https:\/\/duoclieupumat.com\/wp-content\/uploads\/2020\/04\/324077647_1475100306349419_8190073940032930176_n-150x150.jpg 150w, https:\/\/duoclieupumat.com\/wp-content\/uploads\/2020\/04\/324077647_1475100306349419_8190073940032930176_n-768x766.jpg 768w, https:\/\/duoclieupumat.com\/wp-content\/uploads\/2020\/04\/324077647_1475100306349419_8190073940032930176_n-800x798.jpg 800w, https:\/\/duoclieupumat.com\/wp-content\/uploads\/2020\/04\/324077647_1475100306349419_8190073940032930176_n-600x599.jpg 600w, https:\/\/duoclieupumat.com\/wp-content\/uploads\/2020\/04\/324077647_1475100306349419_8190073940032930176_n-100x100.jpg 100w\" alt=\"D\u00e2y th\u00eca canh l\u00e1 to P\u00f9 M\u00e1t - \u1ed4n \u0111\u1ecbnh \u0111\u01b0\u1eddng huy\u1ebft\" width=\"857\" height=\"855\" \/><figcaption id=\"caption-attachment-2816\" class=\"wp-caption-text\">D\u00e2y th\u00eca canh l\u00e1 to P\u00f9 M\u00e1t \u2013 \u1ed4n \u0111\u1ecbnh \u0111\u01b0\u1eddng huy\u1ebft, ng\u0103n ng\u1eeba bi\u1ebfn ch\u1ee9ng ti\u1ec3u \u0111\u01b0\u1eddng.<\/figcaption><\/figure>\n","protected":false},"excerpt":{"rendered":"<p>&#8216;- Gi\u00fap h\u1ea1 v\u00e0 \u1ed5n \u0111\u1ecbnh \u0111\u01b0\u1eddng huy\u1ebft cho ng\u01b0\u1eddi ti\u1ec3u \u0111\u01b0\u1eddng tuyp 1, tuyp 2,<\/p>\n<p>&#8211; Ng\u0103n ng\u1eeba c\u00e1c bi\u1ebfn ch\u1ee9ng nguy hi\u1ec3m c\u1ee7a b\u1ec7nh ti\u1ec3u \u0111\u01b0\u1eddng<\/p>\n<p>&#8211; Ho\u1ea1t ch\u1ea5t ch\u00ednh trong d\u00e2y th\u00eca canh l\u00e0 gymnemic acid, v\u1edbi c\u01a1 ch\u1ebf t\u00e1c d\u1ee5ng c\u1ee7a d\u00e2y th\u00eca canh \u0111\u00e3 \u0111\u01b0\u1ee3c x\u00e1c \u0111\u1ecbnh l\u00e0 t\u0103ng ti\u1ebft insulin c\u1ee7a tuy\u1ebfn tu\u1ef5, t\u0103ng c\u01b0\u1eddng ho\u1ea1t l\u1ef1c c\u1ee7a insulin, \u1ee9c ch\u1ebf h\u1ea5p thu glucose \u1edf ru\u1ed9t, l\u00e0m t\u0103ng ho\u1ea1t t\u00ednh c\u1ee7a men h\u1ea5p thu v\u00e0 s\u1eed d\u1ee5ng \u0111\u01b0\u1eddng, gi\u1ea3m cholesterol v\u00e0 lipid m\u00e1u<\/p>\n","protected":false},"featured_media":651,"comment_status":"open","ping_status":"closed","template":"","meta":{"site-sidebar-layout":"default","site-content-layout":"","ast-site-content-layout":"default","site-content-style":"default","site-sidebar-style":"default","ast-global-header-display":"","ast-banner-title-visibility":"","ast-main-header-display":"","ast-hfb-above-header-display":"","ast-hfb-below-header-display":"","ast-hfb-mobile-header-display":"","site-post-title":"","ast-breadcrumbs-content":"","ast-featured-img":"","footer-sml-layout":"","theme-transparent-header-meta":"","adv-header-id-meta":"","stick-header-meta":"","header-above-stick-meta":"","header-main-stick-meta":"","header-below-stick-meta":"","astra-migrate-meta-layouts":"default","ast-page-background-enabled":"default","ast-page-background-meta":{"desktop":{"background-color":"var(--ast-global-color-5)","background-image":"","background-repeat":"repeat","background-position":"center center","background-size":"auto","background-attachment":"scroll","background-type":"","background-media":"","overlay-type":"","overlay-color":"","overlay-opacity":"","overlay-gradient":""},"tablet":{"background-color":"","background-image":"","background-repeat":"repeat","background-position":"center center","background-size":"auto","background-attachment":"scroll","background-type":"","background-media":"","overlay-type":"","overlay-color":"","overlay-opacity":"","overlay-gradient":""},"mobile":{"background-color":"","background-image":"","background-repeat":"repeat","background-position":"center center","background-size":"auto","background-attachment":"scroll","background-type":"","background-media":"","overlay-type":"","overlay-color":"","overlay-opacity":"","overlay-gradient":""}},"ast-content-background-meta":{"desktop":{"background-color":"var(--ast-global-color-4)","background-image":"","background-repeat":"repeat","background-position":"center center","background-size":"auto","background-attachment":"scroll","background-type":"","background-media":"","overlay-type":"","overlay-color":"","overlay-opacity":"","overlay-gradient":""},"tablet":{"background-color":"var(--ast-global-color-4)","background-image":"","background-repeat":"repeat","background-position":"center center","background-size":"auto","background-attachment":"scroll","background-type":"","background-media":"","overlay-type":"","overlay-color":"","overlay-opacity":"","overlay-gradient":""},"mobile":{"background-color":"var(--ast-global-color-4)","background-image":"","background-repeat":"repeat","background-position":"center center","background-size":"auto","background-attachment":"scroll","background-type":"","background-media":"","overlay-type":"","overlay-color":"","overlay-opacity":"","overlay-gradient":""}}},"product_brand":[45],"product_cat":[33,35,44],"product_tag":[],"class_list":{"0":"post-494","1":"product","2":"type-product","3":"status-publish","4":"has-post-thumbnail","6":"product_brand-pu-mat","7":"product_cat-mua-sam-tet","8":"product_cat-noi-bat","9":"product_cat-pu-mat","10":"desktop-align-left","11":"tablet-align-left","12":"mobile-align-left","14":"first","15":"instock","16":"sale","17":"taxable","18":"shipping-taxable","19":"purchasable","20":"product-type-simple"},"_links":{"self":[{"href":"https:\/\/omewa.online\/index.php\/wp-json\/wp\/v2\/product\/494","targetHints":{"allow":["GET"]}}],"collection":[{"href":"https:\/\/omewa.online\/index.php\/wp-json\/wp\/v2\/product"}],"about":[{"href":"https:\/\/omewa.online\/index.php\/wp-json\/wp\/v2\/types\/product"}],"replies":[{"embeddable":true,"href":"https:\/\/omewa.online\/index.php\/wp-json\/wp\/v2\/comments?post=494"}],"wp:featuredmedia":[{"embeddable":true,"href":"https:\/\/omewa.online\/index.php\/wp-json\/wp\/v2\/media\/651"}],"wp:attachment":[{"href":"https:\/\/omewa.online\/index.php\/wp-json\/wp\/v2\/media?parent=494"}],"wp:term":[{"taxonomy":"product_brand","embeddable":true,"href":"https:\/\/omewa.online\/index.php\/wp-json\/wp\/v2\/product_brand?post=494"},{"taxonomy":"product_cat","embeddable":true,"href":"https:\/\/omewa.online\/index.php\/wp-json\/wp\/v2\/product_cat?post=494"},{"taxonomy":"product_tag","embeddable":true,"href":"https:\/\/omewa.online\/index.php\/wp-json\/wp\/v2\/product_tag?post=494"}],"curies":[{"name":"wp","href":"https:\/\/api.w.org\/{rel}","templated":true}]}}