{"id":493,"date":"2025-11-01T18:11:28","date_gmt":"2025-11-01T18:11:28","guid":{"rendered":"https:\/\/omewa.online\/?post_type=product&#038;p=493"},"modified":"2025-11-01T18:12:15","modified_gmt":"2025-11-01T18:12:15","slug":"tra-duoc-lieu-an-than-pu-mat-giup-ngu-ngon","status":"publish","type":"product","link":"https:\/\/omewa.online\/index.php\/product\/tra-duoc-lieu-an-than-pu-mat-giup-ngu-ngon\/","title":{"rendered":"Tr\u00e0 d\u01b0\u1ee3c li\u1ec7u an th\u1ea7n P\u00f9 M\u00e1t gi\u00fap ng\u1ee7 ngon"},"content":{"rendered":"<p>Th\u00e0nh ph\u1ea7n: L\u1ea1c ti\u00ean 40%; L\u00e1 v\u00f4ng 20%; L\u00e1 sen 20%; \u0110inh l\u0103ng 15%; Trinh n\u1eef 5 %<\/p>\n<p>&#8211; C\u1ea3i thi\u1ec7n t\u00ecnh tr\u1ea1ng <a class=\"link-in-body\" href=\"https:\/\/www.vinmec.com\/vi\/benh\/mat-ngu-3923\/\"><b class=\"link-in-body\">m\u1ea5t ng\u1ee7<\/b><\/a>\u00a0l\u00e2u ng\u00e0y \u0111\u1ed3ng th\u1eddi gi\u00fap ng\u01b0\u1eddi b\u1ec7nh an th\u1ea7n hi\u1ec7u qu\u1ea3.<\/p>\n<p>&#8211; N\u00e2ng cao ch\u1ea5t l\u01b0\u1ee3ng gi\u1ea5c ng\u1ee7,\u00a0<a class=\"link-in-body\" href=\"https:\/\/www.vinmec.com\/vi\/tin-tuc\/thong-tin-suc-khoe\/suc-khoe-tong-quat\/ngu-sau-bao-lau-la-du\/\"><b class=\"link-in-body\">ng\u1ee7 s\u00e2u h\u01a1n<\/b><\/a>\u00a0v\u00e0 ng\u1ee7 s\u1ebd ngon h\u01a1n<\/p>\n<p>&#8211; \u1ed4n \u0111\u1ecbnh huy\u1ebft \u00e1p, \u1ed5n \u0111\u1ecbnh nh\u1ecbp tim, t\u0103ng c\u01b0\u1eddng <a class=\"link-in-body\" href=\"https:\/\/www.vinmec.com\/tin-tuc\/thong-tin-suc-khoe\/suc-khoe-tong-quat\/cach-cai-thien-luu-luong-mau-cua-co-ban\/?link_type=related_posts\"><b class=\"link-in-body\">l\u01b0u th\u00f4ng m\u00e1u<\/b><\/a> trong c\u01a1 th\u1ec3 gi\u00fap cho c\u01a1 th\u1ec3 lu\u00f4n c\u1ea3m th\u1ea5y tho\u1ea3i m\u00e1i, s\u1ea3ng kho\u00e1i.<\/p>\n<p>&#8211; M\u00e1t gan, gi\u1ea3i \u0111\u1ed9c, \u0111i\u1ec1u tr\u1ecb t\u00ecnh tr\u1ea1ng n\u00f3ng trong ng\u01b0\u1eddi, m\u1ee5n nh\u1ecdt<\/p>\n<p>Th\u1eddi h\u1ea1n s\u1eed d\u1ee5ng s\u1ea3n ph\u1ea9m: 18 th\u00e1ng k\u1ec3 t\u1eeb ng\u00e0y s\u1ea3n xu\u1ea5t, ng\u00e0y s\u1ea3n xu\u1ea5t \u0111\u01b0\u1ee3c ghi tr\u00ean nh\u00e3n h\u1ed9p B\u1ea3o qu\u1ea3n n\u01a1i kh\u00f4 r\u00e1o, tho\u00e1ng m\u00e1t, tr\u00e1nh \u00e1nh n\u1eafng tr\u1ef1c ti\u1ebfp.<\/p>\n<p>Quy c\u00e1ch \u0111\u00f3ng g\u00f3i v\u00e0 ch\u1ea5t li\u1ec7u bao b\u00ec: 4. Quy c\u00e1ch \u0111\u00f3ng g\u00f3i v\u00e0 ch\u1ea5t li\u1ec7u bao b\u00ec:<\/p>\n<p>\u2013 Quy c\u00e1ch \u0111\u00f3ng g\u00f3i: 30 t\u00fai l\u1ecdc\/h\u1ed9p.<\/p>\n<p>\u2013 S\u1ea3n ph\u1ea9m \u0111\u01b0\u1ee3c \u0111\u00f3ng trong t\u00fai l\u1ecdc v\u00e0 \u0111\u00f3ng trong bao gi\u1ea5y b\u1ea1c, b\u00ean ngo\u00e0i \u0111\u01b0\u1ee3c \u0111\u00f3ng v\u00e0o h\u1ed9p gi\u1ea5y.<\/p>\n<p>\u2013 Ch\u1ea5t li\u1ec7u bao b\u00ec \u0111\u1ea3m b\u1ea3o v\u1ec7 sinh an to\u00e0n th\u1ef1c ph\u1ea9m theo quy \u0111\u1ecbnh c\u1ee7a B\u1ed9 Y t\u1ebf S\u1ea3n xu\u1ea5t t\u1ea1i: C\u00d4NG TY CP D\u01af\u1ee2C LI\u1ec6U P\u00d9 M\u00c1T<\/p>\n<p>\u2013 \u0110\u1ecba ch\u1ec9: Kh\u1ed1i 1- th\u1ecb tr\u1ea5n Con Cu\u00f4ng \u2013 huy\u1ec7n Con Cu\u00f4ng, huy\u1ec7n Con Cu\u00f4ng, t\u1ec9nh Ngh\u1ec7 An<\/p>\n","protected":false},"excerpt":{"rendered":"<p>Th\u00e0nh ph\u1ea7n: L\u1ea1c ti\u00ean 40%; L\u00e1 v\u00f4ng 20%; L\u00e1 sen 20%; \u0110inh l\u0103ng 15%; Trinh n\u1eef 5 %<\/p>\n<p>&#8211; C\u1ea3i thi\u1ec7n t\u00ecnh tr\u1ea1ng <a class=\"link-in-body\" href=\"https:\/\/www.vinmec.com\/vi\/benh\/mat-ngu-3923\/\"><b class=\"link-in-body\">m\u1ea5t ng\u1ee7<\/b><\/a>\u00a0l\u00e2u ng\u00e0y \u0111\u1ed3ng th\u1eddi gi\u00fap ng\u01b0\u1eddi b\u1ec7nh an th\u1ea7n hi\u1ec7u qu\u1ea3.<\/p>\n<p>&#8211; N\u00e2ng cao ch\u1ea5t l\u01b0\u1ee3ng gi\u1ea5c ng\u1ee7,\u00a0<a class=\"link-in-body\" href=\"https:\/\/www.vinmec.com\/vi\/tin-tuc\/thong-tin-suc-khoe\/suc-khoe-tong-quat\/ngu-sau-bao-lau-la-du\/\"><b class=\"link-in-body\">ng\u1ee7 s\u00e2u h\u01a1n<\/b><\/a>\u00a0v\u00e0 ng\u1ee7 s\u1ebd ngon h\u01a1n<\/p>\n<p>&#8211; \u1ed4n \u0111\u1ecbnh huy\u1ebft \u00e1p, \u1ed5n \u0111\u1ecbnh nh\u1ecbp tim, t\u0103ng c\u01b0\u1eddng <a class=\"link-in-body\" href=\"https:\/\/www.vinmec.com\/tin-tuc\/thong-tin-suc-khoe\/suc-khoe-tong-quat\/cach-cai-thien-luu-luong-mau-cua-co-ban\/?link_type=related_posts\"><b class=\"link-in-body\">l\u01b0u th\u00f4ng m\u00e1u<\/b><\/a> trong c\u01a1 th\u1ec3 gi\u00fap cho c\u01a1 th\u1ec3 lu\u00f4n c\u1ea3m th\u1ea5y tho\u1ea3i m\u00e1i, s\u1ea3ng kho\u00e1i.<\/p>\n<p>&#8211; M\u00e1t gan, gi\u1ea3i \u0111\u1ed9c, \u0111i\u1ec1u tr\u1ecb t\u00ecnh tr\u1ea1ng n\u00f3ng trong ng\u01b0\u1eddi, m\u1ee5n nh\u1ecdt<\/p>\n","protected":false},"featured_media":650,"comment_status":"open","ping_status":"closed","template":"","meta":{"site-sidebar-layout":"default","site-content-layout":"","ast-site-content-layout":"default","site-content-style":"default","site-sidebar-style":"default","ast-global-header-display":"","ast-banner-title-visibility":"","ast-main-header-display":"","ast-hfb-above-header-display":"","ast-hfb-below-header-display":"","ast-hfb-mobile-header-display":"","site-post-title":"","ast-breadcrumbs-content":"","ast-featured-img":"","footer-sml-layout":"","theme-transparent-header-meta":"","adv-header-id-meta":"","stick-header-meta":"","header-above-stick-meta":"","header-main-stick-meta":"","header-below-stick-meta":"","astra-migrate-meta-layouts":"default","ast-page-background-enabled":"default","ast-page-background-meta":{"desktop":{"background-color":"var(--ast-global-color-5)","background-image":"","background-repeat":"repeat","background-position":"center center","background-size":"auto","background-attachment":"scroll","background-type":"","background-media":"","overlay-type":"","overlay-color":"","overlay-opacity":"","overlay-gradient":""},"tablet":{"background-color":"","background-image":"","background-repeat":"repeat","background-position":"center center","background-size":"auto","background-attachment":"scroll","background-type":"","background-media":"","overlay-type":"","overlay-color":"","overlay-opacity":"","overlay-gradient":""},"mobile":{"background-color":"","background-image":"","background-repeat":"repeat","background-position":"center center","background-size":"auto","background-attachment":"scroll","background-type":"","background-media":"","overlay-type":"","overlay-color":"","overlay-opacity":"","overlay-gradient":""}},"ast-content-background-meta":{"desktop":{"background-color":"var(--ast-global-color-4)","background-image":"","background-repeat":"repeat","background-position":"center center","background-size":"auto","background-attachment":"scroll","background-type":"","background-media":"","overlay-type":"","overlay-color":"","overlay-opacity":"","overlay-gradient":""},"tablet":{"background-color":"var(--ast-global-color-4)","background-image":"","background-repeat":"repeat","background-position":"center center","background-size":"auto","background-attachment":"scroll","background-type":"","background-media":"","overlay-type":"","overlay-color":"","overlay-opacity":"","overlay-gradient":""},"mobile":{"background-color":"var(--ast-global-color-4)","background-image":"","background-repeat":"repeat","background-position":"center center","background-size":"auto","background-attachment":"scroll","background-type":"","background-media":"","overlay-type":"","overlay-color":"","overlay-opacity":"","overlay-gradient":""}}},"product_brand":[45],"product_cat":[44],"product_tag":[],"class_list":{"0":"post-493","1":"product","2":"type-product","3":"status-publish","4":"has-post-thumbnail","6":"product_brand-pu-mat","7":"product_cat-pu-mat","8":"desktop-align-left","9":"tablet-align-left","10":"mobile-align-left","12":"first","13":"instock","14":"sale","15":"taxable","16":"shipping-taxable","17":"purchasable","18":"product-type-simple"},"_links":{"self":[{"href":"https:\/\/omewa.online\/index.php\/wp-json\/wp\/v2\/product\/493","targetHints":{"allow":["GET"]}}],"collection":[{"href":"https:\/\/omewa.online\/index.php\/wp-json\/wp\/v2\/product"}],"about":[{"href":"https:\/\/omewa.online\/index.php\/wp-json\/wp\/v2\/types\/product"}],"replies":[{"embeddable":true,"href":"https:\/\/omewa.online\/index.php\/wp-json\/wp\/v2\/comments?post=493"}],"wp:featuredmedia":[{"embeddable":true,"href":"https:\/\/omewa.online\/index.php\/wp-json\/wp\/v2\/media\/650"}],"wp:attachment":[{"href":"https:\/\/omewa.online\/index.php\/wp-json\/wp\/v2\/media?parent=493"}],"wp:term":[{"taxonomy":"product_brand","embeddable":true,"href":"https:\/\/omewa.online\/index.php\/wp-json\/wp\/v2\/product_brand?post=493"},{"taxonomy":"product_cat","embeddable":true,"href":"https:\/\/omewa.online\/index.php\/wp-json\/wp\/v2\/product_cat?post=493"},{"taxonomy":"product_tag","embeddable":true,"href":"https:\/\/omewa.online\/index.php\/wp-json\/wp\/v2\/product_tag?post=493"}],"curies":[{"name":"wp","href":"https:\/\/api.w.org\/{rel}","templated":true}]}}