{"id":441,"date":"2025-11-01T18:10:59","date_gmt":"2025-11-01T18:10:59","guid":{"rendered":"https:\/\/omewa.online\/?post_type=product&#038;p=441"},"modified":"2025-11-01T18:12:02","modified_gmt":"2025-11-01T18:12:02","slug":"bang-do-tai-tho-long-nhung-xinh-xan-de-thuong","status":"publish","type":"product","link":"https:\/\/omewa.online\/index.php\/product\/bang-do-tai-tho-long-nhung-xinh-xan-de-thuong\/","title":{"rendered":"B\u0103ng \u0111\u00f4 tai th\u1ecf l\u00f4ng nhung  xinh x\u1eafn d\u1ec5 th\u01b0\u01a1ng"},"content":{"rendered":"<p class=\"irIKAp\">Thi\u1ebft k\u1ebf d\u1ec5 th\u01b0\u01a1ng: tai \u0111\u1ed9ng v\u1eadt m\u00e8o d\u1ec5 th\u01b0\u01a1ng m\u00e0u \u0111en \u0111\u1eb7c, th\u01b0\u01a1ng hi\u1ec7u m\u1edbi v\u00e0 ch\u1ea5t l\u01b0\u1ee3ng cao.<\/p>\n<p class=\"irIKAp\">H\u00ecnh d\u00e1ng d\u1ec5 th\u01b0\u01a1ng, ng\u1ed9 ngh\u0129nh s\u1ebd t\u1ea1o th\u00eam c\u1ea3m gi\u00e1c sinh \u0111\u1ed9ng cho b\u1ea1n v\u00e0 mang l\u1ea1i kh\u00f4ng kh\u00ed l\u1ec5 h\u1ed9i. N\u00f3 c\u00f3 th\u1ec3 mang l\u1ea1i cho b\u1ea1n m\u1ed9t c\u00e1i nh\u00ecn ng\u1ecdt ng\u00e0o.<\/p>\n<p class=\"irIKAp\">\u0110\u01b0\u1ee3c l\u00e0m b\u1eb1ng v\u1eadt li\u1ec7u ch\u1ea5t l\u01b0\u1ee3ng cao, nh\u1eb9,, b\u1ec1n, m\u1ec1m m\u1ea1i v\u00e0 tho\u1ea3i m\u00e1i khi m\u1eb7c, c\u00f3 th\u1ec3 \u0111i\u1ec1u ch\u1ec9nh, m\u1ed9t k\u00edch th\u01b0\u1edbc ph\u00f9 h\u1ee3p v\u1edbi h\u1ea7u h\u1ebft.<\/p>\n<p class=\"irIKAp\">C\u00f3 \u0111\u1ed9 ngon, c\u00f3 th\u1ec3 ph\u00f9 h\u1ee3p v\u1edbi h\u1ea7u h\u1ebft ph\u1ee5 n\u1eef v\u00e0 tr\u1ebb em g\u00e1i. Ph\u00f9 h\u1ee3p v\u1edbi t\u00f3c th\u1eb3ng, xo\u0103n, d\u00e0i ho\u1eb7c ng\u1eafn v\u00e0 c\u00e1c ki\u1ec3u t\u00f3c kh\u00e1c nhau.<\/p>\n<p class=\"irIKAp\">Tuy\u1ec7t v\u1eddi cho Halloween, \u0111\u00e1m c\u01b0\u1edbi, \u1ea3nh, ti\u1ec7c t\u00f9ng, l\u1ec5 h\u1ed9i, sinh nh\u1eadt, l\u1ec5 h\u1ed9i h\u00f3a trang, k\u1ef7 ni\u1ec7m, Gi\u00e1ng sinh, s\u1eed d\u1ee5ng cu\u1ed9c s\u1ed1ng h\u00e0ng ng\u00e0y, v.v.<\/p>\n<p class=\"irIKAp\"><img fetchpriority=\"high\" decoding=\"async\" class=\"alignnone size-full wp-image-19303\" src=\"https:\/\/omewa.vn\/uploads\/2023\/10\/omewa-sg-11134201-23020-94uz8y66u3nv90-1.jpg\" alt=\"\" width=\"1024\" height=\"1024\" \/><\/p>\n<p class=\"irIKAp\">Th\u00f4ng tin chi ti\u1ebft:<\/p>\n<p class=\"irIKAp\">M\u1edbi v\u00e0 ch\u1ea5t l\u01b0\u1ee3ng cao<\/p>\n<p class=\"irIKAp\">Ch\u1ea5t li\u1ec7u: V\u1ea3i<\/p>\n<p class=\"irIKAp\">Phong c\u00e1ch: n\u1eef t\u00ednh<\/p>\n<p class=\"irIKAp\">Phong c\u00e1ch: h\u00ecnh h\u1ecdc<\/p>\n<p class=\"irIKAp\">C\u00f4ng ngh\u1ec7 ch\u1ebf bi\u1ebfn: th\u1ee7 c\u00f4ng<\/p>\n<p class=\"irIKAp\">M\u00e0u s\u1eafc: nh\u01b0 trong h\u00ecnh<\/p>\n<p class=\"irIKAp\">K\u00edch th\u01b0\u1edbc: 13,5cm \/ 5,31in<\/p>\n<p class=\"irIKAp\">G\u00f3i bao g\u1ed3m: 1 C\u00c1I<\/p>\n","protected":false},"excerpt":{"rendered":"<p class=\"irIKAp\">Thi\u1ebft k\u1ebf d\u1ec5 th\u01b0\u01a1ng: tai \u0111\u1ed9ng v\u1eadt m\u00e8o d\u1ec5 th\u01b0\u01a1ng m\u00e0u \u0111en \u0111\u1eb7c, th\u01b0\u01a1ng hi\u1ec7u m\u1edbi v\u00e0 ch\u1ea5t l\u01b0\u1ee3ng cao.<\/p>\n<p class=\"irIKAp\">H\u00ecnh d\u00e1ng d\u1ec5 th\u01b0\u01a1ng, ng\u1ed9 ngh\u0129nh s\u1ebd t\u1ea1o th\u00eam c\u1ea3m gi\u00e1c sinh \u0111\u1ed9ng cho b\u1ea1n v\u00e0 mang l\u1ea1i kh\u00f4ng kh\u00ed l\u1ec5 h\u1ed9i. N\u00f3 c\u00f3 th\u1ec3 mang l\u1ea1i cho b\u1ea1n m\u1ed9t c\u00e1i nh\u00ecn ng\u1ecdt ng\u00e0o.<\/p>\n<p class=\"irIKAp\">\u0110\u01b0\u1ee3c l\u00e0m b\u1eb1ng v\u1eadt li\u1ec7u ch\u1ea5t l\u01b0\u1ee3ng cao, nh\u1eb9,, b\u1ec1n, m\u1ec1m m\u1ea1i v\u00e0 tho\u1ea3i m\u00e1i khi m\u1eb7c, c\u00f3 th\u1ec3 \u0111i\u1ec1u ch\u1ec9nh, m\u1ed9t k\u00edch th\u01b0\u1edbc ph\u00f9 h\u1ee3p v\u1edbi h\u1ea7u h\u1ebft.<\/p>\n<p class=\"irIKAp\">Ph\u00f9 h\u1ee3p v\u1edbi h\u1ea7u h\u1ebft ph\u1ee5 n\u1eef v\u00e0 tr\u1ebb em g\u00e1i. Ph\u00f9 h\u1ee3p v\u1edbi t\u00f3c th\u1eb3ng, xo\u0103n, d\u00e0i ho\u1eb7c ng\u1eafn v\u00e0 c\u00e1c ki\u1ec3u t\u00f3c kh\u00e1c nhau.<\/p>\n<p class=\"irIKAp\">Tuy\u1ec7t v\u1eddi cho Halloween, \u0111\u00e1m c\u01b0\u1edbi, \u1ea3nh, ti\u1ec7c t\u00f9ng, l\u1ec5 h\u1ed9i, sinh nh\u1eadt, l\u1ec5 h\u1ed9i h\u00f3a trang, k\u1ef7 ni\u1ec7m, Gi\u00e1ng sinh, s\u1eed d\u1ee5ng cu\u1ed9c s\u1ed1ng h\u00e0ng ng\u00e0y, v.v.<\/p>\n","protected":false},"featured_media":605,"comment_status":"open","ping_status":"closed","template":"","meta":{"site-sidebar-layout":"default","site-content-layout":"","ast-site-content-layout":"default","site-content-style":"default","site-sidebar-style":"default","ast-global-header-display":"","ast-banner-title-visibility":"","ast-main-header-display":"","ast-hfb-above-header-display":"","ast-hfb-below-header-display":"","ast-hfb-mobile-header-display":"","site-post-title":"","ast-breadcrumbs-content":"","ast-featured-img":"","footer-sml-layout":"","theme-transparent-header-meta":"","adv-header-id-meta":"","stick-header-meta":"","header-above-stick-meta":"","header-main-stick-meta":"","header-below-stick-meta":"","astra-migrate-meta-layouts":"default","ast-page-background-enabled":"default","ast-page-background-meta":{"desktop":{"background-color":"var(--ast-global-color-5)","background-image":"","background-repeat":"repeat","background-position":"center center","background-size":"auto","background-attachment":"scroll","background-type":"","background-media":"","overlay-type":"","overlay-color":"","overlay-opacity":"","overlay-gradient":""},"tablet":{"background-color":"","background-image":"","background-repeat":"repeat","background-position":"center center","background-size":"auto","background-attachment":"scroll","background-type":"","background-media":"","overlay-type":"","overlay-color":"","overlay-opacity":"","overlay-gradient":""},"mobile":{"background-color":"","background-image":"","background-repeat":"repeat","background-position":"center center","background-size":"auto","background-attachment":"scroll","background-type":"","background-media":"","overlay-type":"","overlay-color":"","overlay-opacity":"","overlay-gradient":""}},"ast-content-background-meta":{"desktop":{"background-color":"var(--ast-global-color-4)","background-image":"","background-repeat":"repeat","background-position":"center center","background-size":"auto","background-attachment":"scroll","background-type":"","background-media":"","overlay-type":"","overlay-color":"","overlay-opacity":"","overlay-gradient":""},"tablet":{"background-color":"var(--ast-global-color-4)","background-image":"","background-repeat":"repeat","background-position":"center center","background-size":"auto","background-attachment":"scroll","background-type":"","background-media":"","overlay-type":"","overlay-color":"","overlay-opacity":"","overlay-gradient":""},"mobile":{"background-color":"var(--ast-global-color-4)","background-image":"","background-repeat":"repeat","background-position":"center center","background-size":"auto","background-attachment":"scroll","background-type":"","background-media":"","overlay-type":"","overlay-color":"","overlay-opacity":"","overlay-gradient":""}}},"product_brand":[],"product_cat":[49,76],"product_tag":[],"class_list":{"0":"post-441","1":"product","2":"type-product","3":"status-publish","4":"has-post-thumbnail","6":"product_cat-flora","7":"product_cat-phu-kien-va-cong-cu-lam-dep","8":"desktop-align-left","9":"tablet-align-left","10":"mobile-align-left","12":"first","13":"instock","14":"taxable","15":"shipping-taxable","16":"purchasable","17":"product-type-simple"},"_links":{"self":[{"href":"https:\/\/omewa.online\/index.php\/wp-json\/wp\/v2\/product\/441","targetHints":{"allow":["GET"]}}],"collection":[{"href":"https:\/\/omewa.online\/index.php\/wp-json\/wp\/v2\/product"}],"about":[{"href":"https:\/\/omewa.online\/index.php\/wp-json\/wp\/v2\/types\/product"}],"replies":[{"embeddable":true,"href":"https:\/\/omewa.online\/index.php\/wp-json\/wp\/v2\/comments?post=441"}],"wp:featuredmedia":[{"embeddable":true,"href":"https:\/\/omewa.online\/index.php\/wp-json\/wp\/v2\/media\/605"}],"wp:attachment":[{"href":"https:\/\/omewa.online\/index.php\/wp-json\/wp\/v2\/media?parent=441"}],"wp:term":[{"taxonomy":"product_brand","embeddable":true,"href":"https:\/\/omewa.online\/index.php\/wp-json\/wp\/v2\/product_brand?post=441"},{"taxonomy":"product_cat","embeddable":true,"href":"https:\/\/omewa.online\/index.php\/wp-json\/wp\/v2\/product_cat?post=441"},{"taxonomy":"product_tag","embeddable":true,"href":"https:\/\/omewa.online\/index.php\/wp-json\/wp\/v2\/product_tag?post=441"}],"curies":[{"name":"wp","href":"https:\/\/api.w.org\/{rel}","templated":true}]}}