{"id":439,"date":"2025-11-01T18:10:59","date_gmt":"2025-11-01T18:10:59","guid":{"rendered":"https:\/\/omewa.online\/?post_type=product&#038;p=439"},"modified":"2025-11-01T18:11:58","modified_gmt":"2025-11-01T18:11:58","slug":"phoi-danh-trung-lo-xo-inox-dan-hoi-de-su-dung","status":"publish","type":"product","link":"https:\/\/omewa.online\/index.php\/product\/phoi-danh-trung-lo-xo-inox-dan-hoi-de-su-dung\/","title":{"rendered":"Ph\u1edbi \u0111\u00e1nh tr\u1ee9ng l\u00f2 xo inox, \u0111\u00e0n h\u1ed3i, d\u1ec5 s\u1eed d\u1ee5ng"},"content":{"rendered":"<p>M\u00f4 t\u1ea3 s\u1ea3n ph\u1ea9m<\/p>\n<p>D\u1ee5ng c\u1ee5 \u0111\u00e1nh tr\u1ee9ng, c\u00e0 ph\u00ea inox c\u00e1n bi d\u1ea7y d\u1eb7n lo\u1ea1i \u0111\u1eb9p &#8211; Ph\u1edbi \u0111\u00e1nh tr\u1ee9ng Shop cam k\u1ebft s\u1ea3n ph\u1ea9m nh\u01b0 h\u00ecnh, qu\u00fd kh\u00e1ch h\u00e0ng \u0111\u01b0\u1ee3c ki\u1ec3m tra h\u00e0ng tr\u01b0\u1edbc khi thanh to\u00e1n.<\/p>\n<p>Chi ti\u1ebft s\u1ea3n ph\u1ea9m<\/p>\n<p>TH\u00d4NG S\u1ed0 S\u1ea2N PH\u1ea8M<\/p>\n<p>&#8211; Ch\u1ea5t li\u1ec7u: \u0111\u1ea7u l\u00e0m b\u1eb1ng inox s\u00e1ng b\u00f3ng, d\u1ea7y d\u1eb7n, c\u00e1n c\u1ea7m l\u00e0m b\u1eb1ng nh\u1ef1a thi\u1ebft k\u1ebf ch\u1ea5m bi<\/p>\n<p>&#8211; K\u00edch th\u01b0\u1edbc<\/p>\n<p>+ C\u00e2y \u0111\u00e1nh tr\u1ee9ng l\u00f2 xo: 22cm x 5cm x 5cm<\/p>\n<p>\u0110\u1eb6C \u0110I\u1ec2M S\u1ea2N PH\u1ea8M<\/p>\n<p>+ S\u1ea3n ph\u1ea9m d\u00f9ng \u0111\u1ec3 \u0111\u00e1nh tr\u1ee9ng l\u00e0m b\u00e1nh b\u00f4ng lan m\u1ed9t c\u00e1ch t\u01a1i s\u1ed1p d\u1ec5 d\u00e0ng m\u00e0 kh\u00f4ng t\u1ed1n nhi\u1ec1u s\u1ee9c<\/p>\n<p>+ Thi\u1ebft k\u1ebf sang tr\u1ecdng, ch\u1eafc ch\u1eafn, d\u1ea7y d\u1eb7n c\u1ea7m ch\u1eafc tay<\/p>\n<p>+ Inox s\u00e1ng \u0111\u1eb9p kh\u00f4ng ra ten, an to\u00e0n cho ng\u01b0\u1eddi s\u1eed d\u1ee5ng<\/p>\n<p>+ D\u1ec5 d\u00e0ng v\u1ec7 sinh ch\u00f9i r\u1eeda<\/p>\n<p>+ L\u00e0 s\u1ea3n ph\u1ea9m kh\u00f4ng th\u1ec3 thi\u1ebfu trong gian n\u1ebfp c\u1ee7a b\u1ea1n<\/p>\n<p>CAM K\u1ebeT<\/p>\n<p>H\u00e0ng th\u1eadt nh\u01b0 h\u00ecnh<\/p>\n<p>Nh\u1eadn h\u00e0ng &#8211; thanh to\u00e1n t\u1ea1i nh\u00e0<\/p>\n<p>Gi\u00e1 c\u1ea3 c\u1ea1nh tranh<\/p>\n<p>Giao h\u00e0ng to\u00e0n qu\u1ed1c<\/p>\n<p>B\u1ea2O H\u00c0NH<\/p>\n<p>Shop s\u1eb5n s\u00e0ng \u0111\u1ed5i s\u1ea3n ph\u1ea9m ho\u1eb7c ho\u00e0n ti\u1ec1n l\u1ea1i trong v\u00f2ng 7 ng\u00e0y k\u1ec3 t\u1eeb ng\u00e0y nh\u1eadn h\u00e0ng v\u1edbi c\u00e1c l\u00fd do sau:<\/p>\n<p>L\u1ed7i do nh\u00e0 s\u1ea3n xu\u1ea5t<\/p>\n<p>H\u01b0 h\u1ecfng do qu\u00e1 tr\u00ecnh v\u1eadn chuy\u1ec3n<\/p>\n<p>H\u00e0ng kh\u00f4ng \u0111\u00fang m\u00f4 t\u1ea3 (H\u00e0ng \u0111\u1ed5i tr\u1ea3 \u0111\u1ea3m b\u1ea3o c\u00f2n nguy\u00ean tem m\u00e1c, kh\u00f4ng c\u00f3 d\u1ea5u hi\u1ec7u \u0111\u00e3 s\u1eed d\u1ee5ng. #caydanhtrung#dungcudanhtrung#caydanhcaphe#dungcudanhcaphe#phoidanhtrung#caydanhtrunginox#dungcudanhtrunginox<\/p>\n","protected":false},"excerpt":{"rendered":"<p>&#8216;+ S\u1ea3n ph\u1ea9m d\u00f9ng \u0111\u1ec3 \u0111\u00e1nh tr\u1ee9ng l\u00e0m b\u00e1nh b\u00f4ng lan m\u1ed9t c\u00e1ch t\u01a1i s\u1ed1p d\u1ec5 d\u00e0ng m\u00e0 kh\u00f4ng t\u1ed1n nhi\u1ec1u s\u1ee9c<\/p>\n<p>+ Thi\u1ebft k\u1ebf sang tr\u1ecdng, ch\u1eafc ch\u1eafn, d\u1ea7y d\u1eb7n c\u1ea7m ch\u1eafc tay<\/p>\n<p>+ Inox s\u00e1ng \u0111\u1eb9p kh\u00f4ng ra ten, an to\u00e0n cho ng\u01b0\u1eddi s\u1eed d\u1ee5ng<\/p>\n<p>+ D\u1ec5 d\u00e0ng v\u1ec7 sinh ch\u00f9i r\u1eeda<\/p>\n<p>+ L\u00e0 s\u1ea3n ph\u1ea9m kh\u00f4ng th\u1ec3 thi\u1ebfu trong gian n\u1ebfp c\u1ee7a b\u1ea1n<\/p>\n","protected":false},"featured_media":596,"comment_status":"open","ping_status":"closed","template":"","meta":{"site-sidebar-layout":"default","site-content-layout":"","ast-site-content-layout":"default","site-content-style":"default","site-sidebar-style":"default","ast-global-header-display":"","ast-banner-title-visibility":"","ast-main-header-display":"","ast-hfb-above-header-display":"","ast-hfb-below-header-display":"","ast-hfb-mobile-header-display":"","site-post-title":"","ast-breadcrumbs-content":"","ast-featured-img":"","footer-sml-layout":"","theme-transparent-header-meta":"","adv-header-id-meta":"","stick-header-meta":"","header-above-stick-meta":"","header-main-stick-meta":"","header-below-stick-meta":"","astra-migrate-meta-layouts":"default","ast-page-background-enabled":"default","ast-page-background-meta":{"desktop":{"background-color":"var(--ast-global-color-5)","background-image":"","background-repeat":"repeat","background-position":"center center","background-size":"auto","background-attachment":"scroll","background-type":"","background-media":"","overlay-type":"","overlay-color":"","overlay-opacity":"","overlay-gradient":""},"tablet":{"background-color":"","background-image":"","background-repeat":"repeat","background-position":"center center","background-size":"auto","background-attachment":"scroll","background-type":"","background-media":"","overlay-type":"","overlay-color":"","overlay-opacity":"","overlay-gradient":""},"mobile":{"background-color":"","background-image":"","background-repeat":"repeat","background-position":"center center","background-size":"auto","background-attachment":"scroll","background-type":"","background-media":"","overlay-type":"","overlay-color":"","overlay-opacity":"","overlay-gradient":""}},"ast-content-background-meta":{"desktop":{"background-color":"var(--ast-global-color-4)","background-image":"","background-repeat":"repeat","background-position":"center center","background-size":"auto","background-attachment":"scroll","background-type":"","background-media":"","overlay-type":"","overlay-color":"","overlay-opacity":"","overlay-gradient":""},"tablet":{"background-color":"var(--ast-global-color-4)","background-image":"","background-repeat":"repeat","background-position":"center center","background-size":"auto","background-attachment":"scroll","background-type":"","background-media":"","overlay-type":"","overlay-color":"","overlay-opacity":"","overlay-gradient":""},"mobile":{"background-color":"var(--ast-global-color-4)","background-image":"","background-repeat":"repeat","background-position":"center center","background-size":"auto","background-attachment":"scroll","background-type":"","background-media":"","overlay-type":"","overlay-color":"","overlay-opacity":"","overlay-gradient":""}}},"product_brand":[],"product_cat":[75,49],"product_tag":[],"class_list":{"0":"post-439","1":"product","2":"type-product","3":"status-publish","4":"has-post-thumbnail","6":"product_cat-do-dung-nha-bep-va-phong-an","7":"product_cat-flora","8":"desktop-align-left","9":"tablet-align-left","10":"mobile-align-left","12":"first","13":"instock","14":"taxable","15":"shipping-taxable","16":"purchasable","17":"product-type-simple"},"_links":{"self":[{"href":"https:\/\/omewa.online\/index.php\/wp-json\/wp\/v2\/product\/439","targetHints":{"allow":["GET"]}}],"collection":[{"href":"https:\/\/omewa.online\/index.php\/wp-json\/wp\/v2\/product"}],"about":[{"href":"https:\/\/omewa.online\/index.php\/wp-json\/wp\/v2\/types\/product"}],"replies":[{"embeddable":true,"href":"https:\/\/omewa.online\/index.php\/wp-json\/wp\/v2\/comments?post=439"}],"wp:featuredmedia":[{"embeddable":true,"href":"https:\/\/omewa.online\/index.php\/wp-json\/wp\/v2\/media\/596"}],"wp:attachment":[{"href":"https:\/\/omewa.online\/index.php\/wp-json\/wp\/v2\/media?parent=439"}],"wp:term":[{"taxonomy":"product_brand","embeddable":true,"href":"https:\/\/omewa.online\/index.php\/wp-json\/wp\/v2\/product_brand?post=439"},{"taxonomy":"product_cat","embeddable":true,"href":"https:\/\/omewa.online\/index.php\/wp-json\/wp\/v2\/product_cat?post=439"},{"taxonomy":"product_tag","embeddable":true,"href":"https:\/\/omewa.online\/index.php\/wp-json\/wp\/v2\/product_tag?post=439"}],"curies":[{"name":"wp","href":"https:\/\/api.w.org\/{rel}","templated":true}]}}