{"id":438,"date":"2025-11-01T18:10:59","date_gmt":"2025-11-01T18:10:59","guid":{"rendered":"https:\/\/omewa.online\/?post_type=product&#038;p=438"},"modified":"2025-11-01T18:11:58","modified_gmt":"2025-11-01T18:11:58","slug":"gel-nha-dam-cap-am-diu-mat-cang-bong-giam-dau-va-se-khit-lo-chan-long","status":"publish","type":"product","link":"https:\/\/omewa.online\/index.php\/product\/gel-nha-dam-cap-am-diu-mat-cang-bong-giam-dau-va-se-khit-lo-chan-long\/","title":{"rendered":"Gel Nha \u0110am c\u1ea5p \u1ea9m d\u1ecbu m\u00e1t, c\u0103ng b\u00f3ng, gi\u1ea3m d\u1ea7u v\u00e0 se kh\u00edt l\u1ed7 ch\u00e2n l\u00f4ng"},"content":{"rendered":"<p>SOOTHING GEL Calming &amp; Hydrating &#8211; Gel c\u1ea5p \u1ea9m l\u00e0m d\u1ecbu v\u00e0 t\u0103ng \u0111\u1ed9 \u0111\u00e0n h\u1ed3i, gi\u1ea3m d\u1ea7u v\u00e0 se kh\u00edt l\u1ed7 ch\u00e2n l\u00f4ng<br \/>\n&#8211; \u0110\u01b0\u1ee3c chi\u1ebft xu\u1ea5t t\u1eeb C\u00fac La M\u00e3, tinh ch\u1ea5t Nha \u0110am, l\u00e1 tr\u00e0 xanh v\u00e0 Vitamin B3<br \/>\n&#8211; Gi\u00fap d\u1ec5 d\u00e0ng th\u1ea9m th\u1ea5u, c\u1ea5p n\u01b0\u1edbc cho da h\u1ed7n h\u1ee3p, da kh\u00f4, gi\u00fap l\u00e0m d\u1ecbu v\u00e0 b\u1ea3o v\u1ec7 l\u00e0n da nh\u1ea1y c\u1ea3m, d\u1ec5 b\u1ecb k\u00edch \u1ee9ng<br \/>\n&#8211; Nu\u00f4i d\u01b0\u1ee1ng cho l\u00e0n da m\u1ec1m m\u01b0\u1ee3t m\u1ecbn m\u00e0ng v\u1edbi \u0111\u1ea7y \u0111\u1ee7 \u0111\u1ed9 \u1ea9m m\u00e0 kh\u00f4ng h\u1ec1 nh\u1eddn d\u00ednh.<br \/>\n\u2013 L\u00e0m t\u0103ng \u0111\u1ed9 \u1ea9m, t\u1ea1o \u0111\u1ed9 c\u0103ng cho da, t\u00e1i t\u1ea1o t\u1ebf b\u00e0o m\u1edbi gi\u00fap l\u00e0m gi\u1ea3m qu\u00e1 tr\u00ecnh l\u00e3o h\u00f3a c\u1ee7a l\u00e0n da.<br \/>\n\u2013 Gi\u00fap se kh\u00edt l\u1ed7 ch\u00e2n l\u00f4ng, gi\u1ea3m m\u1ee5n hi\u1ec7u qu\u1ea3.<\/p>\n<p><img fetchpriority=\"high\" decoding=\"async\" class=\"alignnone size-full wp-image-19206\" src=\"https:\/\/omewa.vn\/uploads\/2023\/10\/omewa-161290942_1866365600189640_1726815333788407058_n.jpg\" alt=\"\" width=\"1080\" height=\"771\" \/><\/p>\n<p>&nbsp;<\/p>\n<p>TH\u00c0NH PH\u1ea6N<br \/>\n* Chi\u1ebft xu\u1ea5t hoa c\u00fac La M\u00e3 (Chamomile Extract: Th\u00e0nh ph\u1ea7n phytosterol, azulene v\u00e0 bisabolol gi\u00fap ch\u1ed1ng vi\u00eam, l\u00e0m l\u00e0nh v\u1ebft th\u01b0\u01a1ng, t\u00e1i t\u1ea1o t\u1ebf b\u00e0o v\u00f4 c\u00f9ng nhanh ch\u00f3ng, gi\u00fap \u0111i\u1ec1u tr\u1ecb c\u00e1c v\u1ea5n \u0111\u1ec1 v\u1ec1 da hi\u1ec7u qu\u1ea3.<br \/>\nTh\u00e0nh ph\u1ea7n polyphenols va\u0300 phytochemical \u1edf m\u1ee9c trung b\u00ecnh c\u00f3 t\u00e1c d\u1ee5ng ch\u1ed1ng oxy h\u00f3a, gi\u00fap b\u1ea3o v\u1ec7 da kh\u1ecfi s\u1ef1 l\u00e3o h\u00f3a. Ngo\u00e0i ra, chi\u1ebft xu\u1ea5t hoa c\u00fac La M\u00e3 gi\u00e0u vitamin B l\u00e0 m\u1ed9t th\u00e0nh ph\u1ea7n c\u1ea5p \u1ea9m v\u00e0 l\u00e0m d\u1ecbu da hi\u1ec7u qu\u1ea3.<br \/>\n* Chi\u1ebft xu\u1ea5t tinh ch\u1ea5t nha \u0111am (Aloe Vera Extract): gi\u00fap l\u00e0m d\u1ecbu v\u00e0 b\u1ea3o v\u1ec7 l\u00e0n da nh\u1ea1y c\u1ea3m, d\u1ec5 b\u1ecb k\u00edch \u1ee9ng, gi\u00fap cung c\u1ea5p \u1ea9m v\u00e0 n\u01b0\u1edbc gi\u00fap da lu\u00f4n m\u1ec1m m\u1ecbn, m\u01b0\u1ee3t m\u00e0 gi\u00fap da d\u1ec5 \u0111\u00e0n h\u1ed3i, gi\u1ea3m b\u1edbt n\u1ebfp nh\u0103n.<br \/>\n* Chi\u1ebft xu\u1ea5t tr\u00e0 xanh (Green Tea Extract): T\u00ednh ch\u1ea5t kh\u00e1ng khu\u1ea9n m\u1ea1nh m\u1ebd gi\u00fap lo\u1ea1i b\u1ecf c\u00e1c vi khu\u1ea9n g\u00e2y m\u1ee5n, gi\u1ea3m ti\u1ebft b\u00e3 nh\u1eddn v\u00e0 s\u01b0ng vi\u00eam h\u1eefu hi\u1ec7u.Th\u00e0nh ph\u1ea7n EGCG gi\u00fap da ch\u1ed1ng l\u1ea1i qu\u00e1 tr\u00ecnh l\u00e3o h\u00f3a, gi\u1ea3m n\u1ebfp nh\u0103n, s\u0103n ch\u1eafc da.<br \/>\n* Vitamin B3: \u0110\u00f3ng vai tr\u00f2 b\u1ea3o t\u1ed3n cho l\u1edbp m\u00e0ng b\u1ea3o v\u1ec7 cho da, gi\u1eef cho l\u1edbp m\u00e0ng n\u00e0y tr\u00e1nh kh\u1ecfi t\u00ecnh tr\u1ea1ng tho\u00e1t \u1ea9m v\u00e0 l\u00e3o ho\u00e1 s\u1edbm. Vitamin B3 c\u00f3 kh\u1ea3 n\u0103ng gi\u00fap ph\u1ee5c h\u1ed3i c\u00e1c DNA b\u1ecb h\u01b0 h\u1ecfng \u0111\u1ec3 t\u00e1i t\u1ea1o l\u00e0n da tr\u1edf n\u00ean kh\u1ecfe h\u01a1n, tr\u1ebb trung h\u01a1n.Ngo\u00e0i ra Vitamin B3 C\u00f3 t\u00e1c d\u1ee5ng gi\u00fap Duy tr\u00ec \u0111\u1ed9 \u1ea9m, Gi\u1ea3m \u0111\u1ecf, gi\u1ea3m vi\u00eam da, Gi\u1ea3m m\u1ee5n, H\u1ea1n ch\u1ebf d\u1ea7u nh\u1eddn.<\/p>\n<p>\u0110I\u1ec2M N\u1ed4I B\u1eacT<\/p>\n<p>\u2013 \u0110\u1eb7c bi\u1ec7t, s\u1ea3n ph\u1ea9m r\u1ea5t l\u00e0nh t\u00ednh c\u00f3 t\u00e1c d\u1ee5ng th\u1ea5m s\u00e2u v\u00e0o c\u00e1c t\u1ebf b\u00e0o da, d\u01b0\u1ee1ng \u1ea9m v\u00e0 nu\u00f4i d\u01b0\u1ee1ng l\u00e0n da, kh\u00e1ng vi\u00eam, h\u1ea1n ch\u1ebf d\u1ea7u nh\u1eddn, ch\u1ed1ng oxi h\u00f3a, b\u1ea3o v\u1ec7 da v\u00e0 \u0111\u1eb7c bi\u1ec7t kh\u00f4ng g\u00e2y nh\u1eddn d\u00ednh, mang l\u1ea1i c\u1ea3m gi\u00e1c th\u01b0 gi\u00e3n v\u00e0 m\u00e1t l\u1ea1nh cho da.<\/p>\n<p>H\u01af\u1edaNG D\u1eaaN S\u1eec D\u1ee4NG<\/p>\n<p>\u2013 L\u1ea5y 1 l\u01b0\u1ee3ng th\u00edch h\u1ee3p, massage nh\u1eb9 nh\u00e0ng \u0111\u1ec3 cho gel th\u1ea5m \u0111\u1ec1u v\u00e0o da.<br \/>\n\u2013 D\u00f9ng th\u01b0\u1eddng xuy\u00ean cho c\u00e1c v\u00f9ng da kh\u00f4 tr\u00ean m\u1eb7t v\u00e0 c\u01a1 th\u1ec3<\/p>\n<p>B\u1ea2O QU\u1ea2N<br \/>\nCh\u1ec9 d\u00f9ng ngo\u00e0i da<br \/>\n\u2013 Tr\u00e1nh ti\u1ebfp x\u00fac g\u1ea7n m\u1eaft<br \/>\n\u2013 \u0110\u1ec3 xa t\u1ea7m tay c\u1ee7a tr\u1ebb em<br \/>\n\u2013 B\u1ea3o qu\u1ea3n s\u1ea3n ph\u1ea9m n\u01a1i kh\u00f4 r\u00e1o tho\u00e1ng m\u00e1t<br \/>\n\u2013 Tr\u00e1nh \u00e1nh n\u1eafng tr\u1ef1c ti\u1ebfp, n\u01a1i c\u00f3 nhi\u1ec7t \u0111\u1ed9 cao ho\u1eb7c \u1ea9m \u01b0\u1edbt.<br \/>\n\u2013 \u0110\u1eady n\u1eafp k\u00edn sau khi s\u1eed d\u1ee5ng.<\/p>\n","protected":false},"excerpt":{"rendered":"<p>&#8216;- \u0110\u01b0\u1ee3c chi\u1ebft xu\u1ea5t t\u1eeb C\u00fac La M\u00e3, tinh ch\u1ea5t Nha \u0110am, l\u00e1 tr\u00e0 xanh v\u00e0 Vitamin B3<br \/>\n&#8211; Gi\u00fap d\u1ec5 d\u00e0ng th\u1ea9m th\u1ea5u, c\u1ea5p n\u01b0\u1edbc cho da h\u1ed7n h\u1ee3p, da kh\u00f4, gi\u00fap l\u00e0m d\u1ecbu v\u00e0 b\u1ea3o v\u1ec7 l\u00e0n da nh\u1ea1y c\u1ea3m, d\u1ec5 b\u1ecb k\u00edch \u1ee9ng<br \/>\n&#8211; Nu\u00f4i d\u01b0\u1ee1ng cho l\u00e0n da m\u1ec1m m\u01b0\u1ee3t m\u1ecbn m\u00e0ng v\u1edbi \u0111\u1ea7y \u0111\u1ee7 \u0111\u1ed9 \u1ea9m m\u00e0 kh\u00f4ng h\u1ec1 nh\u1eddn d\u00ednh.<br \/>\n\u2013 L\u00e0m t\u0103ng \u0111\u1ed9 \u1ea9m, t\u1ea1o \u0111\u1ed9 c\u0103ng cho da, t\u00e1i t\u1ea1o t\u1ebf b\u00e0o m\u1edbi gi\u00fap l\u00e0m gi\u1ea3m qu\u00e1 tr\u00ecnh l\u00e3o h\u00f3a c\u1ee7a l\u00e0n da.<br \/>\n\u2013 Gi\u00fap se kh\u00edt l\u1ed7 ch\u00e2n l\u00f4ng, gi\u1ea3m m\u1ee5n hi\u1ec7u qu\u1ea3.<\/p>\n","protected":false},"featured_media":593,"comment_status":"open","ping_status":"closed","template":"","meta":{"site-sidebar-layout":"default","site-content-layout":"","ast-site-content-layout":"default","site-content-style":"default","site-sidebar-style":"default","ast-global-header-display":"","ast-banner-title-visibility":"","ast-main-header-display":"","ast-hfb-above-header-display":"","ast-hfb-below-header-display":"","ast-hfb-mobile-header-display":"","site-post-title":"","ast-breadcrumbs-content":"","ast-featured-img":"","footer-sml-layout":"","theme-transparent-header-meta":"","adv-header-id-meta":"","stick-header-meta":"","header-above-stick-meta":"","header-main-stick-meta":"","header-below-stick-meta":"","astra-migrate-meta-layouts":"default","ast-page-background-enabled":"default","ast-page-background-meta":{"desktop":{"background-color":"var(--ast-global-color-5)","background-image":"","background-repeat":"repeat","background-position":"center center","background-size":"auto","background-attachment":"scroll","background-type":"","background-media":"","overlay-type":"","overlay-color":"","overlay-opacity":"","overlay-gradient":""},"tablet":{"background-color":"","background-image":"","background-repeat":"repeat","background-position":"center center","background-size":"auto","background-attachment":"scroll","background-type":"","background-media":"","overlay-type":"","overlay-color":"","overlay-opacity":"","overlay-gradient":""},"mobile":{"background-color":"","background-image":"","background-repeat":"repeat","background-position":"center center","background-size":"auto","background-attachment":"scroll","background-type":"","background-media":"","overlay-type":"","overlay-color":"","overlay-opacity":"","overlay-gradient":""}},"ast-content-background-meta":{"desktop":{"background-color":"var(--ast-global-color-4)","background-image":"","background-repeat":"repeat","background-position":"center center","background-size":"auto","background-attachment":"scroll","background-type":"","background-media":"","overlay-type":"","overlay-color":"","overlay-opacity":"","overlay-gradient":""},"tablet":{"background-color":"var(--ast-global-color-4)","background-image":"","background-repeat":"repeat","background-position":"center center","background-size":"auto","background-attachment":"scroll","background-type":"","background-media":"","overlay-type":"","overlay-color":"","overlay-opacity":"","overlay-gradient":""},"mobile":{"background-color":"var(--ast-global-color-4)","background-image":"","background-repeat":"repeat","background-position":"center center","background-size":"auto","background-attachment":"scroll","background-type":"","background-media":"","overlay-type":"","overlay-color":"","overlay-opacity":"","overlay-gradient":""}}},"product_brand":[],"product_cat":[29,18,24,19,49,17],"product_tag":[66,67,53,68,69,70,71,72,73],"class_list":{"0":"post-438","1":"product","2":"type-product","3":"status-publish","4":"has-post-thumbnail","6":"product_cat-cap-am-cho-da","7":"product_cat-cham-soc-da-mat","8":"product_cat-chong-lao-hoa","9":"product_cat-duong-da","10":"product_cat-flora","11":"product_cat-my-pham","12":"product_tag-cang-bong","13":"product_tag-diu-mat","14":"product_tag-flora","15":"product_tag-gel-cap-am","16":"product_tag-gel-lo-hoi","17":"product_tag-giam-dau","18":"product_tag-omewa","19":"product_tag-se-khit","20":"product_tag-se-khit-lo-chan-long","21":"desktop-align-left","22":"tablet-align-left","23":"mobile-align-left","25":"first","26":"instock","27":"taxable","28":"shipping-taxable","29":"purchasable","30":"product-type-simple"},"_links":{"self":[{"href":"https:\/\/omewa.online\/index.php\/wp-json\/wp\/v2\/product\/438","targetHints":{"allow":["GET"]}}],"collection":[{"href":"https:\/\/omewa.online\/index.php\/wp-json\/wp\/v2\/product"}],"about":[{"href":"https:\/\/omewa.online\/index.php\/wp-json\/wp\/v2\/types\/product"}],"replies":[{"embeddable":true,"href":"https:\/\/omewa.online\/index.php\/wp-json\/wp\/v2\/comments?post=438"}],"wp:featuredmedia":[{"embeddable":true,"href":"https:\/\/omewa.online\/index.php\/wp-json\/wp\/v2\/media\/593"}],"wp:attachment":[{"href":"https:\/\/omewa.online\/index.php\/wp-json\/wp\/v2\/media?parent=438"}],"wp:term":[{"taxonomy":"product_brand","embeddable":true,"href":"https:\/\/omewa.online\/index.php\/wp-json\/wp\/v2\/product_brand?post=438"},{"taxonomy":"product_cat","embeddable":true,"href":"https:\/\/omewa.online\/index.php\/wp-json\/wp\/v2\/product_cat?post=438"},{"taxonomy":"product_tag","embeddable":true,"href":"https:\/\/omewa.online\/index.php\/wp-json\/wp\/v2\/product_tag?post=438"}],"curies":[{"name":"wp","href":"https:\/\/api.w.org\/{rel}","templated":true}]}}