{"id":437,"date":"2025-11-01T18:10:58","date_gmt":"2025-11-01T18:10:58","guid":{"rendered":"https:\/\/omewa.online\/?post_type=product&#038;p=437"},"modified":"2025-11-01T18:11:57","modified_gmt":"2025-11-01T18:11:57","slug":"na-bac-thao-duoc-flora-trang-da-san-chac-ngua-mun-lien-seo","status":"publish","type":"product","link":"https:\/\/omewa.online\/index.php\/product\/na-bac-thao-duoc-flora-trang-da-san-chac-ngua-mun-lien-seo\/","title":{"rendered":"N\u1ea1 B\u1eafc Th\u1ea3o D\u01b0\u1ee3c Flora , Tr\u1eafng da, S\u0103n ch\u1eafc, Ng\u1eeba m\u1ee5n, Li\u1ec1n s\u1eb9o"},"content":{"rendered":"<p>N\u1ea0 B\u1eaeC TH\u1ea2O D\u01af\u1ee2C FLORA<\/p>\n<p>C\u00d4NG D\u1ee4NG:<\/p>\n<p>&#8211; \u0110\u1eb7c tr\u1ecb c\u00e1c t\u00ecnh tr\u1ea1ng m\u1ee5n( ngo\u1ea1i tr\u1eeb m\u1ee5n th\u1ecbt v\u00e0 m\u1ee5n c\u00f3c)<br \/>\n&#8211; Ki\u1ec3m so\u00e1t d\u1ea7u, l\u00e0m s\u1ea1ch v\u00e0 se kh\u00edt l\u1ed7 ch\u00e2n l\u00f4ng<br \/>\n&#8211; Kh\u00e1ng vi\u00eam, gi\u1ea3m s\u01b0ng<br \/>\n&#8211; Ng\u0103n ng\u1eeba l\u00ean m\u1ee5n m\u1edbi<br \/>\n&#8211; M\u1edd v\u1ebft th\u00e2m, li\u1ec1n s\u1eb9o<br \/>\n&#8211; Lo\u1ea1i b\u1ecf s\u1eebng, s\u0103n ch\u1eafc, tr\u1ebb h\u00f3a da<br \/>\n&#8211; Mang l\u1ea1i l\u00e0n da tr\u1eafng h\u1ed3ng, m\u1ecbn m\u00e0ng, t\u01b0\u01a1i s\u00e1ng v\u00e0 kh\u1ecfe m\u1ea1nh c\u00f9ng n\u1ea1 b\u1eafc th\u1ea3o d\u01b0\u1ee3c Flora<\/p>\n<p>\ud83d\udcaa HI\u1ec6U QU\u1ea2 SAU \ud835\udfd5-\ud835\udfcf\ud835\udfce NG\u00c0Y\u00a0 S\u1eec D\u1ee4NG<\/p>\n<p>\u0110\u1eb6C T\u00cdNH S\u1ea2N PH\u1ea8M:<br \/>\n&#8211; S\u1ea3n ph\u1ea9m \u0111\u01b0\u1ee3c chi\u1ebft xu\u1ea5t ho\u00e0n to\u00e0n t\u1eeb thi\u00ean nhi\u00ean<br \/>\n&#8211; Ph\u00f9 h\u1ee3p v\u00e0 hi\u1ec7u qu\u1ea3 v\u1edbi m\u1ecdi lo\u1ea1i da,<br \/>\n&#8211; Kh\u00f4ng t\u00e1c d\u1ee5ng ph\u1ee5, kh\u00f4ng l\u00e0m m\u1ecfng v\u00e0 b\u00e0o m\u00f2n da, kh\u00f4ng ch\u1ea5t t\u1ea1o m\u00e0u, kh\u00f4ng ch\u1ea5t t\u1ea1o m\u00f9i<br \/>\n&#8211; Ch\u1ea5t b\u1ea3o qu\u1ea3n t\u1eeb thi\u00ean nhi\u00ean gi\u00fap b\u1ea3o v\u1ec7 da<br \/>\n&#8211; Ph\u00f9 h\u1ee3p cho m\u1ecdi gi\u1edbi v\u00e0 m\u1ecdi \u0111\u1ed9 tu\u1ed5i<\/p>\n<p>TH\u00c0NH PH\u1ea6N:<\/p>\n<p>&#8211; Chi\u1ebft xu\u1ea5t t\u1eeb KIM NG\u00c2N HOA: gi\u00fap ch\u1ed1ng oxy ho\u00e1, kh\u00e1ng vi\u00eam, thanh nhi\u1ec7t, \u0111\u00e0o th\u1ea3i \u0111\u1ed9c t\u1ed1.<br \/>\n&#8211; Chi\u1ebft xu\u1ea5t t\u1eeb c\u00e2y C\u1ece TR\u0128: gi\u00fap kh\u00e1ng vi\u00eam, l\u00e0m l\u00e0nh v\u1ebft th\u01b0\u01a1ng, ch\u1ed1ng oxy h\u00f3a, gi\u1ea3m s\u01b0ng, gi\u1ea3m m\u1ea9n \u0111\u1ecf(da nh\u1ea1y c\u1ea3m).<br \/>\n&#8211; Chi\u1ebft xu\u1ea5t t\u1eeb r\u1ec5 c\u1ee7a c\u00e2y B\u1ea0CH LI\u1ec4M: gi\u00fap kh\u00e1ng vi\u00eam, ch\u1ed1ng oxy h\u00f3a, l\u00e0m l\u00e0nh v\u1ebft th\u01b0\u01a1ng.<br \/>\n&#8211; Chi\u1ebft xu\u1ea5t t\u1eeb l\u00e1 C\u00daC CH\u1ec8 THI\u00caN: gi\u00fap thanh nhi\u1ec7t, \u0111\u00e0o th\u1ea3i \u0111\u1ed9c t\u1ed1, kh\u00e1ng vi\u00eam.<br \/>\n&#8211; Chi\u1ebft xu\u1ea5t t\u1eeb HOA \u0110\u00c0O: gi\u00fap da tr\u1eafng h\u1ed3ng, t\u0103ng c\u01b0\u1eddng v\u00f2ng tu\u1ea7n ho\u00e0n m\u00e1u, t\u00e1i t\u1ea1o da, m\u1edd v\u1ebft th\u00e2m do m\u1ee5n \u0111\u1ec3 l\u1ea1i.<br \/>\n&#8211; Chi\u1ebft xu\u1ea5t t\u1eeb TR\u00c0 XANH: ch\u1ed1ng oxy h\u00f3a, ch\u1ed1ng vi\u00eam v\u00e0 kh\u00e1ng khu\u1ea9n, gi\u1ea3m ti\u1ebft b\u00e3 nh\u1eddn tr\u00ean da(ki\u1ec3m so\u00e1t d\u1ea7u t\u1ed1t)<br \/>\n&#8211; Th\u00e0nh ph\u1ea7n l\u00f2ng tr\u1eafng tr\u1ee9ng g\u00e0 ta(m\u1eb7t n\u1ea1 t\u01b0\u01a1i): gi\u00fap s\u0103n ch\u1eafc da, t\u00e1i t\u1ea1o tr\u1ebb h\u00f3a, da c\u0103ng b\u00f3ng.<\/p>\n<p>C\u00c1CH D\u00d9NG:\u00a0 d\u00f9ng \u0111\u00fang c\u00e1ch \u0111\u1ec3 t\u0103ng hi\u1ec7u qu\u1ea3 c\u1ee7a N\u1ea1 B\u1eafc Th\u1ea3o D\u01b0\u1ee3c Flora<\/p>\n<p>B\u01b0\u1edbc 1:<br \/>\n&#8211; R\u1eeda m\u1eb7t th\u1eadt s\u1ea1ch b\u1eb1ng s\u1eefa r\u1eeda m\u1eb7t<br \/>\nB\u01b0\u1edbc 2: Pha N\u1ea1 B\u1eafc Th\u1ea3o D\u01b0\u1ee3c Flora<br \/>\n&#8211; T\u00e1ch l\u1ea5y l\u00f2ng tr\u1eafng tr\u1ee9ng g\u00e0 ta ra 1 c\u00e1i ch\u00e9n<br \/>\n&#8211; D\u00f9ng ph\u1edbi \u0111\u00e1nh l\u00f2ng tr\u1eafng tr\u1ee9ng cho b\u00f4ng l\u00ean<br \/>\n&#8211; L\u1ea5y 1 g\u00f3i b\u1ed9t N\u1ea1 B\u1eafc cho v\u00e0o \u00bd l\u00f2ng tr\u1eafng tr\u1ee9ng v\u1eeba \u0111\u00e1nh xong v\u00e0 tr\u1ed9n \u0111\u1ec1u th\u00e0nh h\u1ed7n h\u1ee3p \u0111\u1ed3ng nh\u1ea5t<br \/>\nB\u01b0\u1edbc 3: C\u00e1ch \u0111\u1eafp n\u1ea1 b\u1eafc<br \/>\n&#8211; \u0110\u1eafp n\u1ea1 b\u1eafc t\u1eeb gi\u1eefa m\u1eb7t ra b\u00ean ngo\u00e0i v\u00e0 t\u1eeb d\u01b0\u1edbi c\u1eb1m h\u01b0\u1edbng x\u00e9o l\u00ean tr\u00ean, gi\u00fap da \u0111\u01b0\u1ee3c m\u1ecbn m\u00e0ng v\u00e0 s\u0103n ch\u1eafc<br \/>\nB\u01b0\u1edbc 4: R\u1eeda n\u1ea1 b\u1eafc<br \/>\n&#8211; \u0110\u1ec3 n\u1ea1 b\u1eafc tr\u00ean da kho\u1ea3ng 30&#8242;-40\u2019 sau \u0111\u00f3 r\u1eeda m\u1eb7t l\u1ea1i b\u1eb1ng n\u01b0\u1edbc \u1ea5m<br \/>\n&#8211; D\u00f9ng kh\u0103n nh\u00fang n\u01b0\u1edbc \u1ea5m th\u1ea5m \u0111\u1ec1u l\u00ean m\u1eb7t n\u1ea1 tr\u00ean da cho m\u1ec1m ra sau \u0111\u00f3 lau v\u00e0 r\u1eeda m\u1eb7t cho \u0111\u1ebfn khi s\u1ea1ch<br \/>\n&#8211; \u0110\u1ec3 l\u1ed7 ch\u00e2n l\u00f4ng kh\u00e9p l\u1ea1i, r\u1eeda m\u1eb7t l\u1ea1i b\u1eb1ng n\u01b0\u1edbc l\u1ea1nh<\/p>\n<p>&nbsp;<\/p>\n<p>L\u01afU \u00dd:<\/p>\n<p>&#8211; Ph\u1ea7n l\u00f2ng tr\u1eafng c\u00f2n l\u1ea1i ch\u01b0a s\u1eed d\u1ee5ng c\u00f3 th\u1ec3 \u0111\u1eady k\u00edn v\u00e0 b\u1ea3o qu\u1ea3n trong t\u1ee7 l\u1ea1nh d\u00f9ng cho ng\u00e0y h\u00f4m sau, kh\u00f4ng n\u00ean \u0111\u1ec3 sang ng\u00e0y th\u1ee9 3 v\u00ec l\u00fac \u0111\u00f3 l\u00f2ng tr\u1eafng kh\u00f4ng c\u00f2n hi\u1ec7u qu\u1ea3 n\u1eefa<br \/>\n&#8211; Trong qu\u00e1 tr\u00ecnh \u0111\u1eafp n\u1ea1 b\u1eafc, kh\u00f4ng n\u00ean ng\u1ed3i tr\u01b0\u1edbc qu\u1ea1t gi\u00f3, n\u00ean \u0111\u1ec3 m\u1eb7t n\u1ea1 kh\u00f4 t\u1ef1 nhi\u00ean, \u0111\u1ec3 nh\u1eefng d\u01b0\u1ee1ng ch\u1ea5t trong m\u1eb7t n\u1ea1 s\u1ebd t\u1eeb t\u1eeb ng\u1ea5m v\u00e0o da<br \/>\n&#8211; N\u1ea1 b\u1eafc pha \u0111\u00fang c\u00e1ch l\u00e0 khi d\u00f9ng c\u1ecd qu\u00e9t l\u00ean da m\u1eb7t, n\u1ea1 b\u1eafc kh\u00f4ng b\u1ecb nh\u1ecf gi\u1ecdt m\u00e0 ph\u1ea3i ho\u00e0n to\u00e0n b\u00e1m tr\u00ean da<br \/>\n&#8211; N\u00ean duy tr\u00ec \u0111\u1eafp n\u1ea1 b\u1eafc th\u1ea3o d\u01b0\u1ee3c flora m\u1ed9t tu\u1ea7n t\u1eeb 2-3 l\u1ea7n,<br \/>\n&#8211; N\u1ebfu t\u00ecnh tr\u1ea1ng da m\u1ee5n n\u1eb7ng, ho\u1eb7c l\u00e3o h\u00f3a nhi\u1ec1u th\u00ec n\u00ean d\u00f9ng n\u1ea1 b\u1eafc th\u1ea3o d\u01b0\u1ee3c flora 1l\u1ea7n\/ng\u00e0y \u0111\u1ec3 cho hi\u1ec7u qu\u1ea3 cao nh\u1ea5t<br \/>\n&#8211; Kh\u00f4ng n\u00ean thay th\u1ebf tr\u1ee9ng g\u00e0 ta b\u1eb1ng 1 lo\u1ea1i tr\u1ee9ng g\u00e0 kh\u00e1c. N\u1ebfu kh\u00f4ng s\u1ebd kh\u00f4ng cho hi\u1ec7u qu\u1ea3 t\u1ed1t nh\u1ea5t v\u1edbi n\u1ea1 b\u1eafc th\u1ea3o d\u01b0\u1ee3c flora<br \/>\n&#8211; Trong qu\u00e1 tr\u00ecnh \u0111\u1eafp n\u1ea1, s\u1ebd c\u00f3 c\u1ea3m gi\u00e1c co h\u00edt ch\u00e2m ch\u00edch, \u0111i\u1ec1u n\u00e0y l\u00e0 ho\u00e0n to\u00e0n b\u00ecnh th\u01b0\u1eddng b\u1edfi khi \u0111\u00f3, n\u1ea1 b\u1eafc th\u1ea3o d\u01b0\u1ee3c flora \u0111ang lo\u1ea1i b\u1ecf c\u00e1c t\u1ebf b\u00e0o da ch\u1ebft, l\u00e0m s\u1ea1ch l\u1ed7 ch\u00e2n l\u00f4ng, ki\u1ec3m so\u00e1t d\u1ea7u v\u00e0 k\u00edch th\u00edch t\u00e1i t\u1ea1o t\u1ebf b\u00e0o da m\u1edbi<br \/>\n&#8211; \u0110\u1ed1i v\u1edbi c\u00e1c t\u00ecnh tr\u1ea1ng m\u1ee5n d\u01b0\u1edbi da, sau kho\u1ea3ng 10 ng\u00e0y \u0111\u1eafp n\u1ea1 b\u1eafc th\u1ea3o d\u01b0\u1ee3c flora s\u1ebd c\u00f3 c\u1ea3m gi\u00e1c m\u1ee5n nhi\u1ec1u h\u01a1n do l\u1ed7 ch\u00e2n l\u00f4ng th\u00f4ng tho\u00e1ng nh\u00e2n m\u1ee5n s\u1ebd tr\u1ed3i l\u00ean b\u1ec1 m\u1eb7t da. V\u1eabn ti\u1ebfp t\u1ee5c \u0111\u1eafp n\u1ea1 cho \u0111\u1ebfn khi nh\u00e2n m\u1ee5n \u0111\u01b0\u1ee3c gom l\u1ea1i v\u00e0 t\u01b0\u01a1ng \u0111\u1ed1i kh\u00f4 th\u00ec h\u00e3y ti\u1ebfn h\u00e0nh lo\u1ea1i b\u1ecf nh\u00e2n m\u1ee5n.<\/p>\n<p>N\u1ea1 b\u1eafc th\u1ea3o d\u01b0\u1ee3c flora cam k\u1ebft tr\u1eafng da, s\u0103n ch\u1eafc, ng\u1eeba m\u1ee5n, li\u1ec1n s\u1eb9o an to\u00e0n v\u1edbi 100% th\u1ea3o d\u01b0\u1ee3c thi\u00ean nhi\u00ean.<\/p>\n<p>&nbsp;<\/p>\n","protected":false},"excerpt":{"rendered":"<p>N\u1ea1 b\u1eafc th\u1ea3o d\u01b0\u1ee3c flora, Tr\u1eafng da, S\u0103n ch\u1eafc, ng\u1eeba m\u1ee5n, li\u1ec1n s\u1eb9o<\/p>\n<p>&#8211; Ng\u1eeba m\u1ee5n v\u00e0 \u0110\u1eb7c tr\u1ecb t\u1ea5t c\u1ea3 c\u00e1c t\u00ecnh tr\u1ea1ng m\u1ee5n<\/p>\n<p>&#8211; Ki\u1ec3m so\u00e1t d\u1ea7u, l\u00e0m s\u1ea1ch v\u00e0 se kh\u00edt l\u1ed7 ch\u00e2n l\u00f4ng<br \/>\n&#8211; Kh\u00e1ng vi\u00eam, gi\u1ea3m s\u01b0ng<br \/>\n&#8211; Ng\u0103n ng\u1eeba l\u00ean m\u1ee5n m\u1edbi<br \/>\n&#8211; M\u1edd v\u1ebft th\u00e2m, li\u1ec1n s\u1eb9o<br \/>\n&#8211; Lo\u1ea1i b\u1ecf s\u1eebng, s\u0103n ch\u1eafc, tr\u1ebb h\u00f3a da<br \/>\n&#8211; Mang l\u1ea1i l\u00e0n da tr\u1eafng h\u1ed3ng, m\u1ecbn m\u00e0ng, t\u01b0\u01a1i s\u00e1ng v\u00e0 kh\u1ecfe m\u1ea1nh<\/p>\n<p>&#8211; S\u1ea3n ph\u1ea9m \u0111\u01b0\u1ee3c chi\u1ebft xu\u1ea5t ho\u00e0n to\u00e0n t\u1eeb thi\u00ean nhi\u00ean<br \/>\n&#8211; Ph\u00f9 h\u1ee3p v\u00e0 hi\u1ec7u qu\u1ea3 v\u1edbi m\u1ecdi lo\u1ea1i da,<br \/>\n&#8211; Kh\u00f4ng t\u00e1c d\u1ee5ng ph\u1ee5, kh\u00f4ng l\u00e0m m\u1ecfng v\u00e0 b\u00e0o m\u00f2n da, kh\u00f4ng ch\u1ea5t t\u1ea1o m\u00e0u, kh\u00f4ng ch\u1ea5t t\u1ea1o m\u00f9i<br \/>\n&#8211; Ch\u1ea5t b\u1ea3o qu\u1ea3n t\u1eeb thi\u00ean nhi\u00ean gi\u00fap b\u1ea3o v\u1ec7 da<br \/>\n&#8211; Ph\u00f9 h\u1ee3p cho m\u1ecdi gi\u1edbi v\u00e0 m\u1ecdi \u0111\u1ed9 tu\u1ed5i<\/p>\n<p>HI\u1ec6U QU\u1ea2 SAU 7 &#8211; 10 NG\u00c0Y S\u1eec D\u1ee4NG<\/p>\n<p>N\u1ea1 b\u1eafc th\u1ea3o d\u01b0\u1ee3c flora, gi\u00fap b\u1ea1n tr\u1eafng da, s\u0103n ch\u1eafc da, \u0111\u1eb7c tr\u1ecb m\u1ee5n, ng\u0103n ng\u1eeba m\u1ee5n, li\u1ec1n s\u1eb9o, an to\u00e0n v\u1edbi th\u00e0nh ph\u1ea7n th\u1ea3o d\u01b0\u1ee3c \u0111\u1ec3 s\u1eed d\u1ee5ng l\u00e2u d\u00e0i gi\u00fap b\u1ea1n c\u00f3 l\u00e0n da kh\u00f4ng tu\u1ed5i tr\u1eafng h\u1ed3ng nh\u01b0 l\u00e0n da em b\u00e9 v\u1edbi N\u1ea1 b\u1eafc th\u1ea3o d\u01b0\u1ee3c flora.<\/p>\n","protected":false},"featured_media":585,"comment_status":"open","ping_status":"closed","template":"","meta":{"site-sidebar-layout":"default","site-content-layout":"","ast-site-content-layout":"default","site-content-style":"default","site-sidebar-style":"default","ast-global-header-display":"","ast-banner-title-visibility":"","ast-main-header-display":"","ast-hfb-above-header-display":"","ast-hfb-below-header-display":"","ast-hfb-mobile-header-display":"","site-post-title":"","ast-breadcrumbs-content":"","ast-featured-img":"","footer-sml-layout":"","theme-transparent-header-meta":"","adv-header-id-meta":"","stick-header-meta":"","header-above-stick-meta":"","header-main-stick-meta":"","header-below-stick-meta":"","astra-migrate-meta-layouts":"default","ast-page-background-enabled":"default","ast-page-background-meta":{"desktop":{"background-color":"var(--ast-global-color-5)","background-image":"","background-repeat":"repeat","background-position":"center center","background-size":"auto","background-attachment":"scroll","background-type":"","background-media":"","overlay-type":"","overlay-color":"","overlay-opacity":"","overlay-gradient":""},"tablet":{"background-color":"","background-image":"","background-repeat":"repeat","background-position":"center center","background-size":"auto","background-attachment":"scroll","background-type":"","background-media":"","overlay-type":"","overlay-color":"","overlay-opacity":"","overlay-gradient":""},"mobile":{"background-color":"","background-image":"","background-repeat":"repeat","background-position":"center center","background-size":"auto","background-attachment":"scroll","background-type":"","background-media":"","overlay-type":"","overlay-color":"","overlay-opacity":"","overlay-gradient":""}},"ast-content-background-meta":{"desktop":{"background-color":"var(--ast-global-color-4)","background-image":"","background-repeat":"repeat","background-position":"center center","background-size":"auto","background-attachment":"scroll","background-type":"","background-media":"","overlay-type":"","overlay-color":"","overlay-opacity":"","overlay-gradient":""},"tablet":{"background-color":"var(--ast-global-color-4)","background-image":"","background-repeat":"repeat","background-position":"center center","background-size":"auto","background-attachment":"scroll","background-type":"","background-media":"","overlay-type":"","overlay-color":"","overlay-opacity":"","overlay-gradient":""},"mobile":{"background-color":"var(--ast-global-color-4)","background-image":"","background-repeat":"repeat","background-position":"center center","background-size":"auto","background-attachment":"scroll","background-type":"","background-media":"","overlay-type":"","overlay-color":"","overlay-opacity":"","overlay-gradient":""}}},"product_brand":[],"product_cat":[18,24,19,49,17,25,50],"product_tag":[51,52,53,54,55,56,57,58,59,60,61,62,63,64,27,65],"class_list":{"0":"post-437","1":"product","2":"type-product","3":"status-publish","4":"has-post-thumbnail","6":"product_cat-cham-soc-da-mat","7":"product_cat-chong-lao-hoa","8":"product_cat-duong-da","9":"product_cat-flora","10":"product_cat-my-pham","11":"product_cat-san-pham-tri-mun","12":"product_cat-spa-tham-my","13":"product_tag-cang-da","14":"product_tag-duong-da","15":"product_tag-flora","16":"product_tag-lien-seo","17":"product_tag-min-da","18":"product_tag-na-bac","19":"product_tag-na-bac-thao-duoc","20":"product_tag-na-bac-thao-duoc-flora","21":"product_tag-na-bac-trung-ga","22":"product_tag-ngua-mun","23":"product_tag-san-chac","24":"product_tag-san-trac-da","25":"product_tag-trang-da","26":"product_tag-trang-hong","27":"product_tag-tri-mun","28":"product_tag-trung-ga-ta","29":"desktop-align-left","30":"tablet-align-left","31":"mobile-align-left","33":"first","34":"instock","35":"taxable","36":"shipping-taxable","37":"purchasable","38":"product-type-simple"},"_links":{"self":[{"href":"https:\/\/omewa.online\/index.php\/wp-json\/wp\/v2\/product\/437","targetHints":{"allow":["GET"]}}],"collection":[{"href":"https:\/\/omewa.online\/index.php\/wp-json\/wp\/v2\/product"}],"about":[{"href":"https:\/\/omewa.online\/index.php\/wp-json\/wp\/v2\/types\/product"}],"replies":[{"embeddable":true,"href":"https:\/\/omewa.online\/index.php\/wp-json\/wp\/v2\/comments?post=437"}],"wp:featuredmedia":[{"embeddable":true,"href":"https:\/\/omewa.online\/index.php\/wp-json\/wp\/v2\/media\/585"}],"wp:attachment":[{"href":"https:\/\/omewa.online\/index.php\/wp-json\/wp\/v2\/media?parent=437"}],"wp:term":[{"taxonomy":"product_brand","embeddable":true,"href":"https:\/\/omewa.online\/index.php\/wp-json\/wp\/v2\/product_brand?post=437"},{"taxonomy":"product_cat","embeddable":true,"href":"https:\/\/omewa.online\/index.php\/wp-json\/wp\/v2\/product_cat?post=437"},{"taxonomy":"product_tag","embeddable":true,"href":"https:\/\/omewa.online\/index.php\/wp-json\/wp\/v2\/product_tag?post=437"}],"curies":[{"name":"wp","href":"https:\/\/api.w.org\/{rel}","templated":true}]}}