{"id":406,"date":"2025-11-01T18:10:34","date_gmt":"2025-11-01T18:10:34","guid":{"rendered":"https:\/\/omewa.online\/?post_type=product&#038;p=406"},"modified":"2026-03-19T14:05:40","modified_gmt":"2026-03-19T14:05:40","slug":"kem-khoa-am-lam-sang-deu-mau-da-45g-melazero-whitening-gel-cream","status":"publish","type":"product","link":"https:\/\/omewa.online\/index.php\/product\/kem-khoa-am-lam-sang-deu-mau-da-45g-melazero-whitening-gel-cream\/","title":{"rendered":"Kem kh\u00f3a \u1ea9m l\u00e0m s\u00e1ng \u0111\u1ec1u m\u00e0u da 45g &#8211; Melazero Whitening Gel Cream"},"content":{"rendered":"<div class=\"border-b border-secondary-light3 lg:border-0\" data-v-3a2e2332=\"\">\n<div data-v-36134904=\"\">\n<div id=\"96\" class=\"flex flex-col w-full h-full bg-opacity-25 lg:flex-row bg-secondary-light3\" data-v-475c5dca=\"\" data-v-3a2e2332=\"\">\n<div class=\"w-full lg:w-1\/2 theimageinfo1\"><img decoding=\"async\" class=\"object-cover object-center w-full transition-all duration-300 lazyLoad isLoaded\" src=\"https:\/\/file.hstatic.net\/200000834019\/file\/melazero_c23d44dee799418a9bf5fc330f088ec1.jpg\" data-v-475c5dca=\"\" \/><\/div>\n<div id=\"DepthDetail\" class=\"flex flex-col w-full px-2 py-3 lg:py-12 lg:w-1\/2 additional-information\" data-v-475c5dca=\"\">\n<div class=\"flex flex-col text-lg font-normal lg:text-3xl lg:leading-10 font-vollkorn text-primary-dark\" data-v-475c5dca=\"\">\n<div class=\"overflow-hidden overflow-ellipsis line-clamp-5 line-clamp-none\">\n<div class=\"contentinfotable2\">\n<p>Melazero \u2013 chi\u1ebft xu\u1ea5t c\u00e2y Arisaema Amurense (Thi\u00ean Nam Tinh) l\u00e0 m\u1ed9t ho\u1ea1t ch\u1ea5t l\u00e0m tr\u1eafng g\u1ed1c th\u1ef1c v\u1eadt th\u1ebf h\u1ec7 th\u1ee9 3 c\u00f3 th\u1ec3 x\u00f3a b\u1ecf Melanin \u0111\u00e3 h\u00ecnh tr\u00ean da nh\u1edd c\u01a1 ch\u1ebf \u201ct\u1ef1 th\u1ef1c b\u00e0o \u2013 Autophagy\u201d. Nh\u1edd c\u01a1 ch\u1ebf ho\u1ea1t \u0111\u1ed9ng \u0111\u1ed9c \u0111\u00e1o, Melazero lo\u1ea1i b\u1ecf Melanin d\u01b0 th\u1eeba v\u00e0 ng\u0103n ch\u1eb7n s\u1ef1 h\u00ecnh th\u00e0nh m\u1edbi c\u1ee7a n\u00f3 t\u1eeb \u0111\u00f3 gi\u00fap l\u00e0m s\u00e1ng da m\u1ed9t c\u00e1ch t\u1ef1 nhi\u00ean, mang l\u1ea1i l\u00e0n da tr\u1eafng s\u00e1ng, m\u1ecbn m\u00e0ng v\u00e0 \u0111\u1ed3ng \u0111\u1ec1u. M\u1ed9t s\u1ed1 nghi\u00ean c\u1ee9u cho th\u1ea5y Melazero c\u00f3 th\u1ec3 l\u00e0m s\u00e1ng da hi\u1ec7u qu\u1ea3 trong v\u00f2ng 14 ng\u00e0y. Ngo\u00e0i ra, Melazero c\u00f2n gi\u00fap l\u00e0m d\u1ecbu da v\u00e0 ch\u1ed1ng oxi h\u00f3a, g\u00f3p ph\u1ea7n b\u1ea3o v\u1ec7 da kh\u1ecfi c\u00e1c t\u00e1c nh\u00e2n g\u00e2y h\u1ea1i. Melazero \u0111\u00e3 tr\u1ea3i qua c\u00e1c cu\u1ed9c ki\u1ec3m tra ch\u1eb7t ch\u1ebd v\u00e0 \u0111\u01b0\u1ee3c ch\u1ee9ng nh\u1eadn kh\u00f4ng g\u00e2y k\u00edch \u1ee9ng ho\u1eb7c t\u00e1c \u0111\u1ed9ng ti\u00eau c\u1ef1c \u0111\u1ebfn t\u1ebf b\u00e0o da, ho\u00e0n to\u00e0n kh\u00f4ng b\u00e0o m\u00f2n, kh\u00f4ng \u0111\u1ec3 l\u1ea1i t\u00e1c d\u1ee5ng ph\u1ee5 tr\u00ean da.<\/p>\n<\/div>\n<\/div>\n<\/div>\n<p><span class=\"seemoredetail2 text-sm font-bold leading-7 underline cursor-pointer lg:text-base see-more font-nunito text-typo-heading\" data-v-475c5dca=\"\">Xem th\u00eam<\/span><\/p>\n<hr class=\"my-2 lg:my-3\" data-v-475c5dca=\"\" \/>\n<div class=\"flex flex-col lg:flex-row lg:0 flexbrhand\" data-v-475c5dca=\"\">\n<div class=\"flex colinfo2cot1 flex-col flex-1 text-sm font-normal lg:text-base text-typo-body font-nunito\" data-v-475c5dca=\"\">\n<p>C\u00f4ng d\u1ee5ng<\/p>\n<p>&nbsp;<\/p>\n<p>\u2713 Ki\u1ec3m so\u00e1t v\u00e0 \u1ee9c ch\u1ebf s\u1eafc t\u1ed1 hi\u1ec7u qu\u1ea3, gi\u00fap da s\u00e1ng \u0111\u1ec1u m\u00e0u v\u00e0 r\u1ea1ng r\u1ee1.<\/p>\n<p>\u2713\u00a0Gi\u00fap duy tr\u00ec k\u1ebft qu\u1ea3 sau qu\u00e1 tr\u00ecnh \u0111i\u1ec1u tr\u1ecb n\u00e1m.<\/p>\n<p>\u2713 D\u01b0\u1ee1ng \u1ea9m v\u00e0 nu\u00f4i d\u01b0\u1ee1ng l\u00e0n da b\u00f3ng kho\u1ebb.<\/p>\n<p>&nbsp;<\/p>\n<\/div>\n<div class=\"flex colinfo2cot2 flex-col flex-1 text-sm font-normal lg:text-base text-typo-body font-nunito mt-2 lg:mt-0 lg:ml-3\" data-v-475c5dca=\"\">\n<p>D\u00e0nh cho<\/p>\n<p>&nbsp;<\/p>\n<p>\u2713\u00a0Da t\u1ed1i m\u00e0u<\/p>\n<p>\u2713\u00a0Da th\u00e2m s\u1ea1m, t\u0103ng s\u1eafc t\u1ed1, kh\u00f4ng \u0111\u1ec1u m\u00e0u<\/p>\n<\/div>\n<\/div>\n<\/div>\n<\/div>\n<\/div>\n<\/div>\n<div id=\"product-components\" class=\"border-b border-secondary-light3 lg:border-0\" data-v-3a2e2332=\"\">\n<div data-v-36134904=\"\">\n<div id=\"96\" class=\"relative flex flex-col w-full lg:flex-row-reverse bg-primary-light\" data-v-23023fea=\"\" data-v-3a2e2332=\"\">\n<div class=\"w-full lg:w-1\/2 max-h-7221 imagecomponant\" data-v-23023fea=\"\"><img decoding=\"async\" class=\"object-cover w-full h-full transition-all duration-500 lazyLoad isLoaded\" src=\"https:\/\/file.hstatic.net\/200000834019\/file\/dsc05214_95beaa0136cb48d29a61d4ef0855c745.jpeg\" data-v-23023fea=\"\" \/><\/div>\n<div class=\"flex flex-col w-full px-2 pt-3 pb-8 lg:relative lg:w-1\/2 product-components lg:pt-5 lg:pb-3 2xl:pt-14 2xl:pb-9 overflow-y-auto\" data-v-23023fea=\"\">\n<div class=\"product-components__details\" data-v-23023fea=\"\">\n<div class=\"descriptionthanhphan\">\n<div class=\"renderdata\">\n<p>Th\u00e0nh ph\u1ea7n ch\u00ednh<\/p>\n<p>&nbsp;<\/p>\n<p><strong>D\u1ea7u c\u00e1m g\u1ea1o Nh\u1eadt B\u1ea3n (Oryza Sativa (Rice) Bran Oil)<\/strong><\/p>\n<p>\u2022 Ch\u1ee9a nhi\u1ec1u axit b\u00e9o v\u00e0 vitamin E, gi\u00fap d\u01b0\u1ee1ng \u1ea9m \u00a0v\u00e0 ph\u1ee5c h\u1ed3i t\u1ed5n t\u01b0\u01a1ng, m\u1edd v\u1ebft th\u00e2m, ng\u0103n c\u1ea3n qu\u00e1 tr\u00ecnh l\u00e3o h\u00f3a.<\/p>\n<p>\u2022 Ch\u1ee9a vitamin E, B2, B6 v\u00e0 c\u00e1c kho\u00e1ng ch\u1ea5t kh\u00e1c gi\u00fap t\u1ebf b\u00e0o da ch\u1ed1ng l\u1ea1i s\u1ef1 t\u1ea5n c\u00f4ng c\u1ee7a c\u00e1c g\u1ed1c t\u1ef1 do, b\u1ea3o v\u1ec7 da kh\u1ecfi t\u00e1c h\u1ea1i c\u1ee7a \u00e1nh n\u1eafng m\u1eb7t tr\u1eddi, tia c\u1ef1c t\u00edm (UV)\u2026<\/p>\n<p>\u2022 C\u00f3 kh\u1ea3 n\u0103ng l\u00e0m s\u1ea1ch l\u1ed7 ch\u00e2n l\u00f4ng v\u00e0 ng\u0103n t\u1eafc ngh\u1ebdn l\u1ed7 ch\u00e2n l\u00f4ng, gi\u00fap da m\u1eb7t tr\u1edf n\u00ean s\u00e1ng h\u01a1n.<\/p>\n<p><strong>D\u1ea7u h\u1ea1t m\u00e8 (Sesamum Indicum Seed Oil), d\u1ea7u h\u1ea1t chanh d\u00e2y (Passiflora Edulis Seed Oil)<\/strong><\/p>\n<p>\u2022 Ch\u1ee9a nhi\u1ec1u axit b\u00e9o v\u00e0 vitamin E, gi\u00fap d\u01b0\u1ee1ng \u1ea9m, l\u00e0m d\u1ecbu da, gi\u1eef cho da m\u1ec1m m\u1ea1i, gi\u1ea3m t\u00ecnh tr\u1ea1ng da s\u01b0ng v\u00e0 k\u00edch \u1ee9ng.<\/p>\n<p>\u2022 Ch\u1ee9a vitamin E v\u00e0 c\u00e1c ch\u1ea5t kh\u00e1c gi\u00fap b\u1ea3o v\u1ec7 da kh\u1ecfi c\u00e1c t\u00e1c nh\u00e2n g\u00e2y h\u1ea1i nh\u01b0 vi khu\u1ea9n g\u00e2y m\u1ee5n, tia UV, &#8230;<\/p>\n<p>\u2022 D\u1ea7u h\u1ea1t chanh d\u00e2y c\u00f3 ch\u1ee9a vitamin C, gi\u00fap gi\u1ea3m t\u00ecnh tr\u1ea1ng t\u00e0n nhang v\u00e0 v\u1ebft th\u00e2m tr\u00ean da.<\/p>\n<p>&nbsp;<\/p>\n<p>L\u00e0m s\u00e1ng da \u0111a c\u01a1 ch\u1ebf v\u1edbi 5 ho\u1ea1t ch\u1ea5t l\u00e0m s\u00e1ng da<\/p>\n<p>&nbsp;<\/p>\n<p><strong>Niacinamide<\/strong><\/p>\n<p>\u2022 Niacinamide (B3) ng\u0103n ch\u1eb7n s\u1ef1 di chuy\u1ec3n c\u1ee7a Melanosome v\u00e0o trong t\u1ebf b\u00e0o s\u1eebng.<\/p>\n<p>\u2022 Vitamin B3 c\u00f3 t\u00e1c \u0111\u1ed9ng l\u00e0m s\u00e1ng da, ng\u0103n ng\u1eeba s\u1eafc t\u1ed1 l\u00e0m \u0111en s\u1ea1m da ph\u00e1t tri\u1ec3n.<\/p>\n<p>\u2022 H\u1ed7 tr\u1ee3 tr\u1ecb m\u1ee5n, ki\u1ec3m so\u00e1t b\u00e3 nh\u1eddn, l\u00e0m d\u1ecbu da v\u00e0 ch\u1ed1ng oxy ho\u00e1.<\/p>\n<p><strong>Inositol<\/strong><\/p>\n<p>\u2022 Gi\u00fap da tr\u1edf n\u00ean tr\u1eafng s\u00e1ng, m\u1ecbn m\u00e0ng v\u00e0 kh\u1ecfe m\u1ea1nh.<\/p>\n<p>\u2022 T\u0103ng sinh t\u1ebf b\u00e0o m\u1edbi gi\u00fap da nhanh \u0111\u01b0\u1ee3c t\u00e1i t\u1ea1o, gi\u00fap da \u0111\u00e0n h\u1ed3i, s\u0103n ch\u1eafc h\u01a1n.<\/p>\n<p>\u2022 Gi\u00fap c\u00e2n b\u1eb1ng nh\u1eddn tr\u00ean c\u00e1c v\u00f9ng da kh\u00e1c nhau.<\/p>\n<p>\u2022 C\u1ee7ng c\u1ed1 h\u00e0ng r\u00e0o t\u1ef1 b\u1ea3o v\u1ec7 c\u1ee7a da, ng\u0103n ng\u1eeba l\u00e3o h\u00f3a da.<\/p>\n<p><strong>Chi\u1ebft xu\u1ea5t r\u1ec5 Cam Th\u1ea3o (Glycyrrhiza Glabra Root Extract)<\/strong><\/p>\n<p>\u1ee8c ch\u1ebf qu\u00e1 tr\u00ecnh s\u1ea3n sinh h\u1eafc t\u1ed1 Melanin, gi\u00fap l\u00e0n da kh\u00f4i ph\u1ee5c l\u1ea1i s\u1ef1 tr\u1eafng tr\u1ebbo v\u00e0 h\u1ed3ng h\u00e0o. \u0110\u1ed3ng th\u1eddi ho\u1ea1t ch\u1ea5t c\u00f2n c\u00f3 t\u00e1c d\u1ee5ng gi\u1ea3i \u0111\u1ed9c v\u00e0 ch\u1ed1ng vi\u00eam c\u1ef1c t\u1ed1t gi\u00fap ng\u1eeba m\u1ee5n hi\u1ec7u qu\u1ea3.<\/p>\n<p><strong>Tranexamic Acid<\/strong><\/p>\n<p>\u2022 \u1ee8c ch\u1ebf qu\u00e1 tr\u00ecnh t\u1ed5ng h\u1ee3p Melanin, gi\u00fap da m\u1edd v\u1ebft th\u00e2m, n\u00e1m, s\u00e1ng \u0111\u1ec1u m\u00e0u.<\/p>\n<p>\u2022 C\u00f3 kh\u1ea3 n\u0103ng gi\u1ea3m vi\u00eam, ph\u1ee5c h\u1ed3i t\u1ed5n th\u01b0\u01a1ng do tia UV, c\u00e1c t\u00e1c nh\u00e2n g\u00e2y h\u1ea1i kh\u00e1c.<\/p>\n<p><strong>Melazero<\/strong><\/p>\n<p>\u2022 C\u01a1 ch\u1ebf g\u1ecdng k\u00ecm t\u1ef1 &#8220;th\u1ef1c b\u00e0o&#8221; h\u1eafc s\u1eafc t\u1ed1 Melanin s\u1ea3n sinh giai \u0111o\u1ea1n cu\u1ed1i \u1edf t\u1ebf b\u00e0o da gi\u00fap gi\u1ea3m thi\u1ec3u t\u00ecnh tr\u1ea1ng t\u0103ng s\u1eafc t\u1ed1.<\/p>\n<p>\u2022 C\u01a1 ch\u1ebf \u1ee9c ch\u1ebf qu\u00e1 tr\u00ecnh t\u1ed5ng h\u1ee3p men Tyrosinaise s\u1ea3n sinh Melanin ngay \u1edf giai \u0111o\u1ea1n \u0111\u1ea7u gi\u00fap ph\u00e1 v\u1ee1 vi\u1ec7c h\u00ecnh th\u00e0nh s\u1eafc t\u1ed1 t\u1ed1i m\u00e0u, duy tr\u00ec l\u00e0n da r\u1ea1ng r\u1ee1 \u0111\u1ec1u m\u00e0u v\u00e0 ng\u0103n ng\u1eeba th\u00e2m s\u1ea1m hi\u1ec7u qu\u1ea3.<\/p>\n<p>\u2022 H\u1ed7 tr\u1ee3 l\u00e0m s\u00e1ng da hi\u1ec7u qu\u1ea3 trong 14 ng\u00e0y.<\/p>\n<p>&nbsp;<\/p>\n<p>Tinh ch\u1ea5t s\u1eed d\u1ee5ng h\u1ec7 b\u1ea3o qu\u1ea3n t\u1ef1 nhi\u00ean<\/p>\n<p>&nbsp;<\/p>\n<p>\u2022 Phenethyl Alcohol \u2013 Chi\u1ebft xu\u1ea5t t\u1eeb Hoa h\u1ed3ng v\u00e0 Hoa C\u1ea9m Ch\u01b0\u1edbng.<\/p>\n<p>\u2022 Caprylhydroxamic Acid \u2013 Chi\u1ebft xu\u1ea5t t\u1eeb d\u1eeba.<\/p>\n<p>Gi\u00fap b\u1ea3o qu\u1ea3n s\u1ea3n ph\u1ea9m hi\u1ec7u qu\u1ea3 m\u00e0 kh\u00f4ng g\u00e2y k\u00edch \u1ee9ng da, kh\u00f4ng \u1ea3nh h\u01b0\u1edfng \u0111\u1ebfn s\u1ee9c kho\u1ebb.<\/p>\n<p>&nbsp;<\/p>\n<p>Serum s\u1eed d\u1ee5ng m\u00f9i h\u01b0\u01a1ng t\u1ef1 nhi\u00ean t\u1eeb tinh d\u1ea7u<\/p>\n<p>&nbsp;<\/p>\n<p>Tinh d\u1ea7u Vani v\u00e0 Hoa sen tr\u1eafng c\u00f3 h\u01b0\u01a1ng th\u01a1m th\u01b0 gi\u00e3n, d\u1ecbu d\u00e0ng v\u1edbi da.<\/p>\n<\/div>\n<\/div>\n<p><span class=\"items-center xemthanhphanchitiet n mt-1 text-sm font-bold cursor-pointer lg:flex\" data-v-23023fea=\"\">Xem th\u00e0nh ph\u1ea7n chi ti\u1ebft<\/span><\/p>\n<\/div>\n<\/div>\n<\/div>\n<\/div>\n<\/div>\n<div class=\"border-b border-secondary-light3 lg:border-0\" data-v-3a2e2332=\"\">\n<div class=\"hrvproduct-tabs\"><\/div>\n<div class=\"inforange\">\n<div data-v-36134904=\"\">\n<div id=\"113\" class=\"flex hasvideox flex-col w-full bg-opacity-25 lg:flex-row bg-secondary-light3\" data-v-6a3742cd=\"\" data-v-3a2e2332=\"\">\n<div class=\"w-full lg:w-1\/2 max-h-72\" data-v-6a3742cd=\"\"><img decoding=\"async\" src=\"https:\/\/file.hstatic.net\/200000834019\/file\/gel-cream_6ceabc54738e48d284763f3f5e8e6dd2.jpg\" \/><\/div>\n<div class=\"flex flex-col w-full px-2 py-3 usage lg:w-1\/2 lg:py-5 2xl:py-12 lg:overflow-y-auto lg:max-h-72\" data-v-6a3742cd=\"\">\n<p>&nbsp;<\/p>\n<p>&nbsp;<\/p>\n<table border=\"1\">\n<tbody>\n<tr>\n<td>Ti\u00eau ch\u00ed &#8220;13 KH\u00d4NG&#8221; xuy\u00ean su\u1ed1t trong h\u1ec7 s\u1ea3n ph\u1ea9m<\/p>\n<p>&nbsp;<\/p>\n<p><strong>KH\u00d4NG CH\u1ee8A<\/strong><\/p>\n<p>&nbsp;<\/p>\n<p>\u2022 D\u1ea7u kho\u00e1ng H\u01b0\u01a1ng li\u1ec7u t\u1ed1ng h\u1ee3p Ch\u1ea5t t\u1ea1o m\u00e0u ho\u00e1 h\u1ecdc.<\/p>\n<p>\u2022 Nguy\u00ean li\u1ec7u c\u00f3 ngu\u1ed3n g\u1ed1c t\u1eeb \u0111\u1ed9ng v\u1eadt.<\/p>\n<p>\u2022 Ch\u1ea5t l\u00e0m s\u1ea1ch g\u1ed1c Sulfates: SLS, SLES.<\/p>\n<p>\u2022 MEA\/DEA\/TEA<\/p>\n<p>\u2022 Phthalates<\/p>\n<p>\u2022 Ch\u1ea5t b\u1ea3o qu\u1ea3n t\u1ed5ng h\u1ee3p (Paraben, Phenoxyethanol\u2026)<\/p>\n<p>\u2022 Kh\u00f4ng ch\u1ee9a c\u1ed3n.<\/p>\n<p>\u2022 Silicone<\/p>\n<p>\u2022 S\u1eed d\u1ee5ng c\u00e1c ch\u1ea5t t\u1ea1o \u0111\u1eb7c\/nh\u0169 ho\u00e1 t\u1ed5ng h\u1ee3p (Carbomer, Polymer, Glyceryl Stearate, Cetearyl Alcohol).<\/p>\n<p>\u2022 EDTA<\/td>\n<\/tr>\n<\/tbody>\n<\/table>\n<p>&nbsp;<\/p>\n<p>&nbsp;<\/p>\n<\/div>\n<\/div>\n<\/div>\n<\/div>\n<div class=\"inforange\">\n<div data-v-36134904=\"\">\n<div id=\"113\" class=\"flex hasvideox revever flex-col w-full bg-opacity-25 lg:flex-row bg-secondary-light3\" data-v-6a3742cd=\"\" data-v-3a2e2332=\"\">\n<div class=\"w-full lg:w-1\/2 max-h-72\" data-v-6a3742cd=\"\"><img decoding=\"async\" src=\"https:\/\/file.hstatic.net\/200000834019\/file\/hdsd_gel_cream_f47cee26875f41e0b645b27d31746a8a.jpg\" \/><\/div>\n<div class=\"flex flex-col w-full px-2 py-3 usage lg:w-1\/2 lg:py-5 2xl:py-12 lg:overflow-y-auto lg:max-h-72\" data-v-6a3742cd=\"\">\n<p>&nbsp;<\/p>\n<p>&nbsp;<\/p>\n<table border=\"1\">\n<tbody>\n<tr>\n<td>H\u01b0\u1edbng d\u1eabn s\u1eed d\u1ee5ng<\/p>\n<p>\u00bb R\u1eeda m\u1eb7t th\u1eadt s\u1ea1ch b\u1eb1ng s\u1eefa r\u1eeda m\u1eb7t d\u1ecbu nh\u1eb9, ph\u00f9 h\u1ee3p v\u1edbi lo\u1ea1i da c\u1ee7a b\u1ea1n. Lau kh\u00f4 m\u1eb7t.<\/p>\n<p>\u00bb Thoa m\u1ed9t \u00edt kem l\u00ean m\u1eb7t, thoa \u0111\u1ec1u kh\u1eafp m\u1eb7t, sau \u0111\u00f3 v\u1ed7 nh\u1eb9 l\u00ean da cho \u0111\u1ebfn khi kem h\u1ea5p th\u1ee5 t\u1ed1t.<\/p>\n<p>\u00bb\u00a0N\u00ean s\u1eed d\u1ee5ng c\u00e1c s\u1ea3n ph\u1ea9m d\u01b0\u1ee1ng da Skinsolve kh\u00e1c tr\u01b0\u1edbc kem kh\u00f3a \u1ea9m l\u00e0m s\u00e1ng \u0111\u1ec1u m\u00e0u da \u0111\u1ec3 \u0111\u1ea1t hi\u1ec7u qu\u1ea3 t\u1ed1t nh\u1ea5t.<\/p>\n<p>&nbsp;<\/p>\n<hr \/>\n<p>&nbsp;<\/p>\n<p>H\u1ea1n s\u1eed d\u1ee5ng<\/p>\n<p>\u00bb\u00a018 th\u00e1ng k\u1ec3 t\u1eeb ng\u00e0y s\u1ea3n xu\u1ea5t.<\/p>\n<p>\u00bb\u00a008 th\u00e1ng k\u1ec3 t\u1eeb khi m\u1edf n\u1eafp.<\/td>\n<\/tr>\n<\/tbody>\n<\/table>\n<\/div>\n<\/div>\n<\/div>\n<\/div>\n<\/div>\n","protected":false},"excerpt":{"rendered":"<div class=\"desc0 text-sm lg:text-base mt-8px lg:mt-1.5 product-description text-typo-heading\">\n<p>Kem kh\u00f3a \u1ea9m\u00a0\u0111\u01b0\u1ee3c t\u1ea1o th\u00e0nh t\u1eeb c\u00e1c th\u00e0nh ph\u1ea7n c\u00f3 kh\u1ea3 n\u0103ng b\u1ed5 sung \u0111\u1ed9 \u1ea9m v\u00e0 d\u01b0\u1ee1ng ch\u1ea5t d\u1ed3i d\u00e0o nh\u01b0 d\u1ea7u c\u00e1m g\u1ea1o Nh\u1eadt B\u1ea3n v\u00e0 d\u1ea7u h\u1ea1t M\u00e8, d\u1ea7u h\u1ea1t Chanh D\u00e2y. S\u1ea3n ph\u1ea9m c\u00f2n \u0111\u01b0\u1ee3c b\u1ed5 sung h\u1ec7 5 ho\u1ea1t ch\u1ea5t chuy\u00ean v\u1ec1 ph\u00e2n gi\u1ea3i v\u00e0 \u1ee9c ch\u1ebf s\u1eafc t\u1ed1 nh\u01b0 Melazero, Tranexamic, Inositol, Niacinamide v\u00e0 chi\u1ebft xu\u1ea5t r\u1ec5 Cam Th\u1ea3o gi\u00fap h\u1ed7 tr\u1ee3 l\u00e0m m\u1edd th\u00e2m, n\u00e1m, c\u00e1c \u0111\u1ed1m s\u1eafc t\u1ed1 hi\u1ec7u qu\u1ea3. S\u1ea3n ph\u1ea9m gi\u00fap duy tr\u00ec \u0111\u1ed9 \u1ea9m v\u00e0 duy tr\u00ec k\u1ebft qu\u1ea3 sau qu\u00e1 tr\u00ecnh \u0111i\u1ec1u tr\u1ecb n\u00e1m.<\/p>\n<p>&nbsp;<\/p>\n<p>&nbsp;<\/p>\n<\/div>\n<div class=\"desc2 flex flex-col\" data-v-95dfa95a=\"\">\n<div class=\"contentinfo3\">\n<p>&nbsp;<\/p>\n<hr \/>\n<p>&nbsp;<\/p>\n<p>\u0110\u1eb7c \u0111i\u1ec3m n\u1ed5i b\u1eadt<\/p>\n<p>\u2713\u00a0Th\u1ec3 ch\u1ea5t gel\u00a0s\u1ec7t\u00a0nh\u1eb9, d\u1ec5 d\u00e0ng th\u1ea9m th\u1ea5u, kh\u00f4ng nh\u1eddn r\u00edt sau khi b\u00f4i.<br \/>\n\u2713\u00a0Nguy\u00ean li\u1ec7u thi\u00ean nhi\u00ean an to\u00e0n, th\u00e2n thi\u1ec7n v\u1edbi da, kh\u00f4ng g\u00e2y b\u00edt t\u1eafc l\u1ed7 ch\u00e2n l\u00f4ng.<\/p>\n<p>\u2713\u00a0Ph\u00f9 h\u1ee3p v\u1edbi m\u1ecdi lo\u1ea1i da, ngay c\u1ea3 l\u00e0n da nh\u1ea1y c\u1ea3m.<br \/>\n\u2713\u00a0An to\u00e0n cho m\u1eb9 b\u1ea7u, cho con b\u00fa v\u00e0 tr\u1ebb d\u1eady th\u00ec.<\/p>\n<\/div>\n<\/div>\n","protected":false},"featured_media":541,"comment_status":"open","ping_status":"closed","template":"","meta":{"site-sidebar-layout":"default","site-content-layout":"","ast-site-content-layout":"default","site-content-style":"default","site-sidebar-style":"default","ast-global-header-display":"","ast-banner-title-visibility":"","ast-main-header-display":"","ast-hfb-above-header-display":"","ast-hfb-below-header-display":"","ast-hfb-mobile-header-display":"","site-post-title":"","ast-breadcrumbs-content":"","ast-featured-img":"","footer-sml-layout":"","theme-transparent-header-meta":"default","adv-header-id-meta":"","stick-header-meta":"","header-above-stick-meta":"","header-main-stick-meta":"","header-below-stick-meta":"","astra-migrate-meta-layouts":"set","ast-page-background-enabled":"default","ast-page-background-meta":{"desktop":{"background-color":"var(--ast-global-color-5)","background-image":"","background-repeat":"repeat","background-position":"center center","background-size":"auto","background-attachment":"scroll","background-type":"","background-media":"","overlay-type":"","overlay-color":"","overlay-opacity":"","overlay-gradient":""},"tablet":{"background-color":"","background-image":"","background-repeat":"repeat","background-position":"center center","background-size":"auto","background-attachment":"scroll","background-type":"","background-media":"","overlay-type":"","overlay-color":"","overlay-opacity":"","overlay-gradient":""},"mobile":{"background-color":"","background-image":"","background-repeat":"repeat","background-position":"center center","background-size":"auto","background-attachment":"scroll","background-type":"","background-media":"","overlay-type":"","overlay-color":"","overlay-opacity":"","overlay-gradient":""}},"ast-content-background-meta":{"desktop":{"background-color":"var(--ast-global-color-4)","background-image":"","background-repeat":"repeat","background-position":"center center","background-size":"auto","background-attachment":"scroll","background-type":"","background-media":"","overlay-type":"","overlay-color":"","overlay-opacity":"","overlay-gradient":""},"tablet":{"background-color":"var(--ast-global-color-4)","background-image":"","background-repeat":"repeat","background-position":"center center","background-size":"auto","background-attachment":"scroll","background-type":"","background-media":"","overlay-type":"","overlay-color":"","overlay-opacity":"","overlay-gradient":""},"mobile":{"background-color":"var(--ast-global-color-4)","background-image":"","background-repeat":"repeat","background-position":"center center","background-size":"auto","background-attachment":"scroll","background-type":"","background-media":"","overlay-type":"","overlay-color":"","overlay-opacity":"","overlay-gradient":""}}},"product_brand":[23],"product_cat":[29,18,19,17,21],"product_tag":[],"class_list":{"0":"post-406","1":"product","2":"type-product","3":"status-publish","4":"has-post-thumbnail","6":"product_brand-skinsolve","7":"product_cat-cap-am-cho-da","8":"product_cat-cham-soc-da-mat","9":"product_cat-duong-da","10":"product_cat-my-pham","11":"product_cat-skinsolve","12":"desktop-align-left","13":"tablet-align-left","14":"mobile-align-left","16":"first","17":"instock","18":"taxable","19":"shipping-taxable","20":"purchasable","21":"product-type-simple"},"_links":{"self":[{"href":"https:\/\/omewa.online\/index.php\/wp-json\/wp\/v2\/product\/406","targetHints":{"allow":["GET"]}}],"collection":[{"href":"https:\/\/omewa.online\/index.php\/wp-json\/wp\/v2\/product"}],"about":[{"href":"https:\/\/omewa.online\/index.php\/wp-json\/wp\/v2\/types\/product"}],"replies":[{"embeddable":true,"href":"https:\/\/omewa.online\/index.php\/wp-json\/wp\/v2\/comments?post=406"}],"wp:featuredmedia":[{"embeddable":true,"href":"https:\/\/omewa.online\/index.php\/wp-json\/wp\/v2\/media\/541"}],"wp:attachment":[{"href":"https:\/\/omewa.online\/index.php\/wp-json\/wp\/v2\/media?parent=406"}],"wp:term":[{"taxonomy":"product_brand","embeddable":true,"href":"https:\/\/omewa.online\/index.php\/wp-json\/wp\/v2\/product_brand?post=406"},{"taxonomy":"product_cat","embeddable":true,"href":"https:\/\/omewa.online\/index.php\/wp-json\/wp\/v2\/product_cat?post=406"},{"taxonomy":"product_tag","embeddable":true,"href":"https:\/\/omewa.online\/index.php\/wp-json\/wp\/v2\/product_tag?post=406"}],"curies":[{"name":"wp","href":"https:\/\/api.w.org\/{rel}","templated":true}]}}