{"id":382,"date":"2025-11-01T18:10:06","date_gmt":"2025-11-01T18:10:06","guid":{"rendered":"https:\/\/omewa.online\/?post_type=product&#038;p=382"},"modified":"2025-11-01T18:11:42","modified_gmt":"2025-11-01T18:11:42","slug":"cao-day-thia-canh-giup-on-dinh-duong-huyet-ngan-ngua-bien-chung-tieu-duong","status":"publish","type":"product","link":"https:\/\/omewa.online\/index.php\/product\/cao-day-thia-canh-giup-on-dinh-duong-huyet-ngan-ngua-bien-chung-tieu-duong\/","title":{"rendered":"Cao d\u00e2y th\u00eca canh gi\u00fap \u1ed5n \u0111\u1ecbnh \u0111\u01b0\u1eddng huy\u1ebft, ng\u0103n ng\u1eeba bi\u1ebfn ch\u1ee9ng ti\u1ec3u \u0111\u01b0\u1eddng"},"content":{"rendered":"<p><span data-sheets-value=\"{&quot;1&quot;:2,&quot;2&quot;:&quot;Theo th\u1ed1ng k\u00ea, c\u1ee9 5 gi\u00e2y l\u1ea1i c\u00f3 m\u1ed9t ng\u01b0\u1eddi m\u1eafc b\u1ec7nh \u0111\u00e1i th\u00e1o \u0111\u01b0\u1eddng, c\u1ee9 10 gi\u00e2y l\u1ea1i c\u00f3 m\u1ed9t ng\u01b0\u1eddi ch\u1ebft v\u00ec b\u1ec7nh v\u00e0 c\u1ee9 30 gi\u00e2y l\u1ea1i c\u00f3 m\u1ed9t chi b\u1ecb m\u1ea5t v\u00ec b\u1ec7nh \u0111\u00e1i th\u00e1o \u0111\u01b0\u1eddng. B\u1ec7nh \u0111\u00e1i th\u00e1o \u0111\u01b0\u1eddng l\u00e0 nguy\u00ean nh\u00e2n ch\u00ednh g\u00e2y m\u00f9 l\u00f2a, suy th\u1eadn, \u0111au tim, \u0111\u1ed9t qu\u1ef5 v\u00e0 c\u1eaft c\u1ee5t chi d\u01b0\u1edbi.\\n\u0111\u1ec3 c\u00f3 th\u1ec3 ph\u00f2ng ng\u1eeba b\u1ec7nh th\u00ec ch\u1ebf \u0111\u1ed9 \u0103n u\u1ed1ng l\u00e0nh m\u1ea1nh, ho\u1ea1t \u0111\u1ed9ng th\u1ec3 ch\u1ea5t v\u00e0 tr\u00e1nh s\u1eed d\u1ee5ng thu\u1ed1c l\u00e1 l\u00e0 c\u1ea7n thi\u1ebft. Ngo\u00e0i ra, b\u1ec7nh \u0111\u00e1i th\u00e1o \u0111\u01b0\u1eddng c\u00f3 th\u1ec3 \u0111\u01b0\u1ee3c ph\u00f2ng ng\u1eeba, \u0111i\u1ec1u tr\u1ecb v\u00e0 t\u1ea7m so\u00e1t th\u01b0\u1eddng xuy\u00ean.\\nS\u1eed d\u1ee5ng D\u00e2y th\u00eca canh m\u1ed7i ng\u00e0y gi\u00fap \u1ed5n \u0111\u1ecbnh \u0111\u01b0\u1eddng huy\u1ebft, ng\u0103n ng\u1eeba bi\u1ebfn ch\u1ee9ng ti\u1ec3u \u0111\u01b0\u1eddng.&quot;}\" data-sheets-userformat=\"{&quot;2&quot;:14845,&quot;3&quot;:{&quot;1&quot;:0,&quot;3&quot;:1},&quot;5&quot;:{&quot;1&quot;:[{&quot;1&quot;:2,&quot;2&quot;:0,&quot;5&quot;:{&quot;1&quot;:2,&quot;2&quot;:0}},{&quot;1&quot;:0,&quot;2&quot;:0,&quot;3&quot;:3},{&quot;1&quot;:1,&quot;2&quot;:0,&quot;4&quot;:1}]},&quot;6&quot;:{&quot;1&quot;:[{&quot;1&quot;:2,&quot;2&quot;:0,&quot;5&quot;:{&quot;1&quot;:2,&quot;2&quot;:0}},{&quot;1&quot;:0,&quot;2&quot;:0,&quot;3&quot;:3},{&quot;1&quot;:1,&quot;2&quot;:0,&quot;4&quot;:1}]},&quot;7&quot;:{&quot;1&quot;:[{&quot;1&quot;:2,&quot;2&quot;:0,&quot;5&quot;:{&quot;1&quot;:2,&quot;2&quot;:0}},{&quot;1&quot;:0,&quot;2&quot;:0,&quot;3&quot;:3},{&quot;1&quot;:1,&quot;2&quot;:0,&quot;4&quot;:1}]},&quot;8&quot;:{&quot;1&quot;:[{&quot;1&quot;:2,&quot;2&quot;:0,&quot;5&quot;:{&quot;1&quot;:2,&quot;2&quot;:0}},{&quot;1&quot;:0,&quot;2&quot;:0,&quot;3&quot;:3},{&quot;1&quot;:1,&quot;2&quot;:0,&quot;4&quot;:1}]},&quot;9&quot;:0,&quot;10&quot;:1,&quot;11&quot;:4,&quot;14&quot;:{&quot;1&quot;:3,&quot;3&quot;:1},&quot;15&quot;:&quot;Times New Roman&quot;,&quot;16&quot;:12}\"><span style=\"color: #ff0000; font-size: 14pt;\"><em><strong>B\u1ea1n c\u00f3 bi\u1ebft B\u1ec7nh ti\u1ec3u \u0111\u01b0\u1eddng nguy hi\u1ec3m nh\u01b0 th\u1ebf n\u00e0o kh\u00f4ng???<\/strong><\/em><\/span><br \/>\nTheo th\u1ed1ng k\u00ea, c\u1ee9 5 gi\u00e2y l\u1ea1i c\u00f3 m\u1ed9t ng\u01b0\u1eddi m\u1eafc b\u1ec7nh \u0111\u00e1i th\u00e1o \u0111\u01b0\u1eddng, c\u1ee9 10 gi\u00e2y l\u1ea1i c\u00f3 m\u1ed9t ng\u01b0\u1eddi ch\u1ebft v\u00ec b\u1ec7nh v\u00e0 c\u1ee9 30 gi\u00e2y l\u1ea1i c\u00f3 m\u1ed9t chi b\u1ecb m\u1ea5t v\u00ec b\u1ec7nh \u0111\u00e1i th\u00e1o \u0111\u01b0\u1eddng. B\u1ec7nh \u0111\u00e1i th\u00e1o \u0111\u01b0\u1eddng l\u00e0 nguy\u00ean nh\u00e2n ch\u00ednh g\u00e2y m\u00f9 l\u00f2a, suy th\u1eadn, \u0111au tim, \u0111\u1ed9t qu\u1ef5 v\u00e0 c\u1eaft c\u1ee5t chi d\u01b0\u1edbi.<br \/>\n\u0110\u1ec3 c\u00f3 th\u1ec3 ph\u00f2ng ng\u1eeba b\u1ec7nh th\u00ec ch\u1ebf \u0111\u1ed9 \u0103n u\u1ed1ng l\u00e0nh m\u1ea1nh, ho\u1ea1t \u0111\u1ed9ng th\u1ec3 ch\u1ea5t v\u00e0 tr\u00e1nh s\u1eed d\u1ee5ng thu\u1ed1c l\u00e1 l\u00e0 c\u1ea7n thi\u1ebft. Ngo\u00e0i ra, b\u1ec7nh \u0111\u00e1i th\u00e1o \u0111\u01b0\u1eddng c\u00f3 th\u1ec3 \u0111\u01b0\u1ee3c ph\u00f2ng ng\u1eeba, \u0111i\u1ec1u tr\u1ecb v\u00e0 t\u1ea7m so\u00e1t th\u01b0\u1eddng xuy\u00ean.<\/span><\/p>\n<p><span data-sheets-value=\"{&quot;1&quot;:2,&quot;2&quot;:&quot;Theo th\u1ed1ng k\u00ea, c\u1ee9 5 gi\u00e2y l\u1ea1i c\u00f3 m\u1ed9t ng\u01b0\u1eddi m\u1eafc b\u1ec7nh \u0111\u00e1i th\u00e1o \u0111\u01b0\u1eddng, c\u1ee9 10 gi\u00e2y l\u1ea1i c\u00f3 m\u1ed9t ng\u01b0\u1eddi ch\u1ebft v\u00ec b\u1ec7nh v\u00e0 c\u1ee9 30 gi\u00e2y l\u1ea1i c\u00f3 m\u1ed9t chi b\u1ecb m\u1ea5t v\u00ec b\u1ec7nh \u0111\u00e1i th\u00e1o \u0111\u01b0\u1eddng. B\u1ec7nh \u0111\u00e1i th\u00e1o \u0111\u01b0\u1eddng l\u00e0 nguy\u00ean nh\u00e2n ch\u00ednh g\u00e2y m\u00f9 l\u00f2a, suy th\u1eadn, \u0111au tim, \u0111\u1ed9t qu\u1ef5 v\u00e0 c\u1eaft c\u1ee5t chi d\u01b0\u1edbi.\\n\u0111\u1ec3 c\u00f3 th\u1ec3 ph\u00f2ng ng\u1eeba b\u1ec7nh th\u00ec ch\u1ebf \u0111\u1ed9 \u0103n u\u1ed1ng l\u00e0nh m\u1ea1nh, ho\u1ea1t \u0111\u1ed9ng th\u1ec3 ch\u1ea5t v\u00e0 tr\u00e1nh s\u1eed d\u1ee5ng thu\u1ed1c l\u00e1 l\u00e0 c\u1ea7n thi\u1ebft. Ngo\u00e0i ra, b\u1ec7nh \u0111\u00e1i th\u00e1o \u0111\u01b0\u1eddng c\u00f3 th\u1ec3 \u0111\u01b0\u1ee3c ph\u00f2ng ng\u1eeba, \u0111i\u1ec1u tr\u1ecb v\u00e0 t\u1ea7m so\u00e1t th\u01b0\u1eddng xuy\u00ean.\\nS\u1eed d\u1ee5ng D\u00e2y th\u00eca canh m\u1ed7i ng\u00e0y gi\u00fap \u1ed5n \u0111\u1ecbnh \u0111\u01b0\u1eddng huy\u1ebft, ng\u0103n ng\u1eeba bi\u1ebfn ch\u1ee9ng ti\u1ec3u \u0111\u01b0\u1eddng.&quot;}\" data-sheets-userformat=\"{&quot;2&quot;:14845,&quot;3&quot;:{&quot;1&quot;:0,&quot;3&quot;:1},&quot;5&quot;:{&quot;1&quot;:[{&quot;1&quot;:2,&quot;2&quot;:0,&quot;5&quot;:{&quot;1&quot;:2,&quot;2&quot;:0}},{&quot;1&quot;:0,&quot;2&quot;:0,&quot;3&quot;:3},{&quot;1&quot;:1,&quot;2&quot;:0,&quot;4&quot;:1}]},&quot;6&quot;:{&quot;1&quot;:[{&quot;1&quot;:2,&quot;2&quot;:0,&quot;5&quot;:{&quot;1&quot;:2,&quot;2&quot;:0}},{&quot;1&quot;:0,&quot;2&quot;:0,&quot;3&quot;:3},{&quot;1&quot;:1,&quot;2&quot;:0,&quot;4&quot;:1}]},&quot;7&quot;:{&quot;1&quot;:[{&quot;1&quot;:2,&quot;2&quot;:0,&quot;5&quot;:{&quot;1&quot;:2,&quot;2&quot;:0}},{&quot;1&quot;:0,&quot;2&quot;:0,&quot;3&quot;:3},{&quot;1&quot;:1,&quot;2&quot;:0,&quot;4&quot;:1}]},&quot;8&quot;:{&quot;1&quot;:[{&quot;1&quot;:2,&quot;2&quot;:0,&quot;5&quot;:{&quot;1&quot;:2,&quot;2&quot;:0}},{&quot;1&quot;:0,&quot;2&quot;:0,&quot;3&quot;:3},{&quot;1&quot;:1,&quot;2&quot;:0,&quot;4&quot;:1}]},&quot;9&quot;:0,&quot;10&quot;:1,&quot;11&quot;:4,&quot;14&quot;:{&quot;1&quot;:3,&quot;3&quot;:1},&quot;15&quot;:&quot;Times New Roman&quot;,&quot;16&quot;:12}\"><br \/>\n<span style=\"color: #ff0000; font-size: 14pt;\"><em><strong>S\u1eed d\u1ee5ng D\u00e2y th\u00eca canh m\u1ed7i ng\u00e0y gi\u00fap \u1ed5n \u0111\u1ecbnh \u0111\u01b0\u1eddng huy\u1ebft, ng\u0103n ng\u1eeba bi\u1ebfn ch\u1ee9ng ti\u1ec3u \u0111\u01b0\u1eddng.<\/strong><\/em><\/span><\/span><\/p>\n<p>C\u00f4ng d\u1ee5ng:<\/p>\n<p><span data-sheets-value=\"{&quot;1&quot;:2,&quot;2&quot;:&quot;- Tr\u00e0 T\u00fai L\u1ecdc D\u00e2y Th\u00eca Canh P\u00f9 M\u00e1t gi\u00fap \u1ed5n \u0111\u1ecbnh \u0111\u01b0\u1eddng huy\u1ebft, h\u1ed7 tr\u1ee3 \u0111\u00e1i th\u00e1o \u0111\u01b0\u1eddng tuyp 1 v\u00e0 tuyp 2.\\n- Ph\u1ed1i h\u1ee3p \u0111\u1ec3 gi\u00fap n\u00e2ng cao hi\u1ec7u qu\u1ea3 ki\u1ec3m so\u00e1t \u0111\u01b0\u1eddng huy\u1ebft, gi\u1ea3m \u0111\u01b0\u1eddng huy\u1ebft \u0111\u1ed1i v\u1edbi ng\u01b0\u1eddi b\u1ecb \u0111\u01b0\u1eddng huy\u1ebft cao.\\n- Gi\u00fap ph\u00f2ng ng\u1eeba, h\u1ea1n ch\u1ebf ti\u1ebfn tri\u1ec3n bi\u1ebfn ch\u1ee9ng c\u1ee7a ti\u1ec3u \u0111\u01b0\u1eddng.\\n- Ph\u00f2ng ng\u1eeba, h\u1ed7 tr\u1ee3 khi m\u1ee1 m\u00e1u cao, gan nhi\u1ec5m m\u1ee1.\\n&quot;,&quot;6&quot;:1}\" data-sheets-userformat=\"{&quot;2&quot;:14845,&quot;3&quot;:{&quot;1&quot;:0,&quot;3&quot;:1},&quot;5&quot;:{&quot;1&quot;:[{&quot;1&quot;:2,&quot;2&quot;:0,&quot;5&quot;:{&quot;1&quot;:2,&quot;2&quot;:0}},{&quot;1&quot;:0,&quot;2&quot;:0,&quot;3&quot;:3},{&quot;1&quot;:1,&quot;2&quot;:0,&quot;4&quot;:1}]},&quot;6&quot;:{&quot;1&quot;:[{&quot;1&quot;:2,&quot;2&quot;:0,&quot;5&quot;:{&quot;1&quot;:2,&quot;2&quot;:0}},{&quot;1&quot;:0,&quot;2&quot;:0,&quot;3&quot;:3},{&quot;1&quot;:1,&quot;2&quot;:0,&quot;4&quot;:1}]},&quot;7&quot;:{&quot;1&quot;:[{&quot;1&quot;:2,&quot;2&quot;:0,&quot;5&quot;:{&quot;1&quot;:2,&quot;2&quot;:0}},{&quot;1&quot;:0,&quot;2&quot;:0,&quot;3&quot;:3},{&quot;1&quot;:1,&quot;2&quot;:0,&quot;4&quot;:1}]},&quot;8&quot;:{&quot;1&quot;:[{&quot;1&quot;:2,&quot;2&quot;:0,&quot;5&quot;:{&quot;1&quot;:2,&quot;2&quot;:0}},{&quot;1&quot;:0,&quot;2&quot;:0,&quot;3&quot;:3},{&quot;1&quot;:1,&quot;2&quot;:0,&quot;4&quot;:1}]},&quot;9&quot;:1,&quot;10&quot;:1,&quot;11&quot;:4,&quot;14&quot;:{&quot;1&quot;:3,&quot;3&quot;:1},&quot;15&quot;:&quot;Times New Roman&quot;,&quot;16&quot;:12}\">\u2013 Tr\u00e0 T\u00fai L\u1ecdc D\u00e2y Th\u00eca Canh P\u00f9 M\u00e1t gi\u00fap \u1ed5n \u0111\u1ecbnh \u0111\u01b0\u1eddng huy\u1ebft, h\u1ed7 tr\u1ee3 \u0111\u00e1i th\u00e1o \u0111\u01b0\u1eddng tuyp 1 v\u00e0 tuyp 2.<br \/>\n\u2013 Ph\u1ed1i h\u1ee3p \u0111\u1ec3 gi\u00fap n\u00e2ng cao hi\u1ec7u qu\u1ea3 ki\u1ec3m so\u00e1t \u0111\u01b0\u1eddng huy\u1ebft, gi\u1ea3m \u0111\u01b0\u1eddng huy\u1ebft \u0111\u1ed1i v\u1edbi ng\u01b0\u1eddi b\u1ecb \u0111\u01b0\u1eddng huy\u1ebft cao.<br \/>\n\u2013 Gi\u00fap ph\u00f2ng ng\u1eeba, h\u1ea1n ch\u1ebf ti\u1ebfn tri\u1ec3n bi\u1ebfn ch\u1ee9ng c\u1ee7a ti\u1ec3u \u0111\u01b0\u1eddng.<br \/>\n\u2013 Ph\u00f2ng ng\u1eeba, h\u1ed7 tr\u1ee3 khi m\u1ee1 m\u00e1u cao, gan nhi\u1ec5m m\u1ee1.<br \/>\n<\/span><\/p>\n<p><span data-sheets-value=\"{&quot;1&quot;:2,&quot;2&quot;:&quot;80% D\u00e2y th\u00eca canh l\u00e1 to, 10% Gi\u1ea3o c\u1ed5 lam 5 l\u00e1, 10% M\u01b0\u1edbp \u0111\u1eafng r\u1eebng&quot;}\" data-sheets-userformat=\"{&quot;2&quot;:14845,&quot;3&quot;:{&quot;1&quot;:0,&quot;3&quot;:1},&quot;5&quot;:{&quot;1&quot;:[{&quot;1&quot;:2,&quot;2&quot;:0,&quot;5&quot;:{&quot;1&quot;:2,&quot;2&quot;:0}},{&quot;1&quot;:0,&quot;2&quot;:0,&quot;3&quot;:3},{&quot;1&quot;:1,&quot;2&quot;:0,&quot;4&quot;:1}]},&quot;6&quot;:{&quot;1&quot;:[{&quot;1&quot;:2,&quot;2&quot;:0,&quot;5&quot;:{&quot;1&quot;:2,&quot;2&quot;:0}},{&quot;1&quot;:0,&quot;2&quot;:0,&quot;3&quot;:3},{&quot;1&quot;:1,&quot;2&quot;:0,&quot;4&quot;:1}]},&quot;7&quot;:{&quot;1&quot;:[{&quot;1&quot;:2,&quot;2&quot;:0,&quot;5&quot;:{&quot;1&quot;:2,&quot;2&quot;:0}},{&quot;1&quot;:0,&quot;2&quot;:0,&quot;3&quot;:3},{&quot;1&quot;:1,&quot;2&quot;:0,&quot;4&quot;:1}]},&quot;8&quot;:{&quot;1&quot;:[{&quot;1&quot;:2,&quot;2&quot;:0,&quot;5&quot;:{&quot;1&quot;:2,&quot;2&quot;:0}},{&quot;1&quot;:0,&quot;2&quot;:0,&quot;3&quot;:3},{&quot;1&quot;:1,&quot;2&quot;:0,&quot;4&quot;:1}]},&quot;9&quot;:1,&quot;10&quot;:1,&quot;11&quot;:4,&quot;14&quot;:{&quot;1&quot;:3,&quot;3&quot;:1},&quot;15&quot;:&quot;Times New Roman&quot;,&quot;16&quot;:12}\">Th\u00e0nh ph\u1ea7n: 80% D\u00e2y th\u00eca canh l\u00e1 to, 10% Gi\u1ea3o c\u1ed5 lam 5 l\u00e1, 10% M\u01b0\u1edbp \u0111\u1eafng r\u1eebng.<\/span><\/p>\n<p>H\u01b0\u1edbng d\u1eabn s\u1eed d\u1ee5ng:<\/p>\n<div id=\"input_line_7\"><span id=\"input_part_0\" class=\"\" data-mention=\"+ D\u00f9ng th\u00eca x\u00fac cao \u0103n, \u0103n tr\u1ef1c ti\u1ebfp v\u1edbi n\u01b0\u1edbc \u1ea5m ho\u1eb7c h\u00f2a tan trong n\u01b0\u1edbc n\u00f3ng\">+ D\u00f9ng th\u00eca x\u00fac cao \u0103n, \u0103n tr\u1ef1c ti\u1ebfp v\u1edbi n\u01b0\u1edbc \u1ea5m ho\u1eb7c h\u00f2a tan trong n\u01b0\u1edbc n\u00f3ng<\/span><\/div>\n<div id=\"input_line_8\"><span id=\"input_part_0\" class=\"\" data-mention=\"+ D\u00f9ng 1g cao D\u00e2y th\u00eca canh\/l\u1ea7n u\u1ed1ng v\u00e0o 150 - 200 ml c\u1ed1c n\u01b0\u1edbc n\u00f3ng, khu\u1ea5y \u0111\u1ec1u v\u00e0 d\u00f9ng ngay\">+ D\u00f9ng 1g cao D\u00e2y th\u00eca canh\/l\u1ea7n u\u1ed1ng v\u00e0o 150 \u2013 200 ml c\u1ed1c n\u01b0\u1edbc n\u00f3ng, khu\u1ea5y \u0111\u1ec1u v\u00e0 d\u00f9ng ngay<\/span><\/div>\n<div id=\"input_line_9\"><span id=\"input_part_0\" class=\"\" data-mention=\"+ Ng\u00e0y u\u1ed1ng 3 l\u1ea7n, n\u00ean d\u00f9ng sau khi \u0103n no 15 \u0111\u1ebfn 20 ph\u00fat\">+ Ng\u00e0y u\u1ed1ng 3 l\u1ea7n, n\u00ean d\u00f9ng sau khi \u0103n no 15 \u0111\u1ebfn 20 ph\u00fat<\/span><\/div>\n<div id=\"input_line_10\"><span id=\"input_part_0\" class=\"\" data-mention=\"- B\u1ea3o qu\u1ea3n: \u0110\u1ec3 n\u01a1i kh\u00f4 r\u00e1o, tho\u00e1ng m\u00e1t, \u0111\u1ea3m b\u1ea3o v\u1ec7 sinh v\u00e0 tr\u00e1nh \u00e1nh n\u1eafng tr\u1ef1c ti\u1ebfp\">\u2013 B\u1ea3o qu\u1ea3n: \u0110\u1ec3 n\u01a1i kh\u00f4 r\u00e1o, tho\u00e1ng m\u00e1t, \u0111\u1ea3m b\u1ea3o v\u1ec7 sinh v\u00e0 tr\u00e1nh \u00e1nh n\u1eafng tr\u1ef1c ti\u1ebfp<\/span><\/div>\n<div id=\"input_line_11\"><span id=\"input_part_0\" class=\"\" data-mention=\"D\u00e2y th\u00eca canh c\u00f2n c\u00f3 t\u00ean kh\u00e1c l\u00e0: D\u00e2y Mu\u00f4i, L\u1eeba Ty R\u1eebng. V\u1edbi t\u00ean khoa h\u1ecdc: Gymnema sylvestre (Retz.) R. Br. ex Schult., H\u1ecd Thi\u00ean l\u00fd (Asclepiadaceae). Ho\u1ea1t ch\u1ea5t ch\u00ednh trong D\u00e2y th\u00eca canh l\u00e0 gymnemic c\u00f3 t\u00e1c d\u1ee5ng l\u00e0m t\u0103ng ti\u1ebft insulin c\u1ee7a tuy\u1ebfn t\u1ee5y, t\u0103ng c\u01b0\u1eddng ho\u1ea1t l\u1ef1c c\u1ee7a insulin, \u1ee9c ch\u1ebf h\u1ea5p thu glucose \u1edf ru\u1ed9t... Ch\u00ednh nh\u1edd ho\u1ea1t ch\u1ea5t n\u00e0y m\u00e0 D\u00e2y th\u00eca canh tr\u1edf th\u00e0nh lo\u1ea1i d\u01b0\u1ee3c li\u1ec7u qu\u00fd v\u00e0 \u0111\u01b0\u1ee3c nhi\u1ec1u qu\u1ed1c gia tr\u00ean th\u1ebf gi\u1edbi s\u1eed d\u1ee5ng l\u00e0m thu\u1ed1c \u0111i\u1ec1u tr\u1ecb b\u1ec7nh ti\u1ec3u \u0111\u01b0\u1eddng.\">D\u00e2y th\u00eca canh c\u00f2n c\u00f3 t\u00ean kh\u00e1c l\u00e0: D\u00e2y Mu\u00f4i, L\u1eeba Ty R\u1eebng. V\u1edbi t\u00ean khoa h\u1ecdc: Gymnema sylvestre (Retz.) R. Br. ex Schult., H\u1ecd Thi\u00ean l\u00fd (Asclepiadaceae). Ho\u1ea1t ch\u1ea5t ch\u00ednh trong D\u00e2y th\u00eca canh l\u00e0 gymnemic c\u00f3 t\u00e1c d\u1ee5ng l\u00e0m t\u0103ng ti\u1ebft insulin c\u1ee7a tuy\u1ebfn t\u1ee5y, t\u0103ng c\u01b0\u1eddng ho\u1ea1t l\u1ef1c c\u1ee7a insulin, \u1ee9c ch\u1ebf h\u1ea5p thu glucose \u1edf ru\u1ed9t\u2026 Ch\u00ednh nh\u1edd ho\u1ea1t ch\u1ea5t n\u00e0y m\u00e0 D\u00e2y th\u00eca canh tr\u1edf th\u00e0nh lo\u1ea1i d\u01b0\u1ee3c li\u1ec7u qu\u00fd v\u00e0 \u0111\u01b0\u1ee3c nhi\u1ec1u qu\u1ed1c gia tr\u00ean th\u1ebf gi\u1edbi s\u1eed d\u1ee5ng l\u00e0m thu\u1ed1c \u0111i\u1ec1u tr\u1ecb b\u1ec7nh ti\u1ec3u \u0111\u01b0\u1eddng.<\/span><\/div>\n<p><span data-sheets-value=\"{&quot;1&quot;:2,&quot;2&quot;:&quot;B\u1ea3o qu\u1ea3n n\u01a1i kh\u00f4 r\u00e1o tho\u00e1ng m\u00e1t&quot;}\" data-sheets-userformat=\"{&quot;2&quot;:14845,&quot;3&quot;:{&quot;1&quot;:0,&quot;3&quot;:1},&quot;5&quot;:{&quot;1&quot;:[{&quot;1&quot;:2,&quot;2&quot;:0,&quot;5&quot;:{&quot;1&quot;:2,&quot;2&quot;:0}},{&quot;1&quot;:0,&quot;2&quot;:0,&quot;3&quot;:3},{&quot;1&quot;:1,&quot;2&quot;:0,&quot;4&quot;:1}]},&quot;6&quot;:{&quot;1&quot;:[{&quot;1&quot;:2,&quot;2&quot;:0,&quot;5&quot;:{&quot;1&quot;:2,&quot;2&quot;:0}},{&quot;1&quot;:0,&quot;2&quot;:0,&quot;3&quot;:3},{&quot;1&quot;:1,&quot;2&quot;:0,&quot;4&quot;:1}]},&quot;7&quot;:{&quot;1&quot;:[{&quot;1&quot;:2,&quot;2&quot;:0,&quot;5&quot;:{&quot;1&quot;:2,&quot;2&quot;:0}},{&quot;1&quot;:0,&quot;2&quot;:0,&quot;3&quot;:3},{&quot;1&quot;:1,&quot;2&quot;:0,&quot;4&quot;:1}]},&quot;8&quot;:{&quot;1&quot;:[{&quot;1&quot;:2,&quot;2&quot;:0,&quot;5&quot;:{&quot;1&quot;:2,&quot;2&quot;:0}},{&quot;1&quot;:0,&quot;2&quot;:0,&quot;3&quot;:3},{&quot;1&quot;:1,&quot;2&quot;:0,&quot;4&quot;:1}]},&quot;9&quot;:1,&quot;10&quot;:1,&quot;11&quot;:4,&quot;14&quot;:{&quot;1&quot;:3,&quot;3&quot;:1},&quot;15&quot;:&quot;Times New Roman&quot;,&quot;16&quot;:12}\">B\u1ea3o qu\u1ea3n: n\u01a1i kh\u00f4 r\u00e1o tho\u00e1ng m\u00e1t<\/span><\/p>\n","protected":false},"excerpt":{"rendered":"<p><span data-sheets-value=\"{&quot;1&quot;:2,&quot;2&quot;:&quot;- Tr\u00e0 T\u00fai L\u1ecdc D\u00e2y Th\u00eca Canh P\u00f9 M\u00e1t gi\u00fap \u1ed5n \u0111\u1ecbnh \u0111\u01b0\u1eddng huy\u1ebft, h\u1ed7 tr\u1ee3 \u0111\u00e1i th\u00e1o \u0111\u01b0\u1eddng tuyp 1 v\u00e0 tuyp 2.\\n- Ph\u1ed1i h\u1ee3p \u0111\u1ec3 gi\u00fap n\u00e2ng cao hi\u1ec7u qu\u1ea3 ki\u1ec3m so\u00e1t \u0111\u01b0\u1eddng huy\u1ebft, gi\u1ea3m \u0111\u01b0\u1eddng huy\u1ebft \u0111\u1ed1i v\u1edbi ng\u01b0\u1eddi b\u1ecb \u0111\u01b0\u1eddng huy\u1ebft cao.\\n- Gi\u00fap ph\u00f2ng ng\u1eeba, h\u1ea1n ch\u1ebf ti\u1ebfn tri\u1ec3n bi\u1ebfn ch\u1ee9ng c\u1ee7a ti\u1ec3u \u0111\u01b0\u1eddng.\\n- Ph\u00f2ng ng\u1eeba, h\u1ed7 tr\u1ee3 khi m\u1ee1 m\u00e1u cao, gan nhi\u1ec5m m\u1ee1.\\n&quot;,&quot;6&quot;:1}\" data-sheets-userformat=\"{&quot;2&quot;:14845,&quot;3&quot;:{&quot;1&quot;:0,&quot;3&quot;:1},&quot;5&quot;:{&quot;1&quot;:[{&quot;1&quot;:2,&quot;2&quot;:0,&quot;5&quot;:{&quot;1&quot;:2,&quot;2&quot;:0}},{&quot;1&quot;:0,&quot;2&quot;:0,&quot;3&quot;:3},{&quot;1&quot;:1,&quot;2&quot;:0,&quot;4&quot;:1}]},&quot;6&quot;:{&quot;1&quot;:[{&quot;1&quot;:2,&quot;2&quot;:0,&quot;5&quot;:{&quot;1&quot;:2,&quot;2&quot;:0}},{&quot;1&quot;:0,&quot;2&quot;:0,&quot;3&quot;:3},{&quot;1&quot;:1,&quot;2&quot;:0,&quot;4&quot;:1}]},&quot;7&quot;:{&quot;1&quot;:[{&quot;1&quot;:2,&quot;2&quot;:0,&quot;5&quot;:{&quot;1&quot;:2,&quot;2&quot;:0}},{&quot;1&quot;:0,&quot;2&quot;:0,&quot;3&quot;:3},{&quot;1&quot;:1,&quot;2&quot;:0,&quot;4&quot;:1}]},&quot;8&quot;:{&quot;1&quot;:[{&quot;1&quot;:2,&quot;2&quot;:0,&quot;5&quot;:{&quot;1&quot;:2,&quot;2&quot;:0}},{&quot;1&quot;:0,&quot;2&quot;:0,&quot;3&quot;:3},{&quot;1&quot;:1,&quot;2&quot;:0,&quot;4&quot;:1}]},&quot;9&quot;:1,&quot;10&quot;:1,&quot;11&quot;:4,&quot;14&quot;:{&quot;1&quot;:3,&quot;3&quot;:1},&quot;15&quot;:&quot;Times New Roman&quot;,&quot;16&quot;:12}\">\u2013 Cao D\u00e2y Th\u00eca Canh P\u00f9 M\u00e1t gi\u00fap \u1ed5n \u0111\u1ecbnh \u0111\u01b0\u1eddng huy\u1ebft, h\u1ed7 tr\u1ee3 \u0111\u00e1i th\u00e1o \u0111\u01b0\u1eddng tuyp 1 v\u00e0 tuyp 2.<br \/>\n\u2013 Ph\u1ed1i h\u1ee3p \u0111\u1ec3 gi\u00fap n\u00e2ng cao hi\u1ec7u qu\u1ea3 ki\u1ec3m so\u00e1t \u0111\u01b0\u1eddng huy\u1ebft, gi\u1ea3m \u0111\u01b0\u1eddng huy\u1ebft \u0111\u1ed1i v\u1edbi ng\u01b0\u1eddi b\u1ecb \u0111\u01b0\u1eddng huy\u1ebft cao.<br \/>\n\u2013 Gi\u00fap ph\u00f2ng ng\u1eeba, h\u1ea1n ch\u1ebf ti\u1ebfn tri\u1ec3n bi\u1ebfn ch\u1ee9ng c\u1ee7a ti\u1ec3u \u0111\u01b0\u1eddng.<br \/>\n\u2013 Ph\u00f2ng ng\u1eeba, h\u1ed7 tr\u1ee3 khi m\u1ee1 m\u00e1u cao, gan nhi\u1ec5m m\u1ee1.<br \/>\n<\/span><\/p>\n<p><span data-sheets-value=\"{&quot;1&quot;:2,&quot;2&quot;:&quot;80% D\u00e2y th\u00eca canh l\u00e1 to, 10% Gi\u1ea3o c\u1ed5 lam 5 l\u00e1, 10% M\u01b0\u1edbp \u0111\u1eafng r\u1eebng&quot;}\" data-sheets-userformat=\"{&quot;2&quot;:14845,&quot;3&quot;:{&quot;1&quot;:0,&quot;3&quot;:1},&quot;5&quot;:{&quot;1&quot;:[{&quot;1&quot;:2,&quot;2&quot;:0,&quot;5&quot;:{&quot;1&quot;:2,&quot;2&quot;:0}},{&quot;1&quot;:0,&quot;2&quot;:0,&quot;3&quot;:3},{&quot;1&quot;:1,&quot;2&quot;:0,&quot;4&quot;:1}]},&quot;6&quot;:{&quot;1&quot;:[{&quot;1&quot;:2,&quot;2&quot;:0,&quot;5&quot;:{&quot;1&quot;:2,&quot;2&quot;:0}},{&quot;1&quot;:0,&quot;2&quot;:0,&quot;3&quot;:3},{&quot;1&quot;:1,&quot;2&quot;:0,&quot;4&quot;:1}]},&quot;7&quot;:{&quot;1&quot;:[{&quot;1&quot;:2,&quot;2&quot;:0,&quot;5&quot;:{&quot;1&quot;:2,&quot;2&quot;:0}},{&quot;1&quot;:0,&quot;2&quot;:0,&quot;3&quot;:3},{&quot;1&quot;:1,&quot;2&quot;:0,&quot;4&quot;:1}]},&quot;8&quot;:{&quot;1&quot;:[{&quot;1&quot;:2,&quot;2&quot;:0,&quot;5&quot;:{&quot;1&quot;:2,&quot;2&quot;:0}},{&quot;1&quot;:0,&quot;2&quot;:0,&quot;3&quot;:3},{&quot;1&quot;:1,&quot;2&quot;:0,&quot;4&quot;:1}]},&quot;9&quot;:1,&quot;10&quot;:1,&quot;11&quot;:4,&quot;14&quot;:{&quot;1&quot;:3,&quot;3&quot;:1},&quot;15&quot;:&quot;Times New Roman&quot;,&quot;16&quot;:12}\">Th\u00e0nh ph\u1ea7n: 80% D\u00e2y th\u00eca canh l\u00e1 to, 10% Gi\u1ea3o c\u1ed5 lam 5 l\u00e1, 10% M\u01b0\u1edbp \u0111\u1eafng r\u1eebng.<\/span><\/p>\n","protected":false},"featured_media":527,"comment_status":"open","ping_status":"closed","template":"","meta":{"site-sidebar-layout":"default","site-content-layout":"","ast-site-content-layout":"default","site-content-style":"default","site-sidebar-style":"default","ast-global-header-display":"","ast-banner-title-visibility":"","ast-main-header-display":"","ast-hfb-above-header-display":"","ast-hfb-below-header-display":"","ast-hfb-mobile-header-display":"","site-post-title":"","ast-breadcrumbs-content":"","ast-featured-img":"","footer-sml-layout":"","theme-transparent-header-meta":"","adv-header-id-meta":"","stick-header-meta":"","header-above-stick-meta":"","header-main-stick-meta":"","header-below-stick-meta":"","astra-migrate-meta-layouts":"default","ast-page-background-enabled":"default","ast-page-background-meta":{"desktop":{"background-color":"var(--ast-global-color-5)","background-image":"","background-repeat":"repeat","background-position":"center center","background-size":"auto","background-attachment":"scroll","background-type":"","background-media":"","overlay-type":"","overlay-color":"","overlay-opacity":"","overlay-gradient":""},"tablet":{"background-color":"","background-image":"","background-repeat":"repeat","background-position":"center center","background-size":"auto","background-attachment":"scroll","background-type":"","background-media":"","overlay-type":"","overlay-color":"","overlay-opacity":"","overlay-gradient":""},"mobile":{"background-color":"","background-image":"","background-repeat":"repeat","background-position":"center center","background-size":"auto","background-attachment":"scroll","background-type":"","background-media":"","overlay-type":"","overlay-color":"","overlay-opacity":"","overlay-gradient":""}},"ast-content-background-meta":{"desktop":{"background-color":"var(--ast-global-color-4)","background-image":"","background-repeat":"repeat","background-position":"center center","background-size":"auto","background-attachment":"scroll","background-type":"","background-media":"","overlay-type":"","overlay-color":"","overlay-opacity":"","overlay-gradient":""},"tablet":{"background-color":"var(--ast-global-color-4)","background-image":"","background-repeat":"repeat","background-position":"center center","background-size":"auto","background-attachment":"scroll","background-type":"","background-media":"","overlay-type":"","overlay-color":"","overlay-opacity":"","overlay-gradient":""},"mobile":{"background-color":"var(--ast-global-color-4)","background-image":"","background-repeat":"repeat","background-position":"center center","background-size":"auto","background-attachment":"scroll","background-type":"","background-media":"","overlay-type":"","overlay-color":"","overlay-opacity":"","overlay-gradient":""}}},"product_brand":[45],"product_cat":[33,44,32,43],"product_tag":[],"class_list":{"0":"post-382","1":"product","2":"type-product","3":"status-publish","4":"has-post-thumbnail","6":"product_brand-pu-mat","7":"product_cat-mua-sam-tet","8":"product_cat-pu-mat","9":"product_cat-thuc-pham-do-uong","10":"product_cat-thuc-uong-nuoc-giai-khat-tra-ca-phe-ruou","11":"desktop-align-left","12":"tablet-align-left","13":"mobile-align-left","15":"first","16":"instock","17":"sale","18":"taxable","19":"shipping-taxable","20":"purchasable","21":"product-type-simple"},"_links":{"self":[{"href":"https:\/\/omewa.online\/index.php\/wp-json\/wp\/v2\/product\/382","targetHints":{"allow":["GET"]}}],"collection":[{"href":"https:\/\/omewa.online\/index.php\/wp-json\/wp\/v2\/product"}],"about":[{"href":"https:\/\/omewa.online\/index.php\/wp-json\/wp\/v2\/types\/product"}],"replies":[{"embeddable":true,"href":"https:\/\/omewa.online\/index.php\/wp-json\/wp\/v2\/comments?post=382"}],"wp:featuredmedia":[{"embeddable":true,"href":"https:\/\/omewa.online\/index.php\/wp-json\/wp\/v2\/media\/527"}],"wp:attachment":[{"href":"https:\/\/omewa.online\/index.php\/wp-json\/wp\/v2\/media?parent=382"}],"wp:term":[{"taxonomy":"product_brand","embeddable":true,"href":"https:\/\/omewa.online\/index.php\/wp-json\/wp\/v2\/product_brand?post=382"},{"taxonomy":"product_cat","embeddable":true,"href":"https:\/\/omewa.online\/index.php\/wp-json\/wp\/v2\/product_cat?post=382"},{"taxonomy":"product_tag","embeddable":true,"href":"https:\/\/omewa.online\/index.php\/wp-json\/wp\/v2\/product_tag?post=382"}],"curies":[{"name":"wp","href":"https:\/\/api.w.org\/{rel}","templated":true}]}}