{"id":379,"date":"2025-11-01T18:10:06","date_gmt":"2025-11-01T18:10:06","guid":{"rendered":"https:\/\/omewa.online\/?post_type=product&#038;p=379"},"modified":"2025-11-01T18:11:37","modified_gmt":"2025-11-01T18:11:37","slug":"tra-hoa-tan-ca-gai-leo-giup-giai-doc-gan-viem-gan-gan-nhiem-mo","status":"publish","type":"product","link":"https:\/\/omewa.online\/index.php\/product\/tra-hoa-tan-ca-gai-leo-giup-giai-doc-gan-viem-gan-gan-nhiem-mo\/","title":{"rendered":"Tr\u00e0 h\u00f2a tan C\u00e0 Gai Leo  gi\u00fap gi\u1ea3i \u0111\u1ed9c gan, vi\u00eam gan, gan nhi\u1ec5m m\u1ee1"},"content":{"rendered":"<p><span data-sheets-value=\"{&quot;1&quot;:2,&quot;2&quot;:&quot;Theo th\u1ed1ng k\u00ea B\u1ed9 Y t\u1ebf, ung th\u01b0 gan l\u00e0 m\u1ed9t trong c\u00e1c ung th\u01b0 \u0111\u1ee9ng \u0111\u1ea7u v\u1ec1 s\u1ed1 ca m\u1eafc t\u1ea1i Vi\u1ec7t Nam, trong \u0111\u00f3 90% s\u1ed1 ca ung th\u01b0 l\u00e0 ung th\u01b0 bi\u1ec3u m\u00f4 t\u1ebf b\u00e0o gan.\\nTh\u1ed1ng k\u00ea n\u0103m 2020 cho th\u1ea5y, ung th\u01b0 gan c\u0169ng l\u00e0 ung th\u01b0 c\u00f3 s\u1ed1 ca t\u1eed vong d\u1eabn \u0111\u1ea7u v\u1edbi 25.272 ca, chi\u1ebfm 21% t\u1ed5ng s\u1ed1 t\u1eed vong do ung th\u01b0, g\u1ea5p 3,8 l\u1ea7n so v\u1edbi t\u1eed vong do tai n\u1ea1n giao th\u00f4ng n\u0103m 2020.\\nTr\u01b0\u1edbc th\u1ef1c tr\u1ea1ng \u0111\u00f3, c\u00e1c chuy\u00ean gia y t\u1ebf c\u1ea3nh b\u00e1o, ng\u01b0\u1eddi d\u00e2n n\u00ean ch\u1ee7 \u0111\u1ed9ng b\u1ea3o v\u1ec7 v\u00e0 ph\u00f2ng ng\u1eeba b\u1ec7nh gan.\\nb\u00ean c\u1ea1nh vi\u1ec7c x\u00e2y d\u1ef1ng th\u1ef1c \u0111\u01a1n \u0103n u\u1ed1ng l\u00e0nh m\u1ea1nh, l\u1ed1i s\u1ed1ng khoa h\u1ecdc, b\u1ea1n c\u00f3 th\u1ec3 tham kh\u1ea3o th\u00eam c\u00e1c lo\u1ea1i tr\u00e0 C\u00e0 gai leo P\u00f9 M\u00e1t c\u00f3 th\u00e0nh ph\u1ea7n t\u1eeb d\u01b0\u1ee3c li\u1ec7u thi\u00ean nhi\u00ean gi\u00fap h\u1ed7 tr\u1ee3 gi\u1ea3i \u0111\u1ed9c gan, h\u1ea1 men gan, gi\u1ea3i r\u01b0\u1ee3u bia l\u00e2u d\u00e0i, h\u1ea1n ch\u1ebf ph\u1ee5 thu\u1ed9c v\u00e0o thu\u1ed1c T\u00e2y.&quot;}\" data-sheets-userformat=\"{&quot;2&quot;:14845,&quot;3&quot;:{&quot;1&quot;:0,&quot;3&quot;:1},&quot;5&quot;:{&quot;1&quot;:[{&quot;1&quot;:2,&quot;2&quot;:0,&quot;5&quot;:{&quot;1&quot;:2,&quot;2&quot;:0}},{&quot;1&quot;:0,&quot;2&quot;:0,&quot;3&quot;:3},{&quot;1&quot;:1,&quot;2&quot;:0,&quot;4&quot;:1}]},&quot;6&quot;:{&quot;1&quot;:[{&quot;1&quot;:2,&quot;2&quot;:0,&quot;5&quot;:{&quot;1&quot;:2,&quot;2&quot;:0}},{&quot;1&quot;:0,&quot;2&quot;:0,&quot;3&quot;:3},{&quot;1&quot;:1,&quot;2&quot;:0,&quot;4&quot;:1}]},&quot;7&quot;:{&quot;1&quot;:[{&quot;1&quot;:2,&quot;2&quot;:0,&quot;5&quot;:{&quot;1&quot;:2,&quot;2&quot;:0}},{&quot;1&quot;:0,&quot;2&quot;:0,&quot;3&quot;:3},{&quot;1&quot;:1,&quot;2&quot;:0,&quot;4&quot;:1}]},&quot;8&quot;:{&quot;1&quot;:[{&quot;1&quot;:2,&quot;2&quot;:0,&quot;5&quot;:{&quot;1&quot;:2,&quot;2&quot;:0}},{&quot;1&quot;:0,&quot;2&quot;:0,&quot;3&quot;:3},{&quot;1&quot;:1,&quot;2&quot;:0,&quot;4&quot;:1}]},&quot;9&quot;:0,&quot;10&quot;:1,&quot;11&quot;:4,&quot;14&quot;:{&quot;1&quot;:3,&quot;3&quot;:1},&quot;15&quot;:&quot;Times New Roman&quot;,&quot;16&quot;:12}\"><span style=\"color: #ff0000; font-size: 14pt;\"><em><strong>V\u00ec sao n\u00ean s\u1eed d\u1ee5ng tr\u00e0 C\u00e0 gai leo v\u00e0 Gi\u1ea3o c\u1ed5 lam ???<\/strong><\/em><\/span><br \/>\nTheo th\u1ed1ng k\u00ea B\u1ed9 Y t\u1ebf, ung th\u01b0 gan l\u00e0 m\u1ed9t trong c\u00e1c ung th\u01b0 \u0111\u1ee9ng \u0111\u1ea7u v\u1ec1 s\u1ed1 ca m\u1eafc t\u1ea1i Vi\u1ec7t Nam, trong \u0111\u00f3 90% s\u1ed1 ca ung th\u01b0 l\u00e0 ung th\u01b0 bi\u1ec3u m\u00f4 t\u1ebf b\u00e0o gan.<br \/>\nTh\u1ed1ng k\u00ea n\u0103m 2020 cho th\u1ea5y, ung th\u01b0 gan c\u0169ng l\u00e0 ung th\u01b0 c\u00f3 s\u1ed1 ca t\u1eed vong d\u1eabn \u0111\u1ea7u v\u1edbi 25.272 ca, chi\u1ebfm 21% t\u1ed5ng s\u1ed1 t\u1eed vong do ung th\u01b0, g\u1ea5p 3,8 l\u1ea7n so v\u1edbi t\u1eed vong do tai n\u1ea1n giao th\u00f4ng n\u0103m 2020.<br \/>\nTr\u01b0\u1edbc th\u1ef1c tr\u1ea1ng \u0111\u00f3, c\u00e1c chuy\u00ean gia y t\u1ebf c\u1ea3nh b\u00e1o, ng\u01b0\u1eddi d\u00e2n n\u00ean ch\u1ee7 \u0111\u1ed9ng b\u1ea3o v\u1ec7 v\u00e0 ph\u00f2ng ng\u1eeba b\u1ec7nh gan.<br \/>\nb\u00ean c\u1ea1nh vi\u1ec7c x\u00e2y d\u1ef1ng th\u1ef1c \u0111\u01a1n \u0103n u\u1ed1ng l\u00e0nh m\u1ea1nh, l\u1ed1i s\u1ed1ng khoa h\u1ecdc, b\u1ea1n c\u00f3 th\u1ec3 tham kh\u1ea3o th\u00eam c\u00e1c lo\u1ea1i tr\u00e0 C\u00e0 gai leo v\u00e0 gi\u1ea3o c\u1ed5 lam P\u00f9 M\u00e1t c\u00f3 th\u00e0nh ph\u1ea7n t\u1eeb d\u01b0\u1ee3c li\u1ec7u thi\u00ean nhi\u00ean gi\u00fap h\u1ed7 tr\u1ee3 gi\u1ea3i \u0111\u1ed9c gan, h\u1ea1 men gan, gi\u1ea3i r\u01b0\u1ee3u bia l\u00e2u d\u00e0i, h\u1ea1n ch\u1ebf ph\u1ee5 thu\u1ed9c v\u00e0o thu\u1ed1c T\u00e2y.<\/span><\/p>\n<p><span style=\"color: #ff0000;\"><strong>S\u1ef1 k\u1ebft h\u1ee3p c\u1ee7a 80% c\u00e0 gai leo v\u00e0 20% gi\u1ea3o c\u1ed5 l\u00e0m gi\u00fap m\u00e1t gan thanh nhi\u1ec7t, gi\u1ea3i \u0111\u1ed9c.<\/strong><\/span><\/p>\n<p>C\u00f4ng d\u1ee5ng: Gi\u1ea3i \u0111\u1ed9c, m\u00e1t gan \u0111\u1ea9y c\u00e1c ch\u1ea5t \u0111\u1ed9c c\u00f3 trong th\u1ef1c ph\u1ea9m b\u1ea9n ra ngo\u00e0i c\u01a1 th\u1ec3, h\u1ea1n ch\u1ebf t\u1ed5n th\u01b0\u01a1ng t\u1ebf b\u00e0o gan do r\u01b0\u1ee3u bia, Gi\u1ea3i r\u01b0\u1ee3u m\u1ea1nh..<\/p>\n<p><span data-sheets-value=\"{&quot;1&quot;:2,&quot;2&quot;:&quot; Gi\u1ea3i \u0111\u1ed9c, m\u00e1t gan \u0111\u1ea9y c\u00e1c ch\u1ea5t \u0111\u1ed9c c\u00f3 trong th\u1ef1c ph\u1ea9m b\u1ea9n ra ngo\u00e0i c\u01a1 th\u1ec3, h\u1ea1n ch\u1ebf t\u1ed5n th\u01b0\u01a1ng t\u1ebf b\u00e0o gan do r\u01b0\u1ee3u bia, Gi\u1ea3i r\u01b0\u1ee3u m\u1ea1nh..\\nH\u1ed7 tr\u1ee3 \u0111i\u1ec1u tr\u1ecb men gan t\u0103ng cao, vi\u00eam gan B, l\u00e0m thuy\u00ean gi\u1ea3m c\u00e1c tri\u1ec7u ch\u1ee9ng c\u1ee7a b\u1ec7nh gan nh\u01b0 \u0111au t\u1ee9c h\u1ea1 s\u01b0\u1eddn, v\u00e0ng da, m\u1ec7t m\u1ecfi, l\u00e0m ti\u00eau m\u1ee1 trong gan v\u00e0 trong m\u00e1u.Ph\u00f2ng ng\u1eeba v\u00e0 k\u00ecm h\u00e3m s\u1ef1 ph\u00e1t tri\u1ec3n c\u1ee7a x\u01a1 gan, ung th\u01b0 gan, l\u00e0m t\u0103ng mi\u1ec5n d\u1ecbch, t\u0103ng c\u01b0\u1eddng ch\u1ee9c n\u0103ng v\u00e0 b\u1ea3o v\u1ec7 t\u1ebf b\u00e0o gan cho c\u1ea3 gia \u0111\u00ecnh.&quot;}\" data-sheets-userformat=\"{&quot;2&quot;:14845,&quot;3&quot;:{&quot;1&quot;:0,&quot;3&quot;:1},&quot;5&quot;:{&quot;1&quot;:[{&quot;1&quot;:2,&quot;2&quot;:0,&quot;5&quot;:{&quot;1&quot;:2,&quot;2&quot;:0}},{&quot;1&quot;:0,&quot;2&quot;:0,&quot;3&quot;:3},{&quot;1&quot;:1,&quot;2&quot;:0,&quot;4&quot;:1}]},&quot;6&quot;:{&quot;1&quot;:[{&quot;1&quot;:2,&quot;2&quot;:0,&quot;5&quot;:{&quot;1&quot;:2,&quot;2&quot;:0}},{&quot;1&quot;:0,&quot;2&quot;:0,&quot;3&quot;:3},{&quot;1&quot;:1,&quot;2&quot;:0,&quot;4&quot;:1}]},&quot;7&quot;:{&quot;1&quot;:[{&quot;1&quot;:2,&quot;2&quot;:0,&quot;5&quot;:{&quot;1&quot;:2,&quot;2&quot;:0}},{&quot;1&quot;:0,&quot;2&quot;:0,&quot;3&quot;:3},{&quot;1&quot;:1,&quot;2&quot;:0,&quot;4&quot;:1}]},&quot;8&quot;:{&quot;1&quot;:[{&quot;1&quot;:2,&quot;2&quot;:0,&quot;5&quot;:{&quot;1&quot;:2,&quot;2&quot;:0}},{&quot;1&quot;:0,&quot;2&quot;:0,&quot;3&quot;:3},{&quot;1&quot;:1,&quot;2&quot;:0,&quot;4&quot;:1}]},&quot;9&quot;:0,&quot;10&quot;:1,&quot;11&quot;:4,&quot;14&quot;:{&quot;1&quot;:3,&quot;3&quot;:1},&quot;15&quot;:&quot;Times New Roman&quot;,&quot;16&quot;:12}\">H\u1ed7 tr\u1ee3 \u0111i\u1ec1u tr\u1ecb men gan t\u0103ng cao, vi\u00eam gan B, l\u00e0m thuy\u00ean gi\u1ea3m c\u00e1c tri\u1ec7u ch\u1ee9ng c\u1ee7a b\u1ec7nh gan nh\u01b0 \u0111au t\u1ee9c h\u1ea1 s\u01b0\u1eddn, v\u00e0ng da, m\u1ec7t m\u1ecfi, l\u00e0m ti\u00eau m\u1ee1 trong gan v\u00e0 trong m\u00e1u.Ph\u00f2ng ng\u1eeba v\u00e0 k\u00ecm h\u00e3m s\u1ef1 ph\u00e1t tri\u1ec3n c\u1ee7a x\u01a1 gan, ung th\u01b0 gan, l\u00e0m t\u0103ng mi\u1ec5n d\u1ecbch, t\u0103ng c\u01b0\u1eddng ch\u1ee9c n\u0103ng v\u00e0 b\u1ea3o v\u1ec7 t\u1ebf b\u00e0o gan cho c\u1ea3 gia \u0111\u00ecnh.<\/span><\/p>\n<div id=\"input_line_4\"><span id=\"input_part_0\" class=\"\" data-mention=\"- H\u01b0\u1edbng d\u1eabn s\u1eed d\u1ee5ng:\">\u2013 H\u01b0\u1edbng d\u1eabn s\u1eed d\u1ee5ng:<\/span><\/div>\n<div><iframe title=\"YouTube video player\" src=\"https:\/\/www.youtube.com\/embed\/AytHARc-hao\" width=\"760\" height=\"450\" frameborder=\"0\" allowfullscreen=\"allowfullscreen\" data-mce-fragment=\"1\"><\/iframe><\/div>\n<p>H\u01b0\u1edbng d\u1eabn s\u1eed d\u1ee5ng:<\/p>\n<p><span data-sheets-value=\"{&quot;1&quot;:2,&quot;2&quot;:&quot;- C\u00e1ch 1: Nh\u00fang t\u00fai l\u1ecdc v\u00e0o c\u1ed1c 200-250ml, \u0111\u1ed5 n\u01b0\u1edbc s\u00f4i, \u0111\u1eady k\u00edn n\u1eafp v\u00e0 \u0111\u1ee3i kho\u1ea3ng 7 \u0111\u1ebfn 10 ph\u00fat sau l\u00e0 c\u00f3 th\u1ec3 s\u1eed d\u1ee5ng, m\u1ed7i l\u1ea7n d\u00f9ng 1 t\u00fai. Ng\u00e0y 4 \u0111\u1ebfn 6 l\u1ea7n (t\u1ed1t nh\u1ea5t b\u1ecf v\u00e0o b\u00ecnh gi\u1eef nhi\u1ec7t \u0111\u1ec3 c\u00f3 hi\u1ec7u qu\u1ea3 h\u01a1n). Tr\u01b0\u1eddng h\u1ee3p u\u1ed1ng nhi\u1ec1u r\u01b0\u1ee3u, bia d\u00f9ng 3- 4 t\u00fai\/l\u1ea7n (tr\u01b0\u1edbc v\u00e0 sau khi u\u1ed1ng \u0111\u1ec3 \u0111\u01b0\u1ee3c gi\u1ea3i r\u01b0\u1ee3u, bia).\\n- C\u00e1ch 2: D\u00f9ng 6 t\u00fai l\u1ecdc b\u1ecf v\u00e0o ph\u00edch gi\u1eef nhi\u1ec7t ho\u1eb7c ph\u00edch R\u1ea1ng \u0110\u00f4ng, cho t\u1eeb 1,2 \u0111\u1ebfn 1,5 l\u00edt n\u01b0\u1edbc \u0111un s\u00f4i v\u00e0 u\u1ed1ng c\u1ea3 ng\u00e0y thay n\u01b0\u1edbc.\\n- D\u00f9ng u\u1ed1ng thay n\u01b0\u1edbc, thay tr\u00e0 h\u00e0ng ng\u00e0y c\u00f3 t\u00e1c d\u1ee5ng nhanh nh\u1ea5t.\\n&quot;,&quot;6&quot;:1}\" data-sheets-userformat=\"{&quot;2&quot;:14845,&quot;3&quot;:{&quot;1&quot;:0,&quot;3&quot;:1},&quot;5&quot;:{&quot;1&quot;:[{&quot;1&quot;:2,&quot;2&quot;:0,&quot;5&quot;:{&quot;1&quot;:2,&quot;2&quot;:0}},{&quot;1&quot;:0,&quot;2&quot;:0,&quot;3&quot;:3},{&quot;1&quot;:1,&quot;2&quot;:0,&quot;4&quot;:1}]},&quot;6&quot;:{&quot;1&quot;:[{&quot;1&quot;:2,&quot;2&quot;:0,&quot;5&quot;:{&quot;1&quot;:2,&quot;2&quot;:0}},{&quot;1&quot;:0,&quot;2&quot;:0,&quot;3&quot;:3},{&quot;1&quot;:1,&quot;2&quot;:0,&quot;4&quot;:1}]},&quot;7&quot;:{&quot;1&quot;:[{&quot;1&quot;:2,&quot;2&quot;:0,&quot;5&quot;:{&quot;1&quot;:2,&quot;2&quot;:0}},{&quot;1&quot;:0,&quot;2&quot;:0,&quot;3&quot;:3},{&quot;1&quot;:1,&quot;2&quot;:0,&quot;4&quot;:1}]},&quot;8&quot;:{&quot;1&quot;:[{&quot;1&quot;:2,&quot;2&quot;:0,&quot;5&quot;:{&quot;1&quot;:2,&quot;2&quot;:0}},{&quot;1&quot;:0,&quot;2&quot;:0,&quot;3&quot;:3},{&quot;1&quot;:1,&quot;2&quot;:0,&quot;4&quot;:1}]},&quot;9&quot;:0,&quot;10&quot;:1,&quot;11&quot;:4,&quot;14&quot;:{&quot;1&quot;:3,&quot;3&quot;:1},&quot;15&quot;:&quot;Times New Roman&quot;,&quot;16&quot;:12}\">&#8211; D\u00f9ng 1 g\u00f3i 3g tr\u00e0 h\u00f2a tan C\u00e0 gai leo pha v\u00e0o ly n\u01b0\u1edbc \u1ea5m 150-200ml, khu\u1ea5y \u0111\u1ec1u v\u00e0 d\u00f9ng ngay.<br \/>\n&#8211; Ng\u00e0y u\u1ed1ng 3 \u0111\u1ebfn 4 l\u1ea7n.<br \/>\n&#8211; Tr\u01b0\u1eddng h\u1ee3p u\u1ed1ng nhi\u1ec1u bia r\u01b0\u1ee3u, n\u00ean u\u1ed1ng 1 g\u00f3i tr\u01b0\u1edbc v\u00e0 sau khi u\u1ed1ng bia r\u01b0\u1ee3u<\/span><\/p>\n<div class=\"aiosrs-rating-wrap\" data-schema-id=\"17661\">\n<div><\/div>\n<\/div>\n","protected":false},"excerpt":{"rendered":"<p><span data-sheets-value=\"{&quot;1&quot;:2,&quot;2&quot;:&quot;- D\u00f9ng 1 g\u00f3i 3g tr\u00e0 h\u00f2a tan C\u00e0 gai leo pha v\u00e0o ly n\u01b0\u1edbc \u1ea5m 150-200ml, khu\u1ea5y \u0111\u1ec1u v\u00e0 d\u00f9ng ngay. \\n- Ng\u00e0y u\u1ed1ng 3 \u0111\u1ebfn 4 l\u1ea7n. \\n- Tr\u01b0\u1eddng h\u1ee3p u\u1ed1ng nhi\u1ec1u bia r\u01b0\u1ee3u, n\u00ean u\u1ed1ng 1 g\u00f3i tr\u01b0\u1edbc v\u00e0 sau khi u\u1ed1ng bia r\u01b0\u1ee3u\\n&quot;,&quot;6&quot;:1}\" data-sheets-userformat=\"{&quot;2&quot;:14845,&quot;3&quot;:{&quot;1&quot;:0,&quot;3&quot;:1},&quot;5&quot;:{&quot;1&quot;:[{&quot;1&quot;:2,&quot;2&quot;:0,&quot;5&quot;:{&quot;1&quot;:2,&quot;2&quot;:0}},{&quot;1&quot;:0,&quot;2&quot;:0,&quot;3&quot;:3},{&quot;1&quot;:1,&quot;2&quot;:0,&quot;4&quot;:1}]},&quot;6&quot;:{&quot;1&quot;:[{&quot;1&quot;:2,&quot;2&quot;:0,&quot;5&quot;:{&quot;1&quot;:2,&quot;2&quot;:0}},{&quot;1&quot;:0,&quot;2&quot;:0,&quot;3&quot;:3},{&quot;1&quot;:1,&quot;2&quot;:0,&quot;4&quot;:1}]},&quot;7&quot;:{&quot;1&quot;:[{&quot;1&quot;:2,&quot;2&quot;:0,&quot;5&quot;:{&quot;1&quot;:2,&quot;2&quot;:0}},{&quot;1&quot;:0,&quot;2&quot;:0,&quot;3&quot;:3},{&quot;1&quot;:1,&quot;2&quot;:0,&quot;4&quot;:1}]},&quot;8&quot;:{&quot;1&quot;:[{&quot;1&quot;:2,&quot;2&quot;:0,&quot;5&quot;:{&quot;1&quot;:2,&quot;2&quot;:0}},{&quot;1&quot;:0,&quot;2&quot;:0,&quot;3&quot;:3},{&quot;1&quot;:1,&quot;2&quot;:0,&quot;4&quot;:1}]},&quot;9&quot;:0,&quot;10&quot;:1,&quot;11&quot;:4,&quot;14&quot;:{&quot;1&quot;:3,&quot;3&quot;:1},&quot;15&quot;:&quot;Times New Roman&quot;,&quot;16&quot;:12}\">V\u1edbi chi\u1ebft xu\u1ea5t 80% C\u00e0 gai leo v\u00e0 20% gi\u1ea3o c\u1ed5 lam nguy\u00ean ch\u1ea5t c\u00f3 t\u00e1c d\u1ee5ng:<br \/>\n\u2013 Gi\u1ea3i \u0111\u1ed9c, m\u00e1t gan \u0111\u1ea9y c\u00e1c ch\u1ea5t \u0111\u1ed9c c\u00f3 trong th\u1ef1c ph\u1ea9m b\u1ea9n ra ngo\u00e0i c\u01a1 th\u1ec3, h\u1ea1n ch\u1ebf t\u1ed5n th\u01b0\u01a1ng t\u1ebf b\u00e0o gan do r\u01b0\u1ee3u bia<br \/>\n\u2013 Gi\u1ea3i r\u01b0\u1ee3u m\u1ea1nh..<br \/>\n\u2013 H\u1ed7 tr\u1ee3 \u0111i\u1ec1u tr\u1ecb men gan t\u0103ng cao, vi\u00eam gan B, l\u00e0m thuy\u00ean gi\u1ea3m c\u00e1c tri\u1ec7u ch\u1ee9ng c\u1ee7a b\u1ec7nh gan nh\u01b0 \u0111au t\u1ee9c h\u1ea1 s\u01b0\u1eddn, v\u00e0ng da, m\u1ec7t m\u1ecfi, l\u00e0m ti\u00eau m\u1ee1 trong gan v\u00e0 trong m\u00e1u.<br \/>\n\u2013 Ph\u00f2ng ng\u1eeba v\u00e0 k\u00ecm h\u00e3m s\u1ef1 ph\u00e1t tri\u1ec3n c\u1ee7a x\u01a1 gan, ung th\u01b0 gan, l\u00e0m t\u0103ng mi\u1ec5n d\u1ecbch, t\u0103ng c\u01b0\u1eddng ch\u1ee9c n\u0103ng v\u00e0 b\u1ea3o v\u1ec7 t\u1ebf b\u00e0o gan cho c\u1ea3 gia \u0111\u00ecnh.<\/span><\/p>\n","protected":false},"featured_media":516,"comment_status":"open","ping_status":"closed","template":"","meta":{"site-sidebar-layout":"default","site-content-layout":"","ast-site-content-layout":"default","site-content-style":"default","site-sidebar-style":"default","ast-global-header-display":"","ast-banner-title-visibility":"","ast-main-header-display":"","ast-hfb-above-header-display":"","ast-hfb-below-header-display":"","ast-hfb-mobile-header-display":"","site-post-title":"","ast-breadcrumbs-content":"","ast-featured-img":"","footer-sml-layout":"","theme-transparent-header-meta":"","adv-header-id-meta":"","stick-header-meta":"","header-above-stick-meta":"","header-main-stick-meta":"","header-below-stick-meta":"","astra-migrate-meta-layouts":"default","ast-page-background-enabled":"default","ast-page-background-meta":{"desktop":{"background-color":"var(--ast-global-color-5)","background-image":"","background-repeat":"repeat","background-position":"center center","background-size":"auto","background-attachment":"scroll","background-type":"","background-media":"","overlay-type":"","overlay-color":"","overlay-opacity":"","overlay-gradient":""},"tablet":{"background-color":"","background-image":"","background-repeat":"repeat","background-position":"center center","background-size":"auto","background-attachment":"scroll","background-type":"","background-media":"","overlay-type":"","overlay-color":"","overlay-opacity":"","overlay-gradient":""},"mobile":{"background-color":"","background-image":"","background-repeat":"repeat","background-position":"center center","background-size":"auto","background-attachment":"scroll","background-type":"","background-media":"","overlay-type":"","overlay-color":"","overlay-opacity":"","overlay-gradient":""}},"ast-content-background-meta":{"desktop":{"background-color":"var(--ast-global-color-4)","background-image":"","background-repeat":"repeat","background-position":"center center","background-size":"auto","background-attachment":"scroll","background-type":"","background-media":"","overlay-type":"","overlay-color":"","overlay-opacity":"","overlay-gradient":""},"tablet":{"background-color":"var(--ast-global-color-4)","background-image":"","background-repeat":"repeat","background-position":"center center","background-size":"auto","background-attachment":"scroll","background-type":"","background-media":"","overlay-type":"","overlay-color":"","overlay-opacity":"","overlay-gradient":""},"mobile":{"background-color":"var(--ast-global-color-4)","background-image":"","background-repeat":"repeat","background-position":"center center","background-size":"auto","background-attachment":"scroll","background-type":"","background-media":"","overlay-type":"","overlay-color":"","overlay-opacity":"","overlay-gradient":""}}},"product_brand":[45],"product_cat":[33,35,44,32,43],"product_tag":[],"class_list":{"0":"post-379","1":"product","2":"type-product","3":"status-publish","4":"has-post-thumbnail","6":"product_brand-pu-mat","7":"product_cat-mua-sam-tet","8":"product_cat-noi-bat","9":"product_cat-pu-mat","10":"product_cat-thuc-pham-do-uong","11":"product_cat-thuc-uong-nuoc-giai-khat-tra-ca-phe-ruou","12":"desktop-align-left","13":"tablet-align-left","14":"mobile-align-left","16":"first","17":"instock","18":"sale","19":"taxable","20":"shipping-taxable","21":"purchasable","22":"product-type-simple"},"_links":{"self":[{"href":"https:\/\/omewa.online\/index.php\/wp-json\/wp\/v2\/product\/379","targetHints":{"allow":["GET"]}}],"collection":[{"href":"https:\/\/omewa.online\/index.php\/wp-json\/wp\/v2\/product"}],"about":[{"href":"https:\/\/omewa.online\/index.php\/wp-json\/wp\/v2\/types\/product"}],"replies":[{"embeddable":true,"href":"https:\/\/omewa.online\/index.php\/wp-json\/wp\/v2\/comments?post=379"}],"wp:featuredmedia":[{"embeddable":true,"href":"https:\/\/omewa.online\/index.php\/wp-json\/wp\/v2\/media\/516"}],"wp:attachment":[{"href":"https:\/\/omewa.online\/index.php\/wp-json\/wp\/v2\/media?parent=379"}],"wp:term":[{"taxonomy":"product_brand","embeddable":true,"href":"https:\/\/omewa.online\/index.php\/wp-json\/wp\/v2\/product_brand?post=379"},{"taxonomy":"product_cat","embeddable":true,"href":"https:\/\/omewa.online\/index.php\/wp-json\/wp\/v2\/product_cat?post=379"},{"taxonomy":"product_tag","embeddable":true,"href":"https:\/\/omewa.online\/index.php\/wp-json\/wp\/v2\/product_tag?post=379"}],"curies":[{"name":"wp","href":"https:\/\/api.w.org\/{rel}","templated":true}]}}