{"id":357,"date":"2025-11-01T18:09:40","date_gmt":"2025-11-01T18:09:40","guid":{"rendered":"https:\/\/omewa.online\/?post_type=product&#038;p=357"},"modified":"2026-03-03T13:41:22","modified_gmt":"2026-03-03T13:41:22","slug":"bot-ngu-coc-dinh-duong-voi-20-loai-hat-cao-cap","status":"publish","type":"product","link":"https:\/\/omewa.online\/index.php\/product\/bot-ngu-coc-dinh-duong-voi-20-loai-hat-cao-cap\/","title":{"rendered":"B\u1ed9t ng\u0169 c\u1ed1c dinh d\u01b0\u1ee1ng v\u1edbi 20 lo\u1ea1i h\u1ea1t cao c\u1ea5p"},"content":{"rendered":"<p><strong>NG\u0168 C\u1ed0C THI\u1ec6N B\u1ea2O 20 LO\u1ea0I H\u1ea0T<\/strong><\/p>\n<p><strong>M\u00d3N QU\u00c0 QU\u00dd T\u1eea \u0110\u1ea4T M\u1eb8<\/strong><\/p>\n<p>\ud83e\uded8Ng\u0169 c\u1ed1c lu\u00f4n \u0111\u01b0\u1ee3c xem l\u00e0 b\u1eefa \u0103n l\u00e0nh m\u1ea1nh b\u1edfi n\u00f3 c\u00f3 ch\u1ee9a \u0111\u1ea7y \u0111\u1ee7 3 y\u1ebfu t\u1ed1 quan tr\u1ecdng c\u1ea7n thi\u1ebft cho ho\u1ea1t \u0111\u1ed9ng s\u1ed1ng c\u1ee7a con ng\u01b0\u1eddi \u0111\u00f3 l\u00e0: Carbs, Protein v\u00e0 ch\u1ea5t b\u00e9o.<\/p>\n<p>&nbsp;<\/p>\n<p>\ud83c\udf81C\u00f3 th\u00e0nh ph\u1ea7n t\u1eeb 20 lo\u1ea1i \u0111\u1eadu h\u1ea1t h\u1eefu c\u01a1 cao c\u1ea5p, Ng\u0169 c\u1ed1c Thi\u1ec7n B\u1ea3o mong mu\u1ed1n \u0111em \u0111\u1ebfn cho m\u1ecdi gia \u0111\u00ecnh Vi\u1ec7t m\u00f3n qu\u00e0 qu\u00fd gi\u00e1 t\u1eeb \u0111\u1ea5t m\u1eb9.<\/p>\n<p>&nbsp;<\/p>\n<p>20 LO\u1ea0I H\u1ea0T T\u1ea0O N\u00caN NG\u0168 C\u1ed0C THI\u1ec6N B\u1ea2O GI\u00c0U DINH D\u01af\u1ee0NG<\/p>\n<p>\ud83c\udf3eN\u1ebfu b\u1ea1n m\u1edbi ch\u1ec9 d\u00f9ng th\u1eed ng\u0169 c\u1ed1c t\u1eeb 10- 15 lo\u1ea1i h\u1ea1t, th\u00ec Thi\u1ec7n B\u1ea3o s\u1ebd gi\u1edbi thi\u1ec7u cho b\u1ea1n lo\u1ea1i ng\u0169 c\u1ed1c gi\u00e0u dinh d\u01b0\u1ee1ng h\u01a1n v\u1edbi con s\u1ed1 k\u1ef7 l\u1ee5c: 20 lo\u1ea1i.<\/p>\n<p>&nbsp;<\/p>\n<p>\u2714\ufe0fCh\u00fang t\u00f4i tuy\u1ec3n ch\u1ecdn k\u1ef9 l\u01b0\u1ee1ng \u0111\u1ea7u v\u00e0o nguy\u00ean li\u1ec7u, bao g\u1ed3m 20 \u0111\u1eadu h\u1ea1t thu\u1ea7n chay: Y\u1ebfn m\u1ea1ch, H\u1ea1nh nh\u00e2n, macca, h\u1ea1t \u0111i\u1ec1u, h\u1ea1t d\u1ebb, h\u1ea1t chia, \u00f3c ch\u00f3 v\u00e0ng, h\u1ea1t sen, g\u1ea1o l\u1ee9t, g\u1ea1o t\u1ebb, m\u00e8 \u0111en, \u0111\u1eadu h\u00e0 lan, \u0111\u1eadu g\u00e0, \u0111\u1eadu l\u0103ng, \u0111\u1eadu \u0111en xanh l\u00f2ng, \u0111\u1eadu xanh h\u1ea1t ti\u00eau, h\u1ea1t k\u00ea, ng\u00f4 n\u1ebfp, di\u00eam m\u1ea1ch, ki\u1ec1u m\u1ea1ch.<\/p>\n<p>&nbsp;<\/p>\n<p>C\u00d4NG TH\u1ee8C \u0110\u1ed8C QUY\u1ec0N V\u1edaI QUY TR\u00ccNH S\u1ea2N XU\u1ea4T TI\u00caN TI\u1ebeN<\/p>\n<p>\u267b\ufe0f\u0110\u1ec3 l\u00e0m ra m\u1ed9t s\u1ea3n ph\u1ea9m b\u1ed9t ng\u0169 c\u1ed1c \u0111\u1ea7y dinh d\u01b0\u1ee1ng v\u00e0 kho\u00e1ng ch\u1ea5t, m\u1ecdi c\u00f4ng \u0111o\u1ea1n \u0111\u1ec1u \u0111\u01b0\u1ee3c Thi\u1ec7n B\u1ea3o th\u1ef1c hi\u1ec7n c\u1ea9n th\u1eadn, t\u1ec9 m\u1ec9, \u0111\u1ea7u t\u01b0 nhi\u1ec1u c\u00f4ng s\u1ee9c l\u1eabn m\u00e1y m\u00f3c thi\u1ebft b\u1ecb, \u0111\u00e1p \u1ee9ng y\u00eau c\u1ea7u nghi\u00eam ng\u1eb7t.<\/p>\n<p>&nbsp;<\/p>\n<p>\ud83d\udd11Ch\u00fang t\u00f4i c\u00f3 c\u00f4ng th\u1ee9c \u0111\u1ed9c quy\u1ec1n, c\u00e2n ch\u1ec9nh h\u00e0i h\u00f2a c\u00e1c th\u00e0nh ph\u1ea7n nguy\u00ean li\u1ec7u, tuy\u1ec7t \u0111\u1ed1i n\u00f3i kh\u00f4ng v\u1edbi \u0111\u01b0\u1eddng v\u00e0 ph\u1ee5 gia, t\u1ea1o h\u01b0\u01a1ng v\u1ecb th\u01a1m ngon, ng\u1ecdt thanh t\u1ef1 nhi\u00ean, ph\u00f9 h\u1ee3p v\u1edbi s\u1edf th\u00edch v\u00e0 kh\u1ea9u v\u1ecb ng\u01b0\u1eddi Vi\u1ec7t.<\/p>\n<p>&nbsp;<\/p>\n<p>\u2600\ufe0fNh\u1eefng h\u1ea1t ng\u1ecdc qu\u00fd \u0111\u01b0\u1ee3c ch\u00fang t\u00f4i tuy\u1ec3n ch\u1ecdn, l\u00e0m s\u1ea1ch, n\u1ea5u ch\u00edn r\u1ed3i s\u1ea5y kh\u00f4 b\u1eb1ng m\u00e1y s\u1ea5y c\u00f4ng nghi\u1ec7p.<\/p>\n<p>&nbsp;<\/p>\n<p>\u2705Sau khi \u0111\u01b0\u1ee3c s\u1ea5y kh\u00f4, ng\u0169 c\u1ed1c s\u1ebd \u0111\u01b0\u1ee3c nghi\u1ec1n nh\u1ecf th\u00e0nh b\u1ed9t. \u0110\u00e2y l\u00e0 kh\u00e2u quy\u1ebft \u0111\u1ecbnh tr\u1ef1c ti\u1ebfp \u0111\u1ebfn ch\u1ea5t l\u01b0\u1ee3ng s\u1ea3n ph\u1ea9m, b\u1edfi v\u1eady ch\u00fang t\u00f4i s\u1eed d\u1ee5ng m\u00e1y si\u00eau nghi\u1ec1n, gi\u00fap ng\u0169 c\u1ed1c m\u1ec1m, m\u1ecbn nh\u01b0 b\u1ed9t, kh\u00f4ng c\u00f2n v\u1ecf, kh\u00f4ng b\u1ecb l\u1ee3n c\u1ee3n hay t\u1ea1p ch\u1ea5t khi pha.<\/p>\n<p>&nbsp;<\/p>\n<p>\ud83e\udd47Trong l\u00fac ng\u01b0\u1eddi ng\u01b0\u1eddi nh\u00e0 nh\u00e0 \u0111ua nhau l\u00e0m ng\u0169 c\u1ed1c, d\u1eabn \u0111\u1ebfn b\u00e3o h\u00f2a v\u1ec1 ch\u1ea5t l\u01b0\u1ee3ng, h\u00e3y n\u1ebfm th\u1eed b\u1ea1n s\u1ebd th\u1ea5y \u0111\u1ed9 m\u1ecbn v\u00e0 h\u01b0\u01a1ng v\u1ecb c\u1ee7a Thi\u1ec7n B\u1ea3o ho\u00e0n to\u00e0n kh\u00e1c bi\u1ec7t.<\/p>\n<p>&nbsp;<\/p>\n<p>\u0110\u00c1P \u1ee8NG NGU\u1ed2N DINH D\u01af\u1ee0NG CAO, T\u1ed0T CHO S\u1ee8C KH\u1eceE<\/p>\n<p>\u2795Thi\u1ec7n B\u1ea3o l\u00e0 ng\u0169 c\u1ed1c thu\u1ea7n chay, cung c\u1ea5p n\u0103ng l\u01b0\u1ee3ng d\u1ed3i d\u00e0o<\/p>\n<p>\u2795B\u1ed5 sung c\u00e1c vitamin v\u00e0 kho\u00e1ng ch\u1ea5t t\u1ed1t cho c\u01a1 th\u1ec3, nh\u1ea5t l\u00e0 ch\u1ea5t b\u00e9o t\u1ed1t, ch\u1ea5t x\u01a1, protein th\u1ef1c v\u1eadt, s\u1eaft, Omega 3-6, canxi, axit folic,\u2026<\/p>\n<p>\u2795T\u1ed1t cho tim m\u1ea1ch, c\u1ea3i thi\u1ec7n h\u1ec7 mi\u1ec5n d\u1ecbch, t\u0103ng c\u01b0\u1eddng h\u1ec7 ti\u00eau h\u00f3a, t\u0103ng \u0111\u1ec1 kh\u00e1ng, ch\u1ed1ng l\u00e3o h\u00f3a, gi\u00fap c\u01a1 th\u1ec3 kh\u1ecfe m\u1ea1nh h\u01a1n<\/p>\n<p>&nbsp;<\/p>\n<p>NG\u0168 C\u1ed0C CHO C\u1ea2 GIA \u0110\u00ccNH<\/p>\n<p>M\u1ed9t ly ng\u0169 c\u1ed1c th\u01a1m ngon s\u1ebd \u0111\u00e1p \u1ee9ng \u0111\u1ea7y \u0111\u1ee7 dinh d\u01b0\u1ee1ng cho b\u1eefa s\u00e1ng v\u00e0 b\u1eefa ph\u1ee5 c\u1ee7a c\u1ea3 gia \u0111\u00ecnh. H\u01a1n c\u1ea3 mong \u0111\u1ee3i c\u1ee7a b\u1ea1n, ng\u0169 c\u1ed1c Thi\u1ec7n B\u1ea3o c\u00f2n t\u1ed1i \u01b0u th\u00e0nh ph\u1ea7n, tr\u1edf th\u00e0nh th\u1ee9c u\u1ed1ng l\u00e0nh m\u1ea1nh, h\u1ed7 tr\u1ee3 t\u1ed1t nh\u1ea5t cho c\u00e1c \u0111\u1ed1i t\u01b0\u1ee3ng sau \u0111\u00e2y:<\/p>\n<p>\ud83e\udd30\ud83c\udffeGi\u00fap m\u1eb9 b\u1ea7u gi\u1ea3m ngh\u00e9n, thanh nhi\u1ec7t, gi\u1ea3m t\u00e1o b\u00f3n, gi\u1ea3m c\u0103ng th\u1eb3ng, ph\u00f9 n\u1ec1, gi\u00fap thai nhi ph\u00e1t tri\u1ec3n t\u1ed1t<\/p>\n<p>\ud83e\udd31Ph\u00f9 h\u1ee3p v\u1edbi c\u00e1c m\u1eb9 sau sinh m\u1ed5 kh\u00f4ng d\u00f9ng \u0111\u01b0\u1ee3c \u0111\u1ed3 n\u1ebfp, \u0111\u1eb7c bi\u1ec7t gi\u00fap l\u1ee3i s\u1eefa sau sinh<\/p>\n<p>\ud83e\udd3e\u200d\u2642\ufe0fNg\u01b0\u1eddi ch\u01a1i th\u1ec3 thao, t\u1eadp gym, v\u1eadn \u0111\u1ed9ng n\u1eb7ng c\u1ea7n b\u1ed5 sung n\u0103ng l\u01b0\u1ee3ng<\/p>\n<p>\ud83d\udc69\u200d\ud83e\uddbcNg\u01b0\u1eddi m\u1edbi \u1ed1m d\u1eady, c\u1ea7n h\u1ed3i ph\u1ee5c nhanh<\/p>\n<p>\ud83d\udc75\ud83c\udffbNg\u01b0\u1eddi gi\u00e0, ng\u01b0\u1eddi ti\u00eau ho\u00e1 k\u00e9m, ng\u01b0\u1eddi \u0103n chay, ng\u01b0\u1eddi \u0103n ki\u00eang c\u1ea7n th\u1ee9c u\u1ed1ng thanh \u0111\u1ea1m<\/p>\n<p>\ud83e\uddd8\u200d\u2640\ufe0fNg\u01b0\u1eddi mu\u1ed1n t\u0103ng c\u00e2n an to\u00e0n<\/p>\n<p>&nbsp;<\/p>\n<p>C\u00c1CH PHA:<\/p>\n<p>1\ufe0f\u20e3Cho 2 mu\u1ed7ng v\u00e0o ly<\/p>\n<p>2\ufe0f\u20e3Th\u00eam 100ml n\u01b0\u1edbc \u1ea5m kho\u1ea3ng 70 \u0111\u1ed9 C, khu\u1ea5y \u0111\u1ec1u<\/p>\n","protected":false},"excerpt":{"rendered":"<p>G\u1ed3m 20 \u0111\u1eadu h\u1ea1t thu\u1ea7n chay: Y\u1ebfn m\u1ea1ch, H\u1ea1nh nh\u00e2n, macca, h\u1ea1t \u0111i\u1ec1u, h\u1ea1t d\u1ebb, h\u1ea1t chia, \u00f3c ch\u00f3 v\u00e0ng, h\u1ea1t sen, g\u1ea1o l\u1ee9t, g\u1ea1o t\u1ebb, m\u00e8 \u0111en, \u0111\u1eadu h\u00e0 lan, \u0111\u1eadu g\u00e0, \u0111\u1eadu l\u0103ng, \u0111\u1eadu \u0111en xanh l\u00f2ng, \u0111\u1eadu xanh h\u1ea1t ti\u00eau, h\u1ea1t k\u00ea, ng\u00f4 n\u1ebfp, di\u00eam m\u1ea1ch, ki\u1ec1u m\u1ea1ch.<br \/>\n\u0110\u00c1P \u1ee8NG NGU\u1ed2N DINH D\u01af\u1ee0NG CAO, T\u1ed0T CHO S\u1ee8C KH\u1eceE<\/p>\n<p>\u2795Thi\u1ec7n B\u1ea3o l\u00e0 ng\u0169 c\u1ed1c thu\u1ea7n chay, cung c\u1ea5p n\u0103ng l\u01b0\u1ee3ng d\u1ed3i d\u00e0o<\/p>\n<p>\u2795B\u1ed5 sung c\u00e1c vitamin v\u00e0 kho\u00e1ng ch\u1ea5t t\u1ed1t cho c\u01a1 th\u1ec3, nh\u1ea5t l\u00e0 ch\u1ea5t b\u00e9o t\u1ed1t, ch\u1ea5t x\u01a1, protein th\u1ef1c v\u1eadt, s\u1eaft, Omega 3-6, canxi, axit folic,\u2026<\/p>\n<p>\u2795T\u1ed1t cho tim m\u1ea1ch, c\u1ea3i thi\u1ec7n h\u1ec7 mi\u1ec5n d\u1ecbch, t\u0103ng c\u01b0\u1eddng h\u1ec7 ti\u00eau h\u00f3a, t\u0103ng \u0111\u1ec1 kh\u00e1ng, ch\u1ed1ng l\u00e3o h\u00f3a, gi\u00fap c\u01a1 th\u1ec3 kh\u1ecfe m\u1ea1nh h\u01a1n<\/p>\n","protected":false},"featured_media":502,"comment_status":"closed","ping_status":"closed","template":"","meta":{"site-sidebar-layout":"default","site-content-layout":"","ast-site-content-layout":"default","site-content-style":"default","site-sidebar-style":"default","ast-global-header-display":"","ast-banner-title-visibility":"","ast-main-header-display":"","ast-hfb-above-header-display":"","ast-hfb-below-header-display":"","ast-hfb-mobile-header-display":"","site-post-title":"","ast-breadcrumbs-content":"","ast-featured-img":"","footer-sml-layout":"","theme-transparent-header-meta":"default","adv-header-id-meta":"","stick-header-meta":"","header-above-stick-meta":"","header-main-stick-meta":"","header-below-stick-meta":"","astra-migrate-meta-layouts":"set","ast-page-background-enabled":"default","ast-page-background-meta":{"desktop":{"background-color":"var(--ast-global-color-5)","background-image":"","background-repeat":"repeat","background-position":"center center","background-size":"auto","background-attachment":"scroll","background-type":"","background-media":"","overlay-type":"","overlay-color":"","overlay-opacity":"","overlay-gradient":""},"tablet":{"background-color":"","background-image":"","background-repeat":"repeat","background-position":"center center","background-size":"auto","background-attachment":"scroll","background-type":"","background-media":"","overlay-type":"","overlay-color":"","overlay-opacity":"","overlay-gradient":""},"mobile":{"background-color":"","background-image":"","background-repeat":"repeat","background-position":"center center","background-size":"auto","background-attachment":"scroll","background-type":"","background-media":"","overlay-type":"","overlay-color":"","overlay-opacity":"","overlay-gradient":""}},"ast-content-background-meta":{"desktop":{"background-color":"var(--ast-global-color-4)","background-image":"","background-repeat":"repeat","background-position":"center center","background-size":"auto","background-attachment":"scroll","background-type":"","background-media":"","overlay-type":"","overlay-color":"","overlay-opacity":"","overlay-gradient":""},"tablet":{"background-color":"var(--ast-global-color-4)","background-image":"","background-repeat":"repeat","background-position":"center center","background-size":"auto","background-attachment":"scroll","background-type":"","background-media":"","overlay-type":"","overlay-color":"","overlay-opacity":"","overlay-gradient":""},"mobile":{"background-color":"var(--ast-global-color-4)","background-image":"","background-repeat":"repeat","background-position":"center center","background-size":"auto","background-attachment":"scroll","background-type":"","background-media":"","overlay-type":"","overlay-color":"","overlay-opacity":"","overlay-gradient":""}}},"product_brand":[37],"product_cat":[905,33,35,36,32,43],"product_tag":[],"class_list":{"0":"post-357","1":"product","2":"type-product","3":"status-publish","4":"has-post-thumbnail","6":"product_brand-thien-bao","7":"product_cat-chao-thuc-pham-xay-nhuyen-ngu-coc","8":"product_cat-mua-sam-tet","9":"product_cat-noi-bat","10":"product_cat-thien-bao","11":"product_cat-thuc-pham-do-uong","12":"product_cat-thuc-uong-nuoc-giai-khat-tra-ca-phe-ruou","13":"desktop-align-left","14":"tablet-align-left","15":"mobile-align-left","17":"first","18":"instock","19":"taxable","20":"shipping-taxable","21":"purchasable","22":"product-type-simple"},"_links":{"self":[{"href":"https:\/\/omewa.online\/index.php\/wp-json\/wp\/v2\/product\/357","targetHints":{"allow":["GET"]}}],"collection":[{"href":"https:\/\/omewa.online\/index.php\/wp-json\/wp\/v2\/product"}],"about":[{"href":"https:\/\/omewa.online\/index.php\/wp-json\/wp\/v2\/types\/product"}],"replies":[{"embeddable":true,"href":"https:\/\/omewa.online\/index.php\/wp-json\/wp\/v2\/comments?post=357"}],"wp:featuredmedia":[{"embeddable":true,"href":"https:\/\/omewa.online\/index.php\/wp-json\/wp\/v2\/media\/502"}],"wp:attachment":[{"href":"https:\/\/omewa.online\/index.php\/wp-json\/wp\/v2\/media?parent=357"}],"wp:term":[{"taxonomy":"product_brand","embeddable":true,"href":"https:\/\/omewa.online\/index.php\/wp-json\/wp\/v2\/product_brand?post=357"},{"taxonomy":"product_cat","embeddable":true,"href":"https:\/\/omewa.online\/index.php\/wp-json\/wp\/v2\/product_cat?post=357"},{"taxonomy":"product_tag","embeddable":true,"href":"https:\/\/omewa.online\/index.php\/wp-json\/wp\/v2\/product_tag?post=357"}],"curies":[{"name":"wp","href":"https:\/\/api.w.org\/{rel}","templated":true}]}}