{"id":355,"date":"2025-11-01T18:09:40","date_gmt":"2025-11-01T18:09:40","guid":{"rendered":"https:\/\/omewa.online\/?post_type=product&#038;p=355"},"modified":"2026-03-03T10:10:44","modified_gmt":"2026-03-03T10:10:44","slug":"mi-soi-rau-cu-cau-vong-250g-de-nhat-mi-an-kieng","status":"publish","type":"product","link":"https:\/\/omewa.online\/index.php\/product\/mi-soi-rau-cu-cau-vong-250g-de-nhat-mi-an-kieng\/","title":{"rendered":"M\u00ec s\u1ee3i rau c\u1ee7 c\u1ea7u v\u1ed3ng 250g \u2013 \u0110\u1ec7 nh\u1ea5t m\u00ec \u0103n ki\u00eang"},"content":{"rendered":"<p><strong>M\u00cc S\u1ee2I RAU C\u1ee6 C\u1ea6U V\u1ed2NG<\/strong><\/p>\n<p><strong>\u00a0\u0110\u1ed2NG H\u00c0NH C\u00d9NG B\u1eeeA \u0102N VI\u1ec6T\u00a0\ud83c\udf5c\ud83c\udf5c<\/strong><\/p>\n<p>\ud83c\udf08L\u1ef1a ch\u1ecdn t\u00ean g\u1ecdi \u201cM\u00ec s\u1ee3i rau c\u1ee7 C\u1ea7u v\u1ed3ng\u201d kh\u00f4ng ch\u1ec9 th\u1ec3 hi\u1ec7n s\u1ef1 \u0111a d\u1ea1ng c\u00e1c v\u1ecb, m\u00e0 n\u00f3 c\u00f2n g\u1eedi g\u1eafm hy v\u1ecdng c\u1ee7a ch\u00fang t\u00f4i v\u1ec1 s\u1ee9 m\u1ec7nh mang \u0111\u1ebfn cho m\u1ed7i gia \u0111\u00ecnh nh\u1eefng b\u1eefa \u0103n ngon mi\u1ec7ng, an to\u00e0n v\u00e0 t\u1ed1t cho s\u1ee9c kh\u1ecfe.<\/p>\n<p>\u2705Ho\u00e0n to\u00e0n kh\u00e1c bi\u1ec7t v\u1edbi c\u00e1c lo\u1ea1i b\u00fan mi\u1ebfn ph\u1edf v\u00e0 m\u00ec\u00a0 th\u00f4ng th\u01b0\u1eddng, M\u00ec s\u1ee3i rau c\u1ee7 C\u1ea7u v\u1ed3ng c\u1ee7a Thi\u1ec7n B\u1ea3o c\u00f3 nhi\u1ec1u \u0111\u1eb7c \u0111i\u1ec3m n\u1ed5i tr\u1ed9i h\u01a1n h\u1eb3n:<\/p>\n<p>\ud83d\udd39M\u00ec \u0111\u01b0\u1ee3c s\u1ea3n xu\u1ea5t t\u1eeb rau c\u1ee7 xanh s\u1ea1ch v\u1edbi t\u1ef7 l\u1ec7 60% b\u1ed9t m\u00ec, 40% rau c\u1ee7 n\u00ean ch\u1ee9a h\u00e0m l\u01b0\u1ee3ng protein t\u1eeb th\u1ef1c v\u1eadt v\u00e0 vitamin, ch\u1ea5t x\u01a1 d\u1ed3i d\u00e0o<\/p>\n<p>\ud83d\udd39Kh\u00f4ng tr\u1ea3i qua qu\u00e1 tr\u00ecnh chi\u00ean qua d\u1ea7u \u1edf nhi\u1ec7t \u0111\u1ed9 cao, kh\u00f4ng ch\u1ee9a cholesterol<\/p>\n<p>\ud83d\udd39M\u00ec rau c\u1ee7 c\u00f3 m\u00e0u s\u1eafc ho\u00e0n to\u00e0n t\u1ef1 nhi\u00ean nh\u01b0ng r\u1ea5t b\u1eaft m\u1eaft, khi ch\u1ebf bi\u1ebfn c\u00f3 v\u1ecb ng\u1ecdt thanh t\u1eeb rau c\u1ee7, s\u1ee3i m\u00ec dai m\u1ec1m.<\/p>\n<p>\ud83d\udd39M\u1ed7i c\u00f4ng \u0111o\u1ea1n s\u1ea3n xu\u1ea5t \u0111\u1ec1u \u0111\u01b0\u1ee3c th\u1ef1c hi\u1ec7n k\u1ef9 l\u01b0\u1ee1ng, trau chu\u1ed1t, t\u1ec9 m\u1ec9. \u0110i\u1ec3m \u0111\u1eb7c bi\u1ec7t c\u1ee7a #M\u00ec_C\u1ea7u_V\u1ed3ng l\u00e0 t\u1eebng v\u1eaft m\u1ef3 \u0111\u1ec1u \u0111\u01b0\u1ee3c t\u1ea1o h\u00ecnh b\u00f4ng hoa th\u1ee7 c\u00f4ng t\u1eeb \u0111\u00f4i b\u00e0n tay kh\u00e9o l\u00e9o c\u1ee7a c\u00e1c ngh\u1ec7 nh\u00e2n l\u00e0nh ngh\u1ec1. Th\u00e0nh ph\u1ea9m l\u00e0 nh\u1eefng s\u1ee3i m\u00ec t\u01b0\u01a1i dai m\u1ec1m t\u1ef1 nhi\u00ean, mang h\u01b0\u01a1ng v\u1ecb nguy\u00ean b\u1ea3n, thanh m\u00e1t.<\/p>\n<p>\ud83d\udd39M\u1ef3 \u0111\u00e1p \u1ee9ng ti\u00eau chu\u1ea9n 5K kh\u1eaft khe:<\/p>\n<p>+KH\u00d4NG ch\u1ea5t ch\u1ea5t ho\u00e1 h\u1ecdc<\/p>\n<p>+KH\u00d4NG ch\u1ea5t b\u1ea3o qu\u1ea3n<\/p>\n<p>+KH\u00d4NG ch\u1ea5t t\u1ea1o m\u00e0u<\/p>\n<p>+KH\u00d4NG chi\u00ean d\u1ea7u<\/p>\n<p>+KH\u00d4NG b\u1ecb n\u00f3ng.<\/p>\n<p>\ud83c\udf5c\u0110\u01b0\u1ee3c l\u1ef1a ch\u1ecdn v\u00e0 s\u1ea3n xu\u1ea5t theo ti\u00eau chu\u1ea9n b\u1eefa \u0103n ngon, khoa h\u1ecdc c\u1ee7a m\u1ed7i gia \u0111\u00ecnh, nh\u1edd s\u1ef1 an to\u00e0n, v\u00e0 c\u00e1c ch\u1ec9 s\u1ed1 dinh d\u01b0\u1ee1ng cao m\u00e0 M\u00ec s\u1ee3i rau c\u1ee7 C\u1ea7u V\u1ed3ng ph\u00f9 h\u1ee3p v\u1edbi m\u1ecdi \u0111\u1ed1i t\u01b0\u1ee3ng kh\u00e1ch h\u00e0ng:<\/p>\n<p>\ud83d\udd39Cho tr\u1ebb \u0103n d\u1eb7m<\/p>\n<p>\ud83d\udd39Cho ng\u01b0\u1eddi \u0103n ki\u00eang, gi\u1eef d\u00e1ng<\/p>\n<p>\ud83d\udd39Cho ng\u01b0\u1eddi \u0103n chay<\/p>\n<p>\ud83d\udd39Cho c\u1ea3 gia \u0111\u00ecnh<\/p>\n<p>\ud83d\udc9aB\u1ea1n kh\u00f4ng lo nhanh ng\u00e1n, b\u1edfi ch\u00fang t\u00f4i c\u00f3 t\u1edbi 8 v\u1ecb cho gia \u0111\u00ecnh tha h\u1ed3 l\u1ef1a ch\u1ecdn:<\/p>\n<p>\ud83e\udd6cV\u1ecb rau b\u00f3 x\u00f4i<\/p>\n<p>\ud83e\udd54V\u1ecb c\u1ee7 d\u1ec1n<\/p>\n<p>\ud83c\udf52V\u1ecb b\u00ed \u0111\u1ecf mix c\u1ee7 ngh\u1ec7<\/p>\n<p>\ud83e\udd55V\u1ecb c\u00e0 r\u1ed1t<\/p>\n<p>\ud83c\udf60V\u1ecb khoai lang t\u00edm<\/p>\n<p>\ud83e\uded0V\u1ecb hoa \u0111\u1eadu bi\u1ebfc<\/p>\n<p>\ud83e\udeb7V\u1ecb h\u1ea1t sen<\/p>\n<p>\ud83e\uded8V\u1ecb m\u00e8 \u0111en<\/p>\n<p>\ud83c\udf08M\u00ec s\u1ee3i rau c\u1ee7 C\u1ea7u V\u1ed3ng ch\u1eafc ch\u1eafn s\u1ebd l\u00e0m h\u00e0i l\u00f2ng ngay c\u1ea3 nh\u1eefng v\u1ecb kh\u00e1ch kh\u00f3 t\u00ednh nh\u1ea5t!<\/p>\n<p>\u2764\ufe0fH\u00e3y cho ch\u00fang t\u00f4i c\u01a1 h\u1ed9i mang \u0111\u1ebfn gia \u0111\u00ecnh b\u1ea1n tr\u1ea3i nghi\u1ec7m \u1ea9m th\u1ef1c anh l\u00e0nh nh\u00e9!<\/p>\n<p><strong>M\u1ef2 RAU C\u1ee6 THI\u1ec6N B\u1ea2O<\/strong><\/p>\n<p><strong>\u0110\u1ec6 NH\u1ea4T M\u1ef2 CHO NG\u01af\u1edcI \u0102N KI\u00caNG!<\/strong><\/p>\n<p>\ud83c\udf71 Ch\u1ebf \u0111\u1ed9 \u0103n quy\u1ebft \u0111\u1ecbnh t\u1edbi 70% vi\u1ec7c duy tr\u00ec v\u00f3c d\u00e1ng c\u1ee7a b\u1ea1n. Tuy nhi\u00ean gi\u1ea3m c\u00e2n kh\u00f4ng c\u00f3 ngh\u0129a l\u00e0 c\u00e0ng nh\u1ecbn \u0103n c\u00e0ng t\u1ed1t. Ch\u00fang ta c\u1ea7n \u0103n \u0111\u00fang v\u00e0 \u0111\u1ee7 c\u00e1c th\u00e0nh ph\u1ea7n: \u0111\u1ea1m, rau c\u1ee7 qu\u1ea3 v\u00e0 tinh b\u1ed9t.<\/p>\n<p>\ud83c\udf3e Tinh b\u1ed9t l\u00e0 ngu\u1ed3n n\u0103ng l\u01b0\u1ee3ng thi\u1ebft y\u1ebfu c\u1ee7a c\u01a1 th\u1ec3, ch\u00fang ta n\u00ean l\u1ef1a ch\u1ecdn c\u00e1c lo\u1ea1i th\u1ef1c ph\u1ea9m ch\u1ee9a tinh b\u1ed9t m\u1ed9t c\u00e1ch koa h\u1ecdc \u0111\u1ec3 cung c\u1ea5p \u0111\u1ee7 ch\u1ea5t cho c\u01a1 th\u1ec3 nh\u01b0ng kh\u00f4ng l\u00e0m t\u0103ng c\u00e2n.<\/p>\n<p>\ud83c\udf08 M\u1ef3 rau c\u1ee7 Thi\u1ec7n B\u1ea3o s\u1ebd l\u00e0 s\u1ef1 l\u1ef1a ch\u1ecdn ph\u00f9 h\u1ee3p d\u00e0nh cho vi\u1ec7c \u0103n ki\u00eang, gi\u1eef d\u00e1ng c\u1ee7a b\u1ea1n.<\/p>\n<p>\u2014\u2014\u2014\u2014\u2014\u2014\u2014\u2014\u2014\u2014\u2014\u2014\u2014<\/p>\n<p>1\ufe0f\u20e3 L\u00ed do \u0111\u1ea7u ti\u00ean l\u00e0 m\u1ef3 gi\u00fap b\u1ea1n \u0111a d\u1ea1ng th\u1ef1c \u0111\u01a1n khi gi\u1ea3m c\u00e2n:<\/p>\n<p>\u2796 N\u1ebfu b\u1ea1n \u0111\u00e3 b\u1eaft \u0111\u1ea7u c\u1ea3m th\u1ea5y ch\u00e1n v\u1edbi menu c\u01a1m tr\u1eafng, g\u1ea1o l\u1ee9t, b\u00e1nh ng\u0169 c\u1ed1c th\u00ec d\u00f9ng m\u1ef3 rau c\u1ee7 Thi\u1ec7n B\u1ea3o l\u00e0 m\u1ed9t \u00fd ki\u1ebfn tuy\u1ec7t v\u1eddi.<\/p>\n<p>\u2796B\u1ea1n c\u00f3 th\u1ec3 ch\u1ebf bi\u1ebfn nhi\u1ec1u m\u00f3n nh\u01b0 m\u1ef3 n\u1ea5u, m\u1ef3 x\u00e0o, m\u1ef3 tr\u1ed9n, k\u1ebft h\u1ee3p v\u1edbi nhi\u1ec1u lo\u1ea1i rau c\u1ee7 th\u1ecbt c\u00e1 kh\u00e1c gi\u00fap ch\u00fang ta kh\u00f4ng c\u00f2n ph\u1ea3i \u0111au \u0111\u1ea7u, b\u1ebf t\u1eafc m\u1ed7i khi ngh\u0129 th\u1ef1c \u0111\u01a1n gi\u1ea3m c\u00e2n n\u1eefa.<\/p>\n<p>2\ufe0f\u20e3 Th\u1ee9 hai l\u00e0 m\u1ef3 c\u00f3 th\u00e0nh ph\u1ea7n ho\u00e0n to\u00e0n t\u1ef1 nhi\u00ean, ch\u1ecb em n\u00e0o \u0103n ki\u00eang nh\u00ecn l\u00e0 m\u00ea li\u1ec1n:<\/p>\n<p>\ud83e\udd6c\ud83e\udd55 Thay v\u00ec s\u1eed d\u1ee5ng 100% tinh b\u1ed9t nh\u01b0 c\u00e1c lo\u1ea1i m\u1ef3 th\u00f4ng th\u01b0\u1eddng, ch\u00fang t\u00f4i thay th\u1ebf b\u1eb1ng 40% rau c\u1ee7 qu\u1ea3, \u0111em \u0111\u1ebfn h\u01b0\u01a1ng v\u1ecb t\u1ef1 nhi\u00ean nguy\u00ean b\u1ea3n. M\u1ef3 Thi\u1ec7n B\u1ea3o hi\u1ec7n l\u00e0 lo\u1ea1i m\u1ef3 c\u00f3 t\u1ec9 l\u1ec7 rau c\u1ee7 cao nh\u1ea5t t\u1ea1i Vi\u1ec7t Nam, nh\u1eefng s\u1ea3n ph\u1ea9m kh\u00e1c ch\u1ec9 c\u00f3 30-35%.<\/p>\n<p>\ud83c\udf60\ud83e\udd66 S\u1ee3i m\u00ec ngon ng\u1ecdt c\u00f9ng c\u1ea3m gi\u00e1c thanh m\u00e1t t\u1eeb rau c\u1ee7 gi\u00fap b\u1ed5 sung nhi\u1ec1u ch\u1ea5t x\u01a1 h\u00f2a tan, kho\u00e1ng ch\u1ea5t v\u00e0 vitamin t\u1ed1t cho v\u00f3c d\u00e1ng c\u1ee7a b\u1ea1n.<\/p>\n<p>\ud83d\udc6f\u200d\u2640\ufe0f L\u01b0\u1ee3ng calo v\u00e0 ch\u1ea5t b\u00e9o b\u00e3o h\u00f2a c\u00f3 trong m\u00ec \u1edf m\u1ee9c v\u1eeba \u0111\u1ee7 gi\u00fap b\u1ea1n \u0111\u1ee7 n\u0103ng l\u01b0\u1ee3ng cho 1 ng\u00e0y h\u1ecdc t\u1eadp v\u00e0 l\u00e0m vi\u1ec7c.<\/p>\n<p>\u267b\ufe0f M\u1ef3 ho\u00e0n to\u00e0n kh\u00f4ng chi\u00ean qua d\u1ea7u m\u00e0 \u0111\u01b0\u1ee3c s\u1ea5y l\u1ea1nh theo c\u00f4ng ngh\u1ec7 hi\u1ec7n \u0111\u1ea1i gi\u00fap gi\u1eef nguy\u00ean d\u01b0\u1ee1ng ch\u1ea5t, \u0111\u1ed3ng th\u1eddi c\u00f3 th\u1ec3 b\u1ea3o qu\u1ea3n t\u1ef1 nhi\u00ean m\u00e0 kh\u00f4ng th\u00eam b\u1ea5t k\u1ef3 ph\u1ee5 gia n\u00e0o.<\/p>\n","protected":false},"excerpt":{"rendered":"<p>\ud83d\udd39M\u00ec \u0111\u01b0\u1ee3c s\u1ea3n xu\u1ea5t t\u1eeb rau c\u1ee7 xanh s\u1ea1ch v\u1edbi t\u1ef7 l\u1ec7 60% b\u1ed9t m\u00ec, 40% rau c\u1ee7 n\u00ean ch\u1ee9a h\u00e0m l\u01b0\u1ee3ng protein t\u1eeb th\u1ef1c v\u1eadt v\u00e0 vitamin, ch\u1ea5t x\u01a1 d\u1ed3i d\u00e0o<\/p>\n<p>\ud83d\udd39Kh\u00f4ng tr\u1ea3i qua qu\u00e1 tr\u00ecnh chi\u00ean qua d\u1ea7u \u1edf nhi\u1ec7t \u0111\u1ed9 cao, kh\u00f4ng ch\u1ee9a cholesterol<\/p>\n<p>\ud83d\udd39M\u00ec rau c\u1ee7 c\u00f3 m\u00e0u s\u1eafc ho\u00e0n to\u00e0n t\u1ef1 nhi\u00ean nh\u01b0ng r\u1ea5t b\u1eaft m\u1eaft, khi ch\u1ebf bi\u1ebfn c\u00f3 v\u1ecb ng\u1ecdt thanh t\u1eeb rau c\u1ee7, s\u1ee3i m\u00ec dai m\u1ec1m.<\/p>\n<p>\ud83d\udd39M\u1ed7i c\u00f4ng \u0111o\u1ea1n s\u1ea3n xu\u1ea5t \u0111\u1ec1u \u0111\u01b0\u1ee3c th\u1ef1c hi\u1ec7n k\u1ef9 l\u01b0\u1ee1ng, trau chu\u1ed1t, t\u1ec9 m\u1ec9. Th\u00e0nh ph\u1ea9m l\u00e0 nh\u1eefng s\u1ee3i m\u00ec t\u01b0\u01a1i dai m\u1ec1m t\u1ef1 nhi\u00ean, mang h\u01b0\u01a1ng v\u1ecb nguy\u00ean b\u1ea3n, thanh m\u00e1t.<\/p>\n<p>\ud83d\udd39M\u1ef3 \u0111\u00e1p \u1ee9ng ti\u00eau chu\u1ea9n 5K kh\u1eaft khe:<\/p>\n<p>+KH\u00d4NG ch\u1ea5t ch\u1ea5t ho\u00e1 h\u1ecdc<\/p>\n<p>+KH\u00d4NG ch\u1ea5t b\u1ea3o qu\u1ea3n<\/p>\n<p>+KH\u00d4NG ch\u1ea5t t\u1ea1o m\u00e0u<\/p>\n<p>+KH\u00d4NG chi\u00ean d\u1ea7u<\/p>\n<p>+KH\u00d4NG b\u1ecb n\u00f3ng.<\/p>\n<p>\ud83c\udf5c\u0110\u01b0\u1ee3c l\u1ef1a ch\u1ecdn v\u00e0 s\u1ea3n xu\u1ea5t theo ti\u00eau chu\u1ea9n b\u1eefa \u0103n ngon, khoa h\u1ecdc c\u1ee7a m\u1ed7i gia \u0111\u00ecnh, nh\u1edd s\u1ef1 an to\u00e0n, v\u00e0 c\u00e1c ch\u1ec9 s\u1ed1 dinh d\u01b0\u1ee1ng cao m\u00e0 M\u00ec s\u1ee3i rau c\u1ee7 C\u1ea7u V\u1ed3ng ph\u00f9 h\u1ee3p v\u1edbi m\u1ecdi \u0111\u1ed1i t\u01b0\u1ee3ng kh\u00e1ch h\u00e0ng:<\/p>\n<p>\ud83d\udd39Cho tr\u1ebb \u0103n d\u1eb7m<\/p>\n<p>\ud83d\udd39Cho ng\u01b0\u1eddi \u0103n ki\u00eang, gi\u1eef d\u00e1ng<\/p>\n<p>\ud83d\udd39Cho ng\u01b0\u1eddi \u0103n chay<\/p>\n<p>\ud83d\udd39Cho c\u1ea3 gia \u0111\u00ecnh<\/p>\n","protected":false},"featured_media":474,"comment_status":"closed","ping_status":"closed","template":"","meta":{"site-sidebar-layout":"default","site-content-layout":"","ast-site-content-layout":"default","site-content-style":"default","site-sidebar-style":"default","ast-global-header-display":"","ast-banner-title-visibility":"","ast-main-header-display":"","ast-hfb-above-header-display":"","ast-hfb-below-header-display":"","ast-hfb-mobile-header-display":"","site-post-title":"","ast-breadcrumbs-content":"","ast-featured-img":"","footer-sml-layout":"","theme-transparent-header-meta":"default","adv-header-id-meta":"","stick-header-meta":"","header-above-stick-meta":"","header-main-stick-meta":"","header-below-stick-meta":"","astra-migrate-meta-layouts":"set","ast-page-background-enabled":"default","ast-page-background-meta":{"desktop":{"background-color":"var(--ast-global-color-5)","background-image":"","background-repeat":"repeat","background-position":"center center","background-size":"auto","background-attachment":"scroll","background-type":"","background-media":"","overlay-type":"","overlay-color":"","overlay-opacity":"","overlay-gradient":""},"tablet":{"background-color":"","background-image":"","background-repeat":"repeat","background-position":"center center","background-size":"auto","background-attachment":"scroll","background-type":"","background-media":"","overlay-type":"","overlay-color":"","overlay-opacity":"","overlay-gradient":""},"mobile":{"background-color":"","background-image":"","background-repeat":"repeat","background-position":"center center","background-size":"auto","background-attachment":"scroll","background-type":"","background-media":"","overlay-type":"","overlay-color":"","overlay-opacity":"","overlay-gradient":""}},"ast-content-background-meta":{"desktop":{"background-color":"var(--ast-global-color-4)","background-image":"","background-repeat":"repeat","background-position":"center center","background-size":"auto","background-attachment":"scroll","background-type":"","background-media":"","overlay-type":"","overlay-color":"","overlay-opacity":"","overlay-gradient":""},"tablet":{"background-color":"var(--ast-global-color-4)","background-image":"","background-repeat":"repeat","background-position":"center center","background-size":"auto","background-attachment":"scroll","background-type":"","background-media":"","overlay-type":"","overlay-color":"","overlay-opacity":"","overlay-gradient":""},"mobile":{"background-color":"var(--ast-global-color-4)","background-image":"","background-repeat":"repeat","background-position":"center center","background-size":"auto","background-attachment":"scroll","background-type":"","background-media":"","overlay-type":"","overlay-color":"","overlay-opacity":"","overlay-gradient":""}}},"product_brand":[37],"product_cat":[33,34,35,36,32],"product_tag":[],"class_list":{"0":"post-355","1":"product","2":"type-product","3":"status-publish","4":"has-post-thumbnail","6":"product_brand-thien-bao","7":"product_cat-mua-sam-tet","8":"product_cat-nguyen-lieu-nau-an-va-gia-vi","9":"product_cat-noi-bat","10":"product_cat-thien-bao","11":"product_cat-thuc-pham-do-uong","12":"desktop-align-left","13":"tablet-align-left","14":"mobile-align-left","16":"first","17":"instock","18":"taxable","19":"shipping-taxable","20":"purchasable","21":"product-type-simple"},"_links":{"self":[{"href":"https:\/\/omewa.online\/index.php\/wp-json\/wp\/v2\/product\/355","targetHints":{"allow":["GET"]}}],"collection":[{"href":"https:\/\/omewa.online\/index.php\/wp-json\/wp\/v2\/product"}],"about":[{"href":"https:\/\/omewa.online\/index.php\/wp-json\/wp\/v2\/types\/product"}],"replies":[{"embeddable":true,"href":"https:\/\/omewa.online\/index.php\/wp-json\/wp\/v2\/comments?post=355"}],"wp:featuredmedia":[{"embeddable":true,"href":"https:\/\/omewa.online\/index.php\/wp-json\/wp\/v2\/media\/474"}],"wp:attachment":[{"href":"https:\/\/omewa.online\/index.php\/wp-json\/wp\/v2\/media?parent=355"}],"wp:term":[{"taxonomy":"product_brand","embeddable":true,"href":"https:\/\/omewa.online\/index.php\/wp-json\/wp\/v2\/product_brand?post=355"},{"taxonomy":"product_cat","embeddable":true,"href":"https:\/\/omewa.online\/index.php\/wp-json\/wp\/v2\/product_cat?post=355"},{"taxonomy":"product_tag","embeddable":true,"href":"https:\/\/omewa.online\/index.php\/wp-json\/wp\/v2\/product_tag?post=355"}],"curies":[{"name":"wp","href":"https:\/\/api.w.org\/{rel}","templated":true}]}}