{"id":354,"date":"2025-11-01T18:09:40","date_gmt":"2025-11-01T18:09:40","guid":{"rendered":"https:\/\/omewa.online\/?post_type=product&#038;p=354"},"modified":"2026-03-19T14:23:08","modified_gmt":"2026-03-19T14:23:08","slug":"22-vita-c-intensive-serum-20ml-cap-am-lam-sang-da-giam-vet-tham-sau-mun","status":"publish","type":"product","link":"https:\/\/omewa.online\/index.php\/product\/22-vita-c-intensive-serum-20ml-cap-am-lam-sang-da-giam-vet-tham-sau-mun\/","title":{"rendered":"22% Vita C Intensive Serum 20ml -C\u1ea5p \u1ea9m, l\u00e0m s\u00e1ng da, gi\u1ea3m v\u1ebft th\u00e2m sau m\u1ee5n"},"content":{"rendered":"<div class=\"border-b border-secondary-light3 lg:border-0\" data-v-3a2e2332=\"\">\n<div data-v-36134904=\"\">\n<div id=\"96\" class=\"flex flex-col w-full h-full bg-opacity-25 lg:flex-row bg-secondary-light3\" data-v-475c5dca=\"\" data-v-3a2e2332=\"\">\n<div class=\"w-full lg:w-1\/2 theimageinfo1\"><img decoding=\"async\" class=\"object-cover object-center w-full transition-all duration-300 lazyLoad isLoaded\" src=\"https:\/\/file.hstatic.net\/200000834019\/file\/56e28ef20c3f83e11d451b6e24982031_8697f509bcc749b6a4cb44edb6d7627d.jpg\" data-v-475c5dca=\"\" \/><\/div>\n<div id=\"DepthDetail\" class=\"flex flex-col w-full px-2 py-3 lg:py-12 lg:w-1\/2 additional-information\" data-v-475c5dca=\"\">\n<div class=\"flex flex-col text-lg font-normal lg:text-3xl lg:leading-10 font-vollkorn text-primary-dark\" data-v-475c5dca=\"\">\n<div class=\"overflow-hidden overflow-ellipsis line-clamp-5 line-clamp-none\">\n<div class=\"contentinfotable2\">\n<p><strong>Vitamin C<\/strong>\u00a0mang l\u1ea1i nhi\u1ec1u l\u1ee3i \u00edch tuy\u1ec7t v\u1eddi cho da, \u0111\u1eb7c bi\u1ec7t l\u00e0 kh\u1ea3 n\u0103ng ch\u1ed1ng Oxy ho\u00e1, tuy nhi\u00ean m\u1ed9t s\u1ed1 d\u1ea1ng Vitamin C \u0111\u01b0\u1ee3c s\u1eed d\u1ee5ng trong c\u00e1c s\u1ea3n ph\u1ea9m ch\u0103m s\u00f3c da th\u01b0\u1eddng c\u00f3 t\u00ednh kh\u00f4ng \u1ed5n \u0111\u1ecbnh v\u00e0 b\u1ecb ph\u00e2n h\u1ee7y d\u1ec5 d\u00e0ng khi ti\u1ebfp x\u00fac v\u1edbi \u00e1nh n\u1eafng m\u1eb7t tr\u1eddi.<\/p>\n<p>Ethyl Ascorbic Acid l\u00e0 m\u1ed9t d\u1ea1ng c\u1ee7a Vitamin C c\u00f3 c\u1ea5u tr\u00fac m\u1ed9t ph\u1ea7n t\u1eed Ethyl \u0111\u01b0\u1ee3c g\u1eafn v\u00e0o ph\u00e2n t\u1eed Vitamin C, t\u1ea1o th\u00e0nh m\u1ed9t d\u1ea1ng ho\u00e1 h\u1ecdc m\u1edbi c\u00f3 \u0111\u1ed9 \u1ed5n \u0111\u1ecbnh cao nh\u1ea5t trong c\u00e1c d\u1ea1ng Vitamin C. EAA c\u00f3 kh\u1ea3 n\u0103ng b\u1ea3o v\u1ec7 c\u00e1c t\u1ebf b\u00e0o ch\u1ed1ng l\u1ea1i t\u00e1c h\u1ea1i oxy m\u1ed9t c\u00e1ch v\u01b0\u1ee3t tr\u1ed9i b\u1eb1ng c\u00e1ch lo\u1ea1i b\u1ecf c\u00e1c g\u1ed1c t\u1ef1 do v\u00e0 c\u00e1c lo\u1ea1i Oxy ph\u1ea3n \u1ee9ng. EAA c\u00f2n l\u00e0m gi\u00e1n \u0111o\u1ea1n qu\u00e1 tr\u00ecnh s\u1ea3n xu\u1ea5t h\u1eafc t\u1ed1 trong da, do \u0111\u00f3 gi\u00fap l\u00e0m m\u1edd c\u00e1c t\u00ecnh tr\u1ea1ng t\u0103ng s\u1eafc t\u1ed1 da, c\u1ea3i thi\u1ec7n t\u00f4ng m\u00e0u da. N\u00f3 t\u1ea9y t\u1ebf b\u00e0o ch\u1ebft nh\u1eb9 v\u00e0 gi\u00fap \u0111\u1ea9y nhanh qu\u00e1 tr\u00ecnh t\u00e1i t\u1ea1o t\u1ebf b\u00e0o da \u0111\u1ec3 l\u1ed9 l\u00e0n da s\u00e1ng h\u01a1n, r\u00f5 r\u00e0ng h\u01a1n.<\/p>\n<\/div>\n<\/div>\n<\/div>\n<p><span class=\"seemoredetail2 text-sm font-bold leading-7 underline cursor-pointer lg:text-base see-more font-nunito text-typo-heading\" data-v-475c5dca=\"\">Xem th\u00eam<\/span><\/p>\n<hr class=\"my-2 lg:my-3\" data-v-475c5dca=\"\" \/>\n<div class=\"flex flex-col lg:flex-row lg:0 flexbrhand\" data-v-475c5dca=\"\">\n<div class=\"flex colinfo2cot1 flex-col flex-1 text-sm font-normal lg:text-base text-typo-body font-nunito\" data-v-475c5dca=\"\">\n<p>C\u00f4ng d\u1ee5ng<\/p>\n<p>&nbsp;<\/p>\n<p>\u2713 H\u1ed7 tr\u1ee3 l\u00e0m s\u00e1ng da, gi\u1ea3m v\u1ebft th\u00e2m sau m\u1ee5n \u0111\u1ec3 l\u1ea1i.<\/p>\n<p>\u2713 H\u1ed7 tr\u1ee3 t\u0103ng sinh Ceramide, t\u0103ng c\u01b0\u1eddng l\u1edbp bi\u1ec3u b\u00ec, c\u1ea3i thi\u1ec7n \u0111\u1ec1 kh\u00e1ng t\u1ef1 nhi\u00ean cho da.<\/p>\n<p>\u2713 T\u0103ng c\u01b0\u1eddng b\u1ea3o v\u1ec7 da tr\u01b0\u1edbc t\u00e1c h\u1ea1i c\u1ee7a \u00e1nh n\u1eafng m\u1eb7t tr\u1eddi, tia g\u00e2y h\u1ea1i, ng\u0103n ng\u1eeba l\u00e3o h\u00f3a da s\u1edbm.<\/p>\n<p>\u2713\u00a0Cung c\u1ea5p d\u01b0\u1ee1ng ch\u1ea5t, dinh d\u01b0\u1ee1ng, \u0111\u1ed9 \u1ea9m \u0111\u1ec3 nu\u00f4i d\u01b0\u1ee1ng l\u00e0n da t\u1eeb b\u00ean trong, gi\u00fap b\u1ec1 m\u1eb7t da m\u1ec1m m\u1ecbn, s\u00e1ng kh\u1ecfe.<\/p>\n<\/div>\n<div class=\"flex colinfo2cot2 flex-col flex-1 text-sm font-normal lg:text-base text-typo-body font-nunito mt-2 lg:mt-0 lg:ml-3\" data-v-475c5dca=\"\">\n<p>D\u00e0nh cho<\/p>\n<p>&nbsp;<\/p>\n<p>\u2713\u00a0Ph\u00f9 h\u1ee3p v\u1edbi nhi\u1ec1u lo\u1ea1i da, \u0111\u1eb7c bi\u1ec7t l\u00e0 da kh\u00f4ng \u0111\u1ec1u m\u00e0u.<\/p>\n<\/div>\n<\/div>\n<\/div>\n<\/div>\n<\/div>\n<\/div>\n<div id=\"product-components\" class=\"border-b border-secondary-light3 lg:border-0\" data-v-3a2e2332=\"\">\n<div data-v-36134904=\"\">\n<div id=\"96\" class=\"relative flex flex-col w-full lg:flex-row-reverse bg-primary-light\" data-v-23023fea=\"\" data-v-3a2e2332=\"\">\n<div class=\"w-full lg:w-1\/2 max-h-7221 imagecomponant\" data-v-23023fea=\"\"><img decoding=\"async\" class=\"object-cover w-full h-full transition-all duration-500 lazyLoad isLoaded\" src=\"https:\/\/file.hstatic.net\/200000834019\/file\/418771608_388089476931444_6536286710447084424_n_020ee72713f54a8cbeb60eedae033ee1.jpg\" data-v-23023fea=\"\" \/><\/div>\n<div class=\"flex flex-col w-full px-2 pt-3 pb-8 lg:relative lg:w-1\/2 product-components lg:pt-5 lg:pb-3 2xl:pt-14 2xl:pb-9 overflow-y-auto\" data-v-23023fea=\"\">\n<div class=\"product-components__details\" data-v-23023fea=\"\">\n<div class=\"descriptionthanhphan\">\n<div class=\"renderdata\">\n<p>H\u1ed7 tr\u1ee3 l\u00e0m tr\u1eafng s\u00e1ng da, ch\u1ed1ng oxy h\u00f3a<\/p>\n<p>&nbsp;<\/p>\n<p><strong>22% Ethyl Ascorbic Acid<\/strong><\/p>\n<p>\u2022 Ethyl Ascorbic Acid l\u00e0 m\u1ed9t trong nh\u1eefng d\u1ea1ng \u1ed5n \u0111\u1ecbnh nh\u1ea5t c\u1ee7a vitamin C.<\/p>\n<p>\u2022 EAA l\u00e0m gi\u1ea3m s\u1ef1 s\u1ea3n xu\u1ea5t s\u1eafc t\u1ed1 Melanin b\u1eb1ng nhi\u1ec1u c\u01a1 ch\u1ebf m\u1ed9t c\u00e1ch hi\u1ec7u qu\u1ea3. Khi \u0111\u01b0\u1ee3c s\u1eed d\u1ee5ng th\u01b0\u1eddng xuy\u00ean, n\u00f3 c\u00f3 th\u1ec3 l\u00e0m m\u1edd v\u1ebft th\u00e2m, n\u00e1m gi\u00fap da s\u00e1ng, \u0111\u1ec1u m\u00e0u.<\/p>\n<p>\u2022 EAA c\u00f3 kh\u1ea3 n\u0103ng ch\u1ed1ng oxi h\u00f3a hi\u1ec7u qu\u1ea3, gi\u00fap b\u1ea3o v\u1ec7 da kh\u1ecfi t\u00e1c \u0111\u1ed9ng c\u1ee7a c\u00e1c g\u1ed1c t\u1ef1 do, m\u00f4i tr\u01b0\u1eddng, tia UV, kh\u00f3i b\u1ee5i, &#8230; l\u00e0m ch\u1eadm qu\u00e1 tr\u00ecnh l\u00e3o h\u00f3a.<\/p>\n<p>\u2022 EAA c\u00f3 kh\u1ea3 n\u0103ng k\u00edch th\u00edch s\u1ea3n xu\u1ea5t Collagen, k\u00edch th\u00edch qu\u00e1 tr\u00ecnh t\u00e1i t\u1ea1o t\u1ebf b\u00e0o da gi\u00fap da c\u1ea3i thi\u1ec7n c\u1ea5u tr\u00fac gi\u00fap da tr\u1edf n\u00ean s\u0103n ch\u1eafc, \u0111\u00e0n h\u1ed3i v\u00e0 gi\u1ea3m thi\u1ec3u s\u1ef1 xu\u1ea5t hi\u1ec7n c\u1ee7a n\u1ebfp nh\u0103n.<\/p>\n<p>&nbsp;<\/p>\n<p>Cung c\u1ea5p \u0111\u1ed9 \u1ea9m, d\u01b0\u1ee1ng ch\u1ea5t, l\u00e0m d\u1ecbu v\u00e0 b\u1ea3o v\u1ec7 da<\/p>\n<p>&nbsp;<\/p>\n<p><strong>Chi\u1ebft xu\u1ea5t T\u1ea3o bi\u1ec3n (Cystoseira Tamariscifolia Extract)<\/strong><\/p>\n<p>\u2022 Gi\u00e0u kho\u00e1ng ch\u1ea5t, Vitamin v\u00e0 ch\u1ea5t ch\u1ed1ng oxy h\u00f3a, t\u1ea5t c\u1ea3 \u0111\u1ec1u c\u00f3 t\u00e1c d\u1ee5ng quan tr\u1ecdng trong vi\u1ec7c duy tr\u00ec v\u00e0 c\u1ea3i thi\u1ec7n s\u1ee9c kh\u00e1ng c\u1ee7a da tr\u01b0\u1edbc c\u00e1c t\u00e1c nh\u00e2n m\u00f4i tr\u01b0\u1eddng c\u00f3 h\u1ea1i.<\/p>\n<p>\u2022 Kh\u1ea3 n\u0103ng d\u01b0\u1ee1ng \u1ea9m t\u1ef1 nhi\u00ean, gi\u00fap duy tr\u00ec \u0111\u1ed9 \u1ea9m cho da, ng\u0103n ng\u1eeba t\u00ecnh tr\u1ea1ng da kh\u00f4 v\u00e0 bong tr\u00f3c.<\/p>\n<p><strong>Pronalen Bio Protect<\/strong><\/p>\n<p>Pronalen Bio Protect l\u00e0 t\u1ed5 h\u1ee3p g\u1ed3m: Propanediol, chi\u1ebft xu\u1ea5t T\u00e1o (Pyrus Malus (Apple) Juice), \u00a0chi\u1ebft xu\u1ea5t \u0110\u00e0o (Prunus Persica (Peach) Juice), chi\u1ebft xu\u1ea5t L\u00faa m\u00ec (Triticum Vulgare (Wheat) Seed Extract), chi\u1ebft xu\u1ea5t L\u00faa m\u1ea1ch (Hordeum Vulgare Seed Extract), chi\u1ebft xu\u1ea5t r\u1ec5 nh\u00e2n s\u00e2m (Panax Ginseng Root Extract), Glyceryl Caprylate, Glyceryl Undecylenate<\/p>\n<p>\u2022 C\u1ea3i thi\u1ec7n c\u00e1c d\u1ea5u hi\u1ec7u l\u00e3o h\u00f3a do \u00f4 nhi\u1ec5m m\u00f4i tr\u01b0\u1eddng g\u00e2y ra, b\u1ea3o v\u1ec7 da v\u00e0 t\u00f3c m\u1ed9t c\u00e1ch to\u00e0n di\u1ec7n kh\u1ecfi t\u00e1c \u0111\u1ed9ng c\u1ee7a \u00f4 nhi\u1ec5m m\u00f4i tr\u01b0\u1eddng, bao g\u1ed3m kh\u00ed, kim lo\u1ea1i n\u1eb7ng, g\u1ed1c t\u1ef1 do v\u00e0 h\u1ea1t PM2.5.<\/p>\n<p>\u2022 Gi\u00fap l\u00e0m t\u0103ng \u0111\u1ed9 s\u00e1ng t\u1ef1 nhi\u00ean c\u1ee7a da, l\u00e0m cho l\u00e0n da tr\u1edf n\u00ean t\u01b0\u01a1i s\u00e1ng v\u00e0 r\u1ea1ng r\u1ee1 h\u01a1n.<\/p>\n<p>\u2022 C\u00e2n b\u1eb1ng b\u00e0i ti\u1ebft d\u1ea7u nh\u1eddn, gi\u00fap ki\u1ec3m so\u00e1t b\u00e3 nh\u1eddn d\u01b0 th\u1eeba v\u00e0 l\u00e0m da tr\u1edf n\u00ean m\u1ec1m m\u1ea1i, kh\u00f4ng b\u00f3ng nh\u1eddn.<\/p>\n<p>\u2022 C\u1ea3i thi\u1ec7n m\u00e0u da kh\u00f4ng \u0111\u1ec1u, \u0111\u1ed3ng th\u1eddi gi\u00fap \u0111\u1ec1u m\u00e0u da v\u00e0 gi\u1ea3m thi\u1ec3u c\u00e1c v\u1ebft th\u00e2m v\u00e0 n\u00e1m.<\/p>\n<p>&nbsp;<\/p>\n<p>Serum s\u1eed d\u1ee5ng h\u1ec7 b\u1ea3o qu\u1ea3n t\u1ef1 nhi\u00ean<\/p>\n<p>&nbsp;<\/p>\n<p>\u2022 Phenethyl Alcohol \u2013 Chi\u1ebft xu\u1ea5t t\u1eeb Hoa h\u1ed3ng v\u00e0 Hoa C\u1ea9m Ch\u01b0\u1edbng.<\/p>\n<p>\u2022 Caprylhydroxamic Acid \u2013 Chi\u1ebft xu\u1ea5t t\u1eeb D\u1eeba.<\/p>\n<p>Hai h\u1ee3p ch\u1ea5t v\u1edbi ngu\u1ed3n g\u1ed1c t\u1eeb thi\u00ean nhi\u00ean c\u00f3 kh\u1ea3 n\u0103ng \u1ee9c ch\u1ebf s\u1ef1 ph\u00e1t tri\u1ec3n c\u1ee7a vi khu\u1ea9n v\u00e0 vi sinh v\u1eadt kh\u00e1c gi\u00fap b\u1ea3o qu\u1ea3n s\u1ea3n ph\u1ea9m hi\u1ec7u qu\u1ea3 m\u00e0 kh\u00f4ng g\u00e2y k\u00edch \u1ee9ng da, kh\u00f4ng \u1ea3nh h\u01b0\u1edfng \u0111\u1ebfn s\u1ee9c kh\u1ecfe c\u1ee7a ng\u01b0\u1eddi s\u1eed d\u1ee5ng.<\/p>\n<\/div>\n<\/div>\n<p><span class=\"items-center xemthanhphanchitiet n mt-1 text-sm font-bold cursor-pointer lg:flex\" data-v-23023fea=\"\">Xem th\u00e0nh ph\u1ea7n chi ti\u1ebft<\/span><\/p>\n<\/div>\n<\/div>\n<\/div>\n<\/div>\n<\/div>\n<div class=\"border-b border-secondary-light3 lg:border-0\" data-v-3a2e2332=\"\">\n<div class=\"hrvproduct-tabs\"><\/div>\n<div class=\"inforange\">\n<div data-v-36134904=\"\">\n<div id=\"113\" class=\"flex hasvideox flex-col w-full bg-opacity-25 lg:flex-row bg-secondary-light3\" data-v-6a3742cd=\"\" data-v-3a2e2332=\"\">\n<div class=\"w-full lg:w-1\/2 max-h-72\" data-v-6a3742cd=\"\"><img decoding=\"async\" src=\"https:\/\/file.hstatic.net\/200000834019\/file\/vita_c_56a9c3c3189f4cacb0a5397a80d6efaa.png\" \/><\/div>\n<div class=\"flex flex-col w-full px-2 py-3 usage lg:w-1\/2 lg:py-5 2xl:py-12 lg:overflow-y-auto lg:max-h-72\" data-v-6a3742cd=\"\">\n<p>&nbsp;<\/p>\n<table border=\"1\">\n<tbody>\n<tr>\n<td>Ti\u00eau ch\u00ed &#8220;13 kh\u00f4ng&#8221; xuy\u00ean su\u1ed1t trong h\u1ec7 s\u1ea3n ph\u1ea9m<\/p>\n<p>&nbsp;<\/p>\n<p><strong>KH\u00d4NG CH\u1ee8A<\/strong><\/p>\n<p>\u2022 D\u1ea7u kho\u00e1ng H\u01b0\u01a1ng li\u1ec7u t\u1ed1ng h\u1ee3p Ch\u1ea5t t\u1ea1o m\u00e0u ho\u00e1 h\u1ecdc.<\/p>\n<p>\u2022 Nguy\u00ean li\u1ec7u c\u00f3 ngu\u1ed3n g\u1ed1c t\u1eeb \u0111\u1ed9ng v\u1eadt.<\/p>\n<p>\u2022 Ch\u1ea5t l\u00e0m s\u1ea1ch g\u1ed1c Sulfates: SLS, SLES.<\/p>\n<p>\u2022 MEA\/DEA\/TEA<\/p>\n<p>\u2022 Phthalates<\/p>\n<p>\u2022 Ch\u1ea5t b\u1ea3o qu\u1ea3n t\u1ed5ng h\u1ee3p (Paraben, Phenoxyethanol\u2026)<\/p>\n<p>\u2022 Kh\u00f4ng ch\u1ee9a c\u1ed3n.<\/p>\n<p>\u2022 Silicone<\/p>\n<p>\u2022 S\u1eed d\u1ee5ng c\u00e1c ch\u1ea5t t\u1ea1o \u0111\u1eb7c\/nh\u0169 ho\u00e1 t\u1ed5ng h\u1ee3p (Carbomer, Polymer, Glyceryl Stearate, Cetearyl Alcohol).<\/p>\n<p>\u2022 EDTA<\/td>\n<\/tr>\n<\/tbody>\n<\/table>\n<p>&nbsp;<\/p>\n<\/div>\n<\/div>\n<\/div>\n<\/div>\n<div class=\"inforange\">\n<div data-v-36134904=\"\">\n<div id=\"113\" class=\"flex hasvideox revever flex-col w-full bg-opacity-25 lg:flex-row bg-secondary-light3\" data-v-6a3742cd=\"\" data-v-3a2e2332=\"\">\n<div class=\"w-full lg:w-1\/2 max-h-72\" data-v-6a3742cd=\"\"><img decoding=\"async\" src=\"https:\/\/file.hstatic.net\/200000834019\/file\/hdsd_chai_treatment_09939909c93846558de3c26f2814e24d.jpg\" \/><\/div>\n<div class=\"flex flex-col w-full px-2 py-3 usage lg:w-1\/2 lg:py-5 2xl:py-12 lg:overflow-y-auto lg:max-h-72\" data-v-6a3742cd=\"\">\n<p>&nbsp;<\/p>\n<table border=\"1\">\n<tbody>\n<tr>\n<td>H\u01b0\u1edbng d\u1eabn s\u1eed d\u1ee5ng<\/p>\n<p>&nbsp;<\/p>\n<p>\u00bb L\u00e0m s\u1ea1ch da m\u1eb7t b\u1eb1ng s\u1eefa r\u1eeda m\u1eb7t d\u1ecbu nh\u1eb9, ph\u00f9 h\u1ee3p v\u1edbi lo\u1ea1i da c\u1ee7a b\u1ea1n. Lau kh\u00f4 m\u1eb7t.<\/p>\n<p>\u00bb Thoa m\u1ed9t l\u01b0\u1ee3ng nh\u1ecf tinh ch\u1ea5t l\u00ean m\u1eb7t, thoa \u0111\u1ec1u kh\u1eafp m\u1eb7t, sau \u0111\u00f3 v\u1ed7 nh\u1eb9 l\u00ean da cho \u0111\u1ebfn khi tinh ch\u1ea5t \u0111\u01b0\u1ee3c h\u1ea5p th\u1ee5 t\u1ed1t.<\/p>\n<p>\u00bb\u00a0S\u1eed d\u1ee5ng c\u00f9ng c\u00e1c lo\u1ea1i s\u1ea3n ph\u1ea9m d\u01b0\u1ee1ng \u1ea9m Skinsolve kh\u00e1c \u0111\u1ec3 c\u00f3 k\u1ebft qu\u1ea3 t\u1ed1i \u01b0u.<\/p>\n<p>&nbsp;<\/p>\n<hr \/>\n<p>&nbsp;<\/p>\n<p>Ch\u00fa \u00fd s\u1eed d\u1ee5ng<\/p>\n<p>\u2a2f Kh\u00f4ng b\u00f4i v\u00e0o v\u1ebft th\u01b0\u01a1ng h\u1edf, kh\u00f4ng s\u1eed d\u1ee5ng khi d\u1ecb \u1ee9ng\/ k\u00edch \u1ee9ng v\u1edbi c\u00e1c th\u00e0nh ph\u1ea7n c\u1ee7a s\u1ea3n ph\u1ea9m.<\/p>\n<p>&nbsp;<\/p>\n<hr \/>\n<p>&nbsp;<\/p>\n<p>H\u1ea1n s\u1eed d\u1ee5ng<\/p>\n<p>\u00bb 18 th\u00e1ng k\u1ec3 t\u1eeb ng\u00e0y s\u1ea3n xu\u1ea5t.<\/p>\n<p>\u00bb 08 th\u00e1ng k\u1ec3 t\u1eeb khi m\u1edf n\u1eafp.<\/td>\n<\/tr>\n<\/tbody>\n<\/table>\n<\/div>\n<\/div>\n<\/div>\n<\/div>\n<\/div>\n","protected":false},"excerpt":{"rendered":"<div class=\"desc0 text-sm lg:text-base mt-8px lg:mt-1.5 product-description text-typo-heading\">\n<p>Ethyl Ascorbic Acid, m\u1ed9t bi\u1ebfn th\u1ec3 \u1ed5n \u0111\u1ecbnh c\u1ee7a Vitamin C, c\u00f3 kh\u1ea3 n\u0103ng th\u1ea9m th\u1ea5u v\u01b0\u1ee3t tr\u1ed9i v\u00e0 cung c\u1ea5p nh\u1eefng l\u1ee3i \u00edch to l\u1edbn cho l\u00e0n da. V\u1edbi n\u1ed3ng \u0111\u1ed9 22%, EAA tr\u1edf th\u00e0nh m\u1ed9t tr\u1ee3 th\u1ee7 l\u00e0m s\u00e1ng da, ch\u1ed1ng Oxy h\u00f3a m\u1ea1nh m\u1ebd, duy tr\u00ec m\u1ea1ng l\u01b0\u1edbi Collagen, gi\u00fap b\u1ea3o v\u1ec7 da kh\u1ecfi t\u00e1c \u0111\u1ed9ng c\u1ee7a tia UV, \u00f4 nhi\u1ec5m m\u00f4i tr\u01b0\u1eddng v\u00e0 t\u00e1c nh\u00e2n g\u00e2y h\u1ea1i kh\u00e1c. S\u1ea3n ph\u1ea9m c\u00f2n \u0111\u01b0\u1ee3c b\u1ed5 sung th\u00eam c\u00e1c ho\u1ea1t ch\u1ea5t gi\u00fap cung c\u1ea5p d\u01b0\u1ee1ng ch\u1ea5t, \u0111\u1ed9 \u1ea9m nh\u01b0 chi\u1ebft xu\u1ea5t T\u1ea3o Bi\u1ec3n, Sodium Hyaluronate, Allantoin, \u2026 gi\u00fap h\u1ed7 tr\u1ee3 d\u01b0\u1ee1ng da v\u00e0 g\u00f3p ph\u1ea7n t\u0103ng kh\u1ea3 n\u0103ng ch\u1ed1ng Oxy h\u00f3a, gi\u00fap b\u1ea3o v\u1ec7 da to\u00e0n di\u1ec7n h\u01a1n.<\/p>\n<p>&nbsp;<\/p>\n<\/div>\n<div class=\"desc2 flex flex-col\" data-v-95dfa95a=\"\">\n<div class=\"contentinfo3\">\n<p>&nbsp;<\/p>\n<p>&nbsp;<\/p>\n<hr \/>\n<p>&nbsp;<\/p>\n<p>\u0110\u1eb7c \u0111i\u1ec3m s\u1ea3n ph\u1ea9m<br \/>\n\u2713\u00a0An to\u00e0n cho l\u00e0n da nh\u1ea1y c\u1ea3m hay d\u1ec5 b\u1ecb k\u00edch \u1ee9ng.<br \/>\n\u2713 K\u1ebft c\u1ea5u l\u1ecfng v\u1edbi c\u00f4ng th\u1ee9c nh\u1eb9 nh\u00e0ng, d\u1ec5 ch\u1ecbu v\u00e0 tho\u1ea3i m\u00e1i khi d\u00f9ng.<br \/>\n\u2713 An to\u00e0n v\u1edbi m\u1eb9 b\u1ea7u, cho con b\u00fa v\u00e0 tr\u1ebb d\u1eady th\u00ec.<\/p>\n<\/div>\n<\/div>\n","protected":false},"featured_media":470,"comment_status":"open","ping_status":"closed","template":"","meta":{"site-sidebar-layout":"default","site-content-layout":"","ast-site-content-layout":"default","site-content-style":"default","site-sidebar-style":"default","ast-global-header-display":"","ast-banner-title-visibility":"","ast-main-header-display":"","ast-hfb-above-header-display":"","ast-hfb-below-header-display":"","ast-hfb-mobile-header-display":"","site-post-title":"","ast-breadcrumbs-content":"","ast-featured-img":"","footer-sml-layout":"","theme-transparent-header-meta":"default","adv-header-id-meta":"","stick-header-meta":"","header-above-stick-meta":"","header-main-stick-meta":"","header-below-stick-meta":"","astra-migrate-meta-layouts":"set","ast-page-background-enabled":"default","ast-page-background-meta":{"desktop":{"background-color":"var(--ast-global-color-5)","background-image":"","background-repeat":"repeat","background-position":"center center","background-size":"auto","background-attachment":"scroll","background-type":"","background-media":"","overlay-type":"","overlay-color":"","overlay-opacity":"","overlay-gradient":""},"tablet":{"background-color":"","background-image":"","background-repeat":"repeat","background-position":"center center","background-size":"auto","background-attachment":"scroll","background-type":"","background-media":"","overlay-type":"","overlay-color":"","overlay-opacity":"","overlay-gradient":""},"mobile":{"background-color":"","background-image":"","background-repeat":"repeat","background-position":"center center","background-size":"auto","background-attachment":"scroll","background-type":"","background-media":"","overlay-type":"","overlay-color":"","overlay-opacity":"","overlay-gradient":""}},"ast-content-background-meta":{"desktop":{"background-color":"var(--ast-global-color-4)","background-image":"","background-repeat":"repeat","background-position":"center center","background-size":"auto","background-attachment":"scroll","background-type":"","background-media":"","overlay-type":"","overlay-color":"","overlay-opacity":"","overlay-gradient":""},"tablet":{"background-color":"var(--ast-global-color-4)","background-image":"","background-repeat":"repeat","background-position":"center center","background-size":"auto","background-attachment":"scroll","background-type":"","background-media":"","overlay-type":"","overlay-color":"","overlay-opacity":"","overlay-gradient":""},"mobile":{"background-color":"var(--ast-global-color-4)","background-image":"","background-repeat":"repeat","background-position":"center center","background-size":"auto","background-attachment":"scroll","background-type":"","background-media":"","overlay-type":"","overlay-color":"","overlay-opacity":"","overlay-gradient":""}}},"product_brand":[],"product_cat":[18,24,19,17,21],"product_tag":[],"class_list":{"0":"post-354","1":"product","2":"type-product","3":"status-publish","4":"has-post-thumbnail","6":"product_cat-cham-soc-da-mat","7":"product_cat-chong-lao-hoa","8":"product_cat-duong-da","9":"product_cat-my-pham","10":"product_cat-skinsolve","11":"desktop-align-left","12":"tablet-align-left","13":"mobile-align-left","15":"first","16":"instock","17":"taxable","18":"shipping-taxable","19":"purchasable","20":"product-type-simple"},"_links":{"self":[{"href":"https:\/\/omewa.online\/index.php\/wp-json\/wp\/v2\/product\/354","targetHints":{"allow":["GET"]}}],"collection":[{"href":"https:\/\/omewa.online\/index.php\/wp-json\/wp\/v2\/product"}],"about":[{"href":"https:\/\/omewa.online\/index.php\/wp-json\/wp\/v2\/types\/product"}],"replies":[{"embeddable":true,"href":"https:\/\/omewa.online\/index.php\/wp-json\/wp\/v2\/comments?post=354"}],"wp:featuredmedia":[{"embeddable":true,"href":"https:\/\/omewa.online\/index.php\/wp-json\/wp\/v2\/media\/470"}],"wp:attachment":[{"href":"https:\/\/omewa.online\/index.php\/wp-json\/wp\/v2\/media?parent=354"}],"wp:term":[{"taxonomy":"product_brand","embeddable":true,"href":"https:\/\/omewa.online\/index.php\/wp-json\/wp\/v2\/product_brand?post=354"},{"taxonomy":"product_cat","embeddable":true,"href":"https:\/\/omewa.online\/index.php\/wp-json\/wp\/v2\/product_cat?post=354"},{"taxonomy":"product_tag","embeddable":true,"href":"https:\/\/omewa.online\/index.php\/wp-json\/wp\/v2\/product_tag?post=354"}],"curies":[{"name":"wp","href":"https:\/\/api.w.org\/{rel}","templated":true}]}}