{"id":351,"date":"2025-11-01T18:09:40","date_gmt":"2025-11-01T18:09:40","guid":{"rendered":"https:\/\/omewa.online\/?post_type=product&#038;p=351"},"modified":"2026-03-19T14:04:32","modified_gmt":"2026-03-19T14:04:32","slug":"dung-dich-duong-da-bha-2","status":"publish","type":"product","link":"https:\/\/omewa.online\/index.php\/product\/dung-dich-duong-da-bha-2\/","title":{"rendered":"Dung D\u1ecbch D\u01b0\u1ee1ng Da BHA 2%"},"content":{"rendered":"<div class=\"flex flex-col w-full lg:flex-row\" data-v-3a2e2332=\"\">\n<h2 data-start=\"398\" data-end=\"437\">\ud83c\udf3f DUNG D\u1ecaCH CH\u0102M S\u00d3C DA CH\u1ee8A BHA 2%<\/h2>\n<h3 data-start=\"439\" data-end=\"460\">\ud83d\udcdd M\u00f4 t\u1ea3 s\u1ea3n ph\u1ea9m<\/h3>\n<p data-start=\"461\" data-end=\"619\">Dung d\u1ecbch d\u1ea1ng l\u1ecfng, trong su\u1ed1t, k\u1ebft c\u1ea5u nh\u1eb9, d\u1ec5 th\u1ea9m th\u1ea5u.<br data-start=\"520\" data-end=\"523\" \/>Khi thoa l\u00ean da mang l\u1ea1i c\u1ea3m gi\u00e1c m\u00e1t, kh\u00f4ng nh\u1eddn r\u00edt, ph\u00f9 h\u1ee3p cho chu tr\u00ecnh d\u01b0\u1ee1ng da h\u1eb1ng ng\u00e0y.<\/p>\n<hr data-start=\"621\" data-end=\"624\" \/>\n<h3 data-start=\"626\" data-end=\"649\">\ud83c\udf38 Th\u00e0nh ph\u1ea7n ch\u00ednh<\/h3>\n<ul data-start=\"651\" data-end=\"1092\">\n<li data-start=\"651\" data-end=\"789\">\n<p data-start=\"653\" data-end=\"789\"><strong data-start=\"653\" data-end=\"676\">Salicylic Acid (2%)<\/strong><br data-start=\"676\" data-end=\"679\" \/>L\u00e0 m\u1ed9t th\u00e0nh ph\u1ea7n ph\u1ed5 bi\u1ebfn trong c\u00e1c s\u1ea3n ph\u1ea9m ch\u0103m s\u00f3c da, \u0111\u01b0\u1ee3c \u01b0a chu\u1ed9ng nh\u1edd kh\u1ea3 n\u0103ng d\u1ec5 h\u00f2a tan trong d\u1ea7u.<\/p>\n<\/li>\n<li data-start=\"791\" data-end=\"876\">\n<p data-start=\"793\" data-end=\"876\"><strong data-start=\"793\" data-end=\"821\">Niacinamide (Vitamin B3)<\/strong><br data-start=\"821\" data-end=\"824\" \/>\u0110\u01b0\u1ee3c s\u1eed d\u1ee5ng r\u1ed9ng r\u00e3i trong c\u00e1c s\u1ea3n ph\u1ea9m d\u01b0\u1ee1ng da.<\/p>\n<\/li>\n<li data-start=\"878\" data-end=\"955\">\n<p data-start=\"880\" data-end=\"955\"><strong data-start=\"880\" data-end=\"916\">Chi\u1ebft xu\u1ea5t c\u00e2y Ph\u1ec9 (Witch Hazel)<\/strong><br data-start=\"916\" data-end=\"919\" \/>Mang l\u1ea1i c\u1ea3m gi\u00e1c d\u1ec5 ch\u1ecbu tr\u00ean da.<\/p>\n<\/li>\n<li data-start=\"957\" data-end=\"1092\">\n<p data-start=\"959\" data-end=\"1092\"><strong data-start=\"959\" data-end=\"985\">Panthenol (Vitamin B5)<\/strong> &amp; <strong data-start=\"988\" data-end=\"1010\">Acetyl Glucosamine<\/strong><br data-start=\"1010\" data-end=\"1013\" \/>Th\u01b0\u1eddng \u0111\u01b0\u1ee3c t\u00ecm th\u1ea5y trong c\u00e1c c\u00f4ng th\u1ee9c d\u01b0\u1ee1ng nh\u1eb1m duy tr\u00ec c\u1ea3m gi\u00e1c \u1ea9m m\u01b0\u1ee3t<\/p>\n<\/li>\n<\/ul>\n<hr data-start=\"1452\" data-end=\"1455\" \/>\n<h3 data-start=\"1457\" data-end=\"1481\">\ud83d\udcd6 H\u01b0\u1edbng d\u1eabn s\u1eed d\u1ee5ng<\/h3>\n<ul data-start=\"1483\" data-end=\"1667\">\n<li data-start=\"1483\" data-end=\"1561\">\n<p data-start=\"1485\" data-end=\"1561\">Sau b\u01b0\u1edbc toner, nh\u1ecf v\u00e0i gi\u1ecdt s\u1ea3n ph\u1ea9m l\u00ean tay ho\u1eb7c b\u00f4ng v\u00e0 thoa nh\u1eb9 nh\u00e0ng.<\/p>\n<\/li>\n<li data-start=\"1562\" data-end=\"1586\">\n<p data-start=\"1564\" data-end=\"1586\">Tr\u00e1nh v\u00f9ng m\u1eaft, m\u00f4i.<\/p>\n<\/li>\n<li data-start=\"1587\" data-end=\"1627\">\n<p data-start=\"1589\" data-end=\"1627\">D\u00f9ng v\u00e0o bu\u1ed5i t\u1ed1i ho\u1eb7c theo nhu c\u1ea7u.<\/p>\n<\/li>\n<li data-start=\"1628\" data-end=\"1667\">\n<p data-start=\"1630\" data-end=\"1667\">Ban ng\u00e0y n\u00ean d\u00f9ng th\u00eam kem b\u1ea3o v\u1ec7 da.<\/p>\n<\/li>\n<\/ul>\n<hr data-start=\"1669\" data-end=\"1672\" \/>\n<h3 data-start=\"1674\" data-end=\"1689\">\ud83d\udd14 B\u1ea3o qu\u1ea3n<\/h3>\n<ul data-start=\"1691\" data-end=\"1751\">\n<li data-start=\"1691\" data-end=\"1716\">\n<p data-start=\"1693\" data-end=\"1716\">\u0110\u1eady k\u00edn sau khi d\u00f9ng.<\/p>\n<\/li>\n<li data-start=\"1717\" data-end=\"1751\">\n<p data-start=\"1719\" data-end=\"1751\">\u0110\u1eb7t n\u01a1i kh\u00f4 m\u00e1t, tr\u00e1nh \u00e1nh n\u1eafng.<\/p>\n<\/li>\n<\/ul>\n<hr data-start=\"1753\" data-end=\"1756\" \/>\n<h3 data-start=\"1758\" data-end=\"1775\">\u23f3 H\u1ea1n s\u1eed d\u1ee5ng<\/h3>\n<ul data-start=\"1777\" data-end=\"1826\">\n<li data-start=\"1777\" data-end=\"1800\">\n<p data-start=\"1779\" data-end=\"1800\">18 th\u00e1ng k\u1ec3 t\u1eeb NSX.<\/p>\n<\/li>\n<li data-start=\"1801\" data-end=\"1826\">\n<p data-start=\"1803\" data-end=\"1826\">8 th\u00e1ng sau khi m\u1edf n\u1eafp.<\/p>\n<\/li>\n<\/ul>\n<\/div>\n","protected":false},"excerpt":{"rendered":"<div class=\"desc0 text-sm lg:text-base mt-8px lg:mt-1.5 product-description text-typo-heading\">\n<p>S\u1ea3n ph\u1ea9m v\u1edbi c\u00f4ng th\u1ee9c k\u1ebft h\u1ee3p <strong data-start=\"483\" data-end=\"506\">Salicylic Acid (2%)<\/strong>, <strong data-start=\"508\" data-end=\"523\">Niacinamide<\/strong>, <strong data-start=\"525\" data-end=\"547\">chi\u1ebft xu\u1ea5t c\u00e2y Ph\u1ec9<\/strong>, <strong data-start=\"549\" data-end=\"562\">Panthenol<\/strong>, c\u00f9ng c\u00e1c th\u00e0nh ph\u1ea7n h\u1ed7 tr\u1ee3 d\u01b0\u1ee1ng \u1ea9m v\u00e0 ch\u0103m s\u00f3c da.<br data-start=\"615\" data-end=\"618\" \/>K\u1ebft c\u1ea5u l\u1ecfng nh\u1eb9, d\u1ec5 th\u1ea5m, kh\u00f4ng g\u00e2y c\u1ea3m gi\u00e1c n\u1eb7ng m\u1eb7t.<\/p>\n<\/div>\n","protected":false},"featured_media":449,"comment_status":"open","ping_status":"closed","template":"","meta":{"site-sidebar-layout":"default","site-content-layout":"","ast-site-content-layout":"default","site-content-style":"default","site-sidebar-style":"default","ast-global-header-display":"","ast-banner-title-visibility":"","ast-main-header-display":"","ast-hfb-above-header-display":"","ast-hfb-below-header-display":"","ast-hfb-mobile-header-display":"","site-post-title":"","ast-breadcrumbs-content":"","ast-featured-img":"","footer-sml-layout":"","theme-transparent-header-meta":"","adv-header-id-meta":"","stick-header-meta":"","header-above-stick-meta":"","header-main-stick-meta":"","header-below-stick-meta":"","astra-migrate-meta-layouts":"default","ast-page-background-enabled":"default","ast-page-background-meta":{"desktop":{"background-color":"var(--ast-global-color-5)","background-image":"","background-repeat":"repeat","background-position":"center center","background-size":"auto","background-attachment":"scroll","background-type":"","background-media":"","overlay-type":"","overlay-color":"","overlay-opacity":"","overlay-gradient":""},"tablet":{"background-color":"","background-image":"","background-repeat":"repeat","background-position":"center center","background-size":"auto","background-attachment":"scroll","background-type":"","background-media":"","overlay-type":"","overlay-color":"","overlay-opacity":"","overlay-gradient":""},"mobile":{"background-color":"","background-image":"","background-repeat":"repeat","background-position":"center center","background-size":"auto","background-attachment":"scroll","background-type":"","background-media":"","overlay-type":"","overlay-color":"","overlay-opacity":"","overlay-gradient":""}},"ast-content-background-meta":{"desktop":{"background-color":"var(--ast-global-color-4)","background-image":"","background-repeat":"repeat","background-position":"center center","background-size":"auto","background-attachment":"scroll","background-type":"","background-media":"","overlay-type":"","overlay-color":"","overlay-opacity":"","overlay-gradient":""},"tablet":{"background-color":"var(--ast-global-color-4)","background-image":"","background-repeat":"repeat","background-position":"center center","background-size":"auto","background-attachment":"scroll","background-type":"","background-media":"","overlay-type":"","overlay-color":"","overlay-opacity":"","overlay-gradient":""},"mobile":{"background-color":"var(--ast-global-color-4)","background-image":"","background-repeat":"repeat","background-position":"center center","background-size":"auto","background-attachment":"scroll","background-type":"","background-media":"","overlay-type":"","overlay-color":"","overlay-opacity":"","overlay-gradient":""}}},"product_brand":[],"product_cat":[18,17,25,21],"product_tag":[28],"class_list":{"0":"post-351","1":"product","2":"type-product","3":"status-publish","4":"has-post-thumbnail","6":"product_cat-cham-soc-da-mat","7":"product_cat-my-pham","8":"product_cat-san-pham-tri-mun","9":"product_cat-skinsolve","10":"product_tag-bha-2","11":"desktop-align-left","12":"tablet-align-left","13":"mobile-align-left","15":"first","16":"instock","17":"taxable","18":"shipping-taxable","19":"purchasable","20":"product-type-simple"},"_links":{"self":[{"href":"https:\/\/omewa.online\/index.php\/wp-json\/wp\/v2\/product\/351","targetHints":{"allow":["GET"]}}],"collection":[{"href":"https:\/\/omewa.online\/index.php\/wp-json\/wp\/v2\/product"}],"about":[{"href":"https:\/\/omewa.online\/index.php\/wp-json\/wp\/v2\/types\/product"}],"replies":[{"embeddable":true,"href":"https:\/\/omewa.online\/index.php\/wp-json\/wp\/v2\/comments?post=351"}],"wp:featuredmedia":[{"embeddable":true,"href":"https:\/\/omewa.online\/index.php\/wp-json\/wp\/v2\/media\/449"}],"wp:attachment":[{"href":"https:\/\/omewa.online\/index.php\/wp-json\/wp\/v2\/media?parent=351"}],"wp:term":[{"taxonomy":"product_brand","embeddable":true,"href":"https:\/\/omewa.online\/index.php\/wp-json\/wp\/v2\/product_brand?post=351"},{"taxonomy":"product_cat","embeddable":true,"href":"https:\/\/omewa.online\/index.php\/wp-json\/wp\/v2\/product_cat?post=351"},{"taxonomy":"product_tag","embeddable":true,"href":"https:\/\/omewa.online\/index.php\/wp-json\/wp\/v2\/product_tag?post=351"}],"curies":[{"name":"wp","href":"https:\/\/api.w.org\/{rel}","templated":true}]}}